{"id":2768,"date":"2026-03-30T14:52:31","date_gmt":"2026-03-30T14:52:31","guid":{"rendered":"https:\/\/www.elementlogic.net\/pl\/?page_id=2768"},"modified":"2026-03-30T14:52:31","modified_gmt":"2026-03-30T14:52:31","slug":"moda-i-odziez","status":"publish","type":"page","link":"https:\/\/www.elementlogic.net\/pl\/branze\/moda-i-odziez\/","title":{"rendered":"Moda i odzie\u017c"},"content":{"rendered":"\n\t\t<div style=\"--dekode-hero-dim:0.5; --t2-icon-fill:var(--wp--preset--color--white);\" class=\"alignfull dekode-hero-content-position-center has-media-background wp-block-dekode-hero has-text-color has-white-color\">\n\t\t\t<img loading=\"lazy\" decoding=\"async\" width=\"1024\" height=\"1024\" src=\"https:\/\/www.elementlogic.net\/content\/uploads\/sites\/22\/2026\/02\/Fashion-1.png\" class=\"dekode-hero__image\" alt=\"\" style=\"--focalpoint: 66% 37%;\" srcset=\"https:\/\/www.elementlogic.net\/content\/uploads\/sites\/22\/2026\/02\/Fashion-1.png 1024w, https:\/\/www.elementlogic.net\/content\/uploads\/sites\/22\/2026\/02\/Fashion-1-300x300.png 300w, https:\/\/www.elementlogic.net\/content\/uploads\/sites\/22\/2026\/02\/Fashion-1-150x150.png 150w, https:\/\/www.elementlogic.net\/content\/uploads\/sites\/22\/2026\/02\/Fashion-1-768x768.png 768w\" sizes=\"(max-width: 1024px) 100vw, 1024px\" \/>\n\t\t\t<div class=\"dekode-hero__content\">\n\t\t\t\t<div class=\"dekode-hero__container\">\n\t\t\t\t\t\n\n<p><\/p>\n\n\n\n<h1 class=\"wp-block-heading\" id=\"h-branza-modowa-i-odziezowa\">Bran\u017ca modowa i odzie\u017cowa<\/h1>\n\n\n<p class=\"t2-ingress wp-block-t2-ingress\">\u0141a\u0144cuch dostaw dopasowany do trend\u00f3w rynku mody<\/p>\n\n\n<div class=\"wp-block-buttons is-layout-flex wp-block-buttons-is-layout-flex\">\n<div class=\"wp-block-button hs-cta-trigger-button hs-cta-trigger-button-195241208906 has-icon has-icon-theme_arrow\"><a class=\"wp-block-button__link wp-element-button\" href=\"https:\/\/www.elementlogic.net\/pl\/kontakt\/\">Skontaktuj si\u0119 z nami<svg xmlns=\"http:\/\/www.w3.org\/2000\/svg\" viewBox=\"0 0 24 24\" height=\"24\" width=\"24\" class=\"t2-icon t2-icon-theme_arrow\" aria-hidden=\"true\" focusable=\"false\"><path d=\"M16.627 12.75H5.25C5.03717 12.75 4.859 12.6782 4.7155 12.5345C4.57183 12.391 4.5 12.2128 4.5 12C4.5 11.7872 4.57183 11.609 4.7155 11.4655C4.859 11.3218 5.03717 11.25 5.25 11.25H16.627L11.4577 6.08076C11.3091 5.93209 11.2357 5.75809 11.2375 5.55876C11.2395 5.35942 11.318 5.18217 11.473 5.02701C11.6282 4.88217 11.8038 4.80717 12 4.80201C12.1962 4.79684 12.3718 4.87184 12.527 5.02701L18.8673 11.3673C18.9609 11.4609 19.0269 11.5597 19.0652 11.6635C19.1037 11.7673 19.123 11.8795 19.123 12C19.123 12.1205 19.1037 12.2327 19.0652 12.3365C19.0269 12.4403 18.9609 12.5391 18.8673 12.6328L12.527 18.973C12.3885 19.1115 12.217 19.1823 12.0125 19.1855C11.808 19.1887 11.6282 19.1178 11.473 18.973C11.318 18.8178 11.2405 18.6397 11.2405 18.4385C11.2405 18.2372 11.318 18.0589 11.473 17.9038L16.627 12.75Z\" fill=\"var(--t2-icon-fill, #000)\"\/><\/svg><\/a><\/div>\n<\/div>\n\n\n\t\t\t\t<\/div>\n\t\t\t<\/div>\n\t\t<\/div>\n\t\t\n\n<p class=\"t2-ingress wp-block-t2-ingress\">Od kolekcji sezonowych po sprzeda\u017ce b\u0142yskawiczne i zwroty \u2013 moda porusza si\u0119 w tempie wyznaczanym przez kultur\u0119. Element Logic wspiera marki odzie\u017cowe, zapewniaj\u0105c automatyzacj\u0119 zaprojektowan\u0105 z my\u015bl\u0105 o szybko\u015bci, elastyczno\u015bci i precyzji operacyjnej.<\/p>\n\n\n<p><\/p>\n\n\n\n<p>Dzi\u0119ki ponad 40-letniemu do\u015bwiadczeniu w intralogistyce pomagamy firmom z bran\u017cy fashion ogranicza\u0107 koszty, zwi\u0119ksza\u0107 dok\u0142adno\u015b\u0107 proces\u00f3w oraz skalowa\u0107 dzia\u0142alno\u015b\u0107 w spos\u00f3b kontrolowany i bezpieczny.<\/p>\n\n\n\n<div class=\"wp-block-group has-global-padding is-layout-constrained wp-block-group-is-layout-constrained\">\n<h2 class=\"wp-block-heading wp-container-content-1\" id=\"h-wyzwania-marek-modowych-i-odziezowych\">Wyzwania marek modowych i odzie\u017cowych<\/h2>\n\n\n\n<ul class=\"wp-block-list\">\n<li>Kr\u00f3tkie cykle trend\u00f3w i cz\u0119ste wprowadzanie kolekcji sezonowych<\/li>\n\n\n\n<li>Wysoka rotacja SKU oraz dynamicznie zmieniaj\u0105ce si\u0119 asortymenty<\/li>\n\n\n\n<li>Z\u0142o\u017cone procesy zwrot\u00f3w i wymian (rozmiar, kr\u00f3j, styl)<\/li>\n\n\n\n<li>Rosn\u0105ce oczekiwania dotycz\u0105ce szybkiej realizacji zam\u00f3wie\u0144 w handlu detalicznym i e-commerce<\/li>\n\n\n\n<li>Presja na utrzymanie pe\u0142nej widoczno\u015bci stan\u00f3w magazynowych w modelu wielokana\u0142owym<\/li>\n<\/ul>\n<\/div>\n\n\n\n\t\t<div style=\"--dekode-hero-dim:0.5; --t2-icon-fill:var(--wp--preset--color--white);\" class=\"alignfull dekode-hero-content-position-center has-media-background wp-block-dekode-hero has-text-color has-white-color\">\n\t\t\t\t\t<video\n\t\t\tautoplay\n\t\t\tloop\n\t\t\tmuted\n\t\t\tplaysinline\n\t\t\tposter=\"\"\n\t\t\tsrc=\"https:\/\/www.elementlogic.net\/content\/uploads\/sites\/22\/2026\/02\/solutions-and-services-2.mp4\">\n\t\t<\/video>\n\t\t\n\t\t\t<div class=\"dekode-hero__content\">\n\t\t\t\t<div class=\"dekode-hero__container\">\n\t\t\t\t\t\n\n<h2 class=\"wp-block-heading\" id=\"h-zaufali-nam-wiodace-marki-odziezowe\">Zaufali nam wiod\u0105ce marki odzie\u017cowe<\/h2>\n\n\n\t\t\t\t<\/div>\n\t\t\t<\/div>\n\t\t<\/div>\n\t\t\n\n<div class=\"t2-featured-content-layout alignwide wp-block-t2-featured-content-layout\">\n<div class=\"t2-featured-single-post t2-featured-content is-post-type-case case_tax-artykuly-sportowe case_tax-moda-i-odziez case_tax-wysoka-przepustowosc wp-block-t2-featured-single-post\"><a class=\"t2-post-link wp-block-t2-post-link\" href=\"https:\/\/www.elementlogic.net\/pl\/cases\/polaczenie-doswiadczenia-i-szerokiej-gamy-rozwiazan-zrodlem-przewagi-konkurencyjnej-xxl\/\">\n\t<div class=\"client-logo-image-wrapper\"><img loading=\"lazy\" decoding=\"async\" width=\"300\" height=\"156\" src=\"https:\/\/www.elementlogic.net\/content\/uploads\/sites\/22\/\/2024\/09\/XXL-Logo-300x156.png\" class=\"client-logo-image\" alt=\"\" \/><\/div>\n\t<figure style=\"--t2-focal-point: 50% 50%;\" class=\"t2-post-featured-image has-image-ratio-3-2 wp-block-t2-post-featured-image\"><img loading=\"lazy\" decoding=\"async\" width=\"1063\" height=\"709\" src=\"https:\/\/www.elementlogic.net\/content\/uploads\/sites\/22\/\/2024\/09\/XXL-AutoStore-Grid-Overview.jpg\" class=\"attachment-post-thumbnail size-post-thumbnail wp-post-image\" alt=\"\" srcset=\"https:\/\/www.elementlogic.net\/content\/uploads\/sites\/22\/2024\/09\/XXL-AutoStore-Grid-Overview.jpg 1063w, https:\/\/www.elementlogic.net\/content\/uploads\/sites\/22\/2024\/09\/XXL-AutoStore-Grid-Overview-300x200.jpg 300w, https:\/\/www.elementlogic.net\/content\/uploads\/sites\/22\/2024\/09\/XXL-AutoStore-Grid-Overview-1024x683.jpg 1024w, https:\/\/www.elementlogic.net\/content\/uploads\/sites\/22\/2024\/09\/XXL-AutoStore-Grid-Overview-768x512.jpg 768w\" sizes=\"(max-width: 1063px) 100vw, 1063px\" \/><\/figure>\n\t\n<\/a>\n\n\t\t<div class=\"card-content wp-block-t2-wrapper\">\n\t<div class=\"wp-block-dekode-post-terms\"><span>Artyku\u0142y sportowe<\/span><span>Moda i odzie\u017c<\/span><span>Operacje o wysokiej przepustowo\u015bci<\/span><\/div>\n\t<h3 class=\"t2-post-title wp-block-t2-post-title\"><a href=\"https:\/\/www.elementlogic.net\/pl\/cases\/polaczenie-doswiadczenia-i-szerokiej-gamy-rozwiazan-zrodlem-przewagi-konkurencyjnej-xxl\/\" target=\"_self\" >Po\u0142\u0105czenie do\u015bwiadczenia \ni szerokiej gamy rozwi\u0105za\u0144 \u017ar\u00f3d\u0142em przewagi konkurencyjnej XXL<\/a><\/h3>\n\t<div class=\"t2-post-excerpt wp-block-t2-post-excerpt\"><p>XXL Sport og Villmark to najwi\u0119ksza i najszybciej rozwijaj\u0105ca si\u0119 sie\u0107 sklep\u00f3w sportowych w Skandynawii. Ci\u0105g\u0142y wzrost wywiera\u0142 coraz wi\u0119ksz\u0105 [&hellip;]<\/p><\/div>\n<\/div>\n<\/div>\n\n<div class=\"t2-featured-single-post t2-featured-content is-post-type-case case_tax-artykuly-sportowe case_tax-wysoka-przepustowosc case_tax-retail wp-block-t2-featured-single-post\"><a class=\"t2-post-link wp-block-t2-post-link\" href=\"https:\/\/www.elementlogic.net\/pl\/cases\/helly-hansen-rewolucjonizuje-centrum-dystrybucji-dzieki-wspolpracy-z-element-logic\/\">\n\t<div class=\"client-logo-image-wrapper\"><img loading=\"lazy\" decoding=\"async\" width=\"300\" height=\"203\" src=\"https:\/\/www.elementlogic.net\/content\/uploads\/sites\/22\/2025\/06\/helly_hansen_logo-300x203-1.png\" class=\"client-logo-image\" alt=\"\" \/><\/div>\n\t<figure style=\"--t2-focal-point: 50% 50%;\" class=\"t2-post-featured-image has-image-ratio-3-2 wp-block-t2-post-featured-image\"><img loading=\"lazy\" decoding=\"async\" width=\"2560\" height=\"1920\" src=\"https:\/\/www.elementlogic.net\/content\/uploads\/sites\/22\/\/2024\/09\/image-92.png\" class=\"attachment-post-thumbnail size-post-thumbnail wp-post-image\" alt=\"\" srcset=\"https:\/\/www.elementlogic.net\/content\/uploads\/sites\/22\/2024\/09\/image-92.png 2560w, https:\/\/www.elementlogic.net\/content\/uploads\/sites\/22\/2024\/09\/image-92-300x225.png 300w, https:\/\/www.elementlogic.net\/content\/uploads\/sites\/22\/2024\/09\/image-92-1024x768.png 1024w, https:\/\/www.elementlogic.net\/content\/uploads\/sites\/22\/2024\/09\/image-92-768x576.png 768w, https:\/\/www.elementlogic.net\/content\/uploads\/sites\/22\/2024\/09\/image-92-1536x1152.png 1536w, https:\/\/www.elementlogic.net\/content\/uploads\/sites\/22\/2024\/09\/image-92-2048x1536.png 2048w\" sizes=\"(max-width: 2560px) 100vw, 2560px\" \/><\/figure>\n\t\n<\/a>\n\n\t\t<div class=\"card-content wp-block-t2-wrapper\">\n\t<div class=\"wp-block-dekode-post-terms\"><span>Artyku\u0142y sportowe<\/span><span>Operacje o wysokiej przepustowo\u015bci<\/span><span>Retail<\/span><\/div>\n\t<h3 class=\"t2-post-title wp-block-t2-post-title\"><a href=\"https:\/\/www.elementlogic.net\/pl\/cases\/helly-hansen-rewolucjonizuje-centrum-dystrybucji-dzieki-wspolpracy-z-element-logic\/\" target=\"_self\" >Helly Hansen rewolucjonizuje centrum dystrybucji dzi\u0119ki wsp\u00f3\u0142pracy z Element Logic<\/a><\/h3>\n\t<div class=\"t2-post-excerpt wp-block-t2-post-excerpt\"><p>Wyzwanie Dynamiczna ekspansja Helly Hansen na rynku ameryka\u0144skim ujawni\u0142a kluczowe problemy zwi\u0105zane ze skalowalno\u015bci\u0105 i efektywno\u015bci\u0105. Marka potrzebowa\u0142a rozwi\u0105zania, kt\u00f3re [&hellip;]<\/p><\/div>\n<\/div>\n<\/div>\n\n<div class=\"t2-featured-single-post t2-featured-content is-post-type-case case_tax-artykuly-sportowe case_tax-ecommerce case_tax-moda-i-odziez wp-block-t2-featured-single-post\"><a class=\"t2-post-link wp-block-t2-post-link\" href=\"https:\/\/www.elementlogic.net\/pl\/cases\/getinspired\/\">\n\t<div class=\"client-logo-image-wrapper\"><img loading=\"lazy\" decoding=\"async\" width=\"300\" height=\"47\" src=\"https:\/\/www.elementlogic.net\/content\/uploads\/sites\/22\/\/2024\/09\/GetInspired-Logo-300x47.png\" class=\"client-logo-image\" alt=\"\" \/><\/div>\n\t<figure style=\"--t2-focal-point: 50% 50%;\" class=\"t2-post-featured-image has-image-ratio-3-2 wp-block-t2-post-featured-image\"><img loading=\"lazy\" decoding=\"async\" width=\"1600\" height=\"938\" src=\"https:\/\/www.elementlogic.net\/content\/uploads\/sites\/22\/\/2024\/09\/EL-getinspired-AutoStore.jpg\" class=\"attachment-post-thumbnail size-post-thumbnail wp-post-image\" alt=\"\" srcset=\"https:\/\/www.elementlogic.net\/content\/uploads\/sites\/22\/2024\/09\/EL-getinspired-AutoStore.jpg 1600w, https:\/\/www.elementlogic.net\/content\/uploads\/sites\/22\/2024\/09\/EL-getinspired-AutoStore-300x176.jpg 300w, https:\/\/www.elementlogic.net\/content\/uploads\/sites\/22\/2024\/09\/EL-getinspired-AutoStore-1024x600.jpg 1024w, https:\/\/www.elementlogic.net\/content\/uploads\/sites\/22\/2024\/09\/EL-getinspired-AutoStore-768x450.jpg 768w, https:\/\/www.elementlogic.net\/content\/uploads\/sites\/22\/2024\/09\/EL-getinspired-AutoStore-1536x900.jpg 1536w\" sizes=\"(max-width: 1600px) 100vw, 1600px\" \/><\/figure>\n\t\n<\/a>\n\n\t\t<div class=\"card-content wp-block-t2-wrapper\">\n\t<div class=\"wp-block-dekode-post-terms\"><span>Artyku\u0142y sportowe<\/span><span>E-commerce<\/span><span>Moda i odzie\u017c<\/span><\/div>\n\t<h3 class=\"t2-post-title wp-block-t2-post-title\"><a href=\"https:\/\/www.elementlogic.net\/pl\/cases\/getinspired\/\" target=\"_self\" >Zrewolucjonizowali\u015bmy ca\u0142y proces magazynowy<\/a><\/h3>\n\t<div class=\"t2-post-excerpt wp-block-t2-post-excerpt\"><p>O 50% kr\u00f3tszy czas dostawy dzi\u0119ki AutoStore Jednym z wyzwa\u0144 zwi\u0105zanych z r\u0119cznym zarz\u0105dzaniem magazynem by\u0142 odpowiednio kr\u00f3tki czas wysy\u0142ki [&hellip;]<\/p><\/div>\n<\/div>\n<\/div>\n<\/div>\n\n\n<div class=\"wp-block-buttons is-layout-flex wp-block-buttons-is-layout-flex\">\n<div class=\"wp-block-button\"><a class=\"wp-block-button__link wp-element-button\" href=\"https:\/\/www.elementlogic.net\/pl\/cases\/category\/moda-i-odziez\/\">Wi\u0119cej przyk\u0142ad\u00f3w z tej bran\u017cy<\/a><\/div>\n<\/div>\n\n\n\n<div class=\"wp-block-group alignwide has-global-padding is-layout-constrained wp-block-group-is-layout-constrained\">\n<h2 class=\"wp-block-heading wp-container-content-2\" id=\"h-dlaczego-marki-modowe-wybieraja-element-logic-nbsp\"><strong>Dlaczego marki modowe wybieraj\u0105 Element Logic<\/strong>&nbsp;<\/h2>\n\n\n\n<ul class=\"wp-block-list\">\n<li><strong>Skalowalne systemy<\/strong> dopasowane do dynamicznie zmieniaj\u0105cych si\u0119 trend\u00f3w<\/li>\n\n\n\n<li><strong>Szybki zwrot z inwestycji<\/strong> dzi\u0119ki oszcz\u0119dno\u015bciom operacyjnym i redukcji koszt\u00f3w pracy<\/li>\n\n\n\n<li><strong>Technologie <\/strong>przygotowane na <strong>przysz\u0142o\u015b\u0107<\/strong>, sprawdzone w wielu bran\u017cach<\/li>\n\n\n\n<li><strong>Globalne do\u015bwiadczenie <\/strong>wspierane przez lokalne zespo\u0142y wdro\u017ceniowe<\/li>\n<\/ul>\n<\/div>\n\n\n\n<div style=\"height:100px;width:0px\" aria-hidden=\"true\" class=\"wp-block-spacer\"><\/div>\n\n\n\n\t\t<div style=\"--dekode-hero-dim:0.6; --t2-icon-fill:var(--wp--preset--color--white);\" class=\"alignfull dekode-hero-content-position-center has-media-background wp-block-dekode-hero has-text-color has-white-color\">\n\t\t\t<img loading=\"lazy\" decoding=\"async\" width=\"1024\" height=\"1024\" src=\"https:\/\/www.elementlogic.net\/content\/uploads\/sites\/22\/2026\/02\/Retail-cinematic-1.png\" class=\"dekode-hero__image\" alt=\"\" style=\"--focalpoint: 51% 40%;\" srcset=\"https:\/\/www.elementlogic.net\/content\/uploads\/sites\/22\/2026\/02\/Retail-cinematic-1.png 1024w, https:\/\/www.elementlogic.net\/content\/uploads\/sites\/22\/2026\/02\/Retail-cinematic-1-300x300.png 300w, https:\/\/www.elementlogic.net\/content\/uploads\/sites\/22\/2026\/02\/Retail-cinematic-1-150x150.png 150w, https:\/\/www.elementlogic.net\/content\/uploads\/sites\/22\/2026\/02\/Retail-cinematic-1-768x768.png 768w\" sizes=\"(max-width: 1024px) 100vw, 1024px\" \/>\n\t\t\t<div class=\"dekode-hero__content\">\n\t\t\t\t<div class=\"dekode-hero__container\">\n\t\t\t\t\t\n\n<h1 class=\"wp-block-heading\" id=\"h-wspolnie-stworzmy-nowoczesne-centrum-realizacji-zamowien-dla-marek-modowych\">Wsp\u00f3lnie stw\u00f3rzmy nowoczesne centrum realizacji zam\u00f3wie\u0144 dla marek modowych.<\/h1>\n\n\n\n<div class=\"wp-block-buttons is-layout-flex wp-block-buttons-is-layout-flex\">\n<div class=\"wp-block-button http:\/\/hs-cta-trigger-button hs-cta-trigger-button-195241208906\"><a class=\"wp-block-button__link wp-element-button\" href=\"https:\/\/www.elementlogic.net\/pl\/kontakt\/\">Skontaktuj si\u0119 ju\u017c dzi\u015b<\/a><\/div>\n<\/div>\n\n\n\t\t\t\t<\/div>\n\t\t\t<\/div>\n\t\t<\/div>\n\t\t","protected":false},"excerpt":{"rendered":"<p>Dzi\u0119ki ponad 40-letniemu do\u015bwiadczeniu w intralogistyce pomagamy firmom z bran\u017cy fashion ogranicza\u0107 koszty, zwi\u0119ksza\u0107 dok\u0142adno\u015b\u0107 proces\u00f3w oraz skalowa\u0107 dzia\u0142alno\u015b\u0107 w [&hellip;]<\/p>\n","protected":false},"author":58,"featured_media":0,"parent":2717,"menu_order":0,"comment_status":"closed","ping_status":"closed","template":"","meta":{"hreflang_relation":0,"_el_cross_publish_source_blog_url":"","_el_cross_publish_source_blog_id":0,"_el_cross_publish_source_post_id":0,"_el_cross_publish_sync_state":"","exclude_from_search":false,"footnotes":""},"class_list":["post-2768","page","type-page","status-publish","hentry"],"yoast_head":"<!-- This site is optimized with the Yoast SEO Premium plugin v23.9 (Yoast SEO v23.9) - https:\/\/yoast.com\/wordpress\/plugins\/seo\/ -->\n<title>Moda i odzie\u017c - Element Logic Poland<\/title>\n<meta name=\"robots\" content=\"index, follow, max-snippet:-1, max-image-preview:large, max-video-preview:-1\" \/>\n<link rel=\"canonical\" href=\"https:\/\/www.elementlogic.net\/pl\/branze\/moda-i-odziez\/\" \/>\n<meta property=\"og:locale\" content=\"pl_PL\" \/>\n<meta property=\"og:type\" content=\"article\" \/>\n<meta property=\"og:title\" content=\"Moda i odzie\u017c\" \/>\n<meta property=\"og:description\" content=\"Dzi\u0119ki ponad 40-letniemu do\u015bwiadczeniu w intralogistyce pomagamy firmom z bran\u017cy fashion ogranicza\u0107 koszty, zwi\u0119ksza\u0107 dok\u0142adno\u015b\u0107 proces\u00f3w oraz skalowa\u0107 dzia\u0142alno\u015b\u0107 w [&hellip;]\" \/>\n<meta property=\"og:url\" content=\"https:\/\/www.elementlogic.net\/pl\/branze\/moda-i-odziez\/\" \/>\n<meta property=\"og:site_name\" content=\"Element Logic Poland\" \/>\n<meta name=\"twitter:card\" content=\"summary_large_image\" \/>\n<script type=\"application\/ld+json\" class=\"yoast-schema-graph\">{\"@context\":\"https:\/\/schema.org\",\"@graph\":[{\"@type\":\"WebPage\",\"@id\":\"https:\/\/www.elementlogic.net\/pl\/branze\/moda-i-odziez\/\",\"url\":\"https:\/\/www.elementlogic.net\/pl\/branze\/moda-i-odziez\/\",\"name\":\"Moda i odzie\u017c - Element Logic Poland\",\"isPartOf\":{\"@id\":\"https:\/\/www.elementlogic.net\/pl\/#website\"},\"datePublished\":\"2026-03-30T14:52:31+00:00\",\"dateModified\":\"2026-03-30T14:52:31+00:00\",\"breadcrumb\":{\"@id\":\"https:\/\/www.elementlogic.net\/pl\/branze\/moda-i-odziez\/#breadcrumb\"},\"inLanguage\":\"pl-PL\",\"potentialAction\":[{\"@type\":\"ReadAction\",\"target\":[\"https:\/\/www.elementlogic.net\/pl\/branze\/moda-i-odziez\/\"]}]},{\"@type\":\"BreadcrumbList\",\"@id\":\"https:\/\/www.elementlogic.net\/pl\/branze\/moda-i-odziez\/#breadcrumb\",\"itemListElement\":[{\"@type\":\"ListItem\",\"position\":1,\"name\":\"Bran\u017ce\",\"item\":\"https:\/\/www.elementlogic.net\/pl\/branze\/\"},{\"@type\":\"ListItem\",\"position\":2,\"name\":\"Moda i odzie\u017c\"}]},{\"@type\":\"WebSite\",\"@id\":\"https:\/\/www.elementlogic.net\/pl\/#website\",\"url\":\"https:\/\/www.elementlogic.net\/pl\/\",\"name\":\"Element Logic Poland\",\"description\":\"\",\"potentialAction\":[{\"@type\":\"SearchAction\",\"target\":{\"@type\":\"EntryPoint\",\"urlTemplate\":\"https:\/\/www.elementlogic.net\/pl\/?s={search_term_string}\"},\"query-input\":{\"@type\":\"PropertyValueSpecification\",\"valueRequired\":true,\"valueName\":\"search_term_string\"}}],\"inLanguage\":\"pl-PL\"}]}<\/script>\n<!-- \/ Yoast SEO Premium plugin. -->","yoast_head_json":{"title":"Moda i odzie\u017c - Element Logic Poland","robots":{"index":"index","follow":"follow","max-snippet":"max-snippet:-1","max-image-preview":"max-image-preview:large","max-video-preview":"max-video-preview:-1"},"canonical":"https:\/\/www.elementlogic.net\/pl\/branze\/moda-i-odziez\/","og_locale":"pl_PL","og_type":"article","og_title":"Moda i odzie\u017c","og_description":"Dzi\u0119ki ponad 40-letniemu do\u015bwiadczeniu w intralogistyce pomagamy firmom z bran\u017cy fashion ogranicza\u0107 koszty, zwi\u0119ksza\u0107 dok\u0142adno\u015b\u0107 proces\u00f3w oraz skalowa\u0107 dzia\u0142alno\u015b\u0107 w [&hellip;]","og_url":"https:\/\/www.elementlogic.net\/pl\/branze\/moda-i-odziez\/","og_site_name":"Element Logic Poland","twitter_card":"summary_large_image","schema":{"@context":"https:\/\/schema.org","@graph":[{"@type":"WebPage","@id":"https:\/\/www.elementlogic.net\/pl\/branze\/moda-i-odziez\/","url":"https:\/\/www.elementlogic.net\/pl\/branze\/moda-i-odziez\/","name":"Moda i odzie\u017c - Element Logic Poland","isPartOf":{"@id":"https:\/\/www.elementlogic.net\/pl\/#website"},"datePublished":"2026-03-30T14:52:31+00:00","dateModified":"2026-03-30T14:52:31+00:00","breadcrumb":{"@id":"https:\/\/www.elementlogic.net\/pl\/branze\/moda-i-odziez\/#breadcrumb"},"inLanguage":"pl-PL","potentialAction":[{"@type":"ReadAction","target":["https:\/\/www.elementlogic.net\/pl\/branze\/moda-i-odziez\/"]}]},{"@type":"BreadcrumbList","@id":"https:\/\/www.elementlogic.net\/pl\/branze\/moda-i-odziez\/#breadcrumb","itemListElement":[{"@type":"ListItem","position":1,"name":"Bran\u017ce","item":"https:\/\/www.elementlogic.net\/pl\/branze\/"},{"@type":"ListItem","position":2,"name":"Moda i odzie\u017c"}]},{"@type":"WebSite","@id":"https:\/\/www.elementlogic.net\/pl\/#website","url":"https:\/\/www.elementlogic.net\/pl\/","name":"Element Logic Poland","description":"","potentialAction":[{"@type":"SearchAction","target":{"@type":"EntryPoint","urlTemplate":"https:\/\/www.elementlogic.net\/pl\/?s={search_term_string}"},"query-input":{"@type":"PropertyValueSpecification","valueRequired":true,"valueName":"search_term_string"}}],"inLanguage":"pl-PL"}]}},"_links":{"self":[{"href":"https:\/\/www.elementlogic.net\/pl\/wp-json\/wp\/v2\/pages\/2768"}],"collection":[{"href":"https:\/\/www.elementlogic.net\/pl\/wp-json\/wp\/v2\/pages"}],"about":[{"href":"https:\/\/www.elementlogic.net\/pl\/wp-json\/wp\/v2\/types\/page"}],"author":[{"embeddable":true,"href":"https:\/\/www.elementlogic.net\/pl\/wp-json\/wp\/v2\/users\/58"}],"replies":[{"embeddable":true,"href":"https:\/\/www.elementlogic.net\/pl\/wp-json\/wp\/v2\/comments?post=2768"}],"version-history":[{"count":3,"href":"https:\/\/www.elementlogic.net\/pl\/wp-json\/wp\/v2\/pages\/2768\/revisions"}],"predecessor-version":[{"id":2945,"href":"https:\/\/www.elementlogic.net\/pl\/wp-json\/wp\/v2\/pages\/2768\/revisions\/2945"}],"up":[{"embeddable":true,"href":"https:\/\/www.elementlogic.net\/pl\/wp-json\/wp\/v2\/pages\/2717"}],"wp:attachment":[{"href":"https:\/\/www.elementlogic.net\/pl\/wp-json\/wp\/v2\/media?parent=2768"}],"curies":[{"name":"wp","href":"https:\/\/api.w.org\/{rel}","templated":true}]}}