{"id":2774,"date":"2026-03-31T07:05:15","date_gmt":"2026-03-31T07:05:15","guid":{"rendered":"https:\/\/www.elementlogic.net\/pl\/?page_id=2774"},"modified":"2026-03-31T07:05:16","modified_gmt":"2026-03-31T07:05:16","slug":"produkcja-i-wytwarzanie","status":"publish","type":"page","link":"https:\/\/www.elementlogic.net\/pl\/branze\/produkcja-i-wytwarzanie\/","title":{"rendered":"Produkcja i wytwarzanie"},"content":{"rendered":"\n\t\t<div style=\"--dekode-hero-dim:0.5; --t2-icon-fill:var(--wp--preset--color--white);\" class=\"alignfull dekode-hero-content-position-center has-media-background wp-block-dekode-hero has-text-color has-white-color\">\n\t\t\t<img loading=\"lazy\" decoding=\"async\" width=\"1024\" height=\"1024\" src=\"https:\/\/www.elementlogic.net\/content\/uploads\/sites\/22\/2026\/02\/manufact-1.png\" class=\"dekode-hero__image\" alt=\"\" style=\"--focalpoint: 48% 51%;\" srcset=\"https:\/\/www.elementlogic.net\/content\/uploads\/sites\/22\/2026\/02\/manufact-1.png 1024w, https:\/\/www.elementlogic.net\/content\/uploads\/sites\/22\/2026\/02\/manufact-1-300x300.png 300w, https:\/\/www.elementlogic.net\/content\/uploads\/sites\/22\/2026\/02\/manufact-1-150x150.png 150w, https:\/\/www.elementlogic.net\/content\/uploads\/sites\/22\/2026\/02\/manufact-1-768x768.png 768w\" sizes=\"(max-width: 1024px) 100vw, 1024px\" \/>\n\t\t\t<div class=\"dekode-hero__content\">\n\t\t\t\t<div class=\"dekode-hero__container\">\n\t\t\t\t\t\n\n<p><\/p>\n\n\n\n<h1 class=\"wp-block-heading\" id=\"h-przemysl-wytworczy\">Przemys\u0142 wytw\u00f3rczy<\/h1>\n\n\n<p class=\"t2-ingress wp-block-t2-ingress\">Zautomatyzuj przep\u0142yw materia\u0142\u00f3w \u2013 od komponent\u00f3w po gotowe wyroby<\/p>\n\n\n<div class=\"wp-block-buttons is-layout-flex wp-block-buttons-is-layout-flex\">\n<div class=\"wp-block-button hs-cta-trigger-button hs-cta-trigger-button-195241208906 has-icon has-icon-theme_arrow\"><a class=\"wp-block-button__link wp-element-button\" href=\"https:\/\/www.elementlogic.net\/pl\/kontakt\/\">Skontaktuj si\u0119 z nami<svg xmlns=\"http:\/\/www.w3.org\/2000\/svg\" viewBox=\"0 0 24 24\" height=\"24\" width=\"24\" class=\"t2-icon t2-icon-theme_arrow\" aria-hidden=\"true\" focusable=\"false\"><path d=\"M16.627 12.75H5.25C5.03717 12.75 4.859 12.6782 4.7155 12.5345C4.57183 12.391 4.5 12.2128 4.5 12C4.5 11.7872 4.57183 11.609 4.7155 11.4655C4.859 11.3218 5.03717 11.25 5.25 11.25H16.627L11.4577 6.08076C11.3091 5.93209 11.2357 5.75809 11.2375 5.55876C11.2395 5.35942 11.318 5.18217 11.473 5.02701C11.6282 4.88217 11.8038 4.80717 12 4.80201C12.1962 4.79684 12.3718 4.87184 12.527 5.02701L18.8673 11.3673C18.9609 11.4609 19.0269 11.5597 19.0652 11.6635C19.1037 11.7673 19.123 11.8795 19.123 12C19.123 12.1205 19.1037 12.2327 19.0652 12.3365C19.0269 12.4403 18.9609 12.5391 18.8673 12.6328L12.527 18.973C12.3885 19.1115 12.217 19.1823 12.0125 19.1855C11.808 19.1887 11.6282 19.1178 11.473 18.973C11.318 18.8178 11.2405 18.6397 11.2405 18.4385C11.2405 18.2372 11.318 18.0589 11.473 17.9038L16.627 12.75Z\" fill=\"var(--t2-icon-fill, #000)\"\/><\/svg><\/a><\/div>\n<\/div>\n\n\n\t\t\t\t<\/div>\n\t\t\t<\/div>\n\t\t<\/div>\n\t\t\n\n<p class=\"t2-ingress wp-block-t2-ingress\">W przemy\u015ble wytw\u00f3rczym kluczowa jest ci\u0105g\u0142o\u015b\u0107 proces\u00f3w. <strong>Linie produkcyjne wymagaj\u0105 dost\u0119pu do w\u0142a\u015bciwych komponent\u00f3w<\/strong> \u2013 we w\u0142a\u015bciwym czasie i dok\u0142adnie tam, gdzie s\u0105 potrzebne. Ka\u017cde op\u00f3\u017anienie, brak materia\u0142u czy b\u0142\u0105d kompletacyjny mo\u017ce oznacza\u0107 kosztowny przest\u00f3j. Rosn\u0105ce koszty pracy, presja na skracanie lead time oraz model produkcji just-in-time powoduj\u0105, \u017ce optymalizacja magazynowania i przep\u0142ywu materia\u0142\u00f3w staje si\u0119 strategicznym priorytetem.<\/p>\n\n\n<p><\/p>\n\n\n\n<p>Element Logic wspiera przedsi\u0119biorstwa przemys\u0142owe w usprawnianiu<strong> sk\u0142adowania cz\u0119\u015bci,<\/strong> <strong>organizacji transportu wewn\u0119trznego<\/strong> oraz <strong>synchronizacji magazynu z produkcj\u0105<\/strong>. Projektujemy i wdra\u017camy rozwi\u0105zania automatyki magazynowej dopasowane do z\u0142o\u017conych \u015brodowisk wytw\u00f3rczych. Od ponad 40 lat rozwijamy systemy intralogistyczne, kt\u00f3re zapewniaj\u0105 stabilno\u015b\u0107 operacyjn\u0105, wysok\u0105 dok\u0142adno\u015b\u0107 oraz kontrol\u0119 koszt\u00f3w.<\/p>\n\n\n\n<div class=\"wp-block-group has-global-padding is-layout-constrained wp-block-group-is-layout-constrained\">\n<h2 class=\"wp-block-heading wp-container-content-1\" id=\"h-wyzwania-w-logistyce-przemyslu-wytworczego\">Wyzwania w logistyce przemys\u0142u wytw\u00f3rczego<\/h2>\n\n\n\n<ul class=\"wp-block-list\">\n<li>Zarz\u0105dzanie szerokim katalogiem SKU obejmuj\u0105cym komponenty, p\u00f3\u0142produkty, surowce i narz\u0119dzia<\/li>\n\n\n\n<li>Synchronizacja stan\u00f3w magazynowych z harmonogramem produkcji (MRP \/ ERP)<\/li>\n\n\n\n<li>Wysokie zapotrzebowanie na prac\u0119 manualn\u0105 przy powtarzalnych operacjach transportowych<\/li>\n\n\n\n<li>Minimalizacja ryzyka b\u0142\u0119d\u00f3w i op\u00f3\u017anie\u0144 prowadz\u0105cych do przestoj\u00f3w<\/li>\n\n\n\n<li>Zachowanie elastyczno\u015bci operacyjnej przy zmiennym popycie i kr\u00f3tszych seriach produkcyjnych<\/li>\n<\/ul>\n<\/div>\n\n\n\n\t\t<div style=\"--dekode-hero-dim:0.5; --t2-icon-fill:var(--wp--preset--color--white);\" class=\"alignfull dekode-hero-content-position-center has-media-background wp-block-dekode-hero has-text-color has-white-color\">\n\t\t\t\t\t<video\n\t\t\tautoplay\n\t\t\tloop\n\t\t\tmuted\n\t\t\tplaysinline\n\t\t\tposter=\"\"\n\t\t\tsrc=\"https:\/\/www.elementlogic.net\/content\/uploads\/sites\/22\/2026\/02\/solutions-and-services-2-1.mp4\">\n\t\t<\/video>\n\t\t\n\t\t\t<div class=\"dekode-hero__content\">\n\t\t\t\t<div class=\"dekode-hero__container\">\n\t\t\t\t\t\n\n<h2 class=\"wp-block-heading\" id=\"h-zaufali-nam-wiodacy-producenci\">Zaufali nam wiod\u0105cy producenci<\/h2>\n\n\n\t\t\t\t<\/div>\n\t\t\t<\/div>\n\t\t<\/div>\n\t\t\n\n<div class=\"t2-featured-content-layout alignwide wp-block-t2-featured-content-layout\">\n<div class=\"t2-featured-single-post t2-featured-content is-post-type-case case_tax-czesci-zamienne case_tax-produkcja-i-wytwarzanie wp-block-t2-featured-single-post\"><a class=\"t2-post-link wp-block-t2-post-link\" href=\"https:\/\/www.elementlogic.net\/pl\/cases\/wieksza-wydajnosc-dzieki-automatyzacji-magazynu-w-firmie-fendt\/\">\n\t<div class=\"client-logo-image-wrapper\"><img loading=\"lazy\" decoding=\"async\" width=\"300\" height=\"52\" src=\"https:\/\/www.elementlogic.net\/content\/uploads\/sites\/22\/\/2024\/09\/Fendt_Element-Logic-2-300x52.png\" class=\"client-logo-image\" alt=\"\" \/><\/div>\n\t<figure style=\"--t2-focal-point: 50% 50%;\" class=\"t2-post-featured-image has-image-ratio-3-2 wp-block-t2-post-featured-image\"><img loading=\"lazy\" decoding=\"async\" width=\"1600\" height=\"1068\" src=\"https:\/\/www.elementlogic.net\/content\/uploads\/sites\/22\/\/2024\/09\/Fendt-warehouse.jpg\" class=\"attachment-post-thumbnail size-post-thumbnail wp-post-image\" alt=\"\" srcset=\"https:\/\/www.elementlogic.net\/content\/uploads\/sites\/22\/2024\/09\/Fendt-warehouse.jpg 1600w, https:\/\/www.elementlogic.net\/content\/uploads\/sites\/22\/2024\/09\/Fendt-warehouse-300x200.jpg 300w, https:\/\/www.elementlogic.net\/content\/uploads\/sites\/22\/2024\/09\/Fendt-warehouse-1024x684.jpg 1024w, https:\/\/www.elementlogic.net\/content\/uploads\/sites\/22\/2024\/09\/Fendt-warehouse-768x513.jpg 768w, https:\/\/www.elementlogic.net\/content\/uploads\/sites\/22\/2024\/09\/Fendt-warehouse-1536x1025.jpg 1536w\" sizes=\"(max-width: 1600px) 100vw, 1600px\" \/><\/figure>\n\t\n<\/a>\n\n\t\t<div class=\"card-content wp-block-t2-wrapper\">\n\t<div class=\"wp-block-dekode-post-terms\"><span>Cz\u0119\u015bci zamienne i dystrybucja<\/span><span>Produkcja i wytwarzanie<\/span><\/div>\n\t<h3 class=\"t2-post-title wp-block-t2-post-title\"><a href=\"https:\/\/www.elementlogic.net\/pl\/cases\/wieksza-wydajnosc-dzieki-automatyzacji-magazynu-w-firmie-fendt\/\" target=\"_self\" >Wi\u0119ksza wydajno\u015b\u0107 dzi\u0119ki automatyzacji magazynu w firmie Fendt<\/a><\/h3>\n\t<div class=\"t2-post-excerpt wp-block-t2-post-excerpt\"><p>Ameryka\u0144ska firma AGCO jest jednym z trzech najwi\u0119kszych na \u015bwiecie producent\u00f3w i dostawc\u00f3w ci\u0105gnik\u00f3w i maszyn rolniczych. Od 1997 r. [&hellip;]<\/p><\/div>\n<\/div>\n<\/div>\n\n<div class=\"t2-featured-single-post t2-featured-content is-post-type-case case_tax-czesci-zamienne case_tax-produkcja-i-wytwarzanie wp-block-t2-featured-single-post\"><a class=\"t2-post-link wp-block-t2-post-link\" href=\"https:\/\/www.elementlogic.net\/pl\/cases\/rozwijajaca-sie-firma-gs-bildeler-inwestuje-w-trzy-magazyny-autostore\/\">\n\t<div class=\"client-logo-image-wrapper\"><img loading=\"lazy\" decoding=\"async\" width=\"200\" height=\"75\" src=\"https:\/\/www.elementlogic.net\/content\/uploads\/sites\/22\/\/2024\/09\/GS-Bildeler-Logo.png\" class=\"client-logo-image\" alt=\"\" \/><\/div>\n\t<figure style=\"--t2-focal-point: 50% 50%;\" class=\"t2-post-featured-image has-image-ratio-3-2 wp-block-t2-post-featured-image\"><img loading=\"lazy\" decoding=\"async\" width=\"1500\" height=\"1000\" src=\"https:\/\/www.elementlogic.net\/content\/uploads\/sites\/22\/\/2024\/09\/Elementlogic-AutoStore-GS-bildeler.jpg\" class=\"attachment-post-thumbnail size-post-thumbnail wp-post-image\" alt=\"\" srcset=\"https:\/\/www.elementlogic.net\/content\/uploads\/sites\/22\/2024\/09\/Elementlogic-AutoStore-GS-bildeler.jpg 1500w, https:\/\/www.elementlogic.net\/content\/uploads\/sites\/22\/2024\/09\/Elementlogic-AutoStore-GS-bildeler-300x200.jpg 300w, https:\/\/www.elementlogic.net\/content\/uploads\/sites\/22\/2024\/09\/Elementlogic-AutoStore-GS-bildeler-1024x683.jpg 1024w, https:\/\/www.elementlogic.net\/content\/uploads\/sites\/22\/2024\/09\/Elementlogic-AutoStore-GS-bildeler-768x512.jpg 768w\" sizes=\"(max-width: 1500px) 100vw, 1500px\" \/><\/figure>\n\t\n<\/a>\n\n\t\t<div class=\"card-content wp-block-t2-wrapper\">\n\t<div class=\"wp-block-dekode-post-terms\"><span>Cz\u0119\u015bci zamienne i dystrybucja<\/span><span>Produkcja i wytwarzanie<\/span><\/div>\n\t<h3 class=\"t2-post-title wp-block-t2-post-title\"><a href=\"https:\/\/www.elementlogic.net\/pl\/cases\/rozwijajaca-sie-firma-gs-bildeler-inwestuje-w-trzy-magazyny-autostore\/\" target=\"_self\" >Rozwijaj\u0105ca si\u0119 firma inwestuje w trzy magazyny AutoStore<\/a><\/h3>\n\t<div class=\"t2-post-excerpt wp-block-t2-post-excerpt\"><p>Wszystko dzi\u0119ki przypadkowemu spotkaniu z synem za\u0142o\u017cyciela AutoStore, Jakobem Hattelandem, kt\u00f3ry podsun\u0105\u0142 wsp\u00f3\u0142za\u0142o\u017cycielowi Jonny\u2019emu Skrivarhaugowi pomys\u0142, jakim by\u0142a inwestycja w [&hellip;]<\/p><\/div>\n<\/div>\n<\/div>\n\n<div class=\"t2-featured-single-post t2-featured-content is-post-type-case case_tax-czesci-zamienne case_tax-produkcja-i-wytwarzanie wp-block-t2-featured-single-post\"><a class=\"t2-post-link wp-block-t2-post-link\" href=\"https:\/\/www.elementlogic.net\/pl\/cases\/bertel-o-steen-moves-into-a-brand-new-warehouse-optimized-and-equipped-by-element-logic\/\">\n\t<div class=\"client-logo-image-wrapper\"><img loading=\"lazy\" decoding=\"async\" width=\"300\" height=\"90\" src=\"https:\/\/www.elementlogic.net\/content\/uploads\/sites\/22\/\/2024\/09\/Bertel-O.-Steen-Logo-300x90.jpeg\" class=\"client-logo-image\" alt=\"\" \/><\/div>\n\t<figure style=\"--t2-focal-point: 50% 50%;\" class=\"t2-post-featured-image has-image-ratio-3-2 wp-block-t2-post-featured-image\"><img loading=\"lazy\" decoding=\"async\" width=\"1600\" height=\"1067\" src=\"https:\/\/www.elementlogic.net\/content\/uploads\/sites\/22\/\/2024\/09\/Element-Logic-Bertel-O.-Steen-warehouse.jpg\" class=\"attachment-post-thumbnail size-post-thumbnail wp-post-image\" alt=\"\" srcset=\"https:\/\/www.elementlogic.net\/content\/uploads\/sites\/22\/2024\/09\/Element-Logic-Bertel-O.-Steen-warehouse.jpg 1600w, https:\/\/www.elementlogic.net\/content\/uploads\/sites\/22\/2024\/09\/Element-Logic-Bertel-O.-Steen-warehouse-300x200.jpg 300w, https:\/\/www.elementlogic.net\/content\/uploads\/sites\/22\/2024\/09\/Element-Logic-Bertel-O.-Steen-warehouse-1024x683.jpg 1024w, https:\/\/www.elementlogic.net\/content\/uploads\/sites\/22\/2024\/09\/Element-Logic-Bertel-O.-Steen-warehouse-768x512.jpg 768w, https:\/\/www.elementlogic.net\/content\/uploads\/sites\/22\/2024\/09\/Element-Logic-Bertel-O.-Steen-warehouse-1536x1024.jpg 1536w\" sizes=\"(max-width: 1600px) 100vw, 1600px\" \/><\/figure>\n\t\n<\/a>\n\n\t\t<div class=\"card-content wp-block-t2-wrapper\">\n\t<div class=\"wp-block-dekode-post-terms\"><span>Cz\u0119\u015bci zamienne i dystrybucja<\/span><span>Produkcja i wytwarzanie<\/span><\/div>\n\t<h3 class=\"t2-post-title wp-block-t2-post-title\"><a href=\"https:\/\/www.elementlogic.net\/pl\/cases\/bertel-o-steen-moves-into-a-brand-new-warehouse-optimized-and-equipped-by-element-logic\/\" target=\"_self\" >Bertel O. Steen przeprowadza si\u0119 do nowego magazynu zoptymalizowanego i wyposa\u017conego przez Element Logic<\/a><\/h3>\n\t<div class=\"t2-post-excerpt wp-block-t2-post-excerpt\"><p>Grupa Bertel O. Steen zajmuje si\u0119 importem pojazd\u00f3w marek takich jak Mercedes-Benz, Opel, smart\u00ae, Peugeot, Citroen, Kia, Fuso, Setra i [&hellip;]<\/p><\/div>\n<\/div>\n<\/div>\n<\/div>\n\n\n<div class=\"wp-block-buttons is-layout-flex wp-block-buttons-is-layout-flex\">\n<div class=\"wp-block-button\"><a class=\"wp-block-button__link wp-element-button\" href=\"https:\/\/www.elementlogic.net\/pl\/cases\/category\/produkcja-i-wytwarzanie\/\">Wi\u0119cej przyk\u0142ad\u00f3w z tej bran\u017cy<\/a><\/div>\n<\/div>\n\n\n\n<div class=\"wp-block-group alignwide has-global-padding is-layout-constrained wp-block-group-is-layout-constrained\">\n<h2 class=\"wp-block-heading wp-container-content-2\" id=\"h-dlaczego-przedsiebiorstwa-przemyslowe-wybieraja-element-logic\">Dlaczego przedsi\u0119biorstwa przemys\u0142owe wybieraj\u0105 Element Logic?<\/h2>\n\n\n\n<ul class=\"wp-block-list\">\n<li>Zapewnienie <strong>ci\u0105g\u0142o\u015bci produkcji<\/strong> dzi\u0119ki sta\u0142ej dost\u0119pno\u015bci materia\u0142\u00f3w<\/li>\n\n\n\n<li><strong>Ograniczenie przestoj\u00f3w<\/strong> poprzez eliminacj\u0119 b\u0142\u0119d\u00f3w i w\u0105skich garde\u0142<\/li>\n\n\n\n<li>Zwi\u0119kszenie <strong>wydajno\u015bci pracy<\/strong> dzi\u0119ki automatyzacji powtarzalnych operacji<\/li>\n\n\n\n<li>Mo\u017cliwo\u015b\u0107 <strong>skalowania mocy operacyjnych<\/strong> w oparciu o elastyczne, przysz\u0142o\u015bciowe rozwi\u0105zania<\/li>\n<\/ul>\n<\/div>\n\n\n\n<div style=\"height:100px\" aria-hidden=\"true\" class=\"wp-block-spacer\"><\/div>\n\n\n\n\t\t<div style=\"--dekode-hero-dim:0.6; --t2-icon-fill:var(--wp--preset--color--white);\" class=\"alignfull dekode-hero-content-position-center has-media-background wp-block-dekode-hero has-text-color has-white-color\">\n\t\t\t<img loading=\"lazy\" decoding=\"async\" width=\"1024\" height=\"683\" src=\"https:\/\/www.elementlogic.net\/content\/uploads\/sites\/22\/2026\/02\/manufacturing-1-1024x683.png\" class=\"dekode-hero__image\" alt=\"\" style=\"--focalpoint: 75% 71%;\" srcset=\"https:\/\/www.elementlogic.net\/content\/uploads\/sites\/22\/2026\/02\/manufacturing-1-1024x683.png 1024w, https:\/\/www.elementlogic.net\/content\/uploads\/sites\/22\/2026\/02\/manufacturing-1-300x200.png 300w, https:\/\/www.elementlogic.net\/content\/uploads\/sites\/22\/2026\/02\/manufacturing-1-768x512.png 768w, https:\/\/www.elementlogic.net\/content\/uploads\/sites\/22\/2026\/02\/manufacturing-1.png 1536w\" sizes=\"(max-width: 1024px) 100vw, 1024px\" \/>\n\t\t\t<div class=\"dekode-hero__content\">\n\t\t\t\t<div class=\"dekode-hero__container\">\n\t\t\t\t\t\n\n<h1 class=\"wp-block-heading\" id=\"h-zapewnij-ciaglosc-pracy-linii-produkcyjnych-dzieki-automatyzacji-magazynu\"><strong>Zapewnij ci\u0105g\u0142o\u015b\u0107 pracy linii produkcyjnych dzi\u0119ki automatyzacji magazynu<\/strong><\/h1>\n\n\n\n<div class=\"wp-block-buttons is-layout-flex wp-block-buttons-is-layout-flex\">\n<div class=\"wp-block-button http:\/\/hs-cta-trigger-button hs-cta-trigger-button-195241208906\"><a class=\"wp-block-button__link wp-element-button\" href=\"https:\/\/www.elementlogic.net\/pl\/kontakt\/\">Skontaktuj si\u0119 z nami ju\u017c dzi\u015b<\/a><\/div>\n<\/div>\n\n\n\t\t\t\t<\/div>\n\t\t\t<\/div>\n\t\t<\/div>\n\t\t\n\n\n<p><\/p>\n","protected":false},"excerpt":{"rendered":"<p>Element Logic wspiera przedsi\u0119biorstwa przemys\u0142owe w usprawnianiu sk\u0142adowania cz\u0119\u015bci, organizacji transportu wewn\u0119trznego oraz synchronizacji magazynu z produkcj\u0105. Projektujemy i wdra\u017camy [&hellip;]<\/p>\n","protected":false},"author":58,"featured_media":0,"parent":2717,"menu_order":0,"comment_status":"closed","ping_status":"closed","template":"","meta":{"hreflang_relation":0,"_el_cross_publish_source_blog_url":"","_el_cross_publish_source_blog_id":0,"_el_cross_publish_source_post_id":0,"_el_cross_publish_sync_state":"","exclude_from_search":false,"footnotes":""},"class_list":["post-2774","page","type-page","status-publish","hentry"],"yoast_head":"<!-- This site is optimized with the Yoast SEO Premium plugin v23.9 (Yoast SEO v23.9) - https:\/\/yoast.com\/wordpress\/plugins\/seo\/ -->\n<title>Produkcja i wytwarzanie - Element Logic Poland<\/title>\n<meta name=\"robots\" content=\"index, follow, max-snippet:-1, max-image-preview:large, max-video-preview:-1\" \/>\n<link rel=\"canonical\" href=\"https:\/\/www.elementlogic.net\/pl\/branze\/produkcja-i-wytwarzanie\/\" \/>\n<meta property=\"og:locale\" content=\"pl_PL\" \/>\n<meta property=\"og:type\" content=\"article\" \/>\n<meta property=\"og:title\" content=\"Produkcja i wytwarzanie\" \/>\n<meta property=\"og:description\" content=\"Element Logic wspiera przedsi\u0119biorstwa przemys\u0142owe w usprawnianiu sk\u0142adowania cz\u0119\u015bci, organizacji transportu wewn\u0119trznego oraz synchronizacji magazynu z produkcj\u0105. Projektujemy i wdra\u017camy [&hellip;]\" \/>\n<meta property=\"og:url\" content=\"https:\/\/www.elementlogic.net\/pl\/branze\/produkcja-i-wytwarzanie\/\" \/>\n<meta property=\"og:site_name\" content=\"Element Logic Poland\" \/>\n<meta property=\"article:modified_time\" content=\"2026-03-31T07:05:16+00:00\" \/>\n<meta name=\"twitter:card\" content=\"summary_large_image\" \/>\n<meta name=\"twitter:label1\" content=\"Szacowany czas czytania\" \/>\n\t<meta name=\"twitter:data1\" content=\"1 minuta\" \/>\n<script type=\"application\/ld+json\" class=\"yoast-schema-graph\">{\"@context\":\"https:\/\/schema.org\",\"@graph\":[{\"@type\":\"WebPage\",\"@id\":\"https:\/\/www.elementlogic.net\/pl\/branze\/produkcja-i-wytwarzanie\/\",\"url\":\"https:\/\/www.elementlogic.net\/pl\/branze\/produkcja-i-wytwarzanie\/\",\"name\":\"Produkcja i wytwarzanie - Element Logic Poland\",\"isPartOf\":{\"@id\":\"https:\/\/www.elementlogic.net\/pl\/#website\"},\"datePublished\":\"2026-03-31T07:05:15+00:00\",\"dateModified\":\"2026-03-31T07:05:16+00:00\",\"breadcrumb\":{\"@id\":\"https:\/\/www.elementlogic.net\/pl\/branze\/produkcja-i-wytwarzanie\/#breadcrumb\"},\"inLanguage\":\"pl-PL\",\"potentialAction\":[{\"@type\":\"ReadAction\",\"target\":[\"https:\/\/www.elementlogic.net\/pl\/branze\/produkcja-i-wytwarzanie\/\"]}]},{\"@type\":\"BreadcrumbList\",\"@id\":\"https:\/\/www.elementlogic.net\/pl\/branze\/produkcja-i-wytwarzanie\/#breadcrumb\",\"itemListElement\":[{\"@type\":\"ListItem\",\"position\":1,\"name\":\"Bran\u017ce\",\"item\":\"https:\/\/www.elementlogic.net\/pl\/branze\/\"},{\"@type\":\"ListItem\",\"position\":2,\"name\":\"Produkcja i wytwarzanie\"}]},{\"@type\":\"WebSite\",\"@id\":\"https:\/\/www.elementlogic.net\/pl\/#website\",\"url\":\"https:\/\/www.elementlogic.net\/pl\/\",\"name\":\"Element Logic Poland\",\"description\":\"\",\"potentialAction\":[{\"@type\":\"SearchAction\",\"target\":{\"@type\":\"EntryPoint\",\"urlTemplate\":\"https:\/\/www.elementlogic.net\/pl\/?s={search_term_string}\"},\"query-input\":{\"@type\":\"PropertyValueSpecification\",\"valueRequired\":true,\"valueName\":\"search_term_string\"}}],\"inLanguage\":\"pl-PL\"}]}<\/script>\n<!-- \/ Yoast SEO Premium plugin. -->","yoast_head_json":{"title":"Produkcja i wytwarzanie - Element Logic Poland","robots":{"index":"index","follow":"follow","max-snippet":"max-snippet:-1","max-image-preview":"max-image-preview:large","max-video-preview":"max-video-preview:-1"},"canonical":"https:\/\/www.elementlogic.net\/pl\/branze\/produkcja-i-wytwarzanie\/","og_locale":"pl_PL","og_type":"article","og_title":"Produkcja i wytwarzanie","og_description":"Element Logic wspiera przedsi\u0119biorstwa przemys\u0142owe w usprawnianiu sk\u0142adowania cz\u0119\u015bci, organizacji transportu wewn\u0119trznego oraz synchronizacji magazynu z produkcj\u0105. Projektujemy i wdra\u017camy [&hellip;]","og_url":"https:\/\/www.elementlogic.net\/pl\/branze\/produkcja-i-wytwarzanie\/","og_site_name":"Element Logic Poland","article_modified_time":"2026-03-31T07:05:16+00:00","twitter_card":"summary_large_image","twitter_misc":{"Szacowany czas czytania":"1 minuta"},"schema":{"@context":"https:\/\/schema.org","@graph":[{"@type":"WebPage","@id":"https:\/\/www.elementlogic.net\/pl\/branze\/produkcja-i-wytwarzanie\/","url":"https:\/\/www.elementlogic.net\/pl\/branze\/produkcja-i-wytwarzanie\/","name":"Produkcja i wytwarzanie - Element Logic Poland","isPartOf":{"@id":"https:\/\/www.elementlogic.net\/pl\/#website"},"datePublished":"2026-03-31T07:05:15+00:00","dateModified":"2026-03-31T07:05:16+00:00","breadcrumb":{"@id":"https:\/\/www.elementlogic.net\/pl\/branze\/produkcja-i-wytwarzanie\/#breadcrumb"},"inLanguage":"pl-PL","potentialAction":[{"@type":"ReadAction","target":["https:\/\/www.elementlogic.net\/pl\/branze\/produkcja-i-wytwarzanie\/"]}]},{"@type":"BreadcrumbList","@id":"https:\/\/www.elementlogic.net\/pl\/branze\/produkcja-i-wytwarzanie\/#breadcrumb","itemListElement":[{"@type":"ListItem","position":1,"name":"Bran\u017ce","item":"https:\/\/www.elementlogic.net\/pl\/branze\/"},{"@type":"ListItem","position":2,"name":"Produkcja i wytwarzanie"}]},{"@type":"WebSite","@id":"https:\/\/www.elementlogic.net\/pl\/#website","url":"https:\/\/www.elementlogic.net\/pl\/","name":"Element Logic Poland","description":"","potentialAction":[{"@type":"SearchAction","target":{"@type":"EntryPoint","urlTemplate":"https:\/\/www.elementlogic.net\/pl\/?s={search_term_string}"},"query-input":{"@type":"PropertyValueSpecification","valueRequired":true,"valueName":"search_term_string"}}],"inLanguage":"pl-PL"}]}},"_links":{"self":[{"href":"https:\/\/www.elementlogic.net\/pl\/wp-json\/wp\/v2\/pages\/2774"}],"collection":[{"href":"https:\/\/www.elementlogic.net\/pl\/wp-json\/wp\/v2\/pages"}],"about":[{"href":"https:\/\/www.elementlogic.net\/pl\/wp-json\/wp\/v2\/types\/page"}],"author":[{"embeddable":true,"href":"https:\/\/www.elementlogic.net\/pl\/wp-json\/wp\/v2\/users\/58"}],"replies":[{"embeddable":true,"href":"https:\/\/www.elementlogic.net\/pl\/wp-json\/wp\/v2\/comments?post=2774"}],"version-history":[{"count":4,"href":"https:\/\/www.elementlogic.net\/pl\/wp-json\/wp\/v2\/pages\/2774\/revisions"}],"predecessor-version":[{"id":2952,"href":"https:\/\/www.elementlogic.net\/pl\/wp-json\/wp\/v2\/pages\/2774\/revisions\/2952"}],"up":[{"embeddable":true,"href":"https:\/\/www.elementlogic.net\/pl\/wp-json\/wp\/v2\/pages\/2717"}],"wp:attachment":[{"href":"https:\/\/www.elementlogic.net\/pl\/wp-json\/wp\/v2\/media?parent=2774"}],"curies":[{"name":"wp","href":"https:\/\/api.w.org\/{rel}","templated":true}]}}