{"id":2780,"date":"2026-03-31T07:06:41","date_gmt":"2026-03-31T07:06:41","guid":{"rendered":"https:\/\/www.elementlogic.net\/pl\/?page_id=2780"},"modified":"2026-03-31T07:06:41","modified_gmt":"2026-03-31T07:06:41","slug":"czesci-zamienne","status":"publish","type":"page","link":"https:\/\/www.elementlogic.net\/pl\/branze\/czesci-zamienne\/","title":{"rendered":"Cz\u0119\u015bci zamienne"},"content":{"rendered":"\n\t\t<div style=\"--dekode-hero-dim:0.5; --t2-icon-fill:var(--wp--preset--color--white);\" class=\"alignfull dekode-hero-content-position-center has-media-background wp-block-dekode-hero has-text-color has-white-color\">\n\t\t\t<img loading=\"lazy\" decoding=\"async\" width=\"1024\" height=\"683\" src=\"https:\/\/www.elementlogic.net\/content\/uploads\/sites\/22\/2026\/02\/Parts-distribution-v2-1-1024x683.png\" class=\"dekode-hero__image\" alt=\"\" style=\"--focalpoint: 50% 90%;\" srcset=\"https:\/\/www.elementlogic.net\/content\/uploads\/sites\/22\/2026\/02\/Parts-distribution-v2-1-1024x683.png 1024w, https:\/\/www.elementlogic.net\/content\/uploads\/sites\/22\/2026\/02\/Parts-distribution-v2-1-300x200.png 300w, https:\/\/www.elementlogic.net\/content\/uploads\/sites\/22\/2026\/02\/Parts-distribution-v2-1-768x512.png 768w, https:\/\/www.elementlogic.net\/content\/uploads\/sites\/22\/2026\/02\/Parts-distribution-v2-1.png 1536w\" sizes=\"(max-width: 1024px) 100vw, 1024px\" \/>\n\t\t\t<div class=\"dekode-hero__content\">\n\t\t\t\t<div class=\"dekode-hero__container\">\n\t\t\t\t\t\n\n<p><\/p>\n\n\n\n<h1 class=\"wp-block-heading\" id=\"h-czesci-zamienne-i-dystrybucja\">Cz\u0119\u015bci zamienne i dystrybucja<\/h1>\n\n\n<p class=\"t2-ingress wp-block-t2-ingress\">Szybko. Precyzyjnie. Zawsze dost\u0119pne<\/p>\n\n\n<div class=\"wp-block-buttons is-layout-flex wp-block-buttons-is-layout-flex\">\n<div class=\"wp-block-button hs-cta-trigger-button hs-cta-trigger-button-195241208906 has-icon has-icon-theme_arrow\"><a class=\"wp-block-button__link wp-element-button\" href=\"https:\/\/www.elementlogic.net\/pl\/kontakt\/\">Skontaktuj si\u0119 z nami <svg xmlns=\"http:\/\/www.w3.org\/2000\/svg\" viewBox=\"0 0 24 24\" height=\"24\" width=\"24\" class=\"t2-icon t2-icon-theme_arrow\" aria-hidden=\"true\" focusable=\"false\"><path d=\"M16.627 12.75H5.25C5.03717 12.75 4.859 12.6782 4.7155 12.5345C4.57183 12.391 4.5 12.2128 4.5 12C4.5 11.7872 4.57183 11.609 4.7155 11.4655C4.859 11.3218 5.03717 11.25 5.25 11.25H16.627L11.4577 6.08076C11.3091 5.93209 11.2357 5.75809 11.2375 5.55876C11.2395 5.35942 11.318 5.18217 11.473 5.02701C11.6282 4.88217 11.8038 4.80717 12 4.80201C12.1962 4.79684 12.3718 4.87184 12.527 5.02701L18.8673 11.3673C18.9609 11.4609 19.0269 11.5597 19.0652 11.6635C19.1037 11.7673 19.123 11.8795 19.123 12C19.123 12.1205 19.1037 12.2327 19.0652 12.3365C19.0269 12.4403 18.9609 12.5391 18.8673 12.6328L12.527 18.973C12.3885 19.1115 12.217 19.1823 12.0125 19.1855C11.808 19.1887 11.6282 19.1178 11.473 18.973C11.318 18.8178 11.2405 18.6397 11.2405 18.4385C11.2405 18.2372 11.318 18.0589 11.473 17.9038L16.627 12.75Z\" fill=\"var(--t2-icon-fill, #000)\"\/><\/svg><\/a><\/div>\n<\/div>\n\n\n\t\t\t\t<\/div>\n\t\t\t<\/div>\n\t\t<\/div>\n\t\t\n\n<p class=\"t2-ingress wp-block-t2-ingress\">W dystrybucji cz\u0119\u015bci <strong>szybko\u015b\u0107 <\/strong>i <strong>dok\u0142adno\u015b\u0107 decyduj\u0105 o przewadze konkurencyjnej<\/strong>. Niezale\u017cnie od tego, czy chodzi o bran\u017c\u0119 motoryzacyjn\u0105, przemys\u0142ow\u0105 czy rynek wt\u00f3rny, klienci oczekuj\u0105 dost\u0119pno\u015bci w\u0142a\u015bciwej cz\u0119\u015bci \u2013 natychmiast. Przy rozbudowanych katalogach SKU, zmiennym popycie i presji na realizacj\u0119 dostaw w bardzo kr\u00f3tkich oknach czasowych tradycyjne, manualne procesy przestaj\u0105 by\u0107 wystarczaj\u0105ce.\u00a0<\/p>\n\n\n<p><\/p>\n\n\n\n<p>Element Logic wspiera dystrybutor\u00f3w cz\u0119\u015bci w optymalizacji magazynowania, przyspieszeniu realizacji zam\u00f3wie\u0144 oraz eliminacji kosztownych b\u0142\u0119d\u00f3w kompletacyjnych. Od ponad 40 lat projektujemy i wdra\u017camy rozwi\u0105zania intralogistyczne, kt\u00f3re zapewniaj\u0105 p\u0142ynny przep\u0142yw towar\u00f3w \u2013 tak, aby Twoi klienci nigdy nie musieli czeka\u0107.<\/p>\n\n\n\n<div class=\"wp-block-group has-global-padding is-layout-constrained wp-block-group-is-layout-constrained\">\n<h2 class=\"wp-block-heading wp-container-content-1\" id=\"h-wyzwana-w-dystrybucji-czesci-nbsp-nbsp\"><strong>Wyzwana w dystrybucji cz\u0119\u015bci&nbsp;<\/strong>&nbsp;<\/h2>\n\n\n\n<ul class=\"wp-block-list\">\n<li>Zarz\u0105dzanie dziesi\u0105tkami tysi\u0119cy indeks\u00f3w SKU \u2013 od drobnych element\u00f3w z\u0142\u0105cznych po komponenty wielkogabarytowe<\/li>\n\n\n\n<li>Realizacja zam\u00f3wie\u0144 w modelu same-day i next-day delivery<\/li>\n\n\n\n<li>Ograniczanie koszt\u00f3w wynikaj\u0105cych z b\u0142\u0119dnych wysy\u0142ek cz\u0119\u015bci<\/li>\n\n\n\n<li>Niedob\u00f3r pracownik\u00f3w przy powtarzalnych operacjach kompletacji i pakowania<\/li>\n\n\n\n<li>Obs\u0142uga z\u0142o\u017conych profili zam\u00f3wie\u0144 \u2013 od pojedynczych pozycji po kompletne zestawy<\/li>\n<\/ul>\n<\/div>\n\n\n\n\t\t<div style=\"--dekode-hero-dim:0.5; --t2-icon-fill:var(--wp--preset--color--white);\" class=\"alignfull dekode-hero-content-position-center has-media-background wp-block-dekode-hero has-text-color has-white-color\">\n\t\t\t\t\t<video\n\t\t\tautoplay\n\t\t\tloop\n\t\t\tmuted\n\t\t\tplaysinline\n\t\t\tposter=\"\"\n\t\t\tsrc=\"https:\/\/www.elementlogic.net\/content\/uploads\/sites\/22\/\/2024\/09\/solutions-and-services.mp4\">\n\t\t<\/video>\n\t\t\n\t\t\t<div class=\"dekode-hero__content\">\n\t\t\t\t<div class=\"dekode-hero__container\">\n\t\t\t\t\t\n\n<h2 class=\"wp-block-heading\" id=\"h-zaufali-nam-liderzy-rynku-czesci-i-dystrybucji\">Zaufali nam liderzy rynku cz\u0119\u015bci i dystrybucji<\/h2>\n\n\n\t\t\t\t<\/div>\n\t\t\t<\/div>\n\t\t<\/div>\n\t\t\n\n<div class=\"t2-featured-content-layout alignwide wp-block-t2-featured-content-layout\">\n<div class=\"t2-featured-single-post t2-featured-content is-post-type-case case_tax-czesci-zamienne wp-block-t2-featured-single-post\"><a class=\"t2-post-link wp-block-t2-post-link\" href=\"https:\/\/www.elementlogic.net\/pl\/cases\/nowoczesne-centrum-dystrybucyjne-martex-dzieki-autostore-i-element-logic\/\">\n\t<div class=\"client-logo-image-wrapper\"><img loading=\"lazy\" decoding=\"async\" width=\"300\" height=\"300\" src=\"https:\/\/www.elementlogic.net\/content\/uploads\/sites\/22\/2025\/07\/martex-logo-300x300.jpg\" class=\"client-logo-image\" alt=\"\" \/><\/div>\n\t<figure style=\"--t2-focal-point: 50% 50%;\" class=\"t2-post-featured-image has-image-ratio-3-2 wp-block-t2-post-featured-image\"><img loading=\"lazy\" decoding=\"async\" width=\"2560\" height=\"1441\" src=\"https:\/\/www.elementlogic.net\/content\/uploads\/sites\/22\/2025\/07\/Zdjecie-Martex_2-scaled.jpg\" class=\"attachment-post-thumbnail size-post-thumbnail wp-post-image\" alt=\"\" srcset=\"https:\/\/www.elementlogic.net\/content\/uploads\/sites\/22\/2025\/07\/Zdjecie-Martex_2-scaled.jpg 2560w, https:\/\/www.elementlogic.net\/content\/uploads\/sites\/22\/2025\/07\/Zdjecie-Martex_2-300x169.jpg 300w, https:\/\/www.elementlogic.net\/content\/uploads\/sites\/22\/2025\/07\/Zdjecie-Martex_2-1024x577.jpg 1024w, https:\/\/www.elementlogic.net\/content\/uploads\/sites\/22\/2025\/07\/Zdjecie-Martex_2-768x432.jpg 768w, https:\/\/www.elementlogic.net\/content\/uploads\/sites\/22\/2025\/07\/Zdjecie-Martex_2-1536x865.jpg 1536w, https:\/\/www.elementlogic.net\/content\/uploads\/sites\/22\/2025\/07\/Zdjecie-Martex_2-2048x1153.jpg 2048w\" sizes=\"(max-width: 2560px) 100vw, 2560px\" \/><\/figure>\n\t\n<\/a>\n\n\t\t<div class=\"card-content wp-block-t2-wrapper\">\n\t<div class=\"wp-block-dekode-post-terms\"><span>Cz\u0119\u015bci zamienne i dystrybucja<\/span><\/div>\n\t<h3 class=\"t2-post-title wp-block-t2-post-title\"><a href=\"https:\/\/www.elementlogic.net\/pl\/cases\/nowoczesne-centrum-dystrybucyjne-martex-dzieki-autostore-i-element-logic\/\" target=\"_self\" >Nowoczesne centrum dystrybucyjne Martex dzi\u0119ki AutoStore i Element Logic<\/a><\/h3>\n\t<div class=\"t2-post-excerpt wp-block-t2-post-excerpt\"><p>W bran\u017cy cz\u0119\u015bci zamiennych, gdzie liczy si\u0119 tak r\u00f3\u017cnorodno\u015b\u0107 oferty, jak i szybko\u015b\u0107 i niezawodno\u015b\u0107 dostaw, efektywna logistyka jest fundamentem [&hellip;]<\/p><\/div>\n<\/div>\n<\/div>\n\n<div class=\"t2-featured-single-post t2-featured-content is-post-type-case case_tax-czesci-zamienne case_tax-podzespoly-elektroniczne wp-block-t2-featured-single-post\"><a class=\"t2-post-link wp-block-t2-post-link\" href=\"https:\/\/www.elementlogic.net\/pl\/cases\/elogiq-w-akcji-optymalizacja-magazynu-oparta-na-danych\/\">\n\t<div class=\"client-logo-image-wrapper\"><img loading=\"lazy\" decoding=\"async\" width=\"300\" height=\"266\" src=\"https:\/\/www.elementlogic.net\/content\/uploads\/sites\/22\/2025\/04\/elogiq-logo-300x266-1.jpg\" class=\"client-logo-image\" alt=\"\" \/><\/div>\n\t<figure style=\"--t2-focal-point: 50% 50%;\" class=\"t2-post-featured-image has-image-ratio-3-2 wp-block-t2-post-featured-image\"><img loading=\"lazy\" decoding=\"async\" width=\"1024\" height=\"683\" src=\"https:\/\/www.elementlogic.net\/content\/uploads\/sites\/22\/\/2024\/09\/EL_eLogiq_-11-1024x683-1.jpg\" class=\"attachment-post-thumbnail size-post-thumbnail wp-post-image\" alt=\"\" srcset=\"https:\/\/www.elementlogic.net\/content\/uploads\/sites\/22\/2024\/09\/EL_eLogiq_-11-1024x683-1.jpg 1024w, https:\/\/www.elementlogic.net\/content\/uploads\/sites\/22\/2024\/09\/EL_eLogiq_-11-1024x683-1-300x200.jpg 300w, https:\/\/www.elementlogic.net\/content\/uploads\/sites\/22\/2024\/09\/EL_eLogiq_-11-1024x683-1-768x512.jpg 768w\" sizes=\"(max-width: 1024px) 100vw, 1024px\" \/><\/figure>\n\t\n<\/a>\n\n\t\t<div class=\"card-content wp-block-t2-wrapper\">\n\t<div class=\"wp-block-dekode-post-terms\"><span>Cz\u0119\u015bci zamienne i dystrybucja<\/span><span>Podzespo\u0142y elektroniczne<\/span><\/div>\n\t<h3 class=\"t2-post-title wp-block-t2-post-title\"><a href=\"https:\/\/www.elementlogic.net\/pl\/cases\/elogiq-w-akcji-optymalizacja-magazynu-oparta-na-danych\/\" target=\"_self\" >eLogiq w akcji: optymalizacja magazynu oparta na danych<\/a><\/h3>\n\t<div class=\"t2-post-excerpt wp-block-t2-post-excerpt\"><p>Firmy takie jak Aktieselskabet Carl Christensen (CAC) i EET Group zd\u0105\u017cy\u0142y ju\u017c dostrzec znacz\u0105c\u0105 warto\u015b\u0107 wynikaj\u0105c\u0105 z wdro\u017cenia eLogiq &#8211; [&hellip;]<\/p><\/div>\n<\/div>\n<\/div>\n\n<div class=\"t2-featured-single-post t2-featured-content is-post-type-case case_tax-czesci-zamienne case_tax-produkcja-i-wytwarzanie wp-block-t2-featured-single-post\"><a class=\"t2-post-link wp-block-t2-post-link\" href=\"https:\/\/www.elementlogic.net\/pl\/cases\/wieksza-wydajnosc-dzieki-automatyzacji-magazynu-w-firmie-fendt\/\">\n\t<div class=\"client-logo-image-wrapper\"><img loading=\"lazy\" decoding=\"async\" width=\"300\" height=\"52\" src=\"https:\/\/www.elementlogic.net\/content\/uploads\/sites\/22\/\/2024\/09\/Fendt_Element-Logic-2-300x52.png\" class=\"client-logo-image\" alt=\"\" \/><\/div>\n\t<figure style=\"--t2-focal-point: 50% 50%;\" class=\"t2-post-featured-image has-image-ratio-3-2 wp-block-t2-post-featured-image\"><img loading=\"lazy\" decoding=\"async\" width=\"1600\" height=\"1068\" src=\"https:\/\/www.elementlogic.net\/content\/uploads\/sites\/22\/\/2024\/09\/Fendt-warehouse.jpg\" class=\"attachment-post-thumbnail size-post-thumbnail wp-post-image\" alt=\"\" srcset=\"https:\/\/www.elementlogic.net\/content\/uploads\/sites\/22\/2024\/09\/Fendt-warehouse.jpg 1600w, https:\/\/www.elementlogic.net\/content\/uploads\/sites\/22\/2024\/09\/Fendt-warehouse-300x200.jpg 300w, https:\/\/www.elementlogic.net\/content\/uploads\/sites\/22\/2024\/09\/Fendt-warehouse-1024x684.jpg 1024w, https:\/\/www.elementlogic.net\/content\/uploads\/sites\/22\/2024\/09\/Fendt-warehouse-768x513.jpg 768w, https:\/\/www.elementlogic.net\/content\/uploads\/sites\/22\/2024\/09\/Fendt-warehouse-1536x1025.jpg 1536w\" sizes=\"(max-width: 1600px) 100vw, 1600px\" \/><\/figure>\n\t\n<\/a>\n\n\t\t<div class=\"card-content wp-block-t2-wrapper\">\n\t<div class=\"wp-block-dekode-post-terms\"><span>Cz\u0119\u015bci zamienne i dystrybucja<\/span><span>Produkcja i wytwarzanie<\/span><\/div>\n\t<h3 class=\"t2-post-title wp-block-t2-post-title\"><a href=\"https:\/\/www.elementlogic.net\/pl\/cases\/wieksza-wydajnosc-dzieki-automatyzacji-magazynu-w-firmie-fendt\/\" target=\"_self\" >Wi\u0119ksza wydajno\u015b\u0107 dzi\u0119ki automatyzacji magazynu w firmie Fendt<\/a><\/h3>\n\t<div class=\"t2-post-excerpt wp-block-t2-post-excerpt\"><p>Ameryka\u0144ska firma AGCO jest jednym z trzech najwi\u0119kszych na \u015bwiecie producent\u00f3w i dostawc\u00f3w ci\u0105gnik\u00f3w i maszyn rolniczych. Od 1997 r. [&hellip;]<\/p><\/div>\n<\/div>\n<\/div>\n<\/div>\n\n\n<div class=\"wp-block-buttons is-layout-flex wp-block-buttons-is-layout-flex\">\n<div class=\"wp-block-button\"><a class=\"wp-block-button__link has-text-align-left wp-element-button\" href=\"https:\/\/www.elementlogic.net\/pl\/cases\/category\/czesci-zamienne\/\">Wi\u0119cej przyk\u0142ad\u00f3w z tej bran\u017cy<\/a><\/div>\n<\/div>\n\n\n\n<div class=\"wp-block-group alignwide has-global-padding is-layout-constrained wp-block-group-is-layout-constrained\">\n<h2 class=\"wp-block-heading wp-container-content-2\" id=\"h-dlaczego-dystrybutorzy-czesci-wybieraja-element-logic\">Dlaczego dystrybutorzy cz\u0119\u015bci wybieraj\u0105 Element Logic?<\/h2>\n\n\n\n<ul class=\"wp-block-list\">\n<li><strong>Przyspieszenie realizacji<\/strong> zam\u00f3wie\u0144 same-day i next-day<\/li>\n\n\n\n<li><strong>Redukcja <\/strong>kosztownych <strong>b\u0142\u0119d\u00f3w <\/strong>dzi\u0119ki precyzji system\u00f3w automatycznych<\/li>\n\n\n\n<li><strong>Maksymalne wykorzystanie powierzchni<\/strong> dzi\u0119ki systemom sk\u0142adowania o bardzo wysokiej g\u0119sto\u015bci<\/li>\n\n\n\n<li><strong>Skalowanie mocy operacyjnych<\/strong> w odpowiedzi na sezonowe wzrosty popytu<\/li>\n<\/ul>\n<\/div>\n\n\n\n<div style=\"height:100px\" aria-hidden=\"true\" class=\"wp-block-spacer\"><\/div>\n\n\n\n\t\t<div style=\"--dekode-hero-dim:0.6; --t2-icon-fill:var(--wp--preset--color--white);\" class=\"alignfull dekode-hero-content-position-center has-media-background wp-block-dekode-hero has-text-color has-white-color\">\n\t\t\t<img loading=\"lazy\" decoding=\"async\" width=\"1024\" height=\"1024\" src=\"https:\/\/www.elementlogic.net\/content\/uploads\/sites\/22\/2026\/02\/Parts-distribution-1.png\" class=\"dekode-hero__image\" alt=\"\" style=\"--focalpoint: 73% 18%;\" srcset=\"https:\/\/www.elementlogic.net\/content\/uploads\/sites\/22\/2026\/02\/Parts-distribution-1.png 1024w, https:\/\/www.elementlogic.net\/content\/uploads\/sites\/22\/2026\/02\/Parts-distribution-1-300x300.png 300w, https:\/\/www.elementlogic.net\/content\/uploads\/sites\/22\/2026\/02\/Parts-distribution-1-150x150.png 150w, https:\/\/www.elementlogic.net\/content\/uploads\/sites\/22\/2026\/02\/Parts-distribution-1-768x768.png 768w\" sizes=\"(max-width: 1024px) 100vw, 1024px\" \/>\n\t\t\t<div class=\"dekode-hero__content\">\n\t\t\t\t<div class=\"dekode-hero__container\">\n\t\t\t\t\t\n\n<h1 class=\"wp-block-heading\" id=\"h-kompletuj-wlasciwe-czesci-dzieki-automatyzacji-element-logic\">Kompletuj w\u0142a\u015bciwe cz\u0119\u015bci dzi\u0119ki automatyzacji Element Logic<\/h1>\n\n\n\n<div class=\"wp-block-buttons is-layout-flex wp-block-buttons-is-layout-flex\">\n<div class=\"wp-block-button http:\/\/hs-cta-trigger-button hs-cta-trigger-button-195241208906\"><a class=\"wp-block-button__link wp-element-button\" href=\"https:\/\/www.elementlogic.net\/pl\/kontakt\/\">Skontaktuj si\u0119 z nami ju\u017c dzi\u015b<\/a><\/div>\n<\/div>\n\n\n\t\t\t\t<\/div>\n\t\t\t<\/div>\n\t\t<\/div>\n\t\t\n\n\n<p><\/p>\n","protected":false},"excerpt":{"rendered":"<p>Element Logic wspiera dystrybutor\u00f3w cz\u0119\u015bci w optymalizacji magazynowania, przyspieszeniu realizacji zam\u00f3wie\u0144 oraz eliminacji kosztownych b\u0142\u0119d\u00f3w kompletacyjnych. Od ponad 40 lat [&hellip;]<\/p>\n","protected":false},"author":58,"featured_media":0,"parent":2717,"menu_order":0,"comment_status":"closed","ping_status":"closed","template":"","meta":{"hreflang_relation":0,"_el_cross_publish_source_blog_url":"","_el_cross_publish_source_blog_id":0,"_el_cross_publish_source_post_id":0,"_el_cross_publish_sync_state":"","exclude_from_search":false,"footnotes":""},"class_list":["post-2780","page","type-page","status-publish","hentry"],"yoast_head":"<!-- This site is optimized with the Yoast SEO Premium plugin v23.9 (Yoast SEO v23.9) - https:\/\/yoast.com\/wordpress\/plugins\/seo\/ -->\n<title>Cz\u0119\u015bci zamienne - Element Logic Poland<\/title>\n<meta name=\"robots\" content=\"index, follow, max-snippet:-1, max-image-preview:large, max-video-preview:-1\" \/>\n<link rel=\"canonical\" href=\"https:\/\/www.elementlogic.net\/pl\/branze\/czesci-zamienne\/\" \/>\n<meta property=\"og:locale\" content=\"pl_PL\" \/>\n<meta property=\"og:type\" content=\"article\" \/>\n<meta property=\"og:title\" content=\"Cz\u0119\u015bci zamienne\" \/>\n<meta property=\"og:description\" content=\"Element Logic wspiera dystrybutor\u00f3w cz\u0119\u015bci w optymalizacji magazynowania, przyspieszeniu realizacji zam\u00f3wie\u0144 oraz eliminacji kosztownych b\u0142\u0119d\u00f3w kompletacyjnych. Od ponad 40 lat [&hellip;]\" \/>\n<meta property=\"og:url\" content=\"https:\/\/www.elementlogic.net\/pl\/branze\/czesci-zamienne\/\" \/>\n<meta property=\"og:site_name\" content=\"Element Logic Poland\" \/>\n<meta name=\"twitter:card\" content=\"summary_large_image\" \/>\n<script type=\"application\/ld+json\" class=\"yoast-schema-graph\">{\"@context\":\"https:\/\/schema.org\",\"@graph\":[{\"@type\":\"WebPage\",\"@id\":\"https:\/\/www.elementlogic.net\/pl\/branze\/czesci-zamienne\/\",\"url\":\"https:\/\/www.elementlogic.net\/pl\/branze\/czesci-zamienne\/\",\"name\":\"Cz\u0119\u015bci zamienne - Element Logic Poland\",\"isPartOf\":{\"@id\":\"https:\/\/www.elementlogic.net\/pl\/#website\"},\"datePublished\":\"2026-03-31T07:06:41+00:00\",\"dateModified\":\"2026-03-31T07:06:41+00:00\",\"breadcrumb\":{\"@id\":\"https:\/\/www.elementlogic.net\/pl\/branze\/czesci-zamienne\/#breadcrumb\"},\"inLanguage\":\"pl-PL\",\"potentialAction\":[{\"@type\":\"ReadAction\",\"target\":[\"https:\/\/www.elementlogic.net\/pl\/branze\/czesci-zamienne\/\"]}]},{\"@type\":\"BreadcrumbList\",\"@id\":\"https:\/\/www.elementlogic.net\/pl\/branze\/czesci-zamienne\/#breadcrumb\",\"itemListElement\":[{\"@type\":\"ListItem\",\"position\":1,\"name\":\"Bran\u017ce\",\"item\":\"https:\/\/www.elementlogic.net\/pl\/branze\/\"},{\"@type\":\"ListItem\",\"position\":2,\"name\":\"Cz\u0119\u015bci zamienne\"}]},{\"@type\":\"WebSite\",\"@id\":\"https:\/\/www.elementlogic.net\/pl\/#website\",\"url\":\"https:\/\/www.elementlogic.net\/pl\/\",\"name\":\"Element Logic Poland\",\"description\":\"\",\"potentialAction\":[{\"@type\":\"SearchAction\",\"target\":{\"@type\":\"EntryPoint\",\"urlTemplate\":\"https:\/\/www.elementlogic.net\/pl\/?s={search_term_string}\"},\"query-input\":{\"@type\":\"PropertyValueSpecification\",\"valueRequired\":true,\"valueName\":\"search_term_string\"}}],\"inLanguage\":\"pl-PL\"}]}<\/script>\n<!-- \/ Yoast SEO Premium plugin. -->","yoast_head_json":{"title":"Cz\u0119\u015bci zamienne - Element Logic Poland","robots":{"index":"index","follow":"follow","max-snippet":"max-snippet:-1","max-image-preview":"max-image-preview:large","max-video-preview":"max-video-preview:-1"},"canonical":"https:\/\/www.elementlogic.net\/pl\/branze\/czesci-zamienne\/","og_locale":"pl_PL","og_type":"article","og_title":"Cz\u0119\u015bci zamienne","og_description":"Element Logic wspiera dystrybutor\u00f3w cz\u0119\u015bci w optymalizacji magazynowania, przyspieszeniu realizacji zam\u00f3wie\u0144 oraz eliminacji kosztownych b\u0142\u0119d\u00f3w kompletacyjnych. Od ponad 40 lat [&hellip;]","og_url":"https:\/\/www.elementlogic.net\/pl\/branze\/czesci-zamienne\/","og_site_name":"Element Logic Poland","twitter_card":"summary_large_image","schema":{"@context":"https:\/\/schema.org","@graph":[{"@type":"WebPage","@id":"https:\/\/www.elementlogic.net\/pl\/branze\/czesci-zamienne\/","url":"https:\/\/www.elementlogic.net\/pl\/branze\/czesci-zamienne\/","name":"Cz\u0119\u015bci zamienne - Element Logic Poland","isPartOf":{"@id":"https:\/\/www.elementlogic.net\/pl\/#website"},"datePublished":"2026-03-31T07:06:41+00:00","dateModified":"2026-03-31T07:06:41+00:00","breadcrumb":{"@id":"https:\/\/www.elementlogic.net\/pl\/branze\/czesci-zamienne\/#breadcrumb"},"inLanguage":"pl-PL","potentialAction":[{"@type":"ReadAction","target":["https:\/\/www.elementlogic.net\/pl\/branze\/czesci-zamienne\/"]}]},{"@type":"BreadcrumbList","@id":"https:\/\/www.elementlogic.net\/pl\/branze\/czesci-zamienne\/#breadcrumb","itemListElement":[{"@type":"ListItem","position":1,"name":"Bran\u017ce","item":"https:\/\/www.elementlogic.net\/pl\/branze\/"},{"@type":"ListItem","position":2,"name":"Cz\u0119\u015bci zamienne"}]},{"@type":"WebSite","@id":"https:\/\/www.elementlogic.net\/pl\/#website","url":"https:\/\/www.elementlogic.net\/pl\/","name":"Element Logic Poland","description":"","potentialAction":[{"@type":"SearchAction","target":{"@type":"EntryPoint","urlTemplate":"https:\/\/www.elementlogic.net\/pl\/?s={search_term_string}"},"query-input":{"@type":"PropertyValueSpecification","valueRequired":true,"valueName":"search_term_string"}}],"inLanguage":"pl-PL"}]}},"_links":{"self":[{"href":"https:\/\/www.elementlogic.net\/pl\/wp-json\/wp\/v2\/pages\/2780"}],"collection":[{"href":"https:\/\/www.elementlogic.net\/pl\/wp-json\/wp\/v2\/pages"}],"about":[{"href":"https:\/\/www.elementlogic.net\/pl\/wp-json\/wp\/v2\/types\/page"}],"author":[{"embeddable":true,"href":"https:\/\/www.elementlogic.net\/pl\/wp-json\/wp\/v2\/users\/58"}],"replies":[{"embeddable":true,"href":"https:\/\/www.elementlogic.net\/pl\/wp-json\/wp\/v2\/comments?post=2780"}],"version-history":[{"count":4,"href":"https:\/\/www.elementlogic.net\/pl\/wp-json\/wp\/v2\/pages\/2780\/revisions"}],"predecessor-version":[{"id":2786,"href":"https:\/\/www.elementlogic.net\/pl\/wp-json\/wp\/v2\/pages\/2780\/revisions\/2786"}],"up":[{"embeddable":true,"href":"https:\/\/www.elementlogic.net\/pl\/wp-json\/wp\/v2\/pages\/2717"}],"wp:attachment":[{"href":"https:\/\/www.elementlogic.net\/pl\/wp-json\/wp\/v2\/media?parent=2780"}],"curies":[{"name":"wp","href":"https:\/\/api.w.org\/{rel}","templated":true}]}}