{"id":2787,"date":"2026-03-06T15:22:35","date_gmt":"2026-03-06T15:22:35","guid":{"rendered":"https:\/\/www.elementlogic.net\/pl\/?page_id=2787"},"modified":"2026-03-31T07:08:10","modified_gmt":"2026-03-31T07:08:10","slug":"magazyny-chlodnicze","status":"publish","type":"page","link":"https:\/\/www.elementlogic.net\/pl\/magazyny-chlodnicze\/","title":{"rendered":"Magazyny ch\u0142odnicze"},"content":{"rendered":"\n\t\t<div style=\"--dekode-hero-dim:0.5; --t2-icon-fill:var(--wp--preset--color--white);\" class=\"alignfull dekode-hero-content-position-center has-media-background wp-block-dekode-hero has-text-color has-white-color\">\n\t\t\t<img loading=\"lazy\" decoding=\"async\" width=\"1024\" height=\"683\" src=\"https:\/\/www.elementlogic.net\/content\/uploads\/sites\/22\/2026\/02\/cold-storage2-1-1-1024x683.png\" class=\"dekode-hero__image\" alt=\"\" style=\"--focalpoint: 49% 47%;\" srcset=\"https:\/\/www.elementlogic.net\/content\/uploads\/sites\/22\/2026\/02\/cold-storage2-1-1-1024x683.png 1024w, https:\/\/www.elementlogic.net\/content\/uploads\/sites\/22\/2026\/02\/cold-storage2-1-1-300x200.png 300w, https:\/\/www.elementlogic.net\/content\/uploads\/sites\/22\/2026\/02\/cold-storage2-1-1-768x512.png 768w, https:\/\/www.elementlogic.net\/content\/uploads\/sites\/22\/2026\/02\/cold-storage2-1-1.png 1536w\" sizes=\"(max-width: 1024px) 100vw, 1024px\" \/>\n\t\t\t<div class=\"dekode-hero__content\">\n\t\t\t\t<div class=\"dekode-hero__container\">\n\t\t\t\t\t\n\n<p><\/p>\n\n\n\n<h1 class=\"wp-block-heading\" id=\"h-magazyny-chlodnicze\">Magazyny ch\u0142odnicze<\/h1>\n\n\n<p class=\"t2-ingress wp-block-t2-ingress\">Optymalizuj ka\u017cdy stopie\u0144 temperatury w swoim magazynie<\/p>\n\n\n<div class=\"wp-block-buttons is-layout-flex wp-block-buttons-is-layout-flex\">\n<div class=\"wp-block-button hs-cta-trigger-button hs-cta-trigger-button-195241208906\"><a class=\"wp-block-button__link wp-element-button\" href=\"https:\/\/www.elementlogic.net\/pl\/kontakt\/\">Skontaktuj si\u0119 z nami<\/a><\/div>\n<\/div>\n\n\n\t\t\t\t<\/div>\n\t\t\t<\/div>\n\t\t<\/div>\n\t\t\n\n<p class=\"t2-ingress wp-block-t2-ingress\">Operacje w magazynach ch\u0142odniczych funkcjonuj\u0105 pod sta\u0142\u0105 presj\u0105: rosn\u0105ce koszty energii, rygorystyczne wymogi temperaturowe oraz trudne warunki pracy wp\u0142ywaj\u0105 na wydajno\u015b\u0107 i koszty operacyjne. Jednocze\u015bnie dynamicznie ro\u015bnie popyt na produkty mro\u017cone i ch\u0142odzone \u2013 od \u017cywno\u015bci po wyroby farmaceutyczne.<\/p>\n\n\n<p><\/p>\n\n\n\n<p>Element Logic wspiera operator\u00f3w magazyn\u00f3w ch\u0142odniczych w maksymalnym wykorzystaniu kubatury, ograniczaniu koszt\u00f3w pracy oraz zapewnieniu pe\u0142nej integralno\u015bci produkt\u00f3w. Projektujemy rozwi\u0105zania automatyki magazynowej dostosowane do stref mro\u017aniczych, ch\u0142odniczych i o temperaturze kontrolowanej. Ponad 40 lat do\u015bwiadczenia w intralogistyce pozwala nam zapewnia\u0107 wysok\u0105 efektywno\u015b\u0107 operacyjn\u0105 \u2013 nawet w wymagaj\u0105cych, niskotemperaturowych \u015brodowiskach.<\/p>\n\n\n\n<div class=\"wp-block-group alignwide has-global-padding is-layout-constrained wp-block-group-is-layout-constrained\">\n<h2 class=\"wp-block-heading wp-container-content-1\" id=\"h-wyzwania-w-operacjach-chlodniczych\">Wyzwania w operacjach ch\u0142odniczych<\/h2>\n\n\n\n<ul class=\"wp-block-list\">\n<li><strong>Ograniczanie koszt\u00f3w<\/strong> energii przy jednoczesnej <strong>maksymalizacji wykorzystania przestrzeni sk\u0142adowania<\/strong><\/li>\n\n\n\n<li><strong>Niedob\u00f3r pracownik\u00f3w<\/strong> gotowych do pracy w warunkach niskiej temperatury<\/li>\n\n\n\n<li>Utrzymanie \u015bcis\u0142ej zgodno\u015bci<strong> z normami temperaturowymi<\/strong> i wymogami identyfikowalno\u015bci <\/li>\n\n\n\n<li><strong>Rosn\u0105cy popyt<\/strong> na \u017cywno\u015b\u0107, napoje i produkty farmaceutyczne wymagaj\u0105ce kontrolowanej temperatury<\/li>\n\n\n\n<li>Sprawne zarz\u0105dzanie zapasami <strong>w modelu wielostrefowym<\/strong><\/li>\n<\/ul>\n<\/div>\n\n\n\n<div class=\"wp-block-group alignwide has-global-padding is-layout-constrained wp-block-group-is-layout-constrained\">\n<h2 class=\"wp-block-heading wp-container-content-2\" id=\"h-dlaczego-operatorzy-magazynow-chlodniczych-wybieraja-element-logic\">Dlaczego operatorzy magazyn\u00f3w ch\u0142odniczych wybieraj\u0105 Element Logic?<\/h2>\n\n\n\n<ul class=\"wp-block-list\">\n<li><strong>Zwi\u0119kszenie g\u0119sto\u015bci sk\u0142adowania<\/strong> i obni\u017cenie kosztu energii w przeliczeniu na jednostk\u0119 magazynowanego towaru<\/li>\n\n\n\n<li><strong>Ograniczenie zale\u017cno\u015bci od pracy manualnej w trudnych warunkach<\/strong><\/li>\n\n\n\n<li><strong>Zapewnienie zgodno\u015bci<\/strong> z rygorystycznymi normami temperatury i jako\u015bci<\/li>\n\n\n\n<li><strong>Mo\u017cliwo\u015b\u0107 skalowania operacji<\/strong> w r\u00f3\u017cnych strefach temperaturowych<\/li>\n<\/ul>\n<\/div>\n\n\n\n<div style=\"height:100px\" aria-hidden=\"true\" class=\"wp-block-spacer\"><\/div>\n\n\n\n\t\t<div style=\"--dekode-hero-dim:0.6; --t2-icon-fill:var(--wp--preset--color--white);\" class=\"alignfull dekode-hero-content-position-center has-media-background wp-block-dekode-hero has-text-color has-white-color\">\n\t\t\t<img loading=\"lazy\" decoding=\"async\" width=\"1024\" height=\"324\" src=\"https:\/\/www.elementlogic.net\/content\/uploads\/sites\/22\/2026\/02\/20190730_ElementLogic_ONLINE_DSC_4622-WP-3-1024x324.jpg\" class=\"dekode-hero__image\" alt=\"\" style=\"--focalpoint: 62% 52%;\" srcset=\"https:\/\/www.elementlogic.net\/content\/uploads\/sites\/22\/2026\/02\/20190730_ElementLogic_ONLINE_DSC_4622-WP-3-1024x324.jpg 1024w, https:\/\/www.elementlogic.net\/content\/uploads\/sites\/22\/2026\/02\/20190730_ElementLogic_ONLINE_DSC_4622-WP-3-300x95.jpg 300w, https:\/\/www.elementlogic.net\/content\/uploads\/sites\/22\/2026\/02\/20190730_ElementLogic_ONLINE_DSC_4622-WP-3-768x243.jpg 768w, https:\/\/www.elementlogic.net\/content\/uploads\/sites\/22\/2026\/02\/20190730_ElementLogic_ONLINE_DSC_4622-WP-3-1536x485.jpg 1536w, https:\/\/www.elementlogic.net\/content\/uploads\/sites\/22\/2026\/02\/20190730_ElementLogic_ONLINE_DSC_4622-WP-3.jpg 2000w\" sizes=\"(max-width: 1024px) 100vw, 1024px\" \/>\n\t\t\t<div class=\"dekode-hero__content\">\n\t\t\t\t<div class=\"dekode-hero__container\">\n\t\t\t\t\t\n\n<h1 class=\"wp-block-heading\" id=\"h-jak-element-logic-zwieksza-efektywnosc-magazynow-chlodniczych\">Jak Element Logic zwi\u0119ksza efektywno\u015b\u0107 magazyn\u00f3w ch\u0142odniczych<\/h1>\n\n\n<p class=\"t2-ingress wp-block-t2-ingress\">Integrujemy r\u00f3\u017cne technologie w jeden sp\u00f3jny ekosystem intralogistyczny, umo\u017cliwiaj\u0105c rozw\u00f3j operacji bez kompromis\u00f3w.<\/p>\n\n\t\t\t\t<\/div>\n\t\t\t<\/div>\n\t\t<\/div>\n\t\t\n\n\n\t\t<div style=\"--link-cards-grid-columns: 3\" class=\"dekode-link-cards has-3-columns alignwide wp-block-dekode-link-cards\">\n\t\t\t<div class=\"dekode-link-cards__items\">\n\t\t\t\t\n<div class=\"wp-block-dekode-link-card has-background has-primary-background-color\"><img loading=\"lazy\" decoding=\"async\" width=\"768\" height=\"512\" src=\"https:\/\/www.elementlogic.net\/content\/uploads\/sites\/22\/2026\/02\/AutoStoreSystem-1920x1080px-_1-1-768x512.jpg\" class=\"\" alt=\"\" \/>\t<div class=\"dekode-link-card__content\">\n\t\t\t\t<p class=\"dekode-link-card__title\">\n\t\t\tSystemy automatycznego sk\u0142adowania i pobierania (ASRS)\t\t<\/p>\n\t\t\t\t\t<p class=\"dekode-link-card__description\">Maksymalizacja pojemno\u015bci magazynu przy zachowaniu kontroli temperatury. Rozwi\u0105zania o wysokiej g\u0119sto\u015bci sk\u0142adowania idealnie sprawdzaj\u0105 si\u0119 w strefach mro\u017aniczych i ch\u0142odniczych.<\/p>\n\t\t\t<\/div>\n\t<\/div>\n\n<div class=\"wp-block-dekode-link-card has-background has-primary-background-color\"><img loading=\"lazy\" decoding=\"async\" width=\"768\" height=\"513\" src=\"https:\/\/www.elementlogic.net\/content\/uploads\/sites\/22\/2026\/02\/ElementLogic_Conveyors-in-action-768x513-1-4.jpg\" class=\"\" alt=\"\" \/>\t<div class=\"dekode-link-card__content\">\n\t\t\t\t<p class=\"dekode-link-card__title\">\n\t\t\tSystemy przeno\u015bnik\u00f3w\t\t<\/p>\n\t\t\t\t\t<p class=\"dekode-link-card__description\">Zapewniaj\u0105 p\u0142ynny przep\u0142yw towar\u00f3w mi\u0119dzy stref\u0105 kompletacji, pakowania i wysy\u0142ki, przy zachowaniu ci\u0105g\u0142o\u015bci \u0142a\u0144cucha ch\u0142odniczego.<\/p>\n\t\t\t<\/div>\n\t<\/div>\n\n<div class=\"wp-block-dekode-link-card has-background has-primary-background-color\"><img loading=\"lazy\" decoding=\"async\" width=\"498\" height=\"332\" src=\"https:\/\/www.elementlogic.net\/content\/uploads\/sites\/22\/2026\/02\/DSCF2940_TSPNT_v2-Custom-2.png\" class=\"\" alt=\"\" \/>\t<div class=\"dekode-link-card__content\">\n\t\t\t\t<p class=\"dekode-link-card__title\">\n\t\t\tRozwi\u0105zania kompletacyjne i pakuj\u0105ce\t\t<\/p>\n\t\t\t\t\t<p class=\"dekode-link-card__description\">Ergonomiczne stanowiska pracy ograniczaj\u0105 czas manipulacji towarem i minimalizuj\u0105 jego ekspozycj\u0119 na niekontrolowane warunki.<\/p>\n\t\t\t<\/div>\n\t<\/div>\n\n<div class=\"wp-block-dekode-link-card has-background has-primary-background-color\"><img loading=\"lazy\" decoding=\"async\" width=\"768\" height=\"513\" src=\"https:\/\/www.elementlogic.net\/content\/uploads\/sites\/22\/2026\/02\/REISSER_Schraubentechnik_DE_ELE_01764-1-1-768x513.jpg\" class=\"\" alt=\"\" \/>\t<div class=\"dekode-link-card__content\">\n\t\t\t\t<p class=\"dekode-link-card__title\">\n\t\t\tPojazdy autonomiczne (AGV\/AMR)\t\t<\/p>\n\t\t\t\t\t<p class=\"dekode-link-card__description\">Transportuj\u0105 towary mi\u0119dzy strefami bez konieczno\u015bci d\u0142ugotrwa\u0142ej pracy personelu w niskiej temperaturze, zwi\u0119kszaj\u0105c bezpiecze\u0144stwo i komfort pracy.<\/p>\n\t\t\t<\/div>\n\t<\/div>\n\n<div class=\"wp-block-dekode-link-card has-background has-primary-background-color\"><img loading=\"lazy\" decoding=\"async\" width=\"768\" height=\"512\" src=\"https:\/\/www.elementlogic.net\/content\/uploads\/sites\/22\/2026\/02\/EL_Solar_eOperator_robot-1-768x512.jpg\" class=\"\" alt=\"\" \/>\t<div class=\"dekode-link-card__content\">\n\t\t\t\t<p class=\"dekode-link-card__title\">\n\t\t\tKompletacja robotyczna\t\t<\/p>\n\t\t\t\t\t<p class=\"dekode-link-card__description\">Automatyzuje powtarzalne operacje w \u015brodowisku ch\u0142odniczym, podnosz\u0105c wydajno\u015b\u0107 i dok\u0142adno\u015b\u0107.<\/p>\n\t\t\t<\/div>\n\t<\/div>\n\n<div class=\"wp-block-dekode-link-card has-background has-primary-background-color\"><img loading=\"lazy\" decoding=\"async\" width=\"768\" height=\"512\" src=\"https:\/\/www.elementlogic.net\/content\/uploads\/sites\/22\/2026\/02\/Element_logic_FDS_Kalle_warehousev2-4-768x512.jpg\" class=\"\" alt=\"\" \/>\t<div class=\"dekode-link-card__content\">\n\t\t\t\t<p class=\"dekode-link-card__title\">\n\t\t\tSystemy sk\u0142adowania statycznego\t\t<\/p>\n\t\t\t\t\t<p class=\"dekode-link-card__description\">Rega\u0142y do towar\u00f3w wielkogabarytowych, wolnorotuj\u0105cych lub niestandardowych, \u0142atwo integrowane z systemami automatycznymi.<\/p>\n\t\t\t<\/div>\n\t<\/div>\n\n\t\t\t<\/div>\n\t\t<\/div>\n\n\n<div style=\"height:100px;width:0px\" aria-hidden=\"true\" class=\"wp-block-spacer\"><\/div>\n\n\n\n\t\t<div style=\"--dekode-hero-dim:0.6; --t2-icon-fill:var(--wp--preset--color--white);\" class=\"alignfull dekode-hero-content-position-center has-media-background wp-block-dekode-hero has-text-color has-white-color\">\n\t\t\t<img loading=\"lazy\" decoding=\"async\" width=\"1024\" height=\"683\" src=\"https:\/\/www.elementlogic.net\/content\/uploads\/sites\/22\/2026\/02\/Fiege_1-4.jpg\" class=\"dekode-hero__image\" alt=\"\" style=\"--focalpoint: 75% 71%;\" srcset=\"https:\/\/www.elementlogic.net\/content\/uploads\/sites\/22\/2026\/02\/Fiege_1-4.jpg 1024w, https:\/\/www.elementlogic.net\/content\/uploads\/sites\/22\/2026\/02\/Fiege_1-4-300x200.jpg 300w, https:\/\/www.elementlogic.net\/content\/uploads\/sites\/22\/2026\/02\/Fiege_1-4-768x512.jpg 768w\" sizes=\"(max-width: 1024px) 100vw, 1024px\" \/>\n\t\t\t<div class=\"dekode-hero__content\">\n\t\t\t\t<div class=\"dekode-hero__container\">\n\t\t\t\t\t\n\n<h1 class=\"wp-block-heading\" id=\"h-utrzymaj-sprawnosc-lancucha-chlodniczego-dzieki-inteligentnej-automatyzacji\"><strong>Utrzymaj sprawno\u015b\u0107 \u0142a\u0144cucha ch\u0142odniczego dzi\u0119ki inteligentnej automatyzacji<\/strong><\/h1>\n\n\n\n<div class=\"wp-block-buttons is-layout-flex wp-block-buttons-is-layout-flex\">\n<div class=\"wp-block-button http:\/\/hs-cta-trigger-button hs-cta-trigger-button-195241208906\"><a class=\"wp-block-button__link wp-element-button\" href=\"https:\/\/www.elementlogic.net\/pl\/kontakt\/\">Skontaktuj si\u0119 z nami ju\u017c dzi\u015b<\/a><\/div>\n<\/div>\n\n\n\t\t\t\t<\/div>\n\t\t\t<\/div>\n\t\t<\/div>\n\t\t\n\n\n<p><\/p>\n","protected":false},"excerpt":{"rendered":"<p>Element Logic wspiera operator\u00f3w magazyn\u00f3w ch\u0142odniczych w maksymalnym wykorzystaniu kubatury, ograniczaniu koszt\u00f3w pracy oraz zapewnieniu pe\u0142nej integralno\u015bci produkt\u00f3w. Projektujemy rozwi\u0105zania [&hellip;]<\/p>\n","protected":false},"author":58,"featured_media":0,"parent":0,"menu_order":0,"comment_status":"closed","ping_status":"closed","template":"","meta":{"hreflang_relation":0,"_el_cross_publish_source_blog_url":"","_el_cross_publish_source_blog_id":0,"_el_cross_publish_source_post_id":0,"_el_cross_publish_sync_state":"","exclude_from_search":false,"footnotes":""},"class_list":["post-2787","page","type-page","status-publish","hentry"],"yoast_head":"<!-- This site is optimized with the Yoast SEO Premium plugin v23.9 (Yoast SEO v23.9) - https:\/\/yoast.com\/wordpress\/plugins\/seo\/ -->\n<title>Magazyny ch\u0142odnicze - Element Logic Poland<\/title>\n<meta name=\"robots\" content=\"index, follow, max-snippet:-1, max-image-preview:large, max-video-preview:-1\" \/>\n<link rel=\"canonical\" href=\"https:\/\/www.elementlogic.net\/pl\/magazyny-chlodnicze\/\" \/>\n<meta property=\"og:locale\" content=\"pl_PL\" \/>\n<meta property=\"og:type\" content=\"article\" \/>\n<meta property=\"og:title\" content=\"Magazyny ch\u0142odnicze\" \/>\n<meta property=\"og:description\" content=\"Element Logic wspiera operator\u00f3w magazyn\u00f3w ch\u0142odniczych w maksymalnym wykorzystaniu kubatury, ograniczaniu koszt\u00f3w pracy oraz zapewnieniu pe\u0142nej integralno\u015bci produkt\u00f3w. Projektujemy rozwi\u0105zania [&hellip;]\" \/>\n<meta property=\"og:url\" content=\"https:\/\/www.elementlogic.net\/pl\/magazyny-chlodnicze\/\" \/>\n<meta property=\"og:site_name\" content=\"Element Logic Poland\" \/>\n<meta property=\"article:modified_time\" content=\"2026-03-31T07:08:10+00:00\" \/>\n<meta name=\"twitter:card\" content=\"summary_large_image\" \/>\n<meta name=\"twitter:label1\" content=\"Szacowany czas czytania\" \/>\n\t<meta name=\"twitter:data1\" content=\"1 minuta\" \/>\n<script type=\"application\/ld+json\" class=\"yoast-schema-graph\">{\"@context\":\"https:\/\/schema.org\",\"@graph\":[{\"@type\":\"WebPage\",\"@id\":\"https:\/\/www.elementlogic.net\/pl\/magazyny-chlodnicze\/\",\"url\":\"https:\/\/www.elementlogic.net\/pl\/magazyny-chlodnicze\/\",\"name\":\"Magazyny ch\u0142odnicze - Element Logic Poland\",\"isPartOf\":{\"@id\":\"https:\/\/www.elementlogic.net\/pl\/#website\"},\"datePublished\":\"2026-03-06T15:22:35+00:00\",\"dateModified\":\"2026-03-31T07:08:10+00:00\",\"inLanguage\":\"pl-PL\",\"potentialAction\":[{\"@type\":\"ReadAction\",\"target\":[\"https:\/\/www.elementlogic.net\/pl\/magazyny-chlodnicze\/\"]}]},{\"@type\":\"WebSite\",\"@id\":\"https:\/\/www.elementlogic.net\/pl\/#website\",\"url\":\"https:\/\/www.elementlogic.net\/pl\/\",\"name\":\"Element Logic Poland\",\"description\":\"\",\"potentialAction\":[{\"@type\":\"SearchAction\",\"target\":{\"@type\":\"EntryPoint\",\"urlTemplate\":\"https:\/\/www.elementlogic.net\/pl\/?s={search_term_string}\"},\"query-input\":{\"@type\":\"PropertyValueSpecification\",\"valueRequired\":true,\"valueName\":\"search_term_string\"}}],\"inLanguage\":\"pl-PL\"}]}<\/script>\n<!-- \/ Yoast SEO Premium plugin. -->","yoast_head_json":{"title":"Magazyny ch\u0142odnicze - Element Logic Poland","robots":{"index":"index","follow":"follow","max-snippet":"max-snippet:-1","max-image-preview":"max-image-preview:large","max-video-preview":"max-video-preview:-1"},"canonical":"https:\/\/www.elementlogic.net\/pl\/magazyny-chlodnicze\/","og_locale":"pl_PL","og_type":"article","og_title":"Magazyny ch\u0142odnicze","og_description":"Element Logic wspiera operator\u00f3w magazyn\u00f3w ch\u0142odniczych w maksymalnym wykorzystaniu kubatury, ograniczaniu koszt\u00f3w pracy oraz zapewnieniu pe\u0142nej integralno\u015bci produkt\u00f3w. Projektujemy rozwi\u0105zania [&hellip;]","og_url":"https:\/\/www.elementlogic.net\/pl\/magazyny-chlodnicze\/","og_site_name":"Element Logic Poland","article_modified_time":"2026-03-31T07:08:10+00:00","twitter_card":"summary_large_image","twitter_misc":{"Szacowany czas czytania":"1 minuta"},"schema":{"@context":"https:\/\/schema.org","@graph":[{"@type":"WebPage","@id":"https:\/\/www.elementlogic.net\/pl\/magazyny-chlodnicze\/","url":"https:\/\/www.elementlogic.net\/pl\/magazyny-chlodnicze\/","name":"Magazyny ch\u0142odnicze - Element Logic Poland","isPartOf":{"@id":"https:\/\/www.elementlogic.net\/pl\/#website"},"datePublished":"2026-03-06T15:22:35+00:00","dateModified":"2026-03-31T07:08:10+00:00","inLanguage":"pl-PL","potentialAction":[{"@type":"ReadAction","target":["https:\/\/www.elementlogic.net\/pl\/magazyny-chlodnicze\/"]}]},{"@type":"WebSite","@id":"https:\/\/www.elementlogic.net\/pl\/#website","url":"https:\/\/www.elementlogic.net\/pl\/","name":"Element Logic Poland","description":"","potentialAction":[{"@type":"SearchAction","target":{"@type":"EntryPoint","urlTemplate":"https:\/\/www.elementlogic.net\/pl\/?s={search_term_string}"},"query-input":{"@type":"PropertyValueSpecification","valueRequired":true,"valueName":"search_term_string"}}],"inLanguage":"pl-PL"}]}},"_links":{"self":[{"href":"https:\/\/www.elementlogic.net\/pl\/wp-json\/wp\/v2\/pages\/2787"}],"collection":[{"href":"https:\/\/www.elementlogic.net\/pl\/wp-json\/wp\/v2\/pages"}],"about":[{"href":"https:\/\/www.elementlogic.net\/pl\/wp-json\/wp\/v2\/types\/page"}],"author":[{"embeddable":true,"href":"https:\/\/www.elementlogic.net\/pl\/wp-json\/wp\/v2\/users\/58"}],"replies":[{"embeddable":true,"href":"https:\/\/www.elementlogic.net\/pl\/wp-json\/wp\/v2\/comments?post=2787"}],"version-history":[{"count":2,"href":"https:\/\/www.elementlogic.net\/pl\/wp-json\/wp\/v2\/pages\/2787\/revisions"}],"predecessor-version":[{"id":2799,"href":"https:\/\/www.elementlogic.net\/pl\/wp-json\/wp\/v2\/pages\/2787\/revisions\/2799"}],"wp:attachment":[{"href":"https:\/\/www.elementlogic.net\/pl\/wp-json\/wp\/v2\/media?parent=2787"}],"curies":[{"name":"wp","href":"https:\/\/api.w.org\/{rel}","templated":true}]}}