{"id":2803,"date":"2026-03-30T14:58:18","date_gmt":"2026-03-30T14:58:18","guid":{"rendered":"https:\/\/www.elementlogic.net\/pl\/?page_id=2803"},"modified":"2026-03-30T14:59:31","modified_gmt":"2026-03-30T14:59:31","slug":"artykuly-sportowe","status":"publish","type":"page","link":"https:\/\/www.elementlogic.net\/pl\/branze\/artykuly-sportowe\/","title":{"rendered":"Artyku\u0142y sportowe"},"content":{"rendered":"\n\t\t<div style=\"--dekode-hero-dim:0.5; --t2-icon-fill:var(--wp--preset--color--white);\" class=\"alignfull dekode-hero-content-position-center has-media-background wp-block-dekode-hero has-text-color has-white-color\">\n\t\t\t<img loading=\"lazy\" decoding=\"async\" width=\"1024\" height=\"1024\" src=\"https:\/\/www.elementlogic.net\/content\/uploads\/sites\/22\/2026\/02\/Sporstwear-1.png\" class=\"dekode-hero__image\" alt=\"\" style=\"--focalpoint: 48% 51%;\" srcset=\"https:\/\/www.elementlogic.net\/content\/uploads\/sites\/22\/2026\/02\/Sporstwear-1.png 1024w, https:\/\/www.elementlogic.net\/content\/uploads\/sites\/22\/2026\/02\/Sporstwear-1-300x300.png 300w, https:\/\/www.elementlogic.net\/content\/uploads\/sites\/22\/2026\/02\/Sporstwear-1-150x150.png 150w, https:\/\/www.elementlogic.net\/content\/uploads\/sites\/22\/2026\/02\/Sporstwear-1-768x768.png 768w\" sizes=\"(max-width: 1024px) 100vw, 1024px\" \/>\n\t\t\t<div class=\"dekode-hero__content\">\n\t\t\t\t<div class=\"dekode-hero__container\">\n\t\t\t\t\t\n\n<p><\/p>\n\n\n\n<h1 class=\"wp-block-heading\" id=\"h-odziez-i-sprzet-sportowy\">Odzie\u017c i sprz\u0119t sportowy<\/h1>\n\n\n<p class=\"t2-ingress wp-block-t2-ingress\">Skaluj sw\u00f3j \u0142a\u0144cuch dostaw na najwy\u017csze obroty<\/p>\n\n\n<div class=\"wp-block-buttons is-layout-flex wp-block-buttons-is-layout-flex\">\n<div class=\"wp-block-button hs-cta-trigger-button hs-cta-trigger-button-195241208906 has-icon has-icon-theme_arrow\"><a class=\"wp-block-button__link wp-element-button\" href=\"https:\/\/www.elementlogic.net\/pl\/kontakt\/\">Skontaktuj si\u0119 z nami<svg xmlns=\"http:\/\/www.w3.org\/2000\/svg\" viewBox=\"0 0 24 24\" height=\"24\" width=\"24\" class=\"t2-icon t2-icon-theme_arrow\" aria-hidden=\"true\" focusable=\"false\"><path d=\"M16.627 12.75H5.25C5.03717 12.75 4.859 12.6782 4.7155 12.5345C4.57183 12.391 4.5 12.2128 4.5 12C4.5 11.7872 4.57183 11.609 4.7155 11.4655C4.859 11.3218 5.03717 11.25 5.25 11.25H16.627L11.4577 6.08076C11.3091 5.93209 11.2357 5.75809 11.2375 5.55876C11.2395 5.35942 11.318 5.18217 11.473 5.02701C11.6282 4.88217 11.8038 4.80717 12 4.80201C12.1962 4.79684 12.3718 4.87184 12.527 5.02701L18.8673 11.3673C18.9609 11.4609 19.0269 11.5597 19.0652 11.6635C19.1037 11.7673 19.123 11.8795 19.123 12C19.123 12.1205 19.1037 12.2327 19.0652 12.3365C19.0269 12.4403 18.9609 12.5391 18.8673 12.6328L12.527 18.973C12.3885 19.1115 12.217 19.1823 12.0125 19.1855C11.808 19.1887 11.6282 19.1178 11.473 18.973C11.318 18.8178 11.2405 18.6397 11.2405 18.4385C11.2405 18.2372 11.318 18.0589 11.473 17.9038L16.627 12.75Z\" fill=\"var(--t2-icon-fill, #000)\"\/><\/svg><\/a><\/div>\n<\/div>\n\n\n\t\t\t\t<\/div>\n\t\t\t<\/div>\n\t\t<\/div>\n\t\t\n\n<p class=\"t2-ingress wp-block-t2-ingress\">Od obuwia i koszulek sportowych, przez akcesoria, po gad\u017cety dla kibic\u00f3w \u2014 bran\u017ca odzie\u017cy sportowej dzia\u0142a w szybkim tempie. <strong>Sezonowe wzrosty popytu<\/strong>, <strong>z\u0142o\u017cone procesy zwrot\u00f3w<\/strong> oraz <strong>szeroka gama SKU<\/strong> mog\u0105 przeci\u0105\u017cy\u0107 nawet najlepiej zarz\u0105dzane magazyny. Element Logic wspiera marki sportswear, dostarczaj\u0105c rozwi\u0105zania automatyzacyjne zapewniaj\u0105ce szybko\u015b\u0107, precyzj\u0119 i skalowalno\u015b\u0107 operacji.<\/p>\n\n\n<p><\/p>\n\n\n\n<p>Dzi\u0119ki ponad 40-letniemu do\u015bwiadczeniu w intralogistyce projektujemy niezawodne, przysz\u0142o\u015bciowe systemy, kt\u00f3re pozwalaj\u0105 utrzyma\u0107 konkurencyjno\u015b\u0107 \u0142a\u0144cucha dostaw w ka\u017cdym sezonie.<\/p>\n\n\n\n<div class=\"wp-block-group has-global-padding is-layout-constrained wp-block-group-is-layout-constrained\">\n<h2 class=\"wp-block-heading wp-container-content-1\" id=\"h-wyzwania-przed-ktorymi-stoja-marki-sportowe\">Wyzwania, przed kt\u00f3rymi stoj\u0105 marki sportowe<\/h2>\n\n\n\n<ul class=\"wp-block-list\">\n<li>Sezonowe piki sprzeda\u017cowe obci\u0105\u017caj\u0105ce powierzchni\u0119 magazynow\u0105 i procesy realizacji zam\u00f3wie\u0144<\/li>\n\n\n\n<li>Du\u017ca r\u00f3\u017cnorodno\u015b\u0107 SKU w kategorii odzie\u017cy, obuwia i akcesori\u00f3w<\/li>\n\n\n\n<li>Oczekiwania klient\u00f3w dotycz\u0105ce szybkich dostaw w modelu D2C oraz hurtowym<\/li>\n\n\n\n<li>Z\u0142o\u017cona logistyka zwrot\u00f3w, obejmuj\u0105ca wymiany, restocking i kontrol\u0119 jako\u015bci<\/li>\n<\/ul>\n<\/div>\n\n\n\n\t\t<div style=\"--dekode-hero-dim:0.5; --t2-icon-fill:var(--wp--preset--color--white);\" class=\"alignfull dekode-hero-content-position-center has-media-background wp-block-dekode-hero has-text-color has-white-color\">\n\t\t\t\t\t<video\n\t\t\tautoplay\n\t\t\tloop\n\t\t\tmuted\n\t\t\tplaysinline\n\t\t\tposter=\"\"\n\t\t\tsrc=\"https:\/\/www.elementlogic.net\/content\/uploads\/sites\/22\/\/2024\/09\/solutions-and-services.mp4\">\n\t\t<\/video>\n\t\t\n\t\t\t<div class=\"dekode-hero__content\">\n\t\t\t\t<div class=\"dekode-hero__container\">\n\t\t\t\t\t\n\n<h2 class=\"wp-block-heading\" id=\"h-zaufali-nam-wiodace-marki-sportowe\">Zaufali nam wiod\u0105ce marki sportowe<\/h2>\n\n\n\t\t\t\t<\/div>\n\t\t\t<\/div>\n\t\t<\/div>\n\t\t\n\n<div class=\"t2-featured-content-layout alignwide wp-block-t2-featured-content-layout\">\n<div class=\"t2-featured-single-post t2-featured-content is-post-type-case case_tax-artykuly-sportowe case_tax-moda-i-odziez case_tax-wysoka-przepustowosc wp-block-t2-featured-single-post\"><a class=\"t2-post-link wp-block-t2-post-link\" href=\"https:\/\/www.elementlogic.net\/pl\/cases\/polaczenie-doswiadczenia-i-szerokiej-gamy-rozwiazan-zrodlem-przewagi-konkurencyjnej-xxl\/\">\n\t<div class=\"client-logo-image-wrapper\"><img loading=\"lazy\" decoding=\"async\" width=\"300\" height=\"156\" src=\"https:\/\/www.elementlogic.net\/content\/uploads\/sites\/22\/\/2024\/09\/XXL-Logo-300x156.png\" class=\"client-logo-image\" alt=\"\" \/><\/div>\n\t<figure style=\"--t2-focal-point: 50% 50%;\" class=\"t2-post-featured-image has-image-ratio-3-2 wp-block-t2-post-featured-image\"><img loading=\"lazy\" decoding=\"async\" width=\"1063\" height=\"709\" src=\"https:\/\/www.elementlogic.net\/content\/uploads\/sites\/22\/\/2024\/09\/XXL-AutoStore-Grid-Overview.jpg\" class=\"attachment-post-thumbnail size-post-thumbnail wp-post-image\" alt=\"\" srcset=\"https:\/\/www.elementlogic.net\/content\/uploads\/sites\/22\/2024\/09\/XXL-AutoStore-Grid-Overview.jpg 1063w, https:\/\/www.elementlogic.net\/content\/uploads\/sites\/22\/2024\/09\/XXL-AutoStore-Grid-Overview-300x200.jpg 300w, https:\/\/www.elementlogic.net\/content\/uploads\/sites\/22\/2024\/09\/XXL-AutoStore-Grid-Overview-1024x683.jpg 1024w, https:\/\/www.elementlogic.net\/content\/uploads\/sites\/22\/2024\/09\/XXL-AutoStore-Grid-Overview-768x512.jpg 768w\" sizes=\"(max-width: 1063px) 100vw, 1063px\" \/><\/figure>\n\t\n<\/a>\n\n\t\t<div class=\"card-content wp-block-t2-wrapper\">\n\t<div class=\"wp-block-dekode-post-terms\"><span>Artyku\u0142y sportowe<\/span><span>Moda i odzie\u017c<\/span><span>Operacje o wysokiej przepustowo\u015bci<\/span><\/div>\n\t<h3 class=\"t2-post-title wp-block-t2-post-title\"><a href=\"https:\/\/www.elementlogic.net\/pl\/cases\/polaczenie-doswiadczenia-i-szerokiej-gamy-rozwiazan-zrodlem-przewagi-konkurencyjnej-xxl\/\" target=\"_self\" >Po\u0142\u0105czenie do\u015bwiadczenia \ni szerokiej gamy rozwi\u0105za\u0144 \u017ar\u00f3d\u0142em przewagi konkurencyjnej XXL<\/a><\/h3>\n\t<div class=\"t2-post-excerpt wp-block-t2-post-excerpt\"><p>XXL Sport og Villmark to najwi\u0119ksza i najszybciej rozwijaj\u0105ca si\u0119 sie\u0107 sklep\u00f3w sportowych w Skandynawii. Ci\u0105g\u0142y wzrost wywiera\u0142 coraz wi\u0119ksz\u0105 [&hellip;]<\/p><\/div>\n<\/div>\n<\/div>\n\n<div class=\"t2-featured-single-post t2-featured-content is-post-type-case case_tax-artykuly-sportowe case_tax-wysoka-przepustowosc case_tax-retail wp-block-t2-featured-single-post\"><a class=\"t2-post-link wp-block-t2-post-link\" href=\"https:\/\/www.elementlogic.net\/pl\/cases\/helly-hansen-rewolucjonizuje-centrum-dystrybucji-dzieki-wspolpracy-z-element-logic\/\">\n\t<div class=\"client-logo-image-wrapper\"><img loading=\"lazy\" decoding=\"async\" width=\"300\" height=\"203\" src=\"https:\/\/www.elementlogic.net\/content\/uploads\/sites\/22\/2025\/06\/helly_hansen_logo-300x203-1.png\" class=\"client-logo-image\" alt=\"\" \/><\/div>\n\t<figure style=\"--t2-focal-point: 50% 50%;\" class=\"t2-post-featured-image has-image-ratio-3-2 wp-block-t2-post-featured-image\"><img loading=\"lazy\" decoding=\"async\" width=\"2560\" height=\"1920\" src=\"https:\/\/www.elementlogic.net\/content\/uploads\/sites\/22\/\/2024\/09\/image-92.png\" class=\"attachment-post-thumbnail size-post-thumbnail wp-post-image\" alt=\"\" srcset=\"https:\/\/www.elementlogic.net\/content\/uploads\/sites\/22\/2024\/09\/image-92.png 2560w, https:\/\/www.elementlogic.net\/content\/uploads\/sites\/22\/2024\/09\/image-92-300x225.png 300w, https:\/\/www.elementlogic.net\/content\/uploads\/sites\/22\/2024\/09\/image-92-1024x768.png 1024w, https:\/\/www.elementlogic.net\/content\/uploads\/sites\/22\/2024\/09\/image-92-768x576.png 768w, https:\/\/www.elementlogic.net\/content\/uploads\/sites\/22\/2024\/09\/image-92-1536x1152.png 1536w, https:\/\/www.elementlogic.net\/content\/uploads\/sites\/22\/2024\/09\/image-92-2048x1536.png 2048w\" sizes=\"(max-width: 2560px) 100vw, 2560px\" \/><\/figure>\n\t\n<\/a>\n\n\t\t<div class=\"card-content wp-block-t2-wrapper\">\n\t<div class=\"wp-block-dekode-post-terms\"><span>Artyku\u0142y sportowe<\/span><span>Operacje o wysokiej przepustowo\u015bci<\/span><span>Retail<\/span><\/div>\n\t<h3 class=\"t2-post-title wp-block-t2-post-title\"><a href=\"https:\/\/www.elementlogic.net\/pl\/cases\/helly-hansen-rewolucjonizuje-centrum-dystrybucji-dzieki-wspolpracy-z-element-logic\/\" target=\"_self\" >Helly Hansen rewolucjonizuje centrum dystrybucji dzi\u0119ki wsp\u00f3\u0142pracy z Element Logic<\/a><\/h3>\n\t<div class=\"t2-post-excerpt wp-block-t2-post-excerpt\"><p>Wyzwanie Dynamiczna ekspansja Helly Hansen na rynku ameryka\u0144skim ujawni\u0142a kluczowe problemy zwi\u0105zane ze skalowalno\u015bci\u0105 i efektywno\u015bci\u0105. Marka potrzebowa\u0142a rozwi\u0105zania, kt\u00f3re [&hellip;]<\/p><\/div>\n<\/div>\n<\/div>\n\n<div class=\"t2-featured-single-post t2-featured-content is-post-type-case case_tax-artykuly-sportowe case_tax-moda-i-odziez wp-block-t2-featured-single-post\"><a class=\"t2-post-link wp-block-t2-post-link\" href=\"https:\/\/www.elementlogic.net\/pl\/cases\/dostawca-odziezy-pilkarskiej-odnosi-duze-sukcesy-dzieki-automatyzacji-magazynu\/\">\n\t<div class=\"client-logo-image-wrapper\"><img loading=\"lazy\" decoding=\"async\" width=\"300\" height=\"57\" src=\"https:\/\/www.elementlogic.net\/content\/uploads\/sites\/22\/\/2024\/09\/Direct-Soccer-Logo-300x57.png\" class=\"client-logo-image\" alt=\"\" \/><\/div>\n\t<figure style=\"--t2-focal-point: 50% 50%;\" class=\"t2-post-featured-image has-image-ratio-3-2 wp-block-t2-post-featured-image\"><img loading=\"lazy\" decoding=\"async\" width=\"2560\" height=\"1707\" src=\"https:\/\/www.elementlogic.net\/content\/uploads\/sites\/22\/\/2024\/09\/Direct-Soccer-AutoStore-from-Element-Logic-scaled.jpg\" class=\"attachment-post-thumbnail size-post-thumbnail wp-post-image\" alt=\"\" srcset=\"https:\/\/www.elementlogic.net\/content\/uploads\/sites\/22\/2024\/09\/Direct-Soccer-AutoStore-from-Element-Logic-scaled.jpg 2560w, https:\/\/www.elementlogic.net\/content\/uploads\/sites\/22\/2024\/09\/Direct-Soccer-AutoStore-from-Element-Logic-scaled-300x200.jpg 300w, https:\/\/www.elementlogic.net\/content\/uploads\/sites\/22\/2024\/09\/Direct-Soccer-AutoStore-from-Element-Logic-scaled-1024x683.jpg 1024w, https:\/\/www.elementlogic.net\/content\/uploads\/sites\/22\/2024\/09\/Direct-Soccer-AutoStore-from-Element-Logic-scaled-768x512.jpg 768w, https:\/\/www.elementlogic.net\/content\/uploads\/sites\/22\/2024\/09\/Direct-Soccer-AutoStore-from-Element-Logic-scaled-1536x1024.jpg 1536w, https:\/\/www.elementlogic.net\/content\/uploads\/sites\/22\/2024\/09\/Direct-Soccer-AutoStore-from-Element-Logic-scaled-2048x1366.jpg 2048w\" sizes=\"(max-width: 2560px) 100vw, 2560px\" \/><\/figure>\n\t\n<\/a>\n\n\t\t<div class=\"card-content wp-block-t2-wrapper\">\n\t<div class=\"wp-block-dekode-post-terms\"><span>Artyku\u0142y sportowe<\/span><span>Moda i odzie\u017c<\/span><\/div>\n\t<h3 class=\"t2-post-title wp-block-t2-post-title\"><a href=\"https:\/\/www.elementlogic.net\/pl\/cases\/dostawca-odziezy-pilkarskiej-odnosi-duze-sukcesy-dzieki-automatyzacji-magazynu\/\" target=\"_self\" >Dostawca odzie\u017cy pi\u0142karskiej odnosi du\u017ce sukcesy dzi\u0119ki automatyzacji magazynu<\/a><\/h3>\n\t<div class=\"t2-post-excerpt wp-block-t2-post-excerpt\"><p>Pierwsi \u2013 nie po raz pierwszy Firma Direct Soccer, z siedzib\u0105 w Dundee w Szkocji, jest firm\u0105 rodzinn\u0105 i jednym [&hellip;]<\/p><\/div>\n<\/div>\n<\/div>\n<\/div>\n\n\n<div class=\"wp-block-buttons is-layout-flex wp-block-buttons-is-layout-flex\">\n<div class=\"wp-block-button\"><a class=\"wp-block-button__link wp-element-button\" href=\"https:\/\/www.elementlogic.net\/pl\/cases\/category\/artykuly-sportowe\/\">Wi\u0119cej przyk\u0142ad\u00f3w z tej bran\u017cy<\/a><\/div>\n<\/div>\n\n\n\n<div class=\"wp-block-group is-layout-flex wp-block-group-is-layout-flex\">\n<h2 class=\"wp-block-heading wp-container-content-2\" id=\"h-dlaczego-marki-sportowe-wybieraja-element-logic-nbsp\"><strong>Dlaczego marki sportowe wybieraj\u0105 Element Logic<\/strong>&nbsp;<\/h2>\n\n\n\n<ul class=\"wp-block-list\">\n<li><strong>P\u0142ynne skalowanie operacji <\/strong>w odpowiedzi na sezonowe skoki popytu<\/li>\n\n\n\n<li><strong>Przyspieszenie realizacji zam\u00f3wie\u0144<\/strong> przy jednoczesnej redukcji b\u0142\u0119d\u00f3w i koszt\u00f3w<\/li>\n\n\n\n<li><strong>Uproszczenie proces\u00f3w<\/strong> zwrot\u00f3w i logistyki odwr\u00f3conej<\/li>\n\n\n\n<li>Sprawdzone, <strong>przysz\u0142o\u015bciowe<\/strong> rozwi\u0105zania wykorzystywane w wielu bran\u017cach<\/li>\n<\/ul>\n<\/div>\n\n\n\n<div style=\"height:100px;width:0px\" aria-hidden=\"true\" class=\"wp-block-spacer\"><\/div>\n\n\n\n\t\t<div style=\"--dekode-hero-dim:0.6; --t2-icon-fill:var(--wp--preset--color--white);\" class=\"alignfull dekode-hero-content-position-center has-media-background wp-block-dekode-hero has-text-color has-white-color\">\n\t\t\t<img loading=\"lazy\" decoding=\"async\" width=\"1024\" height=\"683\" src=\"https:\/\/www.elementlogic.net\/content\/uploads\/sites\/22\/2026\/02\/Fiege_1-4-1.jpg\" class=\"dekode-hero__image\" alt=\"\" style=\"--focalpoint: 75% 71%;\" srcset=\"https:\/\/www.elementlogic.net\/content\/uploads\/sites\/22\/2026\/02\/Fiege_1-4-1.jpg 1024w, https:\/\/www.elementlogic.net\/content\/uploads\/sites\/22\/2026\/02\/Fiege_1-4-1-300x200.jpg 300w, https:\/\/www.elementlogic.net\/content\/uploads\/sites\/22\/2026\/02\/Fiege_1-4-1-768x512.jpg 768w\" sizes=\"(max-width: 1024px) 100vw, 1024px\" \/>\n\t\t\t<div class=\"dekode-hero__content\">\n\t\t\t\t<div class=\"dekode-hero__container\">\n\t\t\t\t\t\n\n<h1 class=\"wp-block-heading\" id=\"h-kolejny-sezon-juz-czeka-czy-jestes-na-niego-gotowy\"><strong>Kolejny sezon ju\u017c czeka. Czy jeste\u015b na niego gotowy<\/strong>?<\/h1>\n\n\n\n<div class=\"wp-block-buttons is-layout-flex wp-block-buttons-is-layout-flex\">\n<div class=\"wp-block-button http:\/\/hs-cta-trigger-button hs-cta-trigger-button-195241208906\"><a class=\"wp-block-button__link wp-element-button\" href=\"https:\/\/www.elementlogic.net\/pl\/kontakt\/\">Skontaktuj si\u0119 z nami ju\u017c dzi\u015b<\/a><\/div>\n<\/div>\n\n\n\t\t\t\t<\/div>\n\t\t\t<\/div>\n\t\t<\/div>\n\t\t\n\n\n<p><\/p>\n","protected":false},"excerpt":{"rendered":"<p>Dzi\u0119ki ponad 40-letniemu do\u015bwiadczeniu w intralogistyce projektujemy niezawodne, przysz\u0142o\u015bciowe systemy, kt\u00f3re pozwalaj\u0105 utrzyma\u0107 konkurencyjno\u015b\u0107 \u0142a\u0144cucha dostaw w ka\u017cdym sezonie. Wyzwania, [&hellip;]<\/p>\n","protected":false},"author":58,"featured_media":0,"parent":2717,"menu_order":0,"comment_status":"closed","ping_status":"closed","template":"","meta":{"hreflang_relation":0,"_el_cross_publish_source_blog_url":"","_el_cross_publish_source_blog_id":0,"_el_cross_publish_source_post_id":0,"_el_cross_publish_sync_state":"","exclude_from_search":false,"footnotes":""},"class_list":["post-2803","page","type-page","status-publish","hentry"],"yoast_head":"<!-- This site is optimized with the Yoast SEO Premium plugin v23.9 (Yoast SEO v23.9) - https:\/\/yoast.com\/wordpress\/plugins\/seo\/ -->\n<title>Artyku\u0142y sportowe - Element Logic Poland<\/title>\n<meta name=\"robots\" content=\"index, follow, max-snippet:-1, max-image-preview:large, max-video-preview:-1\" \/>\n<link rel=\"canonical\" href=\"https:\/\/www.elementlogic.net\/pl\/branze\/artykuly-sportowe\/\" \/>\n<meta property=\"og:locale\" content=\"pl_PL\" \/>\n<meta property=\"og:type\" content=\"article\" \/>\n<meta property=\"og:title\" content=\"Artyku\u0142y sportowe\" \/>\n<meta property=\"og:description\" content=\"Dzi\u0119ki ponad 40-letniemu do\u015bwiadczeniu w intralogistyce projektujemy niezawodne, przysz\u0142o\u015bciowe systemy, kt\u00f3re pozwalaj\u0105 utrzyma\u0107 konkurencyjno\u015b\u0107 \u0142a\u0144cucha dostaw w ka\u017cdym sezonie. Wyzwania, [&hellip;]\" \/>\n<meta property=\"og:url\" content=\"https:\/\/www.elementlogic.net\/pl\/branze\/artykuly-sportowe\/\" \/>\n<meta property=\"og:site_name\" content=\"Element Logic Poland\" \/>\n<meta property=\"article:modified_time\" content=\"2026-03-30T14:59:31+00:00\" \/>\n<meta name=\"twitter:card\" content=\"summary_large_image\" \/>\n<meta name=\"twitter:label1\" content=\"Szacowany czas czytania\" \/>\n\t<meta name=\"twitter:data1\" content=\"1 minuta\" \/>\n<script type=\"application\/ld+json\" class=\"yoast-schema-graph\">{\"@context\":\"https:\/\/schema.org\",\"@graph\":[{\"@type\":\"WebPage\",\"@id\":\"https:\/\/www.elementlogic.net\/pl\/branze\/artykuly-sportowe\/\",\"url\":\"https:\/\/www.elementlogic.net\/pl\/branze\/artykuly-sportowe\/\",\"name\":\"Artyku\u0142y sportowe - Element Logic Poland\",\"isPartOf\":{\"@id\":\"https:\/\/www.elementlogic.net\/pl\/#website\"},\"datePublished\":\"2026-03-30T14:58:18+00:00\",\"dateModified\":\"2026-03-30T14:59:31+00:00\",\"breadcrumb\":{\"@id\":\"https:\/\/www.elementlogic.net\/pl\/branze\/artykuly-sportowe\/#breadcrumb\"},\"inLanguage\":\"pl-PL\",\"potentialAction\":[{\"@type\":\"ReadAction\",\"target\":[\"https:\/\/www.elementlogic.net\/pl\/branze\/artykuly-sportowe\/\"]}]},{\"@type\":\"BreadcrumbList\",\"@id\":\"https:\/\/www.elementlogic.net\/pl\/branze\/artykuly-sportowe\/#breadcrumb\",\"itemListElement\":[{\"@type\":\"ListItem\",\"position\":1,\"name\":\"Bran\u017ce\",\"item\":\"https:\/\/www.elementlogic.net\/pl\/branze\/\"},{\"@type\":\"ListItem\",\"position\":2,\"name\":\"Artyku\u0142y sportowe\"}]},{\"@type\":\"WebSite\",\"@id\":\"https:\/\/www.elementlogic.net\/pl\/#website\",\"url\":\"https:\/\/www.elementlogic.net\/pl\/\",\"name\":\"Element Logic Poland\",\"description\":\"\",\"potentialAction\":[{\"@type\":\"SearchAction\",\"target\":{\"@type\":\"EntryPoint\",\"urlTemplate\":\"https:\/\/www.elementlogic.net\/pl\/?s={search_term_string}\"},\"query-input\":{\"@type\":\"PropertyValueSpecification\",\"valueRequired\":true,\"valueName\":\"search_term_string\"}}],\"inLanguage\":\"pl-PL\"}]}<\/script>\n<!-- \/ Yoast SEO Premium plugin. -->","yoast_head_json":{"title":"Artyku\u0142y sportowe - Element Logic Poland","robots":{"index":"index","follow":"follow","max-snippet":"max-snippet:-1","max-image-preview":"max-image-preview:large","max-video-preview":"max-video-preview:-1"},"canonical":"https:\/\/www.elementlogic.net\/pl\/branze\/artykuly-sportowe\/","og_locale":"pl_PL","og_type":"article","og_title":"Artyku\u0142y sportowe","og_description":"Dzi\u0119ki ponad 40-letniemu do\u015bwiadczeniu w intralogistyce projektujemy niezawodne, przysz\u0142o\u015bciowe systemy, kt\u00f3re pozwalaj\u0105 utrzyma\u0107 konkurencyjno\u015b\u0107 \u0142a\u0144cucha dostaw w ka\u017cdym sezonie. Wyzwania, [&hellip;]","og_url":"https:\/\/www.elementlogic.net\/pl\/branze\/artykuly-sportowe\/","og_site_name":"Element Logic Poland","article_modified_time":"2026-03-30T14:59:31+00:00","twitter_card":"summary_large_image","twitter_misc":{"Szacowany czas czytania":"1 minuta"},"schema":{"@context":"https:\/\/schema.org","@graph":[{"@type":"WebPage","@id":"https:\/\/www.elementlogic.net\/pl\/branze\/artykuly-sportowe\/","url":"https:\/\/www.elementlogic.net\/pl\/branze\/artykuly-sportowe\/","name":"Artyku\u0142y sportowe - Element Logic Poland","isPartOf":{"@id":"https:\/\/www.elementlogic.net\/pl\/#website"},"datePublished":"2026-03-30T14:58:18+00:00","dateModified":"2026-03-30T14:59:31+00:00","breadcrumb":{"@id":"https:\/\/www.elementlogic.net\/pl\/branze\/artykuly-sportowe\/#breadcrumb"},"inLanguage":"pl-PL","potentialAction":[{"@type":"ReadAction","target":["https:\/\/www.elementlogic.net\/pl\/branze\/artykuly-sportowe\/"]}]},{"@type":"BreadcrumbList","@id":"https:\/\/www.elementlogic.net\/pl\/branze\/artykuly-sportowe\/#breadcrumb","itemListElement":[{"@type":"ListItem","position":1,"name":"Bran\u017ce","item":"https:\/\/www.elementlogic.net\/pl\/branze\/"},{"@type":"ListItem","position":2,"name":"Artyku\u0142y sportowe"}]},{"@type":"WebSite","@id":"https:\/\/www.elementlogic.net\/pl\/#website","url":"https:\/\/www.elementlogic.net\/pl\/","name":"Element Logic Poland","description":"","potentialAction":[{"@type":"SearchAction","target":{"@type":"EntryPoint","urlTemplate":"https:\/\/www.elementlogic.net\/pl\/?s={search_term_string}"},"query-input":{"@type":"PropertyValueSpecification","valueRequired":true,"valueName":"search_term_string"}}],"inLanguage":"pl-PL"}]}},"_links":{"self":[{"href":"https:\/\/www.elementlogic.net\/pl\/wp-json\/wp\/v2\/pages\/2803"}],"collection":[{"href":"https:\/\/www.elementlogic.net\/pl\/wp-json\/wp\/v2\/pages"}],"about":[{"href":"https:\/\/www.elementlogic.net\/pl\/wp-json\/wp\/v2\/types\/page"}],"author":[{"embeddable":true,"href":"https:\/\/www.elementlogic.net\/pl\/wp-json\/wp\/v2\/users\/58"}],"replies":[{"embeddable":true,"href":"https:\/\/www.elementlogic.net\/pl\/wp-json\/wp\/v2\/comments?post=2803"}],"version-history":[{"count":4,"href":"https:\/\/www.elementlogic.net\/pl\/wp-json\/wp\/v2\/pages\/2803\/revisions"}],"predecessor-version":[{"id":3007,"href":"https:\/\/www.elementlogic.net\/pl\/wp-json\/wp\/v2\/pages\/2803\/revisions\/3007"}],"up":[{"embeddable":true,"href":"https:\/\/www.elementlogic.net\/pl\/wp-json\/wp\/v2\/pages\/2717"}],"wp:attachment":[{"href":"https:\/\/www.elementlogic.net\/pl\/wp-json\/wp\/v2\/media?parent=2803"}],"curies":[{"name":"wp","href":"https:\/\/api.w.org\/{rel}","templated":true}]}}