{"id":2808,"date":"2026-03-31T07:09:29","date_gmt":"2026-03-31T07:09:29","guid":{"rendered":"https:\/\/www.elementlogic.net\/pl\/?page_id=2808"},"modified":"2026-03-31T07:09:30","modified_gmt":"2026-03-31T07:09:30","slug":"retail","status":"publish","type":"page","link":"https:\/\/www.elementlogic.net\/pl\/branze\/retail\/","title":{"rendered":"Retail"},"content":{"rendered":"\n\t\t<div style=\"--dekode-hero-dim:0.5; --t2-icon-fill:var(--wp--preset--color--white);\" class=\"alignfull dekode-hero-content-position-center has-media-background wp-block-dekode-hero has-text-color has-white-color\">\n\t\t\t<img loading=\"lazy\" decoding=\"async\" width=\"1024\" height=\"683\" src=\"https:\/\/www.elementlogic.net\/content\/uploads\/sites\/22\/2026\/02\/retail-cinematic-sora2-1-1024x683.png\" class=\"dekode-hero__image\" alt=\"\" style=\"--focalpoint: 51% 43%;\" srcset=\"https:\/\/www.elementlogic.net\/content\/uploads\/sites\/22\/2026\/02\/retail-cinematic-sora2-1-1024x683.png 1024w, https:\/\/www.elementlogic.net\/content\/uploads\/sites\/22\/2026\/02\/retail-cinematic-sora2-1-300x200.png 300w, https:\/\/www.elementlogic.net\/content\/uploads\/sites\/22\/2026\/02\/retail-cinematic-sora2-1-768x512.png 768w, https:\/\/www.elementlogic.net\/content\/uploads\/sites\/22\/2026\/02\/retail-cinematic-sora2-1.png 1536w\" sizes=\"(max-width: 1024px) 100vw, 1024px\" \/>\n\t\t\t<div class=\"dekode-hero__content\">\n\t\t\t\t<div class=\"dekode-hero__container\">\n\t\t\t\t\t\n\n<h1 class=\"wp-block-heading\" id=\"h-retail\">Retail<\/h1>\n\n\n<p class=\"t2-ingress wp-block-t2-ingress\">Zautomatyzowana \u015bcie\u017cka &#8211; z p\u00f3\u0142ki sklepowej do drzwi klienta<\/p>\n\n\n<div class=\"wp-block-buttons is-layout-flex wp-block-buttons-is-layout-flex\">\n<div class=\"wp-block-button hs-cta-trigger-button hs-cta-trigger-button-195241208906 has-icon has-icon-theme_arrow\"><a class=\"wp-block-button__link wp-element-button\" href=\"https:\/\/www.elementlogic.net\/pl\/kontakt\/\">Skontaktuj si\u0119 z nami<svg xmlns=\"http:\/\/www.w3.org\/2000\/svg\" viewBox=\"0 0 24 24\" height=\"24\" width=\"24\" class=\"t2-icon t2-icon-theme_arrow\" aria-hidden=\"true\" focusable=\"false\"><path d=\"M16.627 12.75H5.25C5.03717 12.75 4.859 12.6782 4.7155 12.5345C4.57183 12.391 4.5 12.2128 4.5 12C4.5 11.7872 4.57183 11.609 4.7155 11.4655C4.859 11.3218 5.03717 11.25 5.25 11.25H16.627L11.4577 6.08076C11.3091 5.93209 11.2357 5.75809 11.2375 5.55876C11.2395 5.35942 11.318 5.18217 11.473 5.02701C11.6282 4.88217 11.8038 4.80717 12 4.80201C12.1962 4.79684 12.3718 4.87184 12.527 5.02701L18.8673 11.3673C18.9609 11.4609 19.0269 11.5597 19.0652 11.6635C19.1037 11.7673 19.123 11.8795 19.123 12C19.123 12.1205 19.1037 12.2327 19.0652 12.3365C19.0269 12.4403 18.9609 12.5391 18.8673 12.6328L12.527 18.973C12.3885 19.1115 12.217 19.1823 12.0125 19.1855C11.808 19.1887 11.6282 19.1178 11.473 18.973C11.318 18.8178 11.2405 18.6397 11.2405 18.4385C11.2405 18.2372 11.318 18.0589 11.473 17.9038L16.627 12.75Z\" fill=\"var(--t2-icon-fill, #000)\"\/><\/svg><\/a><\/div>\n<\/div>\n\n\n\t\t\t\t<\/div>\n\t\t\t<\/div>\n\t\t<\/div>\n\t\t\n\n<p class=\"t2-ingress wp-block-t2-ingress\">Handel detaliczny przyspiesza jak nigdy wcze\u015bniej. Klienci oczekuj\u0105 sp\u00f3jnego do\u015bwiadczenia zakupowego \u2014 zar\u00f3wno online, jak i w sklepie stacjonarnym \u2014 oraz szybkiej i bezb\u0142\u0119dnej realizacji zam\u00f3wie\u0144. Dla detalist\u00f3w r\u00f3wnowa\u017cenie dost\u0119pno\u015bci zapas\u00f3w, efektywnego wykorzystania przestrzeni i rosn\u0105cych oczekiwa\u0144 konsument\u00f3w staje si\u0119 coraz bardziej z\u0142o\u017conym wyzwaniem<\/p>\n\n\n<p><\/p>\n\n\n\n<p>Element Logic wspiera sieci handlowe w automatyzacji proces\u00f3w realizacji zam\u00f3wie\u0144, optymalizacji zapas\u00f3w i podnoszeniu satysfakcji klient\u00f3w dzi\u0119ki skalowalnym rozwi\u0105zaniom intralogistycznym. Ponad 40 lat do\u015bwiadczenia pozwala nam skutecznie wspiera\u0107 detalist\u00f3w w realiach sprzeda\u017cy wielokana\u0142owej.<\/p>\n\n\n\n<div class=\"wp-block-group has-global-padding is-layout-constrained wp-block-group-is-layout-constrained\">\n<h2 class=\"wp-block-heading wp-container-content-1\" id=\"h-wyzwania-w-logistyce-retail\">Wyzwania w logistyce retail<\/h2>\n\n\n\n<ul class=\"wp-block-list\">\n<li>R\u00f3wnowa\u017cenie realizacji zam\u00f3wie\u0144 online, w sklepach stacjonarnych i w modelu omnichannel<\/li>\n\n\n\n<li>Zarz\u0105dzanie zmiennym popytem, sezonowymi pikami sprzeda\u017cy i akcjami promocyjnymi<\/li>\n\n\n\n<li>Obs\u0142uga du\u017cej liczby SKU w wielu kategoriach produktowych<\/li>\n\n\n\n<li>Rosn\u0105ce koszty pracy wynikaj\u0105ce z powtarzalnych, manualnych zada\u0144<\/li>\n\n\n\n<li>Konieczno\u015b\u0107 spe\u0142niania oczekiwa\u0144 dostawy tego samego lub nast\u0119pnego dnia&nbsp;<\/li>\n<\/ul>\n<\/div>\n\n\n\n\t\t<div style=\"--dekode-hero-dim:0.5; --t2-icon-fill:var(--wp--preset--color--white);\" class=\"alignfull dekode-hero-content-position-center has-media-background wp-block-dekode-hero has-text-color has-white-color\">\n\t\t\t\t\t<video\n\t\t\tautoplay\n\t\t\tloop\n\t\t\tmuted\n\t\t\tplaysinline\n\t\t\tposter=\"\"\n\t\t\tsrc=\"https:\/\/www.elementlogic.net\/content\/uploads\/sites\/22\/\/2024\/09\/solutions-and-services.mp4\">\n\t\t<\/video>\n\t\t\n\t\t\t<div class=\"dekode-hero__content\">\n\t\t\t\t<div class=\"dekode-hero__container\">\n\t\t\t\t\t\n\n<h2 class=\"wp-block-heading\" id=\"h-zaufali-nam-wiodace-marki\">Zaufali nam wiod\u0105ce marki<\/h2>\n\n\n\t\t\t\t<\/div>\n\t\t\t<\/div>\n\t\t<\/div>\n\t\t\n\n<div class=\"t2-featured-content-layout alignwide wp-block-t2-featured-content-layout\">\n<div class=\"t2-featured-single-post t2-featured-content is-post-type-case case_tax-artykuly-sportowe case_tax-wysoka-przepustowosc case_tax-retail wp-block-t2-featured-single-post\"><a class=\"t2-post-link wp-block-t2-post-link\" href=\"https:\/\/www.elementlogic.net\/pl\/cases\/helly-hansen-rewolucjonizuje-centrum-dystrybucji-dzieki-wspolpracy-z-element-logic\/\">\n\t<div class=\"client-logo-image-wrapper\"><img loading=\"lazy\" decoding=\"async\" width=\"300\" height=\"203\" src=\"https:\/\/www.elementlogic.net\/content\/uploads\/sites\/22\/2025\/06\/helly_hansen_logo-300x203-1.png\" class=\"client-logo-image\" alt=\"\" \/><\/div>\n\t<figure style=\"--t2-focal-point: 50% 50%;\" class=\"t2-post-featured-image has-image-ratio-3-2 wp-block-t2-post-featured-image\"><img loading=\"lazy\" decoding=\"async\" width=\"2560\" height=\"1920\" src=\"https:\/\/www.elementlogic.net\/content\/uploads\/sites\/22\/\/2024\/09\/image-92.png\" class=\"attachment-post-thumbnail size-post-thumbnail wp-post-image\" alt=\"\" srcset=\"https:\/\/www.elementlogic.net\/content\/uploads\/sites\/22\/2024\/09\/image-92.png 2560w, https:\/\/www.elementlogic.net\/content\/uploads\/sites\/22\/2024\/09\/image-92-300x225.png 300w, https:\/\/www.elementlogic.net\/content\/uploads\/sites\/22\/2024\/09\/image-92-1024x768.png 1024w, https:\/\/www.elementlogic.net\/content\/uploads\/sites\/22\/2024\/09\/image-92-768x576.png 768w, https:\/\/www.elementlogic.net\/content\/uploads\/sites\/22\/2024\/09\/image-92-1536x1152.png 1536w, https:\/\/www.elementlogic.net\/content\/uploads\/sites\/22\/2024\/09\/image-92-2048x1536.png 2048w\" sizes=\"(max-width: 2560px) 100vw, 2560px\" \/><\/figure>\n\t\n<\/a>\n\n\t\t<div class=\"card-content wp-block-t2-wrapper\">\n\t<div class=\"wp-block-dekode-post-terms\"><span>Artyku\u0142y sportowe<\/span><span>Operacje o wysokiej przepustowo\u015bci<\/span><span>Retail<\/span><\/div>\n\t<h3 class=\"t2-post-title wp-block-t2-post-title\"><a href=\"https:\/\/www.elementlogic.net\/pl\/cases\/helly-hansen-rewolucjonizuje-centrum-dystrybucji-dzieki-wspolpracy-z-element-logic\/\" target=\"_self\" >Helly Hansen rewolucjonizuje centrum dystrybucji dzi\u0119ki wsp\u00f3\u0142pracy z Element Logic<\/a><\/h3>\n\t<div class=\"t2-post-excerpt wp-block-t2-post-excerpt\"><p>Wyzwanie Dynamiczna ekspansja Helly Hansen na rynku ameryka\u0144skim ujawni\u0142a kluczowe problemy zwi\u0105zane ze skalowalno\u015bci\u0105 i efektywno\u015bci\u0105. Marka potrzebowa\u0142a rozwi\u0105zania, kt\u00f3re [&hellip;]<\/p><\/div>\n<\/div>\n<\/div>\n\n<div class=\"t2-featured-single-post t2-featured-content is-post-type-case case_tax-ecommerce case_tax-retail wp-block-t2-featured-single-post\"><a class=\"t2-post-link wp-block-t2-post-link\" href=\"https:\/\/www.elementlogic.net\/pl\/cases\/finnish-design-shop-rozwija-sie-dzieki-autostore-od-element-logic\/\">\n\t<div class=\"client-logo-image-wrapper\"><img loading=\"lazy\" decoding=\"async\" width=\"300\" height=\"300\" src=\"https:\/\/www.elementlogic.net\/content\/uploads\/sites\/22\/\/2024\/09\/Finnish-Design-Shop-Logo-300x300.jpg\" class=\"client-logo-image\" alt=\"\" \/><\/div>\n\t<figure style=\"--t2-focal-point: 50% 50%;\" class=\"t2-post-featured-image has-image-ratio-3-2 wp-block-t2-post-featured-image\"><img loading=\"lazy\" decoding=\"async\" width=\"2000\" height=\"1334\" src=\"https:\/\/www.elementlogic.net\/content\/uploads\/sites\/22\/\/2024\/09\/Element_Logic_Finnish_Design_Shop_main.jpg\" class=\"attachment-post-thumbnail size-post-thumbnail wp-post-image\" alt=\"\" srcset=\"https:\/\/www.elementlogic.net\/content\/uploads\/sites\/22\/2024\/09\/Element_Logic_Finnish_Design_Shop_main.jpg 2000w, https:\/\/www.elementlogic.net\/content\/uploads\/sites\/22\/2024\/09\/Element_Logic_Finnish_Design_Shop_main-300x200.jpg 300w, https:\/\/www.elementlogic.net\/content\/uploads\/sites\/22\/2024\/09\/Element_Logic_Finnish_Design_Shop_main-1024x683.jpg 1024w, https:\/\/www.elementlogic.net\/content\/uploads\/sites\/22\/2024\/09\/Element_Logic_Finnish_Design_Shop_main-768x512.jpg 768w, https:\/\/www.elementlogic.net\/content\/uploads\/sites\/22\/2024\/09\/Element_Logic_Finnish_Design_Shop_main-1536x1025.jpg 1536w\" sizes=\"(max-width: 2000px) 100vw, 2000px\" \/><\/figure>\n\t\n<\/a>\n\n\t\t<div class=\"card-content wp-block-t2-wrapper\">\n\t<div class=\"wp-block-dekode-post-terms\"><span>E-commerce<\/span><span>Retail<\/span><\/div>\n\t<h3 class=\"t2-post-title wp-block-t2-post-title\"><a href=\"https:\/\/www.elementlogic.net\/pl\/cases\/finnish-design-shop-rozwija-sie-dzieki-autostore-od-element-logic\/\" target=\"_self\" >Finnish Design Shop rozwija si\u0119 dzi\u0119ki AutoStore od Element Logic<\/a><\/h3>\n\t<div class=\"t2-post-excerpt wp-block-t2-post-excerpt\"><p>Fi\u0144ski sklep stale si\u0119 rozwija, czego dowodem jest najnowsze centrum dystrybucyjne firmy, zlokalizowane w Turku na po\u0142udniowo-zachodnim wybrze\u017cu kraju. Potrzeba [&hellip;]<\/p><\/div>\n<\/div>\n<\/div>\n\n<div class=\"t2-featured-single-post t2-featured-content is-post-type-case case_tax-retail wp-block-t2-featured-single-post\"><a class=\"t2-post-link wp-block-t2-post-link\" href=\"https:\/\/www.elementlogic.net\/pl\/cases\/lotnisko-w-oslo-usprawnia-zakupy-w-sklepach-bezclowych-dzieki-systemowi-autostore\/\">\n\t<div class=\"client-logo-image-wrapper\"><img loading=\"lazy\" decoding=\"async\" width=\"300\" height=\"211\" src=\"https:\/\/www.elementlogic.net\/content\/uploads\/sites\/22\/\/2024\/09\/Logo-TRN-300x211.png\" class=\"client-logo-image\" alt=\"\" \/><\/div>\n\t<figure style=\"--t2-focal-point: 50% 50%;\" class=\"t2-post-featured-image has-image-ratio-3-2 wp-block-t2-post-featured-image\"><img loading=\"lazy\" decoding=\"async\" width=\"2500\" height=\"1667\" src=\"https:\/\/www.elementlogic.net\/content\/uploads\/sites\/22\/\/2024\/09\/TRN_Oivind-Andersen.jpg\" class=\"attachment-post-thumbnail size-post-thumbnail wp-post-image\" alt=\"Magazyn TRN\" srcset=\"https:\/\/www.elementlogic.net\/content\/uploads\/sites\/22\/2024\/09\/TRN_Oivind-Andersen.jpg 2500w, https:\/\/www.elementlogic.net\/content\/uploads\/sites\/22\/2024\/09\/TRN_Oivind-Andersen-300x200.jpg 300w, https:\/\/www.elementlogic.net\/content\/uploads\/sites\/22\/2024\/09\/TRN_Oivind-Andersen-1024x683.jpg 1024w, https:\/\/www.elementlogic.net\/content\/uploads\/sites\/22\/2024\/09\/TRN_Oivind-Andersen-768x512.jpg 768w, https:\/\/www.elementlogic.net\/content\/uploads\/sites\/22\/2024\/09\/TRN_Oivind-Andersen-1536x1024.jpg 1536w, https:\/\/www.elementlogic.net\/content\/uploads\/sites\/22\/2024\/09\/TRN_Oivind-Andersen-2048x1366.jpg 2048w\" sizes=\"(max-width: 2500px) 100vw, 2500px\" \/><\/figure>\n\t\n<\/a>\n\n\t\t<div class=\"card-content wp-block-t2-wrapper\">\n\t<div class=\"wp-block-dekode-post-terms\"><span>Retail<\/span><\/div>\n\t<h3 class=\"t2-post-title wp-block-t2-post-title\"><a href=\"https:\/\/www.elementlogic.net\/pl\/cases\/lotnisko-w-oslo-usprawnia-zakupy-w-sklepach-bezclowych-dzieki-systemowi-autostore\/\" target=\"_self\" >Lotnisko w Oslo usprawnia zakupy w sklepach bezc\u0142owych dzi\u0119ki systemowi AutoStore<\/a><\/h3>\n\t<div class=\"t2-post-excerpt wp-block-t2-post-excerpt\"><p>\u201eTo imponuj\u0105ce, jak wiele miejsca zyskali\u015bmy w naszej przestrzeni magazynowej dzi\u0119ki Element Logic\u201d, komentuje \u00d8ivind Andersen. \u00d8ivind jest koordynatorem ds. [&hellip;]<\/p><\/div>\n<\/div>\n<\/div>\n<\/div>\n\n\n<div class=\"wp-block-buttons is-layout-flex wp-block-buttons-is-layout-flex\">\n<div class=\"wp-block-button\"><a class=\"wp-block-button__link wp-element-button\" href=\"https:\/\/www.elementlogic.net\/pl\/cases\/category\/retail\/\">Wi\u0119cej przyk\u0142ad\u00f3w z tej bran\u017cy<\/a><\/div>\n<\/div>\n\n\n\n<div class=\"wp-block-group has-global-padding is-layout-constrained wp-block-group-is-layout-constrained\">\n<h2 class=\"wp-block-heading wp-container-content-2\" id=\"h-dlaczego-detalisci-wybieraja-element-logic\">Dlaczego detali\u015bci wybieraj\u0105 Element Logic<\/h2>\n\n\n\n<ul class=\"wp-block-list\">\n<li>Spe\u0142nianie oczekiwa\u0144 klient\u00f3w w zakresie <strong>szybko\u015bci i dok\u0142adno\u015bci realizacji zam\u00f3wie\u0144<\/strong><\/li>\n\n\n\n<li>Optymalizacja powierzchni magazynowej dzi\u0119ki kompaktowym rozwi\u0105zaniom <strong>wysokiego sk\u0142adowania<\/strong><\/li>\n\n\n\n<li><strong>Zwi\u0119kszenie efektywno\u015bci<\/strong> przy ograniczeniu zale\u017cno\u015bci od pracy manualnej<\/li>\n\n\n\n<li><strong>Wsparcie sprzeda\u017cy wielokana\u0142owej<\/strong> poprzez elastyczn\u0105 i skalowaln\u0105 automatyzacj\u0119<\/li>\n<\/ul>\n<\/div>\n\n\n\n<div style=\"height:100px\" aria-hidden=\"true\" class=\"wp-block-spacer\"><\/div>\n\n\n\n\t\t<div style=\"--dekode-hero-dim:0.6; --t2-icon-fill:var(--wp--preset--color--white);\" class=\"alignfull dekode-hero-content-position-center has-media-background wp-block-dekode-hero has-text-color has-white-color\">\n\t\t\t<img loading=\"lazy\" decoding=\"async\" width=\"1024\" height=\"683\" src=\"https:\/\/www.elementlogic.net\/content\/uploads\/sites\/22\/2026\/02\/Fiege_1-5.jpg\" class=\"dekode-hero__image\" alt=\"\" style=\"--focalpoint: 75% 71%;\" srcset=\"https:\/\/www.elementlogic.net\/content\/uploads\/sites\/22\/2026\/02\/Fiege_1-5.jpg 1024w, https:\/\/www.elementlogic.net\/content\/uploads\/sites\/22\/2026\/02\/Fiege_1-5-300x200.jpg 300w, https:\/\/www.elementlogic.net\/content\/uploads\/sites\/22\/2026\/02\/Fiege_1-5-768x512.jpg 768w\" sizes=\"(max-width: 1024px) 100vw, 1024px\" \/>\n\t\t\t<div class=\"dekode-hero__content\">\n\t\t\t\t<div class=\"dekode-hero__container\">\n\t\t\t\t\t\n\n<h1 class=\"wp-block-heading\" id=\"h-zapewnij-klientom-doswiadczenie-ktorego-oczekuja-z-technologia-element-logic\"><strong>Zapewnij klientom do\u015bwiadczenie, kt\u00f3rego oczekuj\u0105, z technologi\u0105 Element Logic<\/strong><\/h1>\n\n\n\n<div class=\"wp-block-buttons is-layout-flex wp-block-buttons-is-layout-flex\">\n<div class=\"wp-block-button http:\/\/hs-cta-trigger-button hs-cta-trigger-button-195241208906\"><a class=\"wp-block-button__link wp-element-button\" href=\"https:\/\/www.elementlogic.net\/pl\/kontakt\/\">Skontaktuj si\u0119 ju\u017c dzi\u015b<\/a><\/div>\n<\/div>\n\n\n\t\t\t\t<\/div>\n\t\t\t<\/div>\n\t\t<\/div>\n\t\t","protected":false},"excerpt":{"rendered":"<p>Element Logic wspiera sieci handlowe w automatyzacji proces\u00f3w realizacji zam\u00f3wie\u0144, optymalizacji zapas\u00f3w i podnoszeniu satysfakcji klient\u00f3w dzi\u0119ki skalowalnym rozwi\u0105zaniom intralogistycznym. [&hellip;]<\/p>\n","protected":false},"author":58,"featured_media":0,"parent":2717,"menu_order":0,"comment_status":"closed","ping_status":"closed","template":"","meta":{"hreflang_relation":0,"_el_cross_publish_source_blog_url":"","_el_cross_publish_source_blog_id":0,"_el_cross_publish_source_post_id":0,"_el_cross_publish_sync_state":"","exclude_from_search":false,"footnotes":""},"class_list":["post-2808","page","type-page","status-publish","hentry"],"yoast_head":"<!-- This site is optimized with the Yoast SEO Premium plugin v23.9 (Yoast SEO v23.9) - https:\/\/yoast.com\/wordpress\/plugins\/seo\/ -->\n<title>Retail - Element Logic Poland<\/title>\n<meta name=\"robots\" content=\"index, follow, max-snippet:-1, max-image-preview:large, max-video-preview:-1\" \/>\n<link rel=\"canonical\" href=\"https:\/\/www.elementlogic.net\/pl\/branze\/retail\/\" \/>\n<meta property=\"og:locale\" content=\"pl_PL\" \/>\n<meta property=\"og:type\" content=\"article\" \/>\n<meta property=\"og:title\" content=\"Retail\" \/>\n<meta property=\"og:description\" content=\"Element Logic wspiera sieci handlowe w automatyzacji proces\u00f3w realizacji zam\u00f3wie\u0144, optymalizacji zapas\u00f3w i podnoszeniu satysfakcji klient\u00f3w dzi\u0119ki skalowalnym rozwi\u0105zaniom intralogistycznym. [&hellip;]\" \/>\n<meta property=\"og:url\" content=\"https:\/\/www.elementlogic.net\/pl\/branze\/retail\/\" \/>\n<meta property=\"og:site_name\" content=\"Element Logic Poland\" \/>\n<meta property=\"article:modified_time\" content=\"2026-03-31T07:09:30+00:00\" \/>\n<meta name=\"twitter:card\" content=\"summary_large_image\" \/>\n<meta name=\"twitter:label1\" content=\"Szacowany czas czytania\" \/>\n\t<meta name=\"twitter:data1\" content=\"1 minuta\" \/>\n<script type=\"application\/ld+json\" class=\"yoast-schema-graph\">{\"@context\":\"https:\/\/schema.org\",\"@graph\":[{\"@type\":\"WebPage\",\"@id\":\"https:\/\/www.elementlogic.net\/pl\/branze\/retail\/\",\"url\":\"https:\/\/www.elementlogic.net\/pl\/branze\/retail\/\",\"name\":\"Retail - Element Logic Poland\",\"isPartOf\":{\"@id\":\"https:\/\/www.elementlogic.net\/pl\/#website\"},\"datePublished\":\"2026-03-31T07:09:29+00:00\",\"dateModified\":\"2026-03-31T07:09:30+00:00\",\"breadcrumb\":{\"@id\":\"https:\/\/www.elementlogic.net\/pl\/branze\/retail\/#breadcrumb\"},\"inLanguage\":\"pl-PL\",\"potentialAction\":[{\"@type\":\"ReadAction\",\"target\":[\"https:\/\/www.elementlogic.net\/pl\/branze\/retail\/\"]}]},{\"@type\":\"BreadcrumbList\",\"@id\":\"https:\/\/www.elementlogic.net\/pl\/branze\/retail\/#breadcrumb\",\"itemListElement\":[{\"@type\":\"ListItem\",\"position\":1,\"name\":\"Bran\u017ce\",\"item\":\"https:\/\/www.elementlogic.net\/pl\/branze\/\"},{\"@type\":\"ListItem\",\"position\":2,\"name\":\"Retail\"}]},{\"@type\":\"WebSite\",\"@id\":\"https:\/\/www.elementlogic.net\/pl\/#website\",\"url\":\"https:\/\/www.elementlogic.net\/pl\/\",\"name\":\"Element Logic Poland\",\"description\":\"\",\"potentialAction\":[{\"@type\":\"SearchAction\",\"target\":{\"@type\":\"EntryPoint\",\"urlTemplate\":\"https:\/\/www.elementlogic.net\/pl\/?s={search_term_string}\"},\"query-input\":{\"@type\":\"PropertyValueSpecification\",\"valueRequired\":true,\"valueName\":\"search_term_string\"}}],\"inLanguage\":\"pl-PL\"}]}<\/script>\n<!-- \/ Yoast SEO Premium plugin. -->","yoast_head_json":{"title":"Retail - Element Logic Poland","robots":{"index":"index","follow":"follow","max-snippet":"max-snippet:-1","max-image-preview":"max-image-preview:large","max-video-preview":"max-video-preview:-1"},"canonical":"https:\/\/www.elementlogic.net\/pl\/branze\/retail\/","og_locale":"pl_PL","og_type":"article","og_title":"Retail","og_description":"Element Logic wspiera sieci handlowe w automatyzacji proces\u00f3w realizacji zam\u00f3wie\u0144, optymalizacji zapas\u00f3w i podnoszeniu satysfakcji klient\u00f3w dzi\u0119ki skalowalnym rozwi\u0105zaniom intralogistycznym. [&hellip;]","og_url":"https:\/\/www.elementlogic.net\/pl\/branze\/retail\/","og_site_name":"Element Logic Poland","article_modified_time":"2026-03-31T07:09:30+00:00","twitter_card":"summary_large_image","twitter_misc":{"Szacowany czas czytania":"1 minuta"},"schema":{"@context":"https:\/\/schema.org","@graph":[{"@type":"WebPage","@id":"https:\/\/www.elementlogic.net\/pl\/branze\/retail\/","url":"https:\/\/www.elementlogic.net\/pl\/branze\/retail\/","name":"Retail - Element Logic Poland","isPartOf":{"@id":"https:\/\/www.elementlogic.net\/pl\/#website"},"datePublished":"2026-03-31T07:09:29+00:00","dateModified":"2026-03-31T07:09:30+00:00","breadcrumb":{"@id":"https:\/\/www.elementlogic.net\/pl\/branze\/retail\/#breadcrumb"},"inLanguage":"pl-PL","potentialAction":[{"@type":"ReadAction","target":["https:\/\/www.elementlogic.net\/pl\/branze\/retail\/"]}]},{"@type":"BreadcrumbList","@id":"https:\/\/www.elementlogic.net\/pl\/branze\/retail\/#breadcrumb","itemListElement":[{"@type":"ListItem","position":1,"name":"Bran\u017ce","item":"https:\/\/www.elementlogic.net\/pl\/branze\/"},{"@type":"ListItem","position":2,"name":"Retail"}]},{"@type":"WebSite","@id":"https:\/\/www.elementlogic.net\/pl\/#website","url":"https:\/\/www.elementlogic.net\/pl\/","name":"Element Logic Poland","description":"","potentialAction":[{"@type":"SearchAction","target":{"@type":"EntryPoint","urlTemplate":"https:\/\/www.elementlogic.net\/pl\/?s={search_term_string}"},"query-input":{"@type":"PropertyValueSpecification","valueRequired":true,"valueName":"search_term_string"}}],"inLanguage":"pl-PL"}]}},"_links":{"self":[{"href":"https:\/\/www.elementlogic.net\/pl\/wp-json\/wp\/v2\/pages\/2808"}],"collection":[{"href":"https:\/\/www.elementlogic.net\/pl\/wp-json\/wp\/v2\/pages"}],"about":[{"href":"https:\/\/www.elementlogic.net\/pl\/wp-json\/wp\/v2\/types\/page"}],"author":[{"embeddable":true,"href":"https:\/\/www.elementlogic.net\/pl\/wp-json\/wp\/v2\/users\/58"}],"replies":[{"embeddable":true,"href":"https:\/\/www.elementlogic.net\/pl\/wp-json\/wp\/v2\/comments?post=2808"}],"version-history":[{"count":4,"href":"https:\/\/www.elementlogic.net\/pl\/wp-json\/wp\/v2\/pages\/2808\/revisions"}],"predecessor-version":[{"id":2814,"href":"https:\/\/www.elementlogic.net\/pl\/wp-json\/wp\/v2\/pages\/2808\/revisions\/2814"}],"up":[{"embeddable":true,"href":"https:\/\/www.elementlogic.net\/pl\/wp-json\/wp\/v2\/pages\/2717"}],"wp:attachment":[{"href":"https:\/\/www.elementlogic.net\/pl\/wp-json\/wp\/v2\/media?parent=2808"}],"curies":[{"name":"wp","href":"https:\/\/api.w.org\/{rel}","templated":true}]}}