{"id":2817,"date":"2026-03-31T07:10:46","date_gmt":"2026-03-31T07:10:46","guid":{"rendered":"https:\/\/www.elementlogic.net\/pl\/?page_id=2817"},"modified":"2026-03-31T07:10:47","modified_gmt":"2026-03-31T07:10:47","slug":"hurt","status":"publish","type":"page","link":"https:\/\/www.elementlogic.net\/pl\/branze\/hurt\/","title":{"rendered":"Hurt"},"content":{"rendered":"\n\t\t<div style=\"--dekode-hero-dim:0.6; --t2-icon-fill:var(--wp--preset--color--white);\" class=\"alignfull dekode-hero-content-position-center has-media-background wp-block-dekode-hero has-text-color has-white-color\">\n\t\t\t<img loading=\"lazy\" decoding=\"async\" width=\"1024\" height=\"1024\" src=\"https:\/\/www.elementlogic.net\/content\/uploads\/sites\/22\/2026\/02\/Wholesale-1.png\" class=\"dekode-hero__image\" alt=\"\" style=\"--focalpoint: 63% 86%;\" srcset=\"https:\/\/www.elementlogic.net\/content\/uploads\/sites\/22\/2026\/02\/Wholesale-1.png 1024w, https:\/\/www.elementlogic.net\/content\/uploads\/sites\/22\/2026\/02\/Wholesale-1-300x300.png 300w, https:\/\/www.elementlogic.net\/content\/uploads\/sites\/22\/2026\/02\/Wholesale-1-150x150.png 150w, https:\/\/www.elementlogic.net\/content\/uploads\/sites\/22\/2026\/02\/Wholesale-1-768x768.png 768w\" sizes=\"(max-width: 1024px) 100vw, 1024px\" \/>\n\t\t\t<div class=\"dekode-hero__content\">\n\t\t\t\t<div class=\"dekode-hero__container\">\n\t\t\t\t\t\n\n<p><\/p>\n\n\n\n<h1 class=\"wp-block-heading\" id=\"h-skaluj-dystrybucje-hurtowa-szybko-i-precyzyjnie\">Skaluj dystrybucj\u0119 hurtow\u0105 szybko i precyzyjnie<\/h1>\n\n\n<p class=\"t2-ingress wp-block-t2-ingress\">Sprawd\u017a, jak automatyzacja pozwoli Ci wyprzedzi\u0107 konkurencj\u0119<\/p>\n\n\n<div class=\"wp-block-buttons is-layout-flex wp-block-buttons-is-layout-flex\">\n<div class=\"wp-block-button hs-cta-trigger-button hs-cta-trigger-button-195241208906 has-icon has-icon-theme_arrow\"><a class=\"wp-block-button__link wp-element-button\" href=\"https:\/\/www.elementlogic.net\/pl\/kontakt\/\">Skontaktuj si\u0119 z nami<svg xmlns=\"http:\/\/www.w3.org\/2000\/svg\" viewBox=\"0 0 24 24\" height=\"24\" width=\"24\" class=\"t2-icon t2-icon-theme_arrow\" aria-hidden=\"true\" focusable=\"false\"><path d=\"M16.627 12.75H5.25C5.03717 12.75 4.859 12.6782 4.7155 12.5345C4.57183 12.391 4.5 12.2128 4.5 12C4.5 11.7872 4.57183 11.609 4.7155 11.4655C4.859 11.3218 5.03717 11.25 5.25 11.25H16.627L11.4577 6.08076C11.3091 5.93209 11.2357 5.75809 11.2375 5.55876C11.2395 5.35942 11.318 5.18217 11.473 5.02701C11.6282 4.88217 11.8038 4.80717 12 4.80201C12.1962 4.79684 12.3718 4.87184 12.527 5.02701L18.8673 11.3673C18.9609 11.4609 19.0269 11.5597 19.0652 11.6635C19.1037 11.7673 19.123 11.8795 19.123 12C19.123 12.1205 19.1037 12.2327 19.0652 12.3365C19.0269 12.4403 18.9609 12.5391 18.8673 12.6328L12.527 18.973C12.3885 19.1115 12.217 19.1823 12.0125 19.1855C11.808 19.1887 11.6282 19.1178 11.473 18.973C11.318 18.8178 11.2405 18.6397 11.2405 18.4385C11.2405 18.2372 11.318 18.0589 11.473 17.9038L16.627 12.75Z\" fill=\"var(--t2-icon-fill, #000)\"\/><\/svg><\/a><\/div>\n<\/div>\n\n\n\t\t\t\t<\/div>\n\t\t\t<\/div>\n\t\t<\/div>\n\t\t\n\n<p class=\"t2-ingress wp-block-t2-ingress\">Dystrybutorzy hurtowi zajmuj\u0105 centralne miejsce w \u0142a\u0144cuchu dostaw, \u0142\u0105cz\u0105c producent\u00f3w z detalistami. Sukces w tym modelu biznesowym zale\u017cy od <strong>sprawnej obs\u0142ugi du\u017cych wolumen\u00f3w zam\u00f3wie\u0144<\/strong>, <strong>szerokiego asortymentu SKU<\/strong> oraz <strong>zr\u00f3\u017cnicowanych wymaga\u0144 klient\u00f3w<\/strong> \u2013 przy jednoczesnym utrzymaniu kontroli koszt\u00f3w i wysokiej dok\u0142adno\u015bci realizacji. Operacje manualne nie s\u0105 dzi\u015b w stanie nad\u0105\u017cy\u0107 za rosn\u0105c\u0105 dynamik\u0105 rynku.<\/p>\n\n\n<p><\/p>\n\n\n\n<p>Element Logic wspiera firmy hurtowe w <strong>usprawnianiu realizacji zam\u00f3wie\u0144<\/strong>, <strong>maksymalnym wykorzystaniu przestrzeni<\/strong> magazynowej oraz <strong>redukcji koszt\u00f3w operacyjnych<\/strong> dzi\u0119ki inteligentnej automatyzacji. Jako pierwszy na \u015bwiecie partner systemu AutoStore i firma z ponad 40-letnim do\u015bwiadczeniem w intralogistyce dostarczamy rozwi\u0105zania, kt\u00f3re umo\u017cliwiaj\u0105 skalowanie dzia\u0142alno\u015bci bez ogranicze\u0144.<\/p>\n\n\n\n<div class=\"wp-block-group has-global-padding is-layout-constrained wp-block-group-is-layout-constrained\">\n<h2 class=\"wp-block-heading wp-container-content-1\" id=\"h-wyzwania-w-dystrybucji-hurtowej\">Wyzwania w dystrybucji hurtowej<\/h2>\n\n\n\n<ul class=\"wp-block-list\">\n<li>Obs\u0142uga zam\u00f3wie\u0144 o du\u017cym wolumenie i z\u0142o\u017conych wymaganiach klient\u00f3w<\/li>\n\n\n\n<li>Rozbudowane katalogi SKU oraz zmienny poziom popytu<\/li>\n\n\n\n<li>Rosn\u0105ce koszty pracy i niedob\u00f3r wykwalifikowanych pracownik\u00f3w<\/li>\n\n\n\n<li>Presja na szybsze dostawy przy jednoczesnej optymalizacji koszt\u00f3w<\/li>\n\n\n\n<li>Zarz\u0105dzanie wysy\u0142kami paletowymi obok mniejszych, mieszanych zam\u00f3wie\u0144<\/li>\n<\/ul>\n<\/div>\n\n\n\n\t\t<div style=\"--dekode-hero-dim:0.5; --t2-icon-fill:var(--wp--preset--color--white);\" class=\"alignfull dekode-hero-content-position-center has-media-background wp-block-dekode-hero has-text-color has-white-color\">\n\t\t\t\t\t<video\n\t\t\tautoplay\n\t\t\tloop\n\t\t\tmuted\n\t\t\tplaysinline\n\t\t\tposter=\"\"\n\t\t\tsrc=\"https:\/\/www.elementlogic.net\/content\/uploads\/sites\/22\/\/2024\/09\/solutions-and-services.mp4\">\n\t\t<\/video>\n\t\t\n\t\t\t<div class=\"dekode-hero__content\">\n\t\t\t\t<div class=\"dekode-hero__container\">\n\t\t\t\t\t\n\n<h2 class=\"wp-block-heading\" id=\"h-zaufali-nam-liderzy-rynku-hurtowego\">Zaufali nam liderzy rynku hurtowego<\/h2>\n\n\n\t\t\t\t<\/div>\n\t\t\t<\/div>\n\t\t<\/div>\n\t\t\n\n<div class=\"t2-featured-content-layout alignwide wp-block-t2-featured-content-layout\">\n<div class=\"t2-featured-single-post t2-featured-content is-post-type-case case_tax-hurt case_tax-podzespoly-elektroniczne wp-block-t2-featured-single-post\"><a class=\"t2-post-link wp-block-t2-post-link\" href=\"https:\/\/www.elementlogic.net\/pl\/cases\/efektywna-automatyzacja-w-rexel-rola-element-logic-w-budowaniu-sukcesu\/\">\n\t<div class=\"client-logo-image-wrapper\"><img loading=\"lazy\" decoding=\"async\" width=\"300\" height=\"115\" src=\"https:\/\/www.elementlogic.net\/content\/uploads\/sites\/22\/2026\/03\/Rexel_logo.svg_-300x115.png\" class=\"client-logo-image\" alt=\"\" \/><\/div>\n\t<figure style=\"--t2-focal-point: 50% 50%;\" class=\"t2-post-featured-image has-image-ratio-3-2 wp-block-t2-post-featured-image\"><img loading=\"lazy\" decoding=\"async\" width=\"1024\" height=\"683\" src=\"https:\/\/www.elementlogic.net\/content\/uploads\/sites\/22\/2026\/03\/Rexel_4-1024x683-2.jpg\" class=\"attachment-post-thumbnail size-post-thumbnail wp-post-image\" alt=\"\" srcset=\"https:\/\/www.elementlogic.net\/content\/uploads\/sites\/22\/2026\/03\/Rexel_4-1024x683-2.jpg 1024w, https:\/\/www.elementlogic.net\/content\/uploads\/sites\/22\/2026\/03\/Rexel_4-1024x683-2-300x200.jpg 300w, https:\/\/www.elementlogic.net\/content\/uploads\/sites\/22\/2026\/03\/Rexel_4-1024x683-2-768x512.jpg 768w\" sizes=\"(max-width: 1024px) 100vw, 1024px\" \/><\/figure>\n\t\n<\/a>\n\n\t\t<div class=\"card-content wp-block-t2-wrapper\">\n\t<div class=\"wp-block-dekode-post-terms\"><span>Handel hurtowy<\/span><span>Podzespo\u0142y elektroniczne<\/span><\/div>\n\t<h3 class=\"t2-post-title wp-block-t2-post-title\"><a href=\"https:\/\/www.elementlogic.net\/pl\/cases\/efektywna-automatyzacja-w-rexel-rola-element-logic-w-budowaniu-sukcesu\/\" target=\"_self\" >Efektywna automatyzacja w Rexel: rola Element Logic w budowaniu sukcesu<\/a><\/h3>\n\t<div class=\"t2-post-excerpt wp-block-t2-post-excerpt\"><p>Wa\u017cn\u0105 rol\u0119 w tym przedsi\u0119wzi\u0119ciu odegra\u0142o szerokie portfolio innowacyjnych rozwi\u0105za\u0144 Element Logic, kt\u00f3re umo\u017cliwi\u0142y firmie Rexel osi\u0105gni\u0119cie wysokiej efektywno\u015bci operacyjnej, [&hellip;]<\/p><\/div>\n<\/div>\n<\/div>\n\n\n\n\n<\/div>\n\n\n<div class=\"wp-block-buttons is-layout-flex wp-block-buttons-is-layout-flex\">\n<div class=\"wp-block-button\"><a class=\"wp-block-button__link wp-element-button\" href=\"https:\/\/www.elementlogic.net\/pl\/cases\/category\/hurt\/\">Wi\u0119cej przyk\u0142ad\u00f3w z tej bran\u017cy<\/a><\/div>\n<\/div>\n\n\n\n<div class=\"wp-block-group is-layout-flex wp-block-group-is-layout-flex\">\n<h2 class=\"wp-block-heading wp-container-content-2\" id=\"h-dlaczego-hurtownie-wybieraja-element-logic-nbsp\"><strong>Dlaczego hurtownie wybieraj\u0105 Element Logic?<\/strong>&nbsp;<\/h2>\n\n\n\n<ul class=\"wp-block-list\">\n<li><strong>Skalowanie operacji<\/strong> w odpowiedzi na zmienny popyt klient\u00f3w<\/li>\n\n\n\n<li><strong>Redukcja koszt\u00f3w pracy <\/strong>dzi\u0119ki automatyzacji i zwi\u0119kszonej dok\u0142adno\u015bci<\/li>\n\n\n\n<li><strong>Maksymalizacja przestrzeni<\/strong> i pojemno\u015bci magazynowej przy du\u017cych stanach zapas\u00f3w<\/li>\n\n\n\n<li><strong>Zwi\u0119kszenie efektywno\u015bci <\/strong>zar\u00f3wno w kompletacji zam\u00f3wie\u0144 masowych, jak i drobnicowych<\/li>\n<\/ul>\n<\/div>\n\n\n\n<div style=\"height:100px\" aria-hidden=\"true\" class=\"wp-block-spacer\"><\/div>\n\n\n\n\t\t<div style=\"--dekode-hero-dim:0.6; --t2-icon-fill:var(--wp--preset--color--white);\" class=\"alignfull dekode-hero-content-position-center has-media-background wp-block-dekode-hero has-text-color has-white-color\">\n\t\t\t<img loading=\"lazy\" decoding=\"async\" width=\"1024\" height=\"683\" src=\"https:\/\/www.elementlogic.net\/content\/uploads\/sites\/22\/2026\/02\/Fiege_1-6.jpg\" class=\"dekode-hero__image\" alt=\"\" style=\"--focalpoint: 75% 71%;\" srcset=\"https:\/\/www.elementlogic.net\/content\/uploads\/sites\/22\/2026\/02\/Fiege_1-6.jpg 1024w, https:\/\/www.elementlogic.net\/content\/uploads\/sites\/22\/2026\/02\/Fiege_1-6-300x200.jpg 300w, https:\/\/www.elementlogic.net\/content\/uploads\/sites\/22\/2026\/02\/Fiege_1-6-768x512.jpg 768w\" sizes=\"(max-width: 1024px) 100vw, 1024px\" \/>\n\t\t\t<div class=\"dekode-hero__content\">\n\t\t\t\t<div class=\"dekode-hero__container\">\n\t\t\t\t\t\n\n<h1 class=\"wp-block-heading\" id=\"h-zapewnij-hurtowa-efektywnosc-w-duzej-skali-dzieki-automatyzacji-element-logic\"><strong>Zapewnij hurtow\u0105 efektywno\u015b\u0107 w du\u017cej skali dzi\u0119ki automatyzacji Element Logic<\/strong><\/h1>\n\n\n\n<div class=\"wp-block-buttons is-layout-flex wp-block-buttons-is-layout-flex\">\n<div class=\"wp-block-button http:\/\/hs-cta-trigger-button hs-cta-trigger-button-195241208906\"><a class=\"wp-block-button__link wp-element-button\" href=\"https:\/\/www.elementlogic.net\/pl\/kontakt\/\">Skontaktuj si\u0119 ju\u017c dzi\u015b<\/a><\/div>\n<\/div>\n\n\n\t\t\t\t<\/div>\n\t\t\t<\/div>\n\t\t<\/div>\n\t\t\n\n\n<p><\/p>\n","protected":false},"excerpt":{"rendered":"<p>Element Logic wspiera firmy hurtowe w usprawnianiu realizacji zam\u00f3wie\u0144, maksymalnym wykorzystaniu przestrzeni magazynowej oraz redukcji koszt\u00f3w operacyjnych dzi\u0119ki inteligentnej automatyzacji. [&hellip;]<\/p>\n","protected":false},"author":58,"featured_media":0,"parent":2717,"menu_order":0,"comment_status":"closed","ping_status":"closed","template":"","meta":{"hreflang_relation":0,"_el_cross_publish_source_blog_url":"","_el_cross_publish_source_blog_id":0,"_el_cross_publish_source_post_id":0,"_el_cross_publish_sync_state":"","exclude_from_search":false,"footnotes":""},"class_list":["post-2817","page","type-page","status-publish","hentry"],"yoast_head":"<!-- This site is optimized with the Yoast SEO Premium plugin v23.9 (Yoast SEO v23.9) - https:\/\/yoast.com\/wordpress\/plugins\/seo\/ -->\n<title>Hurt - Element Logic Poland<\/title>\n<meta name=\"robots\" content=\"index, follow, max-snippet:-1, max-image-preview:large, max-video-preview:-1\" \/>\n<link rel=\"canonical\" href=\"https:\/\/www.elementlogic.net\/pl\/branze\/hurt\/\" \/>\n<meta property=\"og:locale\" content=\"pl_PL\" \/>\n<meta property=\"og:type\" content=\"article\" \/>\n<meta property=\"og:title\" content=\"Hurt\" \/>\n<meta property=\"og:description\" content=\"Element Logic wspiera firmy hurtowe w usprawnianiu realizacji zam\u00f3wie\u0144, maksymalnym wykorzystaniu przestrzeni magazynowej oraz redukcji koszt\u00f3w operacyjnych dzi\u0119ki inteligentnej automatyzacji. [&hellip;]\" \/>\n<meta property=\"og:url\" content=\"https:\/\/www.elementlogic.net\/pl\/branze\/hurt\/\" \/>\n<meta property=\"og:site_name\" content=\"Element Logic Poland\" \/>\n<meta property=\"article:modified_time\" content=\"2026-03-31T07:10:47+00:00\" \/>\n<meta name=\"twitter:card\" content=\"summary_large_image\" \/>\n<meta name=\"twitter:label1\" content=\"Szacowany czas czytania\" \/>\n\t<meta name=\"twitter:data1\" content=\"1 minuta\" \/>\n<script type=\"application\/ld+json\" class=\"yoast-schema-graph\">{\"@context\":\"https:\/\/schema.org\",\"@graph\":[{\"@type\":\"WebPage\",\"@id\":\"https:\/\/www.elementlogic.net\/pl\/branze\/hurt\/\",\"url\":\"https:\/\/www.elementlogic.net\/pl\/branze\/hurt\/\",\"name\":\"Hurt - Element Logic Poland\",\"isPartOf\":{\"@id\":\"https:\/\/www.elementlogic.net\/pl\/#website\"},\"datePublished\":\"2026-03-31T07:10:46+00:00\",\"dateModified\":\"2026-03-31T07:10:47+00:00\",\"breadcrumb\":{\"@id\":\"https:\/\/www.elementlogic.net\/pl\/branze\/hurt\/#breadcrumb\"},\"inLanguage\":\"pl-PL\",\"potentialAction\":[{\"@type\":\"ReadAction\",\"target\":[\"https:\/\/www.elementlogic.net\/pl\/branze\/hurt\/\"]}]},{\"@type\":\"BreadcrumbList\",\"@id\":\"https:\/\/www.elementlogic.net\/pl\/branze\/hurt\/#breadcrumb\",\"itemListElement\":[{\"@type\":\"ListItem\",\"position\":1,\"name\":\"Bran\u017ce\",\"item\":\"https:\/\/www.elementlogic.net\/pl\/branze\/\"},{\"@type\":\"ListItem\",\"position\":2,\"name\":\"Hurt\"}]},{\"@type\":\"WebSite\",\"@id\":\"https:\/\/www.elementlogic.net\/pl\/#website\",\"url\":\"https:\/\/www.elementlogic.net\/pl\/\",\"name\":\"Element Logic Poland\",\"description\":\"\",\"potentialAction\":[{\"@type\":\"SearchAction\",\"target\":{\"@type\":\"EntryPoint\",\"urlTemplate\":\"https:\/\/www.elementlogic.net\/pl\/?s={search_term_string}\"},\"query-input\":{\"@type\":\"PropertyValueSpecification\",\"valueRequired\":true,\"valueName\":\"search_term_string\"}}],\"inLanguage\":\"pl-PL\"}]}<\/script>\n<!-- \/ Yoast SEO Premium plugin. -->","yoast_head_json":{"title":"Hurt - Element Logic Poland","robots":{"index":"index","follow":"follow","max-snippet":"max-snippet:-1","max-image-preview":"max-image-preview:large","max-video-preview":"max-video-preview:-1"},"canonical":"https:\/\/www.elementlogic.net\/pl\/branze\/hurt\/","og_locale":"pl_PL","og_type":"article","og_title":"Hurt","og_description":"Element Logic wspiera firmy hurtowe w usprawnianiu realizacji zam\u00f3wie\u0144, maksymalnym wykorzystaniu przestrzeni magazynowej oraz redukcji koszt\u00f3w operacyjnych dzi\u0119ki inteligentnej automatyzacji. [&hellip;]","og_url":"https:\/\/www.elementlogic.net\/pl\/branze\/hurt\/","og_site_name":"Element Logic Poland","article_modified_time":"2026-03-31T07:10:47+00:00","twitter_card":"summary_large_image","twitter_misc":{"Szacowany czas czytania":"1 minuta"},"schema":{"@context":"https:\/\/schema.org","@graph":[{"@type":"WebPage","@id":"https:\/\/www.elementlogic.net\/pl\/branze\/hurt\/","url":"https:\/\/www.elementlogic.net\/pl\/branze\/hurt\/","name":"Hurt - Element Logic Poland","isPartOf":{"@id":"https:\/\/www.elementlogic.net\/pl\/#website"},"datePublished":"2026-03-31T07:10:46+00:00","dateModified":"2026-03-31T07:10:47+00:00","breadcrumb":{"@id":"https:\/\/www.elementlogic.net\/pl\/branze\/hurt\/#breadcrumb"},"inLanguage":"pl-PL","potentialAction":[{"@type":"ReadAction","target":["https:\/\/www.elementlogic.net\/pl\/branze\/hurt\/"]}]},{"@type":"BreadcrumbList","@id":"https:\/\/www.elementlogic.net\/pl\/branze\/hurt\/#breadcrumb","itemListElement":[{"@type":"ListItem","position":1,"name":"Bran\u017ce","item":"https:\/\/www.elementlogic.net\/pl\/branze\/"},{"@type":"ListItem","position":2,"name":"Hurt"}]},{"@type":"WebSite","@id":"https:\/\/www.elementlogic.net\/pl\/#website","url":"https:\/\/www.elementlogic.net\/pl\/","name":"Element Logic Poland","description":"","potentialAction":[{"@type":"SearchAction","target":{"@type":"EntryPoint","urlTemplate":"https:\/\/www.elementlogic.net\/pl\/?s={search_term_string}"},"query-input":{"@type":"PropertyValueSpecification","valueRequired":true,"valueName":"search_term_string"}}],"inLanguage":"pl-PL"}]}},"_links":{"self":[{"href":"https:\/\/www.elementlogic.net\/pl\/wp-json\/wp\/v2\/pages\/2817"}],"collection":[{"href":"https:\/\/www.elementlogic.net\/pl\/wp-json\/wp\/v2\/pages"}],"about":[{"href":"https:\/\/www.elementlogic.net\/pl\/wp-json\/wp\/v2\/types\/page"}],"author":[{"embeddable":true,"href":"https:\/\/www.elementlogic.net\/pl\/wp-json\/wp\/v2\/users\/58"}],"replies":[{"embeddable":true,"href":"https:\/\/www.elementlogic.net\/pl\/wp-json\/wp\/v2\/comments?post=2817"}],"version-history":[{"count":4,"href":"https:\/\/www.elementlogic.net\/pl\/wp-json\/wp\/v2\/pages\/2817\/revisions"}],"predecessor-version":[{"id":2976,"href":"https:\/\/www.elementlogic.net\/pl\/wp-json\/wp\/v2\/pages\/2817\/revisions\/2976"}],"up":[{"embeddable":true,"href":"https:\/\/www.elementlogic.net\/pl\/wp-json\/wp\/v2\/pages\/2717"}],"wp:attachment":[{"href":"https:\/\/www.elementlogic.net\/pl\/wp-json\/wp\/v2\/media?parent=2817"}],"curies":[{"name":"wp","href":"https:\/\/api.w.org\/{rel}","templated":true}]}}