{"id":2822,"date":"2026-03-31T07:12:14","date_gmt":"2026-03-31T07:12:14","guid":{"rendered":"https:\/\/www.elementlogic.net\/pl\/?page_id=2822"},"modified":"2026-03-31T07:12:14","modified_gmt":"2026-03-31T07:12:14","slug":"branza-medyczna-i-farmaceutyczna","status":"publish","type":"page","link":"https:\/\/www.elementlogic.net\/pl\/branze\/branza-medyczna-i-farmaceutyczna\/","title":{"rendered":"Bran\u017ca medyczna"},"content":{"rendered":"\n\t\t<div style=\"--dekode-hero-dim:0.5; --t2-icon-fill:var(--wp--preset--color--white);\" class=\"alignfull dekode-hero-content-position-center has-media-background wp-block-dekode-hero has-text-color has-white-color\">\n\t\t\t<img loading=\"lazy\" decoding=\"async\" width=\"1024\" height=\"576\" src=\"https:\/\/www.elementlogic.net\/content\/uploads\/sites\/22\/2026\/02\/Wholesale-Automation-3.png\" class=\"dekode-hero__image\" alt=\"\" style=\"--focalpoint: 48% 51%;\" srcset=\"https:\/\/www.elementlogic.net\/content\/uploads\/sites\/22\/2026\/02\/Wholesale-Automation-3.png 1024w, https:\/\/www.elementlogic.net\/content\/uploads\/sites\/22\/2026\/02\/Wholesale-Automation-3-300x169.png 300w, https:\/\/www.elementlogic.net\/content\/uploads\/sites\/22\/2026\/02\/Wholesale-Automation-3-768x432.png 768w\" sizes=\"(max-width: 1024px) 100vw, 1024px\" \/>\n\t\t\t<div class=\"dekode-hero__content\">\n\t\t\t\t<div class=\"dekode-hero__container\">\n\t\t\t\t\t\n\n<p><\/p>\n\n\n\n<h1 class=\"wp-block-heading\" id=\"h-branza-medyczna-i-farmaceutyczna\">Bran\u017ca medyczna i farmaceutyczna<\/h1>\n\n\n<p class=\"t2-ingress wp-block-t2-ingress\">Precyzja i zgodno\u015b\u0107 z regulacjami w ka\u017cdej dawce<\/p>\n\n\n<div class=\"wp-block-buttons is-layout-flex wp-block-buttons-is-layout-flex\">\n<div class=\"wp-block-button hs-cta-trigger-button hs-cta-trigger-button-195241208906 has-icon has-icon-theme_arrow\"><a class=\"wp-block-button__link wp-element-button\" href=\"https:\/\/www.elementlogic.net\/pl\/kontakt\/\">Skontaktuj si\u0119 z nami<svg xmlns=\"http:\/\/www.w3.org\/2000\/svg\" viewBox=\"0 0 24 24\" height=\"24\" width=\"24\" class=\"t2-icon t2-icon-theme_arrow\" aria-hidden=\"true\" focusable=\"false\"><path d=\"M16.627 12.75H5.25C5.03717 12.75 4.859 12.6782 4.7155 12.5345C4.57183 12.391 4.5 12.2128 4.5 12C4.5 11.7872 4.57183 11.609 4.7155 11.4655C4.859 11.3218 5.03717 11.25 5.25 11.25H16.627L11.4577 6.08076C11.3091 5.93209 11.2357 5.75809 11.2375 5.55876C11.2395 5.35942 11.318 5.18217 11.473 5.02701C11.6282 4.88217 11.8038 4.80717 12 4.80201C12.1962 4.79684 12.3718 4.87184 12.527 5.02701L18.8673 11.3673C18.9609 11.4609 19.0269 11.5597 19.0652 11.6635C19.1037 11.7673 19.123 11.8795 19.123 12C19.123 12.1205 19.1037 12.2327 19.0652 12.3365C19.0269 12.4403 18.9609 12.5391 18.8673 12.6328L12.527 18.973C12.3885 19.1115 12.217 19.1823 12.0125 19.1855C11.808 19.1887 11.6282 19.1178 11.473 18.973C11.318 18.8178 11.2405 18.6397 11.2405 18.4385C11.2405 18.2372 11.318 18.0589 11.473 17.9038L16.627 12.75Z\" fill=\"var(--t2-icon-fill, #000)\"\/><\/svg><\/a><\/div>\n<\/div>\n\n\n\t\t\t\t<\/div>\n\t\t\t<\/div>\n\t\t<\/div>\n\t\t\n\n<p class=\"t2-ingress wp-block-t2-ingress\">W bran\u017cy medycznej i farmaceutycznej dok\u0142adno\u015b\u0107 ratuje \u017cycie. Ka\u017cde zam\u00f3wienie musi spe\u0142nia\u0107 <strong>rygorystyczne wymogi prawne<\/strong>, zapewnia\u0107 <strong>pe\u0142n\u0105 identyfikowalno\u015b\u0107<\/strong> oraz by\u0107 dostarczone w <strong>odpowiednich warunkach<\/strong>. Rosn\u0105ca r\u00f3\u017cnorodno\u015b\u0107 produkt\u00f3w, coraz wy\u017csze wymagania regulacyjne oraz wyzwania kadrowe sprawiaj\u0105, \u017ce automatyzacja staje si\u0119 kluczowym elementem gwarantuj\u0105cym jako\u015b\u0107 i niezawodno\u015b\u0107.<\/p>\n\n\n<p>Element Logic wspiera dystrybutor\u00f3w, producent\u00f3w oraz podmioty ochrony zdrowia w optymalizacji magazynowania, zapewnianiu zgodno\u015bci z przepisami i bezpiecznej obs\u0142udze produkt\u00f3w. Jako pierwszy na \u015bwiecie partner AutoStore oraz firma z ponad 40-letnim do\u015bwiadczeniem w intralogistyce dostarczamy rozwi\u0105zania automatyzacyjne, kt\u00f3re chroni\u0105 zar\u00f3wno pacjent\u00f3w, jak i efektywno\u015b\u0107 operacyjn\u0105.\u00a0<\/p>\n\n\n\n<div class=\"wp-block-group has-global-padding is-layout-constrained wp-block-group-is-layout-constrained\">\n<h2 class=\"wp-block-heading wp-container-content-1\" id=\"h-wyzwania-w-logistyce-medycznej-i-farmaceutycznej\"><strong>Wyzwania w logistyce medycznej i farmaceutycznej<\/strong><\/h2>\n\n\n\n<ul class=\"wp-block-list\">\n<li>Zarz\u0105dzanie \u015bcis\u0142\u0105 kontrol\u0105 temperatury i integralno\u015bci\u0105 produkt\u00f3w w r\u00f3\u017cnych strefach magazynowych<\/li>\n\n\n\n<li>Spe\u0142nianie wymog\u00f3w regulacyjnych<\/li>\n\n\n\n<li>Ograniczanie ryzyka b\u0142\u0119d\u00f3w ludzkich przy obs\u0142udze wra\u017cliwych towar\u00f3w<\/li>\n\n\n\n<li>Zarz\u0105dzanie szerokim asortymentem lek\u00f3w, wyrob\u00f3w medycznych i materia\u0142\u00f3w zu\u017cywalnych<\/li>\n\n\n\n<li>R\u00f3wnowa\u017cenie szybko\u015bci, dok\u0142adno\u015bci i bezpiecze\u0144stwa w dostawach krytycznych czasowo<\/li>\n<\/ul>\n<\/div>\n\n\n\n\t\t<div style=\"--dekode-hero-dim:0.5; --t2-icon-fill:var(--wp--preset--color--white);\" class=\"alignfull dekode-hero-content-position-center has-media-background wp-block-dekode-hero has-text-color has-white-color\">\n\t\t\t\t\t<video\n\t\t\tautoplay\n\t\t\tloop\n\t\t\tmuted\n\t\t\tplaysinline\n\t\t\tposter=\"\"\n\t\t\tsrc=\"https:\/\/www.elementlogic.net\/content\/uploads\/sites\/22\/\/2024\/09\/solutions-and-services.mp4\">\n\t\t<\/video>\n\t\t\n\t\t\t<div class=\"dekode-hero__content\">\n\t\t\t\t<div class=\"dekode-hero__container\">\n\t\t\t\t\t\n\n<h2 class=\"wp-block-heading\" id=\"h-zaufali-nam-liderzy-branzy-medycznej-i-farmaceutycznej\">Zaufali nam liderzy bran\u017cy medycznej i farmaceutycznej<\/h2>\n\n\n\t\t\t\t<\/div>\n\t\t\t<\/div>\n\t\t<\/div>\n\t\t\n\n<div class=\"t2-featured-content-layout alignwide wp-block-t2-featured-content-layout\">\n<div class=\"t2-featured-single-post t2-featured-content is-post-type-case case_tax-medycyna-i-farmacja wp-block-t2-featured-single-post\"><a class=\"t2-post-link wp-block-t2-post-link\" href=\"https:\/\/www.elementlogic.net\/pl\/cases\/internetowa-apteka-apotea-pierwsze-robotyczne-kompletacja-sztuk-autostore\/\">\n\t<div class=\"client-logo-image-wrapper\"><img loading=\"lazy\" decoding=\"async\" width=\"241\" height=\"65\" src=\"https:\/\/www.elementlogic.net\/content\/uploads\/sites\/22\/\/2024\/09\/Apotea-logo.png\" class=\"client-logo-image\" alt=\"\" \/><\/div>\n\t<figure style=\"--t2-focal-point: 50% 50%;\" class=\"t2-post-featured-image has-image-ratio-3-2 wp-block-t2-post-featured-image\"><img loading=\"lazy\" decoding=\"async\" width=\"2000\" height=\"1334\" src=\"https:\/\/www.elementlogic.net\/content\/uploads\/sites\/22\/\/2024\/09\/Warehouse-automation_Element-Logic.jpg\" class=\"attachment-post-thumbnail size-post-thumbnail wp-post-image\" alt=\"\" srcset=\"https:\/\/www.elementlogic.net\/content\/uploads\/sites\/22\/2024\/09\/Warehouse-automation_Element-Logic.jpg 2000w, https:\/\/www.elementlogic.net\/content\/uploads\/sites\/22\/2024\/09\/Warehouse-automation_Element-Logic-300x200.jpg 300w, https:\/\/www.elementlogic.net\/content\/uploads\/sites\/22\/2024\/09\/Warehouse-automation_Element-Logic-1024x683.jpg 1024w, https:\/\/www.elementlogic.net\/content\/uploads\/sites\/22\/2024\/09\/Warehouse-automation_Element-Logic-768x512.jpg 768w, https:\/\/www.elementlogic.net\/content\/uploads\/sites\/22\/2024\/09\/Warehouse-automation_Element-Logic-1536x1025.jpg 1536w\" sizes=\"(max-width: 2000px) 100vw, 2000px\" \/><\/figure>\n\t\n<\/a>\n\n\t\t<div class=\"card-content wp-block-t2-wrapper\">\n\t<div class=\"wp-block-dekode-post-terms\"><span>Medycyna i farmacja<\/span><\/div>\n\t<h3 class=\"t2-post-title wp-block-t2-post-title\"><a href=\"https:\/\/www.elementlogic.net\/pl\/cases\/internetowa-apteka-apotea-pierwsze-robotyczne-kompletacja-sztuk-autostore\/\" target=\"_self\" >Internetowa apteka Apotea ma pierwsze na \u015bwiecie rozwi\u0105zanie do robotycznej kompletacji sztuk zintegrowane z AutoStore<\/a><\/h3>\n\t<div class=\"t2-post-excerpt wp-block-t2-post-excerpt\"><p>Zobacz film z centrum logistyki Apotea: Bran\u017ca produkt\u00f3w aptecznych jest jedn\u0105 z najszybciej rozwijaj\u0105cych si\u0119 bran\u017c e-commerce na \u015bwiecie. Apotea.se [&hellip;]<\/p><\/div>\n<\/div>\n<\/div>\n\n\n\n\n<\/div>\n\n\n<div class=\"wp-block-buttons is-layout-flex wp-block-buttons-is-layout-flex\">\n<div class=\"wp-block-button\"><a class=\"wp-block-button__link wp-element-button\" href=\"https:\/\/www.elementlogic.net\/pl\/cases\/category\/pharmaceuticals\/\">Wi\u0119cej przyk\u0142ad\u00f3w z tej bran\u017cy<\/a><\/div>\n<\/div>\n\n\n\n<div class=\"wp-block-group has-global-padding is-layout-constrained wp-block-group-is-layout-constrained\">\n<h2 class=\"wp-block-heading wp-container-content-2\" id=\"h-dlaczego-firmy-z-branzy-medycznej-i-farmaceutycznej-wybieraja-element-logic\">Dlaczego firmy z bran\u017cy medycznej i farmaceutycznej wybieraj\u0105 Element Logic?<\/h2>\n\n\n\n<ul class=\"wp-block-list\">\n<li>Pe\u0142na zgodno\u015b\u0107 regulacyjna dzi\u0119ki automatyzacji zapewniaj\u0105cej identyfikowalno\u015b\u0107<\/li>\n\n\n\n<li>Ochrona integralno\u015bci produkt\u00f3w i minimalizacja ryzyka kontaminacji<\/li>\n\n\n\n<li>Bardzo wysoka dok\u0142adno\u015b\u0107 kompletacji zam\u00f3wie\u0144 przy pe\u0142nej widoczno\u015bci proces\u00f3w<\/li>\n\n\n\n<li>Skalowanie operacji przy zachowaniu stabilnych warunk\u00f3w \u015brodowiskowych<\/li>\n<\/ul>\n<\/div>\n\n\n\n<div style=\"height:100px\" aria-hidden=\"true\" class=\"wp-block-spacer\"><\/div>\n\n\n\n\t\t<div style=\"--dekode-hero-dim:0.6; --t2-icon-fill:var(--wp--preset--color--white);\" class=\"alignfull dekode-hero-content-position-center has-media-background wp-block-dekode-hero has-text-color has-white-color\">\n\t\t\t<img loading=\"lazy\" decoding=\"async\" width=\"1024\" height=\"683\" src=\"https:\/\/www.elementlogic.net\/content\/uploads\/sites\/22\/2026\/02\/Fiege_1-6-1.jpg\" class=\"dekode-hero__image\" alt=\"\" style=\"--focalpoint: 75% 71%;\" srcset=\"https:\/\/www.elementlogic.net\/content\/uploads\/sites\/22\/2026\/02\/Fiege_1-6-1.jpg 1024w, https:\/\/www.elementlogic.net\/content\/uploads\/sites\/22\/2026\/02\/Fiege_1-6-1-300x200.jpg 300w, https:\/\/www.elementlogic.net\/content\/uploads\/sites\/22\/2026\/02\/Fiege_1-6-1-768x512.jpg 768w\" sizes=\"(max-width: 1024px) 100vw, 1024px\" \/>\n\t\t\t<div class=\"dekode-hero__content\">\n\t\t\t\t<div class=\"dekode-hero__container\">\n\t\t\t\t\t\n\n<h1 class=\"wp-block-heading\" id=\"h-zadbaj-o-najwyzsza-precyzje-dzieki-automatyzacji-magazynu\"><strong>Zadbaj o najwy\u017csz\u0105 precyzj\u0119 dzi\u0119ki automatyzacji magazynu.<\/strong><\/h1>\n\n\n\n<div class=\"wp-block-buttons is-layout-flex wp-block-buttons-is-layout-flex\">\n<div class=\"wp-block-button http:\/\/hs-cta-trigger-button hs-cta-trigger-button-195241208906\"><a class=\"wp-block-button__link wp-element-button\" href=\"https:\/\/www.elementlogic.net\/pl\/kontakt\/\">Skontaktuj si\u0119 z nami ju\u017c dzi\u015b<\/a><\/div>\n<\/div>\n\n\n\t\t\t\t<\/div>\n\t\t\t<\/div>\n\t\t<\/div>\n\t\t\n\n\n<p><\/p>\n","protected":false},"excerpt":{"rendered":"<p>Element Logic wspiera dystrybutor\u00f3w, producent\u00f3w oraz podmioty ochrony zdrowia w optymalizacji magazynowania, zapewnianiu zgodno\u015bci z przepisami i bezpiecznej obs\u0142udze produkt\u00f3w. [&hellip;]<\/p>\n","protected":false},"author":58,"featured_media":0,"parent":2717,"menu_order":0,"comment_status":"closed","ping_status":"closed","template":"","meta":{"hreflang_relation":0,"_el_cross_publish_source_blog_url":"","_el_cross_publish_source_blog_id":0,"_el_cross_publish_source_post_id":0,"_el_cross_publish_sync_state":"","exclude_from_search":false,"footnotes":""},"class_list":["post-2822","page","type-page","status-publish","hentry"],"yoast_head":"<!-- This site is optimized with the Yoast SEO Premium plugin v23.9 (Yoast SEO v23.9) - https:\/\/yoast.com\/wordpress\/plugins\/seo\/ -->\n<title>Bran\u017ca medyczna - Element Logic Poland<\/title>\n<meta name=\"robots\" content=\"index, follow, max-snippet:-1, max-image-preview:large, max-video-preview:-1\" \/>\n<link rel=\"canonical\" href=\"https:\/\/www.elementlogic.net\/pl\/branze\/branza-medyczna-i-farmaceutyczna\/\" \/>\n<meta property=\"og:locale\" content=\"pl_PL\" \/>\n<meta property=\"og:type\" content=\"article\" \/>\n<meta property=\"og:title\" content=\"Bran\u017ca medyczna\" \/>\n<meta property=\"og:description\" content=\"Element Logic wspiera dystrybutor\u00f3w, producent\u00f3w oraz podmioty ochrony zdrowia w optymalizacji magazynowania, zapewnianiu zgodno\u015bci z przepisami i bezpiecznej obs\u0142udze produkt\u00f3w. [&hellip;]\" \/>\n<meta property=\"og:url\" content=\"https:\/\/www.elementlogic.net\/pl\/branze\/branza-medyczna-i-farmaceutyczna\/\" \/>\n<meta property=\"og:site_name\" content=\"Element Logic Poland\" \/>\n<meta name=\"twitter:card\" content=\"summary_large_image\" \/>\n<script type=\"application\/ld+json\" class=\"yoast-schema-graph\">{\"@context\":\"https:\/\/schema.org\",\"@graph\":[{\"@type\":\"WebPage\",\"@id\":\"https:\/\/www.elementlogic.net\/pl\/branze\/branza-medyczna-i-farmaceutyczna\/\",\"url\":\"https:\/\/www.elementlogic.net\/pl\/branze\/branza-medyczna-i-farmaceutyczna\/\",\"name\":\"Bran\u017ca medyczna - Element Logic Poland\",\"isPartOf\":{\"@id\":\"https:\/\/www.elementlogic.net\/pl\/#website\"},\"datePublished\":\"2026-03-31T07:12:14+00:00\",\"dateModified\":\"2026-03-31T07:12:14+00:00\",\"breadcrumb\":{\"@id\":\"https:\/\/www.elementlogic.net\/pl\/branze\/branza-medyczna-i-farmaceutyczna\/#breadcrumb\"},\"inLanguage\":\"pl-PL\",\"potentialAction\":[{\"@type\":\"ReadAction\",\"target\":[\"https:\/\/www.elementlogic.net\/pl\/branze\/branza-medyczna-i-farmaceutyczna\/\"]}]},{\"@type\":\"BreadcrumbList\",\"@id\":\"https:\/\/www.elementlogic.net\/pl\/branze\/branza-medyczna-i-farmaceutyczna\/#breadcrumb\",\"itemListElement\":[{\"@type\":\"ListItem\",\"position\":1,\"name\":\"Bran\u017ce\",\"item\":\"https:\/\/www.elementlogic.net\/pl\/branze\/\"},{\"@type\":\"ListItem\",\"position\":2,\"name\":\"Bran\u017ca medyczna\"}]},{\"@type\":\"WebSite\",\"@id\":\"https:\/\/www.elementlogic.net\/pl\/#website\",\"url\":\"https:\/\/www.elementlogic.net\/pl\/\",\"name\":\"Element Logic Poland\",\"description\":\"\",\"potentialAction\":[{\"@type\":\"SearchAction\",\"target\":{\"@type\":\"EntryPoint\",\"urlTemplate\":\"https:\/\/www.elementlogic.net\/pl\/?s={search_term_string}\"},\"query-input\":{\"@type\":\"PropertyValueSpecification\",\"valueRequired\":true,\"valueName\":\"search_term_string\"}}],\"inLanguage\":\"pl-PL\"}]}<\/script>\n<!-- \/ Yoast SEO Premium plugin. -->","yoast_head_json":{"title":"Bran\u017ca medyczna - Element Logic Poland","robots":{"index":"index","follow":"follow","max-snippet":"max-snippet:-1","max-image-preview":"max-image-preview:large","max-video-preview":"max-video-preview:-1"},"canonical":"https:\/\/www.elementlogic.net\/pl\/branze\/branza-medyczna-i-farmaceutyczna\/","og_locale":"pl_PL","og_type":"article","og_title":"Bran\u017ca medyczna","og_description":"Element Logic wspiera dystrybutor\u00f3w, producent\u00f3w oraz podmioty ochrony zdrowia w optymalizacji magazynowania, zapewnianiu zgodno\u015bci z przepisami i bezpiecznej obs\u0142udze produkt\u00f3w. [&hellip;]","og_url":"https:\/\/www.elementlogic.net\/pl\/branze\/branza-medyczna-i-farmaceutyczna\/","og_site_name":"Element Logic Poland","twitter_card":"summary_large_image","schema":{"@context":"https:\/\/schema.org","@graph":[{"@type":"WebPage","@id":"https:\/\/www.elementlogic.net\/pl\/branze\/branza-medyczna-i-farmaceutyczna\/","url":"https:\/\/www.elementlogic.net\/pl\/branze\/branza-medyczna-i-farmaceutyczna\/","name":"Bran\u017ca medyczna - Element Logic Poland","isPartOf":{"@id":"https:\/\/www.elementlogic.net\/pl\/#website"},"datePublished":"2026-03-31T07:12:14+00:00","dateModified":"2026-03-31T07:12:14+00:00","breadcrumb":{"@id":"https:\/\/www.elementlogic.net\/pl\/branze\/branza-medyczna-i-farmaceutyczna\/#breadcrumb"},"inLanguage":"pl-PL","potentialAction":[{"@type":"ReadAction","target":["https:\/\/www.elementlogic.net\/pl\/branze\/branza-medyczna-i-farmaceutyczna\/"]}]},{"@type":"BreadcrumbList","@id":"https:\/\/www.elementlogic.net\/pl\/branze\/branza-medyczna-i-farmaceutyczna\/#breadcrumb","itemListElement":[{"@type":"ListItem","position":1,"name":"Bran\u017ce","item":"https:\/\/www.elementlogic.net\/pl\/branze\/"},{"@type":"ListItem","position":2,"name":"Bran\u017ca medyczna"}]},{"@type":"WebSite","@id":"https:\/\/www.elementlogic.net\/pl\/#website","url":"https:\/\/www.elementlogic.net\/pl\/","name":"Element Logic Poland","description":"","potentialAction":[{"@type":"SearchAction","target":{"@type":"EntryPoint","urlTemplate":"https:\/\/www.elementlogic.net\/pl\/?s={search_term_string}"},"query-input":{"@type":"PropertyValueSpecification","valueRequired":true,"valueName":"search_term_string"}}],"inLanguage":"pl-PL"}]}},"_links":{"self":[{"href":"https:\/\/www.elementlogic.net\/pl\/wp-json\/wp\/v2\/pages\/2822"}],"collection":[{"href":"https:\/\/www.elementlogic.net\/pl\/wp-json\/wp\/v2\/pages"}],"about":[{"href":"https:\/\/www.elementlogic.net\/pl\/wp-json\/wp\/v2\/types\/page"}],"author":[{"embeddable":true,"href":"https:\/\/www.elementlogic.net\/pl\/wp-json\/wp\/v2\/users\/58"}],"replies":[{"embeddable":true,"href":"https:\/\/www.elementlogic.net\/pl\/wp-json\/wp\/v2\/comments?post=2822"}],"version-history":[{"count":2,"href":"https:\/\/www.elementlogic.net\/pl\/wp-json\/wp\/v2\/pages\/2822\/revisions"}],"predecessor-version":[{"id":2826,"href":"https:\/\/www.elementlogic.net\/pl\/wp-json\/wp\/v2\/pages\/2822\/revisions\/2826"}],"up":[{"embeddable":true,"href":"https:\/\/www.elementlogic.net\/pl\/wp-json\/wp\/v2\/pages\/2717"}],"wp:attachment":[{"href":"https:\/\/www.elementlogic.net\/pl\/wp-json\/wp\/v2\/media?parent=2822"}],"curies":[{"name":"wp","href":"https:\/\/api.w.org\/{rel}","templated":true}]}}