{"id":42,"date":"2024-09-14T12:41:27","date_gmt":"2024-09-14T10:41:27","guid":{"rendered":"https:\/\/www.elementlogic.net\/?page_id=2673"},"modified":"2024-12-16T12:55:12","modified_gmt":"2024-12-16T12:55:12","slug":"politykaplikowcookies","status":"publish","type":"page","link":"https:\/\/www.elementlogic.net\/pl\/politykaplikowcookies\/","title":{"rendered":"Polityka cookies"},"content":{"rendered":"<p class=\"t2-ingress wp-block-t2-ingress\">Niniejsza polityka plik\u00f3w cookies opisuje, w jaki spos\u00f3b Element Logic wykorzystuje pliki cookies na swojej stronie internetowej (https:\/\/www.elementlogic.net\/pl\/).<\/p>\n\n\n<div class=\"wp-block-buttons is-layout-flex wp-block-buttons-is-layout-flex\">\n<div class=\"wp-block-button has-icon has-icon-theme_arrow\"><a class=\"wp-block-button__link wp-element-button\" href=\"#cookies\">Edytuj swoje preferencje dotycz\u0105ce plik\u00f3w cookies<svg xmlns=\"http:\/\/www.w3.org\/2000\/svg\" viewBox=\"0 0 24 24\" height=\"24\" width=\"24\" class=\"t2-icon t2-icon-theme_arrow\" aria-hidden=\"true\" focusable=\"false\"><path d=\"M16.627 12.75H5.25C5.03717 12.75 4.859 12.6782 4.7155 12.5345C4.57183 12.391 4.5 12.2128 4.5 12C4.5 11.7872 4.57183 11.609 4.7155 11.4655C4.859 11.3218 5.03717 11.25 5.25 11.25H16.627L11.4577 6.08076C11.3091 5.93209 11.2357 5.75809 11.2375 5.55876C11.2395 5.35942 11.318 5.18217 11.473 5.02701C11.6282 4.88217 11.8038 4.80717 12 4.80201C12.1962 4.79684 12.3718 4.87184 12.527 5.02701L18.8673 11.3673C18.9609 11.4609 19.0269 11.5597 19.0652 11.6635C19.1037 11.7673 19.123 11.8795 19.123 12C19.123 12.1205 19.1037 12.2327 19.0652 12.3365C19.0269 12.4403 18.9609 12.5391 18.8673 12.6328L12.527 18.973C12.3885 19.1115 12.217 19.1823 12.0125 19.1855C11.808 19.1887 11.6282 19.1178 11.473 18.973C11.318 18.8178 11.2405 18.6397 11.2405 18.4385C11.2405 18.2372 11.318 18.0589 11.473 17.9038L16.627 12.75Z\" fill=\"var(--t2-icon-fill, #000)\"\/><\/svg><\/a><\/div>\n<\/div>\n\n\n\n<p>Pliki cookies to ma\u0142e pliki tekstowe, kt\u00f3re s\u0105 umieszczane na komputerze u\u017cytkownika przez odwiedzane strony internetowe. S\u0105 one powszechnie stosowane w celu usprawnienia dzia\u0142ania stron internetowych, a tak\u017ce w celu dostarczania informacji w\u0142a\u015bcicielom strony. Element Logic r\u00f3wnie\u017c u\u017cywa plik\u00f3w cookies w trzech g\u0142\u00f3wnych celach:<\/p>\n\n\n\n<ul class=\"wp-block-list\">\n<li>Analityczne pliki&nbsp;cookies&nbsp;zbieraj\u0105 informacje w jaki spos\u00f3b odwiedzaj\u0105cy korzystaj\u0105 z naszej strony internetowej, dzi\u0119ki czemu Element Logic wie, jak dzia\u0142a strona. Element Logic wykorzystuje te pliki cookies do poprawy dzia\u0142ania witryny. Wszystkie informacje gromadzone przez ten rodzaj plik\u00f3w cookies s\u0105 anonimowe.<\/li>\n<\/ul>\n\n\n\n<ul class=\"wp-block-list\">\n<li>Reklamowe pliki&nbsp;cookies&nbsp;dostarczaj\u0105 informacji o cyfrowych zachowaniach naszych u\u017cytkownik\u00f3w. Reklamowe pliki cookies dostarczane przez Google AdWords maj\u0105 na celu ponowne zaanga\u017cowanie odwiedzaj\u0105cych, kt\u00f3rzy mog\u0105 sta\u0107 si\u0119 klientami, w oparciu o ich zachowanie online na r\u00f3\u017cnych stronach internetowych. Reklamowe pliki cookies dostarczane przez Microsoft Dynamics 365 maj\u0105 na celu dystrybucj\u0119 tre\u015bci opartych na zainteresowaniach do obecnych i potencjalnych klient\u00f3w.<\/li>\n<\/ul>\n\n\n\n<ul class=\"wp-block-list\">\n<li>Funkcjonalne pliki&nbsp;cookies&nbsp;s\u0105 wykorzystywane na naszej stronie internetowej w celu zapami\u0119tywania powy\u017cszych wybor\u00f3w, aby poprawi\u0107 komfort przegl\u0105dania witryny. Informacje te nie s\u0105 wykorzystywane do \u017cadnych innych cel\u00f3w.<\/li>\n<\/ul>\n\n\n\n<p>Je\u015bli wyra\u017c\u0105 Pa\u0144stwo \u00a0na to zgod\u0119, zainstalujemy tylko te pliki cookies, kt\u00f3re s\u0142u\u017c\u0105 powy\u017cszym celom. Szczeg\u00f3\u0142owy opis u\u017cywanych przez nas plik\u00f3w cookies znajduje si\u0119 w poni\u017cszej tabeli. Mog\u0105 Pa\u0144stwo zmieni\u0107 lub wycofa\u0107 swoj\u0105 zgod\u0119 w dowolnym momencie pod\u00a0<a href=\"https:\/\/www.elementlogic.net\/pl\/politykaplikowcookies\/#cookies\">tym adresem<\/a>. Jest to mo\u017cliwe poprzez ustawienie dost\u0119pnych suwak\u00f3w na opcjach \u201ew\u0142\u0105czone\u201d lub \u201ewy\u0142\u0105czone\u201d, a nast\u0119pnie wybranie opcji \u201ezapisz i zamknij\u201d.<\/p>\n\n\n\n<p>Niekt\u00f3re z opisanych poni\u017cej plik\u00f3w cookies gromadz\u0105 dane osobowe. Informacje na temat praw os\u00f3b, kt\u00f3rych dane dotycz\u0105, mo\u017cna znale\u017a\u0107 w naszej Polityce prywatno\u015bci.<\/p>\n\n\n\n<p>Wi\u0119kszo\u015b\u0107 przegl\u0105darek internetowych umo\u017cliwia r\u00f3wnie\u017c pewn\u0105 kontrol\u0119 nad wi\u0119kszo\u015bci\u0105 plik\u00f3w cookies za pomoc\u0105 ustawie\u0144 przegl\u0105darki. Aby dowiedzie\u0107 si\u0119 wi\u0119cej o plikach cookies, w tym jak sprawdzi\u0107, jakie pliki cookies zosta\u0142y ustawione, odwied\u017a stron\u0119&nbsp;<a href=\"http:\/\/www.aboutcookies.org\/\">www.aboutcookies.org<\/a>&nbsp;lub&nbsp;<a href=\"http:\/\/www.allaboutcookies.org\/\">www.allaboutcookies.org<\/a>. Aby zrezygnowa\u0107 z plik\u00f3w cookies, mo\u017cna r\u00f3wnie\u017c odwiedzi\u0107 strony&nbsp;<a href=\"http:\/\/www.aboutads.info\/choices\">www.aboutads.info\/choices<\/a>&nbsp;i&nbsp;<a href=\"http:\/\/www.youronlinechoices.eu\/\">www.youronlinechoices.eu<\/a>.<\/p>\n\n\n\n<p><strong><strong>GOOGLE ANALYTICS<\/strong><\/strong><\/p>\n\n\n\n<p>W ramach strony internetowej\u00a0<a href=\"https:\/\/www.elementlogic.net\/pl\/\">https:\/\/www.elementlogic.net\/pl\/<\/a>, korzystamy z us\u0142ugi Google Analytics. Us\u0142uga ta wykorzystuje pliki cookies do gromadzenia, przechowywania i wykorzystywania informacji technicznych dotycz\u0105cych Pa\u0144stwa sprz\u0119tu oraz interakcji z nasz\u0105 stron\u0105 internetow\u0105 (dane sesji).<\/p>\n\n\n\n<p>Przetwarzamy Pa\u0144stwa dane osobowe w celu projektowania, optymalizacji, oceny, rozwoju i doskonalenia strony internetowej Element Logic. Google Analytics udost\u0119pnia us\u0142ug\u0119 analizy stron internetowych i tworzy pseudonimizowane profile u\u017cytkownik\u00f3w.<\/p>\n\n\n\n<p><strong><strong>GOOGLE MAPS<\/strong><\/strong><\/p>\n\n\n\n<p>W ramach strony internetowej\u00a0<a href=\"https:\/\/www.elementlogic.net\/pl\/\">https:\/\/www.elementlogic.pl\/<\/a>\u00a0\u00a0korzystamy z us\u0142ugi Google Maps. Us\u0142uga ta wykorzystuje pliki cookies do gromadzenia, przechowywania i wykorzystywania informacji technicznych dotycz\u0105cych Pa\u0144stwa interakcji z nasz\u0105 stron\u0105 internetow\u0105 (dane sesji).<\/p>\n\n\n\n<p>Jest to interaktywna mapa, kt\u00f3ra umo\u017cliwia wy\u015bwietlenie naszej lokalizacji. Przetwarzamy Pa\u0144stwa dane osobowe w celu dostarczenia interaktywnej mapy pokazuj\u0105cej nasz\u0105 lokalizacj\u0119.<\/p>\n\n\n\n<p>Je\u015bli wyra\u017c\u0105 Pa\u0144stwo zgod\u0119 na korzystanie z Google Maps, mapa zostanie wy\u015bwietlona na naszej stronie internetowej. Pa\u0144stwa adres IP oraz informacje o odwiedzeniu naszej strony internetowej zostan\u0105 przes\u0142ane do Google. Google b\u0119dzie przechowywa\u0107 te informacje na swoich serwerach.<\/p>\n\n\n\n<p><strong>YOUTUBE<\/strong><\/p>\n\n\n\n<p>W ramach strony internetowej\u00a0<a href=\"https:\/\/www.elementlogic.net\/pl\/\">https:\/\/www.elementlogic.pl\/<\/a>\u00a0korzystamy z us\u0142ugi YouTube. Us\u0142uga ta wykorzystuje pliki cookies do gromadzenia, przechowywania i wykorzystywania informacji technicznych dotycz\u0105cych Pa\u0144stwa interakcji z nasz\u0105 stron\u0105 internetow\u0105 (dane sesji).<\/p>\n\n\n\n<p>Korzystamy z YouTube w jego trybie zwi\u0119kszonej prywatno\u015bci, aby wy\u015bwietla\u0107 filmy. Przetwarzamy Pa\u0144stwa dane osobowe w celu zapewnienia dost\u0119pu do film\u00f3w z naszego kana\u0142u YouTube.<\/p>\n\n\n\n<p>Tryb zwi\u0119kszonej prywatno\u015bci oznacza, \u017ce YouTube otrzyma Pa\u0144stwa adres IP, dat\u0119 i godzin\u0119 wy\u015bwietlenia filmu, a tak\u017ce informacje o odwiedzeniu naszej strony internetowej. Dane te b\u0119d\u0105 przesy\u0142ane na serwer YouTube tylko wtedy, gdy zostanie uruchomiony film.<\/p>\n\n\n\n<p><strong>MICROSOFT CLARITY<\/strong><\/p>\n\n\n\n<p>W ramach strony internetowej\u00a0<a href=\"https:\/\/www.elementlogic.net\/pl\/\">https:\/\/www.elementlogic.net\/pl\/<\/a>\u00a0korzystamy z us\u0142ugi Clarity dostarczanej przez Microsoft. Clarity to narz\u0119dzie analityki zachowa\u0144, kt\u00f3re pomaga nam zrozumie\u0107, jak u\u017cytkownicy korzystaj\u0105 z naszej strony internetowej. Us\u0142uga przetwarza dane sesji i informacje o tym, jak strona jest renderowana, oraz interakcje u\u017cytkownik\u00f3w, takie jak ruchy myszy, klikni\u0119cia i przewijanie.<\/p>\n\n\n\n<p>Gdy u\u017cytkownik wyrazi zgod\u0119, Microsoft zbiera lub otrzymuje od niego dane osobowe w celu \u015bwiadczenia us\u0142ugi Microsoft Advertising. Wi\u0119cej informacji na ten temat mo\u017cna znale\u017a\u0107 w Polityce prywatno\u015bci firmy Microsoft:&nbsp;<a href=\"https:\/\/privacy.microsoft.com\/en-us\/privacystatement\">https:\/\/privacy.microsoft.com\/en-us\/privacystatement<\/a><\/p>\n\n\n\n<p><strong>GOOGLE ADWORDS<\/strong><\/p>\n\n\n\n<p>W ramach strony internetowej\u00a0<a href=\"https:\/\/www.elementlogic.net\/pl\/\">https:\/\/www.elementlogic.net.pl\/<\/a>\u00a0korzystamy z us\u0142ug Google AdWords. Wykorzystujemy us\u0142ug\u0119 do przeprowadzania ukierunkowanej reklamy dotycz\u0105cej us\u0142ug Google i stron internetowych innych podmiot\u00f3w.<\/p>\n\n\n\n<p>Wi\u0119cej informacji o tym, jak Google przetwarza te informacje, mo\u017cna znale\u017a\u0107 tutaj:&nbsp;<a href=\"https:\/\/policies.google.com\/technologies\/partner-sites\">https:\/\/policies.google.com\/technologies\/partner-sites<\/a><\/p>\n\n\n\n<p><strong>FACEBOOK-PIXEL<br><\/strong>W ramach strony internetowej\u00a0<a href=\"https:\/\/www.elementlogic.net\/pl\/\">https:\/\/www.elementlogic.net\/pl\/<\/a>\u00a0korzystamy z us\u0142ug Facebook-Pixel., kt\u00f3ry zbiera dane dla Facebooka. Pixel gromadzi dane z plik\u00f3w cookies w przegl\u0105darce u\u017cytkownika i wysy\u0142a je z powrotem do Facebooka, gdzie te si\u0119 \u0142\u0105cz\u0105 z danymi z profilu u\u017cytkownika na Facebooku. Zebrane dane mog\u0105 by\u0107 zwi\u0105zane z danymi u\u017cytkownika (dane demograficzne, takie jak wiek, p\u0142e\u0107, zainteresowania) lub wykonywanymi przez niego czynno\u015bciami na stronie internetowej. Informacje te s\u0105 anonimowe i zagregowane. Dane s\u0105 wykorzystywane do cel\u00f3w analitycznych, ukierunkowanych reklam opartych na zachowaniu u\u017cytkownika (remarketing) oraz do identyfikowania grup docelowych reklam, kt\u00f3re maj\u0105 profil podobny do u\u017cytkownika, a zatem potencjalnie mog\u0105 mie\u0107 podobny wzorzec dzia\u0142ania lub potrzeby.<\/p>\n\n\n\n<p><strong>LINKEDIN INSIGHTS<br><\/strong>W ramach strony internetowej\u00a0<a href=\"https:\/\/www.elementlogic.net\/pl\/\">https:\/\/www.elementlogic.net\/pl\/<\/a>\u00a0korzystamy z us\u0142ug LinkedIn Insight. LinkedIn Insight Tag umo\u017cliwia Element Logic zbieranie danych o wizytach u\u017cytkownik\u00f3w LinkedIn na stronie internetowej, w tym adres URL, \u017ar\u00f3d\u0142o, adres IP, w\u0142a\u015bciwo\u015bci urz\u0105dzenia i przegl\u0105darki (agent u\u017cytkownika) oraz znacznik czasu. Adresy IP s\u0105 skracane lub hashowane (gdy s\u0105 u\u017cywane do dotarcia do u\u017cytkownik\u00f3w za pomoc\u0105 r\u00f3\u017cnych urz\u0105dze\u0144), a bezpo\u015brednie identyfikatory u\u017cytkownik\u00f3w s\u0105 usuwane w ci\u0105gu siedmiu dni, aby dane sta\u0142y si\u0119 pseudonimizowane. Pozosta\u0142e pseudonimizowane dane s\u0105 nast\u0119pnie usuwane w ci\u0105gu 180 dni.<\/p>\n","protected":false},"excerpt":{"rendered":"<p>Pliki cookies to ma\u0142e pliki tekstowe, kt\u00f3re s\u0105 umieszczane na komputerze u\u017cytkownika przez odwiedzane strony internetowe. S\u0105 one powszechnie stosowane [&hellip;]<\/p>\n","protected":false},"author":3,"featured_media":0,"parent":0,"menu_order":0,"comment_status":"closed","ping_status":"closed","template":"","meta":{"hreflang_relation":2673,"_el_cross_publish_source_blog_url":"","_el_cross_publish_source_blog_id":0,"_el_cross_publish_source_post_id":0,"_el_cross_publish_sync_state":"","exclude_from_search":false,"footnotes":""},"class_list":["post-42","page","type-page","status-publish","hentry"],"yoast_head":"<!-- This site is optimized with the Yoast SEO Premium plugin v23.9 (Yoast SEO v23.9) - https:\/\/yoast.com\/wordpress\/plugins\/seo\/ -->\n<title>Polityka cookies - Element Logic Poland<\/title>\n<meta name=\"robots\" content=\"index, follow, max-snippet:-1, max-image-preview:large, max-video-preview:-1\" \/>\n<link rel=\"canonical\" href=\"https:\/\/www.elementlogic.net\/pl\/politykaplikowcookies\/\" \/>\n<meta property=\"og:locale\" content=\"pl_PL\" \/>\n<meta property=\"og:type\" content=\"article\" \/>\n<meta property=\"og:title\" content=\"Polityka cookies\" \/>\n<meta property=\"og:description\" content=\"Pliki cookies to ma\u0142e pliki tekstowe, kt\u00f3re s\u0105 umieszczane na komputerze u\u017cytkownika przez odwiedzane strony internetowe. S\u0105 one powszechnie stosowane [&hellip;]\" \/>\n<meta property=\"og:url\" content=\"https:\/\/www.elementlogic.net\/pl\/politykaplikowcookies\/\" \/>\n<meta property=\"og:site_name\" content=\"Element Logic Poland\" \/>\n<meta property=\"article:modified_time\" content=\"2024-12-16T12:55:12+00:00\" \/>\n<meta name=\"twitter:card\" content=\"summary_large_image\" \/>\n<meta name=\"twitter:label1\" content=\"Szacowany czas czytania\" \/>\n\t<meta name=\"twitter:data1\" content=\"6 minut\" \/>\n<script type=\"application\/ld+json\" class=\"yoast-schema-graph\">{\"@context\":\"https:\/\/schema.org\",\"@graph\":[{\"@type\":\"WebPage\",\"@id\":\"https:\/\/www.elementlogic.net\/pl\/politykaplikowcookies\/\",\"url\":\"https:\/\/www.elementlogic.net\/pl\/politykaplikowcookies\/\",\"name\":\"Polityka cookies - Element Logic Poland\",\"isPartOf\":{\"@id\":\"https:\/\/www.elementlogic.net\/pl\/#website\"},\"datePublished\":\"2024-09-14T10:41:27+00:00\",\"dateModified\":\"2024-12-16T12:55:12+00:00\",\"inLanguage\":\"pl-PL\",\"potentialAction\":[{\"@type\":\"ReadAction\",\"target\":[\"https:\/\/www.elementlogic.net\/pl\/politykaplikowcookies\/\"]}]},{\"@type\":\"WebSite\",\"@id\":\"https:\/\/www.elementlogic.net\/pl\/#website\",\"url\":\"https:\/\/www.elementlogic.net\/pl\/\",\"name\":\"Element Logic Poland\",\"description\":\"\",\"potentialAction\":[{\"@type\":\"SearchAction\",\"target\":{\"@type\":\"EntryPoint\",\"urlTemplate\":\"https:\/\/www.elementlogic.net\/pl\/?s={search_term_string}\"},\"query-input\":{\"@type\":\"PropertyValueSpecification\",\"valueRequired\":true,\"valueName\":\"search_term_string\"}}],\"inLanguage\":\"pl-PL\"}]}<\/script>\n<!-- \/ Yoast SEO Premium plugin. -->","yoast_head_json":{"title":"Polityka cookies - Element Logic Poland","robots":{"index":"index","follow":"follow","max-snippet":"max-snippet:-1","max-image-preview":"max-image-preview:large","max-video-preview":"max-video-preview:-1"},"canonical":"https:\/\/www.elementlogic.net\/pl\/politykaplikowcookies\/","og_locale":"pl_PL","og_type":"article","og_title":"Polityka cookies","og_description":"Pliki cookies to ma\u0142e pliki tekstowe, kt\u00f3re s\u0105 umieszczane na komputerze u\u017cytkownika przez odwiedzane strony internetowe. S\u0105 one powszechnie stosowane [&hellip;]","og_url":"https:\/\/www.elementlogic.net\/pl\/politykaplikowcookies\/","og_site_name":"Element Logic Poland","article_modified_time":"2024-12-16T12:55:12+00:00","twitter_card":"summary_large_image","twitter_misc":{"Szacowany czas czytania":"6 minut"},"schema":{"@context":"https:\/\/schema.org","@graph":[{"@type":"WebPage","@id":"https:\/\/www.elementlogic.net\/pl\/politykaplikowcookies\/","url":"https:\/\/www.elementlogic.net\/pl\/politykaplikowcookies\/","name":"Polityka cookies - Element Logic Poland","isPartOf":{"@id":"https:\/\/www.elementlogic.net\/pl\/#website"},"datePublished":"2024-09-14T10:41:27+00:00","dateModified":"2024-12-16T12:55:12+00:00","inLanguage":"pl-PL","potentialAction":[{"@type":"ReadAction","target":["https:\/\/www.elementlogic.net\/pl\/politykaplikowcookies\/"]}]},{"@type":"WebSite","@id":"https:\/\/www.elementlogic.net\/pl\/#website","url":"https:\/\/www.elementlogic.net\/pl\/","name":"Element Logic Poland","description":"","potentialAction":[{"@type":"SearchAction","target":{"@type":"EntryPoint","urlTemplate":"https:\/\/www.elementlogic.net\/pl\/?s={search_term_string}"},"query-input":{"@type":"PropertyValueSpecification","valueRequired":true,"valueName":"search_term_string"}}],"inLanguage":"pl-PL"}]}},"_links":{"self":[{"href":"https:\/\/www.elementlogic.net\/pl\/wp-json\/wp\/v2\/pages\/42"}],"collection":[{"href":"https:\/\/www.elementlogic.net\/pl\/wp-json\/wp\/v2\/pages"}],"about":[{"href":"https:\/\/www.elementlogic.net\/pl\/wp-json\/wp\/v2\/types\/page"}],"author":[{"embeddable":true,"href":"https:\/\/www.elementlogic.net\/pl\/wp-json\/wp\/v2\/users\/3"}],"replies":[{"embeddable":true,"href":"https:\/\/www.elementlogic.net\/pl\/wp-json\/wp\/v2\/comments?post=42"}],"version-history":[{"count":4,"href":"https:\/\/www.elementlogic.net\/pl\/wp-json\/wp\/v2\/pages\/42\/revisions"}],"predecessor-version":[{"id":1952,"href":"https:\/\/www.elementlogic.net\/pl\/wp-json\/wp\/v2\/pages\/42\/revisions\/1952"}],"wp:attachment":[{"href":"https:\/\/www.elementlogic.net\/pl\/wp-json\/wp\/v2\/media?parent=42"}],"curies":[{"name":"wp","href":"https:\/\/api.w.org\/{rel}","templated":true}]}}