{"id":426,"date":"2024-08-22T20:00:56","date_gmt":"2024-08-22T18:00:56","guid":{"rendered":"https:\/\/www.elementlogic.net\/?page_id=291"},"modified":"2024-12-16T12:49:15","modified_gmt":"2024-12-16T12:49:15","slug":"kariera","status":"publish","type":"page","link":"https:\/\/www.elementlogic.net\/pl\/o-nas-archive\/kariera\/","title":{"rendered":"Kariera"},"content":{"rendered":"\n\t\t<div style=\"--dekode-hero-dim:0.5; --t2-icon-fill:var(--wp--preset--color--white); min-height:500px;\" class=\"alignfull dekode-hero-content-position-center has-media-background wp-elements-af906886d9392b018320f54eff4bc9b3 wp-block-dekode-hero has-text-color has-white-color\">\n\t\t\t<img loading=\"lazy\" decoding=\"async\" width=\"1024\" height=\"429\" src=\"https:\/\/www.elementlogic.net\/content\/uploads\/sites\/22\/\/2024\/09\/Wallpaper-8-scaled-1024x429.jpg\" class=\"dekode-hero__image\" alt=\"\" style=\"--focalpoint: 52% 37%;\" srcset=\"https:\/\/www.elementlogic.net\/content\/uploads\/sites\/22\/2024\/09\/Wallpaper-8-scaled-1024x429.jpg 1024w, https:\/\/www.elementlogic.net\/content\/uploads\/sites\/22\/2024\/09\/Wallpaper-8-scaled-300x126.jpg 300w, https:\/\/www.elementlogic.net\/content\/uploads\/sites\/22\/2024\/09\/Wallpaper-8-scaled-768x322.jpg 768w, https:\/\/www.elementlogic.net\/content\/uploads\/sites\/22\/2024\/09\/Wallpaper-8-scaled-1536x643.jpg 1536w, https:\/\/www.elementlogic.net\/content\/uploads\/sites\/22\/2024\/09\/Wallpaper-8-scaled-2048x858.jpg 2048w\" sizes=\"(max-width: 1024px) 100vw, 1024px\" \/>\n\t\t\t<div class=\"dekode-hero__content\">\n\t\t\t\t<div class=\"dekode-hero__container\">\n\t\t\t\t\t\n\n<h1 class=\"wp-block-heading has-text-align-center\" id=\"pasja-przynosi-rezultaty\">Pasja przynosi rezultaty<\/h1>\n\n\n\n<p class=\"has-text-align-center\">Odwaga. Pasja. Niezawodno\u015b\u0107. To trzy s\u0142owa, kt\u00f3re podsumowuj\u0105 to\u017csamo\u015b\u0107 Element Logic.<\/p>\n\n\n\n<div class=\"wp-block-buttons is-content-justification-left is-layout-flex wp-container-core-buttons-is-layout-1 wp-block-buttons-is-layout-flex\">\n<div class=\"wp-block-button has-icon has-icon-theme_arrow\"><a class=\"wp-block-button__link wp-element-button\" href=\"https:\/\/careers.elementlogic.net\/\">Sprawd\u017a aktualne oferty pracy i aplikuj<svg xmlns=\"http:\/\/www.w3.org\/2000\/svg\" viewBox=\"0 0 24 24\" height=\"24\" width=\"24\" class=\"t2-icon t2-icon-theme_arrow\" aria-hidden=\"true\" focusable=\"false\"><path d=\"M16.627 12.75H5.25C5.03717 12.75 4.859 12.6782 4.7155 12.5345C4.57183 12.391 4.5 12.2128 4.5 12C4.5 11.7872 4.57183 11.609 4.7155 11.4655C4.859 11.3218 5.03717 11.25 5.25 11.25H16.627L11.4577 6.08076C11.3091 5.93209 11.2357 5.75809 11.2375 5.55876C11.2395 5.35942 11.318 5.18217 11.473 5.02701C11.6282 4.88217 11.8038 4.80717 12 4.80201C12.1962 4.79684 12.3718 4.87184 12.527 5.02701L18.8673 11.3673C18.9609 11.4609 19.0269 11.5597 19.0652 11.6635C19.1037 11.7673 19.123 11.8795 19.123 12C19.123 12.1205 19.1037 12.2327 19.0652 12.3365C19.0269 12.4403 18.9609 12.5391 18.8673 12.6328L12.527 18.973C12.3885 19.1115 12.217 19.1823 12.0125 19.1855C11.808 19.1887 11.6282 19.1178 11.473 18.973C11.318 18.8178 11.2405 18.6397 11.2405 18.4385C11.2405 18.2372 11.318 18.0589 11.473 17.9038L16.627 12.75Z\" fill=\"var(--t2-icon-fill, #000)\"\/><\/svg><\/a><\/div>\n<\/div>\n\n\n\t\t\t\t<\/div>\n\t\t\t<\/div>\n\t\t<\/div>\n\t\t\n\n\n<p><strong>Jako dynamiczna, mi\u0119dzynarodowa firma z du\u017cymi ambicjami, dok\u0142adamy wszelkich stara\u0144 \u2013 nie tylko dla naszych klient\u00f3w, ale tak\u017ce dla naszych pracownik\u00f3w. Jeste\u015bmy oddani nie tylko naszym klientom, ale r\u00f3wnie\u017c pracownikom.&nbsp;<\/strong><\/p>\n\n\n\n<p>W Element Logic kultura pracy jest jednym z naszych filar\u00f3w. Dobra zabawa w pracy zgodna z mottem \u201cJeden zesp\u00f3\u0142, jedno marzenie\u201d to zasady, kt\u00f3re obowi\u0105zuj\u0105 nie tylko na papierze, ale kt\u00f3rymi kierujemy si\u0119 na co dzie\u0144.&nbsp;<\/p>\n\n\n\n<p>Obecnie biura Element Logic znajduj\u0105 si\u0119 na ca\u0142ym \u015bwiecie. Nasze skandynawskie korzenie wp\u0142yn\u0119\u0142y jednak na ca\u0142\u0105 struktur\u0119 organizacyjn\u0105 i korporacyjne warto\u015bci.&nbsp;<\/p>\n\n\n\n<p>Mimo \u017ce technologia jest ogromn\u0105 cz\u0119\u015bci\u0105 naszego codziennego \u017cycia, naszym najwi\u0119kszym atutem s\u0105 ludzie. Nasza kultura nie jest oparta na hierarchii, ale raczej skoncentrowana na tworzeniu otwartego \u015brodowiska, pe\u0142nego szacunku i pokory. K\u0142adziemy nacisk na zdrow\u0105 r\u00f3wnowag\u0119 work-life balance i stale zach\u0119camy naszych pracownik\u00f3w do aktywnego sp\u0119dzania czasu ka\u017cdego dnia.<\/p>\n\n\n\n<p><\/p>\n\n\n<div class=\"wp-block-image-wrapper\">\n<figure class=\"wp-block-image alignleft size-full is-resized\"><img loading=\"lazy\" decoding=\"async\" width=\"350\" height=\"500\" src=\"https:\/\/www.elementlogic.net\/content\/uploads\/sites\/22\/\/2024\/09\/GPTW-1.png\" alt=\"Great Place to Work certificate badge\" class=\"wp-image-719\" style=\"width:125px;height:auto\" srcset=\"https:\/\/www.elementlogic.net\/content\/uploads\/sites\/22\/2024\/09\/GPTW-1.png 350w, https:\/\/www.elementlogic.net\/content\/uploads\/sites\/22\/2024\/09\/GPTW-1-210x300.png 210w\" sizes=\"(max-width: 350px) 100vw, 350px\" \/><\/figure>\n<\/div>\n\n\n<h4 class=\"wp-block-heading\" id=\"great-place-to-work\">GREAT PLACE TO WORK<\/h4>\n\n\n\n<p>Jeste\u015bmy niezwykle dumni z otrzymania certyfikatu od naszych pracownik\u00f3w oraz od Great Place to Work.<\/p>\n\n\n\n<p>Great Place to Work to og\u00f3lno\u015bwiatowa ankieta mierz\u0105ca satysfakcj\u0119 pracownik\u00f3w. Pytania obejmuj\u0105 pi\u0119\u0107 aspekt\u00f3w \u017cycia w firmie: wiarygodno\u015b\u0107, szacunek, uczciwo\u015b\u0107, dum\u0119 i spo\u0142eczno\u015b\u0107. Wyniki badania pokaza\u0142y nam, jak odnosimy sukces, dbaj\u0105c o naszych pracownik\u00f3w i nasz\u0105 kultur\u0119.<\/p>\n\n\n\n<p>Jako pracownik Element Logic nie tylko b\u0119dziesz cz\u0119\u015bci\u0105 t\u0119tni\u0105cego \u017cyciem, mi\u0119dzynarodowego \u015brodowiska, ale zyskasz te\u017c interesuj\u0105ce mo\u017cliwo\u015bci rozwoju. Platforma doskonalenia zawodowego Element Academy zapewnia wszystkim pracownikom Element Logic dost\u0119p do szkole\u0144 w zakresie naszych produkt\u00f3w, proces\u00f3w i narz\u0119dzi.<\/p>\n\n\n\n<figure class=\"wp-block-embed alignwide is-type-video is-provider-youtube wp-block-embed-youtube wp-embed-aspect-16-9 wp-has-aspect-ratio\"><div class=\"wp-block-embed__wrapper\">\n<iframe loading=\"lazy\" title=\"We are Element Logic | World`s first AutoStore partner | EN\" width=\"500\" height=\"281\" src=\"https:\/\/www.youtube.com\/embed\/1ivTfVEOKc0?feature=oembed\" frameborder=\"0\" allow=\"accelerometer; autoplay; clipboard-write; encrypted-media; gyroscope; picture-in-picture; web-share\" referrerpolicy=\"strict-origin-when-cross-origin\" allowfullscreen><\/iframe>\n<\/div><\/figure>\n","protected":false},"excerpt":{"rendered":"<p>Jako dynamiczna, mi\u0119dzynarodowa firma z du\u017cymi ambicjami, dok\u0142adamy wszelkich stara\u0144 \u2013 nie tylko dla naszych klient\u00f3w, ale tak\u017ce dla naszych [&hellip;]<\/p>\n","protected":false},"author":5,"featured_media":217,"parent":210,"menu_order":0,"comment_status":"closed","ping_status":"closed","template":"","meta":{"hreflang_relation":291,"_el_cross_publish_source_blog_url":"","_el_cross_publish_source_blog_id":0,"_el_cross_publish_source_post_id":0,"_el_cross_publish_sync_state":"","exclude_from_search":false,"footnotes":""},"class_list":["post-426","page","type-page","status-publish","has-post-thumbnail","hentry"],"yoast_head":"<!-- This site is optimized with the Yoast SEO Premium plugin v23.9 (Yoast SEO v23.9) - https:\/\/yoast.com\/wordpress\/plugins\/seo\/ -->\n<title>Kariera - Element Logic Poland<\/title>\n<meta name=\"description\" content=\"Pasja. Zaanga\u017cowanie. Zabawa. Te trzy s\u0142owa to najlepsze podsumowanie pracy w Element Logic.\" \/>\n<meta name=\"robots\" content=\"index, follow, max-snippet:-1, max-image-preview:large, max-video-preview:-1\" \/>\n<link rel=\"canonical\" href=\"https:\/\/www.elementlogic.net\/pl\/o-nas-archive\/kariera\/\" \/>\n<meta property=\"og:locale\" content=\"pl_PL\" \/>\n<meta property=\"og:type\" content=\"article\" \/>\n<meta property=\"og:title\" content=\"Kariera\" \/>\n<meta property=\"og:description\" content=\"Pasja. Zaanga\u017cowanie. Zabawa. Te trzy s\u0142owa to najlepsze podsumowanie pracy w Element Logic.\" \/>\n<meta property=\"og:url\" content=\"https:\/\/www.elementlogic.net\/pl\/o-nas-archive\/kariera\/\" \/>\n<meta property=\"og:site_name\" content=\"Element Logic Poland\" \/>\n<meta property=\"article:modified_time\" content=\"2024-12-16T12:49:15+00:00\" \/>\n<meta property=\"og:image\" content=\"https:\/\/www.elementlogic.net\/content\/uploads\/sites\/22\/\/2024\/09\/Wallpaper-8-scaled.jpg\" \/>\n\t<meta property=\"og:image:width\" content=\"2560\" \/>\n\t<meta property=\"og:image:height\" content=\"1072\" \/>\n\t<meta property=\"og:image:type\" content=\"image\/jpeg\" \/>\n<meta name=\"twitter:card\" content=\"summary_large_image\" \/>\n<meta name=\"twitter:label1\" content=\"Szacowany czas czytania\" \/>\n\t<meta name=\"twitter:data1\" content=\"2 minuty\" \/>\n<script type=\"application\/ld+json\" class=\"yoast-schema-graph\">{\"@context\":\"https:\/\/schema.org\",\"@graph\":[{\"@type\":\"WebPage\",\"@id\":\"https:\/\/www.elementlogic.net\/pl\/o-nas-archive\/kariera\/\",\"url\":\"https:\/\/www.elementlogic.net\/pl\/o-nas-archive\/kariera\/\",\"name\":\"Kariera - Element Logic Poland\",\"isPartOf\":{\"@id\":\"https:\/\/www.elementlogic.net\/pl\/#website\"},\"primaryImageOfPage\":{\"@id\":\"https:\/\/www.elementlogic.net\/pl\/o-nas-archive\/kariera\/#primaryimage\"},\"image\":{\"@id\":\"https:\/\/www.elementlogic.net\/pl\/o-nas-archive\/kariera\/#primaryimage\"},\"thumbnailUrl\":\"https:\/\/www.elementlogic.net\/content\/uploads\/sites\/22\/\/2024\/09\/Wallpaper-8-scaled.jpg\",\"datePublished\":\"2024-08-22T18:00:56+00:00\",\"dateModified\":\"2024-12-16T12:49:15+00:00\",\"description\":\"Pasja. Zaanga\u017cowanie. Zabawa. Te trzy s\u0142owa to najlepsze podsumowanie pracy w Element Logic.\",\"breadcrumb\":{\"@id\":\"https:\/\/www.elementlogic.net\/pl\/o-nas-archive\/kariera\/#breadcrumb\"},\"inLanguage\":\"pl-PL\",\"potentialAction\":[{\"@type\":\"ReadAction\",\"target\":[\"https:\/\/www.elementlogic.net\/pl\/o-nas-archive\/kariera\/\"]}]},{\"@type\":\"ImageObject\",\"inLanguage\":\"pl-PL\",\"@id\":\"https:\/\/www.elementlogic.net\/pl\/o-nas-archive\/kariera\/#primaryimage\",\"url\":\"https:\/\/www.elementlogic.net\/content\/uploads\/sites\/22\/\/2024\/09\/Wallpaper-8-scaled.jpg\",\"contentUrl\":\"https:\/\/www.elementlogic.net\/content\/uploads\/sites\/22\/\/2024\/09\/Wallpaper-8-scaled.jpg\",\"width\":2560,\"height\":1072},{\"@type\":\"BreadcrumbList\",\"@id\":\"https:\/\/www.elementlogic.net\/pl\/o-nas-archive\/kariera\/#breadcrumb\",\"itemListElement\":[{\"@type\":\"ListItem\",\"position\":1,\"name\":\"O nas archive\",\"item\":\"https:\/\/www.elementlogic.net\/pl\/?page_id=210\"},{\"@type\":\"ListItem\",\"position\":2,\"name\":\"Kariera\"}]},{\"@type\":\"WebSite\",\"@id\":\"https:\/\/www.elementlogic.net\/pl\/#website\",\"url\":\"https:\/\/www.elementlogic.net\/pl\/\",\"name\":\"Element Logic Poland\",\"description\":\"\",\"potentialAction\":[{\"@type\":\"SearchAction\",\"target\":{\"@type\":\"EntryPoint\",\"urlTemplate\":\"https:\/\/www.elementlogic.net\/pl\/?s={search_term_string}\"},\"query-input\":{\"@type\":\"PropertyValueSpecification\",\"valueRequired\":true,\"valueName\":\"search_term_string\"}}],\"inLanguage\":\"pl-PL\"}]}<\/script>\n<!-- \/ Yoast SEO Premium plugin. -->","yoast_head_json":{"title":"Kariera - Element Logic Poland","description":"Pasja. Zaanga\u017cowanie. Zabawa. Te trzy s\u0142owa to najlepsze podsumowanie pracy w Element Logic.","robots":{"index":"index","follow":"follow","max-snippet":"max-snippet:-1","max-image-preview":"max-image-preview:large","max-video-preview":"max-video-preview:-1"},"canonical":"https:\/\/www.elementlogic.net\/pl\/o-nas-archive\/kariera\/","og_locale":"pl_PL","og_type":"article","og_title":"Kariera","og_description":"Pasja. Zaanga\u017cowanie. Zabawa. Te trzy s\u0142owa to najlepsze podsumowanie pracy w Element Logic.","og_url":"https:\/\/www.elementlogic.net\/pl\/o-nas-archive\/kariera\/","og_site_name":"Element Logic Poland","article_modified_time":"2024-12-16T12:49:15+00:00","og_image":[{"width":2560,"height":1072,"url":"https:\/\/www.elementlogic.net\/content\/uploads\/sites\/22\/\/2024\/09\/Wallpaper-8-scaled.jpg","type":"image\/jpeg"}],"twitter_card":"summary_large_image","twitter_misc":{"Szacowany czas czytania":"2 minuty"},"schema":{"@context":"https:\/\/schema.org","@graph":[{"@type":"WebPage","@id":"https:\/\/www.elementlogic.net\/pl\/o-nas-archive\/kariera\/","url":"https:\/\/www.elementlogic.net\/pl\/o-nas-archive\/kariera\/","name":"Kariera - Element Logic Poland","isPartOf":{"@id":"https:\/\/www.elementlogic.net\/pl\/#website"},"primaryImageOfPage":{"@id":"https:\/\/www.elementlogic.net\/pl\/o-nas-archive\/kariera\/#primaryimage"},"image":{"@id":"https:\/\/www.elementlogic.net\/pl\/o-nas-archive\/kariera\/#primaryimage"},"thumbnailUrl":"https:\/\/www.elementlogic.net\/content\/uploads\/sites\/22\/\/2024\/09\/Wallpaper-8-scaled.jpg","datePublished":"2024-08-22T18:00:56+00:00","dateModified":"2024-12-16T12:49:15+00:00","description":"Pasja. Zaanga\u017cowanie. Zabawa. Te trzy s\u0142owa to najlepsze podsumowanie pracy w Element Logic.","breadcrumb":{"@id":"https:\/\/www.elementlogic.net\/pl\/o-nas-archive\/kariera\/#breadcrumb"},"inLanguage":"pl-PL","potentialAction":[{"@type":"ReadAction","target":["https:\/\/www.elementlogic.net\/pl\/o-nas-archive\/kariera\/"]}]},{"@type":"ImageObject","inLanguage":"pl-PL","@id":"https:\/\/www.elementlogic.net\/pl\/o-nas-archive\/kariera\/#primaryimage","url":"https:\/\/www.elementlogic.net\/content\/uploads\/sites\/22\/\/2024\/09\/Wallpaper-8-scaled.jpg","contentUrl":"https:\/\/www.elementlogic.net\/content\/uploads\/sites\/22\/\/2024\/09\/Wallpaper-8-scaled.jpg","width":2560,"height":1072},{"@type":"BreadcrumbList","@id":"https:\/\/www.elementlogic.net\/pl\/o-nas-archive\/kariera\/#breadcrumb","itemListElement":[{"@type":"ListItem","position":1,"name":"O nas archive","item":"https:\/\/www.elementlogic.net\/pl\/?page_id=210"},{"@type":"ListItem","position":2,"name":"Kariera"}]},{"@type":"WebSite","@id":"https:\/\/www.elementlogic.net\/pl\/#website","url":"https:\/\/www.elementlogic.net\/pl\/","name":"Element Logic Poland","description":"","potentialAction":[{"@type":"SearchAction","target":{"@type":"EntryPoint","urlTemplate":"https:\/\/www.elementlogic.net\/pl\/?s={search_term_string}"},"query-input":{"@type":"PropertyValueSpecification","valueRequired":true,"valueName":"search_term_string"}}],"inLanguage":"pl-PL"}]}},"_links":{"self":[{"href":"https:\/\/www.elementlogic.net\/pl\/wp-json\/wp\/v2\/pages\/426"}],"collection":[{"href":"https:\/\/www.elementlogic.net\/pl\/wp-json\/wp\/v2\/pages"}],"about":[{"href":"https:\/\/www.elementlogic.net\/pl\/wp-json\/wp\/v2\/types\/page"}],"author":[{"embeddable":true,"href":"https:\/\/www.elementlogic.net\/pl\/wp-json\/wp\/v2\/users\/5"}],"replies":[{"embeddable":true,"href":"https:\/\/www.elementlogic.net\/pl\/wp-json\/wp\/v2\/comments?post=426"}],"version-history":[{"count":5,"href":"https:\/\/www.elementlogic.net\/pl\/wp-json\/wp\/v2\/pages\/426\/revisions"}],"predecessor-version":[{"id":1948,"href":"https:\/\/www.elementlogic.net\/pl\/wp-json\/wp\/v2\/pages\/426\/revisions\/1948"}],"up":[{"embeddable":true,"href":"https:\/\/www.elementlogic.net\/pl\/wp-json\/wp\/v2\/pages\/210"}],"wp:featuredmedia":[{"embeddable":true,"href":"https:\/\/www.elementlogic.net\/pl\/wp-json\/wp\/v2\/media\/217"}],"wp:attachment":[{"href":"https:\/\/www.elementlogic.net\/pl\/wp-json\/wp\/v2\/media?parent=426"}],"curies":[{"name":"wp","href":"https:\/\/api.w.org\/{rel}","templated":true}]}}