{"id":433,"date":"2024-08-22T19:43:26","date_gmt":"2024-08-22T17:43:26","guid":{"rendered":"https:\/\/www.elementlogic.net\/?page_id=401"},"modified":"2026-03-30T14:25:23","modified_gmt":"2026-03-30T14:25:23","slug":"emanager","status":"publish","type":"page","link":"https:\/\/www.elementlogic.net\/pl\/rozwiazania-i-uslugi\/oprogramowanie-magazynowe\/emanager\/","title":{"rendered":"eManager"},"content":{"rendered":"\n\t\t<div style=\"--dekode-hero-dim:0.5; --t2-icon-fill:var(--wp--preset--color--white); min-height:500px;\" class=\"alignfull dekode-hero-content-position-center has-media-background wp-block-dekode-hero\">\n\t\t\t\t\t<video\n\t\t\tautoplay\n\t\t\tloop\n\t\t\tmuted\n\t\t\tplaysinline\n\t\t\tposter=\"https:\/\/www.elementlogic.net\/content\/uploads\/sites\/22\/\/2024\/09\/fallback-emanager.jpg\"\n\t\t\tsrc=\"https:\/\/www.elementlogic.net\/content\/uploads\/sites\/22\/\/2024\/09\/software.mp4\">\n\t\t<\/video>\n\t\t\n\t\t\t<div class=\"dekode-hero__content\">\n\t\t\t\t<div class=\"dekode-hero__container\">\n\t\t\t\t\t\n\n<h1 class=\"wp-block-heading has-text-align-center\" id=\"zarzadzaj-swoim-automatycznym-magazynem-z-oprogramowaniem-emanager\">Zarz\u0105dzaj swoim automatycznym magazynem z oprogramowaniem eManager<\/h1>\n\n\n\n<p class=\"has-text-align-center\">Aby zmaksymalizowa\u0107 wydajno\u015b\u0107 automatycznego magazynu, obni\u017cy\u0107 koszty operacyjne i poprawi\u0107 satysfakcj\u0119 klient\u00f3w, opracowali\u015bmy w\u0142asne oprogramowanie \u2013 eManager. Zawiera ono wszystkie informacje, kt\u00f3rych potrzebujesz, aby zoptymalizowa\u0107 swoje dzia\u0142ania i przygotowa\u0107 si\u0119 na rozw\u00f3j.<\/p>\n\n\n\n<div class=\"wp-block-buttons is-content-justification-center is-layout-flex wp-container-core-buttons-is-layout-1 wp-block-buttons-is-layout-flex\">\n<div class=\"wp-block-button has-icon has-icon-theme_arrow\"><a class=\"wp-block-button__link has-text-align-left wp-element-button\" href=\"https:\/\/www.elementlogic.net\/pl\/kontakt\/\">Skontaktuj si\u0119 ju\u017c dzi\u015b, by dowiedzie\u0107 si\u0119 wi\u0119cej<svg xmlns=\"http:\/\/www.w3.org\/2000\/svg\" viewBox=\"0 0 24 24\" height=\"24\" width=\"24\" class=\"t2-icon t2-icon-theme_arrow\" aria-hidden=\"true\" focusable=\"false\"><path d=\"M16.627 12.75H5.25C5.03717 12.75 4.859 12.6782 4.7155 12.5345C4.57183 12.391 4.5 12.2128 4.5 12C4.5 11.7872 4.57183 11.609 4.7155 11.4655C4.859 11.3218 5.03717 11.25 5.25 11.25H16.627L11.4577 6.08076C11.3091 5.93209 11.2357 5.75809 11.2375 5.55876C11.2395 5.35942 11.318 5.18217 11.473 5.02701C11.6282 4.88217 11.8038 4.80717 12 4.80201C12.1962 4.79684 12.3718 4.87184 12.527 5.02701L18.8673 11.3673C18.9609 11.4609 19.0269 11.5597 19.0652 11.6635C19.1037 11.7673 19.123 11.8795 19.123 12C19.123 12.1205 19.1037 12.2327 19.0652 12.3365C19.0269 12.4403 18.9609 12.5391 18.8673 12.6328L12.527 18.973C12.3885 19.1115 12.217 19.1823 12.0125 19.1855C11.808 19.1887 11.6282 19.1178 11.473 18.973C11.318 18.8178 11.2405 18.6397 11.2405 18.4385C11.2405 18.2372 11.318 18.0589 11.473 17.9038L16.627 12.75Z\" fill=\"var(--t2-icon-fill, #000)\"\/><\/svg><\/a><\/div>\n<\/div>\n\n\n\t\t\t\t<\/div>\n\t\t\t<\/div>\n\t\t<\/div>\n\t\t\n\n\n<p>eManager ma przyjazny dla u\u017cytkownika interfejs z wbudowanym asystentem operatora&nbsp;<a href=\"https:\/\/www.elementlogic.net\/pl\/rozwiazania-i-uslugi\/autostore\/\">AutoStore<\/a>. Dzi\u0119ki naszemu oprogramowaniu masz ci\u0105g\u0142\u0105 kontrol\u0119 nad lokalizacj\u0105 produkt\u00f3w i zapasami, niestandardowe procesy dla otrzymanych towar\u00f3w, obs\u0142ug\u0119 zwrot\u00f3w, uzupe\u0142nianie i kompletacj\u0119. Dodatkowo Twoi pracownicy przejd\u0105&nbsp;<a href=\"https:\/\/www.elementlogic.net\/pl\/rozwiazania-i-uslugi\/sukces-klienta\/\">gruntowne szkolenie<\/a>&nbsp;z zakresu jego optymalnego u\u017cytkowania.<\/p>\n\n\n\n<h2 class=\"wp-block-heading\" id=\"zintegruj-emanagera-ze-swoim-obecnym-systemem-wms\">Zintegruj eManagera ze swoim obecnym systemem WMS<\/h2>\n\n\n\n<p>Nasze oprogramowanie mo\u017cna natychmiastowo zintegrowa\u0107 z istniej\u0105cym systemem zarz\u0105dzania magazynem (WMS). Integracja mo\u017ce zosta\u0107 przeprowadzona za pomoc\u0105 standardowych ustawie\u0144, zapewniaj\u0105cych szybki zwrot z inwestycji, lub dostosowana do indywidualnych potrzeb i preferencji przez zesp\u00f3\u0142 naszych ekspert\u00f3w. Po\u0142\u0105czenie konfigurowalnej, ustandaryzowanej platformy umo\u017cliwia oprogramowaniu eManager ewolucj\u0119 oraz ci\u0105g\u0142e spe\u0142nianie zmieniaj\u0105cych si\u0119 wymaga\u0144 klient\u00f3w i rynku.<\/p>\n\n\n\n\t\t<blockquote class=\"wp-block-dekode-quote\">\n\t\t\t<div class=\"wp-block-dekode-quote__icon\">\n\t\t\t\t<img loading=\"lazy\" decoding=\"async\" width=\"247\" height=\"300\" src=\"https:\/\/www.elementlogic.net\/content\/uploads\/sites\/22\/\/2024\/09\/Theresa2-247x300.jpg\" class=\"quote-image\" alt=\"\" srcset=\"https:\/\/www.elementlogic.net\/content\/uploads\/sites\/22\/2024\/09\/Theresa2-247x300.jpg 247w, https:\/\/www.elementlogic.net\/content\/uploads\/sites\/22\/2024\/09\/Theresa2-842x1024.jpg 842w, https:\/\/www.elementlogic.net\/content\/uploads\/sites\/22\/2024\/09\/Theresa2-768x934.jpg 768w, https:\/\/www.elementlogic.net\/content\/uploads\/sites\/22\/2024\/09\/Theresa2-1263x1536.jpg 1263w, https:\/\/www.elementlogic.net\/content\/uploads\/sites\/22\/2024\/09\/Theresa2.jpg 1641w\" sizes=\"(max-width: 247px) 100vw, 247px\" \/><svg xmlns=\"http:\/\/www.w3.org\/2000\/svg\" viewBox=\"0 0 24 24\" height=\"96\" width=\"96\" class=\"t2-icon t2-icon-theme_quote\" aria-hidden=\"true\" focusable=\"false\"><path d=\"M6.7808 16.5288L8.49055 13.5673C8.43289 13.5993 8.36555 13.6217 8.28855 13.6345C8.21155 13.6473 8.13464 13.6538 8.0578 13.6538C7.04114 13.6538 6.17797 13.2958 5.4683 12.5798C4.7588 11.8638 4.40405 11.0038 4.40405 10C4.40405 8.98334 4.7588 8.12017 5.4683 7.4105C6.17797 6.701 7.04114 6.34625 8.0578 6.34625C9.06164 6.34625 9.92155 6.701 10.6376 7.4105C11.3536 8.12017 11.7116 8.98334 11.7116 10C11.7116 10.3513 11.669 10.6783 11.5838 10.9808C11.4985 11.2833 11.3737 11.5718 11.2096 11.8463L8.07305 17.2788C8.00905 17.3904 7.92122 17.4808 7.80955 17.55C7.69805 17.6192 7.57305 17.6538 7.43455 17.6538C7.14739 17.6538 6.93205 17.5288 6.78855 17.2788C6.64489 17.0288 6.6423 16.7788 6.7808 16.5288ZM15.6656 16.5288L17.3751 13.5673C17.3174 13.5993 17.2501 13.6217 17.1731 13.6345C17.0962 13.6473 17.0193 13.6538 16.9423 13.6538C15.9256 13.6538 15.0626 13.2958 14.3531 12.5798C13.6434 11.8638 13.2886 11.0038 13.2886 10C13.2886 8.977 13.6434 8.11225 14.3531 7.40575C15.0626 6.69942 15.9256 6.34625 16.9423 6.34625C17.9461 6.34625 18.8061 6.701 19.5221 7.4105C20.2381 8.12017 20.5961 8.98334 20.5961 10C20.5961 10.3513 20.5535 10.6783 20.4683 10.9808C20.383 11.2833 20.2583 11.5718 20.0943 11.8463L16.9578 17.2788C16.8936 17.3904 16.8058 17.4808 16.6943 17.55C16.5828 17.6192 16.4578 17.6538 16.3193 17.6538C16.0321 17.6538 15.8167 17.5288 15.6731 17.2788C15.5296 17.0288 15.5271 16.7788 15.6656 16.5288Z\" fill=\"var(--t2-icon-fill, #000)\"\/><\/svg>\n\t\t\t<\/div>\n\t\t\t<div class=\"wp-block-dekode-quote__text\">\n\t\t\t\t<p>eManager jest m\u00f3zgiem AutoStore. Sprawia, \u017ce system jest wydajny i umo\u017cliwia komunikacj\u0119 mi\u0119dzy wszystkimi komponentami magazynu dla optymalnego przep\u0142ywu pracy<\/p>\n<cite>Theresa Marin Tantillo, Solutions Architect w Element Logic.<\/cite>\n\t\t\t<\/div>\n\t\t<\/blockquote>\n\n\n<figure class=\"wp-block-image size-large\"><img loading=\"lazy\" decoding=\"async\" width=\"1024\" height=\"433\" src=\"https:\/\/www.elementlogic.net\/content\/uploads\/sites\/22\/\/2024\/09\/AutoStore-grid-dark-scaled-1024x433.jpg\" alt=\"\" class=\"wp-image-665\" srcset=\"https:\/\/www.elementlogic.net\/content\/uploads\/sites\/22\/2024\/09\/AutoStore-grid-dark-scaled-1024x433.jpg 1024w, https:\/\/www.elementlogic.net\/content\/uploads\/sites\/22\/2024\/09\/AutoStore-grid-dark-scaled-300x127.jpg 300w, https:\/\/www.elementlogic.net\/content\/uploads\/sites\/22\/2024\/09\/AutoStore-grid-dark-scaled-768x325.jpg 768w, https:\/\/www.elementlogic.net\/content\/uploads\/sites\/22\/2024\/09\/AutoStore-grid-dark-scaled-1536x650.jpg 1536w, https:\/\/www.elementlogic.net\/content\/uploads\/sites\/22\/2024\/09\/AutoStore-grid-dark-scaled-2048x866.jpg 2048w\" sizes=\"(max-width: 1024px) 100vw, 1024px\" \/><\/figure>\n\n\n\n<h2 class=\"wp-block-heading\" id=\"efektywne-i-wydajne-oprogramowanie-magazynowe\">Efektywne i wydajne oprogramowanie magazynowe<\/h2>\n\n\n\n<p><a href=\"https:\/\/www.elementlogicnet.net\/pl\/\">Element Logic<\/a>&nbsp;jest oryginalnym partnerem AutoStore. Idealne dla tego systemu oprogramowanie opracowali\u015bmy dzi\u0119ki zgromadzonej przez dziesi\u0119ciolecia specjalistycznej wiedzy oraz strategicznemu zaanga\u017cowaniu. Zaowocowa\u0142o to stworzeniem rozwi\u0105zania, kt\u00f3re znacznie poprawia dok\u0142adno\u015b\u0107, produktywno\u015b\u0107 i jako\u015b\u0107 przetwarzania dla naszych klient\u00f3w.<\/p>\n\n\n\n<p>Znacz\u0105c\u0105 zalet\u0105 eManagera jest jego zdolno\u015b\u0107 do efektywnego ustalania priorytet\u00f3w zaleg\u0142ych zada\u0144. Oprogramowanie automatycznie konfiguruje elastyczne i dynamiczne systemy kolejkowania zam\u00f3wie\u0144 do obs\u0142ugi kompletacji wed\u0142ug tzw. fali, kompletacji wed\u0142ug tzw. \u201ebatch\u2019a\u201d, obs\u0142ugi zwrot\u00f3w, obs\u0142ugi produkt\u00f3w o wysokiej cz\u0119stotliwo\u015bci i nie tylko \u2013 wszystko to, aby dopasowa\u0107 si\u0119 do Twoich potrzeb.<\/p>\n\n\n\n<h2 class=\"wp-block-heading\" id=\"program-do-obslugi-magazynu-na-ktory-mozesz-liczyc\">Program do obs\u0142ugi magazynu, na kt\u00f3ry mo\u017cesz liczy\u0107<\/h2>\n\n\n\n<p>eManager jest opracowany tak, by zapewni\u0107 d\u0142ugoterminow\u0105 zdolno\u015b\u0107 do adaptacji, zabezpieczaj\u0105c\u0105 przed zmianami w bran\u017cy. Jest stabilny, skalowalny i obs\u0142uguje us\u0142ugi mobilne, serwerowe i chmurowe.<\/p>\n\n\n\n<p>Nasz zintegrowany zesp\u00f3\u0142 wsparcia serwisowego jest ekspertem zar\u00f3wno w dziedzinie eManagera jak i AutoStore i jest dost\u0119pny w razie jakichkolwiek problem\u00f3w lub pyta\u0144.&nbsp;<a href=\"https:\/\/www.elementlogic.net\/pl\/rozwiazania-i-uslugi\/sukces-klienta\/\">Zesp\u00f3\u0142 wsparcia serwisowego<\/a>&nbsp;mo\u017ce r\u00f3wnie\u017c dostarczy\u0107 miesi\u0119czny raport z zaawansowanej diagnostyki serwisowej i konserwacji.<\/p>\n\n\n\n\t\t<div class=\"wp-block-dekode-simple-cta\">\n\t\t\t<div class=\"dekode-simple-cta__inner\">\n\n<h2 class=\"wp-block-heading\" id=\"chcesz-dowiedziec-sie-wiecej-na-temat-tego-co-dla-twoich-operacji-moze-zrobic-emanager-i-automatyzacja-magazynu\">Chcesz dowiedzie\u0107 si\u0119 wi\u0119cej na temat tego, co dla Twoich operacji mo\u017ce zrobi\u0107 eManager i automatyzacja magazynu?<\/h2>\n\n\n\n<div class=\"wp-block-buttons is-layout-flex wp-block-buttons-is-layout-flex\">\n<div class=\"wp-block-button has-icon has-icon-theme_arrow\"><a class=\"wp-block-button__link wp-element-button\" href=\"https:\/\/www.elementlogic.net\/pl\/kontakt\/\">Skontaktuj si\u0119 ju\u017c dzi\u015b<svg xmlns=\"http:\/\/www.w3.org\/2000\/svg\" viewBox=\"0 0 24 24\" height=\"24\" width=\"24\" class=\"t2-icon t2-icon-theme_arrow\" aria-hidden=\"true\" focusable=\"false\"><path d=\"M16.627 12.75H5.25C5.03717 12.75 4.859 12.6782 4.7155 12.5345C4.57183 12.391 4.5 12.2128 4.5 12C4.5 11.7872 4.57183 11.609 4.7155 11.4655C4.859 11.3218 5.03717 11.25 5.25 11.25H16.627L11.4577 6.08076C11.3091 5.93209 11.2357 5.75809 11.2375 5.55876C11.2395 5.35942 11.318 5.18217 11.473 5.02701C11.6282 4.88217 11.8038 4.80717 12 4.80201C12.1962 4.79684 12.3718 4.87184 12.527 5.02701L18.8673 11.3673C18.9609 11.4609 19.0269 11.5597 19.0652 11.6635C19.1037 11.7673 19.123 11.8795 19.123 12C19.123 12.1205 19.1037 12.2327 19.0652 12.3365C19.0269 12.4403 18.9609 12.5391 18.8673 12.6328L12.527 18.973C12.3885 19.1115 12.217 19.1823 12.0125 19.1855C11.808 19.1887 11.6282 19.1178 11.473 18.973C11.318 18.8178 11.2405 18.6397 11.2405 18.4385C11.2405 18.2372 11.318 18.0589 11.473 17.9038L16.627 12.75Z\" fill=\"var(--t2-icon-fill, #000)\"\/><\/svg><\/a><\/div>\n<\/div>\n\n<\/div>\n\t\t<\/div>","protected":false},"excerpt":{"rendered":"<p>eManager ma przyjazny dla u\u017cytkownika interfejs z wbudowanym asystentem operatora&nbsp;AutoStore. Dzi\u0119ki naszemu oprogramowaniu masz ci\u0105g\u0142\u0105 kontrol\u0119 nad lokalizacj\u0105 produkt\u00f3w i [&hellip;]<\/p>\n","protected":false},"author":6,"featured_media":175,"parent":2598,"menu_order":0,"comment_status":"closed","ping_status":"closed","template":"","meta":{"hreflang_relation":401,"_el_cross_publish_source_blog_url":"","_el_cross_publish_source_blog_id":0,"_el_cross_publish_source_post_id":0,"_el_cross_publish_sync_state":"","exclude_from_search":false,"footnotes":""},"class_list":["post-433","page","type-page","status-publish","has-post-thumbnail","hentry"],"yoast_head":"<!-- This site is optimized with the Yoast SEO Premium plugin v23.9 (Yoast SEO v23.9) - https:\/\/yoast.com\/wordpress\/plugins\/seo\/ -->\n<title>eManager - Element Logic Poland<\/title>\n<meta name=\"description\" content=\"Oprogramowanie magazynowe eManager to efektywny program, kt\u00f3ry mo\u017cesz r\u00f3wnie\u017c zintegrowa\u0107 ze swoim aktualnym WMS. Zobacz jak to dzia\u0142a!\" \/>\n<meta name=\"robots\" content=\"index, follow, max-snippet:-1, max-image-preview:large, max-video-preview:-1\" \/>\n<link rel=\"canonical\" href=\"https:\/\/www.elementlogic.net\/pl\/rozwiazania-i-uslugi\/oprogramowanie-magazynowe\/emanager\/\" \/>\n<meta property=\"og:locale\" content=\"pl_PL\" \/>\n<meta property=\"og:type\" content=\"article\" \/>\n<meta property=\"og:title\" content=\"eManager\" \/>\n<meta property=\"og:description\" content=\"Oprogramowanie magazynowe eManager to efektywny program, kt\u00f3ry mo\u017cesz r\u00f3wnie\u017c zintegrowa\u0107 ze swoim aktualnym WMS. Zobacz jak to dzia\u0142a!\" \/>\n<meta property=\"og:url\" content=\"https:\/\/www.elementlogic.net\/pl\/rozwiazania-i-uslugi\/oprogramowanie-magazynowe\/emanager\/\" \/>\n<meta property=\"og:site_name\" content=\"Element Logic Poland\" \/>\n<meta property=\"article:modified_time\" content=\"2026-03-30T14:25:23+00:00\" \/>\n<meta property=\"og:image\" content=\"https:\/\/www.elementlogic.net\/content\/uploads\/sites\/22\/\/2024\/09\/fallback-emanager.jpg\" \/>\n\t<meta property=\"og:image:width\" content=\"1600\" \/>\n\t<meta property=\"og:image:height\" content=\"850\" \/>\n\t<meta property=\"og:image:type\" content=\"image\/jpeg\" \/>\n<meta name=\"twitter:card\" content=\"summary_large_image\" \/>\n<meta name=\"twitter:label1\" content=\"Szacowany czas czytania\" \/>\n\t<meta name=\"twitter:data1\" content=\"3 minuty\" \/>\n<script type=\"application\/ld+json\" class=\"yoast-schema-graph\">{\"@context\":\"https:\/\/schema.org\",\"@graph\":[{\"@type\":\"WebPage\",\"@id\":\"https:\/\/www.elementlogic.net\/pl\/rozwiazania-i-uslugi\/oprogramowanie-magazynowe\/emanager\/\",\"url\":\"https:\/\/www.elementlogic.net\/pl\/rozwiazania-i-uslugi\/oprogramowanie-magazynowe\/emanager\/\",\"name\":\"eManager - Element Logic Poland\",\"isPartOf\":{\"@id\":\"https:\/\/www.elementlogic.net\/pl\/#website\"},\"primaryImageOfPage\":{\"@id\":\"https:\/\/www.elementlogic.net\/pl\/rozwiazania-i-uslugi\/oprogramowanie-magazynowe\/emanager\/#primaryimage\"},\"image\":{\"@id\":\"https:\/\/www.elementlogic.net\/pl\/rozwiazania-i-uslugi\/oprogramowanie-magazynowe\/emanager\/#primaryimage\"},\"thumbnailUrl\":\"https:\/\/www.elementlogic.net\/content\/uploads\/sites\/22\/\/2024\/09\/fallback-emanager.jpg\",\"datePublished\":\"2024-08-22T17:43:26+00:00\",\"dateModified\":\"2026-03-30T14:25:23+00:00\",\"description\":\"Oprogramowanie magazynowe eManager to efektywny program, kt\u00f3ry mo\u017cesz r\u00f3wnie\u017c zintegrowa\u0107 ze swoim aktualnym WMS. Zobacz jak to dzia\u0142a!\",\"breadcrumb\":{\"@id\":\"https:\/\/www.elementlogic.net\/pl\/rozwiazania-i-uslugi\/oprogramowanie-magazynowe\/emanager\/#breadcrumb\"},\"inLanguage\":\"pl-PL\",\"potentialAction\":[{\"@type\":\"ReadAction\",\"target\":[\"https:\/\/www.elementlogic.net\/pl\/rozwiazania-i-uslugi\/oprogramowanie-magazynowe\/emanager\/\"]}]},{\"@type\":\"ImageObject\",\"inLanguage\":\"pl-PL\",\"@id\":\"https:\/\/www.elementlogic.net\/pl\/rozwiazania-i-uslugi\/oprogramowanie-magazynowe\/emanager\/#primaryimage\",\"url\":\"https:\/\/www.elementlogic.net\/content\/uploads\/sites\/22\/\/2024\/09\/fallback-emanager.jpg\",\"contentUrl\":\"https:\/\/www.elementlogic.net\/content\/uploads\/sites\/22\/\/2024\/09\/fallback-emanager.jpg\",\"width\":1600,\"height\":850},{\"@type\":\"BreadcrumbList\",\"@id\":\"https:\/\/www.elementlogic.net\/pl\/rozwiazania-i-uslugi\/oprogramowanie-magazynowe\/emanager\/#breadcrumb\",\"itemListElement\":[{\"@type\":\"ListItem\",\"position\":1,\"name\":\"Rozwi\u0105zania i us\u0142ugi New\",\"item\":\"https:\/\/www.elementlogic.net\/pl\/rozwiazania-i-uslugi\/\"},{\"@type\":\"ListItem\",\"position\":2,\"name\":\"Oprogramowanie EL\",\"item\":\"https:\/\/www.elementlogic.net\/pl\/rozwiazania-i-uslugi\/oprogramowanie-magazynowe\/\"},{\"@type\":\"ListItem\",\"position\":3,\"name\":\"eManager\"}]},{\"@type\":\"WebSite\",\"@id\":\"https:\/\/www.elementlogic.net\/pl\/#website\",\"url\":\"https:\/\/www.elementlogic.net\/pl\/\",\"name\":\"Element Logic Poland\",\"description\":\"\",\"potentialAction\":[{\"@type\":\"SearchAction\",\"target\":{\"@type\":\"EntryPoint\",\"urlTemplate\":\"https:\/\/www.elementlogic.net\/pl\/?s={search_term_string}\"},\"query-input\":{\"@type\":\"PropertyValueSpecification\",\"valueRequired\":true,\"valueName\":\"search_term_string\"}}],\"inLanguage\":\"pl-PL\"}]}<\/script>\n<!-- \/ Yoast SEO Premium plugin. -->","yoast_head_json":{"title":"eManager - Element Logic Poland","description":"Oprogramowanie magazynowe eManager to efektywny program, kt\u00f3ry mo\u017cesz r\u00f3wnie\u017c zintegrowa\u0107 ze swoim aktualnym WMS. Zobacz jak to dzia\u0142a!","robots":{"index":"index","follow":"follow","max-snippet":"max-snippet:-1","max-image-preview":"max-image-preview:large","max-video-preview":"max-video-preview:-1"},"canonical":"https:\/\/www.elementlogic.net\/pl\/rozwiazania-i-uslugi\/oprogramowanie-magazynowe\/emanager\/","og_locale":"pl_PL","og_type":"article","og_title":"eManager","og_description":"Oprogramowanie magazynowe eManager to efektywny program, kt\u00f3ry mo\u017cesz r\u00f3wnie\u017c zintegrowa\u0107 ze swoim aktualnym WMS. Zobacz jak to dzia\u0142a!","og_url":"https:\/\/www.elementlogic.net\/pl\/rozwiazania-i-uslugi\/oprogramowanie-magazynowe\/emanager\/","og_site_name":"Element Logic Poland","article_modified_time":"2026-03-30T14:25:23+00:00","og_image":[{"width":1600,"height":850,"url":"https:\/\/www.elementlogic.net\/content\/uploads\/sites\/22\/\/2024\/09\/fallback-emanager.jpg","type":"image\/jpeg"}],"twitter_card":"summary_large_image","twitter_misc":{"Szacowany czas czytania":"3 minuty"},"schema":{"@context":"https:\/\/schema.org","@graph":[{"@type":"WebPage","@id":"https:\/\/www.elementlogic.net\/pl\/rozwiazania-i-uslugi\/oprogramowanie-magazynowe\/emanager\/","url":"https:\/\/www.elementlogic.net\/pl\/rozwiazania-i-uslugi\/oprogramowanie-magazynowe\/emanager\/","name":"eManager - Element Logic Poland","isPartOf":{"@id":"https:\/\/www.elementlogic.net\/pl\/#website"},"primaryImageOfPage":{"@id":"https:\/\/www.elementlogic.net\/pl\/rozwiazania-i-uslugi\/oprogramowanie-magazynowe\/emanager\/#primaryimage"},"image":{"@id":"https:\/\/www.elementlogic.net\/pl\/rozwiazania-i-uslugi\/oprogramowanie-magazynowe\/emanager\/#primaryimage"},"thumbnailUrl":"https:\/\/www.elementlogic.net\/content\/uploads\/sites\/22\/\/2024\/09\/fallback-emanager.jpg","datePublished":"2024-08-22T17:43:26+00:00","dateModified":"2026-03-30T14:25:23+00:00","description":"Oprogramowanie magazynowe eManager to efektywny program, kt\u00f3ry mo\u017cesz r\u00f3wnie\u017c zintegrowa\u0107 ze swoim aktualnym WMS. Zobacz jak to dzia\u0142a!","breadcrumb":{"@id":"https:\/\/www.elementlogic.net\/pl\/rozwiazania-i-uslugi\/oprogramowanie-magazynowe\/emanager\/#breadcrumb"},"inLanguage":"pl-PL","potentialAction":[{"@type":"ReadAction","target":["https:\/\/www.elementlogic.net\/pl\/rozwiazania-i-uslugi\/oprogramowanie-magazynowe\/emanager\/"]}]},{"@type":"ImageObject","inLanguage":"pl-PL","@id":"https:\/\/www.elementlogic.net\/pl\/rozwiazania-i-uslugi\/oprogramowanie-magazynowe\/emanager\/#primaryimage","url":"https:\/\/www.elementlogic.net\/content\/uploads\/sites\/22\/\/2024\/09\/fallback-emanager.jpg","contentUrl":"https:\/\/www.elementlogic.net\/content\/uploads\/sites\/22\/\/2024\/09\/fallback-emanager.jpg","width":1600,"height":850},{"@type":"BreadcrumbList","@id":"https:\/\/www.elementlogic.net\/pl\/rozwiazania-i-uslugi\/oprogramowanie-magazynowe\/emanager\/#breadcrumb","itemListElement":[{"@type":"ListItem","position":1,"name":"Rozwi\u0105zania i us\u0142ugi New","item":"https:\/\/www.elementlogic.net\/pl\/rozwiazania-i-uslugi\/"},{"@type":"ListItem","position":2,"name":"Oprogramowanie EL","item":"https:\/\/www.elementlogic.net\/pl\/rozwiazania-i-uslugi\/oprogramowanie-magazynowe\/"},{"@type":"ListItem","position":3,"name":"eManager"}]},{"@type":"WebSite","@id":"https:\/\/www.elementlogic.net\/pl\/#website","url":"https:\/\/www.elementlogic.net\/pl\/","name":"Element Logic Poland","description":"","potentialAction":[{"@type":"SearchAction","target":{"@type":"EntryPoint","urlTemplate":"https:\/\/www.elementlogic.net\/pl\/?s={search_term_string}"},"query-input":{"@type":"PropertyValueSpecification","valueRequired":true,"valueName":"search_term_string"}}],"inLanguage":"pl-PL"}]}},"_links":{"self":[{"href":"https:\/\/www.elementlogic.net\/pl\/wp-json\/wp\/v2\/pages\/433"}],"collection":[{"href":"https:\/\/www.elementlogic.net\/pl\/wp-json\/wp\/v2\/pages"}],"about":[{"href":"https:\/\/www.elementlogic.net\/pl\/wp-json\/wp\/v2\/types\/page"}],"author":[{"embeddable":true,"href":"https:\/\/www.elementlogic.net\/pl\/wp-json\/wp\/v2\/users\/6"}],"replies":[{"embeddable":true,"href":"https:\/\/www.elementlogic.net\/pl\/wp-json\/wp\/v2\/comments?post=433"}],"version-history":[{"count":5,"href":"https:\/\/www.elementlogic.net\/pl\/wp-json\/wp\/v2\/pages\/433\/revisions"}],"predecessor-version":[{"id":1975,"href":"https:\/\/www.elementlogic.net\/pl\/wp-json\/wp\/v2\/pages\/433\/revisions\/1975"}],"up":[{"embeddable":true,"href":"https:\/\/www.elementlogic.net\/pl\/wp-json\/wp\/v2\/pages\/2598"}],"wp:featuredmedia":[{"embeddable":true,"href":"https:\/\/www.elementlogic.net\/pl\/wp-json\/wp\/v2\/media\/175"}],"wp:attachment":[{"href":"https:\/\/www.elementlogic.net\/pl\/wp-json\/wp\/v2\/media?parent=433"}],"curies":[{"name":"wp","href":"https:\/\/api.w.org\/{rel}","templated":true}]}}