{"id":142,"date":"2022-05-19T21:58:00","date_gmt":"2022-05-19T21:58:00","guid":{"rendered":"https:\/\/www.elementlogic.net\/?page_id=2188"},"modified":"2025-11-27T13:53:13","modified_gmt":"2025-11-27T13:53:13","slug":"8-myter-om-lagerautomation","status":"publish","type":"page","link":"https:\/\/www.elementlogic.net\/se\/whitepaper\/8-myter-om-lagerautomation\/","title":{"rendered":"8 myter om lagerautomation"},"content":{"rendered":"\n\t\t<div style=\"--dekode-hero-dim:0.5; --t2-icon-fill:var(--wp--preset--color--white);\" class=\"alignfull dekode-hero-content-position-center has-media-background wp-block-dekode-hero has-text-color has-white-color\">\n\t\t\t<img loading=\"lazy\" decoding=\"async\" width=\"360\" height=\"240\" src=\"https:\/\/www.elementlogic.net\/content\/uploads\/sites\/14\/2023\/11\/AutoStore-grid-360x240-1.jpg\" class=\"dekode-hero__image\" alt=\"Flera robotar i AutoStore\" style=\"--focalpoint: 37% 68%;\" srcset=\"https:\/\/www.elementlogic.net\/content\/uploads\/sites\/14\/2023\/11\/AutoStore-grid-360x240-1.jpg 360w, https:\/\/www.elementlogic.net\/content\/uploads\/sites\/14\/2023\/11\/AutoStore-grid-360x240-1-300x200.jpg 300w\" sizes=\"(max-width: 360px) 100vw, 360px\" \/>\n\t\t\t<div class=\"dekode-hero__content\">\n\t\t\t\t<div class=\"dekode-hero__container\">\n\t\t\t\t\t\n\n<h1 class=\"wp-block-heading\" id=\"8-myter-om-lagerautomation\">8 myter om lagerautomation<\/h1>\n\n\n\n<p>Vill du l\u00e4ra dig hur automatisering kan gynna ditt f\u00f6retag? L\u00e5t oss i detta whitepaper v\u00e4gleda dig genom vad som \u00e4r en myt \u2013 och vad som \u00e4r ett faktum.<\/p>\n\n\n\t\t\t\t<\/div>\n\t\t\t<\/div>\n\t\t<\/div>\n\t\t\n\n\n<p>Allt fler f\u00f6retag vill automatisera sitt lager f\u00f6r att vara konkurrenskraftiga p\u00e5 sina marknader. Men automatisering m\u00f6ts fortfarande ofta med skepsis i styrelserummen.<\/p>\n\n\n\n<p>\u2013 Inf\u00f6r en stor investering \u2013 kanske den st\u00f6rsta som ett f\u00f6retag n\u00e5gonsin har gjort \u2013 s\u00e5 \u00e4r det naturligt att vara skeptisk och orolig f\u00f6r potentiella risker. Men skepsisen bygger ofta p\u00e5 myter som saknar faktaunderlag, s\u00e4ger Dag-Adler Blakseth, VD f\u00f6r Element Logic.<\/p>\n\n\n\n<p>Det \u00e4r d\u00e4rf\u00f6r vi har tagit fram detta whitepaper; f\u00f6r att avf\u00e4rda n\u00e5gra av de vanligaste myterna om lagerautomation. Vi tror att det kommer att ge dig den insikt du beh\u00f6ver f\u00f6r att fatta det b\u00e4sta beslutet f\u00f6r ditt lagers framtid.<\/p>\n\n\n\n<h3 class=\"wp-block-heading\" id=\"i-detta-whitepaper-kommer-du-att-lara-dig-mer-om\"><strong>I detta whitepaper kommer du att l\u00e4ra dig mer om:<\/strong><\/h3>\n\n\n\n<ul class=\"wp-block-list\">\n<li>Komplexitetsniv\u00e5n f\u00f6r automatisering.<\/li>\n\n\n\n<li>Hur du ser till att f\u00e5 ekonomisk nytta av automatisering.<\/li>\n\n\n\n<li>Om du beh\u00f6ver bygga ett nytt lager eller kan optimera ditt befintliga lager.<\/li>\n\n\n\n<li>Hur AutoStore fungerar.<\/li>\n\n\n\n<li>Hur automatisering p\u00e5verkar din arbetskraft.<\/li>\n\n\n\n<li>Vilka branscher som automatisering \u00e4r l\u00e4mpligt f\u00f6r.<\/li>\n<\/ul>\n\n\n\n\t\t<div class=\"wp-block-dekode-dynamics-form\">\n\t\t\t<div class=\"embedded-form\">\n\t\t\t\t<div\n\t\t\t\t\tdata-form-id=\"95e75d62-e9ff-ef11-bae2-7ced8d13c326\"\n\t\t\t\t\tdata-form-api-url=\"https:\/\/public-eur.mkt.dynamics.com\/api\/v1.0\/orgs\/0d653081-4a98-4454-9ade-26f2fbe674ee\/landingpageforms\"\n\t\t\t\t\tdata-cached-form-url=\"https:\/\/assets-eur.mkt.dynamics.com\/0d653081-4a98-4454-9ade-26f2fbe674ee\/digitalassets\/forms\/95e75d62-e9ff-ef11-bae2-7ced8d13c326\"\n\t\t\t\t><\/div>\n\t\t\t<\/div>\n\t\t<\/div>","protected":false},"excerpt":{"rendered":"<p>Allt fler f\u00f6retag vill automatisera sitt lager f\u00f6r att vara konkurrenskraftiga p\u00e5 sina marknader. Men automatisering m\u00f6ts fortfarande ofta med [&hellip;]<\/p>\n","protected":false},"author":3,"featured_media":0,"parent":156,"menu_order":0,"comment_status":"closed","ping_status":"closed","template":"","meta":{"hreflang_relation":2188,"_el_cross_publish_source_blog_url":"","_el_cross_publish_source_blog_id":0,"_el_cross_publish_source_post_id":0,"_el_cross_publish_sync_state":"","exclude_from_search":false,"footnotes":""},"class_list":["post-142","page","type-page","status-publish","hentry"],"yoast_head":"<!-- This site is optimized with the Yoast SEO Premium plugin v23.9 (Yoast SEO v23.9) - https:\/\/yoast.com\/wordpress\/plugins\/seo\/ -->\n<title>Whitepaper: 8 myter om lagerautomation<\/title>\n<meta name=\"description\" content=\"Vill du l\u00e4ra dig hur automatisering kan gynna ditt f\u00f6retag? L\u00e5t oss v\u00e4gleda dig genom vad som \u00e4r en myt \u2013 och vad som \u00e4r ett faktum.\" \/>\n<meta name=\"robots\" content=\"index, follow, max-snippet:-1, max-image-preview:large, max-video-preview:-1\" \/>\n<link rel=\"canonical\" href=\"https:\/\/www.elementlogic.net\/se\/whitepaper\/8-myter-om-lagerautomation\/\" \/>\n<meta property=\"og:locale\" content=\"sv_SE\" \/>\n<meta property=\"og:type\" content=\"article\" \/>\n<meta property=\"og:title\" content=\"8 myter om lagerautomation\" \/>\n<meta property=\"og:description\" content=\"Vill du l\u00e4ra dig hur automatisering kan gynna ditt f\u00f6retag? L\u00e5t oss v\u00e4gleda dig genom vad som \u00e4r en myt \u2013 och vad som \u00e4r ett faktum.\" \/>\n<meta property=\"og:url\" content=\"https:\/\/www.elementlogic.net\/se\/whitepaper\/8-myter-om-lagerautomation\/\" \/>\n<meta property=\"og:site_name\" content=\"Element Logic Sweden\" \/>\n<meta property=\"article:modified_time\" content=\"2025-11-27T13:53:13+00:00\" \/>\n<meta name=\"twitter:card\" content=\"summary_large_image\" \/>\n<meta name=\"twitter:label1\" content=\"Ber\u00e4knad l\u00e4stid\" \/>\n\t<meta name=\"twitter:data1\" content=\"1 minut\" \/>\n<script type=\"application\/ld+json\" class=\"yoast-schema-graph\">{\"@context\":\"https:\/\/schema.org\",\"@graph\":[{\"@type\":\"WebPage\",\"@id\":\"https:\/\/www.elementlogic.net\/se\/whitepaper\/8-myter-om-lagerautomation\/\",\"url\":\"https:\/\/www.elementlogic.net\/se\/whitepaper\/8-myter-om-lagerautomation\/\",\"name\":\"Whitepaper: 8 myter om lagerautomation\",\"isPartOf\":{\"@id\":\"https:\/\/www.elementlogic.net\/se\/#website\"},\"datePublished\":\"2022-05-19T21:58:00+00:00\",\"dateModified\":\"2025-11-27T13:53:13+00:00\",\"description\":\"Vill du l\u00e4ra dig hur automatisering kan gynna ditt f\u00f6retag? L\u00e5t oss v\u00e4gleda dig genom vad som \u00e4r en myt \u2013 och vad som \u00e4r ett faktum.\",\"breadcrumb\":{\"@id\":\"https:\/\/www.elementlogic.net\/se\/whitepaper\/8-myter-om-lagerautomation\/#breadcrumb\"},\"inLanguage\":\"sv-SE\",\"potentialAction\":[{\"@type\":\"ReadAction\",\"target\":[\"https:\/\/www.elementlogic.net\/se\/whitepaper\/8-myter-om-lagerautomation\/\"]}]},{\"@type\":\"BreadcrumbList\",\"@id\":\"https:\/\/www.elementlogic.net\/se\/whitepaper\/8-myter-om-lagerautomation\/#breadcrumb\",\"itemListElement\":[{\"@type\":\"ListItem\",\"position\":1,\"name\":\"Whitepaper\",\"item\":\"https:\/\/www.elementlogic.net\/se\/whitepaper\/\"},{\"@type\":\"ListItem\",\"position\":2,\"name\":\"8 myter om lagerautomation\"}]},{\"@type\":\"WebSite\",\"@id\":\"https:\/\/www.elementlogic.net\/se\/#website\",\"url\":\"https:\/\/www.elementlogic.net\/se\/\",\"name\":\"Element Logic Sweden\",\"description\":\"\",\"potentialAction\":[{\"@type\":\"SearchAction\",\"target\":{\"@type\":\"EntryPoint\",\"urlTemplate\":\"https:\/\/www.elementlogic.net\/se\/?s={search_term_string}\"},\"query-input\":{\"@type\":\"PropertyValueSpecification\",\"valueRequired\":true,\"valueName\":\"search_term_string\"}}],\"inLanguage\":\"sv-SE\"}]}<\/script>\n<!-- \/ Yoast SEO Premium plugin. -->","yoast_head_json":{"title":"Whitepaper: 8 myter om lagerautomation","description":"Vill du l\u00e4ra dig hur automatisering kan gynna ditt f\u00f6retag? L\u00e5t oss v\u00e4gleda dig genom vad som \u00e4r en myt \u2013 och vad som \u00e4r ett faktum.","robots":{"index":"index","follow":"follow","max-snippet":"max-snippet:-1","max-image-preview":"max-image-preview:large","max-video-preview":"max-video-preview:-1"},"canonical":"https:\/\/www.elementlogic.net\/se\/whitepaper\/8-myter-om-lagerautomation\/","og_locale":"sv_SE","og_type":"article","og_title":"8 myter om lagerautomation","og_description":"Vill du l\u00e4ra dig hur automatisering kan gynna ditt f\u00f6retag? L\u00e5t oss v\u00e4gleda dig genom vad som \u00e4r en myt \u2013 och vad som \u00e4r ett faktum.","og_url":"https:\/\/www.elementlogic.net\/se\/whitepaper\/8-myter-om-lagerautomation\/","og_site_name":"Element Logic Sweden","article_modified_time":"2025-11-27T13:53:13+00:00","twitter_card":"summary_large_image","twitter_misc":{"Ber\u00e4knad l\u00e4stid":"1 minut"},"schema":{"@context":"https:\/\/schema.org","@graph":[{"@type":"WebPage","@id":"https:\/\/www.elementlogic.net\/se\/whitepaper\/8-myter-om-lagerautomation\/","url":"https:\/\/www.elementlogic.net\/se\/whitepaper\/8-myter-om-lagerautomation\/","name":"Whitepaper: 8 myter om lagerautomation","isPartOf":{"@id":"https:\/\/www.elementlogic.net\/se\/#website"},"datePublished":"2022-05-19T21:58:00+00:00","dateModified":"2025-11-27T13:53:13+00:00","description":"Vill du l\u00e4ra dig hur automatisering kan gynna ditt f\u00f6retag? L\u00e5t oss v\u00e4gleda dig genom vad som \u00e4r en myt \u2013 och vad som \u00e4r ett faktum.","breadcrumb":{"@id":"https:\/\/www.elementlogic.net\/se\/whitepaper\/8-myter-om-lagerautomation\/#breadcrumb"},"inLanguage":"sv-SE","potentialAction":[{"@type":"ReadAction","target":["https:\/\/www.elementlogic.net\/se\/whitepaper\/8-myter-om-lagerautomation\/"]}]},{"@type":"BreadcrumbList","@id":"https:\/\/www.elementlogic.net\/se\/whitepaper\/8-myter-om-lagerautomation\/#breadcrumb","itemListElement":[{"@type":"ListItem","position":1,"name":"Whitepaper","item":"https:\/\/www.elementlogic.net\/se\/whitepaper\/"},{"@type":"ListItem","position":2,"name":"8 myter om lagerautomation"}]},{"@type":"WebSite","@id":"https:\/\/www.elementlogic.net\/se\/#website","url":"https:\/\/www.elementlogic.net\/se\/","name":"Element Logic Sweden","description":"","potentialAction":[{"@type":"SearchAction","target":{"@type":"EntryPoint","urlTemplate":"https:\/\/www.elementlogic.net\/se\/?s={search_term_string}"},"query-input":{"@type":"PropertyValueSpecification","valueRequired":true,"valueName":"search_term_string"}}],"inLanguage":"sv-SE"}]}},"_links":{"self":[{"href":"https:\/\/www.elementlogic.net\/se\/wp-json\/wp\/v2\/pages\/142"}],"collection":[{"href":"https:\/\/www.elementlogic.net\/se\/wp-json\/wp\/v2\/pages"}],"about":[{"href":"https:\/\/www.elementlogic.net\/se\/wp-json\/wp\/v2\/types\/page"}],"author":[{"embeddable":true,"href":"https:\/\/www.elementlogic.net\/se\/wp-json\/wp\/v2\/users\/3"}],"replies":[{"embeddable":true,"href":"https:\/\/www.elementlogic.net\/se\/wp-json\/wp\/v2\/comments?post=142"}],"version-history":[{"count":5,"href":"https:\/\/www.elementlogic.net\/se\/wp-json\/wp\/v2\/pages\/142\/revisions"}],"predecessor-version":[{"id":2996,"href":"https:\/\/www.elementlogic.net\/se\/wp-json\/wp\/v2\/pages\/142\/revisions\/2996"}],"up":[{"embeddable":true,"href":"https:\/\/www.elementlogic.net\/se\/wp-json\/wp\/v2\/pages\/156"}],"wp:attachment":[{"href":"https:\/\/www.elementlogic.net\/se\/wp-json\/wp\/v2\/media?parent=142"}],"curies":[{"name":"wp","href":"https:\/\/api.w.org\/{rel}","templated":true}]}}