{"id":147,"date":"2022-09-07T21:50:00","date_gmt":"2022-09-07T21:50:00","guid":{"rendered":"https:\/\/www.elementlogic.net\/?page_id=2178"},"modified":"2025-11-27T13:55:38","modified_gmt":"2025-11-27T13:55:38","slug":"berakna-din-roi-med-element-logic","status":"publish","type":"page","link":"https:\/\/www.elementlogic.net\/se\/whitepaper\/berakna-din-roi-med-element-logic\/","title":{"rendered":"Ber\u00e4kna din ROI med Element Logic"},"content":{"rendered":"\n\t\t<div style=\"--dekode-hero-dim:0.5; --t2-icon-fill:var(--wp--preset--color--white);\" class=\"alignfull dekode-hero-content-position-center has-media-background wp-block-dekode-hero\">\n\t\t\t<img loading=\"lazy\" decoding=\"async\" width=\"1024\" height=\"683\" src=\"https:\/\/www.elementlogic.net\/content\/uploads\/sites\/14\/\/2024\/09\/Element-Logic-cooperation-28168118-1024x683.jpg\" class=\"dekode-hero__image\" alt=\"\" style=\"--focalpoint: 47% 36%;\" srcset=\"https:\/\/www.elementlogic.net\/content\/uploads\/sites\/14\/2024\/09\/Element-Logic-cooperation-28168118-1024x683.jpg 1024w, https:\/\/www.elementlogic.net\/content\/uploads\/sites\/14\/2024\/09\/Element-Logic-cooperation-28168118-300x200.jpg 300w, https:\/\/www.elementlogic.net\/content\/uploads\/sites\/14\/2024\/09\/Element-Logic-cooperation-28168118-768x512.jpg 768w, https:\/\/www.elementlogic.net\/content\/uploads\/sites\/14\/2024\/09\/Element-Logic-cooperation-28168118.jpg 1080w\" sizes=\"(max-width: 1024px) 100vw, 1024px\" \/>\n\t\t\t<div class=\"dekode-hero__content\">\n\t\t\t\t<div class=\"dekode-hero__container\">\n\t\t\t\t\t\n\n<h1 class=\"wp-block-heading\" id=\"berakna-din-roi-med-element-logic\">Ber\u00e4kna din ROI med Element Logic<\/h1>\n\n\n\n<p>Det finns m\u00e5nga f\u00f6rdelar med lagerautomation. Du sparar utrymme, f\u00e5r n\u00f6jdare kunder och dina anst\u00e4llda f\u00e5r en b\u00e4ttre arbetsdag. Men vilken \u00e4r den ekonomiska vinsten?<\/p>\n\n\n\t\t\t\t<\/div>\n\t\t\t<\/div>\n\t\t<\/div>\n\t\t\n\n\n<p>V\u00e5rt team av experter hj\u00e4lper till att ber\u00e4kna din ROI. I detta whitepaper delar vi med oss av v\u00e5r kunskap och expertis f\u00f6r att hitta det ekonomiska v\u00e4rdet av lagerautomationens olika f\u00f6rdelar, idag och i decennier fram\u00e5t.<\/p>\n\n\n\n<p>Vissa siffror \u00e4r l\u00e4tta att ber\u00e4kna medan andra \u00e4r sv\u00e5ra att s\u00e4tta en exakt prislapp p\u00e5.<\/p>\n\n\n\n<p>Ladda ner detta whitepaper f\u00f6r att l\u00e4ra dig hur du kan uppn\u00e5 ROI och tillv\u00e4xt genom lagerautomation.<\/p>\n\n\n\n<h3 class=\"wp-block-heading\" id=\"nar-du-laser-detta-whitepaper-kommer-du-att-lara-dig-om\"><strong><strong>N\u00e4r du l\u00e4ser detta whitepaper kommer du att l\u00e4ra dig om:<\/strong><\/strong><\/h3>\n\n\n\n<ul class=\"wp-block-list\">\n<li>Hur Element Logic ber\u00e4knar ROI och g\u00f6r \u00e5terbetalningsanalys.<\/li>\n\n\n\n<li>Ekonomiska f\u00f6rdelar av lagerautomation.<\/li>\n\n\n\n<li>Siffror och mjuka v\u00e4rden som p\u00e5verkar din ROI.<\/li>\n\n\n\n<li>Genomsnittlig ROI genom automatisering med Element Logic.<\/li>\n\n\n\n<li>Ett kundcase d\u00e4r ROI uppn\u00e5ddes p\u00e5 rekordtid.<\/li>\n<\/ul>\n\n\n\n<p>V\u00e5rt whitepaper \u00e4r gratis och tillg\u00e4ngligt p\u00e5 engelska.<\/p>\n\n\n\n\t\t<div class=\"wp-block-dekode-dynamics-form\">\n\t\t\t<div class=\"embedded-form\">\n\t\t\t\t<div\n\t\t\t\t\tdata-form-id=\"95e75d62-e9ff-ef11-bae2-7ced8d13c326\"\n\t\t\t\t\tdata-form-api-url=\"https:\/\/public-eur.mkt.dynamics.com\/api\/v1.0\/orgs\/0d653081-4a98-4454-9ade-26f2fbe674ee\/landingpageforms\"\n\t\t\t\t\tdata-cached-form-url=\"https:\/\/assets-eur.mkt.dynamics.com\/0d653081-4a98-4454-9ade-26f2fbe674ee\/digitalassets\/forms\/95e75d62-e9ff-ef11-bae2-7ced8d13c326\"\n\t\t\t\t><\/div>\n\t\t\t<\/div>\n\t\t<\/div>","protected":false},"excerpt":{"rendered":"<p>V\u00e5rt team av experter hj\u00e4lper till att ber\u00e4kna din ROI. I detta whitepaper delar vi med oss av v\u00e5r kunskap [&hellip;]<\/p>\n","protected":false},"author":3,"featured_media":0,"parent":156,"menu_order":0,"comment_status":"closed","ping_status":"closed","template":"","meta":{"hreflang_relation":2178,"_el_cross_publish_source_blog_url":"","_el_cross_publish_source_blog_id":0,"_el_cross_publish_source_post_id":0,"_el_cross_publish_sync_state":"","exclude_from_search":false,"footnotes":""},"class_list":["post-147","page","type-page","status-publish","hentry"],"yoast_head":"<!-- This site is optimized with the Yoast SEO Premium plugin v23.9 (Yoast SEO v23.9) - https:\/\/yoast.com\/wordpress\/plugins\/seo\/ -->\n<title>Ber\u00e4kna din ROI med Element Logic - Element Logic Sweden<\/title>\n<meta name=\"description\" content=\"Lagerautomation sparar utrymme, du f\u00e5r n\u00f6jdare kunder och dina anst\u00e4llda f\u00e5r en b\u00e4ttre arbetsdag. Men vilken \u00e4r den ekonomiska vinsten?\" \/>\n<meta name=\"robots\" content=\"index, follow, max-snippet:-1, max-image-preview:large, max-video-preview:-1\" \/>\n<link rel=\"canonical\" href=\"https:\/\/www.elementlogic.net\/se\/whitepaper\/berakna-din-roi-med-element-logic\/\" \/>\n<meta property=\"og:locale\" content=\"sv_SE\" \/>\n<meta property=\"og:type\" content=\"article\" \/>\n<meta property=\"og:title\" content=\"Ber\u00e4kna din ROI med Element Logic\" \/>\n<meta property=\"og:description\" content=\"Lagerautomation sparar utrymme, du f\u00e5r n\u00f6jdare kunder och dina anst\u00e4llda f\u00e5r en b\u00e4ttre arbetsdag. Men vilken \u00e4r den ekonomiska vinsten?\" \/>\n<meta property=\"og:url\" content=\"https:\/\/www.elementlogic.net\/se\/whitepaper\/berakna-din-roi-med-element-logic\/\" \/>\n<meta property=\"og:site_name\" content=\"Element Logic Sweden\" \/>\n<meta property=\"article:modified_time\" content=\"2025-11-27T13:55:38+00:00\" \/>\n<meta name=\"twitter:card\" content=\"summary_large_image\" \/>\n<script type=\"application\/ld+json\" class=\"yoast-schema-graph\">{\"@context\":\"https:\/\/schema.org\",\"@graph\":[{\"@type\":\"WebPage\",\"@id\":\"https:\/\/www.elementlogic.net\/se\/whitepaper\/berakna-din-roi-med-element-logic\/\",\"url\":\"https:\/\/www.elementlogic.net\/se\/whitepaper\/berakna-din-roi-med-element-logic\/\",\"name\":\"Ber\u00e4kna din ROI med Element Logic - Element Logic Sweden\",\"isPartOf\":{\"@id\":\"https:\/\/www.elementlogic.net\/se\/#website\"},\"datePublished\":\"2022-09-07T21:50:00+00:00\",\"dateModified\":\"2025-11-27T13:55:38+00:00\",\"description\":\"Lagerautomation sparar utrymme, du f\u00e5r n\u00f6jdare kunder och dina anst\u00e4llda f\u00e5r en b\u00e4ttre arbetsdag. Men vilken \u00e4r den ekonomiska vinsten?\",\"breadcrumb\":{\"@id\":\"https:\/\/www.elementlogic.net\/se\/whitepaper\/berakna-din-roi-med-element-logic\/#breadcrumb\"},\"inLanguage\":\"sv-SE\",\"potentialAction\":[{\"@type\":\"ReadAction\",\"target\":[\"https:\/\/www.elementlogic.net\/se\/whitepaper\/berakna-din-roi-med-element-logic\/\"]}]},{\"@type\":\"BreadcrumbList\",\"@id\":\"https:\/\/www.elementlogic.net\/se\/whitepaper\/berakna-din-roi-med-element-logic\/#breadcrumb\",\"itemListElement\":[{\"@type\":\"ListItem\",\"position\":1,\"name\":\"Whitepaper\",\"item\":\"https:\/\/www.elementlogic.net\/se\/whitepaper\/\"},{\"@type\":\"ListItem\",\"position\":2,\"name\":\"Ber\u00e4kna din ROI med Element Logic\"}]},{\"@type\":\"WebSite\",\"@id\":\"https:\/\/www.elementlogic.net\/se\/#website\",\"url\":\"https:\/\/www.elementlogic.net\/se\/\",\"name\":\"Element Logic Sweden\",\"description\":\"\",\"potentialAction\":[{\"@type\":\"SearchAction\",\"target\":{\"@type\":\"EntryPoint\",\"urlTemplate\":\"https:\/\/www.elementlogic.net\/se\/?s={search_term_string}\"},\"query-input\":{\"@type\":\"PropertyValueSpecification\",\"valueRequired\":true,\"valueName\":\"search_term_string\"}}],\"inLanguage\":\"sv-SE\"}]}<\/script>\n<!-- \/ Yoast SEO Premium plugin. -->","yoast_head_json":{"title":"Ber\u00e4kna din ROI med Element Logic - Element Logic Sweden","description":"Lagerautomation sparar utrymme, du f\u00e5r n\u00f6jdare kunder och dina anst\u00e4llda f\u00e5r en b\u00e4ttre arbetsdag. Men vilken \u00e4r den ekonomiska vinsten?","robots":{"index":"index","follow":"follow","max-snippet":"max-snippet:-1","max-image-preview":"max-image-preview:large","max-video-preview":"max-video-preview:-1"},"canonical":"https:\/\/www.elementlogic.net\/se\/whitepaper\/berakna-din-roi-med-element-logic\/","og_locale":"sv_SE","og_type":"article","og_title":"Ber\u00e4kna din ROI med Element Logic","og_description":"Lagerautomation sparar utrymme, du f\u00e5r n\u00f6jdare kunder och dina anst\u00e4llda f\u00e5r en b\u00e4ttre arbetsdag. Men vilken \u00e4r den ekonomiska vinsten?","og_url":"https:\/\/www.elementlogic.net\/se\/whitepaper\/berakna-din-roi-med-element-logic\/","og_site_name":"Element Logic Sweden","article_modified_time":"2025-11-27T13:55:38+00:00","twitter_card":"summary_large_image","schema":{"@context":"https:\/\/schema.org","@graph":[{"@type":"WebPage","@id":"https:\/\/www.elementlogic.net\/se\/whitepaper\/berakna-din-roi-med-element-logic\/","url":"https:\/\/www.elementlogic.net\/se\/whitepaper\/berakna-din-roi-med-element-logic\/","name":"Ber\u00e4kna din ROI med Element Logic - Element Logic Sweden","isPartOf":{"@id":"https:\/\/www.elementlogic.net\/se\/#website"},"datePublished":"2022-09-07T21:50:00+00:00","dateModified":"2025-11-27T13:55:38+00:00","description":"Lagerautomation sparar utrymme, du f\u00e5r n\u00f6jdare kunder och dina anst\u00e4llda f\u00e5r en b\u00e4ttre arbetsdag. Men vilken \u00e4r den ekonomiska vinsten?","breadcrumb":{"@id":"https:\/\/www.elementlogic.net\/se\/whitepaper\/berakna-din-roi-med-element-logic\/#breadcrumb"},"inLanguage":"sv-SE","potentialAction":[{"@type":"ReadAction","target":["https:\/\/www.elementlogic.net\/se\/whitepaper\/berakna-din-roi-med-element-logic\/"]}]},{"@type":"BreadcrumbList","@id":"https:\/\/www.elementlogic.net\/se\/whitepaper\/berakna-din-roi-med-element-logic\/#breadcrumb","itemListElement":[{"@type":"ListItem","position":1,"name":"Whitepaper","item":"https:\/\/www.elementlogic.net\/se\/whitepaper\/"},{"@type":"ListItem","position":2,"name":"Ber\u00e4kna din ROI med Element Logic"}]},{"@type":"WebSite","@id":"https:\/\/www.elementlogic.net\/se\/#website","url":"https:\/\/www.elementlogic.net\/se\/","name":"Element Logic Sweden","description":"","potentialAction":[{"@type":"SearchAction","target":{"@type":"EntryPoint","urlTemplate":"https:\/\/www.elementlogic.net\/se\/?s={search_term_string}"},"query-input":{"@type":"PropertyValueSpecification","valueRequired":true,"valueName":"search_term_string"}}],"inLanguage":"sv-SE"}]}},"_links":{"self":[{"href":"https:\/\/www.elementlogic.net\/se\/wp-json\/wp\/v2\/pages\/147"}],"collection":[{"href":"https:\/\/www.elementlogic.net\/se\/wp-json\/wp\/v2\/pages"}],"about":[{"href":"https:\/\/www.elementlogic.net\/se\/wp-json\/wp\/v2\/types\/page"}],"author":[{"embeddable":true,"href":"https:\/\/www.elementlogic.net\/se\/wp-json\/wp\/v2\/users\/3"}],"replies":[{"embeddable":true,"href":"https:\/\/www.elementlogic.net\/se\/wp-json\/wp\/v2\/comments?post=147"}],"version-history":[{"count":5,"href":"https:\/\/www.elementlogic.net\/se\/wp-json\/wp\/v2\/pages\/147\/revisions"}],"predecessor-version":[{"id":2998,"href":"https:\/\/www.elementlogic.net\/se\/wp-json\/wp\/v2\/pages\/147\/revisions\/2998"}],"up":[{"embeddable":true,"href":"https:\/\/www.elementlogic.net\/se\/wp-json\/wp\/v2\/pages\/156"}],"wp:attachment":[{"href":"https:\/\/www.elementlogic.net\/se\/wp-json\/wp\/v2\/media?parent=147"}],"curies":[{"name":"wp","href":"https:\/\/api.w.org\/{rel}","templated":true}]}}