{"id":151,"date":"2023-05-31T21:40:00","date_gmt":"2023-05-31T21:40:00","guid":{"rendered":"https:\/\/www.elementlogic.net\/?page_id=2164"},"modified":"2025-11-27T13:57:17","modified_gmt":"2025-11-27T13:57:17","slug":"frigor-ditt-lagers-fulla-potential-med-ai","status":"publish","type":"page","link":"https:\/\/www.elementlogic.net\/se\/whitepaper\/frigor-ditt-lagers-fulla-potential-med-ai\/","title":{"rendered":"Unlock your warehouse\u2019s full potential with AI"},"content":{"rendered":"\n\t\t<div style=\"--dekode-hero-dim:0.5; --t2-icon-fill:var(--wp--preset--color--white);\" class=\"alignfull dekode-hero-content-position-center has-media-background wp-block-dekode-hero\">\n\t\t\t<img loading=\"lazy\" decoding=\"async\" width=\"600\" height=\"400\" src=\"https:\/\/www.elementlogic.net\/content\/uploads\/sites\/14\/\/2024\/09\/image-11.png\" class=\"dekode-hero__image\" alt=\"\" style=\"--focalpoint: 54% 27%;\" srcset=\"https:\/\/www.elementlogic.net\/content\/uploads\/sites\/14\/2024\/09\/image-11.png 600w, https:\/\/www.elementlogic.net\/content\/uploads\/sites\/14\/2024\/09\/image-11-300x200.png 300w\" sizes=\"(max-width: 600px) 100vw, 600px\" \/>\n\t\t\t<div class=\"dekode-hero__content\">\n\t\t\t\t<div class=\"dekode-hero__container\">\n\t\t\t\t\t\n\n<h1 class=\"wp-block-heading\" id=\"frigor-ditt-lagers-fulla-potential-med-ai\">Frig\u00f6r ditt lagers fulla potential med AI<\/h1>\n\n\n\n<p>I v\u00e5rt whitepaper ber\u00e4ttar vi om vad som kr\u00e4vs f\u00f6r att skapa lyckade automatiserade arbetsfl\u00f6den och hur m\u00e4nniska och maskin i samverkan kan \u00f6ka b\u00e5de produktivitet och tillv\u00e4xt.<\/p>\n\n\n\t\t\t\t<\/div>\n\t\t\t<\/div>\n\t\t<\/div>\n\t\t\n\n\n<p>Pandemin, ekonomisk nedg\u00e5ng och naturkatastrofer har satt marknaden i gungning. Aldrig f\u00f6rr har efterfr\u00e5gan p\u00e5 flexibla, skalbara lagerl\u00f6sningar varit st\u00f6rre.<\/p>\n\n\n\n<p>Ladda ner v\u00e5rt whitepaper f\u00f6r att se hur AI-styrd automation och robotteknik kan skapa \u00f6kad effektivitet och frig\u00f6ra den fulla potentialen hos ditt lager. H\u00e4r kan du l\u00e4sa om hur samspelet mellan robot och m\u00e4nniska ger en exceptionell kundupplevelse, vilket st\u00e4rker kundernas lojalitet och skapar b\u00e4ttre kundomd\u00f6men.<\/p>\n\n\n\n<p>F\u00f6rutom generella tips f\u00e5r du \u00e4ven konkreta exempel och insikter fr\u00e5n branschens experter.<\/p>\n\n\n\n<h3 class=\"wp-block-heading\" id=\"i-detta-whitepaper-kan-du-lasa-om\"><strong><strong>I detta whitepaper kan du l\u00e4sa om:<\/strong><\/strong><\/h3>\n\n\n\n<ul class=\"wp-block-list\">\n<li>Varf\u00f6r robotar aldrig kan ers\u00e4tta m\u00e4nniskor<\/li>\n\n\n\n<li>Hur automatiserade lager minskar personaloms\u00e4ttningen<\/li>\n\n\n\n<li>Varf\u00f6r Kjetil p\u00e5 bildeler.no f\u00f6redrar att jobba p\u00e5 ett automatiserat lager<\/li>\n\n\n\n<li>Hur automatiserade lager fungerar<\/li>\n\n\n\n<li>Mjukvara som frig\u00f6r ditt lagers fulla potential<\/li>\n\n\n\n<li>Hur lagerautomationens framtid kommer se ut<\/li>\n\n\n\n<li>Exempel fr\u00e5n andra branscher d\u00e4r robotar implementerats framg\u00e5ngsrikt<\/li>\n<\/ul>\n\n\n\n<p>V\u00e5rt whitepaper \u00e4r gratis och finns tillg\u00e4ngligt p\u00e5 engelska.<\/p>\n\n\n\n\t\t<div class=\"wp-block-dekode-dynamics-form\">\n\t\t\t<div class=\"embedded-form\">\n\t\t\t\t<div\n\t\t\t\t\tdata-form-id=\"95e75d62-e9ff-ef11-bae2-7ced8d13c326\"\n\t\t\t\t\tdata-form-api-url=\"https:\/\/public-eur.mkt.dynamics.com\/api\/v1.0\/orgs\/0d653081-4a98-4454-9ade-26f2fbe674ee\/landingpageforms\"\n\t\t\t\t\tdata-cached-form-url=\"https:\/\/assets-eur.mkt.dynamics.com\/0d653081-4a98-4454-9ade-26f2fbe674ee\/digitalassets\/forms\/95e75d62-e9ff-ef11-bae2-7ced8d13c326\"\n\t\t\t\t><\/div>\n\t\t\t<\/div>\n\t\t<\/div>","protected":false},"excerpt":{"rendered":"<p>Pandemin, ekonomisk nedg\u00e5ng och naturkatastrofer har satt marknaden i gungning. Aldrig f\u00f6rr har efterfr\u00e5gan p\u00e5 flexibla, skalbara lagerl\u00f6sningar varit st\u00f6rre. [&hellip;]<\/p>\n","protected":false},"author":3,"featured_media":0,"parent":156,"menu_order":0,"comment_status":"closed","ping_status":"closed","template":"","meta":{"hreflang_relation":2164,"_el_cross_publish_source_blog_url":"","_el_cross_publish_source_blog_id":0,"_el_cross_publish_source_post_id":0,"_el_cross_publish_sync_state":"","exclude_from_search":false,"footnotes":""},"class_list":["post-151","page","type-page","status-publish","hentry"],"yoast_head":"<!-- This site is optimized with the Yoast SEO Premium plugin v23.9 (Yoast SEO v23.9) - https:\/\/yoast.com\/wordpress\/plugins\/seo\/ -->\n<title>Frig\u00f6r ditt lagers potential med AI<\/title>\n<meta name=\"description\" content=\"Vad kr\u00e4vs f\u00f6r att skapa lyckade automatiserade arbetsfl\u00f6den och hur m\u00e4nniska och maskin i samverkan kan \u00f6ka b\u00e5de produktivitet och tillv\u00e4xt?\" \/>\n<meta name=\"robots\" content=\"index, follow, max-snippet:-1, max-image-preview:large, max-video-preview:-1\" \/>\n<link rel=\"canonical\" href=\"https:\/\/www.elementlogic.net\/se\/whitepaper\/frigor-ditt-lagers-fulla-potential-med-ai\/\" \/>\n<meta property=\"og:locale\" content=\"sv_SE\" \/>\n<meta property=\"og:type\" content=\"article\" \/>\n<meta property=\"og:title\" content=\"Unlock your warehouse\u2019s full potential with AI\" \/>\n<meta property=\"og:description\" content=\"Vad kr\u00e4vs f\u00f6r att skapa lyckade automatiserade arbetsfl\u00f6den och hur m\u00e4nniska och maskin i samverkan kan \u00f6ka b\u00e5de produktivitet och tillv\u00e4xt?\" \/>\n<meta property=\"og:url\" content=\"https:\/\/www.elementlogic.net\/se\/whitepaper\/frigor-ditt-lagers-fulla-potential-med-ai\/\" \/>\n<meta property=\"og:site_name\" content=\"Element Logic Sweden\" \/>\n<meta property=\"article:modified_time\" content=\"2025-11-27T13:57:17+00:00\" \/>\n<meta name=\"twitter:card\" content=\"summary_large_image\" \/>\n<meta name=\"twitter:label1\" content=\"Ber\u00e4knad l\u00e4stid\" \/>\n\t<meta name=\"twitter:data1\" content=\"1 minut\" \/>\n<script type=\"application\/ld+json\" class=\"yoast-schema-graph\">{\"@context\":\"https:\/\/schema.org\",\"@graph\":[{\"@type\":\"WebPage\",\"@id\":\"https:\/\/www.elementlogic.net\/se\/whitepaper\/frigor-ditt-lagers-fulla-potential-med-ai\/\",\"url\":\"https:\/\/www.elementlogic.net\/se\/whitepaper\/frigor-ditt-lagers-fulla-potential-med-ai\/\",\"name\":\"Frig\u00f6r ditt lagers potential med AI\",\"isPartOf\":{\"@id\":\"https:\/\/www.elementlogic.net\/se\/#website\"},\"datePublished\":\"2023-05-31T21:40:00+00:00\",\"dateModified\":\"2025-11-27T13:57:17+00:00\",\"description\":\"Vad kr\u00e4vs f\u00f6r att skapa lyckade automatiserade arbetsfl\u00f6den och hur m\u00e4nniska och maskin i samverkan kan \u00f6ka b\u00e5de produktivitet och tillv\u00e4xt?\",\"breadcrumb\":{\"@id\":\"https:\/\/www.elementlogic.net\/se\/whitepaper\/frigor-ditt-lagers-fulla-potential-med-ai\/#breadcrumb\"},\"inLanguage\":\"sv-SE\",\"potentialAction\":[{\"@type\":\"ReadAction\",\"target\":[\"https:\/\/www.elementlogic.net\/se\/whitepaper\/frigor-ditt-lagers-fulla-potential-med-ai\/\"]}]},{\"@type\":\"BreadcrumbList\",\"@id\":\"https:\/\/www.elementlogic.net\/se\/whitepaper\/frigor-ditt-lagers-fulla-potential-med-ai\/#breadcrumb\",\"itemListElement\":[{\"@type\":\"ListItem\",\"position\":1,\"name\":\"Whitepaper\",\"item\":\"https:\/\/www.elementlogic.net\/se\/whitepaper\/\"},{\"@type\":\"ListItem\",\"position\":2,\"name\":\"Unlock your warehouse\u2019s full potential with AI\"}]},{\"@type\":\"WebSite\",\"@id\":\"https:\/\/www.elementlogic.net\/se\/#website\",\"url\":\"https:\/\/www.elementlogic.net\/se\/\",\"name\":\"Element Logic Sweden\",\"description\":\"\",\"potentialAction\":[{\"@type\":\"SearchAction\",\"target\":{\"@type\":\"EntryPoint\",\"urlTemplate\":\"https:\/\/www.elementlogic.net\/se\/?s={search_term_string}\"},\"query-input\":{\"@type\":\"PropertyValueSpecification\",\"valueRequired\":true,\"valueName\":\"search_term_string\"}}],\"inLanguage\":\"sv-SE\"}]}<\/script>\n<!-- \/ Yoast SEO Premium plugin. -->","yoast_head_json":{"title":"Frig\u00f6r ditt lagers potential med AI","description":"Vad kr\u00e4vs f\u00f6r att skapa lyckade automatiserade arbetsfl\u00f6den och hur m\u00e4nniska och maskin i samverkan kan \u00f6ka b\u00e5de produktivitet och tillv\u00e4xt?","robots":{"index":"index","follow":"follow","max-snippet":"max-snippet:-1","max-image-preview":"max-image-preview:large","max-video-preview":"max-video-preview:-1"},"canonical":"https:\/\/www.elementlogic.net\/se\/whitepaper\/frigor-ditt-lagers-fulla-potential-med-ai\/","og_locale":"sv_SE","og_type":"article","og_title":"Unlock your warehouse\u2019s full potential with AI","og_description":"Vad kr\u00e4vs f\u00f6r att skapa lyckade automatiserade arbetsfl\u00f6den och hur m\u00e4nniska och maskin i samverkan kan \u00f6ka b\u00e5de produktivitet och tillv\u00e4xt?","og_url":"https:\/\/www.elementlogic.net\/se\/whitepaper\/frigor-ditt-lagers-fulla-potential-med-ai\/","og_site_name":"Element Logic Sweden","article_modified_time":"2025-11-27T13:57:17+00:00","twitter_card":"summary_large_image","twitter_misc":{"Ber\u00e4knad l\u00e4stid":"1 minut"},"schema":{"@context":"https:\/\/schema.org","@graph":[{"@type":"WebPage","@id":"https:\/\/www.elementlogic.net\/se\/whitepaper\/frigor-ditt-lagers-fulla-potential-med-ai\/","url":"https:\/\/www.elementlogic.net\/se\/whitepaper\/frigor-ditt-lagers-fulla-potential-med-ai\/","name":"Frig\u00f6r ditt lagers potential med AI","isPartOf":{"@id":"https:\/\/www.elementlogic.net\/se\/#website"},"datePublished":"2023-05-31T21:40:00+00:00","dateModified":"2025-11-27T13:57:17+00:00","description":"Vad kr\u00e4vs f\u00f6r att skapa lyckade automatiserade arbetsfl\u00f6den och hur m\u00e4nniska och maskin i samverkan kan \u00f6ka b\u00e5de produktivitet och tillv\u00e4xt?","breadcrumb":{"@id":"https:\/\/www.elementlogic.net\/se\/whitepaper\/frigor-ditt-lagers-fulla-potential-med-ai\/#breadcrumb"},"inLanguage":"sv-SE","potentialAction":[{"@type":"ReadAction","target":["https:\/\/www.elementlogic.net\/se\/whitepaper\/frigor-ditt-lagers-fulla-potential-med-ai\/"]}]},{"@type":"BreadcrumbList","@id":"https:\/\/www.elementlogic.net\/se\/whitepaper\/frigor-ditt-lagers-fulla-potential-med-ai\/#breadcrumb","itemListElement":[{"@type":"ListItem","position":1,"name":"Whitepaper","item":"https:\/\/www.elementlogic.net\/se\/whitepaper\/"},{"@type":"ListItem","position":2,"name":"Unlock your warehouse\u2019s full potential with AI"}]},{"@type":"WebSite","@id":"https:\/\/www.elementlogic.net\/se\/#website","url":"https:\/\/www.elementlogic.net\/se\/","name":"Element Logic Sweden","description":"","potentialAction":[{"@type":"SearchAction","target":{"@type":"EntryPoint","urlTemplate":"https:\/\/www.elementlogic.net\/se\/?s={search_term_string}"},"query-input":{"@type":"PropertyValueSpecification","valueRequired":true,"valueName":"search_term_string"}}],"inLanguage":"sv-SE"}]}},"_links":{"self":[{"href":"https:\/\/www.elementlogic.net\/se\/wp-json\/wp\/v2\/pages\/151"}],"collection":[{"href":"https:\/\/www.elementlogic.net\/se\/wp-json\/wp\/v2\/pages"}],"about":[{"href":"https:\/\/www.elementlogic.net\/se\/wp-json\/wp\/v2\/types\/page"}],"author":[{"embeddable":true,"href":"https:\/\/www.elementlogic.net\/se\/wp-json\/wp\/v2\/users\/3"}],"replies":[{"embeddable":true,"href":"https:\/\/www.elementlogic.net\/se\/wp-json\/wp\/v2\/comments?post=151"}],"version-history":[{"count":5,"href":"https:\/\/www.elementlogic.net\/se\/wp-json\/wp\/v2\/pages\/151\/revisions"}],"predecessor-version":[{"id":3000,"href":"https:\/\/www.elementlogic.net\/se\/wp-json\/wp\/v2\/pages\/151\/revisions\/3000"}],"up":[{"embeddable":true,"href":"https:\/\/www.elementlogic.net\/se\/wp-json\/wp\/v2\/pages\/156"}],"wp:attachment":[{"href":"https:\/\/www.elementlogic.net\/se\/wp-json\/wp\/v2\/media?parent=151"}],"curies":[{"name":"wp","href":"https:\/\/api.w.org\/{rel}","templated":true}]}}