{"id":154,"date":"2024-06-11T21:29:00","date_gmt":"2024-06-11T21:29:00","guid":{"rendered":"https:\/\/www.elementlogic.net\/?page_id=2150"},"modified":"2025-11-27T13:57:54","modified_gmt":"2025-11-27T13:57:54","slug":"hallbar-intralogistik-och-automation","status":"publish","type":"page","link":"https:\/\/www.elementlogic.net\/se\/whitepaper\/hallbar-intralogistik-och-automation\/","title":{"rendered":"Sustainable Intralogistics and Automation"},"content":{"rendered":"\n\t\t<div style=\"--dekode-hero-dim:0.5; --t2-icon-fill:var(--wp--preset--color--white);\" class=\"alignfull dekode-hero-content-position-center has-media-background wp-block-dekode-hero\">\n\t\t\t<img loading=\"lazy\" decoding=\"async\" width=\"600\" height=\"520\" src=\"https:\/\/www.elementlogic.net\/content\/uploads\/sites\/14\/\/2024\/09\/image-10.png\" class=\"dekode-hero__image\" alt=\"\" style=\"--focalpoint: 54% 28%;\" srcset=\"https:\/\/www.elementlogic.net\/content\/uploads\/sites\/14\/2024\/09\/image-10.png 600w, https:\/\/www.elementlogic.net\/content\/uploads\/sites\/14\/2024\/09\/image-10-300x260.png 300w\" sizes=\"(max-width: 600px) 100vw, 600px\" \/>\n\t\t\t<div class=\"dekode-hero__content\">\n\t\t\t\t<div class=\"dekode-hero__container\">\n\t\t\t\t\t\n\n<h1 class=\"wp-block-heading\" id=\"hallbar-intralogistik-och-automation\">H\u00e5llbar Intralogistik och Automation<\/h1>\n\n\n\n<p>\u00c4r det ens m\u00f6jligt? Vi fr\u00e5gade v\u00e5r h\u00e5llbarhetsexpert. Ladda ned v\u00e5rt senaste whitepaper f\u00f6r att f\u00e5 reda p\u00e5 mer.<\/p>\n\n\n\t\t\t\t<\/div>\n\t\t\t<\/div>\n\t\t<\/div>\n\t\t\n\n\n<p>\u201cDagens kunder vill k\u00e4nna trygghet i att veta att f\u00f6retagen de k\u00f6per fr\u00e5n \u00e4r milj\u00f6medvetna\u201d, s\u00e4ger Kevin Kempe, Vice President f\u00f6r h\u00e5llbarhet och ESG p\u00e5 Element Logic.<\/p>\n\n\n\n<p>Men kan du driva ett effektivt lager samtidigt som du uppfyller de h\u00e5llbarhetsm\u00e5l intressenterna f\u00f6rv\u00e4ntar sig av dig?<\/p>\n\n\n\n<h3 class=\"wp-block-heading\" id=\"nar-du-laser-detta-whitepaper-kommer-du-att-lara-dig-om\">N\u00e4r du l\u00e4ser detta whitepaper kommer du att l\u00e4ra dig om:<\/h3>\n\n\n\n<ul class=\"wp-block-list\">\n<li>Hur automatisering utvecklas till en mer h\u00e5llbar industri&nbsp;<\/li>\n\n\n\n<li>Vad du b\u00f6r titta efter n\u00e4r du investerar i mer h\u00e5llbar lagerteknik&nbsp;<\/li>\n\n\n\n<li>Hur du kan f\u00f6rb\u00e4ttra resursutnyttjande, effektivitet och milj\u00f6p\u00e5verkan&nbsp;<\/li>\n\n\n\n<li>Hur lagerautomation anv\u00e4nds f\u00f6r att \u00f6ka socialt ansvar<\/li>\n\n\n\n<li>Hur man \u00e4r transparent och undviker greenwashing&nbsp;&nbsp;<\/li>\n\n\n\n<li>Viktiga EU-direktiv och hur man f\u00f6ljer dem<\/li>\n\n\n\n<li>Hur du ytterligare kan minimera ditt koldioxidavtryck med f\u00f6rnybar energi<\/li>\n\n\n\n<li>En fallstudie av en kund som gick den milen f\u00f6r att minska sitt koldioxidavtryck<\/li>\n<\/ul>\n\n\n\n<p>Detta whitepaper \u00e4r gratis och tillg\u00e4ngligt p\u00e5 engelska.<\/p>\n\n\n\n\t\t<div class=\"wp-block-dekode-dynamics-form\">\n\t\t\t<div class=\"embedded-form\">\n\t\t\t\t<div\n\t\t\t\t\tdata-form-id=\"95e75d62-e9ff-ef11-bae2-7ced8d13c326\"\n\t\t\t\t\tdata-form-api-url=\"https:\/\/public-eur.mkt.dynamics.com\/api\/v1.0\/orgs\/0d653081-4a98-4454-9ade-26f2fbe674ee\/landingpageforms\"\n\t\t\t\t\tdata-cached-form-url=\"https:\/\/assets-eur.mkt.dynamics.com\/0d653081-4a98-4454-9ade-26f2fbe674ee\/digitalassets\/forms\/95e75d62-e9ff-ef11-bae2-7ced8d13c326\"\n\t\t\t\t><\/div>\n\t\t\t<\/div>\n\t\t<\/div>","protected":false},"excerpt":{"rendered":"<p>\u201cDagens kunder vill k\u00e4nna trygghet i att veta att f\u00f6retagen de k\u00f6per fr\u00e5n \u00e4r milj\u00f6medvetna\u201d, s\u00e4ger Kevin Kempe, Vice President [&hellip;]<\/p>\n","protected":false},"author":3,"featured_media":0,"parent":156,"menu_order":0,"comment_status":"closed","ping_status":"closed","template":"","meta":{"hreflang_relation":2150,"_el_cross_publish_source_blog_url":"","_el_cross_publish_source_blog_id":0,"_el_cross_publish_source_post_id":0,"_el_cross_publish_sync_state":"","exclude_from_search":false,"footnotes":""},"class_list":["post-154","page","type-page","status-publish","hentry"],"yoast_head":"<!-- This site is optimized with the Yoast SEO Premium plugin v23.9 (Yoast SEO v23.9) - https:\/\/yoast.com\/wordpress\/plugins\/seo\/ -->\n<title>H\u00e5llbar Intralogistik och Automation<\/title>\n<meta name=\"description\" content=\"Uppt\u00e4ck hur du kan driva ett effektivt lager samtidigt som du uppfyller de h\u00e5llbarhetsm\u00e5l intressenterna f\u00f6rv\u00e4ntar sig av dig.\" \/>\n<meta name=\"robots\" content=\"index, follow, max-snippet:-1, max-image-preview:large, max-video-preview:-1\" \/>\n<link rel=\"canonical\" href=\"https:\/\/www.elementlogic.net\/se\/whitepaper\/hallbar-intralogistik-och-automation\/\" \/>\n<meta property=\"og:locale\" content=\"sv_SE\" \/>\n<meta property=\"og:type\" content=\"article\" \/>\n<meta property=\"og:title\" content=\"Sustainable Intralogistics and Automation\" \/>\n<meta property=\"og:description\" content=\"Uppt\u00e4ck hur du kan driva ett effektivt lager samtidigt som du uppfyller de h\u00e5llbarhetsm\u00e5l intressenterna f\u00f6rv\u00e4ntar sig av dig.\" \/>\n<meta property=\"og:url\" content=\"https:\/\/www.elementlogic.net\/se\/whitepaper\/hallbar-intralogistik-och-automation\/\" \/>\n<meta property=\"og:site_name\" content=\"Element Logic Sweden\" \/>\n<meta property=\"article:modified_time\" content=\"2025-11-27T13:57:54+00:00\" \/>\n<meta name=\"twitter:card\" content=\"summary_large_image\" \/>\n<meta name=\"twitter:label1\" content=\"Ber\u00e4knad l\u00e4stid\" \/>\n\t<meta name=\"twitter:data1\" content=\"1 minut\" \/>\n<script type=\"application\/ld+json\" class=\"yoast-schema-graph\">{\"@context\":\"https:\/\/schema.org\",\"@graph\":[{\"@type\":\"WebPage\",\"@id\":\"https:\/\/www.elementlogic.net\/se\/whitepaper\/hallbar-intralogistik-och-automation\/\",\"url\":\"https:\/\/www.elementlogic.net\/se\/whitepaper\/hallbar-intralogistik-och-automation\/\",\"name\":\"H\u00e5llbar Intralogistik och Automation\",\"isPartOf\":{\"@id\":\"https:\/\/www.elementlogic.net\/se\/#website\"},\"datePublished\":\"2024-06-11T21:29:00+00:00\",\"dateModified\":\"2025-11-27T13:57:54+00:00\",\"description\":\"Uppt\u00e4ck hur du kan driva ett effektivt lager samtidigt som du uppfyller de h\u00e5llbarhetsm\u00e5l intressenterna f\u00f6rv\u00e4ntar sig av dig.\",\"breadcrumb\":{\"@id\":\"https:\/\/www.elementlogic.net\/se\/whitepaper\/hallbar-intralogistik-och-automation\/#breadcrumb\"},\"inLanguage\":\"sv-SE\",\"potentialAction\":[{\"@type\":\"ReadAction\",\"target\":[\"https:\/\/www.elementlogic.net\/se\/whitepaper\/hallbar-intralogistik-och-automation\/\"]}]},{\"@type\":\"BreadcrumbList\",\"@id\":\"https:\/\/www.elementlogic.net\/se\/whitepaper\/hallbar-intralogistik-och-automation\/#breadcrumb\",\"itemListElement\":[{\"@type\":\"ListItem\",\"position\":1,\"name\":\"Whitepaper\",\"item\":\"https:\/\/www.elementlogic.net\/se\/whitepaper\/\"},{\"@type\":\"ListItem\",\"position\":2,\"name\":\"Sustainable Intralogistics and Automation\"}]},{\"@type\":\"WebSite\",\"@id\":\"https:\/\/www.elementlogic.net\/se\/#website\",\"url\":\"https:\/\/www.elementlogic.net\/se\/\",\"name\":\"Element Logic Sweden\",\"description\":\"\",\"potentialAction\":[{\"@type\":\"SearchAction\",\"target\":{\"@type\":\"EntryPoint\",\"urlTemplate\":\"https:\/\/www.elementlogic.net\/se\/?s={search_term_string}\"},\"query-input\":{\"@type\":\"PropertyValueSpecification\",\"valueRequired\":true,\"valueName\":\"search_term_string\"}}],\"inLanguage\":\"sv-SE\"}]}<\/script>\n<!-- \/ Yoast SEO Premium plugin. -->","yoast_head_json":{"title":"H\u00e5llbar Intralogistik och Automation","description":"Uppt\u00e4ck hur du kan driva ett effektivt lager samtidigt som du uppfyller de h\u00e5llbarhetsm\u00e5l intressenterna f\u00f6rv\u00e4ntar sig av dig.","robots":{"index":"index","follow":"follow","max-snippet":"max-snippet:-1","max-image-preview":"max-image-preview:large","max-video-preview":"max-video-preview:-1"},"canonical":"https:\/\/www.elementlogic.net\/se\/whitepaper\/hallbar-intralogistik-och-automation\/","og_locale":"sv_SE","og_type":"article","og_title":"Sustainable Intralogistics and Automation","og_description":"Uppt\u00e4ck hur du kan driva ett effektivt lager samtidigt som du uppfyller de h\u00e5llbarhetsm\u00e5l intressenterna f\u00f6rv\u00e4ntar sig av dig.","og_url":"https:\/\/www.elementlogic.net\/se\/whitepaper\/hallbar-intralogistik-och-automation\/","og_site_name":"Element Logic Sweden","article_modified_time":"2025-11-27T13:57:54+00:00","twitter_card":"summary_large_image","twitter_misc":{"Ber\u00e4knad l\u00e4stid":"1 minut"},"schema":{"@context":"https:\/\/schema.org","@graph":[{"@type":"WebPage","@id":"https:\/\/www.elementlogic.net\/se\/whitepaper\/hallbar-intralogistik-och-automation\/","url":"https:\/\/www.elementlogic.net\/se\/whitepaper\/hallbar-intralogistik-och-automation\/","name":"H\u00e5llbar Intralogistik och Automation","isPartOf":{"@id":"https:\/\/www.elementlogic.net\/se\/#website"},"datePublished":"2024-06-11T21:29:00+00:00","dateModified":"2025-11-27T13:57:54+00:00","description":"Uppt\u00e4ck hur du kan driva ett effektivt lager samtidigt som du uppfyller de h\u00e5llbarhetsm\u00e5l intressenterna f\u00f6rv\u00e4ntar sig av dig.","breadcrumb":{"@id":"https:\/\/www.elementlogic.net\/se\/whitepaper\/hallbar-intralogistik-och-automation\/#breadcrumb"},"inLanguage":"sv-SE","potentialAction":[{"@type":"ReadAction","target":["https:\/\/www.elementlogic.net\/se\/whitepaper\/hallbar-intralogistik-och-automation\/"]}]},{"@type":"BreadcrumbList","@id":"https:\/\/www.elementlogic.net\/se\/whitepaper\/hallbar-intralogistik-och-automation\/#breadcrumb","itemListElement":[{"@type":"ListItem","position":1,"name":"Whitepaper","item":"https:\/\/www.elementlogic.net\/se\/whitepaper\/"},{"@type":"ListItem","position":2,"name":"Sustainable Intralogistics and Automation"}]},{"@type":"WebSite","@id":"https:\/\/www.elementlogic.net\/se\/#website","url":"https:\/\/www.elementlogic.net\/se\/","name":"Element Logic Sweden","description":"","potentialAction":[{"@type":"SearchAction","target":{"@type":"EntryPoint","urlTemplate":"https:\/\/www.elementlogic.net\/se\/?s={search_term_string}"},"query-input":{"@type":"PropertyValueSpecification","valueRequired":true,"valueName":"search_term_string"}}],"inLanguage":"sv-SE"}]}},"_links":{"self":[{"href":"https:\/\/www.elementlogic.net\/se\/wp-json\/wp\/v2\/pages\/154"}],"collection":[{"href":"https:\/\/www.elementlogic.net\/se\/wp-json\/wp\/v2\/pages"}],"about":[{"href":"https:\/\/www.elementlogic.net\/se\/wp-json\/wp\/v2\/types\/page"}],"author":[{"embeddable":true,"href":"https:\/\/www.elementlogic.net\/se\/wp-json\/wp\/v2\/users\/3"}],"replies":[{"embeddable":true,"href":"https:\/\/www.elementlogic.net\/se\/wp-json\/wp\/v2\/comments?post=154"}],"version-history":[{"count":4,"href":"https:\/\/www.elementlogic.net\/se\/wp-json\/wp\/v2\/pages\/154\/revisions"}],"predecessor-version":[{"id":3001,"href":"https:\/\/www.elementlogic.net\/se\/wp-json\/wp\/v2\/pages\/154\/revisions\/3001"}],"up":[{"embeddable":true,"href":"https:\/\/www.elementlogic.net\/se\/wp-json\/wp\/v2\/pages\/156"}],"wp:attachment":[{"href":"https:\/\/www.elementlogic.net\/se\/wp-json\/wp\/v2\/media?parent=154"}],"curies":[{"name":"wp","href":"https:\/\/api.w.org\/{rel}","templated":true}]}}