{"id":181,"date":"2024-09-03T15:26:40","date_gmt":"2024-09-03T13:26:40","guid":{"rendered":"https:\/\/www.elementlogic.net\/?page_id=1865"},"modified":"2024-12-05T14:32:27","modified_gmt":"2024-12-05T14:32:27","slug":"lador","status":"publish","type":"page","link":"https:\/\/www.elementlogic.net\/se\/losningar-och-tjanster\/asrs\/autostore\/lador\/","title":{"rendered":"L\u00e5dor"},"content":{"rendered":"<p class=\"t2-ingress wp-block-t2-ingress\">AutoStore-l\u00e5dorna, 400 mm x 600 mm, finns i tre h\u00f6jder (220 mm, 330 mm, 425 mm) f\u00f6r att m\u00f6ta olika lagringsbehov.<\/p>\n\n\n\t\t<div class=\"alignwide is-mode-constrained is-gap-center wp-block-t2-simple-media-text   \">\n\t\t\t<div class=\"t2-simple-media-text__container\">\n\t\t\t\t<div class=\"t2-simple-media-text__image\"><img loading=\"lazy\" decoding=\"async\" width=\"768\" height=\"512\" src=\"https:\/\/www.elementlogic.net\/content\/uploads\/sites\/14\/\/2024\/09\/AS-Bins-330mm-top-768x512.jpg\" class=\"\" alt=\"\" style=\"--focalpoint: 50% 50%;\" srcset=\"https:\/\/www.elementlogic.net\/content\/uploads\/sites\/14\/2024\/09\/AS-Bins-330mm-top-768x512.jpg 768w, https:\/\/www.elementlogic.net\/content\/uploads\/sites\/14\/2024\/09\/AS-Bins-330mm-top-300x200.jpg 300w, https:\/\/www.elementlogic.net\/content\/uploads\/sites\/14\/2024\/09\/AS-Bins-330mm-top-1024x683.jpg 1024w, https:\/\/www.elementlogic.net\/content\/uploads\/sites\/14\/2024\/09\/AS-Bins-330mm-top-1536x1025.jpg 1536w, https:\/\/www.elementlogic.net\/content\/uploads\/sites\/14\/2024\/09\/AS-Bins-330mm-top.jpg 1920w\" sizes=\"(max-width: 768px) 100vw, 768px\" \/><\/div>\n\t\t\t\t<div class=\"t2-simple-media-text__content-container\">\n\t\t\t\t\t<div class=\"t2-simple-media-text__content\">\n\t\t\t\t\t\t<div class=\"t2-simple-media-text__content-inner\">\n\t\t\t\t\t\t\t\n\n<p>Den h\u00f6gsta \u00e4r kompatibel med B1- och R5+-robotar. Varje l\u00e5da kan delas med upp till 32 flyttbara avdelare f\u00f6r att h\u00e5lla flera produktkategorier.\u00a0<\/p>\n\n\n\n<p>L\u00e5dorna \u00e4r mycket h\u00e5llbara tack vare sin unika konstruktion och den varsamma hanteringen av robotarna. De kan lagra upp till 30 kg. I din l\u00f6sning kan du stapla 14, 16 eller 24 beh\u00e5llare ovanp\u00e5 varandra.\u00a0<\/p>\n\n\n\n<p>Varje l\u00e5da har en robust design, styrande detaljer och en unik ID f\u00f6r exakt lagerhantering. Dessa egenskaper s\u00e4kerst\u00e4ller l\u00e5ngvarig prestanda och full kontroll \u00f6ver lagret, vilket bevisas av l\u00e5dorna som fortfarande anv\u00e4nds sedan 2005 i det f\u00f6rsta AutoStore-lagret i v\u00e4rlden, installerat av Element Logic.<\/p>\n\n\n\t\t\t\t\t\t<\/div>\n\t\t\t\t\t<\/div>\n\t\t\t\t<\/div>\n\t\t\t<\/div>\n\t\t<\/div>\n\t\t\n\n\n<p><\/p>\n","protected":false},"excerpt":{"rendered":"","protected":false},"author":3,"featured_media":0,"parent":213,"menu_order":0,"comment_status":"closed","ping_status":"closed","template":"","meta":{"hreflang_relation":1865,"_el_cross_publish_source_blog_url":"","_el_cross_publish_source_blog_id":0,"_el_cross_publish_source_post_id":0,"_el_cross_publish_sync_state":"","exclude_from_search":false,"footnotes":""},"class_list":["post-181","page","type-page","status-publish","hentry"],"yoast_head":"<!-- This site is optimized with the Yoast SEO Premium plugin v23.9 (Yoast SEO v23.9) - https:\/\/yoast.com\/wordpress\/plugins\/seo\/ -->\n<title>L\u00e5dor - Element Logic Sweden<\/title>\n<meta name=\"description\" content=\"L\u00e5dorna i AutoStore har en robust design, styrande detaljer och en unik ID f\u00f6r exakt lagerhantering, f\u00f6r l\u00e5ngvarig prestanda och full kontroll\" \/>\n<meta name=\"robots\" content=\"index, follow, max-snippet:-1, max-image-preview:large, max-video-preview:-1\" \/>\n<link rel=\"canonical\" href=\"https:\/\/www.elementlogic.net\/se\/losningar-och-tjanster\/asrs\/autostore\/lador\/\" \/>\n<meta property=\"og:locale\" content=\"sv_SE\" \/>\n<meta property=\"og:type\" content=\"article\" \/>\n<meta property=\"og:title\" content=\"L\u00e5dor\" \/>\n<meta property=\"og:description\" content=\"L\u00e5dorna i AutoStore har en robust design, styrande detaljer och en unik ID f\u00f6r exakt lagerhantering, f\u00f6r l\u00e5ngvarig prestanda och full kontroll\" \/>\n<meta property=\"og:url\" content=\"https:\/\/www.elementlogic.net\/se\/losningar-och-tjanster\/asrs\/autostore\/lador\/\" \/>\n<meta property=\"og:site_name\" content=\"Element Logic Sweden\" \/>\n<meta property=\"article:modified_time\" content=\"2024-12-05T14:32:27+00:00\" \/>\n<meta name=\"twitter:card\" content=\"summary_large_image\" \/>\n<meta name=\"twitter:label1\" content=\"Ber\u00e4knad l\u00e4stid\" \/>\n\t<meta name=\"twitter:data1\" content=\"1 minut\" \/>\n<script type=\"application\/ld+json\" class=\"yoast-schema-graph\">{\"@context\":\"https:\/\/schema.org\",\"@graph\":[{\"@type\":\"WebPage\",\"@id\":\"https:\/\/www.elementlogic.net\/se\/losningar-och-tjanster\/asrs\/autostore\/lador\/\",\"url\":\"https:\/\/www.elementlogic.net\/se\/losningar-och-tjanster\/asrs\/autostore\/lador\/\",\"name\":\"L\u00e5dor - Element Logic Sweden\",\"isPartOf\":{\"@id\":\"https:\/\/www.elementlogic.net\/se\/#website\"},\"datePublished\":\"2024-09-03T13:26:40+00:00\",\"dateModified\":\"2024-12-05T14:32:27+00:00\",\"description\":\"L\u00e5dorna i AutoStore har en robust design, styrande detaljer och en unik ID f\u00f6r exakt lagerhantering, f\u00f6r l\u00e5ngvarig prestanda och full kontroll\",\"breadcrumb\":{\"@id\":\"https:\/\/www.elementlogic.net\/se\/losningar-och-tjanster\/asrs\/autostore\/lador\/#breadcrumb\"},\"inLanguage\":\"sv-SE\",\"potentialAction\":[{\"@type\":\"ReadAction\",\"target\":[\"https:\/\/www.elementlogic.net\/se\/losningar-och-tjanster\/asrs\/autostore\/lador\/\"]}]},{\"@type\":\"BreadcrumbList\",\"@id\":\"https:\/\/www.elementlogic.net\/se\/losningar-och-tjanster\/asrs\/autostore\/lador\/#breadcrumb\",\"itemListElement\":[{\"@type\":\"ListItem\",\"position\":1,\"name\":\"L\u00f6sningar och tj\u00e4nster\",\"item\":\"https:\/\/www.elementlogic.net\/se\/losningar-och-tjanster\/\"},{\"@type\":\"ListItem\",\"position\":2,\"name\":\"ASRS\",\"item\":\"https:\/\/www.elementlogic.net\/se\/losningar-och-tjanster\/asrs\/\"},{\"@type\":\"ListItem\",\"position\":3,\"name\":\"AutoStore\",\"item\":\"https:\/\/www.elementlogic.net\/se\/losningar-och-tjanster\/asrs\/autostore\/\"},{\"@type\":\"ListItem\",\"position\":4,\"name\":\"L\u00e5dor\"}]},{\"@type\":\"WebSite\",\"@id\":\"https:\/\/www.elementlogic.net\/se\/#website\",\"url\":\"https:\/\/www.elementlogic.net\/se\/\",\"name\":\"Element Logic Sweden\",\"description\":\"\",\"potentialAction\":[{\"@type\":\"SearchAction\",\"target\":{\"@type\":\"EntryPoint\",\"urlTemplate\":\"https:\/\/www.elementlogic.net\/se\/?s={search_term_string}\"},\"query-input\":{\"@type\":\"PropertyValueSpecification\",\"valueRequired\":true,\"valueName\":\"search_term_string\"}}],\"inLanguage\":\"sv-SE\"}]}<\/script>\n<!-- \/ Yoast SEO Premium plugin. -->","yoast_head_json":{"title":"L\u00e5dor - Element Logic Sweden","description":"L\u00e5dorna i AutoStore har en robust design, styrande detaljer och en unik ID f\u00f6r exakt lagerhantering, f\u00f6r l\u00e5ngvarig prestanda och full kontroll","robots":{"index":"index","follow":"follow","max-snippet":"max-snippet:-1","max-image-preview":"max-image-preview:large","max-video-preview":"max-video-preview:-1"},"canonical":"https:\/\/www.elementlogic.net\/se\/losningar-och-tjanster\/asrs\/autostore\/lador\/","og_locale":"sv_SE","og_type":"article","og_title":"L\u00e5dor","og_description":"L\u00e5dorna i AutoStore har en robust design, styrande detaljer och en unik ID f\u00f6r exakt lagerhantering, f\u00f6r l\u00e5ngvarig prestanda och full kontroll","og_url":"https:\/\/www.elementlogic.net\/se\/losningar-och-tjanster\/asrs\/autostore\/lador\/","og_site_name":"Element Logic Sweden","article_modified_time":"2024-12-05T14:32:27+00:00","twitter_card":"summary_large_image","twitter_misc":{"Ber\u00e4knad l\u00e4stid":"1 minut"},"schema":{"@context":"https:\/\/schema.org","@graph":[{"@type":"WebPage","@id":"https:\/\/www.elementlogic.net\/se\/losningar-och-tjanster\/asrs\/autostore\/lador\/","url":"https:\/\/www.elementlogic.net\/se\/losningar-och-tjanster\/asrs\/autostore\/lador\/","name":"L\u00e5dor - Element Logic Sweden","isPartOf":{"@id":"https:\/\/www.elementlogic.net\/se\/#website"},"datePublished":"2024-09-03T13:26:40+00:00","dateModified":"2024-12-05T14:32:27+00:00","description":"L\u00e5dorna i AutoStore har en robust design, styrande detaljer och en unik ID f\u00f6r exakt lagerhantering, f\u00f6r l\u00e5ngvarig prestanda och full kontroll","breadcrumb":{"@id":"https:\/\/www.elementlogic.net\/se\/losningar-och-tjanster\/asrs\/autostore\/lador\/#breadcrumb"},"inLanguage":"sv-SE","potentialAction":[{"@type":"ReadAction","target":["https:\/\/www.elementlogic.net\/se\/losningar-och-tjanster\/asrs\/autostore\/lador\/"]}]},{"@type":"BreadcrumbList","@id":"https:\/\/www.elementlogic.net\/se\/losningar-och-tjanster\/asrs\/autostore\/lador\/#breadcrumb","itemListElement":[{"@type":"ListItem","position":1,"name":"L\u00f6sningar och tj\u00e4nster","item":"https:\/\/www.elementlogic.net\/se\/losningar-och-tjanster\/"},{"@type":"ListItem","position":2,"name":"ASRS","item":"https:\/\/www.elementlogic.net\/se\/losningar-och-tjanster\/asrs\/"},{"@type":"ListItem","position":3,"name":"AutoStore","item":"https:\/\/www.elementlogic.net\/se\/losningar-och-tjanster\/asrs\/autostore\/"},{"@type":"ListItem","position":4,"name":"L\u00e5dor"}]},{"@type":"WebSite","@id":"https:\/\/www.elementlogic.net\/se\/#website","url":"https:\/\/www.elementlogic.net\/se\/","name":"Element Logic Sweden","description":"","potentialAction":[{"@type":"SearchAction","target":{"@type":"EntryPoint","urlTemplate":"https:\/\/www.elementlogic.net\/se\/?s={search_term_string}"},"query-input":{"@type":"PropertyValueSpecification","valueRequired":true,"valueName":"search_term_string"}}],"inLanguage":"sv-SE"}]}},"_links":{"self":[{"href":"https:\/\/www.elementlogic.net\/se\/wp-json\/wp\/v2\/pages\/181"}],"collection":[{"href":"https:\/\/www.elementlogic.net\/se\/wp-json\/wp\/v2\/pages"}],"about":[{"href":"https:\/\/www.elementlogic.net\/se\/wp-json\/wp\/v2\/types\/page"}],"author":[{"embeddable":true,"href":"https:\/\/www.elementlogic.net\/se\/wp-json\/wp\/v2\/users\/3"}],"replies":[{"embeddable":true,"href":"https:\/\/www.elementlogic.net\/se\/wp-json\/wp\/v2\/comments?post=181"}],"version-history":[{"count":4,"href":"https:\/\/www.elementlogic.net\/se\/wp-json\/wp\/v2\/pages\/181\/revisions"}],"predecessor-version":[{"id":2366,"href":"https:\/\/www.elementlogic.net\/se\/wp-json\/wp\/v2\/pages\/181\/revisions\/2366"}],"up":[{"embeddable":true,"href":"https:\/\/www.elementlogic.net\/se\/wp-json\/wp\/v2\/pages\/213"}],"wp:attachment":[{"href":"https:\/\/www.elementlogic.net\/se\/wp-json\/wp\/v2\/media?parent=181"}],"curies":[{"name":"wp","href":"https:\/\/api.w.org\/{rel}","templated":true}]}}