{"id":183,"date":"2024-09-03T15:23:35","date_gmt":"2024-09-03T13:23:35","guid":{"rendered":"https:\/\/www.elementlogic.net\/?page_id=1863"},"modified":"2024-12-05T14:32:48","modified_gmt":"2024-12-05T14:32:48","slug":"mjukvara","status":"publish","type":"page","link":"https:\/\/www.elementlogic.net\/se\/losningar-och-tjanster\/asrs\/autostore\/mjukvara\/","title":{"rendered":"Mjukvara"},"content":{"rendered":"<p class=\"t2-ingress wp-block-t2-ingress\">eManager, Element Logics egenutvecklade programvara f\u00f6r AutoStore, maximerar lagereffektiviteten genom att dynamiskt integrera med ERP- eller WMS-system, optimera arbetsbelastningen, hantera lager och skapa uppgifter f\u00f6r s\u00f6ml\u00f6s orderuppfyllnad.<\/p>\n\n\n\t\t<div class=\"alignwide is-mode-constrained is-gap-center wp-block-t2-simple-media-text   \">\n\t\t\t<div class=\"t2-simple-media-text__container\">\n\t\t\t\t<div class=\"t2-simple-media-text__image\"><img loading=\"lazy\" decoding=\"async\" width=\"768\" height=\"512\" src=\"https:\/\/www.elementlogic.net\/content\/uploads\/sites\/14\/\/2024\/09\/EL_eLogiq_-2-1024x683-1-768x512.jpg\" class=\"\" alt=\"Kvinna arbetar framf\u00f6r dator\" style=\"--focalpoint: 52% 45%;\" srcset=\"https:\/\/www.elementlogic.net\/content\/uploads\/sites\/14\/2024\/09\/EL_eLogiq_-2-1024x683-1-768x512.jpg 768w, https:\/\/www.elementlogic.net\/content\/uploads\/sites\/14\/2024\/09\/EL_eLogiq_-2-1024x683-1-300x200.jpg 300w, https:\/\/www.elementlogic.net\/content\/uploads\/sites\/14\/2024\/09\/EL_eLogiq_-2-1024x683-1.jpg 1024w\" sizes=\"(max-width: 768px) 100vw, 768px\" \/><\/div>\n\t\t\t\t<div class=\"t2-simple-media-text__content-container\">\n\t\t\t\t\t<div class=\"t2-simple-media-text__content\">\n\t\t\t\t\t\t<div class=\"t2-simple-media-text__content-inner\">\n\t\t\t\t\t\t\t\n\n<p>Den erbjuder bepr\u00f6vade moduler f\u00f6r vanliga branschaktiviteter och kan fullt ut integreras med befintliga system. <a href=\"https:\/\/www.elementlogic.net\/se\/losningar-och-tjanster\/mjukvara\/emanager\/\">eManager<\/a> tillhandah\u00e5ller omfattande information f\u00f6r operativ optimering och f\u00f6rberedelse f\u00f6r tillv\u00e4xt, st\u00f6dd av anv\u00e4ndarv\u00e4nliga gr\u00e4nssnitt och AutoStore-assistans.<\/p>\n\n\n\n<p>L\u00e4s mer om v\u00e5ra <a href=\"https:\/\/www.elementlogic.net\/se\/losningar-och-tjanster\/\">programvarul\u00f6sningar.<\/a>\u00a0<\/p>\n\n\n\t\t\t\t\t\t<\/div>\n\t\t\t\t\t<\/div>\n\t\t\t\t<\/div>\n\t\t\t<\/div>\n\t\t<\/div>\n\t\t\n\n\n<p><\/p>\n","protected":false},"excerpt":{"rendered":"","protected":false},"author":3,"featured_media":0,"parent":213,"menu_order":0,"comment_status":"closed","ping_status":"closed","template":"","meta":{"hreflang_relation":1480,"_el_cross_publish_source_blog_url":"","_el_cross_publish_source_blog_id":0,"_el_cross_publish_source_post_id":0,"_el_cross_publish_sync_state":"","exclude_from_search":false,"footnotes":""},"class_list":["post-183","page","type-page","status-publish","hentry"],"yoast_head":"<!-- This site is optimized with the Yoast SEO Premium plugin v23.9 (Yoast SEO v23.9) - https:\/\/yoast.com\/wordpress\/plugins\/seo\/ -->\n<title>Mjukvara - Element Logic Sweden<\/title>\n<meta name=\"description\" content=\"eManager, Element Logics egenutvecklade programvara f\u00f6r AutoStore, maximerar lagereffektiviteten genom att integrera med ERP- eller WMS-system\" \/>\n<meta name=\"robots\" content=\"index, follow, max-snippet:-1, max-image-preview:large, max-video-preview:-1\" \/>\n<link rel=\"canonical\" href=\"https:\/\/www.elementlogic.net\/se\/losningar-och-tjanster\/asrs\/autostore\/mjukvara\/\" \/>\n<meta property=\"og:locale\" content=\"sv_SE\" \/>\n<meta property=\"og:type\" content=\"article\" \/>\n<meta property=\"og:title\" content=\"Mjukvara\" \/>\n<meta property=\"og:description\" content=\"eManager, Element Logics egenutvecklade programvara f\u00f6r AutoStore, maximerar lagereffektiviteten genom att integrera med ERP- eller WMS-system\" \/>\n<meta property=\"og:url\" content=\"https:\/\/www.elementlogic.net\/se\/losningar-och-tjanster\/asrs\/autostore\/mjukvara\/\" \/>\n<meta property=\"og:site_name\" content=\"Element Logic Sweden\" \/>\n<meta property=\"article:modified_time\" content=\"2024-12-05T14:32:48+00:00\" \/>\n<meta name=\"twitter:card\" content=\"summary_large_image\" \/>\n<meta name=\"twitter:label1\" content=\"Ber\u00e4knad l\u00e4stid\" \/>\n\t<meta name=\"twitter:data1\" content=\"1 minut\" \/>\n<script type=\"application\/ld+json\" class=\"yoast-schema-graph\">{\"@context\":\"https:\/\/schema.org\",\"@graph\":[{\"@type\":\"WebPage\",\"@id\":\"https:\/\/www.elementlogic.net\/se\/losningar-och-tjanster\/asrs\/autostore\/mjukvara\/\",\"url\":\"https:\/\/www.elementlogic.net\/se\/losningar-och-tjanster\/asrs\/autostore\/mjukvara\/\",\"name\":\"Mjukvara - Element Logic Sweden\",\"isPartOf\":{\"@id\":\"https:\/\/www.elementlogic.net\/se\/#website\"},\"datePublished\":\"2024-09-03T13:23:35+00:00\",\"dateModified\":\"2024-12-05T14:32:48+00:00\",\"description\":\"eManager, Element Logics egenutvecklade programvara f\u00f6r AutoStore, maximerar lagereffektiviteten genom att integrera med ERP- eller WMS-system\",\"breadcrumb\":{\"@id\":\"https:\/\/www.elementlogic.net\/se\/losningar-och-tjanster\/asrs\/autostore\/mjukvara\/#breadcrumb\"},\"inLanguage\":\"sv-SE\",\"potentialAction\":[{\"@type\":\"ReadAction\",\"target\":[\"https:\/\/www.elementlogic.net\/se\/losningar-och-tjanster\/asrs\/autostore\/mjukvara\/\"]}]},{\"@type\":\"BreadcrumbList\",\"@id\":\"https:\/\/www.elementlogic.net\/se\/losningar-och-tjanster\/asrs\/autostore\/mjukvara\/#breadcrumb\",\"itemListElement\":[{\"@type\":\"ListItem\",\"position\":1,\"name\":\"L\u00f6sningar och tj\u00e4nster\",\"item\":\"https:\/\/www.elementlogic.net\/se\/losningar-och-tjanster\/\"},{\"@type\":\"ListItem\",\"position\":2,\"name\":\"ASRS\",\"item\":\"https:\/\/www.elementlogic.net\/se\/losningar-och-tjanster\/asrs\/\"},{\"@type\":\"ListItem\",\"position\":3,\"name\":\"AutoStore\",\"item\":\"https:\/\/www.elementlogic.net\/se\/losningar-och-tjanster\/asrs\/autostore\/\"},{\"@type\":\"ListItem\",\"position\":4,\"name\":\"Mjukvara\"}]},{\"@type\":\"WebSite\",\"@id\":\"https:\/\/www.elementlogic.net\/se\/#website\",\"url\":\"https:\/\/www.elementlogic.net\/se\/\",\"name\":\"Element Logic Sweden\",\"description\":\"\",\"potentialAction\":[{\"@type\":\"SearchAction\",\"target\":{\"@type\":\"EntryPoint\",\"urlTemplate\":\"https:\/\/www.elementlogic.net\/se\/?s={search_term_string}\"},\"query-input\":{\"@type\":\"PropertyValueSpecification\",\"valueRequired\":true,\"valueName\":\"search_term_string\"}}],\"inLanguage\":\"sv-SE\"}]}<\/script>\n<!-- \/ Yoast SEO Premium plugin. -->","yoast_head_json":{"title":"Mjukvara - Element Logic Sweden","description":"eManager, Element Logics egenutvecklade programvara f\u00f6r AutoStore, maximerar lagereffektiviteten genom att integrera med ERP- eller WMS-system","robots":{"index":"index","follow":"follow","max-snippet":"max-snippet:-1","max-image-preview":"max-image-preview:large","max-video-preview":"max-video-preview:-1"},"canonical":"https:\/\/www.elementlogic.net\/se\/losningar-och-tjanster\/asrs\/autostore\/mjukvara\/","og_locale":"sv_SE","og_type":"article","og_title":"Mjukvara","og_description":"eManager, Element Logics egenutvecklade programvara f\u00f6r AutoStore, maximerar lagereffektiviteten genom att integrera med ERP- eller WMS-system","og_url":"https:\/\/www.elementlogic.net\/se\/losningar-och-tjanster\/asrs\/autostore\/mjukvara\/","og_site_name":"Element Logic Sweden","article_modified_time":"2024-12-05T14:32:48+00:00","twitter_card":"summary_large_image","twitter_misc":{"Ber\u00e4knad l\u00e4stid":"1 minut"},"schema":{"@context":"https:\/\/schema.org","@graph":[{"@type":"WebPage","@id":"https:\/\/www.elementlogic.net\/se\/losningar-och-tjanster\/asrs\/autostore\/mjukvara\/","url":"https:\/\/www.elementlogic.net\/se\/losningar-och-tjanster\/asrs\/autostore\/mjukvara\/","name":"Mjukvara - Element Logic Sweden","isPartOf":{"@id":"https:\/\/www.elementlogic.net\/se\/#website"},"datePublished":"2024-09-03T13:23:35+00:00","dateModified":"2024-12-05T14:32:48+00:00","description":"eManager, Element Logics egenutvecklade programvara f\u00f6r AutoStore, maximerar lagereffektiviteten genom att integrera med ERP- eller WMS-system","breadcrumb":{"@id":"https:\/\/www.elementlogic.net\/se\/losningar-och-tjanster\/asrs\/autostore\/mjukvara\/#breadcrumb"},"inLanguage":"sv-SE","potentialAction":[{"@type":"ReadAction","target":["https:\/\/www.elementlogic.net\/se\/losningar-och-tjanster\/asrs\/autostore\/mjukvara\/"]}]},{"@type":"BreadcrumbList","@id":"https:\/\/www.elementlogic.net\/se\/losningar-och-tjanster\/asrs\/autostore\/mjukvara\/#breadcrumb","itemListElement":[{"@type":"ListItem","position":1,"name":"L\u00f6sningar och tj\u00e4nster","item":"https:\/\/www.elementlogic.net\/se\/losningar-och-tjanster\/"},{"@type":"ListItem","position":2,"name":"ASRS","item":"https:\/\/www.elementlogic.net\/se\/losningar-och-tjanster\/asrs\/"},{"@type":"ListItem","position":3,"name":"AutoStore","item":"https:\/\/www.elementlogic.net\/se\/losningar-och-tjanster\/asrs\/autostore\/"},{"@type":"ListItem","position":4,"name":"Mjukvara"}]},{"@type":"WebSite","@id":"https:\/\/www.elementlogic.net\/se\/#website","url":"https:\/\/www.elementlogic.net\/se\/","name":"Element Logic Sweden","description":"","potentialAction":[{"@type":"SearchAction","target":{"@type":"EntryPoint","urlTemplate":"https:\/\/www.elementlogic.net\/se\/?s={search_term_string}"},"query-input":{"@type":"PropertyValueSpecification","valueRequired":true,"valueName":"search_term_string"}}],"inLanguage":"sv-SE"}]}},"_links":{"self":[{"href":"https:\/\/www.elementlogic.net\/se\/wp-json\/wp\/v2\/pages\/183"}],"collection":[{"href":"https:\/\/www.elementlogic.net\/se\/wp-json\/wp\/v2\/pages"}],"about":[{"href":"https:\/\/www.elementlogic.net\/se\/wp-json\/wp\/v2\/types\/page"}],"author":[{"embeddable":true,"href":"https:\/\/www.elementlogic.net\/se\/wp-json\/wp\/v2\/users\/3"}],"replies":[{"embeddable":true,"href":"https:\/\/www.elementlogic.net\/se\/wp-json\/wp\/v2\/comments?post=183"}],"version-history":[{"count":5,"href":"https:\/\/www.elementlogic.net\/se\/wp-json\/wp\/v2\/pages\/183\/revisions"}],"predecessor-version":[{"id":2367,"href":"https:\/\/www.elementlogic.net\/se\/wp-json\/wp\/v2\/pages\/183\/revisions\/2367"}],"up":[{"embeddable":true,"href":"https:\/\/www.elementlogic.net\/se\/wp-json\/wp\/v2\/pages\/213"}],"wp:attachment":[{"href":"https:\/\/www.elementlogic.net\/se\/wp-json\/wp\/v2\/media?parent=183"}],"curies":[{"name":"wp","href":"https:\/\/api.w.org\/{rel}","templated":true}]}}