{"id":184,"date":"2024-09-03T15:21:01","date_gmt":"2024-09-03T13:21:01","guid":{"rendered":"https:\/\/www.elementlogic.net\/?page_id=1856"},"modified":"2024-12-05T14:33:39","modified_gmt":"2024-12-05T14:33:39","slug":"portar","status":"publish","type":"page","link":"https:\/\/www.elementlogic.net\/se\/losningar-och-tjanster\/asrs\/autostore\/portar\/","title":{"rendered":"Portar"},"content":{"rendered":"<p class=\"t2-ingress wp-block-t2-ingress\">AutoStores arbetsstationer \u00e4r d\u00e4r robotarna levererar varor och st\u00f6der olika arbetsuppgifter, inklusive orderhantering och lagerinspektion.<\/p>\n\n\n\t\t<div class=\"alignwide is-mode-constrained is-gap-center wp-block-t2-simple-media-text   \">\n\t\t\t<div class=\"t2-simple-media-text__container\">\n\t\t\t\t<div class=\"t2-simple-media-text__image\"><video muted autoplay loop style=\"--focalpoint: 100% 100%;\"><source src=\"https:\/\/www.elementlogic.net\/content\/uploads\/sites\/14\/\/2024\/09\/port-f6.mp4\" type=\"video\/mp4\" \/><\/video><\/div>\n\t\t\t\t<div class=\"t2-simple-media-text__content-container\">\n\t\t\t\t\t<div class=\"t2-simple-media-text__content\">\n\t\t\t\t\t\t<div class=\"t2-simple-media-text__content-inner\">\n\t\t\t\t\t\t\t\n\n<p>Systemet erbjuder sju portmoduler som \u00e4r anpassade till olika behov:<\/p>\n\n\n\t\t\t\t\t\t<\/div>\n\t\t\t\t\t<\/div>\n\t\t\t\t<\/div>\n\t\t\t<\/div>\n\t\t<\/div>\n\t\t\n\n\n<ol class=\"wp-block-list\" start=\"1\">\n<li><strong>Conveyor port<\/strong>: Effektiv f\u00f6r inleveransoperationer med en 6-7 sekunders utbytescykel f\u00f6r l\u00e5dor. Den mest anv\u00e4nda porten i AutoStore-installationer.\u00a0<br>\u00a0<\/li>\n<\/ol>\n\n\n\n<ol class=\"wp-block-list\" start=\"2\">\n<li><strong>Carousel port<\/strong>: Idealisk f\u00f6r plock-och-pack-uppgifter med h\u00f6g hastighet och en trearmad utbytesmekanism.\u00a0<br>\u00a0<\/li>\n<\/ol>\n\n\n\n<ol class=\"wp-block-list\" start=\"3\">\n<li><strong>Swing port<\/strong>: L\u00e4mplig f\u00f6r flerniv\u00e5installationer med en intern beh\u00e5llarlyft.<br>\u00a0<\/li>\n<\/ol>\n\n\n\n<ol class=\"wp-block-list\" start=\"4\">\n<li><strong>Relay port<\/strong>: Den snabbaste arbetsstationen f\u00f6r snabba plock-och-pass-uppgifter.<br>\u00a0<\/li>\n<\/ol>\n\n\n\n<ol class=\"wp-block-list\" start=\"5\">\n<li><strong>Pick-up port<\/strong>: M\u00f6jligg\u00f6r kontaktl\u00f6s upph\u00e4mtning i butik av onlinebest\u00e4llningar direkt fr\u00e5n AutoStore-systemet, vilket \u00f6kar bekv\u00e4mligheten och fr\u00e4mjar butikstrafik och f\u00f6rs\u00e4ljning.<br>\u00a0<\/li>\n<\/ol>\n\n\n\n<ol class=\"wp-block-list\" start=\"6\">\n<li><strong>FusionPort:<\/strong> F\u00f6rb\u00e4ttrar arbetseffektiviteten och komforten med ergonomiska beh\u00e5llar\u00f6ppningar, s\u00e4kerhetsluckor, dubbla beh\u00e5llarvisningar och visuella plockhj\u00e4lpmedel, och kan hantera upp till 550 l\u00e5dor per timme.<br>\u00a0<\/li>\n<\/ol>\n\n\n\n<ol class=\"wp-block-list\" start=\"7\">\n<li><strong>FusionPort Staging:<\/strong> Effektiviserar orderplockning och f\u00f6rberedelse inom AutoStore-rutn\u00e4tet med pick-to-light v\u00e4gledning och ergonomisk design.\u00a0<\/li>\n<\/ol>\n\n\n\n<p>Varje port s\u00e4kerst\u00e4ller effektiv och flexibel hantering av lageruppgifter.<\/p>\n","protected":false},"excerpt":{"rendered":"<p>Varje port s\u00e4kerst\u00e4ller effektiv och flexibel hantering av lageruppgifter.<\/p>\n","protected":false},"author":3,"featured_media":75,"parent":213,"menu_order":0,"comment_status":"closed","ping_status":"closed","template":"","meta":{"hreflang_relation":1856,"_el_cross_publish_source_blog_url":"","_el_cross_publish_source_blog_id":0,"_el_cross_publish_source_post_id":0,"_el_cross_publish_sync_state":"","exclude_from_search":false,"footnotes":""},"class_list":["post-184","page","type-page","status-publish","has-post-thumbnail","hentry"],"yoast_head":"<!-- This site is optimized with the Yoast SEO Premium plugin v23.9 (Yoast SEO v23.9) - https:\/\/yoast.com\/wordpress\/plugins\/seo\/ -->\n<title>Portar - Element Logic Sweden<\/title>\n<meta name=\"description\" content=\"AutoStores arbetsstationer \u00e4r d\u00e4r robotarna levererar varor och st\u00f6der olika arbetsuppgifter, inklusive orderhantering och lagerinspektion.\" \/>\n<meta name=\"robots\" content=\"index, follow, max-snippet:-1, max-image-preview:large, max-video-preview:-1\" \/>\n<link rel=\"canonical\" href=\"https:\/\/www.elementlogic.net\/se\/losningar-och-tjanster\/asrs\/autostore\/portar\/\" \/>\n<meta property=\"og:locale\" content=\"sv_SE\" \/>\n<meta property=\"og:type\" content=\"article\" \/>\n<meta property=\"og:title\" content=\"Portar\" \/>\n<meta property=\"og:description\" content=\"AutoStores arbetsstationer \u00e4r d\u00e4r robotarna levererar varor och st\u00f6der olika arbetsuppgifter, inklusive orderhantering och lagerinspektion.\" \/>\n<meta property=\"og:url\" content=\"https:\/\/www.elementlogic.net\/se\/losningar-och-tjanster\/asrs\/autostore\/portar\/\" \/>\n<meta property=\"og:site_name\" content=\"Element Logic Sweden\" \/>\n<meta property=\"article:modified_time\" content=\"2024-12-05T14:33:39+00:00\" \/>\n<meta property=\"og:image\" content=\"https:\/\/www.elementlogic.net\/content\/uploads\/sites\/14\/\/2024\/09\/Carousel_Port.jpg\" \/>\n\t<meta property=\"og:image:width\" content=\"1500\" \/>\n\t<meta property=\"og:image:height\" content=\"1100\" \/>\n\t<meta property=\"og:image:type\" content=\"image\/jpeg\" \/>\n<meta name=\"twitter:card\" content=\"summary_large_image\" \/>\n<meta name=\"twitter:label1\" content=\"Ber\u00e4knad l\u00e4stid\" \/>\n\t<meta name=\"twitter:data1\" content=\"1 minut\" \/>\n<script type=\"application\/ld+json\" class=\"yoast-schema-graph\">{\"@context\":\"https:\/\/schema.org\",\"@graph\":[{\"@type\":\"WebPage\",\"@id\":\"https:\/\/www.elementlogic.net\/se\/losningar-och-tjanster\/asrs\/autostore\/portar\/\",\"url\":\"https:\/\/www.elementlogic.net\/se\/losningar-och-tjanster\/asrs\/autostore\/portar\/\",\"name\":\"Portar - Element Logic Sweden\",\"isPartOf\":{\"@id\":\"https:\/\/www.elementlogic.net\/se\/#website\"},\"primaryImageOfPage\":{\"@id\":\"https:\/\/www.elementlogic.net\/se\/losningar-och-tjanster\/asrs\/autostore\/portar\/#primaryimage\"},\"image\":{\"@id\":\"https:\/\/www.elementlogic.net\/se\/losningar-och-tjanster\/asrs\/autostore\/portar\/#primaryimage\"},\"thumbnailUrl\":\"https:\/\/www.elementlogic.net\/content\/uploads\/sites\/14\/\/2024\/09\/Carousel_Port.jpg\",\"datePublished\":\"2024-09-03T13:21:01+00:00\",\"dateModified\":\"2024-12-05T14:33:39+00:00\",\"description\":\"AutoStores arbetsstationer \u00e4r d\u00e4r robotarna levererar varor och st\u00f6der olika arbetsuppgifter, inklusive orderhantering och lagerinspektion.\",\"breadcrumb\":{\"@id\":\"https:\/\/www.elementlogic.net\/se\/losningar-och-tjanster\/asrs\/autostore\/portar\/#breadcrumb\"},\"inLanguage\":\"sv-SE\",\"potentialAction\":[{\"@type\":\"ReadAction\",\"target\":[\"https:\/\/www.elementlogic.net\/se\/losningar-och-tjanster\/asrs\/autostore\/portar\/\"]}]},{\"@type\":\"ImageObject\",\"inLanguage\":\"sv-SE\",\"@id\":\"https:\/\/www.elementlogic.net\/se\/losningar-och-tjanster\/asrs\/autostore\/portar\/#primaryimage\",\"url\":\"https:\/\/www.elementlogic.net\/content\/uploads\/sites\/14\/\/2024\/09\/Carousel_Port.jpg\",\"contentUrl\":\"https:\/\/www.elementlogic.net\/content\/uploads\/sites\/14\/\/2024\/09\/Carousel_Port.jpg\",\"width\":1500,\"height\":1100},{\"@type\":\"BreadcrumbList\",\"@id\":\"https:\/\/www.elementlogic.net\/se\/losningar-och-tjanster\/asrs\/autostore\/portar\/#breadcrumb\",\"itemListElement\":[{\"@type\":\"ListItem\",\"position\":1,\"name\":\"L\u00f6sningar och tj\u00e4nster\",\"item\":\"https:\/\/www.elementlogic.net\/se\/losningar-och-tjanster\/\"},{\"@type\":\"ListItem\",\"position\":2,\"name\":\"ASRS\",\"item\":\"https:\/\/www.elementlogic.net\/se\/losningar-och-tjanster\/asrs\/\"},{\"@type\":\"ListItem\",\"position\":3,\"name\":\"AutoStore\",\"item\":\"https:\/\/www.elementlogic.net\/se\/losningar-och-tjanster\/asrs\/autostore\/\"},{\"@type\":\"ListItem\",\"position\":4,\"name\":\"Portar\"}]},{\"@type\":\"WebSite\",\"@id\":\"https:\/\/www.elementlogic.net\/se\/#website\",\"url\":\"https:\/\/www.elementlogic.net\/se\/\",\"name\":\"Element Logic Sweden\",\"description\":\"\",\"potentialAction\":[{\"@type\":\"SearchAction\",\"target\":{\"@type\":\"EntryPoint\",\"urlTemplate\":\"https:\/\/www.elementlogic.net\/se\/?s={search_term_string}\"},\"query-input\":{\"@type\":\"PropertyValueSpecification\",\"valueRequired\":true,\"valueName\":\"search_term_string\"}}],\"inLanguage\":\"sv-SE\"}]}<\/script>\n<!-- \/ Yoast SEO Premium plugin. -->","yoast_head_json":{"title":"Portar - Element Logic Sweden","description":"AutoStores arbetsstationer \u00e4r d\u00e4r robotarna levererar varor och st\u00f6der olika arbetsuppgifter, inklusive orderhantering och lagerinspektion.","robots":{"index":"index","follow":"follow","max-snippet":"max-snippet:-1","max-image-preview":"max-image-preview:large","max-video-preview":"max-video-preview:-1"},"canonical":"https:\/\/www.elementlogic.net\/se\/losningar-och-tjanster\/asrs\/autostore\/portar\/","og_locale":"sv_SE","og_type":"article","og_title":"Portar","og_description":"AutoStores arbetsstationer \u00e4r d\u00e4r robotarna levererar varor och st\u00f6der olika arbetsuppgifter, inklusive orderhantering och lagerinspektion.","og_url":"https:\/\/www.elementlogic.net\/se\/losningar-och-tjanster\/asrs\/autostore\/portar\/","og_site_name":"Element Logic Sweden","article_modified_time":"2024-12-05T14:33:39+00:00","og_image":[{"width":1500,"height":1100,"url":"https:\/\/www.elementlogic.net\/content\/uploads\/sites\/14\/\/2024\/09\/Carousel_Port.jpg","type":"image\/jpeg"}],"twitter_card":"summary_large_image","twitter_misc":{"Ber\u00e4knad l\u00e4stid":"1 minut"},"schema":{"@context":"https:\/\/schema.org","@graph":[{"@type":"WebPage","@id":"https:\/\/www.elementlogic.net\/se\/losningar-och-tjanster\/asrs\/autostore\/portar\/","url":"https:\/\/www.elementlogic.net\/se\/losningar-och-tjanster\/asrs\/autostore\/portar\/","name":"Portar - Element Logic Sweden","isPartOf":{"@id":"https:\/\/www.elementlogic.net\/se\/#website"},"primaryImageOfPage":{"@id":"https:\/\/www.elementlogic.net\/se\/losningar-och-tjanster\/asrs\/autostore\/portar\/#primaryimage"},"image":{"@id":"https:\/\/www.elementlogic.net\/se\/losningar-och-tjanster\/asrs\/autostore\/portar\/#primaryimage"},"thumbnailUrl":"https:\/\/www.elementlogic.net\/content\/uploads\/sites\/14\/\/2024\/09\/Carousel_Port.jpg","datePublished":"2024-09-03T13:21:01+00:00","dateModified":"2024-12-05T14:33:39+00:00","description":"AutoStores arbetsstationer \u00e4r d\u00e4r robotarna levererar varor och st\u00f6der olika arbetsuppgifter, inklusive orderhantering och lagerinspektion.","breadcrumb":{"@id":"https:\/\/www.elementlogic.net\/se\/losningar-och-tjanster\/asrs\/autostore\/portar\/#breadcrumb"},"inLanguage":"sv-SE","potentialAction":[{"@type":"ReadAction","target":["https:\/\/www.elementlogic.net\/se\/losningar-och-tjanster\/asrs\/autostore\/portar\/"]}]},{"@type":"ImageObject","inLanguage":"sv-SE","@id":"https:\/\/www.elementlogic.net\/se\/losningar-och-tjanster\/asrs\/autostore\/portar\/#primaryimage","url":"https:\/\/www.elementlogic.net\/content\/uploads\/sites\/14\/\/2024\/09\/Carousel_Port.jpg","contentUrl":"https:\/\/www.elementlogic.net\/content\/uploads\/sites\/14\/\/2024\/09\/Carousel_Port.jpg","width":1500,"height":1100},{"@type":"BreadcrumbList","@id":"https:\/\/www.elementlogic.net\/se\/losningar-och-tjanster\/asrs\/autostore\/portar\/#breadcrumb","itemListElement":[{"@type":"ListItem","position":1,"name":"L\u00f6sningar och tj\u00e4nster","item":"https:\/\/www.elementlogic.net\/se\/losningar-och-tjanster\/"},{"@type":"ListItem","position":2,"name":"ASRS","item":"https:\/\/www.elementlogic.net\/se\/losningar-och-tjanster\/asrs\/"},{"@type":"ListItem","position":3,"name":"AutoStore","item":"https:\/\/www.elementlogic.net\/se\/losningar-och-tjanster\/asrs\/autostore\/"},{"@type":"ListItem","position":4,"name":"Portar"}]},{"@type":"WebSite","@id":"https:\/\/www.elementlogic.net\/se\/#website","url":"https:\/\/www.elementlogic.net\/se\/","name":"Element Logic Sweden","description":"","potentialAction":[{"@type":"SearchAction","target":{"@type":"EntryPoint","urlTemplate":"https:\/\/www.elementlogic.net\/se\/?s={search_term_string}"},"query-input":{"@type":"PropertyValueSpecification","valueRequired":true,"valueName":"search_term_string"}}],"inLanguage":"sv-SE"}]}},"_links":{"self":[{"href":"https:\/\/www.elementlogic.net\/se\/wp-json\/wp\/v2\/pages\/184"}],"collection":[{"href":"https:\/\/www.elementlogic.net\/se\/wp-json\/wp\/v2\/pages"}],"about":[{"href":"https:\/\/www.elementlogic.net\/se\/wp-json\/wp\/v2\/types\/page"}],"author":[{"embeddable":true,"href":"https:\/\/www.elementlogic.net\/se\/wp-json\/wp\/v2\/users\/3"}],"replies":[{"embeddable":true,"href":"https:\/\/www.elementlogic.net\/se\/wp-json\/wp\/v2\/comments?post=184"}],"version-history":[{"count":4,"href":"https:\/\/www.elementlogic.net\/se\/wp-json\/wp\/v2\/pages\/184\/revisions"}],"predecessor-version":[{"id":2368,"href":"https:\/\/www.elementlogic.net\/se\/wp-json\/wp\/v2\/pages\/184\/revisions\/2368"}],"up":[{"embeddable":true,"href":"https:\/\/www.elementlogic.net\/se\/wp-json\/wp\/v2\/pages\/213"}],"wp:featuredmedia":[{"embeddable":true,"href":"https:\/\/www.elementlogic.net\/se\/wp-json\/wp\/v2\/media\/75"}],"wp:attachment":[{"href":"https:\/\/www.elementlogic.net\/se\/wp-json\/wp\/v2\/media?parent=184"}],"curies":[{"name":"wp","href":"https:\/\/api.w.org\/{rel}","templated":true}]}}