{"id":189,"date":"2024-09-03T15:08:58","date_gmt":"2024-09-03T13:08:58","guid":{"rendered":"https:\/\/www.elementlogic.net\/?page_id=1845"},"modified":"2024-12-05T14:31:14","modified_gmt":"2024-12-05T14:31:14","slug":"controller","status":"publish","type":"page","link":"https:\/\/www.elementlogic.net\/se\/losningar-och-tjanster\/asrs\/autostore\/controller\/","title":{"rendered":"AutoStore Controller"},"content":{"rendered":"<p class=\"t2-ingress wp-block-t2-ingress\">AutoStore controller fungerar som den centrala kommandoplatsen.<\/p>\n\n\n\t\t<div class=\"alignwide is-mode-constrained is-gap-center wp-block-t2-simple-media-text   \">\n\t\t\t<div class=\"t2-simple-media-text__container\">\n\t\t\t\t<div class=\"t2-simple-media-text__image\"><img loading=\"lazy\" decoding=\"async\" width=\"768\" height=\"768\" src=\"https:\/\/www.elementlogic.net\/content\/uploads\/sites\/14\/\/2024\/09\/Controller1-768x768.jpg\" class=\"\" alt=\"\" style=\"--focalpoint: 50% 50%;\" srcset=\"https:\/\/www.elementlogic.net\/content\/uploads\/sites\/14\/2024\/09\/Controller1-768x768.jpg 768w, https:\/\/www.elementlogic.net\/content\/uploads\/sites\/14\/2024\/09\/Controller1-300x300.jpg 300w, https:\/\/www.elementlogic.net\/content\/uploads\/sites\/14\/2024\/09\/Controller1-1024x1024.jpg 1024w, https:\/\/www.elementlogic.net\/content\/uploads\/sites\/14\/2024\/09\/Controller1-150x150.jpg 150w, https:\/\/www.elementlogic.net\/content\/uploads\/sites\/14\/2024\/09\/Controller1-1536x1536.jpg 1536w, https:\/\/www.elementlogic.net\/content\/uploads\/sites\/14\/2024\/09\/Controller1.jpg 1920w\" sizes=\"(max-width: 768px) 100vw, 768px\" \/><\/div>\n\t\t\t\t<div class=\"t2-simple-media-text__content-container\">\n\t\t\t\t\t<div class=\"t2-simple-media-text__content\">\n\t\t\t\t\t\t<div class=\"t2-simple-media-text__content-inner\">\n\t\t\t\t\t\t\t\n\n<p>AutoStore Controller ansvarar f\u00f6r att sp\u00e5ra placeringen av l\u00e5dor, robotar och portar, samt hantera trafik och ruttplanering f\u00f6r de uppgifter som utf\u00f6rs av robotarna.<\/p>\n\n\n\n<p><\/p>\n\n\n\n<p><\/p>\n\n\n\n<p>Samtidigt hanterar <a href=\"https:\/\/www.elementlogic.net\/se\/losningar-och-tjanster\/mjukvara\/emanager\/\">eManager -programvaruplattformen<\/a> fr\u00e5n Element Logic, skr\u00e4ddarsydd f\u00f6r AutoStore, specifik produktinformation och aktivitet inom l\u00e5dorna.<\/p>\n\n\n\t\t\t\t\t\t<\/div>\n\t\t\t\t\t<\/div>\n\t\t\t\t<\/div>\n\t\t\t<\/div>\n\t\t<\/div>\n\t\t","protected":false},"excerpt":{"rendered":"","protected":false},"author":3,"featured_media":0,"parent":213,"menu_order":0,"comment_status":"closed","ping_status":"closed","template":"","meta":{"hreflang_relation":1845,"_el_cross_publish_source_blog_url":"","_el_cross_publish_source_blog_id":0,"_el_cross_publish_source_post_id":0,"_el_cross_publish_sync_state":"","exclude_from_search":false,"footnotes":""},"class_list":["post-189","page","type-page","status-publish","hentry"],"yoast_head":"<!-- This site is optimized with the Yoast SEO Premium plugin v23.9 (Yoast SEO v23.9) - https:\/\/yoast.com\/wordpress\/plugins\/seo\/ -->\n<title>AutoStore Controller - Element Logic Sweden<\/title>\n<meta name=\"description\" content=\"AutoStore Controller ansvarar f\u00f6r att sp\u00e5ra placering av l\u00e5dor, robotar och portar, samt hantera ruttplanering f\u00f6r robotarnas uppgifter.\" \/>\n<meta name=\"robots\" content=\"index, follow, max-snippet:-1, max-image-preview:large, max-video-preview:-1\" \/>\n<link rel=\"canonical\" href=\"https:\/\/www.elementlogic.net\/se\/losningar-och-tjanster\/asrs\/autostore\/controller\/\" \/>\n<meta property=\"og:locale\" content=\"sv_SE\" \/>\n<meta property=\"og:type\" content=\"article\" \/>\n<meta property=\"og:title\" content=\"AutoStore Controller\" \/>\n<meta property=\"og:description\" content=\"AutoStore Controller ansvarar f\u00f6r att sp\u00e5ra placering av l\u00e5dor, robotar och portar, samt hantera ruttplanering f\u00f6r robotarnas uppgifter.\" \/>\n<meta property=\"og:url\" content=\"https:\/\/www.elementlogic.net\/se\/losningar-och-tjanster\/asrs\/autostore\/controller\/\" \/>\n<meta property=\"og:site_name\" content=\"Element Logic Sweden\" \/>\n<meta property=\"article:modified_time\" content=\"2024-12-05T14:31:14+00:00\" \/>\n<meta name=\"twitter:card\" content=\"summary_large_image\" \/>\n<meta name=\"twitter:label1\" content=\"Ber\u00e4knad l\u00e4stid\" \/>\n\t<meta name=\"twitter:data1\" content=\"1 minut\" \/>\n<script type=\"application\/ld+json\" class=\"yoast-schema-graph\">{\"@context\":\"https:\/\/schema.org\",\"@graph\":[{\"@type\":\"WebPage\",\"@id\":\"https:\/\/www.elementlogic.net\/se\/losningar-och-tjanster\/asrs\/autostore\/controller\/\",\"url\":\"https:\/\/www.elementlogic.net\/se\/losningar-och-tjanster\/asrs\/autostore\/controller\/\",\"name\":\"AutoStore Controller - Element Logic Sweden\",\"isPartOf\":{\"@id\":\"https:\/\/www.elementlogic.net\/se\/#website\"},\"datePublished\":\"2024-09-03T13:08:58+00:00\",\"dateModified\":\"2024-12-05T14:31:14+00:00\",\"description\":\"AutoStore Controller ansvarar f\u00f6r att sp\u00e5ra placering av l\u00e5dor, robotar och portar, samt hantera ruttplanering f\u00f6r robotarnas uppgifter.\",\"breadcrumb\":{\"@id\":\"https:\/\/www.elementlogic.net\/se\/losningar-och-tjanster\/asrs\/autostore\/controller\/#breadcrumb\"},\"inLanguage\":\"sv-SE\",\"potentialAction\":[{\"@type\":\"ReadAction\",\"target\":[\"https:\/\/www.elementlogic.net\/se\/losningar-och-tjanster\/asrs\/autostore\/controller\/\"]}]},{\"@type\":\"BreadcrumbList\",\"@id\":\"https:\/\/www.elementlogic.net\/se\/losningar-och-tjanster\/asrs\/autostore\/controller\/#breadcrumb\",\"itemListElement\":[{\"@type\":\"ListItem\",\"position\":1,\"name\":\"L\u00f6sningar och tj\u00e4nster\",\"item\":\"https:\/\/www.elementlogic.net\/se\/losningar-och-tjanster\/\"},{\"@type\":\"ListItem\",\"position\":2,\"name\":\"ASRS\",\"item\":\"https:\/\/www.elementlogic.net\/se\/losningar-och-tjanster\/asrs\/\"},{\"@type\":\"ListItem\",\"position\":3,\"name\":\"AutoStore\",\"item\":\"https:\/\/www.elementlogic.net\/se\/losningar-och-tjanster\/asrs\/autostore\/\"},{\"@type\":\"ListItem\",\"position\":4,\"name\":\"AutoStore Controller\"}]},{\"@type\":\"WebSite\",\"@id\":\"https:\/\/www.elementlogic.net\/se\/#website\",\"url\":\"https:\/\/www.elementlogic.net\/se\/\",\"name\":\"Element Logic Sweden\",\"description\":\"\",\"potentialAction\":[{\"@type\":\"SearchAction\",\"target\":{\"@type\":\"EntryPoint\",\"urlTemplate\":\"https:\/\/www.elementlogic.net\/se\/?s={search_term_string}\"},\"query-input\":{\"@type\":\"PropertyValueSpecification\",\"valueRequired\":true,\"valueName\":\"search_term_string\"}}],\"inLanguage\":\"sv-SE\"}]}<\/script>\n<!-- \/ Yoast SEO Premium plugin. -->","yoast_head_json":{"title":"AutoStore Controller - Element Logic Sweden","description":"AutoStore Controller ansvarar f\u00f6r att sp\u00e5ra placering av l\u00e5dor, robotar och portar, samt hantera ruttplanering f\u00f6r robotarnas uppgifter.","robots":{"index":"index","follow":"follow","max-snippet":"max-snippet:-1","max-image-preview":"max-image-preview:large","max-video-preview":"max-video-preview:-1"},"canonical":"https:\/\/www.elementlogic.net\/se\/losningar-och-tjanster\/asrs\/autostore\/controller\/","og_locale":"sv_SE","og_type":"article","og_title":"AutoStore Controller","og_description":"AutoStore Controller ansvarar f\u00f6r att sp\u00e5ra placering av l\u00e5dor, robotar och portar, samt hantera ruttplanering f\u00f6r robotarnas uppgifter.","og_url":"https:\/\/www.elementlogic.net\/se\/losningar-och-tjanster\/asrs\/autostore\/controller\/","og_site_name":"Element Logic Sweden","article_modified_time":"2024-12-05T14:31:14+00:00","twitter_card":"summary_large_image","twitter_misc":{"Ber\u00e4knad l\u00e4stid":"1 minut"},"schema":{"@context":"https:\/\/schema.org","@graph":[{"@type":"WebPage","@id":"https:\/\/www.elementlogic.net\/se\/losningar-och-tjanster\/asrs\/autostore\/controller\/","url":"https:\/\/www.elementlogic.net\/se\/losningar-och-tjanster\/asrs\/autostore\/controller\/","name":"AutoStore Controller - Element Logic Sweden","isPartOf":{"@id":"https:\/\/www.elementlogic.net\/se\/#website"},"datePublished":"2024-09-03T13:08:58+00:00","dateModified":"2024-12-05T14:31:14+00:00","description":"AutoStore Controller ansvarar f\u00f6r att sp\u00e5ra placering av l\u00e5dor, robotar och portar, samt hantera ruttplanering f\u00f6r robotarnas uppgifter.","breadcrumb":{"@id":"https:\/\/www.elementlogic.net\/se\/losningar-och-tjanster\/asrs\/autostore\/controller\/#breadcrumb"},"inLanguage":"sv-SE","potentialAction":[{"@type":"ReadAction","target":["https:\/\/www.elementlogic.net\/se\/losningar-och-tjanster\/asrs\/autostore\/controller\/"]}]},{"@type":"BreadcrumbList","@id":"https:\/\/www.elementlogic.net\/se\/losningar-och-tjanster\/asrs\/autostore\/controller\/#breadcrumb","itemListElement":[{"@type":"ListItem","position":1,"name":"L\u00f6sningar och tj\u00e4nster","item":"https:\/\/www.elementlogic.net\/se\/losningar-och-tjanster\/"},{"@type":"ListItem","position":2,"name":"ASRS","item":"https:\/\/www.elementlogic.net\/se\/losningar-och-tjanster\/asrs\/"},{"@type":"ListItem","position":3,"name":"AutoStore","item":"https:\/\/www.elementlogic.net\/se\/losningar-och-tjanster\/asrs\/autostore\/"},{"@type":"ListItem","position":4,"name":"AutoStore Controller"}]},{"@type":"WebSite","@id":"https:\/\/www.elementlogic.net\/se\/#website","url":"https:\/\/www.elementlogic.net\/se\/","name":"Element Logic Sweden","description":"","potentialAction":[{"@type":"SearchAction","target":{"@type":"EntryPoint","urlTemplate":"https:\/\/www.elementlogic.net\/se\/?s={search_term_string}"},"query-input":{"@type":"PropertyValueSpecification","valueRequired":true,"valueName":"search_term_string"}}],"inLanguage":"sv-SE"}]}},"_links":{"self":[{"href":"https:\/\/www.elementlogic.net\/se\/wp-json\/wp\/v2\/pages\/189"}],"collection":[{"href":"https:\/\/www.elementlogic.net\/se\/wp-json\/wp\/v2\/pages"}],"about":[{"href":"https:\/\/www.elementlogic.net\/se\/wp-json\/wp\/v2\/types\/page"}],"author":[{"embeddable":true,"href":"https:\/\/www.elementlogic.net\/se\/wp-json\/wp\/v2\/users\/3"}],"replies":[{"embeddable":true,"href":"https:\/\/www.elementlogic.net\/se\/wp-json\/wp\/v2\/comments?post=189"}],"version-history":[{"count":5,"href":"https:\/\/www.elementlogic.net\/se\/wp-json\/wp\/v2\/pages\/189\/revisions"}],"predecessor-version":[{"id":2364,"href":"https:\/\/www.elementlogic.net\/se\/wp-json\/wp\/v2\/pages\/189\/revisions\/2364"}],"up":[{"embeddable":true,"href":"https:\/\/www.elementlogic.net\/se\/wp-json\/wp\/v2\/pages\/213"}],"wp:attachment":[{"href":"https:\/\/www.elementlogic.net\/se\/wp-json\/wp\/v2\/media?parent=189"}],"curies":[{"name":"wp","href":"https:\/\/api.w.org\/{rel}","templated":true}]}}