{"id":2827,"date":"2025-10-22T09:33:52","date_gmt":"2025-10-22T09:33:52","guid":{"rendered":"https:\/\/www.elementlogic.net\/europe\/?page_id=88"},"modified":"2025-11-26T17:23:01","modified_gmt":"2025-11-26T17:23:01","slug":"automation-as-a-service","status":"publish","type":"page","link":"https:\/\/www.elementlogic.net\/se\/whitepaper\/automation-as-a-service\/","title":{"rendered":"Whitepaper: AaaS"},"content":{"rendered":"\n\t\t<div style=\"--dekode-hero-dim:0.5; --t2-icon-fill:var(--wp--preset--color--white);\" class=\"alignfull dekode-hero-content-position-center has-media-background wp-block-dekode-hero has-text-color has-white-color\">\n\t\t\t<img loading=\"lazy\" decoding=\"async\" width=\"1024\" height=\"768\" src=\"https:\/\/www.elementlogic.net\/content\/uploads\/sites\/14\/\/2024\/09\/Autostore_Innovation_Hub-Photo_Einar_Aslaksen-00232-kopi.jpeg\" class=\"dekode-hero__image\" alt=\"High Throughput Warehousing HTP\" style=\"--focalpoint: 50% 50%;\" \/>\n\t\t\t<div class=\"dekode-hero__content\">\n\t\t\t\t<div class=\"dekode-hero__container\">\n\t\t\t\t\t\n\n<h1 class=\"wp-block-heading\" id=\"h-lagerautomation-nu-som-abonnemang\"><strong>Lagerautomation, nu som abonnemang<\/strong><\/h1>\n\n\n<p class=\"t2-ingress wp-block-t2-ingress\"><strong>F\u00e5 lagerautomation utan stora f\u00f6rskottskostnader eller l\u00e5ngsiktiga \u00e5taganden.<\/strong><\/p>\n\n\n<div class=\"wp-block-buttons is-layout-flex wp-block-buttons-is-layout-flex\">\n<div class=\"wp-block-button\"><a class=\"wp-block-button__link wp-element-button\" href=\"#Detta-white-paper-\u00e4r-gratis-och-finns-tillg\u00e4ngligt-p\u00e5-engelska\">Ladda ner whitepaper<\/a><\/div>\n<\/div>\n\n\n\t\t\t\t<\/div>\n\t\t\t<\/div>\n\t\t<\/div>\n\t\t\n\n\n<p>De flesta automationsprojekt b\u00f6rjar med ett stort beslut och en \u00e4nnu st\u00f6rre check. Med Automation-as-a-Service (AaaS) b\u00f6rjar du med ett abonnemang.<\/p>\n\n\n\n\t\t<blockquote class=\"wp-block-dekode-quote\">\n\t\t\t<div class=\"wp-block-dekode-quote__icon\">\n\t\t\t\t<svg xmlns=\"http:\/\/www.w3.org\/2000\/svg\" viewBox=\"0 0 24 24\" height=\"96\" width=\"96\" class=\"t2-icon t2-icon-theme_quote\" aria-hidden=\"true\" focusable=\"false\"><path d=\"M6.7808 16.5288L8.49055 13.5673C8.43289 13.5993 8.36555 13.6217 8.28855 13.6345C8.21155 13.6473 8.13464 13.6538 8.0578 13.6538C7.04114 13.6538 6.17797 13.2958 5.4683 12.5798C4.7588 11.8638 4.40405 11.0038 4.40405 10C4.40405 8.98334 4.7588 8.12017 5.4683 7.4105C6.17797 6.701 7.04114 6.34625 8.0578 6.34625C9.06164 6.34625 9.92155 6.701 10.6376 7.4105C11.3536 8.12017 11.7116 8.98334 11.7116 10C11.7116 10.3513 11.669 10.6783 11.5838 10.9808C11.4985 11.2833 11.3737 11.5718 11.2096 11.8463L8.07305 17.2788C8.00905 17.3904 7.92122 17.4808 7.80955 17.55C7.69805 17.6192 7.57305 17.6538 7.43455 17.6538C7.14739 17.6538 6.93205 17.5288 6.78855 17.2788C6.64489 17.0288 6.6423 16.7788 6.7808 16.5288ZM15.6656 16.5288L17.3751 13.5673C17.3174 13.5993 17.2501 13.6217 17.1731 13.6345C17.0962 13.6473 17.0193 13.6538 16.9423 13.6538C15.9256 13.6538 15.0626 13.2958 14.3531 12.5798C13.6434 11.8638 13.2886 11.0038 13.2886 10C13.2886 8.977 13.6434 8.11225 14.3531 7.40575C15.0626 6.69942 15.9256 6.34625 16.9423 6.34625C17.9461 6.34625 18.8061 6.701 19.5221 7.4105C20.2381 8.12017 20.5961 8.98334 20.5961 10C20.5961 10.3513 20.5535 10.6783 20.4683 10.9808C20.383 11.2833 20.2583 11.5718 20.0943 11.8463L16.9578 17.2788C16.8936 17.3904 16.8058 17.4808 16.6943 17.55C16.5828 17.6192 16.4578 17.6538 16.3193 17.6538C16.0321 17.6538 15.8167 17.5288 15.6731 17.2788C15.5296 17.0288 15.5271 16.7788 15.6656 16.5288Z\" fill=\"var(--t2-icon-fill, #000)\"\/><\/svg>\n\t\t\t<\/div>\n\t\t\t<div class=\"wp-block-dekode-quote__text\">\n\t\t\t\t<p>Vi \u00e4r stolta \u00f6ver att \u00e4ntligen kunna introducera ett s\u00e4tt att automatisera utan att k\u00f6pa systemet direkt.<\/p>\n<cite><\/cite>\n\t\t\t<\/div>\n\t\t<\/blockquote>\n\n\n<p>N\u00e4r du prenumererar p\u00e5 AaaS installerar vi ditt AutoStore-system och minskar sedan komplexiteten genom proaktiv \u00f6vervakning f\u00f6r kontinuerlig optimering. Vi f\u00f6ljer prestanda mot de produktivitetsm\u00e5l vi s\u00e4tter upp tillsammans och h\u00e5ller dig informerad med tydliga, datadrivna rekommendationer.<\/p>\n\n\n\n<p>Allt ing\u00e5r i en m\u00e5natlig plan. Ingen f\u00f6rskottsbetalning. Inga separata avgifter f\u00f6r optimering eller uppgraderingar.<\/p>\n\n\n\n<h3 class=\"wp-block-heading\" id=\"h-i-detta-white-paper-hittar-du\">I detta white paper hittar du:<\/h3>\n\n\n\n<ul class=\"wp-block-list\">\n<li>En genomg\u00e5ng av hur prenumeration p\u00e5 automation fungerar dag f\u00f6r dag, och vad som ing\u00e5r fr\u00e5n installation till l\u00f6pande support<\/li>\n<\/ul>\n\n\n\n<ul class=\"wp-block-list\">\n<li>Hur vi formade modellen genom pilotprojekt och verklig kundfeedback, och varf\u00f6r vi tar risken tillsammans med dig<\/li>\n<\/ul>\n\n\n\n<ul class=\"wp-block-list\">\n<li>Hur Element Logics programvara h\u00e5ller ditt system aktuellt och h\u00f6gpresterande n\u00e4r nya funktioner lanseras<\/li>\n<\/ul>\n\n\n\n<p id=\"Detta-white-paper-\u00e4r-gratis-och-finns-tillg\u00e4ngligt-p\u00e5-engelska\">Detta white paper \u00e4r gratis och finns tillg\u00e4ngligt p\u00e5 engelska.&nbsp;<\/p>\n\n\n\n\t\t<div class=\"wp-block-dekode-dynamics-form\">\n\t\t\t<div class=\"embedded-form\">\n\t\t\t\t<div\n\t\t\t\t\tdata-form-id=\"95e75d62-e9ff-ef11-bae2-7ced8d13c326\"\n\t\t\t\t\tdata-form-api-url=\"https:\/\/public-eur.mkt.dynamics.com\/api\/v1.0\/orgs\/0d653081-4a98-4454-9ade-26f2fbe674ee\/landingpageforms\"\n\t\t\t\t\tdata-cached-form-url=\"https:\/\/assets-eur.mkt.dynamics.com\/0d653081-4a98-4454-9ade-26f2fbe674ee\/digitalassets\/forms\/95e75d62-e9ff-ef11-bae2-7ced8d13c326\"\n\t\t\t\t><\/div>\n\t\t\t<\/div>\n\t\t<\/div>","protected":false},"excerpt":{"rendered":"<p>De flesta automationsprojekt b\u00f6rjar med ett stort beslut och en \u00e4nnu st\u00f6rre check. Med Automation-as-a-Service (AaaS) b\u00f6rjar du med ett [&hellip;]<\/p>\n","protected":false},"author":3,"featured_media":0,"parent":156,"menu_order":0,"comment_status":"closed","ping_status":"closed","template":"","meta":{"hreflang_relation":0,"_el_cross_publish_source_blog_url":"","_el_cross_publish_source_blog_id":0,"_el_cross_publish_source_post_id":0,"_el_cross_publish_sync_state":"","exclude_from_search":false,"footnotes":""},"class_list":["post-2827","page","type-page","status-publish","hentry"],"yoast_head":"<!-- This site is optimized with the Yoast SEO Premium plugin v23.9 (Yoast SEO v23.9) - https:\/\/yoast.com\/wordpress\/plugins\/seo\/ -->\n<title>Whitepaper: Lagerautomation, nu som abonnemang<\/title>\n<meta name=\"description\" content=\"Ladda ner v\u00e5r kostnadsfria whitepaper om Automation-as-a-Service (AaaS). L\u00e4r dig hur du f\u00e5r lagerautomation med AutoStore p\u00e5 abonnemang \u2013 utan stora f\u00f6rskottskostnader eller l\u00e5ngsiktiga \u00e5taganden.\" \/>\n<meta name=\"robots\" content=\"index, follow, max-snippet:-1, max-image-preview:large, max-video-preview:-1\" \/>\n<link rel=\"canonical\" href=\"https:\/\/www.elementlogic.net\/se\/whitepaper\/automation-as-a-service\/\" \/>\n<meta property=\"og:locale\" content=\"sv_SE\" \/>\n<meta property=\"og:type\" content=\"article\" \/>\n<meta property=\"og:title\" content=\"Whitepaper: AaaS\" \/>\n<meta property=\"og:description\" content=\"Ladda ner v\u00e5r kostnadsfria whitepaper om Automation-as-a-Service (AaaS). L\u00e4r dig hur du f\u00e5r lagerautomation med AutoStore p\u00e5 abonnemang \u2013 utan stora f\u00f6rskottskostnader eller l\u00e5ngsiktiga \u00e5taganden.\" \/>\n<meta property=\"og:url\" content=\"https:\/\/www.elementlogic.net\/se\/whitepaper\/automation-as-a-service\/\" \/>\n<meta property=\"og:site_name\" content=\"Element Logic Sweden\" \/>\n<meta property=\"article:modified_time\" content=\"2025-11-26T17:23:01+00:00\" \/>\n<meta name=\"twitter:card\" content=\"summary_large_image\" \/>\n<meta name=\"twitter:label1\" content=\"Ber\u00e4knad l\u00e4stid\" \/>\n\t<meta name=\"twitter:data1\" content=\"1 minut\" \/>\n<script type=\"application\/ld+json\" class=\"yoast-schema-graph\">{\"@context\":\"https:\/\/schema.org\",\"@graph\":[{\"@type\":\"WebPage\",\"@id\":\"https:\/\/www.elementlogic.net\/se\/whitepaper\/automation-as-a-service\/\",\"url\":\"https:\/\/www.elementlogic.net\/se\/whitepaper\/automation-as-a-service\/\",\"name\":\"Whitepaper: Lagerautomation, nu som abonnemang\",\"isPartOf\":{\"@id\":\"https:\/\/www.elementlogic.net\/se\/#website\"},\"datePublished\":\"2025-10-22T09:33:52+00:00\",\"dateModified\":\"2025-11-26T17:23:01+00:00\",\"description\":\"Ladda ner v\u00e5r kostnadsfria whitepaper om Automation-as-a-Service (AaaS). L\u00e4r dig hur du f\u00e5r lagerautomation med AutoStore p\u00e5 abonnemang \u2013 utan stora f\u00f6rskottskostnader eller l\u00e5ngsiktiga \u00e5taganden.\",\"breadcrumb\":{\"@id\":\"https:\/\/www.elementlogic.net\/se\/whitepaper\/automation-as-a-service\/#breadcrumb\"},\"inLanguage\":\"sv-SE\",\"potentialAction\":[{\"@type\":\"ReadAction\",\"target\":[\"https:\/\/www.elementlogic.net\/se\/whitepaper\/automation-as-a-service\/\"]}]},{\"@type\":\"BreadcrumbList\",\"@id\":\"https:\/\/www.elementlogic.net\/se\/whitepaper\/automation-as-a-service\/#breadcrumb\",\"itemListElement\":[{\"@type\":\"ListItem\",\"position\":1,\"name\":\"Whitepaper\",\"item\":\"https:\/\/www.elementlogic.net\/se\/whitepaper\/\"},{\"@type\":\"ListItem\",\"position\":2,\"name\":\"Whitepaper: AaaS\"}]},{\"@type\":\"WebSite\",\"@id\":\"https:\/\/www.elementlogic.net\/se\/#website\",\"url\":\"https:\/\/www.elementlogic.net\/se\/\",\"name\":\"Element Logic Sweden\",\"description\":\"\",\"potentialAction\":[{\"@type\":\"SearchAction\",\"target\":{\"@type\":\"EntryPoint\",\"urlTemplate\":\"https:\/\/www.elementlogic.net\/se\/?s={search_term_string}\"},\"query-input\":{\"@type\":\"PropertyValueSpecification\",\"valueRequired\":true,\"valueName\":\"search_term_string\"}}],\"inLanguage\":\"sv-SE\"}]}<\/script>\n<!-- \/ Yoast SEO Premium plugin. -->","yoast_head_json":{"title":"Whitepaper: Lagerautomation, nu som abonnemang","description":"Ladda ner v\u00e5r kostnadsfria whitepaper om Automation-as-a-Service (AaaS). L\u00e4r dig hur du f\u00e5r lagerautomation med AutoStore p\u00e5 abonnemang \u2013 utan stora f\u00f6rskottskostnader eller l\u00e5ngsiktiga \u00e5taganden.","robots":{"index":"index","follow":"follow","max-snippet":"max-snippet:-1","max-image-preview":"max-image-preview:large","max-video-preview":"max-video-preview:-1"},"canonical":"https:\/\/www.elementlogic.net\/se\/whitepaper\/automation-as-a-service\/","og_locale":"sv_SE","og_type":"article","og_title":"Whitepaper: AaaS","og_description":"Ladda ner v\u00e5r kostnadsfria whitepaper om Automation-as-a-Service (AaaS). L\u00e4r dig hur du f\u00e5r lagerautomation med AutoStore p\u00e5 abonnemang \u2013 utan stora f\u00f6rskottskostnader eller l\u00e5ngsiktiga \u00e5taganden.","og_url":"https:\/\/www.elementlogic.net\/se\/whitepaper\/automation-as-a-service\/","og_site_name":"Element Logic Sweden","article_modified_time":"2025-11-26T17:23:01+00:00","twitter_card":"summary_large_image","twitter_misc":{"Ber\u00e4knad l\u00e4stid":"1 minut"},"schema":{"@context":"https:\/\/schema.org","@graph":[{"@type":"WebPage","@id":"https:\/\/www.elementlogic.net\/se\/whitepaper\/automation-as-a-service\/","url":"https:\/\/www.elementlogic.net\/se\/whitepaper\/automation-as-a-service\/","name":"Whitepaper: Lagerautomation, nu som abonnemang","isPartOf":{"@id":"https:\/\/www.elementlogic.net\/se\/#website"},"datePublished":"2025-10-22T09:33:52+00:00","dateModified":"2025-11-26T17:23:01+00:00","description":"Ladda ner v\u00e5r kostnadsfria whitepaper om Automation-as-a-Service (AaaS). L\u00e4r dig hur du f\u00e5r lagerautomation med AutoStore p\u00e5 abonnemang \u2013 utan stora f\u00f6rskottskostnader eller l\u00e5ngsiktiga \u00e5taganden.","breadcrumb":{"@id":"https:\/\/www.elementlogic.net\/se\/whitepaper\/automation-as-a-service\/#breadcrumb"},"inLanguage":"sv-SE","potentialAction":[{"@type":"ReadAction","target":["https:\/\/www.elementlogic.net\/se\/whitepaper\/automation-as-a-service\/"]}]},{"@type":"BreadcrumbList","@id":"https:\/\/www.elementlogic.net\/se\/whitepaper\/automation-as-a-service\/#breadcrumb","itemListElement":[{"@type":"ListItem","position":1,"name":"Whitepaper","item":"https:\/\/www.elementlogic.net\/se\/whitepaper\/"},{"@type":"ListItem","position":2,"name":"Whitepaper: AaaS"}]},{"@type":"WebSite","@id":"https:\/\/www.elementlogic.net\/se\/#website","url":"https:\/\/www.elementlogic.net\/se\/","name":"Element Logic Sweden","description":"","potentialAction":[{"@type":"SearchAction","target":{"@type":"EntryPoint","urlTemplate":"https:\/\/www.elementlogic.net\/se\/?s={search_term_string}"},"query-input":{"@type":"PropertyValueSpecification","valueRequired":true,"valueName":"search_term_string"}}],"inLanguage":"sv-SE"}]}},"_links":{"self":[{"href":"https:\/\/www.elementlogic.net\/se\/wp-json\/wp\/v2\/pages\/2827"}],"collection":[{"href":"https:\/\/www.elementlogic.net\/se\/wp-json\/wp\/v2\/pages"}],"about":[{"href":"https:\/\/www.elementlogic.net\/se\/wp-json\/wp\/v2\/types\/page"}],"author":[{"embeddable":true,"href":"https:\/\/www.elementlogic.net\/se\/wp-json\/wp\/v2\/users\/3"}],"replies":[{"embeddable":true,"href":"https:\/\/www.elementlogic.net\/se\/wp-json\/wp\/v2\/comments?post=2827"}],"version-history":[{"count":4,"href":"https:\/\/www.elementlogic.net\/se\/wp-json\/wp\/v2\/pages\/2827\/revisions"}],"predecessor-version":[{"id":2995,"href":"https:\/\/www.elementlogic.net\/se\/wp-json\/wp\/v2\/pages\/2827\/revisions\/2995"}],"up":[{"embeddable":true,"href":"https:\/\/www.elementlogic.net\/se\/wp-json\/wp\/v2\/pages\/156"}],"wp:attachment":[{"href":"https:\/\/www.elementlogic.net\/se\/wp-json\/wp\/v2\/media?parent=2827"}],"curies":[{"name":"wp","href":"https:\/\/api.w.org\/{rel}","templated":true}]}}