{"id":3087,"date":"2026-03-25T14:15:07","date_gmt":"2026-03-25T14:15:07","guid":{"rendered":"https:\/\/www.elementlogic.net\/se\/?page_id=3087"},"modified":"2026-03-30T08:45:05","modified_gmt":"2026-03-30T08:45:05","slug":"mode-och-klader","status":"publish","type":"page","link":"https:\/\/www.elementlogic.net\/se\/branscher\/mode-och-klader\/","title":{"rendered":"Mode &amp; kl\u00e4der"},"content":{"rendered":"\n\t\t<div style=\"--dekode-hero-dim:0.5; --t2-icon-fill:var(--wp--preset--color--white);\" class=\"alignfull dekode-hero-content-position-center has-media-background wp-block-dekode-hero has-text-color has-white-color\">\n\t\t\t<img loading=\"lazy\" decoding=\"async\" width=\"1024\" height=\"1024\" src=\"https:\/\/www.elementlogic.net\/content\/uploads\/sites\/14\/2026\/03\/Fashion-1.png\" class=\"dekode-hero__image\" alt=\"\" style=\"--focalpoint: 66% 37%;\" srcset=\"https:\/\/www.elementlogic.net\/content\/uploads\/sites\/14\/2026\/03\/Fashion-1.png 1024w, https:\/\/www.elementlogic.net\/content\/uploads\/sites\/14\/2026\/03\/Fashion-1-300x300.png 300w, https:\/\/www.elementlogic.net\/content\/uploads\/sites\/14\/2026\/03\/Fashion-1-150x150.png 150w, https:\/\/www.elementlogic.net\/content\/uploads\/sites\/14\/2026\/03\/Fashion-1-768x768.png 768w\" sizes=\"(max-width: 1024px) 100vw, 1024px\" \/>\n\t\t\t<div class=\"dekode-hero__content\">\n\t\t\t\t<div class=\"dekode-hero__container\">\n\t\t\t\t\t\n\n<p><\/p>\n\n\n\n<h1 class=\"wp-block-heading\" id=\"h-mode-amp-klader\"><strong>Mode &amp; kl\u00e4der<\/strong><\/h1>\n\n\n<p class=\"t2-ingress wp-block-t2-ingress\">H\u00e5ll din leveranskedja med stil<\/p>\n\n\n<div class=\"wp-block-buttons is-layout-flex wp-block-buttons-is-layout-flex\">\n<div class=\"wp-block-button hs-cta-trigger-button hs-cta-trigger-button-195241208906 has-icon has-icon-theme_arrow\"><a class=\"wp-block-button__link wp-element-button\" href=\"https:\/\/www.elementlogic.net\/se\/boka-gratis-konsultation\/\">Kontakta oss<svg xmlns=\"http:\/\/www.w3.org\/2000\/svg\" viewBox=\"0 0 24 24\" height=\"24\" width=\"24\" class=\"t2-icon t2-icon-theme_arrow\" aria-hidden=\"true\" focusable=\"false\"><path d=\"M16.627 12.75H5.25C5.03717 12.75 4.859 12.6782 4.7155 12.5345C4.57183 12.391 4.5 12.2128 4.5 12C4.5 11.7872 4.57183 11.609 4.7155 11.4655C4.859 11.3218 5.03717 11.25 5.25 11.25H16.627L11.4577 6.08076C11.3091 5.93209 11.2357 5.75809 11.2375 5.55876C11.2395 5.35942 11.318 5.18217 11.473 5.02701C11.6282 4.88217 11.8038 4.80717 12 4.80201C12.1962 4.79684 12.3718 4.87184 12.527 5.02701L18.8673 11.3673C18.9609 11.4609 19.0269 11.5597 19.0652 11.6635C19.1037 11.7673 19.123 11.8795 19.123 12C19.123 12.1205 19.1037 12.2327 19.0652 12.3365C19.0269 12.4403 18.9609 12.5391 18.8673 12.6328L12.527 18.973C12.3885 19.1115 12.217 19.1823 12.0125 19.1855C11.808 19.1887 11.6282 19.1178 11.473 18.973C11.318 18.8178 11.2405 18.6397 11.2405 18.4385C11.2405 18.2372 11.318 18.0589 11.473 17.9038L16.627 12.75Z\" fill=\"var(--t2-icon-fill, #000)\"\/><\/svg><\/a><\/div>\n<\/div>\n\n\n\t\t\t\t<\/div>\n\t\t\t<\/div>\n\t\t<\/div>\n\t\t\n\n<p class=\"t2-ingress wp-block-t2-ingress\">Modebranschen r\u00f6r sig i h\u00f6gt tempo, fr\u00e5n s\u00e4songskollektioner till flash sales och returer. Element Logic hj\u00e4lper modevarum\u00e4rken att h\u00e5lla verksamheten i r\u00f6relse med automation utformad f\u00f6r hastighet, flexibilitet och precision.<\/p>\n\n\n<p><\/p>\n\n\n\n<p>Med mer \u00e4n 40 \u00e5rs expertis inom intralogistik hj\u00e4lper vi modef\u00f6retag att minska kostnaderna, f\u00f6rb\u00e4ttra precisionen och skala upp med trygghet.<\/p>\n\n\n\n<div class=\"wp-block-group has-global-padding is-layout-constrained wp-block-group-is-layout-constrained\">\n<h2 class=\"wp-block-heading wp-container-content-1\" id=\"h-utmaningar-som-mode-och-kladvarumarken-moter\">Utmaningar som mode- och kl\u00e4dvarum\u00e4rken m\u00f6ter<\/h2>\n\n\n\n<ul class=\"wp-block-list\">\n<li>Snabba trendcykler och frekventa s\u00e4songslanseringar<\/li>\n\n\n\n<li>H\u00f6g SKU-oms\u00e4ttning och st\u00e4ndigt f\u00f6r\u00e4ndrade sortiment<\/li>\n\n\n\n<li>Komplexa returer och byten (storlek, passform, stil)<\/li>\n\n\n\n<li>V\u00e4xande efterfr\u00e5gan p\u00e5 snabb fulfillment inom b\u00e5de retail och e-handel<\/li>\n\n\n\n<li>Press att uppr\u00e4tth\u00e5lla lagerinsyn i omnichannel-n\u00e4tverk<\/li>\n<\/ul>\n<\/div>\n\n\n\n\t\t<div style=\"--dekode-hero-dim:0.5; --t2-icon-fill:var(--wp--preset--color--white);\" class=\"alignfull dekode-hero-content-position-center has-media-background wp-block-dekode-hero has-text-color has-white-color\">\n\t\t\t\t\t<video\n\t\t\tautoplay\n\t\t\tloop\n\t\t\tmuted\n\t\t\tplaysinline\n\t\t\tposter=\"\"\n\t\t\tsrc=\"https:\/\/www.elementlogic.net\/content\/uploads\/2024\/07\/solutions-and-services.mp4\">\n\t\t<\/video>\n\t\t\n\t\t\t<div class=\"dekode-hero__content\">\n\t\t\t\t<div class=\"dekode-hero__container\">\n\t\t\t\t\t\n\n<h2 class=\"wp-block-heading\" id=\"h-anvands-av-ledande-modemarken\"><strong>Anv\u00e4nds av ledande modem\u00e4rken<\/strong><\/h2>\n\n\n\t\t\t\t<\/div>\n\t\t\t<\/div>\n\t\t<\/div>\n\t\t\n\n<div class=\"t2-featured-content-layout alignwide wp-block-t2-featured-content-layout\">\n<div class=\"t2-featured-query-post t2-featured-content is-post-type-case case_tax-klader-och-sportutrustning wp-block-t2-featured-query-post\"><a class=\"t2-post-link wp-block-t2-post-link\" href=\"https:\/\/www.elementlogic.net\/se\/cases\/xxl-och-element-logic-satter-en-ny-standard-for-plockhastighet-och-datadriven-drift\/\">\n\t<div class=\"client-logo-image-wrapper\"><img loading=\"lazy\" decoding=\"async\" width=\"300\" height=\"156\" src=\"https:\/\/www.elementlogic.net\/content\/uploads\/sites\/14\/2025\/12\/XXL-Logo-300x156-1.png\" class=\"client-logo-image\" alt=\"XXL logo\" \/><\/div>\n\t<figure style=\"--t2-focal-point: 50% 50%;\" class=\"t2-post-featured-image has-image-ratio-3-2 wp-block-t2-post-featured-image\"><img loading=\"lazy\" decoding=\"async\" width=\"2387\" height=\"1287\" src=\"https:\/\/www.elementlogic.net\/content\/uploads\/sites\/14\/2025\/12\/Element-Logic-\u2013-XXL-8.png\" class=\"attachment-post-thumbnail size-post-thumbnail wp-post-image\" alt=\"XXL lager i Norge\" srcset=\"https:\/\/www.elementlogic.net\/content\/uploads\/sites\/14\/2025\/12\/Element-Logic-\u2013-XXL-8.png 2387w, https:\/\/www.elementlogic.net\/content\/uploads\/sites\/14\/2025\/12\/Element-Logic-\u2013-XXL-8-300x162.png 300w, https:\/\/www.elementlogic.net\/content\/uploads\/sites\/14\/2025\/12\/Element-Logic-\u2013-XXL-8-1024x552.png 1024w, https:\/\/www.elementlogic.net\/content\/uploads\/sites\/14\/2025\/12\/Element-Logic-\u2013-XXL-8-768x414.png 768w, https:\/\/www.elementlogic.net\/content\/uploads\/sites\/14\/2025\/12\/Element-Logic-\u2013-XXL-8-1536x828.png 1536w, https:\/\/www.elementlogic.net\/content\/uploads\/sites\/14\/2025\/12\/Element-Logic-\u2013-XXL-8-2048x1104.png 2048w\" sizes=\"(max-width: 2387px) 100vw, 2387px\" \/><\/figure>\n\t\n<\/a>\n\n\t\t<div class=\"card-content wp-block-t2-wrapper\">\n\t<div class=\"wp-block-dekode-post-terms\"><span>Kl\u00e4der och sportutrustning<\/span><\/div>\n\t<h3 class=\"t2-post-title wp-block-t2-post-title\"><a href=\"https:\/\/www.elementlogic.net\/se\/cases\/xxl-och-element-logic-satter-en-ny-standard-for-plockhastighet-och-datadriven-drift\/\" target=\"_self\" >XXL och Element Logic s\u00e4tter en ny standard f\u00f6r plockhastighet och datadriven drift<\/a><\/h3>\n\t<div class=\"t2-post-excerpt wp-block-t2-post-excerpt\"><p>Som en av Nordens st\u00f6rsta sportkedjor \u00e4r kraven tydliga: varor ska snabbt ut till butik, e-handelsordrar ska levereras redan n\u00e4sta [&hellip;]<\/p><\/div>\n<\/div>\n<\/div>\n\n<div class=\"t2-featured-query-post t2-featured-content is-post-type-case case_tax-klader-och-sportutrustning wp-block-t2-featured-query-post\"><a class=\"t2-post-link wp-block-t2-post-link\" href=\"https:\/\/www.elementlogic.net\/se\/cases\/uppgraderad-antennteknik-iblakladers-autostore-lager\/\">\n\t<div class=\"client-logo-image-wrapper\"><img loading=\"lazy\" decoding=\"async\" width=\"300\" height=\"89\" src=\"https:\/\/www.elementlogic.net\/content\/uploads\/sites\/14\/2024\/11\/images-300x89.png\" class=\"client-logo-image\" alt=\"\" \/><\/div>\n\t<figure style=\"--t2-focal-point: 50% 50%;\" class=\"t2-post-featured-image has-image-ratio-3-2 wp-block-t2-post-featured-image\"><img loading=\"lazy\" decoding=\"async\" width=\"1500\" height=\"844\" src=\"https:\/\/www.elementlogic.net\/content\/uploads\/sites\/14\/2024\/10\/Elektroimportoren_autostore_warehouse_elementlogic-1.webp\" class=\"attachment-post-thumbnail size-post-thumbnail wp-post-image\" alt=\"Automationssystem fr\u00e5n Element Logic\" srcset=\"https:\/\/www.elementlogic.net\/content\/uploads\/sites\/14\/2024\/10\/Elektroimportoren_autostore_warehouse_elementlogic-1.webp 1500w, https:\/\/www.elementlogic.net\/content\/uploads\/sites\/14\/2024\/10\/Elektroimportoren_autostore_warehouse_elementlogic-1-300x169.webp 300w, https:\/\/www.elementlogic.net\/content\/uploads\/sites\/14\/2024\/10\/Elektroimportoren_autostore_warehouse_elementlogic-1-1024x576.webp 1024w, https:\/\/www.elementlogic.net\/content\/uploads\/sites\/14\/2024\/10\/Elektroimportoren_autostore_warehouse_elementlogic-1-768x432.webp 768w\" sizes=\"(max-width: 1500px) 100vw, 1500px\" \/><\/figure>\n\t\n<\/a>\n\n\t\t<div class=\"card-content wp-block-t2-wrapper\">\n\t<div class=\"wp-block-dekode-post-terms\"><span>Kl\u00e4der och sportutrustning<\/span><\/div>\n\t<h3 class=\"t2-post-title wp-block-t2-post-title\"><a href=\"https:\/\/www.elementlogic.net\/se\/cases\/uppgraderad-antennteknik-iblakladers-autostore-lager\/\" target=\"_self\" >Uppgraderad antennteknik i\nBl\u00e5kl\u00e4ders AutoStore-lager<\/a><\/h3>\n\t<div class=\"t2-post-excerpt wp-block-t2-post-excerpt\"><p>2016 tog Bl\u00e5kl\u00e4der hj\u00e4lp av Element Logic f\u00f6r att implementera en AutoStore-l\u00f6sning, som svar p\u00e5 f\u00f6retagets \u00f6kade utrymmesbehov i lagret. [&hellip;]<\/p><\/div>\n<\/div>\n<\/div>\n\n<div class=\"t2-featured-query-post t2-featured-content is-post-type-case case_tax-klader-och-sportutrustning wp-block-t2-featured-query-post\"><a class=\"t2-post-link wp-block-t2-post-link\" href=\"https:\/\/www.elementlogic.net\/se\/cases\/hatstore-skalar-upp-sitt-lager-med-element-logic\/\">\n\t<div class=\"client-logo-image-wrapper\"><img loading=\"lazy\" decoding=\"async\" width=\"256\" height=\"256\" src=\"https:\/\/www.elementlogic.net\/content\/uploads\/sites\/14\/2024\/10\/hatstore-logo.webp\" class=\"client-logo-image\" alt=\"hatstore logotype\" \/><\/div>\n\t<figure style=\"--t2-focal-point: 50% 50%;\" class=\"t2-post-featured-image has-image-ratio-3-2 wp-block-t2-post-featured-image\"><img loading=\"lazy\" decoding=\"async\" width=\"1881\" height=\"881\" src=\"https:\/\/www.elementlogic.net\/content\/uploads\/sites\/14\/2024\/10\/image004-1.png\" class=\"attachment-post-thumbnail size-post-thumbnail wp-post-image\" alt=\"\" srcset=\"https:\/\/www.elementlogic.net\/content\/uploads\/sites\/14\/2024\/10\/image004-1.png 1881w, https:\/\/www.elementlogic.net\/content\/uploads\/sites\/14\/2024\/10\/image004-1-300x141.png 300w, https:\/\/www.elementlogic.net\/content\/uploads\/sites\/14\/2024\/10\/image004-1-1024x480.png 1024w, https:\/\/www.elementlogic.net\/content\/uploads\/sites\/14\/2024\/10\/image004-1-768x360.png 768w, https:\/\/www.elementlogic.net\/content\/uploads\/sites\/14\/2024\/10\/image004-1-1536x719.png 1536w\" sizes=\"(max-width: 1881px) 100vw, 1881px\" \/><\/figure>\n\t\n<\/a>\n\n\t\t<div class=\"card-content wp-block-t2-wrapper\">\n\t<div class=\"wp-block-dekode-post-terms\"><span>Kl\u00e4der och sportutrustning<\/span><\/div>\n\t<h3 class=\"t2-post-title wp-block-t2-post-title\"><a href=\"https:\/\/www.elementlogic.net\/se\/cases\/hatstore-skalar-upp-sitt-lager-med-element-logic\/\" target=\"_self\" >Hatstore skalar upp sitt lager med Element Logic<\/a><\/h3>\n\t<div class=\"t2-post-excerpt wp-block-t2-post-excerpt\"><p>Med sitt imponerande sortiment p\u00e5 \u00f6ver 20 000 olika modeller av kepsar, m\u00f6ssor och hattar erbjuder Hatstore i princip allt [&hellip;]<\/p><\/div>\n<\/div>\n<\/div>\n<\/div>\n\n\n<div class=\"wp-block-buttons is-layout-flex wp-block-buttons-is-layout-flex\">\n<div class=\"wp-block-button\"><a class=\"wp-block-button__link wp-element-button\" href=\"https:\/\/www.elementlogic.net\/se\/cases\/\">Se fler case <\/a><\/div>\n<\/div>\n\n\n\n<div class=\"wp-block-group alignwide has-global-padding is-layout-constrained wp-block-group-is-layout-constrained\">\n<h2 class=\"wp-block-heading wp-container-content-2\" id=\"h-varfor-modevarumarken-valjer-element-logic\">Varf\u00f6r modevarum\u00e4rken v\u00e4ljer Element Logic<\/h2>\n\n\n\n<ul class=\"wp-block-list\">\n<li><strong>Skalbara system<\/strong> f\u00f6r att anpassa sig till snabbt f\u00f6r\u00e4nderliga trender<\/li>\n\n\n\n<li><strong>Snabb ROI <\/strong>genom besparingar inom arbetskraft och drift<\/li>\n\n\n\n<li><strong>Framtidss\u00e4krad<\/strong> teknik bepr\u00f6vad i olika branscher<\/li>\n\n\n\n<li><strong>Global expertis <\/strong>med lokal support<\/li>\n<\/ul>\n<\/div>\n\n\n\n<div style=\"height:100px;width:0px\" aria-hidden=\"true\" class=\"wp-block-spacer\"><\/div>\n\n\n\n\t\t<div style=\"--dekode-hero-dim:0.6; --t2-icon-fill:var(--wp--preset--color--white);\" class=\"alignfull dekode-hero-content-position-center has-media-background wp-block-dekode-hero has-text-color has-white-color\">\n\t\t\t<img loading=\"lazy\" decoding=\"async\" width=\"1024\" height=\"1024\" src=\"https:\/\/www.elementlogic.net\/content\/uploads\/sites\/14\/2026\/03\/Retail-cinematic-1.png\" class=\"dekode-hero__image\" alt=\"\" style=\"--focalpoint: 51% 40%;\" srcset=\"https:\/\/www.elementlogic.net\/content\/uploads\/sites\/14\/2026\/03\/Retail-cinematic-1.png 1024w, https:\/\/www.elementlogic.net\/content\/uploads\/sites\/14\/2026\/03\/Retail-cinematic-1-300x300.png 300w, https:\/\/www.elementlogic.net\/content\/uploads\/sites\/14\/2026\/03\/Retail-cinematic-1-150x150.png 150w, https:\/\/www.elementlogic.net\/content\/uploads\/sites\/14\/2026\/03\/Retail-cinematic-1-768x768.png 768w\" sizes=\"(max-width: 1024px) 100vw, 1024px\" \/>\n\t\t\t<div class=\"dekode-hero__content\">\n\t\t\t\t<div class=\"dekode-hero__container\">\n\t\t\t\t\t\n\n<h1 class=\"wp-block-heading\" id=\"h-lat-oss-hjalpa-dig-att-bygga-framtidens-fulfillmentcenter-for-mode\">L\u00e5t oss hj\u00e4lpa dig att bygga framtidens fulfillmentcenter f\u00f6r mode.<\/h1>\n\n\n\n<div class=\"wp-block-buttons is-layout-flex wp-block-buttons-is-layout-flex\">\n<div class=\"wp-block-button http:\/\/hs-cta-trigger-button hs-cta-trigger-button-195241208906\"><a class=\"wp-block-button__link wp-element-button\" href=\"https:\/\/www.elementlogic.net\/se\/boka-gratis-konsultation\/\">Kontakta oss idag<\/a><\/div>\n<\/div>\n\n\n\t\t\t\t<\/div>\n\t\t\t<\/div>\n\t\t<\/div>\n\t\t","protected":false},"excerpt":{"rendered":"<p>Med mer \u00e4n 40 \u00e5rs expertis inom intralogistik hj\u00e4lper vi modef\u00f6retag att minska kostnaderna, f\u00f6rb\u00e4ttra precisionen och skala upp med [&hellip;]<\/p>\n","protected":false},"author":53,"featured_media":0,"parent":3103,"menu_order":0,"comment_status":"closed","ping_status":"closed","template":"","meta":{"hreflang_relation":0,"_el_cross_publish_source_blog_url":"","_el_cross_publish_source_blog_id":0,"_el_cross_publish_source_post_id":0,"_el_cross_publish_sync_state":"","exclude_from_search":false,"footnotes":""},"class_list":["post-3087","page","type-page","status-publish","hentry"],"yoast_head":"<!-- This site is optimized with the Yoast SEO Premium plugin v23.9 (Yoast SEO v23.9) - https:\/\/yoast.com\/wordpress\/plugins\/seo\/ -->\n<title>Mode &amp; kl\u00e4der - Element Logic Sweden<\/title>\n<meta name=\"description\" content=\"Lagerautomation f\u00f6r mode som ger snabb fulfillment, b\u00e4ttre lagerinsyn och skalbar drift f\u00f6r retail och e-handel.\" \/>\n<meta name=\"robots\" content=\"index, follow, max-snippet:-1, max-image-preview:large, max-video-preview:-1\" \/>\n<link rel=\"canonical\" href=\"https:\/\/www.elementlogic.net\/se\/branscher\/mode-och-klader\/\" \/>\n<meta property=\"og:locale\" content=\"sv_SE\" \/>\n<meta property=\"og:type\" content=\"article\" \/>\n<meta property=\"og:title\" content=\"Mode &amp; kl\u00e4der\" \/>\n<meta property=\"og:description\" content=\"Lagerautomation f\u00f6r mode som ger snabb fulfillment, b\u00e4ttre lagerinsyn och skalbar drift f\u00f6r retail och e-handel.\" \/>\n<meta property=\"og:url\" content=\"https:\/\/www.elementlogic.net\/se\/branscher\/mode-och-klader\/\" \/>\n<meta property=\"og:site_name\" content=\"Element Logic Sweden\" \/>\n<meta property=\"article:modified_time\" content=\"2026-03-30T08:45:05+00:00\" \/>\n<meta name=\"twitter:card\" content=\"summary_large_image\" \/>\n<meta name=\"twitter:label1\" content=\"Ber\u00e4knad l\u00e4stid\" \/>\n\t<meta name=\"twitter:data1\" content=\"1 minut\" \/>\n<script type=\"application\/ld+json\" class=\"yoast-schema-graph\">{\"@context\":\"https:\/\/schema.org\",\"@graph\":[{\"@type\":\"WebPage\",\"@id\":\"https:\/\/www.elementlogic.net\/se\/branscher\/mode-och-klader\/\",\"url\":\"https:\/\/www.elementlogic.net\/se\/branscher\/mode-och-klader\/\",\"name\":\"Mode &amp; kl\u00e4der - Element Logic Sweden\",\"isPartOf\":{\"@id\":\"https:\/\/www.elementlogic.net\/se\/#website\"},\"datePublished\":\"2026-03-25T14:15:07+00:00\",\"dateModified\":\"2026-03-30T08:45:05+00:00\",\"description\":\"Lagerautomation f\u00f6r mode som ger snabb fulfillment, b\u00e4ttre lagerinsyn och skalbar drift f\u00f6r retail och e-handel.\",\"breadcrumb\":{\"@id\":\"https:\/\/www.elementlogic.net\/se\/branscher\/mode-och-klader\/#breadcrumb\"},\"inLanguage\":\"sv-SE\",\"potentialAction\":[{\"@type\":\"ReadAction\",\"target\":[\"https:\/\/www.elementlogic.net\/se\/branscher\/mode-och-klader\/\"]}]},{\"@type\":\"BreadcrumbList\",\"@id\":\"https:\/\/www.elementlogic.net\/se\/branscher\/mode-och-klader\/#breadcrumb\",\"itemListElement\":[{\"@type\":\"ListItem\",\"position\":1,\"name\":\"Branscher\",\"item\":\"https:\/\/www.elementlogic.net\/se\/branscher\/\"},{\"@type\":\"ListItem\",\"position\":2,\"name\":\"Mode &amp; kl\u00e4der\"}]},{\"@type\":\"WebSite\",\"@id\":\"https:\/\/www.elementlogic.net\/se\/#website\",\"url\":\"https:\/\/www.elementlogic.net\/se\/\",\"name\":\"Element Logic Sweden\",\"description\":\"\",\"potentialAction\":[{\"@type\":\"SearchAction\",\"target\":{\"@type\":\"EntryPoint\",\"urlTemplate\":\"https:\/\/www.elementlogic.net\/se\/?s={search_term_string}\"},\"query-input\":{\"@type\":\"PropertyValueSpecification\",\"valueRequired\":true,\"valueName\":\"search_term_string\"}}],\"inLanguage\":\"sv-SE\"}]}<\/script>\n<!-- \/ Yoast SEO Premium plugin. -->","yoast_head_json":{"title":"Mode &amp; kl\u00e4der - Element Logic Sweden","description":"Lagerautomation f\u00f6r mode som ger snabb fulfillment, b\u00e4ttre lagerinsyn och skalbar drift f\u00f6r retail och e-handel.","robots":{"index":"index","follow":"follow","max-snippet":"max-snippet:-1","max-image-preview":"max-image-preview:large","max-video-preview":"max-video-preview:-1"},"canonical":"https:\/\/www.elementlogic.net\/se\/branscher\/mode-och-klader\/","og_locale":"sv_SE","og_type":"article","og_title":"Mode &amp; kl\u00e4der","og_description":"Lagerautomation f\u00f6r mode som ger snabb fulfillment, b\u00e4ttre lagerinsyn och skalbar drift f\u00f6r retail och e-handel.","og_url":"https:\/\/www.elementlogic.net\/se\/branscher\/mode-och-klader\/","og_site_name":"Element Logic Sweden","article_modified_time":"2026-03-30T08:45:05+00:00","twitter_card":"summary_large_image","twitter_misc":{"Ber\u00e4knad l\u00e4stid":"1 minut"},"schema":{"@context":"https:\/\/schema.org","@graph":[{"@type":"WebPage","@id":"https:\/\/www.elementlogic.net\/se\/branscher\/mode-och-klader\/","url":"https:\/\/www.elementlogic.net\/se\/branscher\/mode-och-klader\/","name":"Mode &amp; kl\u00e4der - Element Logic Sweden","isPartOf":{"@id":"https:\/\/www.elementlogic.net\/se\/#website"},"datePublished":"2026-03-25T14:15:07+00:00","dateModified":"2026-03-30T08:45:05+00:00","description":"Lagerautomation f\u00f6r mode som ger snabb fulfillment, b\u00e4ttre lagerinsyn och skalbar drift f\u00f6r retail och e-handel.","breadcrumb":{"@id":"https:\/\/www.elementlogic.net\/se\/branscher\/mode-och-klader\/#breadcrumb"},"inLanguage":"sv-SE","potentialAction":[{"@type":"ReadAction","target":["https:\/\/www.elementlogic.net\/se\/branscher\/mode-och-klader\/"]}]},{"@type":"BreadcrumbList","@id":"https:\/\/www.elementlogic.net\/se\/branscher\/mode-och-klader\/#breadcrumb","itemListElement":[{"@type":"ListItem","position":1,"name":"Branscher","item":"https:\/\/www.elementlogic.net\/se\/branscher\/"},{"@type":"ListItem","position":2,"name":"Mode &amp; kl\u00e4der"}]},{"@type":"WebSite","@id":"https:\/\/www.elementlogic.net\/se\/#website","url":"https:\/\/www.elementlogic.net\/se\/","name":"Element Logic Sweden","description":"","potentialAction":[{"@type":"SearchAction","target":{"@type":"EntryPoint","urlTemplate":"https:\/\/www.elementlogic.net\/se\/?s={search_term_string}"},"query-input":{"@type":"PropertyValueSpecification","valueRequired":true,"valueName":"search_term_string"}}],"inLanguage":"sv-SE"}]}},"_links":{"self":[{"href":"https:\/\/www.elementlogic.net\/se\/wp-json\/wp\/v2\/pages\/3087"}],"collection":[{"href":"https:\/\/www.elementlogic.net\/se\/wp-json\/wp\/v2\/pages"}],"about":[{"href":"https:\/\/www.elementlogic.net\/se\/wp-json\/wp\/v2\/types\/page"}],"author":[{"embeddable":true,"href":"https:\/\/www.elementlogic.net\/se\/wp-json\/wp\/v2\/users\/53"}],"replies":[{"embeddable":true,"href":"https:\/\/www.elementlogic.net\/se\/wp-json\/wp\/v2\/comments?post=3087"}],"version-history":[{"count":5,"href":"https:\/\/www.elementlogic.net\/se\/wp-json\/wp\/v2\/pages\/3087\/revisions"}],"predecessor-version":[{"id":3756,"href":"https:\/\/www.elementlogic.net\/se\/wp-json\/wp\/v2\/pages\/3087\/revisions\/3756"}],"up":[{"embeddable":true,"href":"https:\/\/www.elementlogic.net\/se\/wp-json\/wp\/v2\/pages\/3103"}],"wp:attachment":[{"href":"https:\/\/www.elementlogic.net\/se\/wp-json\/wp\/v2\/media?parent=3087"}],"curies":[{"name":"wp","href":"https:\/\/api.w.org\/{rel}","templated":true}]}}