{"id":3089,"date":"2026-03-25T14:23:46","date_gmt":"2026-03-25T14:23:46","guid":{"rendered":"https:\/\/www.elementlogic.net\/se\/?page_id=3089"},"modified":"2026-03-30T06:18:13","modified_gmt":"2026-03-30T06:18:13","slug":"tillverkning-och-produktion","status":"publish","type":"page","link":"https:\/\/www.elementlogic.net\/se\/branscher\/tillverkning-och-produktion\/","title":{"rendered":"Tillverkning &amp; produktion"},"content":{"rendered":"\n\t\t<div style=\"--dekode-hero-dim:0.5; --t2-icon-fill:var(--wp--preset--color--white);\" class=\"alignfull dekode-hero-content-position-center has-media-background wp-block-dekode-hero has-text-color has-white-color\">\n\t\t\t<img loading=\"lazy\" decoding=\"async\" width=\"1024\" height=\"1024\" src=\"https:\/\/www.elementlogic.net\/content\/uploads\/sites\/14\/2026\/03\/manufact-1.png\" class=\"dekode-hero__image\" alt=\"\" style=\"--focalpoint: 48% 51%;\" srcset=\"https:\/\/www.elementlogic.net\/content\/uploads\/sites\/14\/2026\/03\/manufact-1.png 1024w, https:\/\/www.elementlogic.net\/content\/uploads\/sites\/14\/2026\/03\/manufact-1-300x300.png 300w, https:\/\/www.elementlogic.net\/content\/uploads\/sites\/14\/2026\/03\/manufact-1-150x150.png 150w, https:\/\/www.elementlogic.net\/content\/uploads\/sites\/14\/2026\/03\/manufact-1-768x768.png 768w\" sizes=\"(max-width: 1024px) 100vw, 1024px\" \/>\n\t\t\t<div class=\"dekode-hero__content\">\n\t\t\t\t<div class=\"dekode-hero__container\">\n\t\t\t\t\t\n\n<p><\/p>\n\n\n\n<h1 class=\"wp-block-heading\" id=\"h-tillverkning-amp-produktion\"><strong>Tillverkning &amp; produktion<\/strong><\/h1>\n\n\n<p class=\"t2-ingress wp-block-t2-ingress\">Automatisera fl\u00f6det fr\u00e5n komponenter till f\u00e4rdiga produkter<\/p>\n\n\n<div class=\"wp-block-buttons is-layout-flex wp-block-buttons-is-layout-flex\">\n<div class=\"wp-block-button hs-cta-trigger-button hs-cta-trigger-button-195241208906 has-icon has-icon-theme_arrow\"><a class=\"wp-block-button__link wp-element-button\" href=\"https:\/\/www.elementlogic.net\/se\/boka-gratis-konsultation\/\">Kontakta oss<svg xmlns=\"http:\/\/www.w3.org\/2000\/svg\" viewBox=\"0 0 24 24\" height=\"24\" width=\"24\" class=\"t2-icon t2-icon-theme_arrow\" aria-hidden=\"true\" focusable=\"false\"><path d=\"M16.627 12.75H5.25C5.03717 12.75 4.859 12.6782 4.7155 12.5345C4.57183 12.391 4.5 12.2128 4.5 12C4.5 11.7872 4.57183 11.609 4.7155 11.4655C4.859 11.3218 5.03717 11.25 5.25 11.25H16.627L11.4577 6.08076C11.3091 5.93209 11.2357 5.75809 11.2375 5.55876C11.2395 5.35942 11.318 5.18217 11.473 5.02701C11.6282 4.88217 11.8038 4.80717 12 4.80201C12.1962 4.79684 12.3718 4.87184 12.527 5.02701L18.8673 11.3673C18.9609 11.4609 19.0269 11.5597 19.0652 11.6635C19.1037 11.7673 19.123 11.8795 19.123 12C19.123 12.1205 19.1037 12.2327 19.0652 12.3365C19.0269 12.4403 18.9609 12.5391 18.8673 12.6328L12.527 18.973C12.3885 19.1115 12.217 19.1823 12.0125 19.1855C11.808 19.1887 11.6282 19.1178 11.473 18.973C11.318 18.8178 11.2405 18.6397 11.2405 18.4385C11.2405 18.2372 11.318 18.0589 11.473 17.9038L16.627 12.75Z\" fill=\"var(--t2-icon-fill, #000)\"\/><\/svg><\/a><\/div>\n<\/div>\n\n\n\t\t\t\t<\/div>\n\t\t\t<\/div>\n\t\t<\/div>\n\t\t\n\n<p class=\"t2-ingress wp-block-t2-ingress\">Tillverkare \u00e4r beroende av effektivitet. <strong>Produktionslinjer \u00e4r beroende av r\u00e4tt delar, vid r\u00e4tt tidpunkt, p\u00e5 r\u00e4tt plats<\/strong> &#8211; varje f\u00f6rsening eller brist kan f\u00e5 verksamheten att stanna upp. Stigande arbetskraftskostnader, globala p\u00e5frestningar i leveranskedjan och just-in-time-produktionsscheman kr\u00e4ver nya s\u00e4tt att optimera lagring och materialfl\u00f6de.<\/p>\n\n\n<p><\/p>\n\n\n\n<p>Element Logic hj\u00e4lper tillverkare att effektivisera lagring av komponenter, <strong>f\u00f6rb\u00e4ttra materialhantering och p\u00e5skynda orderuppfyllnad<\/strong> med automation anpassad f\u00f6r komplexa produktionsmilj\u00f6er. Med \u00f6ver 40 \u00e5rs expertis inom intralogistik levererar vi system som h\u00e5ller dina produktionslinjer i r\u00f6relse &#8211; tillf\u00f6rlitligt, exakt och kostnadseffektivt.<\/p>\n\n\n\n<div class=\"wp-block-group has-global-padding is-layout-constrained wp-block-group-is-layout-constrained\">\n<h2 class=\"wp-block-heading wp-container-content-1\" id=\"h-utmaningar-inom-logistik-for-tillverkning-och-produktion\">Utmaningar inom logistik f\u00f6r tillverkning och produktion<\/h2>\n\n\n\n<ul class=\"wp-block-list\">\n<li>Hantera stora SKU-kataloger med komponenter, r\u00e5material och verktyg<\/li>\n\n\n\n<li>Synkronisera lager med produktionsscheman<\/li>\n\n\n\n<li>Hantera h\u00f6ga arbetskraftsbehov f\u00f6r repetitiv materialhantering<\/li>\n\n\n\n<li>Undvika fel eller f\u00f6rseningar som riskerar driftstopp i produktionslinjer<\/li>\n\n\n\n<li>Balansera effektivitet med flexibilitet f\u00f6r att m\u00f6ta skiftande efterfr\u00e5gan<\/li>\n<\/ul>\n<\/div>\n\n\n\n\t\t<div style=\"--dekode-hero-dim:0.5; --t2-icon-fill:var(--wp--preset--color--white);\" class=\"alignfull dekode-hero-content-position-center has-media-background wp-block-dekode-hero has-text-color has-white-color\">\n\t\t\t\t\t<video\n\t\t\tautoplay\n\t\t\tloop\n\t\t\tmuted\n\t\t\tplaysinline\n\t\t\tposter=\"\"\n\t\t\tsrc=\"https:\/\/www.elementlogic.net\/content\/uploads\/2024\/07\/solutions-and-services.mp4\">\n\t\t<\/video>\n\t\t\n\t\t\t<div class=\"dekode-hero__content\">\n\t\t\t\t<div class=\"dekode-hero__container\">\n\t\t\t\t\t\n\n<h2 class=\"wp-block-heading\" id=\"h-betrodd-av-ledande-tillverkare\">Betrodd av ledande tillverkare:<\/h2>\n\n\n\t\t\t\t<\/div>\n\t\t\t<\/div>\n\t\t<\/div>\n\t\t\n\n<div class=\"t2-featured-content-layout alignwide wp-block-t2-featured-content-layout\">\n\n\n\n\n\n<\/div>\n\n\n<div class=\"wp-block-buttons is-layout-flex wp-block-buttons-is-layout-flex\">\n<div class=\"wp-block-button\"><a class=\"wp-block-button__link wp-element-button\" href=\"https:\/\/www.elementlogic.net\/se\/cases\/\">Se fler case <\/a><\/div>\n<\/div>\n\n\n\n<div class=\"wp-block-group alignwide has-global-padding is-layout-constrained wp-block-group-is-layout-constrained\">\n<h2 class=\"wp-block-heading wp-container-content-2\" id=\"h-varfor-tillverkare-valjer-element-logic\">Varf\u00f6r tillverkare v\u00e4ljer Element Logic<\/h2>\n\n\n\n<ul class=\"wp-block-list\">\n<li>S\u00e4kerst\u00e4ll <strong>kontinuitet i linjen<\/strong> med tillf\u00f6rlitlig materialtillg\u00e4nglighet<\/li>\n\n\n\n<li><strong>Minska driftstopp<\/strong> genom att eliminera fel och flaskhalsar<\/li>\n\n\n\n<li>F\u00f6rb\u00e4ttra <strong>arbetseffektiviteten<\/strong> genom att automatisera repetitiva uppgifter<\/li>\n\n\n\n<li><strong>Skala produktionskapaciteten<\/strong> med flexibla, framtidss\u00e4krade l\u00f6sningar<\/li>\n<\/ul>\n<\/div>\n\n\n\n<div style=\"height:100px\" aria-hidden=\"true\" class=\"wp-block-spacer\"><\/div>\n\n\n\n\t\t<div style=\"--dekode-hero-dim:0.6; --t2-icon-fill:var(--wp--preset--color--white);\" class=\"alignfull dekode-hero-content-position-center has-media-background wp-block-dekode-hero has-text-color has-white-color\">\n\t\t\t<img loading=\"lazy\" decoding=\"async\" width=\"1024\" height=\"683\" src=\"https:\/\/www.elementlogic.net\/content\/uploads\/sites\/14\/2026\/03\/manufacturing-1-1024x683.png\" class=\"dekode-hero__image\" alt=\"\" style=\"--focalpoint: 75% 71%;\" srcset=\"https:\/\/www.elementlogic.net\/content\/uploads\/sites\/14\/2026\/03\/manufacturing-1-1024x683.png 1024w, https:\/\/www.elementlogic.net\/content\/uploads\/sites\/14\/2026\/03\/manufacturing-1-300x200.png 300w, https:\/\/www.elementlogic.net\/content\/uploads\/sites\/14\/2026\/03\/manufacturing-1-768x512.png 768w, https:\/\/www.elementlogic.net\/content\/uploads\/sites\/14\/2026\/03\/manufacturing-1.png 1536w\" sizes=\"(max-width: 1024px) 100vw, 1024px\" \/>\n\t\t\t<div class=\"dekode-hero__content\">\n\t\t\t\t<div class=\"dekode-hero__container\">\n\t\t\t\t\t\n\n<h1 class=\"wp-block-heading\" id=\"h-hall-dina-produktionslinjer-i-rorelse-med-lagerautomation\"><strong>H\u00e5ll dina produktionslinjer i r\u00f6relse med lagerautomation.<\/strong><\/h1>\n\n\n\n<div class=\"wp-block-buttons is-layout-flex wp-block-buttons-is-layout-flex\">\n<div class=\"wp-block-button http:\/\/hs-cta-trigger-button hs-cta-trigger-button-195241208906\"><a class=\"wp-block-button__link wp-element-button\" href=\"https:\/\/www.elementlogic.net\/se\/boka-gratis-konsultation\/\">Kontakta oss idag<\/a><\/div>\n<\/div>\n\n\n\t\t\t\t<\/div>\n\t\t\t<\/div>\n\t\t<\/div>\n\t\t","protected":false},"excerpt":{"rendered":"<p>Element Logic hj\u00e4lper tillverkare att effektivisera lagring av komponenter, f\u00f6rb\u00e4ttra materialhantering och p\u00e5skynda orderuppfyllnad med automation anpassad f\u00f6r komplexa produktionsmilj\u00f6er. [&hellip;]<\/p>\n","protected":false},"author":2,"featured_media":0,"parent":3103,"menu_order":0,"comment_status":"closed","ping_status":"closed","template":"","meta":{"hreflang_relation":0,"_el_cross_publish_source_blog_url":"","_el_cross_publish_source_blog_id":0,"_el_cross_publish_source_post_id":0,"_el_cross_publish_sync_state":"","exclude_from_search":false,"footnotes":""},"class_list":["post-3089","page","type-page","status-publish","hentry"],"yoast_head":"<!-- This site is optimized with the Yoast SEO Premium plugin v23.9 (Yoast SEO v23.9) - https:\/\/yoast.com\/wordpress\/plugins\/seo\/ -->\n<title>Tillverkning &amp; produktion - Element Logic Sweden<\/title>\n<meta name=\"description\" content=\"Lagerautomation f\u00f6r tillverkning som s\u00e4krar materialfl\u00f6de, minskar driftstopp och st\u00e4rker effektiviteten i produktionen.\" \/>\n<meta name=\"robots\" content=\"index, follow, max-snippet:-1, max-image-preview:large, max-video-preview:-1\" \/>\n<link rel=\"canonical\" href=\"https:\/\/www.elementlogic.net\/se\/branscher\/tillverkning-och-produktion\/\" \/>\n<meta property=\"og:locale\" content=\"sv_SE\" \/>\n<meta property=\"og:type\" content=\"article\" \/>\n<meta property=\"og:title\" content=\"Tillverkning &amp; produktion\" \/>\n<meta property=\"og:description\" content=\"Lagerautomation f\u00f6r tillverkning som s\u00e4krar materialfl\u00f6de, minskar driftstopp och st\u00e4rker effektiviteten i produktionen.\" \/>\n<meta property=\"og:url\" content=\"https:\/\/www.elementlogic.net\/se\/branscher\/tillverkning-och-produktion\/\" \/>\n<meta property=\"og:site_name\" content=\"Element Logic Sweden\" \/>\n<meta property=\"article:modified_time\" content=\"2026-03-30T06:18:13+00:00\" \/>\n<meta name=\"twitter:card\" content=\"summary_large_image\" \/>\n<meta name=\"twitter:label1\" content=\"Ber\u00e4knad l\u00e4stid\" \/>\n\t<meta name=\"twitter:data1\" content=\"1 minut\" \/>\n<script type=\"application\/ld+json\" class=\"yoast-schema-graph\">{\"@context\":\"https:\/\/schema.org\",\"@graph\":[{\"@type\":\"WebPage\",\"@id\":\"https:\/\/www.elementlogic.net\/se\/branscher\/tillverkning-och-produktion\/\",\"url\":\"https:\/\/www.elementlogic.net\/se\/branscher\/tillverkning-och-produktion\/\",\"name\":\"Tillverkning &amp; produktion - Element Logic Sweden\",\"isPartOf\":{\"@id\":\"https:\/\/www.elementlogic.net\/se\/#website\"},\"datePublished\":\"2026-03-25T14:23:46+00:00\",\"dateModified\":\"2026-03-30T06:18:13+00:00\",\"description\":\"Lagerautomation f\u00f6r tillverkning som s\u00e4krar materialfl\u00f6de, minskar driftstopp och st\u00e4rker effektiviteten i produktionen.\",\"breadcrumb\":{\"@id\":\"https:\/\/www.elementlogic.net\/se\/branscher\/tillverkning-och-produktion\/#breadcrumb\"},\"inLanguage\":\"sv-SE\",\"potentialAction\":[{\"@type\":\"ReadAction\",\"target\":[\"https:\/\/www.elementlogic.net\/se\/branscher\/tillverkning-och-produktion\/\"]}]},{\"@type\":\"BreadcrumbList\",\"@id\":\"https:\/\/www.elementlogic.net\/se\/branscher\/tillverkning-och-produktion\/#breadcrumb\",\"itemListElement\":[{\"@type\":\"ListItem\",\"position\":1,\"name\":\"Branscher\",\"item\":\"https:\/\/www.elementlogic.net\/se\/branscher\/\"},{\"@type\":\"ListItem\",\"position\":2,\"name\":\"Tillverkning &amp; produktion\"}]},{\"@type\":\"WebSite\",\"@id\":\"https:\/\/www.elementlogic.net\/se\/#website\",\"url\":\"https:\/\/www.elementlogic.net\/se\/\",\"name\":\"Element Logic Sweden\",\"description\":\"\",\"potentialAction\":[{\"@type\":\"SearchAction\",\"target\":{\"@type\":\"EntryPoint\",\"urlTemplate\":\"https:\/\/www.elementlogic.net\/se\/?s={search_term_string}\"},\"query-input\":{\"@type\":\"PropertyValueSpecification\",\"valueRequired\":true,\"valueName\":\"search_term_string\"}}],\"inLanguage\":\"sv-SE\"}]}<\/script>\n<!-- \/ Yoast SEO Premium plugin. -->","yoast_head_json":{"title":"Tillverkning &amp; produktion - Element Logic Sweden","description":"Lagerautomation f\u00f6r tillverkning som s\u00e4krar materialfl\u00f6de, minskar driftstopp och st\u00e4rker effektiviteten i produktionen.","robots":{"index":"index","follow":"follow","max-snippet":"max-snippet:-1","max-image-preview":"max-image-preview:large","max-video-preview":"max-video-preview:-1"},"canonical":"https:\/\/www.elementlogic.net\/se\/branscher\/tillverkning-och-produktion\/","og_locale":"sv_SE","og_type":"article","og_title":"Tillverkning &amp; produktion","og_description":"Lagerautomation f\u00f6r tillverkning som s\u00e4krar materialfl\u00f6de, minskar driftstopp och st\u00e4rker effektiviteten i produktionen.","og_url":"https:\/\/www.elementlogic.net\/se\/branscher\/tillverkning-och-produktion\/","og_site_name":"Element Logic Sweden","article_modified_time":"2026-03-30T06:18:13+00:00","twitter_card":"summary_large_image","twitter_misc":{"Ber\u00e4knad l\u00e4stid":"1 minut"},"schema":{"@context":"https:\/\/schema.org","@graph":[{"@type":"WebPage","@id":"https:\/\/www.elementlogic.net\/se\/branscher\/tillverkning-och-produktion\/","url":"https:\/\/www.elementlogic.net\/se\/branscher\/tillverkning-och-produktion\/","name":"Tillverkning &amp; produktion - Element Logic Sweden","isPartOf":{"@id":"https:\/\/www.elementlogic.net\/se\/#website"},"datePublished":"2026-03-25T14:23:46+00:00","dateModified":"2026-03-30T06:18:13+00:00","description":"Lagerautomation f\u00f6r tillverkning som s\u00e4krar materialfl\u00f6de, minskar driftstopp och st\u00e4rker effektiviteten i produktionen.","breadcrumb":{"@id":"https:\/\/www.elementlogic.net\/se\/branscher\/tillverkning-och-produktion\/#breadcrumb"},"inLanguage":"sv-SE","potentialAction":[{"@type":"ReadAction","target":["https:\/\/www.elementlogic.net\/se\/branscher\/tillverkning-och-produktion\/"]}]},{"@type":"BreadcrumbList","@id":"https:\/\/www.elementlogic.net\/se\/branscher\/tillverkning-och-produktion\/#breadcrumb","itemListElement":[{"@type":"ListItem","position":1,"name":"Branscher","item":"https:\/\/www.elementlogic.net\/se\/branscher\/"},{"@type":"ListItem","position":2,"name":"Tillverkning &amp; produktion"}]},{"@type":"WebSite","@id":"https:\/\/www.elementlogic.net\/se\/#website","url":"https:\/\/www.elementlogic.net\/se\/","name":"Element Logic Sweden","description":"","potentialAction":[{"@type":"SearchAction","target":{"@type":"EntryPoint","urlTemplate":"https:\/\/www.elementlogic.net\/se\/?s={search_term_string}"},"query-input":{"@type":"PropertyValueSpecification","valueRequired":true,"valueName":"search_term_string"}}],"inLanguage":"sv-SE"}]}},"_links":{"self":[{"href":"https:\/\/www.elementlogic.net\/se\/wp-json\/wp\/v2\/pages\/3089"}],"collection":[{"href":"https:\/\/www.elementlogic.net\/se\/wp-json\/wp\/v2\/pages"}],"about":[{"href":"https:\/\/www.elementlogic.net\/se\/wp-json\/wp\/v2\/types\/page"}],"author":[{"embeddable":true,"href":"https:\/\/www.elementlogic.net\/se\/wp-json\/wp\/v2\/users\/2"}],"replies":[{"embeddable":true,"href":"https:\/\/www.elementlogic.net\/se\/wp-json\/wp\/v2\/comments?post=3089"}],"version-history":[{"count":5,"href":"https:\/\/www.elementlogic.net\/se\/wp-json\/wp\/v2\/pages\/3089\/revisions"}],"predecessor-version":[{"id":3745,"href":"https:\/\/www.elementlogic.net\/se\/wp-json\/wp\/v2\/pages\/3089\/revisions\/3745"}],"up":[{"embeddable":true,"href":"https:\/\/www.elementlogic.net\/se\/wp-json\/wp\/v2\/pages\/3103"}],"wp:attachment":[{"href":"https:\/\/www.elementlogic.net\/se\/wp-json\/wp\/v2\/media?parent=3089"}],"curies":[{"name":"wp","href":"https:\/\/api.w.org\/{rel}","templated":true}]}}