{"id":3091,"date":"2026-03-25T14:26:33","date_gmt":"2026-03-25T14:26:33","guid":{"rendered":"https:\/\/www.elementlogic.net\/se\/?page_id=3091"},"modified":"2026-03-30T06:19:11","modified_gmt":"2026-03-30T06:19:11","slug":"reservdelar-och-distribution","status":"publish","type":"page","link":"https:\/\/www.elementlogic.net\/se\/branscher\/reservdelar-och-distribution\/","title":{"rendered":"Reservdelar och distribution"},"content":{"rendered":"\n\t\t<div style=\"--dekode-hero-dim:0.5; --t2-icon-fill:var(--wp--preset--color--white);\" class=\"alignfull dekode-hero-content-position-center has-media-background wp-block-dekode-hero has-text-color has-white-color\">\n\t\t\t<img loading=\"lazy\" decoding=\"async\" width=\"1024\" height=\"683\" src=\"https:\/\/www.elementlogic.net\/content\/uploads\/sites\/14\/2026\/03\/Parts-distribution-v2-1-1024x683.png\" class=\"dekode-hero__image\" alt=\"\" style=\"--focalpoint: 50% 90%;\" srcset=\"https:\/\/www.elementlogic.net\/content\/uploads\/sites\/14\/2026\/03\/Parts-distribution-v2-1-1024x683.png 1024w, https:\/\/www.elementlogic.net\/content\/uploads\/sites\/14\/2026\/03\/Parts-distribution-v2-1-300x200.png 300w, https:\/\/www.elementlogic.net\/content\/uploads\/sites\/14\/2026\/03\/Parts-distribution-v2-1-768x512.png 768w, https:\/\/www.elementlogic.net\/content\/uploads\/sites\/14\/2026\/03\/Parts-distribution-v2-1.png 1536w\" sizes=\"(max-width: 1024px) 100vw, 1024px\" \/>\n\t\t\t<div class=\"dekode-hero__content\">\n\t\t\t\t<div class=\"dekode-hero__container\">\n\t\t\t\t\t\n\n<p><\/p>\n\n\n\n<h1 class=\"wp-block-heading\" id=\"h-reservdelar-och-distribution\"><strong>Reservdelar och distribution<\/strong><\/h1>\n\n\n<p class=\"t2-ingress wp-block-t2-ingress\">Snabbt, exakt, alltid tillg\u00e4ngligt<\/p>\n\n\n<div class=\"wp-block-buttons is-layout-flex wp-block-buttons-is-layout-flex\">\n<div class=\"wp-block-button hs-cta-trigger-button hs-cta-trigger-button-195241208906 has-icon has-icon-theme_arrow\"><a class=\"wp-block-button__link wp-element-button\" href=\"https:\/\/www.elementlogic.net\/se\/boka-gratis-konsultation\/\">Kontkta oss<svg xmlns=\"http:\/\/www.w3.org\/2000\/svg\" viewBox=\"0 0 24 24\" height=\"24\" width=\"24\" class=\"t2-icon t2-icon-theme_arrow\" aria-hidden=\"true\" focusable=\"false\"><path d=\"M16.627 12.75H5.25C5.03717 12.75 4.859 12.6782 4.7155 12.5345C4.57183 12.391 4.5 12.2128 4.5 12C4.5 11.7872 4.57183 11.609 4.7155 11.4655C4.859 11.3218 5.03717 11.25 5.25 11.25H16.627L11.4577 6.08076C11.3091 5.93209 11.2357 5.75809 11.2375 5.55876C11.2395 5.35942 11.318 5.18217 11.473 5.02701C11.6282 4.88217 11.8038 4.80717 12 4.80201C12.1962 4.79684 12.3718 4.87184 12.527 5.02701L18.8673 11.3673C18.9609 11.4609 19.0269 11.5597 19.0652 11.6635C19.1037 11.7673 19.123 11.8795 19.123 12C19.123 12.1205 19.1037 12.2327 19.0652 12.3365C19.0269 12.4403 18.9609 12.5391 18.8673 12.6328L12.527 18.973C12.3885 19.1115 12.217 19.1823 12.0125 19.1855C11.808 19.1887 11.6282 19.1178 11.473 18.973C11.318 18.8178 11.2405 18.6397 11.2405 18.4385C11.2405 18.2372 11.318 18.0589 11.473 17.9038L16.627 12.75Z\" fill=\"var(--t2-icon-fill, #000)\"\/><\/svg><\/a><\/div>\n<\/div>\n\n\n\t\t\t\t<\/div>\n\t\t\t<\/div>\n\t\t<\/div>\n\t\t\n\n<p class=\"t2-ingress wp-block-t2-ingress\">Inom reservdelar och distribution <strong>avg\u00f6r hastighet och precision framg\u00e5ngen.<\/strong> Oavsett om det g\u00e4ller fordonskomponenter, industriella komponenter eller reservdelar f\u00f6r eftermarknaden f\u00f6rv\u00e4ntar sig kunderna r\u00e4tt del, direkt. Med omfattande SKU-kataloger, of\u00f6ruts\u00e4gbar efterfr\u00e5gan och press att m\u00f6ta sn\u00e4va leveransf\u00f6nster kan distribut\u00f6rer inte l\u00e4ngre f\u00f6rlita sig p\u00e5 manuella processer f\u00f6r att h\u00e5lla tempot.<\/p>\n\n\n<p><\/p>\n\n\n\n<p>Element Logic hj\u00e4lper distribut\u00f6rer inom reservdelar och distribution att optimera lagring, p\u00e5skynda orderuppfyllnad och eliminera kostsamma fel. Med \u00f6ver 40 \u00e5rs erfarenhet av intralogistik levererar vi automation som h\u00e5ller delarna i r\u00f6relse &#8211; s\u00e5 att dina kunder aldrig beh\u00f6ver v\u00e4nta.<\/p>\n\n\n\n<div class=\"wp-block-group has-global-padding is-layout-constrained wp-block-group-is-layout-constrained\">\n<h2 class=\"wp-block-heading wp-container-content-1\" id=\"h-utmaningar-inom-reservdelar-och-distribution\">Utmaningar inom reservdelar och distribution<\/h2>\n\n\n\n<ul class=\"wp-block-list\">\n<li>Hantera tiotusentals SKU:er, fr\u00e5n sm\u00e5 skruvar till skrymmande komponenter<\/li>\n\n\n\n<li>M\u00f6ta f\u00f6rv\u00e4ntningarna p\u00e5 leverans samma dag eller n\u00e4sta dag<\/li>\n\n\n\n<li>Minska h\u00f6ga felkostnader fr\u00e5n felaktiga delleveranser<\/li>\n\n\n\n<li>Hantera personalbrist inom repetitiva plock- och packuppgifter<\/li>\n\n\n\n<li>Hantera komplexa orderprofiler, fr\u00e5n enradiga order till kompletta kit<\/li>\n<\/ul>\n<\/div>\n\n\n\n\t\t<div style=\"--dekode-hero-dim:0.5; --t2-icon-fill:var(--wp--preset--color--white);\" class=\"alignfull dekode-hero-content-position-center has-media-background wp-block-dekode-hero has-text-color has-white-color\">\n\t\t\t\t\t<video\n\t\t\tautoplay\n\t\t\tloop\n\t\t\tmuted\n\t\t\tplaysinline\n\t\t\tposter=\"\"\n\t\t\tsrc=\"https:\/\/www.elementlogic.net\/content\/uploads\/2024\/07\/solutions-and-services.mp4\">\n\t\t<\/video>\n\t\t\n\t\t\t<div class=\"dekode-hero__content\">\n\t\t\t\t<div class=\"dekode-hero__container\">\n\t\t\t\t\t\n\n<h2 class=\"wp-block-heading\" id=\"h-betrodd-av-ledande-aktorer-inom-reservdelar-och-distribution\">Betrodd av ledande akt\u00f6rer inom reservdelar och distribution:<\/h2>\n\n\n\t\t\t\t<\/div>\n\t\t\t<\/div>\n\t\t<\/div>\n\t\t\n\n<div class=\"t2-featured-content-layout alignwide wp-block-t2-featured-content-layout\">\n<div class=\"t2-featured-query-post t2-featured-content is-post-type-case case_tax-delar-och-distribution wp-block-t2-featured-query-post\"><a class=\"t2-post-link wp-block-t2-post-link\" href=\"https:\/\/www.elementlogic.net\/se\/cases\/dsv-investerar-i-tjugo-logistikcenter-for-flera-anvandare-varlden-over\/\">\n\t<div class=\"client-logo-image-wrapper\"><img loading=\"lazy\" decoding=\"async\" width=\"300\" height=\"92\" src=\"https:\/\/www.elementlogic.net\/content\/uploads\/sites\/14\/2026\/03\/DSV_Logo-300x92.png\" class=\"client-logo-image\" alt=\"DSV_\" \/><\/div>\n\t<figure style=\"--t2-focal-point: 50% 50%;\" class=\"t2-post-featured-image has-image-ratio-3-2 wp-block-t2-post-featured-image\"><img loading=\"lazy\" decoding=\"async\" width=\"2402\" height=\"1353\" src=\"https:\/\/www.elementlogic.net\/content\/uploads\/sites\/14\/2025\/12\/Element-Logic-\u2013-XXL-10.png\" class=\"attachment-post-thumbnail size-post-thumbnail wp-post-image\" alt=\"R5 robotar i AutoStore grid\" srcset=\"https:\/\/www.elementlogic.net\/content\/uploads\/sites\/14\/2025\/12\/Element-Logic-\u2013-XXL-10.png 2402w, https:\/\/www.elementlogic.net\/content\/uploads\/sites\/14\/2025\/12\/Element-Logic-\u2013-XXL-10-300x169.png 300w, https:\/\/www.elementlogic.net\/content\/uploads\/sites\/14\/2025\/12\/Element-Logic-\u2013-XXL-10-1024x577.png 1024w, https:\/\/www.elementlogic.net\/content\/uploads\/sites\/14\/2025\/12\/Element-Logic-\u2013-XXL-10-768x433.png 768w, https:\/\/www.elementlogic.net\/content\/uploads\/sites\/14\/2025\/12\/Element-Logic-\u2013-XXL-10-1536x865.png 1536w, https:\/\/www.elementlogic.net\/content\/uploads\/sites\/14\/2025\/12\/Element-Logic-\u2013-XXL-10-2048x1154.png 2048w\" sizes=\"(max-width: 2402px) 100vw, 2402px\" \/><\/figure>\n\t\n<\/a>\n\n\t\t<div class=\"card-content wp-block-t2-wrapper\">\n\t<div class=\"wp-block-dekode-post-terms\"><span>Delar och distribution<\/span><\/div>\n\t<h3 class=\"t2-post-title wp-block-t2-post-title\"><a href=\"https:\/\/www.elementlogic.net\/se\/cases\/dsv-investerar-i-tjugo-logistikcenter-for-flera-anvandare-varlden-over\/\" target=\"_self\" >DSV investerar i tjugo logistikcenter f\u00f6r flera anv\u00e4ndare v\u00e4rlden \u00f6ver<\/a><\/h3>\n\t<div class=\"t2-post-excerpt wp-block-t2-post-excerpt\"><p>\u2013 Med DSV Fulfilment-lagren beh\u00f6ver f\u00f6retag inte ha en omfattande internationell n\u00e4rvaro f\u00f6r att kunna dra nytta av automatiserade, konkurrenskraftiga [&hellip;]<\/p><\/div>\n<\/div>\n<\/div>\n\n<div class=\"t2-featured-query-post t2-featured-content is-post-type-case case_tax-delar-och-distribution wp-block-t2-featured-query-post\"><a class=\"t2-post-link wp-block-t2-post-link\" href=\"https:\/\/www.elementlogic.net\/se\/cases\/arvid-nilssons-automation-gav-effektivare-plockbattre-ergonomi-och-kapacitet-for-tillvaxt\/\">\n\t<div class=\"client-logo-image-wrapper\"><img loading=\"lazy\" decoding=\"async\" width=\"300\" height=\"117\" src=\"https:\/\/www.elementlogic.net\/content\/uploads\/sites\/14\/2026\/02\/AN-logo-300x117.jpeg\" class=\"client-logo-image\" alt=\"\" \/><\/div>\n\t<figure style=\"--t2-focal-point: 50% 50%;\" class=\"t2-post-featured-image has-image-ratio-3-2 wp-block-t2-post-featured-image\"><img loading=\"lazy\" decoding=\"async\" width=\"2402\" height=\"1353\" src=\"https:\/\/www.elementlogic.net\/content\/uploads\/sites\/14\/2025\/12\/Element-Logic-\u2013-XXL-10.png\" class=\"attachment-post-thumbnail size-post-thumbnail wp-post-image\" alt=\"R5 robotar i AutoStore grid\" srcset=\"https:\/\/www.elementlogic.net\/content\/uploads\/sites\/14\/2025\/12\/Element-Logic-\u2013-XXL-10.png 2402w, https:\/\/www.elementlogic.net\/content\/uploads\/sites\/14\/2025\/12\/Element-Logic-\u2013-XXL-10-300x169.png 300w, https:\/\/www.elementlogic.net\/content\/uploads\/sites\/14\/2025\/12\/Element-Logic-\u2013-XXL-10-1024x577.png 1024w, https:\/\/www.elementlogic.net\/content\/uploads\/sites\/14\/2025\/12\/Element-Logic-\u2013-XXL-10-768x433.png 768w, https:\/\/www.elementlogic.net\/content\/uploads\/sites\/14\/2025\/12\/Element-Logic-\u2013-XXL-10-1536x865.png 1536w, https:\/\/www.elementlogic.net\/content\/uploads\/sites\/14\/2025\/12\/Element-Logic-\u2013-XXL-10-2048x1154.png 2048w\" sizes=\"(max-width: 2402px) 100vw, 2402px\" \/><\/figure>\n\t\n<\/a>\n\n\t\t<div class=\"card-content wp-block-t2-wrapper\">\n\t<div class=\"wp-block-dekode-post-terms\"><span>Delar och distribution<\/span><\/div>\n\t<h3 class=\"t2-post-title wp-block-t2-post-title\"><a href=\"https:\/\/www.elementlogic.net\/se\/cases\/arvid-nilssons-automation-gav-effektivare-plockbattre-ergonomi-och-kapacitet-for-tillvaxt\/\" target=\"_self\" >Arvid Nilssons automation gav effektivare plock,\nb\u00e4ttre ergonomi och kapacitet f\u00f6r tillv\u00e4xt<\/a><\/h3>\n\t<div class=\"t2-post-excerpt wp-block-t2-post-excerpt\"><p>Fr\u00e5n traditionellt lager till framtidss\u00e4ker logistik Arvid Nilsson grundades 1918 och \u00e4r idag en etablerad akt\u00f6r p\u00e5 marknaderna i\u00a0Sverige, Norge [&hellip;]<\/p><\/div>\n<\/div>\n<\/div>\n\n<div class=\"t2-featured-query-post t2-featured-content is-post-type-case case_tax-delar-och-distribution wp-block-t2-featured-query-post\"><a class=\"t2-post-link wp-block-t2-post-link\" href=\"https:\/\/www.elementlogic.net\/se\/cases\/j-spec-satsar-pa-automation-i-nybyggt-lager\/\">\n\t<div class=\"client-logo-image-wrapper\"><img loading=\"lazy\" decoding=\"async\" width=\"150\" height=\"150\" src=\"https:\/\/www.elementlogic.net\/content\/uploads\/sites\/14\/2023\/11\/6c8b397f9a4054b2fc189162c7b6d7f0-150x150-1.jpeg\" class=\"client-logo-image\" alt=\"\" \/><\/div>\n\t<figure style=\"--t2-focal-point: 50% 50%;\" class=\"t2-post-featured-image has-image-ratio-3-2 wp-block-t2-post-featured-image\"><img loading=\"lazy\" decoding=\"async\" width=\"360\" height=\"240\" src=\"https:\/\/www.elementlogic.net\/content\/uploads\/sites\/14\/2023\/11\/P1018448-360x240-1.jpg\" class=\"attachment-post-thumbnail size-post-thumbnail wp-post-image\" alt=\"AutoStore grid\" srcset=\"https:\/\/www.elementlogic.net\/content\/uploads\/sites\/14\/2023\/11\/P1018448-360x240-1.jpg 360w, https:\/\/www.elementlogic.net\/content\/uploads\/sites\/14\/2023\/11\/P1018448-360x240-1-300x200.jpg 300w\" sizes=\"(max-width: 360px) 100vw, 360px\" \/><\/figure>\n\t\n<\/a>\n\n\t\t<div class=\"card-content wp-block-t2-wrapper\">\n\t<div class=\"wp-block-dekode-post-terms\"><span>Delar och distribution<\/span><\/div>\n\t<h3 class=\"t2-post-title wp-block-t2-post-title\"><a href=\"https:\/\/www.elementlogic.net\/se\/cases\/j-spec-satsar-pa-automation-i-nybyggt-lager\/\" target=\"_self\" >J-Spec satsar p\u00e5 automation i nybyggt lager<\/a><\/h3>\n\t<div class=\"t2-post-excerpt wp-block-t2-post-excerpt\"><p>F\u00f6retaget J-Spec grundades 2005 av bilentusiaster, d\u00e5 som pionj\u00e4rer inom import av begagnade japanska sportbilar. Efter n\u00e5gra \u00e5r avvecklades bilimporten [&hellip;]<\/p><\/div>\n<\/div>\n<\/div>\n<\/div>\n\n\n<div class=\"wp-block-buttons is-layout-flex wp-block-buttons-is-layout-flex\">\n<div class=\"wp-block-button\"><a class=\"wp-block-button__link has-text-align-left wp-element-button\" href=\"https:\/\/www.elementlogic.net\/se\/cases\/\">Se fler case <\/a><\/div>\n<\/div>\n\n\n\n<div class=\"wp-block-group alignwide has-global-padding is-layout-constrained wp-block-group-is-layout-constrained\">\n<h2 class=\"wp-block-heading wp-container-content-2\" id=\"h-varfor-aktorer-inom-reservdelar-och-distribution-valjer-element-logic\"><strong>Varf\u00f6r akt\u00f6rer inom reservdelar och distribution v\u00e4ljer Element Logic<\/strong><\/h2>\n\n\n\n<ul class=\"wp-block-list\">\n<li>Snabba upp orderuppfyllnaden f\u00f6r order samma dag och n\u00e4sta dag<\/li>\n\n\n\n<li>Minska kostsamma fel med automationsdriven precision<\/li>\n\n\n\n<li>Maximera utrymmesutnyttjandet med ultrat\u00e4ta lagringssystem<\/li>\n\n\n\n<li>Skala kapaciteten s\u00f6ml\u00f6st f\u00f6r att hantera efterfr\u00e5getoppar<\/li>\n<\/ul>\n<\/div>\n\n\n\n<div style=\"height:100px\" aria-hidden=\"true\" class=\"wp-block-spacer\"><\/div>\n\n\n\n\t\t<div style=\"--dekode-hero-dim:0.6; --t2-icon-fill:var(--wp--preset--color--white);\" class=\"alignfull dekode-hero-content-position-center has-media-background wp-block-dekode-hero has-text-color has-white-color\">\n\t\t\t<img loading=\"lazy\" decoding=\"async\" width=\"1024\" height=\"1024\" src=\"https:\/\/www.elementlogic.net\/content\/uploads\/sites\/14\/2026\/03\/Parts-distribution-1.png\" class=\"dekode-hero__image\" alt=\"\" style=\"--focalpoint: 73% 18%;\" srcset=\"https:\/\/www.elementlogic.net\/content\/uploads\/sites\/14\/2026\/03\/Parts-distribution-1.png 1024w, https:\/\/www.elementlogic.net\/content\/uploads\/sites\/14\/2026\/03\/Parts-distribution-1-300x300.png 300w, https:\/\/www.elementlogic.net\/content\/uploads\/sites\/14\/2026\/03\/Parts-distribution-1-150x150.png 150w, https:\/\/www.elementlogic.net\/content\/uploads\/sites\/14\/2026\/03\/Parts-distribution-1-768x768.png 768w\" sizes=\"(max-width: 1024px) 100vw, 1024px\" \/>\n\t\t\t<div class=\"dekode-hero__content\">\n\t\t\t\t<div class=\"dekode-hero__container\">\n\t\t\t\t\t\n\n<h1 class=\"wp-block-heading\" id=\"h-leverera-ratt-del-varje-gang-med-automation-fran-element-logic\">Leverera r\u00e4tt del, varje g\u00e5ng &#8211; med automation fr\u00e5n Element Logic.<\/h1>\n\n\n\n<div class=\"wp-block-buttons is-layout-flex wp-block-buttons-is-layout-flex\">\n<div class=\"wp-block-button http:\/\/hs-cta-trigger-button hs-cta-trigger-button-195241208906\"><a class=\"wp-block-button__link wp-element-button\" href=\"https:\/\/www.elementlogic.net\/se\/boka-gratis-konsultation\/\">Kontakta oss idag<\/a><\/div>\n<\/div>\n\n\n\t\t\t\t<\/div>\n\t\t\t<\/div>\n\t\t<\/div>\n\t\t","protected":false},"excerpt":{"rendered":"<p>Element Logic hj\u00e4lper distribut\u00f6rer inom reservdelar och distribution att optimera lagring, p\u00e5skynda orderuppfyllnad och eliminera kostsamma fel. Med \u00f6ver 40 [&hellip;]<\/p>\n","protected":false},"author":2,"featured_media":0,"parent":3103,"menu_order":0,"comment_status":"closed","ping_status":"closed","template":"","meta":{"hreflang_relation":0,"_el_cross_publish_source_blog_url":"","_el_cross_publish_source_blog_id":0,"_el_cross_publish_source_post_id":0,"_el_cross_publish_sync_state":"","exclude_from_search":false,"footnotes":""},"class_list":["post-3091","page","type-page","status-publish","hentry"],"yoast_head":"<!-- This site is optimized with the Yoast SEO Premium plugin v23.9 (Yoast SEO v23.9) - https:\/\/yoast.com\/wordpress\/plugins\/seo\/ -->\n<title>Reservdelar och distribution - Element Logic Sweden<\/title>\n<meta name=\"description\" content=\"Lagerautomation f\u00f6r reservdelar och distribution som ger snabbare leveranser, h\u00f6g precision och skalbar kapacitet vid \u00f6kad efterfr\u00e5gan.\" \/>\n<meta name=\"robots\" content=\"index, follow, max-snippet:-1, max-image-preview:large, max-video-preview:-1\" \/>\n<link rel=\"canonical\" href=\"https:\/\/www.elementlogic.net\/se\/branscher\/reservdelar-och-distribution\/\" \/>\n<meta property=\"og:locale\" content=\"sv_SE\" \/>\n<meta property=\"og:type\" content=\"article\" \/>\n<meta property=\"og:title\" content=\"Reservdelar och distribution\" \/>\n<meta property=\"og:description\" content=\"Lagerautomation f\u00f6r reservdelar och distribution som ger snabbare leveranser, h\u00f6g precision och skalbar kapacitet vid \u00f6kad efterfr\u00e5gan.\" \/>\n<meta property=\"og:url\" content=\"https:\/\/www.elementlogic.net\/se\/branscher\/reservdelar-och-distribution\/\" \/>\n<meta property=\"og:site_name\" content=\"Element Logic Sweden\" \/>\n<meta property=\"article:modified_time\" content=\"2026-03-30T06:19:11+00:00\" \/>\n<meta name=\"twitter:card\" content=\"summary_large_image\" \/>\n<meta name=\"twitter:label1\" content=\"Ber\u00e4knad l\u00e4stid\" \/>\n\t<meta name=\"twitter:data1\" content=\"1 minut\" \/>\n<script type=\"application\/ld+json\" class=\"yoast-schema-graph\">{\"@context\":\"https:\/\/schema.org\",\"@graph\":[{\"@type\":\"WebPage\",\"@id\":\"https:\/\/www.elementlogic.net\/se\/branscher\/reservdelar-och-distribution\/\",\"url\":\"https:\/\/www.elementlogic.net\/se\/branscher\/reservdelar-och-distribution\/\",\"name\":\"Reservdelar och distribution - Element Logic Sweden\",\"isPartOf\":{\"@id\":\"https:\/\/www.elementlogic.net\/se\/#website\"},\"datePublished\":\"2026-03-25T14:26:33+00:00\",\"dateModified\":\"2026-03-30T06:19:11+00:00\",\"description\":\"Lagerautomation f\u00f6r reservdelar och distribution som ger snabbare leveranser, h\u00f6g precision och skalbar kapacitet vid \u00f6kad efterfr\u00e5gan.\",\"breadcrumb\":{\"@id\":\"https:\/\/www.elementlogic.net\/se\/branscher\/reservdelar-och-distribution\/#breadcrumb\"},\"inLanguage\":\"sv-SE\",\"potentialAction\":[{\"@type\":\"ReadAction\",\"target\":[\"https:\/\/www.elementlogic.net\/se\/branscher\/reservdelar-och-distribution\/\"]}]},{\"@type\":\"BreadcrumbList\",\"@id\":\"https:\/\/www.elementlogic.net\/se\/branscher\/reservdelar-och-distribution\/#breadcrumb\",\"itemListElement\":[{\"@type\":\"ListItem\",\"position\":1,\"name\":\"Branscher\",\"item\":\"https:\/\/www.elementlogic.net\/se\/branscher\/\"},{\"@type\":\"ListItem\",\"position\":2,\"name\":\"Reservdelar och distribution\"}]},{\"@type\":\"WebSite\",\"@id\":\"https:\/\/www.elementlogic.net\/se\/#website\",\"url\":\"https:\/\/www.elementlogic.net\/se\/\",\"name\":\"Element Logic Sweden\",\"description\":\"\",\"potentialAction\":[{\"@type\":\"SearchAction\",\"target\":{\"@type\":\"EntryPoint\",\"urlTemplate\":\"https:\/\/www.elementlogic.net\/se\/?s={search_term_string}\"},\"query-input\":{\"@type\":\"PropertyValueSpecification\",\"valueRequired\":true,\"valueName\":\"search_term_string\"}}],\"inLanguage\":\"sv-SE\"}]}<\/script>\n<!-- \/ Yoast SEO Premium plugin. -->","yoast_head_json":{"title":"Reservdelar och distribution - Element Logic Sweden","description":"Lagerautomation f\u00f6r reservdelar och distribution som ger snabbare leveranser, h\u00f6g precision och skalbar kapacitet vid \u00f6kad efterfr\u00e5gan.","robots":{"index":"index","follow":"follow","max-snippet":"max-snippet:-1","max-image-preview":"max-image-preview:large","max-video-preview":"max-video-preview:-1"},"canonical":"https:\/\/www.elementlogic.net\/se\/branscher\/reservdelar-och-distribution\/","og_locale":"sv_SE","og_type":"article","og_title":"Reservdelar och distribution","og_description":"Lagerautomation f\u00f6r reservdelar och distribution som ger snabbare leveranser, h\u00f6g precision och skalbar kapacitet vid \u00f6kad efterfr\u00e5gan.","og_url":"https:\/\/www.elementlogic.net\/se\/branscher\/reservdelar-och-distribution\/","og_site_name":"Element Logic Sweden","article_modified_time":"2026-03-30T06:19:11+00:00","twitter_card":"summary_large_image","twitter_misc":{"Ber\u00e4knad l\u00e4stid":"1 minut"},"schema":{"@context":"https:\/\/schema.org","@graph":[{"@type":"WebPage","@id":"https:\/\/www.elementlogic.net\/se\/branscher\/reservdelar-och-distribution\/","url":"https:\/\/www.elementlogic.net\/se\/branscher\/reservdelar-och-distribution\/","name":"Reservdelar och distribution - Element Logic Sweden","isPartOf":{"@id":"https:\/\/www.elementlogic.net\/se\/#website"},"datePublished":"2026-03-25T14:26:33+00:00","dateModified":"2026-03-30T06:19:11+00:00","description":"Lagerautomation f\u00f6r reservdelar och distribution som ger snabbare leveranser, h\u00f6g precision och skalbar kapacitet vid \u00f6kad efterfr\u00e5gan.","breadcrumb":{"@id":"https:\/\/www.elementlogic.net\/se\/branscher\/reservdelar-och-distribution\/#breadcrumb"},"inLanguage":"sv-SE","potentialAction":[{"@type":"ReadAction","target":["https:\/\/www.elementlogic.net\/se\/branscher\/reservdelar-och-distribution\/"]}]},{"@type":"BreadcrumbList","@id":"https:\/\/www.elementlogic.net\/se\/branscher\/reservdelar-och-distribution\/#breadcrumb","itemListElement":[{"@type":"ListItem","position":1,"name":"Branscher","item":"https:\/\/www.elementlogic.net\/se\/branscher\/"},{"@type":"ListItem","position":2,"name":"Reservdelar och distribution"}]},{"@type":"WebSite","@id":"https:\/\/www.elementlogic.net\/se\/#website","url":"https:\/\/www.elementlogic.net\/se\/","name":"Element Logic Sweden","description":"","potentialAction":[{"@type":"SearchAction","target":{"@type":"EntryPoint","urlTemplate":"https:\/\/www.elementlogic.net\/se\/?s={search_term_string}"},"query-input":{"@type":"PropertyValueSpecification","valueRequired":true,"valueName":"search_term_string"}}],"inLanguage":"sv-SE"}]}},"_links":{"self":[{"href":"https:\/\/www.elementlogic.net\/se\/wp-json\/wp\/v2\/pages\/3091"}],"collection":[{"href":"https:\/\/www.elementlogic.net\/se\/wp-json\/wp\/v2\/pages"}],"about":[{"href":"https:\/\/www.elementlogic.net\/se\/wp-json\/wp\/v2\/types\/page"}],"author":[{"embeddable":true,"href":"https:\/\/www.elementlogic.net\/se\/wp-json\/wp\/v2\/users\/2"}],"replies":[{"embeddable":true,"href":"https:\/\/www.elementlogic.net\/se\/wp-json\/wp\/v2\/comments?post=3091"}],"version-history":[{"count":5,"href":"https:\/\/www.elementlogic.net\/se\/wp-json\/wp\/v2\/pages\/3091\/revisions"}],"predecessor-version":[{"id":3746,"href":"https:\/\/www.elementlogic.net\/se\/wp-json\/wp\/v2\/pages\/3091\/revisions\/3746"}],"up":[{"embeddable":true,"href":"https:\/\/www.elementlogic.net\/se\/wp-json\/wp\/v2\/pages\/3103"}],"wp:attachment":[{"href":"https:\/\/www.elementlogic.net\/se\/wp-json\/wp\/v2\/media?parent=3091"}],"curies":[{"name":"wp","href":"https:\/\/api.w.org\/{rel}","templated":true}]}}