{"id":3093,"date":"2026-03-26T09:14:59","date_gmt":"2026-03-26T09:14:59","guid":{"rendered":"https:\/\/www.elementlogic.net\/se\/?page_id=3093"},"modified":"2026-03-26T09:38:38","modified_gmt":"2026-03-26T09:38:38","slug":"kyllager","status":"publish","type":"page","link":"https:\/\/www.elementlogic.net\/se\/losningar-och-tjanster\/kyllager\/","title":{"rendered":"Kyllager"},"content":{"rendered":"\n\t\t<div style=\"--dekode-hero-dim:0.5; --t2-icon-fill:var(--wp--preset--color--white);\" class=\"alignfull dekode-hero-content-position-center has-media-background wp-block-dekode-hero has-text-color has-white-color\">\n\t\t\t<img loading=\"lazy\" decoding=\"async\" width=\"1024\" height=\"683\" src=\"https:\/\/www.elementlogic.net\/content\/uploads\/sites\/14\/2026\/03\/cold-storage2-1-1024x683.png\" class=\"dekode-hero__image\" alt=\"\" style=\"--focalpoint: 51% 8%;\" srcset=\"https:\/\/www.elementlogic.net\/content\/uploads\/sites\/14\/2026\/03\/cold-storage2-1-1024x683.png 1024w, https:\/\/www.elementlogic.net\/content\/uploads\/sites\/14\/2026\/03\/cold-storage2-1-300x200.png 300w, https:\/\/www.elementlogic.net\/content\/uploads\/sites\/14\/2026\/03\/cold-storage2-1-768x512.png 768w, https:\/\/www.elementlogic.net\/content\/uploads\/sites\/14\/2026\/03\/cold-storage2-1.png 1536w\" sizes=\"(max-width: 1024px) 100vw, 1024px\" \/>\n\t\t\t<div class=\"dekode-hero__content\">\n\t\t\t\t<div class=\"dekode-hero__container\">\n\t\t\t\t\t\n\n<p><\/p>\n\n\n\n<h1 class=\"wp-block-heading\" id=\"h-kyllager\"><strong>Kyllager<\/strong><\/h1>\n\n\n<p class=\"t2-ingress wp-block-t2-ingress\">Optimera varje grad i ditt lager<\/p>\n\n\n<div class=\"wp-block-buttons is-layout-flex wp-block-buttons-is-layout-flex\">\n<div class=\"wp-block-button hs-cta-trigger-button hs-cta-trigger-button-195241208906\"><a class=\"wp-block-button__link wp-element-button\" href=\"https:\/\/www.elementlogic.net\/se\/boka-gratis-konsultation\/\">Kontakta oss <\/a><\/div>\n<\/div>\n\n\n\t\t\t\t<\/div>\n\t\t\t<\/div>\n\t\t<\/div>\n\t\t\n\n<p class=\"t2-ingress wp-block-t2-ingress\">Kyllagerverksamheter st\u00e5r under konstant press: stigande energikostnader, strikta temperaturkrav och personalutmaningar i kr\u00e4vande arbetsmilj\u00f6er. Samtidigt \u00f6kar efterfr\u00e5gan p\u00e5 frysta och kylda produkter snabbt, fr\u00e5n livsmedel till l\u00e4kemedel.<\/p>\n\n\n<p><\/p>\n\n\n\n<p>Element Logic hj\u00e4lper kyllagerakt\u00f6rer att maximera kapaciteten, minimera arbetskraftskostnaderna och skydda produktintegriteten med automation utformad f\u00f6r frysta, kylda och tempererade zoner. Med \u00f6ver 40 \u00e5rs erfarenhet av intralogistik g\u00f6r vi det m\u00f6jligt f\u00f6r f\u00f6retag att h\u00e5lla varorna i r\u00f6relse med maximal effektivitet, \u00e4ven i extrema milj\u00f6er.<\/p>\n\n\n\n<div class=\"wp-block-group alignwide has-global-padding is-layout-constrained wp-block-group-is-layout-constrained\">\n<h2 class=\"wp-block-heading wp-container-content-1\" id=\"h-utmaningar-inom-kyllagerverksamhet\">Utmaningar inom kyllagerverksamhet<\/h2>\n\n\n\n<ul class=\"wp-block-list\">\n<li><strong>Hantera h\u00f6ga energikostnader<\/strong> samtidigt som det <strong>kubiska lagringsutrymmet optimeras<\/strong><\/li>\n\n\n\n<li><strong>\u00d6vervinna personalbrist<\/strong> i milj\u00f6er med l\u00e5ga temperaturer<\/li>\n\n\n\n<li>Uppr\u00e4tth\u00e5lla strikt <strong>temperatur\u00f6verensst\u00e4mmelse<\/strong> och sp\u00e5rbarhet<\/li>\n\n\n\n<li><strong>M\u00f6ta den v\u00e4xande efterfr\u00e5gan<\/strong> p\u00e5 kylda och frysta livsmedel, drycker och l\u00e4kemedel<\/li>\n\n\n\n<li>Hantera <strong>komplexa lagerfl\u00f6den med flera temperaturzoner<\/strong> effektivt<\/li>\n<\/ul>\n<\/div>\n\n\n\n<div class=\"wp-block-group alignwide has-global-padding is-layout-constrained wp-block-group-is-layout-constrained\">\n<h2 class=\"wp-block-heading wp-container-content-2\" id=\"h-varfor-kyllageraktorer-valjer-element-logic\">Varf\u00f6r kyllagerakt\u00f6rer v\u00e4ljer Element Logic<\/h2>\n\n\n\n<ul class=\"wp-block-list\">\n<li><strong>Maximera lagringst\u00e4theten<\/strong> f\u00f6r att minska energikostnaden per lagrad enhet<\/li>\n\n\n\n<li><strong>Minska beroendet av arbetskraft i extrema f\u00f6rh\u00e5llanden<\/strong><\/li>\n\n\n\n<li><strong>Uppr\u00e4tth\u00e5lla efterlevnad<\/strong> av strikta temperaturkrav<\/li>\n\n\n\n<li><strong>Skala verksamheten <\/strong>\u00f6ver frysta, kylda och tempererade zoner<\/li>\n<\/ul>\n<\/div>\n\n\n\n<div style=\"height:100px\" aria-hidden=\"true\" class=\"wp-block-spacer\"><\/div>\n\n\n\n\t\t<div style=\"--dekode-hero-dim:0.6; --t2-icon-fill:var(--wp--preset--color--white);\" class=\"alignfull dekode-hero-content-position-center has-media-background wp-block-dekode-hero has-text-color has-white-color\">\n\t\t\t<img loading=\"lazy\" decoding=\"async\" width=\"1024\" height=\"324\" src=\"https:\/\/www.elementlogic.net\/content\/uploads\/sites\/14\/2026\/03\/20190730_ElementLogic_ONLINE_DSC_4622-WP-3-1024x324.jpg\" class=\"dekode-hero__image\" alt=\"\" style=\"--focalpoint: 62% 52%;\" srcset=\"https:\/\/www.elementlogic.net\/content\/uploads\/sites\/14\/2026\/03\/20190730_ElementLogic_ONLINE_DSC_4622-WP-3-1024x324.jpg 1024w, https:\/\/www.elementlogic.net\/content\/uploads\/sites\/14\/2026\/03\/20190730_ElementLogic_ONLINE_DSC_4622-WP-3-300x95.jpg 300w, https:\/\/www.elementlogic.net\/content\/uploads\/sites\/14\/2026\/03\/20190730_ElementLogic_ONLINE_DSC_4622-WP-3-768x243.jpg 768w, https:\/\/www.elementlogic.net\/content\/uploads\/sites\/14\/2026\/03\/20190730_ElementLogic_ONLINE_DSC_4622-WP-3-1536x485.jpg 1536w, https:\/\/www.elementlogic.net\/content\/uploads\/sites\/14\/2026\/03\/20190730_ElementLogic_ONLINE_DSC_4622-WP-3.jpg 2000w\" sizes=\"(max-width: 1024px) 100vw, 1024px\" \/>\n\t\t\t<div class=\"dekode-hero__content\">\n\t\t\t\t<div class=\"dekode-hero__container\">\n\t\t\t\t\t\n\n<h1 class=\"wp-block-heading\" id=\"h-hur-element-logic-driver-effektivitet-i-kyllager\">Hur Element Logic driver effektivitet i kyllager<\/h1>\n\n\n<p class=\"t2-ingress wp-block-t2-ingress\">Vi integrerar flera tekniker i ett s\u00f6ml\u00f6st system, s\u00e5 att du kan skala upp utan kompromisser:<\/p>\n\n\t\t\t\t<\/div>\n\t\t\t<\/div>\n\t\t<\/div>\n\t\t\n\n\n\t\t<div style=\"--link-cards-grid-columns: 3\" class=\"dekode-link-cards has-3-columns alignwide wp-block-dekode-link-cards\">\n\t\t\t<div class=\"dekode-link-cards__items\">\n\t\t\t\t\n<div class=\"wp-block-dekode-link-card has-background has-primary-background-color\"><img loading=\"lazy\" decoding=\"async\" width=\"768\" height=\"512\" src=\"https:\/\/www.elementlogic.net\/content\/uploads\/sites\/14\/2026\/03\/AutoStoreSystem-1920x1080px-_1-1-768x512.jpg\" class=\"\" alt=\"\" \/>\t<div class=\"dekode-link-card__content\">\n\t\t\t\t<p class=\"dekode-link-card__title\">\n\t\t\tAutomatiserade lagrings- och plocksystem (ASRS)\t\t<\/p>\n\t\t\t\t\t<p class=\"dekode-link-card__description\">Lagra mer p\u00e5 mindre yta med ultrat\u00e4t, temperaturkontrollerad automation, idealisk f\u00f6r frysta och kylda milj\u00f6er.<\/p>\n\t\t\t<\/div>\n\t<\/div>\n\n<div class=\"wp-block-dekode-link-card has-background has-primary-background-color\"><img loading=\"lazy\" decoding=\"async\" width=\"768\" height=\"513\" src=\"https:\/\/www.elementlogic.net\/content\/uploads\/sites\/14\/2026\/03\/ElementLogic_Conveyors-in-action-768x513-1-4.jpg\" class=\"\" alt=\"\" \/>\t<div class=\"dekode-link-card__content\">\n\t\t\t\t<p class=\"dekode-link-card__title\">\n\t\t\tTransportbanesystem\t\t<\/p>\n\t\t\t\t\t<p class=\"dekode-link-card__description\">H\u00e5ll produkterna i r\u00f6relse s\u00f6ml\u00f6st mellan plock-, pack- och leveransomr\u00e5den samtidigt som kylkedjans integritet uppr\u00e4tth\u00e5lls.<\/p>\n\t\t\t<\/div>\n\t<\/div>\n\n<div class=\"wp-block-dekode-link-card has-background has-primary-background-color\"><img loading=\"lazy\" decoding=\"async\" width=\"498\" height=\"332\" src=\"https:\/\/www.elementlogic.net\/content\/uploads\/sites\/14\/2026\/03\/DSCF2940_TSPNT_v2-Custom-2.png\" class=\"\" alt=\"\" \/>\t<div class=\"dekode-link-card__content\">\n\t\t\t\t<p class=\"dekode-link-card__title\">\n\t\t\tPlock- och packl\u00f6sningar\t\t<\/p>\n\t\t\t\t\t<p class=\"dekode-link-card__description\">Minska hanteringstid och exponering med ergonomiska, effektiva arbetsstationer anpassade f\u00f6r kylda och frysta verksamheter.<\/p>\n\t\t\t<\/div>\n\t<\/div>\n\n<div class=\"wp-block-dekode-link-card has-background has-primary-background-color\"><img loading=\"lazy\" decoding=\"async\" width=\"768\" height=\"513\" src=\"https:\/\/www.elementlogic.net\/content\/uploads\/sites\/14\/2026\/03\/REISSER_Schraubentechnik_DE_ELE_01764-1-1-768x513.jpg\" class=\"\" alt=\"\" \/>\t<div class=\"dekode-link-card__content\">\n\t\t\t\t<p class=\"dekode-link-card__title\">\n\t\t\tAutonoma fordon\t\t<\/p>\n\t\t\t\t\t<p class=\"dekode-link-card__description\">Transportera varor mellan zoner utan att uts\u00e4tta personal f\u00f6r extrem kyla, vilket minskar belastningen och f\u00f6rb\u00e4ttrar s\u00e4kerheten.<\/p>\n\t\t\t<\/div>\n\t<\/div>\n\n<div class=\"wp-block-dekode-link-card has-background has-primary-background-color\"><img loading=\"lazy\" decoding=\"async\" width=\"768\" height=\"512\" src=\"https:\/\/www.elementlogic.net\/content\/uploads\/sites\/14\/2026\/03\/EL_Solar_eOperator_robot-1-768x512.jpg\" class=\"\" alt=\"\" \/>\t<div class=\"dekode-link-card__content\">\n\t\t\t\t<p class=\"dekode-link-card__title\">\n\t\t\tRobotplock\t\t<\/p>\n\t\t\t\t\t<p class=\"dekode-link-card__description\">Automatisera repetitiva uppgifter i kalla milj\u00f6er f\u00f6r att f\u00f6rb\u00e4ttra hastighet, precision och personals\u00e4kerhet.<\/p>\n\t\t\t<\/div>\n\t<\/div>\n\n<div class=\"wp-block-dekode-link-card has-background has-primary-background-color\"><img loading=\"lazy\" decoding=\"async\" width=\"768\" height=\"512\" src=\"https:\/\/www.elementlogic.net\/content\/uploads\/sites\/14\/2026\/03\/Element_logic_FDS_Kalle_warehousev2-768x512.jpg\" class=\"\" alt=\"\" \/>\t<div class=\"dekode-link-card__content\">\n\t\t\t\t<p class=\"dekode-link-card__title\">\n\t\t\tStatiska lagringsl\u00f6sningar\t\t<\/p>\n\t\t\t\t\t<p class=\"dekode-link-card__description\">St\u00f6d skrymmande, l\u00e5ngsamt roterande eller \u00f6verdimensionerade varor med statisk lagring som enkelt integreras med automatiserade system.<\/p>\n\t\t\t<\/div>\n\t<\/div>\n\n\t\t\t<\/div>\n\t\t<\/div>\n\n\n<div style=\"height:100px;width:0px\" aria-hidden=\"true\" class=\"wp-block-spacer\"><\/div>\n\n\n\n\t\t<div style=\"--dekode-hero-dim:0.6; --t2-icon-fill:var(--wp--preset--color--white);\" class=\"alignfull dekode-hero-content-position-center has-media-background wp-block-dekode-hero has-text-color has-white-color\">\n\t\t\t<img loading=\"lazy\" decoding=\"async\" width=\"1024\" height=\"683\" src=\"https:\/\/www.elementlogic.net\/content\/uploads\/sites\/14\/2026\/03\/Fiege_1-4.jpg\" class=\"dekode-hero__image\" alt=\"\" style=\"--focalpoint: 75% 71%;\" srcset=\"https:\/\/www.elementlogic.net\/content\/uploads\/sites\/14\/2026\/03\/Fiege_1-4.jpg 1024w, https:\/\/www.elementlogic.net\/content\/uploads\/sites\/14\/2026\/03\/Fiege_1-4-300x200.jpg 300w, https:\/\/www.elementlogic.net\/content\/uploads\/sites\/14\/2026\/03\/Fiege_1-4-768x512.jpg 768w\" sizes=\"(max-width: 1024px) 100vw, 1024px\" \/>\n\t\t\t<div class=\"dekode-hero__content\">\n\t\t\t\t<div class=\"dekode-hero__container\">\n\t\t\t\t\t\n\n<h1 class=\"wp-block-heading\" id=\"h-hall-kylkedjan-i-rorelse-med-intelligent-automation\"><strong>H\u00e5ll kylkedjan i r\u00f6relse med intelligent automation.<\/strong><\/h1>\n\n\n\n<div class=\"wp-block-buttons is-layout-flex wp-block-buttons-is-layout-flex\">\n<div class=\"wp-block-button http:\/\/hs-cta-trigger-button hs-cta-trigger-button-195241208906\"><a class=\"wp-block-button__link wp-element-button\" href=\"https:\/\/www.elementlogic.net\/se\/boka-gratis-konsultation\/\"><strong>K<\/strong>ontakta oss idag<\/a><\/div>\n<\/div>\n\n\n\t\t\t\t<\/div>\n\t\t\t<\/div>\n\t\t<\/div>\n\t\t","protected":false},"excerpt":{"rendered":"<p>Element Logic hj\u00e4lper kyllagerakt\u00f6rer att maximera kapaciteten, minimera arbetskraftskostnaderna och skydda produktintegriteten med automation utformad f\u00f6r frysta, kylda och tempererade [&hellip;]<\/p>\n","protected":false},"author":2,"featured_media":0,"parent":3060,"menu_order":0,"comment_status":"closed","ping_status":"closed","template":"","meta":{"hreflang_relation":0,"_el_cross_publish_source_blog_url":"","_el_cross_publish_source_blog_id":0,"_el_cross_publish_source_post_id":0,"_el_cross_publish_sync_state":"","exclude_from_search":false,"footnotes":""},"class_list":["post-3093","page","type-page","status-publish","hentry"],"yoast_head":"<!-- This site is optimized with the Yoast SEO Premium plugin v23.9 (Yoast SEO v23.9) - https:\/\/yoast.com\/wordpress\/plugins\/seo\/ -->\n<title>Kyllager - Element Logic Sweden<\/title>\n<meta name=\"description\" content=\"Uppt\u00e4ck automationsl\u00f6sningar f\u00f6r kyllager som \u00f6kar kapaciteten, minskar energikostnaderna och s\u00e4krar produktintegriteten.\" \/>\n<meta name=\"robots\" content=\"index, follow, max-snippet:-1, max-image-preview:large, max-video-preview:-1\" \/>\n<link rel=\"canonical\" href=\"https:\/\/www.elementlogic.net\/se\/losningar-och-tjanster\/kyllager\/\" \/>\n<meta property=\"og:locale\" content=\"sv_SE\" \/>\n<meta property=\"og:type\" content=\"article\" \/>\n<meta property=\"og:title\" content=\"Kyllager\" \/>\n<meta property=\"og:description\" content=\"Uppt\u00e4ck automationsl\u00f6sningar f\u00f6r kyllager som \u00f6kar kapaciteten, minskar energikostnaderna och s\u00e4krar produktintegriteten.\" \/>\n<meta property=\"og:url\" content=\"https:\/\/www.elementlogic.net\/se\/losningar-och-tjanster\/kyllager\/\" \/>\n<meta property=\"og:site_name\" content=\"Element Logic Sweden\" \/>\n<meta property=\"article:modified_time\" content=\"2026-03-26T09:38:38+00:00\" \/>\n<meta name=\"twitter:card\" content=\"summary_large_image\" \/>\n<meta name=\"twitter:label1\" content=\"Ber\u00e4knad l\u00e4stid\" \/>\n\t<meta name=\"twitter:data1\" content=\"1 minut\" \/>\n<script type=\"application\/ld+json\" class=\"yoast-schema-graph\">{\"@context\":\"https:\/\/schema.org\",\"@graph\":[{\"@type\":\"WebPage\",\"@id\":\"https:\/\/www.elementlogic.net\/se\/losningar-och-tjanster\/kyllager\/\",\"url\":\"https:\/\/www.elementlogic.net\/se\/losningar-och-tjanster\/kyllager\/\",\"name\":\"Kyllager - Element Logic Sweden\",\"isPartOf\":{\"@id\":\"https:\/\/www.elementlogic.net\/se\/#website\"},\"datePublished\":\"2026-03-26T09:14:59+00:00\",\"dateModified\":\"2026-03-26T09:38:38+00:00\",\"description\":\"Uppt\u00e4ck automationsl\u00f6sningar f\u00f6r kyllager som \u00f6kar kapaciteten, minskar energikostnaderna och s\u00e4krar produktintegriteten.\",\"breadcrumb\":{\"@id\":\"https:\/\/www.elementlogic.net\/se\/losningar-och-tjanster\/kyllager\/#breadcrumb\"},\"inLanguage\":\"sv-SE\",\"potentialAction\":[{\"@type\":\"ReadAction\",\"target\":[\"https:\/\/www.elementlogic.net\/se\/losningar-och-tjanster\/kyllager\/\"]}]},{\"@type\":\"BreadcrumbList\",\"@id\":\"https:\/\/www.elementlogic.net\/se\/losningar-och-tjanster\/kyllager\/#breadcrumb\",\"itemListElement\":[{\"@type\":\"ListItem\",\"position\":1,\"name\":\"L\u00f6sningar och tj\u00e4nster\",\"item\":\"https:\/\/www.elementlogic.net\/se\/losningar-och-tjanster\/\"},{\"@type\":\"ListItem\",\"position\":2,\"name\":\"Kyllager\"}]},{\"@type\":\"WebSite\",\"@id\":\"https:\/\/www.elementlogic.net\/se\/#website\",\"url\":\"https:\/\/www.elementlogic.net\/se\/\",\"name\":\"Element Logic Sweden\",\"description\":\"\",\"potentialAction\":[{\"@type\":\"SearchAction\",\"target\":{\"@type\":\"EntryPoint\",\"urlTemplate\":\"https:\/\/www.elementlogic.net\/se\/?s={search_term_string}\"},\"query-input\":{\"@type\":\"PropertyValueSpecification\",\"valueRequired\":true,\"valueName\":\"search_term_string\"}}],\"inLanguage\":\"sv-SE\"}]}<\/script>\n<!-- \/ Yoast SEO Premium plugin. -->","yoast_head_json":{"title":"Kyllager - Element Logic Sweden","description":"Uppt\u00e4ck automationsl\u00f6sningar f\u00f6r kyllager som \u00f6kar kapaciteten, minskar energikostnaderna och s\u00e4krar produktintegriteten.","robots":{"index":"index","follow":"follow","max-snippet":"max-snippet:-1","max-image-preview":"max-image-preview:large","max-video-preview":"max-video-preview:-1"},"canonical":"https:\/\/www.elementlogic.net\/se\/losningar-och-tjanster\/kyllager\/","og_locale":"sv_SE","og_type":"article","og_title":"Kyllager","og_description":"Uppt\u00e4ck automationsl\u00f6sningar f\u00f6r kyllager som \u00f6kar kapaciteten, minskar energikostnaderna och s\u00e4krar produktintegriteten.","og_url":"https:\/\/www.elementlogic.net\/se\/losningar-och-tjanster\/kyllager\/","og_site_name":"Element Logic Sweden","article_modified_time":"2026-03-26T09:38:38+00:00","twitter_card":"summary_large_image","twitter_misc":{"Ber\u00e4knad l\u00e4stid":"1 minut"},"schema":{"@context":"https:\/\/schema.org","@graph":[{"@type":"WebPage","@id":"https:\/\/www.elementlogic.net\/se\/losningar-och-tjanster\/kyllager\/","url":"https:\/\/www.elementlogic.net\/se\/losningar-och-tjanster\/kyllager\/","name":"Kyllager - Element Logic Sweden","isPartOf":{"@id":"https:\/\/www.elementlogic.net\/se\/#website"},"datePublished":"2026-03-26T09:14:59+00:00","dateModified":"2026-03-26T09:38:38+00:00","description":"Uppt\u00e4ck automationsl\u00f6sningar f\u00f6r kyllager som \u00f6kar kapaciteten, minskar energikostnaderna och s\u00e4krar produktintegriteten.","breadcrumb":{"@id":"https:\/\/www.elementlogic.net\/se\/losningar-och-tjanster\/kyllager\/#breadcrumb"},"inLanguage":"sv-SE","potentialAction":[{"@type":"ReadAction","target":["https:\/\/www.elementlogic.net\/se\/losningar-och-tjanster\/kyllager\/"]}]},{"@type":"BreadcrumbList","@id":"https:\/\/www.elementlogic.net\/se\/losningar-och-tjanster\/kyllager\/#breadcrumb","itemListElement":[{"@type":"ListItem","position":1,"name":"L\u00f6sningar och tj\u00e4nster","item":"https:\/\/www.elementlogic.net\/se\/losningar-och-tjanster\/"},{"@type":"ListItem","position":2,"name":"Kyllager"}]},{"@type":"WebSite","@id":"https:\/\/www.elementlogic.net\/se\/#website","url":"https:\/\/www.elementlogic.net\/se\/","name":"Element Logic Sweden","description":"","potentialAction":[{"@type":"SearchAction","target":{"@type":"EntryPoint","urlTemplate":"https:\/\/www.elementlogic.net\/se\/?s={search_term_string}"},"query-input":{"@type":"PropertyValueSpecification","valueRequired":true,"valueName":"search_term_string"}}],"inLanguage":"sv-SE"}]}},"_links":{"self":[{"href":"https:\/\/www.elementlogic.net\/se\/wp-json\/wp\/v2\/pages\/3093"}],"collection":[{"href":"https:\/\/www.elementlogic.net\/se\/wp-json\/wp\/v2\/pages"}],"about":[{"href":"https:\/\/www.elementlogic.net\/se\/wp-json\/wp\/v2\/types\/page"}],"author":[{"embeddable":true,"href":"https:\/\/www.elementlogic.net\/se\/wp-json\/wp\/v2\/users\/2"}],"replies":[{"embeddable":true,"href":"https:\/\/www.elementlogic.net\/se\/wp-json\/wp\/v2\/comments?post=3093"}],"version-history":[{"count":4,"href":"https:\/\/www.elementlogic.net\/se\/wp-json\/wp\/v2\/pages\/3093\/revisions"}],"predecessor-version":[{"id":3594,"href":"https:\/\/www.elementlogic.net\/se\/wp-json\/wp\/v2\/pages\/3093\/revisions\/3594"}],"up":[{"embeddable":true,"href":"https:\/\/www.elementlogic.net\/se\/wp-json\/wp\/v2\/pages\/3060"}],"wp:attachment":[{"href":"https:\/\/www.elementlogic.net\/se\/wp-json\/wp\/v2\/media?parent=3093"}],"curies":[{"name":"wp","href":"https:\/\/api.w.org\/{rel}","templated":true}]}}