{"id":3101,"date":"2026-03-25T14:28:15","date_gmt":"2026-03-25T14:28:15","guid":{"rendered":"https:\/\/www.elementlogic.net\/se\/?page_id=3101"},"modified":"2026-03-30T06:20:58","modified_gmt":"2026-03-30T06:20:58","slug":"medicinteknik-lakemedel","status":"publish","type":"page","link":"https:\/\/www.elementlogic.net\/se\/branscher\/medicinteknik-lakemedel\/","title":{"rendered":"Medicinteknik &amp; l\u00e4kemedel"},"content":{"rendered":"\n\t\t<div style=\"--dekode-hero-dim:0.5; --t2-icon-fill:var(--wp--preset--color--white);\" class=\"alignfull dekode-hero-content-position-center has-media-background wp-block-dekode-hero has-text-color has-white-color\">\n\t\t\t<img loading=\"lazy\" decoding=\"async\" width=\"1024\" height=\"576\" src=\"https:\/\/www.elementlogic.net\/content\/uploads\/sites\/14\/2026\/03\/Wholesale-Automation-3.png\" class=\"dekode-hero__image\" alt=\"\" style=\"--focalpoint: 48% 51%;\" srcset=\"https:\/\/www.elementlogic.net\/content\/uploads\/sites\/14\/2026\/03\/Wholesale-Automation-3.png 1024w, https:\/\/www.elementlogic.net\/content\/uploads\/sites\/14\/2026\/03\/Wholesale-Automation-3-300x169.png 300w, https:\/\/www.elementlogic.net\/content\/uploads\/sites\/14\/2026\/03\/Wholesale-Automation-3-768x432.png 768w\" sizes=\"(max-width: 1024px) 100vw, 1024px\" \/>\n\t\t\t<div class=\"dekode-hero__content\">\n\t\t\t\t<div class=\"dekode-hero__container\">\n\t\t\t\t\t\n\n<p><\/p>\n\n\n\n<h1 class=\"wp-block-heading\" id=\"h-medicinteknik-amp-lakemedel\"><strong>Medicinteknik &amp; l\u00e4kemedel<\/strong><\/h1>\n\n\n<p class=\"t2-ingress wp-block-t2-ingress\">Precision och efterlevnad i varje dos<\/p>\n\n\n<div class=\"wp-block-buttons is-layout-flex wp-block-buttons-is-layout-flex\">\n<div class=\"wp-block-button hs-cta-trigger-button hs-cta-trigger-button-195241208906 has-icon has-icon-theme_arrow\"><a class=\"wp-block-button__link wp-element-button\" href=\"https:\/\/www.elementlogic.net\/se\/boka-gratis-konsultation\/\">Kontakta oss<svg xmlns=\"http:\/\/www.w3.org\/2000\/svg\" viewBox=\"0 0 24 24\" height=\"24\" width=\"24\" class=\"t2-icon t2-icon-theme_arrow\" aria-hidden=\"true\" focusable=\"false\"><path d=\"M16.627 12.75H5.25C5.03717 12.75 4.859 12.6782 4.7155 12.5345C4.57183 12.391 4.5 12.2128 4.5 12C4.5 11.7872 4.57183 11.609 4.7155 11.4655C4.859 11.3218 5.03717 11.25 5.25 11.25H16.627L11.4577 6.08076C11.3091 5.93209 11.2357 5.75809 11.2375 5.55876C11.2395 5.35942 11.318 5.18217 11.473 5.02701C11.6282 4.88217 11.8038 4.80717 12 4.80201C12.1962 4.79684 12.3718 4.87184 12.527 5.02701L18.8673 11.3673C18.9609 11.4609 19.0269 11.5597 19.0652 11.6635C19.1037 11.7673 19.123 11.8795 19.123 12C19.123 12.1205 19.1037 12.2327 19.0652 12.3365C19.0269 12.4403 18.9609 12.5391 18.8673 12.6328L12.527 18.973C12.3885 19.1115 12.217 19.1823 12.0125 19.1855C11.808 19.1887 11.6282 19.1178 11.473 18.973C11.318 18.8178 11.2405 18.6397 11.2405 18.4385C11.2405 18.2372 11.318 18.0589 11.473 17.9038L16.627 12.75Z\" fill=\"var(--t2-icon-fill, #000)\"\/><\/svg><\/a><\/div>\n<\/div>\n\n\n\t\t\t\t<\/div>\n\t\t\t<\/div>\n\t\t<\/div>\n\t\t\n\n<p class=\"t2-ingress wp-block-t2-ingress\">Inom medicin- och l\u00e4kemedelsbranschen <strong>r\u00e4ddar precision liv.<\/strong> Varje order m\u00e5ste uppfylla <strong>strikta regelverk, <\/strong>ha <strong>full sp\u00e5rbarhet<\/strong> och anl\u00e4nda under <strong>perfekta f\u00f6rh\u00e5llanden.<\/strong> Med v\u00e4xande produktm\u00e5ngfald, \u00f6kande krav p\u00e5 efterlevnad och utmaningar kring arbetskraft \u00e4r automation avg\u00f6rande f\u00f6r att s\u00e4kerst\u00e4lla kvalitet och tillf\u00f6rlitlighet.<\/p>\n\n\n<p>Element Logic hj\u00e4lper distribut\u00f6rer, tillverkare och v\u00e5rdgivare inom medicin och l\u00e4kemedel att optimera lagring, s\u00e4kerst\u00e4lla efterlevnad och garantera felfri produkthantering. Som v\u00e4rldens f\u00f6rsta AutoStore-partner, och med mer \u00e4n 40 \u00e5rs expertis inom intralogistik, levererar vi automation som skyddar b\u00e5de patienter och prestanda.<\/p>\n\n\n\n<div class=\"wp-block-group has-global-padding is-layout-constrained wp-block-group-is-layout-constrained\">\n<h2 class=\"wp-block-heading wp-container-content-1\" id=\"h-utmaningar-inom-medicinsk-och-farmaceutisk-logistik\"><strong>Utmaningar inom medicinsk och farmaceutisk logistik<\/strong><\/h2>\n\n\n\n<ul class=\"wp-block-list\">\n<li>Hantera strikt temperaturkontroll och produktintegritet i olika lagringszoner<\/li>\n\n\n\n<li>Uppfylla regulatoriska krav<\/li>\n\n\n\n<li>Minska risken f\u00f6r m\u00e4nskliga fel vid hantering av k\u00e4nsliga varor<\/li>\n\n\n\n<li>Hantera stora SKU-sortiment inom l\u00e4kemedel, medicintekniska produkter och f\u00f6rbrukningsvaror<\/li>\n\n\n\n<li>Balansera hastighet, precision och s\u00e4kerhet i tidskritiska leveranser<\/li>\n<\/ul>\n<\/div>\n\n\n\n\t\t<div style=\"--dekode-hero-dim:0.5; --t2-icon-fill:var(--wp--preset--color--white);\" class=\"alignfull dekode-hero-content-position-center has-media-background wp-block-dekode-hero has-text-color has-white-color\">\n\t\t\t\t\t<video\n\t\t\tautoplay\n\t\t\tloop\n\t\t\tmuted\n\t\t\tplaysinline\n\t\t\tposter=\"\"\n\t\t\tsrc=\"https:\/\/www.elementlogic.net\/content\/uploads\/2024\/07\/solutions-and-services.mp4\">\n\t\t<\/video>\n\t\t\n\t\t\t<div class=\"dekode-hero__content\">\n\t\t\t\t<div class=\"dekode-hero__container\">\n\t\t\t\t\t\n\n<h2 class=\"wp-block-heading\" id=\"h-betrodd-av-ledande-foretag-inom-medicinteknik-och-lakemedel\">Betrodd av ledande f\u00f6retag inom medicinteknik och l\u00e4kemedel:<\/h2>\n\n\n\t\t\t\t<\/div>\n\t\t\t<\/div>\n\t\t<\/div>\n\t\t\n\n<div class=\"t2-featured-content-layout alignwide wp-block-t2-featured-content-layout\">\n<div class=\"t2-featured-query-post t2-featured-content is-post-type-case case_tax-lakemedel wp-block-t2-featured-query-post\"><a class=\"t2-post-link wp-block-t2-post-link\" href=\"https:\/\/www.elementlogic.net\/se\/cases\/apotea-forst-med-integrerat-robotplock-i-autostore\/\">\n\t<div class=\"client-logo-image-wrapper\"><img loading=\"lazy\" decoding=\"async\" width=\"150\" height=\"65\" src=\"https:\/\/www.elementlogic.net\/content\/uploads\/sites\/14\/2024\/10\/Apotea-logo_T-150x65-1.png\" class=\"client-logo-image\" alt=\"apotea logotyp\" \/><\/div>\n\t<figure style=\"--t2-focal-point: 50% 50%;\" class=\"t2-post-featured-image has-image-ratio-3-2 wp-block-t2-post-featured-image\"><img loading=\"lazy\" decoding=\"async\" width=\"2000\" height=\"1334\" src=\"https:\/\/www.elementlogic.net\/content\/uploads\/sites\/14\/2024\/10\/eOperator_2.jpg\" class=\"attachment-post-thumbnail size-post-thumbnail wp-post-image\" alt=\"Plockroboten eOperator fr\u00e5n Element Logic\" srcset=\"https:\/\/www.elementlogic.net\/content\/uploads\/sites\/14\/2024\/10\/eOperator_2.jpg 2000w, https:\/\/www.elementlogic.net\/content\/uploads\/sites\/14\/2024\/10\/eOperator_2-300x200.jpg 300w, https:\/\/www.elementlogic.net\/content\/uploads\/sites\/14\/2024\/10\/eOperator_2-1024x683.jpg 1024w, https:\/\/www.elementlogic.net\/content\/uploads\/sites\/14\/2024\/10\/eOperator_2-768x512.jpg 768w, https:\/\/www.elementlogic.net\/content\/uploads\/sites\/14\/2024\/10\/eOperator_2-1536x1025.jpg 1536w\" sizes=\"(max-width: 2000px) 100vw, 2000px\" \/><\/figure>\n\t\n<\/a>\n\n\t\t<div class=\"card-content wp-block-t2-wrapper\">\n\t<div class=\"wp-block-dekode-post-terms\"><span>L\u00e4kemedel<\/span><\/div>\n\t<h3 class=\"t2-post-title wp-block-t2-post-title\"><a href=\"https:\/\/www.elementlogic.net\/se\/cases\/apotea-forst-med-integrerat-robotplock-i-autostore\/\" target=\"_self\" >Svenska Apotea f\u00f6rst i v\u00e4rlden med integrerat robotplock i AutoStore<\/a><\/h3>\n\t<div class=\"t2-post-excerpt wp-block-t2-post-excerpt\"><p>Se filmen fr\u00e5n Apoteas logistikcenter: Apoteksprodukter \u00e4r en av de snabbast v\u00e4xande e-handelsbranscherna i v\u00e4rlden. Apotea.se \u00e4r Sveriges st\u00f6rsta n\u00e4tapotek [&hellip;]<\/p><\/div>\n<\/div>\n<\/div>\n\n\n\n\n<\/div>\n\n\n<div class=\"wp-block-buttons is-layout-flex wp-block-buttons-is-layout-flex\">\n<div class=\"wp-block-button\"><a class=\"wp-block-button__link wp-element-button\" href=\"https:\/\/www.elementlogic.net\/se\/cases\/\">Se fler case<\/a><\/div>\n<\/div>\n\n\n\n<div class=\"wp-block-group has-global-padding is-layout-constrained wp-block-group-is-layout-constrained\">\n<h2 class=\"wp-block-heading wp-container-content-2\" id=\"h-varfor-foretag-inom-medicinteknik-och-lakemedel-valjer-element-logic\">Varf\u00f6r f\u00f6retag inom medicinteknik och l\u00e4kemedel v\u00e4ljer Element Logic<\/h2>\n\n\n\n<ul class=\"wp-block-list\">\n<li>Uppr\u00e4tth\u00e5ll full regelm\u00e4ssig efterlevnad med sp\u00e5rbar automation<\/li>\n\n\n\n<li>Skydda produktintegriteten och minimera risker f\u00f6r kontaminering<\/li>\n\n\n\n<li>Uppn\u00e5 extremt precis orderuppfyllnad med end-to-end-synlighet<\/li>\n\n\n\n<li>Skala verksamheten samtidigt som konsekvent milj\u00f6kontroll s\u00e4kerst\u00e4lls<\/li>\n<\/ul>\n<\/div>\n\n\n\n<div style=\"height:100px\" aria-hidden=\"true\" class=\"wp-block-spacer\"><\/div>\n\n\n\n\t\t<div style=\"--dekode-hero-dim:0.6; --t2-icon-fill:var(--wp--preset--color--white);\" class=\"alignfull dekode-hero-content-position-center has-media-background wp-block-dekode-hero has-text-color has-white-color\">\n\t\t\t<img loading=\"lazy\" decoding=\"async\" width=\"1024\" height=\"683\" src=\"https:\/\/www.elementlogic.net\/content\/uploads\/sites\/14\/2026\/03\/Fiege_1-6.jpg\" class=\"dekode-hero__image\" alt=\"\" style=\"--focalpoint: 75% 71%;\" srcset=\"https:\/\/www.elementlogic.net\/content\/uploads\/sites\/14\/2026\/03\/Fiege_1-6.jpg 1024w, https:\/\/www.elementlogic.net\/content\/uploads\/sites\/14\/2026\/03\/Fiege_1-6-300x200.jpg 300w, https:\/\/www.elementlogic.net\/content\/uploads\/sites\/14\/2026\/03\/Fiege_1-6-768x512.jpg 768w\" sizes=\"(max-width: 1024px) 100vw, 1024px\" \/>\n\t\t\t<div class=\"dekode-hero__content\">\n\t\t\t\t<div class=\"dekode-hero__container\">\n\t\t\t\t\t\n\n<h1 class=\"wp-block-heading\" id=\"h-bygg-in-precision-i-varje-order-med-lagerautomation\"><strong>Bygg in precision i varje order med lagerautomation.<\/strong><\/h1>\n\n\n\n<div class=\"wp-block-buttons is-layout-flex wp-block-buttons-is-layout-flex\">\n<div class=\"wp-block-button http:\/\/hs-cta-trigger-button hs-cta-trigger-button-195241208906\"><a class=\"wp-block-button__link wp-element-button\" href=\"https:\/\/www.elementlogic.net\/se\/boka-gratis-konsultation\/\">Kontakta oss idag<\/a><\/div>\n<\/div>\n\n\n\t\t\t\t<\/div>\n\t\t\t<\/div>\n\t\t<\/div>\n\t\t","protected":false},"excerpt":{"rendered":"<p>Element Logic hj\u00e4lper distribut\u00f6rer, tillverkare och v\u00e5rdgivare inom medicin och l\u00e4kemedel att optimera lagring, s\u00e4kerst\u00e4lla efterlevnad och garantera felfri produkthantering. [&hellip;]<\/p>\n","protected":false},"author":2,"featured_media":0,"parent":3103,"menu_order":0,"comment_status":"closed","ping_status":"closed","template":"","meta":{"hreflang_relation":0,"_el_cross_publish_source_blog_url":"","_el_cross_publish_source_blog_id":0,"_el_cross_publish_source_post_id":0,"_el_cross_publish_sync_state":"","exclude_from_search":false,"footnotes":""},"class_list":["post-3101","page","type-page","status-publish","hentry"],"yoast_head":"<!-- This site is optimized with the Yoast SEO Premium plugin v23.9 (Yoast SEO v23.9) - https:\/\/yoast.com\/wordpress\/plugins\/seo\/ -->\n<title>Medicinteknik &amp; l\u00e4kemedel - Element Logic Sweden<\/title>\n<meta name=\"description\" content=\"Lagerautomation f\u00f6r medicinteknik och l\u00e4kemedel som s\u00e4krar precision, sp\u00e5rbarhet och efterlevnad i hela logistikkedjan.\" \/>\n<meta name=\"robots\" content=\"index, follow, max-snippet:-1, max-image-preview:large, max-video-preview:-1\" \/>\n<link rel=\"canonical\" href=\"https:\/\/www.elementlogic.net\/se\/branscher\/medicinteknik-lakemedel\/\" \/>\n<meta property=\"og:locale\" content=\"sv_SE\" \/>\n<meta property=\"og:type\" content=\"article\" \/>\n<meta property=\"og:title\" content=\"Medicinteknik &amp; l\u00e4kemedel\" \/>\n<meta property=\"og:description\" content=\"Lagerautomation f\u00f6r medicinteknik och l\u00e4kemedel som s\u00e4krar precision, sp\u00e5rbarhet och efterlevnad i hela logistikkedjan.\" \/>\n<meta property=\"og:url\" content=\"https:\/\/www.elementlogic.net\/se\/branscher\/medicinteknik-lakemedel\/\" \/>\n<meta property=\"og:site_name\" content=\"Element Logic Sweden\" \/>\n<meta property=\"article:modified_time\" content=\"2026-03-30T06:20:58+00:00\" \/>\n<meta name=\"twitter:card\" content=\"summary_large_image\" \/>\n<meta name=\"twitter:label1\" content=\"Ber\u00e4knad l\u00e4stid\" \/>\n\t<meta name=\"twitter:data1\" content=\"1 minut\" \/>\n<script type=\"application\/ld+json\" class=\"yoast-schema-graph\">{\"@context\":\"https:\/\/schema.org\",\"@graph\":[{\"@type\":\"WebPage\",\"@id\":\"https:\/\/www.elementlogic.net\/se\/branscher\/medicinteknik-lakemedel\/\",\"url\":\"https:\/\/www.elementlogic.net\/se\/branscher\/medicinteknik-lakemedel\/\",\"name\":\"Medicinteknik &amp; l\u00e4kemedel - Element Logic Sweden\",\"isPartOf\":{\"@id\":\"https:\/\/www.elementlogic.net\/se\/#website\"},\"datePublished\":\"2026-03-25T14:28:15+00:00\",\"dateModified\":\"2026-03-30T06:20:58+00:00\",\"description\":\"Lagerautomation f\u00f6r medicinteknik och l\u00e4kemedel som s\u00e4krar precision, sp\u00e5rbarhet och efterlevnad i hela logistikkedjan.\",\"breadcrumb\":{\"@id\":\"https:\/\/www.elementlogic.net\/se\/branscher\/medicinteknik-lakemedel\/#breadcrumb\"},\"inLanguage\":\"sv-SE\",\"potentialAction\":[{\"@type\":\"ReadAction\",\"target\":[\"https:\/\/www.elementlogic.net\/se\/branscher\/medicinteknik-lakemedel\/\"]}]},{\"@type\":\"BreadcrumbList\",\"@id\":\"https:\/\/www.elementlogic.net\/se\/branscher\/medicinteknik-lakemedel\/#breadcrumb\",\"itemListElement\":[{\"@type\":\"ListItem\",\"position\":1,\"name\":\"Branscher\",\"item\":\"https:\/\/www.elementlogic.net\/se\/branscher\/\"},{\"@type\":\"ListItem\",\"position\":2,\"name\":\"Medicinteknik &amp; l\u00e4kemedel\"}]},{\"@type\":\"WebSite\",\"@id\":\"https:\/\/www.elementlogic.net\/se\/#website\",\"url\":\"https:\/\/www.elementlogic.net\/se\/\",\"name\":\"Element Logic Sweden\",\"description\":\"\",\"potentialAction\":[{\"@type\":\"SearchAction\",\"target\":{\"@type\":\"EntryPoint\",\"urlTemplate\":\"https:\/\/www.elementlogic.net\/se\/?s={search_term_string}\"},\"query-input\":{\"@type\":\"PropertyValueSpecification\",\"valueRequired\":true,\"valueName\":\"search_term_string\"}}],\"inLanguage\":\"sv-SE\"}]}<\/script>\n<!-- \/ Yoast SEO Premium plugin. -->","yoast_head_json":{"title":"Medicinteknik &amp; l\u00e4kemedel - Element Logic Sweden","description":"Lagerautomation f\u00f6r medicinteknik och l\u00e4kemedel som s\u00e4krar precision, sp\u00e5rbarhet och efterlevnad i hela logistikkedjan.","robots":{"index":"index","follow":"follow","max-snippet":"max-snippet:-1","max-image-preview":"max-image-preview:large","max-video-preview":"max-video-preview:-1"},"canonical":"https:\/\/www.elementlogic.net\/se\/branscher\/medicinteknik-lakemedel\/","og_locale":"sv_SE","og_type":"article","og_title":"Medicinteknik &amp; l\u00e4kemedel","og_description":"Lagerautomation f\u00f6r medicinteknik och l\u00e4kemedel som s\u00e4krar precision, sp\u00e5rbarhet och efterlevnad i hela logistikkedjan.","og_url":"https:\/\/www.elementlogic.net\/se\/branscher\/medicinteknik-lakemedel\/","og_site_name":"Element Logic Sweden","article_modified_time":"2026-03-30T06:20:58+00:00","twitter_card":"summary_large_image","twitter_misc":{"Ber\u00e4knad l\u00e4stid":"1 minut"},"schema":{"@context":"https:\/\/schema.org","@graph":[{"@type":"WebPage","@id":"https:\/\/www.elementlogic.net\/se\/branscher\/medicinteknik-lakemedel\/","url":"https:\/\/www.elementlogic.net\/se\/branscher\/medicinteknik-lakemedel\/","name":"Medicinteknik &amp; l\u00e4kemedel - Element Logic Sweden","isPartOf":{"@id":"https:\/\/www.elementlogic.net\/se\/#website"},"datePublished":"2026-03-25T14:28:15+00:00","dateModified":"2026-03-30T06:20:58+00:00","description":"Lagerautomation f\u00f6r medicinteknik och l\u00e4kemedel som s\u00e4krar precision, sp\u00e5rbarhet och efterlevnad i hela logistikkedjan.","breadcrumb":{"@id":"https:\/\/www.elementlogic.net\/se\/branscher\/medicinteknik-lakemedel\/#breadcrumb"},"inLanguage":"sv-SE","potentialAction":[{"@type":"ReadAction","target":["https:\/\/www.elementlogic.net\/se\/branscher\/medicinteknik-lakemedel\/"]}]},{"@type":"BreadcrumbList","@id":"https:\/\/www.elementlogic.net\/se\/branscher\/medicinteknik-lakemedel\/#breadcrumb","itemListElement":[{"@type":"ListItem","position":1,"name":"Branscher","item":"https:\/\/www.elementlogic.net\/se\/branscher\/"},{"@type":"ListItem","position":2,"name":"Medicinteknik &amp; l\u00e4kemedel"}]},{"@type":"WebSite","@id":"https:\/\/www.elementlogic.net\/se\/#website","url":"https:\/\/www.elementlogic.net\/se\/","name":"Element Logic Sweden","description":"","potentialAction":[{"@type":"SearchAction","target":{"@type":"EntryPoint","urlTemplate":"https:\/\/www.elementlogic.net\/se\/?s={search_term_string}"},"query-input":{"@type":"PropertyValueSpecification","valueRequired":true,"valueName":"search_term_string"}}],"inLanguage":"sv-SE"}]}},"_links":{"self":[{"href":"https:\/\/www.elementlogic.net\/se\/wp-json\/wp\/v2\/pages\/3101"}],"collection":[{"href":"https:\/\/www.elementlogic.net\/se\/wp-json\/wp\/v2\/pages"}],"about":[{"href":"https:\/\/www.elementlogic.net\/se\/wp-json\/wp\/v2\/types\/page"}],"author":[{"embeddable":true,"href":"https:\/\/www.elementlogic.net\/se\/wp-json\/wp\/v2\/users\/2"}],"replies":[{"embeddable":true,"href":"https:\/\/www.elementlogic.net\/se\/wp-json\/wp\/v2\/comments?post=3101"}],"version-history":[{"count":4,"href":"https:\/\/www.elementlogic.net\/se\/wp-json\/wp\/v2\/pages\/3101\/revisions"}],"predecessor-version":[{"id":3748,"href":"https:\/\/www.elementlogic.net\/se\/wp-json\/wp\/v2\/pages\/3101\/revisions\/3748"}],"up":[{"embeddable":true,"href":"https:\/\/www.elementlogic.net\/se\/wp-json\/wp\/v2\/pages\/3103"}],"wp:attachment":[{"href":"https:\/\/www.elementlogic.net\/se\/wp-json\/wp\/v2\/media?parent=3101"}],"curies":[{"name":"wp","href":"https:\/\/api.w.org\/{rel}","templated":true}]}}