{"id":3103,"date":"2026-03-25T14:09:51","date_gmt":"2026-03-25T14:09:51","guid":{"rendered":"https:\/\/www.elementlogic.net\/se\/?page_id=3103"},"modified":"2026-03-30T06:41:05","modified_gmt":"2026-03-30T06:41:05","slug":"branscher","status":"publish","type":"page","link":"https:\/\/www.elementlogic.net\/se\/branscher\/","title":{"rendered":"Branscher"},"content":{"rendered":"\n\t\t<div style=\"--dekode-hero-dim:0.5; --t2-icon-fill:var(--wp--preset--color--white);\" class=\"alignfull dekode-hero-content-position-center has-media-background wp-block-dekode-hero has-text-color has-white-color\">\n\t\t\t\t\t<video\n\t\t\tautoplay\n\t\t\tloop\n\t\t\tmuted\n\t\t\tplaysinline\n\t\t\tposter=\"\"\n\t\t\tsrc=\"https:\/\/www.elementlogic.net\/content\/uploads\/2025\/07\/AAAS-topvideo.mp4\">\n\t\t<\/video>\n\t\t\n\t\t\t<div class=\"dekode-hero__content\">\n\t\t\t\t<div class=\"dekode-hero__container\">\n\t\t\t\t\t\n\n<h1 class=\"wp-block-heading\" id=\"h-branschlosningar-med-smartare-intralogistik\"><strong>Branschl\u00f6sningar med smartare intralogistik<\/strong><\/h1>\n\n\n<p class=\"t2-ingress wp-block-t2-ingress\">Fr\u00e5n wholesale till 3PL s\u00e5 hj\u00e4lper Element Logic f\u00f6retag i olika branscher att skala snabbare, lagra smartare och leverera med precision.<\/p>\n\n\n<div class=\"wp-block-buttons is-layout-flex wp-block-buttons-is-layout-flex\">\n<div class=\"wp-block-button\"><a class=\"wp-block-button__link wp-element-button\" href=\"#utforska-branscher\">Utforska branscher<\/a><\/div>\n<\/div>\n\n\n\t\t\t\t<\/div>\n\t\t\t<\/div>\n\t\t<\/div>\n\t\t\n\n\n<h2 class=\"wp-block-heading\" id=\"h-optimera-lagerprestanda\"><strong>Optimera lagerprestanda<\/strong><p class=\"MsoNormal\" style=\"margin: 0cm;font-size: 12pt;, serif;font-weight: 400\"><\/p><\/h2>\n\n\n\n<p>Att optimera \u00e4r k\u00e4rnan i varje framg\u00e5ngsrikt f\u00f6retag. Oavsett bransch avg\u00f6r lagrets effektivitet din f\u00f6rm\u00e5ga att leverera, konkurrera och v\u00e4xa. Element Logic samarbetar med ambiti\u00f6sa f\u00f6retag \u00f6ver hela v\u00e4rlden f\u00f6r att automatisera och optimera deras intralogistik, s\u00e5 att de kan minimera spill, maximera prestanda och s\u00e4kra l\u00e5ngsiktig l\u00f6nsamhet.<\/p>\n\n\n\n<h2 class=\"wp-block-heading\" id=\"h-skraddarsydd-automation-for-varje-bransch\">Skr\u00e4ddarsydd automation f\u00f6r varje bransch<\/h2>\n\n\n\n<p>Ingen bransch st\u00e5r inf\u00f6r exakt samma utmaningar och d\u00e4rf\u00f6r anpassar Element Logic automationen efter din verksamhet. Oavsett om du \u00e4r verksam inom e-handel, tredjepartslogistik, retail, tillverkning eller specialiserade omr\u00e5den som l\u00e4kemedel eller kyllager designar vi l\u00f6sningar som m\u00f6ter dina exakta behov. Med \u00e5rtionden av erfarenhet och en global kundbas f\u00f6rst\u00e5r vi varje branschs unika krav. Fr\u00e5n att hantera stora returvolymer inom mode till att s\u00e4kerst\u00e4lla precision i medicinsk distribution levererar vi automation som hj\u00e4lper dig att minska kostnaderna, f\u00f6rb\u00e4ttra effektiviteten och skala upp med trygghet.<\/p>\n\n\n\n<h2 class=\"wp-block-heading\" id=\"utforska-branscher\">Utforska branscher<\/h2>\n\n\n\n\t\t<div style=\"--link-cards-grid-columns: 3\" class=\"dekode-link-cards has-3-columns wp-block-dekode-link-cards\">\n\t\t\t<div class=\"dekode-link-cards__items\">\n\t\t\t\t\n<a class=\"wp-block-dekode-link-card\" href=\"https:\/\/www.elementlogic.net\/se\/branscher\/3pl-logistikleverantorer\/\"><img loading=\"lazy\" decoding=\"async\" width=\"768\" height=\"432\" src=\"https:\/\/www.elementlogic.net\/content\/uploads\/sites\/14\/2026\/03\/Wholesale-Automation-2-768x432.png\" class=\"\" alt=\"\" \/>\t<div class=\"dekode-link-card__content\">\n\t\t\t\t<p class=\"dekode-link-card__title\">\n\t\t\t3PL\t\t<\/p>\n\t\t\t<\/div>\n\t<\/a>\n\n<a class=\"wp-block-dekode-link-card\" href=\"https:\/\/www.elementlogic.net\/se\/branscher\/mode-och-klader\/\"><img loading=\"lazy\" decoding=\"async\" width=\"768\" height=\"432\" src=\"https:\/\/www.elementlogic.net\/content\/uploads\/sites\/14\/2026\/03\/Wholesale-Automation1-2-768x432.png\" class=\"\" alt=\"\" \/>\t<div class=\"dekode-link-card__content\">\n\t\t\t\t<p class=\"dekode-link-card__title\">\n\t\t\tMode &amp; kl\u00e4der\t\t<\/p>\n\t\t\t<\/div>\n\t<\/a>\n\n<a class=\"wp-block-dekode-link-card\" href=\"https:\/\/www.elementlogic.net\/se\/branscher\/sportklader\/\"><img loading=\"lazy\" decoding=\"async\" width=\"768\" height=\"432\" src=\"https:\/\/www.elementlogic.net\/content\/uploads\/sites\/14\/2026\/03\/Wholesale-Automation1-3-768x432.png\" class=\"\" alt=\"\" \/>\t<div class=\"dekode-link-card__content\">\n\t\t\t\t<p class=\"dekode-link-card__title\">\n\t\t\tSportartiklar\t\t<\/p>\n\t\t\t<\/div>\n\t<\/a>\n\n<a class=\"wp-block-dekode-link-card\" href=\"https:\/\/www.elementlogic.net\/se\/branscher\/e-handel\/\"><img loading=\"lazy\" decoding=\"async\" width=\"768\" height=\"432\" src=\"https:\/\/www.elementlogic.net\/content\/uploads\/sites\/14\/2026\/03\/Wholesale-Automation1-1-768x432.png\" class=\"\" alt=\"\" \/>\t<div class=\"dekode-link-card__content\">\n\t\t\t\t<p class=\"dekode-link-card__title\">\n\t\t\tE-handel\t\t<\/p>\n\t\t\t<\/div>\n\t<\/a>\n\n<a class=\"wp-block-dekode-link-card\" href=\"https:\/\/www.elementlogic.net\/se\/branscher\/elektroniska-komponenter\/\"><img loading=\"lazy\" decoding=\"async\" width=\"768\" height=\"432\" src=\"https:\/\/www.elementlogic.net\/content\/uploads\/sites\/14\/2026\/03\/Wholesale-Automation1-4-768x432.png\" class=\"\" alt=\"\" \/>\t<div class=\"dekode-link-card__content\">\n\t\t\t\t<p class=\"dekode-link-card__title\">\n\t\t\tElektroniska komponenter\t\t<\/p>\n\t\t\t<\/div>\n\t<\/a>\n\n<a class=\"wp-block-dekode-link-card\" href=\"https:\/\/www.elementlogic.net\/se\/branscher\/tillverkning-och-produktion\/\"><img loading=\"lazy\" decoding=\"async\" width=\"768\" height=\"432\" src=\"https:\/\/www.elementlogic.net\/content\/uploads\/sites\/14\/2026\/03\/Wholesale-Automation-1-768x432.png\" class=\"\" alt=\"\" \/>\t<div class=\"dekode-link-card__content\">\n\t\t\t\t<p class=\"dekode-link-card__title\">\n\t\t\tTillverkning &amp; produktion\t\t<\/p>\n\t\t\t<\/div>\n\t<\/a>\n\n<a class=\"wp-block-dekode-link-card\" href=\"https:\/\/www.elementlogic.net\/se\/branscher\/reservdelar-och-distribution\/\"><img loading=\"lazy\" decoding=\"async\" width=\"768\" height=\"432\" src=\"https:\/\/www.elementlogic.net\/content\/uploads\/sites\/14\/2026\/03\/Wholesale-Automation-3-1-768x432.png\" class=\"\" alt=\"\" \/>\t<div class=\"dekode-link-card__content\">\n\t\t\t\t<p class=\"dekode-link-card__title\">\n\t\t\tReservdelar och distribution\t\t<\/p>\n\t\t\t<\/div>\n\t<\/a>\n\n<a class=\"wp-block-dekode-link-card\" href=\"https:\/\/www.elementlogic.net\/se\/branscher\/medicinteknik-lakemedel\/\"><img loading=\"lazy\" decoding=\"async\" width=\"768\" height=\"432\" src=\"https:\/\/www.elementlogic.net\/content\/uploads\/sites\/14\/2026\/03\/Wholesale-Automation-2-1-768x432.png\" class=\"\" alt=\"\" \/>\t<div class=\"dekode-link-card__content\">\n\t\t\t\t<p class=\"dekode-link-card__title\">\n\t\t\tMedicinteknik &amp; l\u00e4kemedel\t\t<\/p>\n\t\t\t<\/div>\n\t<\/a>\n\n<a class=\"wp-block-dekode-link-card\" href=\"https:\/\/www.elementlogic.net\/se\/branscher\/retail\/\"><img loading=\"lazy\" decoding=\"async\" width=\"768\" height=\"432\" src=\"https:\/\/www.elementlogic.net\/content\/uploads\/sites\/14\/2026\/03\/Wholesale-Automation-6-768x432.png\" class=\"\" alt=\"\" \/>\t<div class=\"dekode-link-card__content\">\n\t\t\t\t<p class=\"dekode-link-card__title\">\n\t\t\tRetail\t\t<\/p>\n\t\t\t<\/div>\n\t<\/a>\n\n<a class=\"wp-block-dekode-link-card\" href=\"https:\/\/www.elementlogic.net\/se\/branscher\/wholesale\/\"><img loading=\"lazy\" decoding=\"async\" width=\"768\" height=\"432\" src=\"https:\/\/www.elementlogic.net\/content\/uploads\/sites\/14\/2026\/03\/Wholesale-Automation-4-768x432.png\" class=\"\" alt=\"\" \/>\t<div class=\"dekode-link-card__content\">\n\t\t\t\t<p class=\"dekode-link-card__title\">\n\t\t\tWholesale\t\t<\/p>\n\t\t\t<\/div>\n\t<\/a>\n\n<a class=\"wp-block-dekode-link-card\" href=\"https:\/\/www.elementlogic.net\/se\/branscher\/dagligvaror-online\/\"><img loading=\"lazy\" decoding=\"async\" width=\"768\" height=\"432\" src=\"https:\/\/www.elementlogic.net\/content\/uploads\/sites\/14\/2026\/03\/Wholesale-Automation-5-768x432.png\" class=\"\" alt=\"\" \/>\t<div class=\"dekode-link-card__content\">\n\t\t\t\t<p class=\"dekode-link-card__title\">\n\t\t\tDagligvaror online\t\t<\/p>\n\t\t\t<\/div>\n\t<\/a>\n\n\t\t\t<\/div>\n\t\t<\/div>\n\n\n<h2 class=\"wp-block-heading\" id=\"h-gemensamma-utmaningar-i-olika-branscher\">Gemensamma utmaningar i olika branscher<\/h2>\n\n\n\n<p>Lagerverksamheter st\u00e5r idag inf\u00f6r nya niv\u00e5er av komplexitet och kundf\u00f6rv\u00e4ntningar. I olika branscher m\u00e5ste f\u00f6retag hantera:<\/p>\n\n\n\n<ul class=\"wp-block-list\">\n<li>Personalbrist och stigande driftskostnader<\/li>\n<\/ul>\n\n\n\n<ul class=\"wp-block-list\">\n<li>\u00d6kande SKU-variation och of\u00f6ruts\u00e4gbar efterfr\u00e5gan<\/li>\n<\/ul>\n\n\n\n<ul class=\"wp-block-list\">\n<li>Press p\u00e5 snabbare och mer exakt fulfillment<\/li>\n<\/ul>\n\n\n\n<ul class=\"wp-block-list\">\n<li>Begr\u00e4nsad golvyta och behovet av skalbara system<\/li>\n<\/ul>\n\n\n\n<ul class=\"wp-block-list\">\n<li>Integration av ny teknik i befintlig infrastruktur<\/li>\n<\/ul>\n\n\n\n<p>Dessa gemensamma utmaningar kr\u00e4ver intelligent och flexibel automation som fungerar s\u00f6ml\u00f6st med befintlig verksamhet.<\/p>\n\n\n\n\t\t<div class=\"wp-block-dekode-simple-cta\">\n\t\t\t<div class=\"dekode-simple-cta__inner\">\n\n<h3 class=\"wp-block-heading\" id=\"vill-du-veta-mer-om-hur-element-logic-kan-optimera-din-lagerprestanda\">Vill du veta mer om hur Element Logic kan optimera din lagerprestanda?<\/h3>\n\n\n\n<div class=\"wp-block-buttons is-layout-flex wp-block-buttons-is-layout-flex\">\n<div class=\"wp-block-button\"><a class=\"wp-block-button__link wp-element-button\" href=\"https:\/\/www.elementlogic.net\/se\/boka-gratis-konsultation\/\">Kontakta oss idag<\/a><\/div>\n<\/div>\n\n<\/div>\n\t\t<\/div>","protected":false},"excerpt":{"rendered":"<p>Optimera lagerprestanda Att optimera \u00e4r k\u00e4rnan i varje framg\u00e5ngsrikt f\u00f6retag. Oavsett bransch avg\u00f6r lagrets effektivitet din f\u00f6rm\u00e5ga att leverera, konkurrera [&hellip;]<\/p>\n","protected":false},"author":2,"featured_media":0,"parent":0,"menu_order":0,"comment_status":"closed","ping_status":"closed","template":"","meta":{"hreflang_relation":0,"_el_cross_publish_source_blog_url":"","_el_cross_publish_source_blog_id":0,"_el_cross_publish_source_post_id":0,"_el_cross_publish_sync_state":"","exclude_from_search":false,"footnotes":""},"class_list":["post-3103","page","type-page","status-publish","hentry"],"yoast_head":"<!-- This site is optimized with the Yoast SEO Premium plugin v23.9 (Yoast SEO v23.9) - https:\/\/yoast.com\/wordpress\/plugins\/seo\/ -->\n<title>Branscher - Element Logic Sweden<\/title>\n<meta name=\"description\" content=\"Uppt\u00e4ck hur Element Logic hj\u00e4lper olika branscher att optimera lagerprestanda med smart, skalbar och flexibel automation.\" \/>\n<meta name=\"robots\" content=\"index, follow, max-snippet:-1, max-image-preview:large, max-video-preview:-1\" \/>\n<link rel=\"canonical\" href=\"https:\/\/www.elementlogic.net\/se\/branscher\/\" \/>\n<meta property=\"og:locale\" content=\"sv_SE\" \/>\n<meta property=\"og:type\" content=\"article\" \/>\n<meta property=\"og:title\" content=\"Branscher\" \/>\n<meta property=\"og:description\" content=\"Uppt\u00e4ck hur Element Logic hj\u00e4lper olika branscher att optimera lagerprestanda med smart, skalbar och flexibel automation.\" \/>\n<meta property=\"og:url\" content=\"https:\/\/www.elementlogic.net\/se\/branscher\/\" \/>\n<meta property=\"og:site_name\" content=\"Element Logic Sweden\" \/>\n<meta property=\"article:modified_time\" content=\"2026-03-30T06:41:05+00:00\" \/>\n<meta name=\"twitter:card\" content=\"summary_large_image\" \/>\n<meta name=\"twitter:label1\" content=\"Ber\u00e4knad l\u00e4stid\" \/>\n\t<meta name=\"twitter:data1\" content=\"2 minuter\" \/>\n<script type=\"application\/ld+json\" class=\"yoast-schema-graph\">{\"@context\":\"https:\/\/schema.org\",\"@graph\":[{\"@type\":\"WebPage\",\"@id\":\"https:\/\/www.elementlogic.net\/se\/branscher\/\",\"url\":\"https:\/\/www.elementlogic.net\/se\/branscher\/\",\"name\":\"Branscher - Element Logic Sweden\",\"isPartOf\":{\"@id\":\"https:\/\/www.elementlogic.net\/se\/#website\"},\"datePublished\":\"2026-03-25T14:09:51+00:00\",\"dateModified\":\"2026-03-30T06:41:05+00:00\",\"description\":\"Uppt\u00e4ck hur Element Logic hj\u00e4lper olika branscher att optimera lagerprestanda med smart, skalbar och flexibel automation.\",\"inLanguage\":\"sv-SE\",\"potentialAction\":[{\"@type\":\"ReadAction\",\"target\":[\"https:\/\/www.elementlogic.net\/se\/branscher\/\"]}]},{\"@type\":\"WebSite\",\"@id\":\"https:\/\/www.elementlogic.net\/se\/#website\",\"url\":\"https:\/\/www.elementlogic.net\/se\/\",\"name\":\"Element Logic Sweden\",\"description\":\"\",\"potentialAction\":[{\"@type\":\"SearchAction\",\"target\":{\"@type\":\"EntryPoint\",\"urlTemplate\":\"https:\/\/www.elementlogic.net\/se\/?s={search_term_string}\"},\"query-input\":{\"@type\":\"PropertyValueSpecification\",\"valueRequired\":true,\"valueName\":\"search_term_string\"}}],\"inLanguage\":\"sv-SE\"}]}<\/script>\n<!-- \/ Yoast SEO Premium plugin. -->","yoast_head_json":{"title":"Branscher - Element Logic Sweden","description":"Uppt\u00e4ck hur Element Logic hj\u00e4lper olika branscher att optimera lagerprestanda med smart, skalbar och flexibel automation.","robots":{"index":"index","follow":"follow","max-snippet":"max-snippet:-1","max-image-preview":"max-image-preview:large","max-video-preview":"max-video-preview:-1"},"canonical":"https:\/\/www.elementlogic.net\/se\/branscher\/","og_locale":"sv_SE","og_type":"article","og_title":"Branscher","og_description":"Uppt\u00e4ck hur Element Logic hj\u00e4lper olika branscher att optimera lagerprestanda med smart, skalbar och flexibel automation.","og_url":"https:\/\/www.elementlogic.net\/se\/branscher\/","og_site_name":"Element Logic Sweden","article_modified_time":"2026-03-30T06:41:05+00:00","twitter_card":"summary_large_image","twitter_misc":{"Ber\u00e4knad l\u00e4stid":"2 minuter"},"schema":{"@context":"https:\/\/schema.org","@graph":[{"@type":"WebPage","@id":"https:\/\/www.elementlogic.net\/se\/branscher\/","url":"https:\/\/www.elementlogic.net\/se\/branscher\/","name":"Branscher - Element Logic Sweden","isPartOf":{"@id":"https:\/\/www.elementlogic.net\/se\/#website"},"datePublished":"2026-03-25T14:09:51+00:00","dateModified":"2026-03-30T06:41:05+00:00","description":"Uppt\u00e4ck hur Element Logic hj\u00e4lper olika branscher att optimera lagerprestanda med smart, skalbar och flexibel automation.","inLanguage":"sv-SE","potentialAction":[{"@type":"ReadAction","target":["https:\/\/www.elementlogic.net\/se\/branscher\/"]}]},{"@type":"WebSite","@id":"https:\/\/www.elementlogic.net\/se\/#website","url":"https:\/\/www.elementlogic.net\/se\/","name":"Element Logic Sweden","description":"","potentialAction":[{"@type":"SearchAction","target":{"@type":"EntryPoint","urlTemplate":"https:\/\/www.elementlogic.net\/se\/?s={search_term_string}"},"query-input":{"@type":"PropertyValueSpecification","valueRequired":true,"valueName":"search_term_string"}}],"inLanguage":"sv-SE"}]}},"_links":{"self":[{"href":"https:\/\/www.elementlogic.net\/se\/wp-json\/wp\/v2\/pages\/3103"}],"collection":[{"href":"https:\/\/www.elementlogic.net\/se\/wp-json\/wp\/v2\/pages"}],"about":[{"href":"https:\/\/www.elementlogic.net\/se\/wp-json\/wp\/v2\/types\/page"}],"author":[{"embeddable":true,"href":"https:\/\/www.elementlogic.net\/se\/wp-json\/wp\/v2\/users\/2"}],"replies":[{"embeddable":true,"href":"https:\/\/www.elementlogic.net\/se\/wp-json\/wp\/v2\/comments?post=3103"}],"version-history":[{"count":4,"href":"https:\/\/www.elementlogic.net\/se\/wp-json\/wp\/v2\/pages\/3103\/revisions"}],"predecessor-version":[{"id":3753,"href":"https:\/\/www.elementlogic.net\/se\/wp-json\/wp\/v2\/pages\/3103\/revisions\/3753"}],"wp:attachment":[{"href":"https:\/\/www.elementlogic.net\/se\/wp-json\/wp\/v2\/media?parent=3103"}],"curies":[{"name":"wp","href":"https:\/\/api.w.org\/{rel}","templated":true}]}}