{"id":3123,"date":"2026-03-26T09:56:36","date_gmt":"2026-03-26T09:56:36","guid":{"rendered":"https:\/\/www.elementlogic.net\/se\/?page_id=3123"},"modified":"2026-03-26T10:23:22","modified_gmt":"2026-03-26T10:23:22","slug":"insikter-och-optimering","status":"publish","type":"page","link":"https:\/\/www.elementlogic.net\/se\/losningar-och-tjanster\/nojda-kunder\/insikter-och-optimering\/","title":{"rendered":"Insikter &amp; Optimering"},"content":{"rendered":"\n\t\t<div style=\"--dekode-hero-dim:0.5; --t2-icon-fill:var(--wp--preset--color--white);\" class=\"alignfull dekode-hero-content-position-center has-media-background wp-block-dekode-hero has-text-color has-white-color\">\n\t\t\t<img loading=\"lazy\" decoding=\"async\" width=\"1024\" height=\"429\" src=\"https:\/\/www.elementlogic.net\/content\/uploads\/sites\/14\/2026\/03\/Wallpaper-6-scaled-3-1024x429.jpg\" class=\"dekode-hero__image\" alt=\"\" style=\"--focalpoint: 50% 50%;\" srcset=\"https:\/\/www.elementlogic.net\/content\/uploads\/sites\/14\/2026\/03\/Wallpaper-6-scaled-3-1024x429.jpg 1024w, https:\/\/www.elementlogic.net\/content\/uploads\/sites\/14\/2026\/03\/Wallpaper-6-scaled-3-300x126.jpg 300w, https:\/\/www.elementlogic.net\/content\/uploads\/sites\/14\/2026\/03\/Wallpaper-6-scaled-3-768x322.jpg 768w, https:\/\/www.elementlogic.net\/content\/uploads\/sites\/14\/2026\/03\/Wallpaper-6-scaled-3-1536x643.jpg 1536w, https:\/\/www.elementlogic.net\/content\/uploads\/sites\/14\/2026\/03\/Wallpaper-6-scaled-3-2048x858.jpg 2048w\" sizes=\"(max-width: 1024px) 100vw, 1024px\" \/>\n\t\t\t<div class=\"dekode-hero__content\">\n\t\t\t\t<div class=\"dekode-hero__container\">\n\t\t\t\t\t\n\n<h1 class=\"wp-block-heading\" id=\"h-insikter-amp-optimering\"><strong>Insikter &amp; Optimering<\/strong><\/h1>\n\n\n<p class=\"t2-ingress wp-block-t2-ingress\">Driver kontinuerligt v\u00e4rde<\/p>\n\n\t\t\t\t<\/div>\n\t\t\t<\/div>\n\t\t<\/div>\n\t\t\n\n\n<h2 class=\"wp-block-heading\" id=\"h-en-viktig-del-av-customer-success\">En viktig del av Customer Success<\/h2>\n\n\n\n<p>Customer Success p\u00e5 Element Logic handlar om mer \u00e4n att leverera en lagerl\u00f6sning. Det handlar om att s\u00e4kerst\u00e4lla att din l\u00f6sning forts\u00e4tter att skapa v\u00e4rde \u00f6ver tid. Insikt &amp; optimering \u00e4r den fram\u00e5tblickande delen av Customer Success &#8211; som hj\u00e4lper dig att f\u00f6rst\u00e5 hur ditt lager presterar idag och hur det kan prestera \u00e4nnu b\u00e4ttre i morgon.<\/p>\n\n\n\n<p><strong>F\u00f6rvandla data till tillv\u00e4xt<\/strong><\/p>\n\n\n\n<p>Ditt lager genererar v\u00e4rdefull data varje dag. Med v\u00e5r expertis och v\u00e5ra verktyg omvandlar vi den datan till insikter som visar m\u00f6jligheter till f\u00f6rb\u00e4ttring. Fr\u00e5n systemutnyttjande till processeffektivitet ger v\u00e5rt Customer Success-team och v\u00e5r programvara rekommendationer som hj\u00e4lper dig att anpassa dig, v\u00e4xa och f\u00f6rbli konkurrenskraftig.<\/p>\n\n\n\n\t\t<div class=\"alignwide is-mode-constrained is-gap-center has-media-on-the-right wp-block-t2-simple-media-text   \">\n\t\t\t<div class=\"t2-simple-media-text__container\">\n\t\t\t\t<div class=\"t2-simple-media-text__image\"><img loading=\"lazy\" decoding=\"async\" width=\"768\" height=\"498\" src=\"https:\/\/www.elementlogic.net\/content\/uploads\/sites\/14\/2026\/03\/Element-Logic-and-Bergaard-Amundsen-People-2-768x498.jpg\" class=\"\" alt=\"\" style=\"--focalpoint: 50% 50%;\" srcset=\"https:\/\/www.elementlogic.net\/content\/uploads\/sites\/14\/2026\/03\/Element-Logic-and-Bergaard-Amundsen-People-2-768x498.jpg 768w, https:\/\/www.elementlogic.net\/content\/uploads\/sites\/14\/2026\/03\/Element-Logic-and-Bergaard-Amundsen-People-2-300x194.jpg 300w, https:\/\/www.elementlogic.net\/content\/uploads\/sites\/14\/2026\/03\/Element-Logic-and-Bergaard-Amundsen-People-2-1024x664.jpg 1024w, https:\/\/www.elementlogic.net\/content\/uploads\/sites\/14\/2026\/03\/Element-Logic-and-Bergaard-Amundsen-People-2-1536x996.jpg 1536w, https:\/\/www.elementlogic.net\/content\/uploads\/sites\/14\/2026\/03\/Element-Logic-and-Bergaard-Amundsen-People-2.jpg 1600w\" sizes=\"(max-width: 768px) 100vw, 768px\" \/><\/div>\n\t\t\t\t<div class=\"t2-simple-media-text__content-container\">\n\t\t\t\t\t<div class=\"t2-simple-media-text__content\">\n\t\t\t\t\t\t<div class=\"t2-simple-media-text__content-inner\">\n\t\t\t\t\t\t\t\n\n<h3 class=\"wp-block-heading\" id=\"h-kontinuerligt-partnerskap\">Kontinuerligt partnerskap<\/h3>\n\n\n\n<p>Insikt &amp; optimering \u00e4r inte en eng\u00e5ngstj\u00e4nst &#8211; det \u00e4r en l\u00f6pande dialog mellan dig och v\u00e5ra Customer Success-experter. Tillsammans:<\/p>\n\n\n\n<p>&#8211; \u00d6vervakar vi systemets prestanda och identifierar m\u00f6nster<br>&#8211; F\u00f6ljer vi KPI:er som plockhastighet, precision och drifttid<br>&#8211; F\u00f6rutser och f\u00f6rebygger vi framtida utmaningar genom prediktiv analys<br>&#8211; Rekommenderar och genomf\u00f6r vi justeringar som \u00e4r i linje med dina aff\u00e4rsm\u00e5l<\/p>\n\n\n\n<p>Detta s\u00e4kerst\u00e4ller att din lagerl\u00f6sning f\u00f6rblir en stark och tillf\u00f6rlitlig ryggrad i din verksamhet.<\/p>\n\n\n\t\t\t\t\t\t<\/div>\n\t\t\t\t\t<\/div>\n\t\t\t\t<\/div>\n\t\t\t<\/div>\n\t\t<\/div>\n\t\t\n\n\n\t\t<div class=\"alignwide is-mode-constrained is-gap-center wp-block-t2-simple-media-text   \">\n\t\t\t<div class=\"t2-simple-media-text__container\">\n\t\t\t\t<div class=\"t2-simple-media-text__image\"><img loading=\"lazy\" decoding=\"async\" width=\"768\" height=\"512\" src=\"https:\/\/www.elementlogic.net\/content\/uploads\/sites\/14\/2026\/03\/image-68-2-768x512.png\" class=\"\" alt=\"\" style=\"--focalpoint: 50% 50%;\" srcset=\"https:\/\/www.elementlogic.net\/content\/uploads\/sites\/14\/2026\/03\/image-68-2-768x512.png 768w, https:\/\/www.elementlogic.net\/content\/uploads\/sites\/14\/2026\/03\/image-68-2-300x200.png 300w, https:\/\/www.elementlogic.net\/content\/uploads\/sites\/14\/2026\/03\/image-68-2-1024x683.png 1024w, https:\/\/www.elementlogic.net\/content\/uploads\/sites\/14\/2026\/03\/image-68-2.png 1500w\" sizes=\"(max-width: 768px) 100vw, 768px\" \/><\/div>\n\t\t\t\t<div class=\"t2-simple-media-text__content-container\">\n\t\t\t\t\t<div class=\"t2-simple-media-text__content\">\n\t\t\t\t\t\t<div class=\"t2-simple-media-text__content-inner\">\n\t\t\t\t\t\t\t\n\n<h3 class=\"wp-block-heading\" id=\"h-programvara-som-mojliggor-smartare-beslut\">Programvara som m\u00f6jligg\u00f6r smartare beslut<\/h3>\n\n\n\n<p>Med programvara som<strong> eLogiq<\/strong> och <strong>eManager<\/strong> f\u00e5r du tillg\u00e5ng till realtidsdashboards och detaljerad rapportering. Det ger insyn i produktivitet, systemh\u00e4lsa och lagringsutnyttjande &#8211; allt avg\u00f6rande f\u00f6r att kunna fatta v\u00e4lgrundade beslut.<\/p>\n\n\n\n<p>V\u00e5rt Customer Success-team arbetar n\u00e4ra dig f\u00f6r att tolka denna information och oms\u00e4tta den i handling.<\/p>\n\n\n\t\t\t\t\t\t<\/div>\n\t\t\t\t\t<\/div>\n\t\t\t\t<\/div>\n\t\t\t<\/div>\n\t\t<\/div>\n\t\t\n\n\n<h2 class=\"wp-block-heading\" id=\"h-varfor-det-ar-viktigt\">Varf\u00f6r det \u00e4r viktigt<\/h2>\n\n\n\n<p>Lagerverksamhet f\u00f6r\u00e4ndras st\u00e4ndigt. Nya produkter, s\u00e4songstoppar och kundf\u00f6rv\u00e4ntningar kr\u00e4ver flexibilitet. Insikt &amp; optimering s\u00e4kerst\u00e4ller att ditt system utvecklas tillsammans med dig:<\/p>\n\n\n\n<ul class=\"wp-block-list\">\n<li><strong>Effektivitet:<\/strong> Identifiera och eliminera flaskhalsar.<\/li>\n<\/ul>\n\n\n\n<ul class=\"wp-block-list\">\n<li><strong>Skalbarhet:<\/strong> F\u00f6rbered ditt lager f\u00f6r att hantera tillv\u00e4xt.<\/li>\n<\/ul>\n\n\n\n<ul class=\"wp-block-list\">\n<li><strong>H\u00e5llbarhet:<\/strong> Minska spill, energianv\u00e4ndning och kostnader.<\/li>\n<\/ul>\n\n\n\n<ul class=\"wp-block-list\">\n<li><strong>Trygghet:<\/strong> Vet att ditt system alltid presterar p\u00e5 topp.<\/li>\n<\/ul>\n\n\n\n<h2 class=\"wp-block-heading\" id=\"h-din-langsiktiga-fordel\"><strong>Din l\u00e5ngsiktiga f\u00f6rdel<\/strong><\/h2>\n\n\n\n<p>Insikt &amp; optimering \u00e4r en del av v\u00e5rt \u00e5tagande att g\u00f6ra ditt lager till en l\u00e5ngsiktig framg\u00e5ngshistoria. Genom att kombinera data, teknik och v\u00e5r unika expertis hj\u00e4lper vi dig att minimera ineffektivitet och maximera prestanda &#8211; \u00e5r efter \u00e5r.<\/p>\n\n\n\n<h3 class=\"wp-block-heading\" id=\"utforska-vara-tjanster\">Utforska v\u00e5ra tj\u00e4nster<\/h3>\n\n\n\n\t\t<div style=\"--link-cards-grid-columns: 3\" class=\"dekode-link-cards has-3-columns wp-block-dekode-link-cards\">\n\t\t\t<div class=\"dekode-link-cards__items\">\n\t\t\t\t\n<a class=\"wp-block-dekode-link-card\" href=\"https:\/\/www.elementlogic.net\/se\/losningar-och-tjanster\/utbildning-och-utveckling\/\"><img loading=\"lazy\" decoding=\"async\" width=\"768\" height=\"512\" src=\"https:\/\/www.elementlogic.net\/content\/uploads\/sites\/14\/2026\/03\/EL_eLogiq-2-768x512.png\" class=\"\" alt=\"\" \/>\t<div class=\"dekode-link-card__content\">\n\t\t\t\t<p class=\"dekode-link-card__title\">\n\t\t\tUtbildning\t\t<\/p>\n\t\t\t\t\t<p class=\"dekode-link-card__description\">Utbildning som grund f\u00f6r Customer Success<\/p>\n\t\t\t<\/div>\n\t<\/a>\n\n<a class=\"wp-block-dekode-link-card\" href=\"https:\/\/www.elementlogic.net\/se\/losningar-och-tjanster\/systemunderhall\/\"><img loading=\"lazy\" decoding=\"async\" width=\"768\" height=\"512\" src=\"https:\/\/www.elementlogic.net\/content\/uploads\/sites\/14\/2026\/03\/wallpaper_Customer-success-2-768x512.png\" class=\"\" alt=\"\" \/>\t<div class=\"dekode-link-card__content\">\n\t\t\t\t<p class=\"dekode-link-card__title\">\n\t\t\tSystemunderh\u00e5ll\t\t<\/p>\n\t\t\t\t\t<p class=\"dekode-link-card__description\">H\u00e5ller ditt system i g\u00e5ng utan st\u00f6rningar<\/p>\n\t\t\t<\/div>\n\t<\/a>\n\n<a class=\"wp-block-dekode-link-card\" href=\"https:\/\/www.elementlogic.net\/se\/losningar-och-tjanster\/support\/\"><img loading=\"lazy\" decoding=\"async\" width=\"768\" height=\"512\" src=\"https:\/\/www.elementlogic.net\/content\/uploads\/sites\/14\/2026\/03\/support_customer-success-1-768x512.png\" class=\"\" alt=\"\" \/>\t<div class=\"dekode-link-card__content\">\n\t\t\t\t<p class=\"dekode-link-card__title\">\n\t\t\tSupport\t\t<\/p>\n\t\t\t\t\t<p class=\"dekode-link-card__description\">Support: trygghet dygnet runt i din lagerverksamhet<\/p>\n\t\t\t<\/div>\n\t<\/a>\n\n\t\t\t<\/div>\n\t\t<\/div>","protected":false},"excerpt":{"rendered":"<p>En viktig del av Customer Success Customer Success p\u00e5 Element Logic handlar om mer \u00e4n att leverera en lagerl\u00f6sning. Det [&hellip;]<\/p>\n","protected":false},"author":2,"featured_media":0,"parent":3121,"menu_order":0,"comment_status":"closed","ping_status":"closed","template":"","meta":{"hreflang_relation":0,"_el_cross_publish_source_blog_url":"","_el_cross_publish_source_blog_id":0,"_el_cross_publish_source_post_id":0,"_el_cross_publish_sync_state":"","exclude_from_search":false,"footnotes":""},"class_list":["post-3123","page","type-page","status-publish","hentry"],"yoast_head":"<!-- This site is optimized with the Yoast SEO Premium plugin v23.9 (Yoast SEO v23.9) - https:\/\/yoast.com\/wordpress\/plugins\/seo\/ -->\n<title>Insikter &amp; Optimering - Element Logic Sweden<\/title>\n<meta name=\"description\" content=\"Uppt\u00e4ck insikt och optimering fr\u00e5n Element Logic som omvandlar lagerdata till b\u00e4ttre beslut, h\u00f6gre effektivitet och l\u00e5ngsiktigt v\u00e4rde.\" \/>\n<meta name=\"robots\" content=\"index, follow, max-snippet:-1, max-image-preview:large, max-video-preview:-1\" \/>\n<link rel=\"canonical\" href=\"https:\/\/www.elementlogic.net\/se\/losningar-och-tjanster\/nojda-kunder\/insikter-och-optimering\/\" \/>\n<meta property=\"og:locale\" content=\"sv_SE\" \/>\n<meta property=\"og:type\" content=\"article\" \/>\n<meta property=\"og:title\" content=\"Insikter &amp; Optimering\" \/>\n<meta property=\"og:description\" content=\"Uppt\u00e4ck insikt och optimering fr\u00e5n Element Logic som omvandlar lagerdata till b\u00e4ttre beslut, h\u00f6gre effektivitet och l\u00e5ngsiktigt v\u00e4rde.\" \/>\n<meta property=\"og:url\" content=\"https:\/\/www.elementlogic.net\/se\/losningar-och-tjanster\/nojda-kunder\/insikter-och-optimering\/\" \/>\n<meta property=\"og:site_name\" content=\"Element Logic Sweden\" \/>\n<meta property=\"article:modified_time\" content=\"2026-03-26T10:23:22+00:00\" \/>\n<meta name=\"twitter:card\" content=\"summary_large_image\" \/>\n<meta name=\"twitter:label1\" content=\"Ber\u00e4knad l\u00e4stid\" \/>\n\t<meta name=\"twitter:data1\" content=\"2 minuter\" \/>\n<script type=\"application\/ld+json\" class=\"yoast-schema-graph\">{\"@context\":\"https:\/\/schema.org\",\"@graph\":[{\"@type\":\"WebPage\",\"@id\":\"https:\/\/www.elementlogic.net\/se\/losningar-och-tjanster\/nojda-kunder\/insikter-och-optimering\/\",\"url\":\"https:\/\/www.elementlogic.net\/se\/losningar-och-tjanster\/nojda-kunder\/insikter-och-optimering\/\",\"name\":\"Insikter &amp; Optimering - Element Logic Sweden\",\"isPartOf\":{\"@id\":\"https:\/\/www.elementlogic.net\/se\/#website\"},\"datePublished\":\"2026-03-26T09:56:36+00:00\",\"dateModified\":\"2026-03-26T10:23:22+00:00\",\"description\":\"Uppt\u00e4ck insikt och optimering fr\u00e5n Element Logic som omvandlar lagerdata till b\u00e4ttre beslut, h\u00f6gre effektivitet och l\u00e5ngsiktigt v\u00e4rde.\",\"breadcrumb\":{\"@id\":\"https:\/\/www.elementlogic.net\/se\/losningar-och-tjanster\/nojda-kunder\/insikter-och-optimering\/#breadcrumb\"},\"inLanguage\":\"sv-SE\",\"potentialAction\":[{\"@type\":\"ReadAction\",\"target\":[\"https:\/\/www.elementlogic.net\/se\/losningar-och-tjanster\/nojda-kunder\/insikter-och-optimering\/\"]}]},{\"@type\":\"BreadcrumbList\",\"@id\":\"https:\/\/www.elementlogic.net\/se\/losningar-och-tjanster\/nojda-kunder\/insikter-och-optimering\/#breadcrumb\",\"itemListElement\":[{\"@type\":\"ListItem\",\"position\":1,\"name\":\"L\u00f6sningar och tj\u00e4nster\",\"item\":\"https:\/\/www.elementlogic.net\/se\/losningar-och-tjanster\/\"},{\"@type\":\"ListItem\",\"position\":2,\"name\":\"N\u00f6jda kunder\",\"item\":\"https:\/\/www.elementlogic.net\/se\/losningar-och-tjanster\/nojda-kunder\/\"},{\"@type\":\"ListItem\",\"position\":3,\"name\":\"Insikter &amp; Optimering\"}]},{\"@type\":\"WebSite\",\"@id\":\"https:\/\/www.elementlogic.net\/se\/#website\",\"url\":\"https:\/\/www.elementlogic.net\/se\/\",\"name\":\"Element Logic Sweden\",\"description\":\"\",\"potentialAction\":[{\"@type\":\"SearchAction\",\"target\":{\"@type\":\"EntryPoint\",\"urlTemplate\":\"https:\/\/www.elementlogic.net\/se\/?s={search_term_string}\"},\"query-input\":{\"@type\":\"PropertyValueSpecification\",\"valueRequired\":true,\"valueName\":\"search_term_string\"}}],\"inLanguage\":\"sv-SE\"}]}<\/script>\n<!-- \/ Yoast SEO Premium plugin. -->","yoast_head_json":{"title":"Insikter &amp; Optimering - Element Logic Sweden","description":"Uppt\u00e4ck insikt och optimering fr\u00e5n Element Logic som omvandlar lagerdata till b\u00e4ttre beslut, h\u00f6gre effektivitet och l\u00e5ngsiktigt v\u00e4rde.","robots":{"index":"index","follow":"follow","max-snippet":"max-snippet:-1","max-image-preview":"max-image-preview:large","max-video-preview":"max-video-preview:-1"},"canonical":"https:\/\/www.elementlogic.net\/se\/losningar-och-tjanster\/nojda-kunder\/insikter-och-optimering\/","og_locale":"sv_SE","og_type":"article","og_title":"Insikter &amp; Optimering","og_description":"Uppt\u00e4ck insikt och optimering fr\u00e5n Element Logic som omvandlar lagerdata till b\u00e4ttre beslut, h\u00f6gre effektivitet och l\u00e5ngsiktigt v\u00e4rde.","og_url":"https:\/\/www.elementlogic.net\/se\/losningar-och-tjanster\/nojda-kunder\/insikter-och-optimering\/","og_site_name":"Element Logic Sweden","article_modified_time":"2026-03-26T10:23:22+00:00","twitter_card":"summary_large_image","twitter_misc":{"Ber\u00e4knad l\u00e4stid":"2 minuter"},"schema":{"@context":"https:\/\/schema.org","@graph":[{"@type":"WebPage","@id":"https:\/\/www.elementlogic.net\/se\/losningar-och-tjanster\/nojda-kunder\/insikter-och-optimering\/","url":"https:\/\/www.elementlogic.net\/se\/losningar-och-tjanster\/nojda-kunder\/insikter-och-optimering\/","name":"Insikter &amp; Optimering - Element Logic Sweden","isPartOf":{"@id":"https:\/\/www.elementlogic.net\/se\/#website"},"datePublished":"2026-03-26T09:56:36+00:00","dateModified":"2026-03-26T10:23:22+00:00","description":"Uppt\u00e4ck insikt och optimering fr\u00e5n Element Logic som omvandlar lagerdata till b\u00e4ttre beslut, h\u00f6gre effektivitet och l\u00e5ngsiktigt v\u00e4rde.","breadcrumb":{"@id":"https:\/\/www.elementlogic.net\/se\/losningar-och-tjanster\/nojda-kunder\/insikter-och-optimering\/#breadcrumb"},"inLanguage":"sv-SE","potentialAction":[{"@type":"ReadAction","target":["https:\/\/www.elementlogic.net\/se\/losningar-och-tjanster\/nojda-kunder\/insikter-och-optimering\/"]}]},{"@type":"BreadcrumbList","@id":"https:\/\/www.elementlogic.net\/se\/losningar-och-tjanster\/nojda-kunder\/insikter-och-optimering\/#breadcrumb","itemListElement":[{"@type":"ListItem","position":1,"name":"L\u00f6sningar och tj\u00e4nster","item":"https:\/\/www.elementlogic.net\/se\/losningar-och-tjanster\/"},{"@type":"ListItem","position":2,"name":"N\u00f6jda kunder","item":"https:\/\/www.elementlogic.net\/se\/losningar-och-tjanster\/nojda-kunder\/"},{"@type":"ListItem","position":3,"name":"Insikter &amp; Optimering"}]},{"@type":"WebSite","@id":"https:\/\/www.elementlogic.net\/se\/#website","url":"https:\/\/www.elementlogic.net\/se\/","name":"Element Logic Sweden","description":"","potentialAction":[{"@type":"SearchAction","target":{"@type":"EntryPoint","urlTemplate":"https:\/\/www.elementlogic.net\/se\/?s={search_term_string}"},"query-input":{"@type":"PropertyValueSpecification","valueRequired":true,"valueName":"search_term_string"}}],"inLanguage":"sv-SE"}]}},"_links":{"self":[{"href":"https:\/\/www.elementlogic.net\/se\/wp-json\/wp\/v2\/pages\/3123"}],"collection":[{"href":"https:\/\/www.elementlogic.net\/se\/wp-json\/wp\/v2\/pages"}],"about":[{"href":"https:\/\/www.elementlogic.net\/se\/wp-json\/wp\/v2\/types\/page"}],"author":[{"embeddable":true,"href":"https:\/\/www.elementlogic.net\/se\/wp-json\/wp\/v2\/users\/2"}],"replies":[{"embeddable":true,"href":"https:\/\/www.elementlogic.net\/se\/wp-json\/wp\/v2\/comments?post=3123"}],"version-history":[{"count":5,"href":"https:\/\/www.elementlogic.net\/se\/wp-json\/wp\/v2\/pages\/3123\/revisions"}],"predecessor-version":[{"id":3669,"href":"https:\/\/www.elementlogic.net\/se\/wp-json\/wp\/v2\/pages\/3123\/revisions\/3669"}],"up":[{"embeddable":true,"href":"https:\/\/www.elementlogic.net\/se\/wp-json\/wp\/v2\/pages\/3121"}],"wp:attachment":[{"href":"https:\/\/www.elementlogic.net\/se\/wp-json\/wp\/v2\/media?parent=3123"}],"curies":[{"name":"wp","href":"https:\/\/api.w.org\/{rel}","templated":true}]}}