{"id":3126,"date":"2026-03-26T09:54:58","date_gmt":"2026-03-26T09:54:58","guid":{"rendered":"https:\/\/www.elementlogic.net\/se\/?page_id=3126"},"modified":"2026-03-26T10:25:43","modified_gmt":"2026-03-26T10:25:43","slug":"systemunderhall","status":"publish","type":"page","link":"https:\/\/www.elementlogic.net\/se\/losningar-och-tjanster\/nojda-kunder\/systemunderhall\/","title":{"rendered":"Systemunderh\u00e5ll"},"content":{"rendered":"\n\t\t<div style=\"--dekode-hero-dim:0.5; --t2-icon-fill:var(--wp--preset--color--white);\" class=\"alignfull dekode-hero-content-position-center has-media-background wp-block-dekode-hero has-text-color has-white-color\">\n\t\t\t<img loading=\"lazy\" decoding=\"async\" width=\"1024\" height=\"429\" src=\"https:\/\/www.elementlogic.net\/content\/uploads\/sites\/14\/2026\/03\/Wallpaper-10-scaled-2-1024x429.jpg\" class=\"dekode-hero__image\" alt=\"\" style=\"--focalpoint: 50% 50%;\" srcset=\"https:\/\/www.elementlogic.net\/content\/uploads\/sites\/14\/2026\/03\/Wallpaper-10-scaled-2-1024x429.jpg 1024w, https:\/\/www.elementlogic.net\/content\/uploads\/sites\/14\/2026\/03\/Wallpaper-10-scaled-2-300x126.jpg 300w, https:\/\/www.elementlogic.net\/content\/uploads\/sites\/14\/2026\/03\/Wallpaper-10-scaled-2-768x322.jpg 768w, https:\/\/www.elementlogic.net\/content\/uploads\/sites\/14\/2026\/03\/Wallpaper-10-scaled-2-1536x643.jpg 1536w, https:\/\/www.elementlogic.net\/content\/uploads\/sites\/14\/2026\/03\/Wallpaper-10-scaled-2-2048x858.jpg 2048w\" sizes=\"(max-width: 1024px) 100vw, 1024px\" \/>\n\t\t\t<div class=\"dekode-hero__content\">\n\t\t\t\t<div class=\"dekode-hero__container\">\n\t\t\t\t\t\n\n<h1 class=\"wp-block-heading\" id=\"h-systemunderhall\"><strong>Systemunderh\u00e5ll<\/strong><\/h1>\n\n\n<p class=\"t2-ingress wp-block-t2-ingress\"><strong>H\u00e5ller ditt system i g\u00e5ng utan st\u00f6rningar<\/strong><\/p>\n\n\t\t\t\t<\/div>\n\t\t\t<\/div>\n\t\t<\/div>\n\t\t\n\n\n<h2 class=\"wp-block-heading\" id=\"h-underhall-som-en-del-av-din-framgangsresa\">Underh\u00e5ll som en del av din framg\u00e5ngsresa<\/h2>\n\n\n\n<p>Underh\u00e5ll handlar inte bara om att l\u00f6sa problem &#8211; det \u00e4r en central del av hur Element Logic st\u00f6ttar din l\u00e5ngsiktiga lagerprestanda. Som en pelare i v\u00e5rt Customer Success-program s\u00e4kerst\u00e4ller v\u00e5r underh\u00e5llstj\u00e4nst att dina automatiserade lagersystem f\u00f6rblir tillf\u00f6rlitliga, effektiva och redo f\u00f6r det som kommer h\u00e4rn\u00e4st.<\/p>\n\n\n\n<h2 class=\"wp-block-heading\" id=\"h-proaktivt-och-planerat-underhall\">Proaktivt och planerat underh\u00e5ll<\/h2>\n\n\n\n<p>Fr\u00e5n det \u00f6gonblick ditt system g\u00e5r live arbetar v\u00e5rt proaktiva serviceteam tillsammans med dig f\u00f6r att etablera ett underh\u00e5llsschema anpassat efter din verksamhet.<\/p>\n\n\n\n<p>Vi genomf\u00f6r regelbundna inspektioner, reng\u00f6ring, utbyten och f\u00f6rebyggande \u00e5tg\u00e4rder p\u00e5 alla kritiska komponenter &#8211; robotar, grid, transportbanesystem, programvara och styrsystem. Dessa planerade underh\u00e5llsintervall \u00e4r utformade f\u00f6r att f\u00f6rhindra att slitage utvecklas till driftstopp.<\/p>\n\n\n\n<p>Vi planerar underh\u00e5llet noggrant f\u00f6r att undvika st\u00f6rningar och samordnar med ditt team s\u00e5 att h\u00f6gs\u00e4songer respekteras och verksamheten kan forts\u00e4tta smidigt.<\/p>\n\n\n\n\t\t<div class=\"alignwide is-mode-constrained is-gap-center wp-block-t2-simple-media-text   \">\n\t\t\t<div class=\"t2-simple-media-text__container\">\n\t\t\t\t<div class=\"t2-simple-media-text__image\"><img loading=\"lazy\" decoding=\"async\" width=\"768\" height=\"322\" src=\"https:\/\/www.elementlogic.net\/content\/uploads\/sites\/14\/2026\/03\/Wallpaper-2-scaled-1-768x322.jpg\" class=\"\" alt=\"\" style=\"--focalpoint: 50% 50%;\" srcset=\"https:\/\/www.elementlogic.net\/content\/uploads\/sites\/14\/2026\/03\/Wallpaper-2-scaled-1-768x322.jpg 768w, https:\/\/www.elementlogic.net\/content\/uploads\/sites\/14\/2026\/03\/Wallpaper-2-scaled-1-300x126.jpg 300w, https:\/\/www.elementlogic.net\/content\/uploads\/sites\/14\/2026\/03\/Wallpaper-2-scaled-1-1024x429.jpg 1024w, https:\/\/www.elementlogic.net\/content\/uploads\/sites\/14\/2026\/03\/Wallpaper-2-scaled-1-1536x643.jpg 1536w, https:\/\/www.elementlogic.net\/content\/uploads\/sites\/14\/2026\/03\/Wallpaper-2-scaled-1-2048x858.jpg 2048w\" sizes=\"(max-width: 768px) 100vw, 768px\" \/><\/div>\n\t\t\t\t<div class=\"t2-simple-media-text__content-container\">\n\t\t\t\t\t<div class=\"t2-simple-media-text__content\">\n\t\t\t\t\t\t<div class=\"t2-simple-media-text__content-inner\">\n\t\t\t\t\t\t\t\n\n<h3 class=\"wp-block-heading\" id=\"h-overvakning-av-systemhalsa-och-upptackt-av-slitage\"><strong>\u00d6vervakning av systemh\u00e4lsa och uppt\u00e4ckt av slitage<\/strong><\/h3>\n\n\n\n<p>Med programvara som <strong>eLogiq<\/strong> f\u00f6r \u00f6vervakning av systemh\u00e4lsa f\u00f6ljer vi nyckelindikatorer som robotbeteende, motorprestanda, remsp\u00e4nning, komponentslitage och systembelastning.<\/p>\n\n\n\n<p>Denna kontinuerliga \u00f6vervakning g\u00f6r det m\u00f6jligt f\u00f6r oss att uppt\u00e4cka tidiga varningssignaler: delar som f\u00f6rs\u00e4mras, avvikande m\u00f6nster, sensorer som driver iv\u00e4g och s\u00e5 vidare. N\u00e4r problem flaggas g\u00e5r v\u00e5rt team in med justeringar eller \u00e5tg\u00e4rder innan de leder till fel.<\/p>\n\n\n\t\t\t\t\t\t<\/div>\n\t\t\t\t\t<\/div>\n\t\t\t\t<\/div>\n\t\t\t<\/div>\n\t\t<\/div>\n\t\t\n\n\n\t\t<div class=\"alignwide is-mode-constrained is-gap-center has-media-on-the-right wp-block-t2-simple-media-text   \">\n\t\t\t<div class=\"t2-simple-media-text__container\">\n\t\t\t\t<div class=\"t2-simple-media-text__image\"><img loading=\"lazy\" decoding=\"async\" width=\"768\" height=\"512\" src=\"https:\/\/www.elementlogic.net\/content\/uploads\/sites\/14\/2026\/03\/Material_Handling_at_Royal_Design__ELE_00546-768x512.jpg\" class=\"\" alt=\"\" style=\"--focalpoint: 50% 50%;\" srcset=\"https:\/\/www.elementlogic.net\/content\/uploads\/sites\/14\/2026\/03\/Material_Handling_at_Royal_Design__ELE_00546-768x512.jpg 768w, https:\/\/www.elementlogic.net\/content\/uploads\/sites\/14\/2026\/03\/Material_Handling_at_Royal_Design__ELE_00546-300x200.jpg 300w, https:\/\/www.elementlogic.net\/content\/uploads\/sites\/14\/2026\/03\/Material_Handling_at_Royal_Design__ELE_00546-1024x683.jpg 1024w, https:\/\/www.elementlogic.net\/content\/uploads\/sites\/14\/2026\/03\/Material_Handling_at_Royal_Design__ELE_00546-1536x1025.jpg 1536w, https:\/\/www.elementlogic.net\/content\/uploads\/sites\/14\/2026\/03\/Material_Handling_at_Royal_Design__ELE_00546.jpg 2000w\" sizes=\"(max-width: 768px) 100vw, 768px\" \/><\/div>\n\t\t\t\t<div class=\"t2-simple-media-text__content-container\">\n\t\t\t\t\t<div class=\"t2-simple-media-text__content\">\n\t\t\t\t\t\t<div class=\"t2-simple-media-text__content-inner\">\n\t\t\t\t\t\t\t\n\n<h3 class=\"wp-block-heading\" id=\"h-prediktivt-underhall-och-forbattrad-tillforlitlighet\"><strong>Prediktivt underh\u00e5ll och f\u00f6rb\u00e4ttrad tillf\u00f6rlitlighet<\/strong><\/h3>\n\n\n\n<p>Vi g\u00f6r mer \u00e4n att reagera. Vi f\u00f6rutser.<\/p>\n\n\n\n<p><br>Genom att anv\u00e4nda historisk data, sensorinput och trendanalys omfattar v\u00e5rt underh\u00e5llsprogram prediktiva underh\u00e5llsinsatser:<\/p>\n\n\n\n<p>F\u00f6rutse fel i robotar eller drivsystem<br>F\u00f6rutse underh\u00e5ll av transportbanor eller sorteringsband innan glidning eller feljustering orsakar problem<br>Uppt\u00e4cka avvikelser i grid, energiineffektivitet eller komponentutmattning<span style=\"font-size: medium\"><\/span><br><\/p>\n\n\n\n<p>Resultatet \u00e4r f\u00e4rre ov\u00e4ntade avbrott, f\u00f6rb\u00e4ttrad drifttid, f\u00f6rl\u00e4ngd livsl\u00e4ngd p\u00e5 komponenter och mer tillf\u00f6rlitlig throughput.<\/p>\n\n\n\t\t\t\t\t\t<\/div>\n\t\t\t\t\t<\/div>\n\t\t\t\t<\/div>\n\t\t\t<\/div>\n\t\t<\/div>\n\t\t\n\n\n<h2 class=\"wp-block-heading\" id=\"h-minimera-storningar-maximera-livslangd\">Minimera st\u00f6rningar, maximera livsl\u00e4ngd<\/h2>\n\n\n\n<p>Vi vet att varje underh\u00e5llsaktivitet medf\u00f6r kostnader &#8211; f\u00f6rlorad produktion, planering och resursallokering. D\u00e4rf\u00f6r \u00e4r v\u00e5r underh\u00e5llstj\u00e4nst utformad f\u00f6r att minimera st\u00f6rningar och maximera livsl\u00e4ngden:<\/p>\n\n\n\n<ul class=\"wp-block-list\">\n<li>F\u00f6rl\u00e4gga underh\u00e5ll till perioder med l\u00e5g aktivitet n\u00e4r det \u00e4r m\u00f6jligt<\/li>\n<\/ul>\n\n\n\n<ul class=\"wp-block-list\">\n<li>Anv\u00e4nda reservdelslager f\u00f6r att s\u00e4kerst\u00e4lla snabba utbyten<\/li>\n<\/ul>\n\n\n\n<ul class=\"wp-block-list\">\n<li>Samordnad \u00e5tkomst s\u00e5 att \u00e5tkomst till robotgrid eller transportbanor inte stoppar kritiska operationer<\/li>\n<\/ul>\n\n\n\n<ul class=\"wp-block-list\">\n<li>Tydlig kommunikation och planering med ditt driftteam<\/li>\n<\/ul>\n\n\n\n<p>Dessutom \u00e4r underh\u00e5ll en del av v\u00e5ra regelbundna genomg\u00e5ngsm\u00f6ten inom Customer Success, s\u00e5 att vi kan anpassa oss efter dina h\u00f6gs\u00e4songer, tillv\u00e4xtplaner och f\u00f6r\u00e4ndrade anv\u00e4ndningsm\u00f6nster.<\/p>\n\n\n\n<h2 class=\"wp-block-heading\" id=\"h-varfor-underhall-fran-element-logic-ar-viktigt\">Varf\u00f6r underh\u00e5ll fr\u00e5n Element Logic \u00e4r viktigt<\/h2>\n\n\n\n<ul class=\"wp-block-list\">\n<li><strong>Drifttid:<\/strong> F\u00e4rre driftstopp. Mer tillf\u00f6rlitlig verksamhet.<\/li>\n<\/ul>\n\n\n\n<ul class=\"wp-block-list\">\n<li><strong>L\u00e4gre \u00e4gandekostnad:<\/strong> Regelbunden service minskar takten i komponentfel och f\u00f6rl\u00e4nger systemets livsl\u00e4ngd.<\/li>\n<\/ul>\n\n\n\n<ul class=\"wp-block-list\">\n<li><strong>J\u00e4mn prestanda:<\/strong> Ditt system beh\u00e5ller throughput, precision och stabilitet \u00f6ver tid.<\/li>\n<\/ul>\n\n\n\n<ul class=\"wp-block-list\">\n<li><strong>Skalbarhet och beredskap: <\/strong>Systemet f\u00f6rblir kapabelt att hantera kapacitetstillv\u00e4xt, nya produkttyper eller f\u00f6r\u00e4ndrade anv\u00e4ndningsm\u00f6nster utan ov\u00e4ntade fel.<\/li>\n<\/ul>\n\n\n\n\t\t<div class=\"wp-block-dekode-simple-cta\">\n\t\t\t<div class=\"dekode-simple-cta__inner\">\n\n<h3 class=\"wp-block-heading\" id=\"kom-igang-med-underhall-tillsammans-med-oss\"><strong>Kom ig\u00e5ng med underh\u00e5ll tillsammans med oss<\/strong><\/h3>\n\n\n<p class=\"t2-ingress wp-block-t2-ingress\">Underh\u00e5ll \u00e4r inte valfritt &#8211; det \u00e4r avg\u00f6rande f\u00f6r l\u00e5ngsiktig prestanda, tillf\u00f6rlitlighet och kostnadskontroll.<\/p>\n\n\n<div class=\"wp-block-buttons is-layout-flex wp-block-buttons-is-layout-flex\">\n<div class=\"wp-block-button has-icon has-icon-theme_arrow\"><a class=\"wp-block-button__link wp-element-button\" href=\"https:\/\/www.elementlogic.net\/se\/boka-gratis-konsultation\/\">Kontakta oss<svg xmlns=\"http:\/\/www.w3.org\/2000\/svg\" viewBox=\"0 0 24 24\" height=\"24\" width=\"24\" class=\"t2-icon t2-icon-theme_arrow\" aria-hidden=\"true\" focusable=\"false\"><path d=\"M16.627 12.75H5.25C5.03717 12.75 4.859 12.6782 4.7155 12.5345C4.57183 12.391 4.5 12.2128 4.5 12C4.5 11.7872 4.57183 11.609 4.7155 11.4655C4.859 11.3218 5.03717 11.25 5.25 11.25H16.627L11.4577 6.08076C11.3091 5.93209 11.2357 5.75809 11.2375 5.55876C11.2395 5.35942 11.318 5.18217 11.473 5.02701C11.6282 4.88217 11.8038 4.80717 12 4.80201C12.1962 4.79684 12.3718 4.87184 12.527 5.02701L18.8673 11.3673C18.9609 11.4609 19.0269 11.5597 19.0652 11.6635C19.1037 11.7673 19.123 11.8795 19.123 12C19.123 12.1205 19.1037 12.2327 19.0652 12.3365C19.0269 12.4403 18.9609 12.5391 18.8673 12.6328L12.527 18.973C12.3885 19.1115 12.217 19.1823 12.0125 19.1855C11.808 19.1887 11.6282 19.1178 11.473 18.973C11.318 18.8178 11.2405 18.6397 11.2405 18.4385C11.2405 18.2372 11.318 18.0589 11.473 17.9038L16.627 12.75Z\" fill=\"var(--t2-icon-fill, #000)\"\/><\/svg><\/a><\/div>\n<\/div>\n\n<\/div>\n\t\t<\/div>\n\n\n<h3 class=\"wp-block-heading\" id=\"utforska-vara-tjanster\">Utforska v\u00e5ra tj\u00e4nster<\/h3>\n\n\n\n\t\t<div style=\"--link-cards-grid-columns: 3\" class=\"dekode-link-cards has-3-columns wp-block-dekode-link-cards\">\n\t\t\t<div class=\"dekode-link-cards__items\">\n\t\t\t\t\n<a class=\"wp-block-dekode-link-card\" href=\"https:\/\/www.elementlogic.net\/se\/losningar-och-tjanster\/utbildning-och-utveckling\/\"><img loading=\"lazy\" decoding=\"async\" width=\"768\" height=\"512\" src=\"https:\/\/www.elementlogic.net\/content\/uploads\/sites\/14\/2026\/03\/EL_eLogiq-2-768x512.png\" class=\"\" alt=\"\" \/>\t<div class=\"dekode-link-card__content\">\n\t\t\t\t<p class=\"dekode-link-card__title\">\n\t\t\tUtbildning\t\t<\/p>\n\t\t\t\t\t<p class=\"dekode-link-card__description\">Utbildning som grund f\u00f6r Customer Success<\/p>\n\t\t\t<\/div>\n\t<\/a>\n\n<a class=\"wp-block-dekode-link-card\" href=\"https:\/\/www.elementlogic.net\/solutions-and-services\/customer-success\/insight-and-optimization\/\"><img loading=\"lazy\" decoding=\"async\" width=\"768\" height=\"512\" src=\"https:\/\/www.elementlogic.net\/content\/uploads\/sites\/14\/2026\/03\/EL_eLogiq_-11-1024x683-1-6-768x512.jpg\" class=\"\" alt=\"\" \/>\t<div class=\"dekode-link-card__content\">\n\t\t\t\t<p class=\"dekode-link-card__title\">\n\t\t\tInsight &amp; Optimization\t\t<\/p>\n\t\t\t\t\t<p class=\"dekode-link-card__description\">Driver kontinuerligt v\u00e4rde<\/p>\n\t\t\t<\/div>\n\t<\/a>\n\n<a class=\"wp-block-dekode-link-card\" href=\"https:\/\/www.elementlogic.net\/se\/losningar-och-tjanster\/support\/\"><img loading=\"lazy\" decoding=\"async\" width=\"768\" height=\"512\" src=\"https:\/\/www.elementlogic.net\/content\/uploads\/sites\/14\/2026\/03\/support_customer-success-1-768x512.png\" class=\"\" alt=\"\" \/>\t<div class=\"dekode-link-card__content\">\n\t\t\t\t<p class=\"dekode-link-card__title\">\n\t\t\tSupport\t\t<\/p>\n\t\t\t\t\t<p class=\"dekode-link-card__description\">Support: trygghet dygnet runt i din lagerverksamhet<\/p>\n\t\t\t<\/div>\n\t<\/a>\n\n\t\t\t<\/div>\n\t\t<\/div>\n\n\n<p><\/p>\n","protected":false},"excerpt":{"rendered":"<p>Underh\u00e5ll som en del av din framg\u00e5ngsresa Underh\u00e5ll handlar inte bara om att l\u00f6sa problem &#8211; det \u00e4r en central [&hellip;]<\/p>\n","protected":false},"author":2,"featured_media":0,"parent":3121,"menu_order":0,"comment_status":"closed","ping_status":"closed","template":"","meta":{"hreflang_relation":0,"_el_cross_publish_source_blog_url":"","_el_cross_publish_source_blog_id":0,"_el_cross_publish_source_post_id":0,"_el_cross_publish_sync_state":"","exclude_from_search":false,"footnotes":""},"class_list":["post-3126","page","type-page","status-publish","hentry"],"yoast_head":"<!-- This site is optimized with the Yoast SEO Premium plugin v23.9 (Yoast SEO v23.9) - https:\/\/yoast.com\/wordpress\/plugins\/seo\/ -->\n<title>Systemunderh\u00e5ll - Element Logic Sweden<\/title>\n<meta name=\"description\" content=\"Uppt\u00e4ck underh\u00e5llstj\u00e4nster fr\u00e5n Element Logic som minskar driftstopp, f\u00f6rl\u00e4nger livsl\u00e4ngden och s\u00e4krar l\u00e5ngsiktig lagerprestanda.\" \/>\n<meta name=\"robots\" content=\"index, follow, max-snippet:-1, max-image-preview:large, max-video-preview:-1\" \/>\n<link rel=\"canonical\" href=\"https:\/\/www.elementlogic.net\/se\/losningar-och-tjanster\/nojda-kunder\/systemunderhall\/\" \/>\n<meta property=\"og:locale\" content=\"sv_SE\" \/>\n<meta property=\"og:type\" content=\"article\" \/>\n<meta property=\"og:title\" content=\"Systemunderh\u00e5ll\" \/>\n<meta property=\"og:description\" content=\"Uppt\u00e4ck underh\u00e5llstj\u00e4nster fr\u00e5n Element Logic som minskar driftstopp, f\u00f6rl\u00e4nger livsl\u00e4ngden och s\u00e4krar l\u00e5ngsiktig lagerprestanda.\" \/>\n<meta property=\"og:url\" content=\"https:\/\/www.elementlogic.net\/se\/losningar-och-tjanster\/nojda-kunder\/systemunderhall\/\" \/>\n<meta property=\"og:site_name\" content=\"Element Logic Sweden\" \/>\n<meta property=\"article:modified_time\" content=\"2026-03-26T10:25:43+00:00\" \/>\n<meta name=\"twitter:card\" content=\"summary_large_image\" \/>\n<meta name=\"twitter:label1\" content=\"Ber\u00e4knad l\u00e4stid\" \/>\n\t<meta name=\"twitter:data1\" content=\"3 minuter\" \/>\n<script type=\"application\/ld+json\" class=\"yoast-schema-graph\">{\"@context\":\"https:\/\/schema.org\",\"@graph\":[{\"@type\":\"WebPage\",\"@id\":\"https:\/\/www.elementlogic.net\/se\/losningar-och-tjanster\/nojda-kunder\/systemunderhall\/\",\"url\":\"https:\/\/www.elementlogic.net\/se\/losningar-och-tjanster\/nojda-kunder\/systemunderhall\/\",\"name\":\"Systemunderh\u00e5ll - Element Logic Sweden\",\"isPartOf\":{\"@id\":\"https:\/\/www.elementlogic.net\/se\/#website\"},\"datePublished\":\"2026-03-26T09:54:58+00:00\",\"dateModified\":\"2026-03-26T10:25:43+00:00\",\"description\":\"Uppt\u00e4ck underh\u00e5llstj\u00e4nster fr\u00e5n Element Logic som minskar driftstopp, f\u00f6rl\u00e4nger livsl\u00e4ngden och s\u00e4krar l\u00e5ngsiktig lagerprestanda.\",\"breadcrumb\":{\"@id\":\"https:\/\/www.elementlogic.net\/se\/losningar-och-tjanster\/nojda-kunder\/systemunderhall\/#breadcrumb\"},\"inLanguage\":\"sv-SE\",\"potentialAction\":[{\"@type\":\"ReadAction\",\"target\":[\"https:\/\/www.elementlogic.net\/se\/losningar-och-tjanster\/nojda-kunder\/systemunderhall\/\"]}]},{\"@type\":\"BreadcrumbList\",\"@id\":\"https:\/\/www.elementlogic.net\/se\/losningar-och-tjanster\/nojda-kunder\/systemunderhall\/#breadcrumb\",\"itemListElement\":[{\"@type\":\"ListItem\",\"position\":1,\"name\":\"L\u00f6sningar och tj\u00e4nster\",\"item\":\"https:\/\/www.elementlogic.net\/se\/losningar-och-tjanster\/\"},{\"@type\":\"ListItem\",\"position\":2,\"name\":\"N\u00f6jda kunder\",\"item\":\"https:\/\/www.elementlogic.net\/se\/losningar-och-tjanster\/nojda-kunder\/\"},{\"@type\":\"ListItem\",\"position\":3,\"name\":\"Systemunderh\u00e5ll\"}]},{\"@type\":\"WebSite\",\"@id\":\"https:\/\/www.elementlogic.net\/se\/#website\",\"url\":\"https:\/\/www.elementlogic.net\/se\/\",\"name\":\"Element Logic Sweden\",\"description\":\"\",\"potentialAction\":[{\"@type\":\"SearchAction\",\"target\":{\"@type\":\"EntryPoint\",\"urlTemplate\":\"https:\/\/www.elementlogic.net\/se\/?s={search_term_string}\"},\"query-input\":{\"@type\":\"PropertyValueSpecification\",\"valueRequired\":true,\"valueName\":\"search_term_string\"}}],\"inLanguage\":\"sv-SE\"}]}<\/script>\n<!-- \/ Yoast SEO Premium plugin. -->","yoast_head_json":{"title":"Systemunderh\u00e5ll - Element Logic Sweden","description":"Uppt\u00e4ck underh\u00e5llstj\u00e4nster fr\u00e5n Element Logic som minskar driftstopp, f\u00f6rl\u00e4nger livsl\u00e4ngden och s\u00e4krar l\u00e5ngsiktig lagerprestanda.","robots":{"index":"index","follow":"follow","max-snippet":"max-snippet:-1","max-image-preview":"max-image-preview:large","max-video-preview":"max-video-preview:-1"},"canonical":"https:\/\/www.elementlogic.net\/se\/losningar-och-tjanster\/nojda-kunder\/systemunderhall\/","og_locale":"sv_SE","og_type":"article","og_title":"Systemunderh\u00e5ll","og_description":"Uppt\u00e4ck underh\u00e5llstj\u00e4nster fr\u00e5n Element Logic som minskar driftstopp, f\u00f6rl\u00e4nger livsl\u00e4ngden och s\u00e4krar l\u00e5ngsiktig lagerprestanda.","og_url":"https:\/\/www.elementlogic.net\/se\/losningar-och-tjanster\/nojda-kunder\/systemunderhall\/","og_site_name":"Element Logic Sweden","article_modified_time":"2026-03-26T10:25:43+00:00","twitter_card":"summary_large_image","twitter_misc":{"Ber\u00e4knad l\u00e4stid":"3 minuter"},"schema":{"@context":"https:\/\/schema.org","@graph":[{"@type":"WebPage","@id":"https:\/\/www.elementlogic.net\/se\/losningar-och-tjanster\/nojda-kunder\/systemunderhall\/","url":"https:\/\/www.elementlogic.net\/se\/losningar-och-tjanster\/nojda-kunder\/systemunderhall\/","name":"Systemunderh\u00e5ll - Element Logic Sweden","isPartOf":{"@id":"https:\/\/www.elementlogic.net\/se\/#website"},"datePublished":"2026-03-26T09:54:58+00:00","dateModified":"2026-03-26T10:25:43+00:00","description":"Uppt\u00e4ck underh\u00e5llstj\u00e4nster fr\u00e5n Element Logic som minskar driftstopp, f\u00f6rl\u00e4nger livsl\u00e4ngden och s\u00e4krar l\u00e5ngsiktig lagerprestanda.","breadcrumb":{"@id":"https:\/\/www.elementlogic.net\/se\/losningar-och-tjanster\/nojda-kunder\/systemunderhall\/#breadcrumb"},"inLanguage":"sv-SE","potentialAction":[{"@type":"ReadAction","target":["https:\/\/www.elementlogic.net\/se\/losningar-och-tjanster\/nojda-kunder\/systemunderhall\/"]}]},{"@type":"BreadcrumbList","@id":"https:\/\/www.elementlogic.net\/se\/losningar-och-tjanster\/nojda-kunder\/systemunderhall\/#breadcrumb","itemListElement":[{"@type":"ListItem","position":1,"name":"L\u00f6sningar och tj\u00e4nster","item":"https:\/\/www.elementlogic.net\/se\/losningar-och-tjanster\/"},{"@type":"ListItem","position":2,"name":"N\u00f6jda kunder","item":"https:\/\/www.elementlogic.net\/se\/losningar-och-tjanster\/nojda-kunder\/"},{"@type":"ListItem","position":3,"name":"Systemunderh\u00e5ll"}]},{"@type":"WebSite","@id":"https:\/\/www.elementlogic.net\/se\/#website","url":"https:\/\/www.elementlogic.net\/se\/","name":"Element Logic Sweden","description":"","potentialAction":[{"@type":"SearchAction","target":{"@type":"EntryPoint","urlTemplate":"https:\/\/www.elementlogic.net\/se\/?s={search_term_string}"},"query-input":{"@type":"PropertyValueSpecification","valueRequired":true,"valueName":"search_term_string"}}],"inLanguage":"sv-SE"}]}},"_links":{"self":[{"href":"https:\/\/www.elementlogic.net\/se\/wp-json\/wp\/v2\/pages\/3126"}],"collection":[{"href":"https:\/\/www.elementlogic.net\/se\/wp-json\/wp\/v2\/pages"}],"about":[{"href":"https:\/\/www.elementlogic.net\/se\/wp-json\/wp\/v2\/types\/page"}],"author":[{"embeddable":true,"href":"https:\/\/www.elementlogic.net\/se\/wp-json\/wp\/v2\/users\/2"}],"replies":[{"embeddable":true,"href":"https:\/\/www.elementlogic.net\/se\/wp-json\/wp\/v2\/comments?post=3126"}],"version-history":[{"count":5,"href":"https:\/\/www.elementlogic.net\/se\/wp-json\/wp\/v2\/pages\/3126\/revisions"}],"predecessor-version":[{"id":3668,"href":"https:\/\/www.elementlogic.net\/se\/wp-json\/wp\/v2\/pages\/3126\/revisions\/3668"}],"up":[{"embeddable":true,"href":"https:\/\/www.elementlogic.net\/se\/wp-json\/wp\/v2\/pages\/3121"}],"wp:attachment":[{"href":"https:\/\/www.elementlogic.net\/se\/wp-json\/wp\/v2\/media?parent=3126"}],"curies":[{"name":"wp","href":"https:\/\/api.w.org\/{rel}","templated":true}]}}