{"id":3128,"date":"2026-03-26T09:50:54","date_gmt":"2026-03-26T09:50:54","guid":{"rendered":"https:\/\/www.elementlogic.net\/se\/?page_id=3128"},"modified":"2026-03-26T11:41:17","modified_gmt":"2026-03-26T11:41:17","slug":"support","status":"publish","type":"page","link":"https:\/\/www.elementlogic.net\/se\/losningar-och-tjanster\/nojda-kunder\/support\/","title":{"rendered":"Support"},"content":{"rendered":"\n\t\t<div style=\"--dekode-hero-dim:0.5; --t2-icon-fill:var(--wp--preset--color--white);\" class=\"alignfull dekode-hero-content-position-center has-media-background wp-block-dekode-hero has-text-color has-white-color\">\n\t\t\t<img loading=\"lazy\" decoding=\"async\" width=\"1024\" height=\"664\" src=\"https:\/\/www.elementlogic.net\/content\/uploads\/sites\/14\/2026\/03\/Element-Logic-and-Bergaard-Amundsen-People-3-1024x664.jpg\" class=\"dekode-hero__image\" alt=\"\" style=\"--focalpoint: 52% 11%;\" srcset=\"https:\/\/www.elementlogic.net\/content\/uploads\/sites\/14\/2026\/03\/Element-Logic-and-Bergaard-Amundsen-People-3-1024x664.jpg 1024w, https:\/\/www.elementlogic.net\/content\/uploads\/sites\/14\/2026\/03\/Element-Logic-and-Bergaard-Amundsen-People-3-300x194.jpg 300w, https:\/\/www.elementlogic.net\/content\/uploads\/sites\/14\/2026\/03\/Element-Logic-and-Bergaard-Amundsen-People-3-768x498.jpg 768w, https:\/\/www.elementlogic.net\/content\/uploads\/sites\/14\/2026\/03\/Element-Logic-and-Bergaard-Amundsen-People-3-1536x996.jpg 1536w, https:\/\/www.elementlogic.net\/content\/uploads\/sites\/14\/2026\/03\/Element-Logic-and-Bergaard-Amundsen-People-3.jpg 1600w\" sizes=\"(max-width: 1024px) 100vw, 1024px\" \/>\n\t\t\t<div class=\"dekode-hero__content\">\n\t\t\t\t<div class=\"dekode-hero__container\">\n\t\t\t\t\t\n\n<p>Support: trygghet dygnet runt i din lagerverksamhet<\/p>\n\n\n\n<h1 class=\"wp-block-heading\" id=\"h-support\">Support<\/h1>\n\n\n<p class=\"t2-ingress wp-block-t2-ingress\">Alltid tillg\u00e4nglig, alltid tillf\u00f6rlitlig<\/p>\n\n\n<div class=\"wp-block-buttons is-layout-flex wp-block-buttons-is-layout-flex\">\n<div class=\"wp-block-button\"><a class=\"wp-block-button__link wp-element-button\" href=\"https:\/\/www.elementlogic.net\/se\/kontakta-support\/\">Kontakta oss<\/a><\/div>\n<\/div>\n\n\n\t\t\t\t<\/div>\n\t\t\t<\/div>\n\t\t<\/div>\n\t\t\n\n\n<p>Ditt lager \u00e4r beroende av tillg\u00e4nglighet. D\u00e4rf\u00f6r erbjuder Element Logic dedikerad support dygnet runt. V\u00e5rt Customer Success Support-team s\u00e4kerst\u00e4ller att dina l\u00f6sningar, din mjukvara och din integrerade utrustning fungerar som f\u00f6rv\u00e4ntat &#8211; vilket ger dig trygghet i att ditt lager kan leverera i tid, varje g\u00e5ng.<\/p>\n\n\n\n\t\t<div class=\"alignwide is-mode-constrained is-gap-center wp-block-t2-simple-media-text   \">\n\t\t\t<div class=\"t2-simple-media-text__container\">\n\t\t\t\t<div class=\"t2-simple-media-text__image\"><img loading=\"lazy\" decoding=\"async\" width=\"768\" height=\"576\" src=\"https:\/\/www.elementlogic.net\/content\/uploads\/sites\/14\/2026\/03\/Element-Logic_AutoStore-support-aftermarket-scaled-2-768x576.jpg\" class=\"\" alt=\"\" style=\"--focalpoint: 50% 50%;\" srcset=\"https:\/\/www.elementlogic.net\/content\/uploads\/sites\/14\/2026\/03\/Element-Logic_AutoStore-support-aftermarket-scaled-2-768x576.jpg 768w, https:\/\/www.elementlogic.net\/content\/uploads\/sites\/14\/2026\/03\/Element-Logic_AutoStore-support-aftermarket-scaled-2-300x225.jpg 300w, https:\/\/www.elementlogic.net\/content\/uploads\/sites\/14\/2026\/03\/Element-Logic_AutoStore-support-aftermarket-scaled-2-1024x768.jpg 1024w, https:\/\/www.elementlogic.net\/content\/uploads\/sites\/14\/2026\/03\/Element-Logic_AutoStore-support-aftermarket-scaled-2-1536x1152.jpg 1536w, https:\/\/www.elementlogic.net\/content\/uploads\/sites\/14\/2026\/03\/Element-Logic_AutoStore-support-aftermarket-scaled-2-2048x1536.jpg 2048w\" sizes=\"(max-width: 768px) 100vw, 768px\" \/><\/div>\n\t\t\t\t<div class=\"t2-simple-media-text__content-container\">\n\t\t\t\t\t<div class=\"t2-simple-media-text__content\">\n\t\t\t\t\t\t<div class=\"t2-simple-media-text__content-inner\">\n\t\t\t\t\t\t\t\n\n<h3 class=\"wp-block-heading\" id=\"h-snabb-hjalp-fran-experter\"><strong>Snabb hj\u00e4lp fr\u00e5n experter<\/strong><\/h3>\n\n\n\n<p>N\u00e4r problem uppst\u00e5r \u00e4r tiden avg\u00f6rande. V\u00e5ra globala supportteam svarar snabbt, identifierar orsaken och tillf\u00f6r r\u00e4tt expertis f\u00f6r att l\u00f6sa problemet. De flesta incidenter kan hanteras p\u00e5 distans genom s\u00e4ker VPN-\u00e5tkomst, vilket inneb\u00e4r mindre driftstopp och snabbare \u00e5terh\u00e4mtning. Med proaktiv \u00f6vervakning p\u00e5 plats uppt\u00e4cker och hanterar vi ofta potentiella utmaningar innan de p\u00e5verkar verksamheten.<\/p>\n\n\n\n<div class=\"wp-block-buttons is-layout-flex wp-block-buttons-is-layout-flex\">\n<div class=\"wp-block-button is-style-fill has-icon has-icon-theme_arrow\"><a class=\"wp-block-button__link wp-element-button\" href=\"https:\/\/www.elementlogic.net\/se\/kontakta-support\/\">Kontakta oss h\u00e4r<svg xmlns=\"http:\/\/www.w3.org\/2000\/svg\" viewBox=\"0 0 24 24\" height=\"24\" width=\"24\" class=\"t2-icon t2-icon-theme_arrow\" aria-hidden=\"true\" focusable=\"false\"><path d=\"M16.627 12.75H5.25C5.03717 12.75 4.859 12.6782 4.7155 12.5345C4.57183 12.391 4.5 12.2128 4.5 12C4.5 11.7872 4.57183 11.609 4.7155 11.4655C4.859 11.3218 5.03717 11.25 5.25 11.25H16.627L11.4577 6.08076C11.3091 5.93209 11.2357 5.75809 11.2375 5.55876C11.2395 5.35942 11.318 5.18217 11.473 5.02701C11.6282 4.88217 11.8038 4.80717 12 4.80201C12.1962 4.79684 12.3718 4.87184 12.527 5.02701L18.8673 11.3673C18.9609 11.4609 19.0269 11.5597 19.0652 11.6635C19.1037 11.7673 19.123 11.8795 19.123 12C19.123 12.1205 19.1037 12.2327 19.0652 12.3365C19.0269 12.4403 18.9609 12.5391 18.8673 12.6328L12.527 18.973C12.3885 19.1115 12.217 19.1823 12.0125 19.1855C11.808 19.1887 11.6282 19.1178 11.473 18.973C11.318 18.8178 11.2405 18.6397 11.2405 18.4385C11.2405 18.2372 11.318 18.0589 11.473 17.9038L16.627 12.75Z\" fill=\"var(--t2-icon-fill, #000)\"\/><\/svg><\/a><\/div>\n<\/div>\n\n\n\t\t\t\t\t\t<\/div>\n\t\t\t\t\t<\/div>\n\t\t\t\t<\/div>\n\t\t\t<\/div>\n\t\t<\/div>\n\t\t\n\n\n\t\t<div class=\"alignwide is-mode-constrained is-gap-center has-media-on-the-right wp-block-t2-simple-media-text   \">\n\t\t\t<div class=\"t2-simple-media-text__container\">\n\t\t\t\t<div class=\"t2-simple-media-text__image\"><img loading=\"lazy\" decoding=\"async\" width=\"768\" height=\"640\" src=\"https:\/\/www.elementlogic.net\/content\/uploads\/sites\/14\/2026\/03\/man-scans-at-autostore-2-768x640.png\" class=\"\" alt=\"\" style=\"--focalpoint: 50% 50%;\" srcset=\"https:\/\/www.elementlogic.net\/content\/uploads\/sites\/14\/2026\/03\/man-scans-at-autostore-2-768x640.png 768w, https:\/\/www.elementlogic.net\/content\/uploads\/sites\/14\/2026\/03\/man-scans-at-autostore-2-300x250.png 300w, https:\/\/www.elementlogic.net\/content\/uploads\/sites\/14\/2026\/03\/man-scans-at-autostore-2-1024x853.png 1024w, https:\/\/www.elementlogic.net\/content\/uploads\/sites\/14\/2026\/03\/man-scans-at-autostore-2.png 1052w\" sizes=\"(max-width: 768px) 100vw, 768px\" \/><\/div>\n\t\t\t\t<div class=\"t2-simple-media-text__content-container\">\n\t\t\t\t\t<div class=\"t2-simple-media-text__content\">\n\t\t\t\t\t\t<div class=\"t2-simple-media-text__content-inner\">\n\t\t\t\t\t\t\t\n\n<h3 class=\"wp-block-heading\" id=\"h-mer-an-felsokning\"><strong>Mer \u00e4n fels\u00f6kning<\/strong><p style=\"margin-right: 0cm;margin-left: 0cm;font-size: 12pt;, serif;font-weight: 400\"><\/p><\/h3>\n\n\n\n<p>Support fr\u00e5n Element Logic \u00e4r mer \u00e4n en akutinsats. V\u00e5rt strukturerade arbetss\u00e4tt omfattar:<br><strong>Incidenthantering<\/strong> f\u00f6r att snabbt \u00e5terst\u00e4lla driften.<br><strong>Problemhantering<\/strong> f\u00f6r att f\u00f6rhindra att problem \u00e5terkommer.<br><strong>Hantering av \u00e4ndringar och servicef\u00f6rfr\u00e5gningar<\/strong> f\u00f6r att anpassa systemet i takt med att verksamheten utvecklas.<\/p>\n\n\n\n<p><br><br>Denna kombination s\u00e4kerst\u00e4ller b\u00e5de stabilitet idag och motst\u00e5ndskraft f\u00f6r morgondagen.<\/p>\n\n\n\t\t\t\t\t\t<\/div>\n\t\t\t\t\t<\/div>\n\t\t\t\t<\/div>\n\t\t\t<\/div>\n\t\t<\/div>\n\t\t\n\n\n<h2 class=\"wp-block-heading\" id=\"h-en-betrodd-partner-for-prestanda\">En betrodd partner f\u00f6r prestanda<\/h2>\n\n\n\n<p>Support \u00e4r en del av v\u00e5rt bredare engagemang f\u00f6r kundframg\u00e5ng. Genom att arbeta med Element Logic f\u00e5r du inte bara tillg\u00e5ng till support dygnet runt, utan ocks\u00e5 tryggheten i att veta att ditt lager \u00e4r i experth\u00e4nder. Fr\u00e5n snabba l\u00f6sningar till l\u00e5ngsiktig optimering \u00e4r v\u00e5ra supporttj\u00e4nster utformade f\u00f6r att minimera risker och maximera din prestanda.<\/p>\n\n\n\n\t\t<div class=\"wp-block-dekode-simple-cta\">\n\t\t\t<div class=\"dekode-simple-cta__inner\">\n\n<h2 class=\"wp-block-heading\" id=\"h-fa-support-idag\">F\u00e5 support idag<\/h2>\n\n\n<p class=\"t2-ingress wp-block-t2-ingress\">Oavsett om du beh\u00f6ver omedelbar hj\u00e4lp eller vill st\u00e4rka din l\u00e5ngsiktiga supportstruktur finns Element Logic h\u00e4r f\u00f6r att hj\u00e4lpa dig.<\/p>\n\n\n<div class=\"wp-block-buttons is-layout-flex wp-block-buttons-is-layout-flex\">\n<div class=\"wp-block-button has-icon has-icon-theme_arrow\"><a class=\"wp-block-button__link wp-element-button\" href=\"https:\/\/www.elementlogic.net\/se\/kontakta-support\/\">Kontakta oss f\u00f6r att veta mer.<svg xmlns=\"http:\/\/www.w3.org\/2000\/svg\" viewBox=\"0 0 24 24\" height=\"24\" width=\"24\" class=\"t2-icon t2-icon-theme_arrow\" aria-hidden=\"true\" focusable=\"false\"><path d=\"M16.627 12.75H5.25C5.03717 12.75 4.859 12.6782 4.7155 12.5345C4.57183 12.391 4.5 12.2128 4.5 12C4.5 11.7872 4.57183 11.609 4.7155 11.4655C4.859 11.3218 5.03717 11.25 5.25 11.25H16.627L11.4577 6.08076C11.3091 5.93209 11.2357 5.75809 11.2375 5.55876C11.2395 5.35942 11.318 5.18217 11.473 5.02701C11.6282 4.88217 11.8038 4.80717 12 4.80201C12.1962 4.79684 12.3718 4.87184 12.527 5.02701L18.8673 11.3673C18.9609 11.4609 19.0269 11.5597 19.0652 11.6635C19.1037 11.7673 19.123 11.8795 19.123 12C19.123 12.1205 19.1037 12.2327 19.0652 12.3365C19.0269 12.4403 18.9609 12.5391 18.8673 12.6328L12.527 18.973C12.3885 19.1115 12.217 19.1823 12.0125 19.1855C11.808 19.1887 11.6282 19.1178 11.473 18.973C11.318 18.8178 11.2405 18.6397 11.2405 18.4385C11.2405 18.2372 11.318 18.0589 11.473 17.9038L16.627 12.75Z\" fill=\"var(--t2-icon-fill, #000)\"\/><\/svg><\/a><\/div>\n<\/div>\n\n<\/div>\n\t\t<\/div>\n\n\n<h3 class=\"wp-block-heading\" id=\"explore-our-services\">Explore Our Services<\/h3>\n\n\n\n\t\t<div style=\"--link-cards-grid-columns: 3\" class=\"dekode-link-cards has-3-columns wp-block-dekode-link-cards\">\n\t\t\t<div class=\"dekode-link-cards__items\">\n\t\t\t\t\n<a class=\"wp-block-dekode-link-card\" href=\"https:\/\/www.elementlogic.net\/se\/losningar-och-tjanster\/utbildning-och-utveckling\/\"><img loading=\"lazy\" decoding=\"async\" width=\"768\" height=\"512\" src=\"https:\/\/www.elementlogic.net\/content\/uploads\/sites\/14\/2026\/03\/EL_eLogiq-2-768x512.png\" class=\"\" alt=\"\" \/>\t<div class=\"dekode-link-card__content\">\n\t\t\t\t<p class=\"dekode-link-card__title\">\n\t\t\tUtbildning\t\t<\/p>\n\t\t\t\t\t<p class=\"dekode-link-card__description\">Utbildning som grund f\u00f6r Customer Success<\/p>\n\t\t\t<\/div>\n\t<\/a>\n\n<a class=\"wp-block-dekode-link-card\" href=\"https:\/\/www.elementlogic.net\/se\/losningar-och-tjanster\/nojda-kunder\/insikter-och-optimering\/\"><img loading=\"lazy\" decoding=\"async\" width=\"768\" height=\"512\" src=\"https:\/\/www.elementlogic.net\/content\/uploads\/sites\/14\/2026\/03\/EL_eLogiq_-11-1024x683-1-768x512.jpg\" class=\"\" alt=\"\" \/>\t<div class=\"dekode-link-card__content\">\n\t\t\t\t<p class=\"dekode-link-card__title\">\n\t\t\tInsikt &amp; optimering\t\t<\/p>\n\t\t\t\t\t<p class=\"dekode-link-card__description\">Driver kontinuerligt v\u00e4rde<\/p>\n\t\t\t<\/div>\n\t<\/a>\n\n<a class=\"wp-block-dekode-link-card\" href=\"https:\/\/www.elementlogic.net\/se\/losningar-och-tjanster\/nojda-kunder\/systemunderhall\/\"><img loading=\"lazy\" decoding=\"async\" width=\"768\" height=\"512\" src=\"https:\/\/www.elementlogic.net\/content\/uploads\/sites\/14\/2026\/03\/wallpaper_Customer-success-2-768x512.png\" class=\"\" alt=\"\" \/>\t<div class=\"dekode-link-card__content\">\n\t\t\t\t<p class=\"dekode-link-card__title\">\n\t\t\tSystemunderh\u00e5ll\t\t<\/p>\n\t\t\t\t\t<p class=\"dekode-link-card__description\">H\u00e5ller ditt system i g\u00e5ng utan st\u00f6rningar<\/p>\n\t\t\t<\/div>\n\t<\/a>\n\n\t\t\t<\/div>\n\t\t<\/div>","protected":false},"excerpt":{"rendered":"<p>Ditt lager \u00e4r beroende av tillg\u00e4nglighet. D\u00e4rf\u00f6r erbjuder Element Logic dedikerad support dygnet runt. V\u00e5rt Customer Success Support-team s\u00e4kerst\u00e4ller att [&hellip;]<\/p>\n","protected":false},"author":2,"featured_media":0,"parent":3121,"menu_order":0,"comment_status":"closed","ping_status":"closed","template":"","meta":{"hreflang_relation":0,"_el_cross_publish_source_blog_url":"","_el_cross_publish_source_blog_id":0,"_el_cross_publish_source_post_id":0,"_el_cross_publish_sync_state":"","exclude_from_search":false,"footnotes":""},"class_list":["post-3128","page","type-page","status-publish","hentry"],"yoast_head":"<!-- This site is optimized with the Yoast SEO Premium plugin v23.9 (Yoast SEO v23.9) - https:\/\/yoast.com\/wordpress\/plugins\/seo\/ -->\n<title>Support - Element Logic Sweden<\/title>\n<meta name=\"description\" content=\"Uppt\u00e4ck support fr\u00e5n Element Logic med experthj\u00e4lp dygnet runt som minimerar driftstopp och st\u00e4rker lagerprestandan.\" \/>\n<meta name=\"robots\" content=\"index, follow, max-snippet:-1, max-image-preview:large, max-video-preview:-1\" \/>\n<link rel=\"canonical\" href=\"https:\/\/www.elementlogic.net\/se\/losningar-och-tjanster\/nojda-kunder\/support\/\" \/>\n<meta property=\"og:locale\" content=\"sv_SE\" \/>\n<meta property=\"og:type\" content=\"article\" \/>\n<meta property=\"og:title\" content=\"Support\" \/>\n<meta property=\"og:description\" content=\"Uppt\u00e4ck support fr\u00e5n Element Logic med experthj\u00e4lp dygnet runt som minimerar driftstopp och st\u00e4rker lagerprestandan.\" \/>\n<meta property=\"og:url\" content=\"https:\/\/www.elementlogic.net\/se\/losningar-och-tjanster\/nojda-kunder\/support\/\" \/>\n<meta property=\"og:site_name\" content=\"Element Logic Sweden\" \/>\n<meta property=\"article:modified_time\" content=\"2026-03-26T11:41:17+00:00\" \/>\n<meta name=\"twitter:card\" content=\"summary_large_image\" \/>\n<meta name=\"twitter:label1\" content=\"Ber\u00e4knad l\u00e4stid\" \/>\n\t<meta name=\"twitter:data1\" content=\"2 minuter\" \/>\n<script type=\"application\/ld+json\" class=\"yoast-schema-graph\">{\"@context\":\"https:\/\/schema.org\",\"@graph\":[{\"@type\":\"WebPage\",\"@id\":\"https:\/\/www.elementlogic.net\/se\/losningar-och-tjanster\/nojda-kunder\/support\/\",\"url\":\"https:\/\/www.elementlogic.net\/se\/losningar-och-tjanster\/nojda-kunder\/support\/\",\"name\":\"Support - Element Logic Sweden\",\"isPartOf\":{\"@id\":\"https:\/\/www.elementlogic.net\/se\/#website\"},\"datePublished\":\"2026-03-26T09:50:54+00:00\",\"dateModified\":\"2026-03-26T11:41:17+00:00\",\"description\":\"Uppt\u00e4ck support fr\u00e5n Element Logic med experthj\u00e4lp dygnet runt som minimerar driftstopp och st\u00e4rker lagerprestandan.\",\"breadcrumb\":{\"@id\":\"https:\/\/www.elementlogic.net\/se\/losningar-och-tjanster\/nojda-kunder\/support\/#breadcrumb\"},\"inLanguage\":\"sv-SE\",\"potentialAction\":[{\"@type\":\"ReadAction\",\"target\":[\"https:\/\/www.elementlogic.net\/se\/losningar-och-tjanster\/nojda-kunder\/support\/\"]}]},{\"@type\":\"BreadcrumbList\",\"@id\":\"https:\/\/www.elementlogic.net\/se\/losningar-och-tjanster\/nojda-kunder\/support\/#breadcrumb\",\"itemListElement\":[{\"@type\":\"ListItem\",\"position\":1,\"name\":\"L\u00f6sningar och tj\u00e4nster\",\"item\":\"https:\/\/www.elementlogic.net\/se\/losningar-och-tjanster\/\"},{\"@type\":\"ListItem\",\"position\":2,\"name\":\"N\u00f6jda kunder\",\"item\":\"https:\/\/www.elementlogic.net\/se\/losningar-och-tjanster\/nojda-kunder\/\"},{\"@type\":\"ListItem\",\"position\":3,\"name\":\"Support\"}]},{\"@type\":\"WebSite\",\"@id\":\"https:\/\/www.elementlogic.net\/se\/#website\",\"url\":\"https:\/\/www.elementlogic.net\/se\/\",\"name\":\"Element Logic Sweden\",\"description\":\"\",\"potentialAction\":[{\"@type\":\"SearchAction\",\"target\":{\"@type\":\"EntryPoint\",\"urlTemplate\":\"https:\/\/www.elementlogic.net\/se\/?s={search_term_string}\"},\"query-input\":{\"@type\":\"PropertyValueSpecification\",\"valueRequired\":true,\"valueName\":\"search_term_string\"}}],\"inLanguage\":\"sv-SE\"}]}<\/script>\n<!-- \/ Yoast SEO Premium plugin. -->","yoast_head_json":{"title":"Support - Element Logic Sweden","description":"Uppt\u00e4ck support fr\u00e5n Element Logic med experthj\u00e4lp dygnet runt som minimerar driftstopp och st\u00e4rker lagerprestandan.","robots":{"index":"index","follow":"follow","max-snippet":"max-snippet:-1","max-image-preview":"max-image-preview:large","max-video-preview":"max-video-preview:-1"},"canonical":"https:\/\/www.elementlogic.net\/se\/losningar-och-tjanster\/nojda-kunder\/support\/","og_locale":"sv_SE","og_type":"article","og_title":"Support","og_description":"Uppt\u00e4ck support fr\u00e5n Element Logic med experthj\u00e4lp dygnet runt som minimerar driftstopp och st\u00e4rker lagerprestandan.","og_url":"https:\/\/www.elementlogic.net\/se\/losningar-och-tjanster\/nojda-kunder\/support\/","og_site_name":"Element Logic Sweden","article_modified_time":"2026-03-26T11:41:17+00:00","twitter_card":"summary_large_image","twitter_misc":{"Ber\u00e4knad l\u00e4stid":"2 minuter"},"schema":{"@context":"https:\/\/schema.org","@graph":[{"@type":"WebPage","@id":"https:\/\/www.elementlogic.net\/se\/losningar-och-tjanster\/nojda-kunder\/support\/","url":"https:\/\/www.elementlogic.net\/se\/losningar-och-tjanster\/nojda-kunder\/support\/","name":"Support - Element Logic Sweden","isPartOf":{"@id":"https:\/\/www.elementlogic.net\/se\/#website"},"datePublished":"2026-03-26T09:50:54+00:00","dateModified":"2026-03-26T11:41:17+00:00","description":"Uppt\u00e4ck support fr\u00e5n Element Logic med experthj\u00e4lp dygnet runt som minimerar driftstopp och st\u00e4rker lagerprestandan.","breadcrumb":{"@id":"https:\/\/www.elementlogic.net\/se\/losningar-och-tjanster\/nojda-kunder\/support\/#breadcrumb"},"inLanguage":"sv-SE","potentialAction":[{"@type":"ReadAction","target":["https:\/\/www.elementlogic.net\/se\/losningar-och-tjanster\/nojda-kunder\/support\/"]}]},{"@type":"BreadcrumbList","@id":"https:\/\/www.elementlogic.net\/se\/losningar-och-tjanster\/nojda-kunder\/support\/#breadcrumb","itemListElement":[{"@type":"ListItem","position":1,"name":"L\u00f6sningar och tj\u00e4nster","item":"https:\/\/www.elementlogic.net\/se\/losningar-och-tjanster\/"},{"@type":"ListItem","position":2,"name":"N\u00f6jda kunder","item":"https:\/\/www.elementlogic.net\/se\/losningar-och-tjanster\/nojda-kunder\/"},{"@type":"ListItem","position":3,"name":"Support"}]},{"@type":"WebSite","@id":"https:\/\/www.elementlogic.net\/se\/#website","url":"https:\/\/www.elementlogic.net\/se\/","name":"Element Logic Sweden","description":"","potentialAction":[{"@type":"SearchAction","target":{"@type":"EntryPoint","urlTemplate":"https:\/\/www.elementlogic.net\/se\/?s={search_term_string}"},"query-input":{"@type":"PropertyValueSpecification","valueRequired":true,"valueName":"search_term_string"}}],"inLanguage":"sv-SE"}]}},"_links":{"self":[{"href":"https:\/\/www.elementlogic.net\/se\/wp-json\/wp\/v2\/pages\/3128"}],"collection":[{"href":"https:\/\/www.elementlogic.net\/se\/wp-json\/wp\/v2\/pages"}],"about":[{"href":"https:\/\/www.elementlogic.net\/se\/wp-json\/wp\/v2\/types\/page"}],"author":[{"embeddable":true,"href":"https:\/\/www.elementlogic.net\/se\/wp-json\/wp\/v2\/users\/2"}],"replies":[{"embeddable":true,"href":"https:\/\/www.elementlogic.net\/se\/wp-json\/wp\/v2\/comments?post=3128"}],"version-history":[{"count":4,"href":"https:\/\/www.elementlogic.net\/se\/wp-json\/wp\/v2\/pages\/3128\/revisions"}],"predecessor-version":[{"id":3701,"href":"https:\/\/www.elementlogic.net\/se\/wp-json\/wp\/v2\/pages\/3128\/revisions\/3701"}],"up":[{"embeddable":true,"href":"https:\/\/www.elementlogic.net\/se\/wp-json\/wp\/v2\/pages\/3121"}],"wp:attachment":[{"href":"https:\/\/www.elementlogic.net\/se\/wp-json\/wp\/v2\/media?parent=3128"}],"curies":[{"name":"wp","href":"https:\/\/api.w.org\/{rel}","templated":true}]}}