{"id":3130,"date":"2026-03-26T09:53:10","date_gmt":"2026-03-26T09:53:10","guid":{"rendered":"https:\/\/www.elementlogic.net\/se\/?page_id=3130"},"modified":"2026-03-26T11:47:23","modified_gmt":"2026-03-26T11:47:23","slug":"utbildning-och-utveckling","status":"publish","type":"page","link":"https:\/\/www.elementlogic.net\/se\/losningar-och-tjanster\/nojda-kunder\/utbildning-och-utveckling\/","title":{"rendered":"Utbildning och utveckling"},"content":{"rendered":"\n\t\t<div style=\"--dekode-hero-dim:0.2; --t2-icon-fill:var(--wp--preset--color--white);\" class=\"alignfull dekode-hero-content-position-center has-media-background wp-block-dekode-hero has-text-color has-white-color\">\n\t\t\t<img loading=\"lazy\" decoding=\"async\" width=\"1024\" height=\"532\" src=\"https:\/\/www.elementlogic.net\/content\/uploads\/sites\/14\/2026\/03\/EL_superuser-training8-wo-instr-e1726227709934-2-1024x532.jpg\" class=\"dekode-hero__image\" alt=\"\" style=\"--focalpoint: 84% 25%;\" srcset=\"https:\/\/www.elementlogic.net\/content\/uploads\/sites\/14\/2026\/03\/EL_superuser-training8-wo-instr-e1726227709934-2-1024x532.jpg 1024w, https:\/\/www.elementlogic.net\/content\/uploads\/sites\/14\/2026\/03\/EL_superuser-training8-wo-instr-e1726227709934-2-300x156.jpg 300w, https:\/\/www.elementlogic.net\/content\/uploads\/sites\/14\/2026\/03\/EL_superuser-training8-wo-instr-e1726227709934-2-768x399.jpg 768w, https:\/\/www.elementlogic.net\/content\/uploads\/sites\/14\/2026\/03\/EL_superuser-training8-wo-instr-e1726227709934-2-1536x798.jpg 1536w, https:\/\/www.elementlogic.net\/content\/uploads\/sites\/14\/2026\/03\/EL_superuser-training8-wo-instr-e1726227709934-2.jpg 1645w\" sizes=\"(max-width: 1024px) 100vw, 1024px\" \/>\n\t\t\t<div class=\"dekode-hero__content\">\n\t\t\t\t<div class=\"dekode-hero__container\">\n\t\t\t\t\t\n\n<h1 class=\"wp-block-heading\" id=\"h-utbildning-och-utveckling\"><strong>Utbildning och utveckling<\/strong><\/h1>\n\n\n<p class=\"t2-ingress wp-block-t2-ingress\">Utbildning som grund f\u00f6r Customer Success<\/p>\n\n\n<div class=\"wp-block-buttons is-layout-flex wp-block-buttons-is-layout-flex\">\n<div class=\"wp-block-button\"><a class=\"wp-block-button__link wp-element-button\" href=\"https:\/\/www.elementlogic.net\/se\/kontakta-oss\/\">Kontakta oss om utbildning<\/a><\/div>\n<\/div>\n\n\n\t\t\t\t<\/div>\n\t\t\t<\/div>\n\t\t<\/div>\n\t\t\n\n\n<p>En lagerl\u00f6sning skapar fullt v\u00e4rde f\u00f6rst n\u00e4r m\u00e4nniskorna som arbetar med den \u00e4r trygga, kompetenta och f\u00f6rberedda. Utbildning och professionell utveckling genom v\u00e5rt SuperUser Certification Program \u00e4r d\u00e4rf\u00f6r en central del av v\u00e5rt Customer Success-erbjudande. Med strukturerad onboarding, rollanpassat l\u00e4rande och avancerade certifieringsm\u00f6jligheter ser vi till att dina team \u00e4r redo att f\u00e5 ut mesta m\u00f6jliga av din l\u00f6sning fr\u00e5n Element Logic fr\u00e5n dag ett &#8211; och forts\u00e4tter att utveckla sin expertis \u00f6ver tid.<\/p>\n\n\n\n<h2 class=\"wp-block-heading\" id=\"h-fran-onboarding-till-masterskap\">Fr\u00e5n onboarding till m\u00e4sterskap<\/h2>\n\n\n\n<p>Utbildningen b\u00f6rjar innan ditt system g\u00e5r live och forts\u00e4tter genom hela dess livscykel. Vi fokuserar p\u00e5 att ge ditt team den kompetens och trygghet som kr\u00e4vs f\u00f6r att driva en smidig verksamhet, hantera utmaningar och anpassa sig till f\u00f6r\u00e4ndrade krav.<\/p>\n\n\n\n<ul class=\"wp-block-list\">\n<li><strong>Onboarding och scenario\u00f6vningar: <\/strong>Medarbetare utbildas i att hantera automatiserade lagersystem p\u00e5 ett s\u00e4kert och effektivt s\u00e4tt. Utbildningen omfattar praktisk tr\u00e4ning i dagliga arbetsfl\u00f6den samt f\u00f6rberedelse f\u00f6r att hantera incidenter och klara toppperioder med trygghet.<\/li>\n\n\n\n<li><strong>Repetitions- och uppdateringsutbildning: <\/strong>H\u00e5ller kompetensen aktuell i takt med att processer utvecklas och mjukvaruuppdateringar inf\u00f6rs.<\/li>\n\n\n\n<li><strong>Rollbaserat l\u00e4rande:<\/strong> Sessioner anpassas f\u00f6r operat\u00f6rer, arbetsledare och chefer s\u00e5 att varje roll kan prestera p\u00e5 topp.<\/li>\n<\/ul>\n\n\n\n\t\t<div class=\"alignwide is-mode-constrained is-gap-center wp-block-t2-simple-media-text   \">\n\t\t\t<div class=\"t2-simple-media-text__container\">\n\t\t\t\t<div class=\"t2-simple-media-text__image\"><img loading=\"lazy\" decoding=\"async\" width=\"768\" height=\"322\" src=\"https:\/\/www.elementlogic.net\/content\/uploads\/sites\/14\/2026\/03\/Wallpaper-2-scaled-2-768x322.jpg\" class=\"\" alt=\"\" style=\"--focalpoint: 50% 50%;\" srcset=\"https:\/\/www.elementlogic.net\/content\/uploads\/sites\/14\/2026\/03\/Wallpaper-2-scaled-2-768x322.jpg 768w, https:\/\/www.elementlogic.net\/content\/uploads\/sites\/14\/2026\/03\/Wallpaper-2-scaled-2-300x126.jpg 300w, https:\/\/www.elementlogic.net\/content\/uploads\/sites\/14\/2026\/03\/Wallpaper-2-scaled-2-1024x429.jpg 1024w, https:\/\/www.elementlogic.net\/content\/uploads\/sites\/14\/2026\/03\/Wallpaper-2-scaled-2-1536x643.jpg 1536w, https:\/\/www.elementlogic.net\/content\/uploads\/sites\/14\/2026\/03\/Wallpaper-2-scaled-2-2048x858.jpg 2048w\" sizes=\"(max-width: 768px) 100vw, 768px\" \/><\/div>\n\t\t\t\t<div class=\"t2-simple-media-text__content-container\">\n\t\t\t\t\t<div class=\"t2-simple-media-text__content\">\n\t\t\t\t\t\t<div class=\"t2-simple-media-text__content-inner\">\n\t\t\t\t\t\t\t\n\n<h3 class=\"wp-block-heading\" id=\"h-element-logic-academy\"><strong>Element Logic Academy<\/strong><\/h3>\n\n\n\n<p><strong>Element Logic Academy &#8211;<\/strong> en digital l\u00e4rplattform som erbjuder eLearning-moduler, guider och strukturerat utbildningsmaterial. Academy g\u00f6r utbildning tillg\u00e4nglig \u00f6ver olika platser och arbetsskift och s\u00e4kerst\u00e4ller enhetligt l\u00e4rande f\u00f6r alla medarbetare.<\/p>\n\n\n\n<p>Chefer f\u00e5r insyn i genomf\u00f6randegrad och kompetensniv\u00e5er, medan medarbetare f\u00e5r tillg\u00e5ng till interaktiva resurser som st\u00f6djer b\u00e5de initial inl\u00e4rning och kontinuerlig utveckling.<\/p>\n\n\n\n<div class=\"wp-block-buttons is-layout-flex wp-block-buttons-is-layout-flex\">\n<div class=\"wp-block-button is-style-fill has-icon has-icon-theme_arrow\"><a class=\"wp-block-button__link wp-element-button\" href=\"https:\/\/www.elementlogic.net\/se\/kontakta-oss\/\">Kontakta oss<svg xmlns=\"http:\/\/www.w3.org\/2000\/svg\" viewBox=\"0 0 24 24\" height=\"24\" width=\"24\" class=\"t2-icon t2-icon-theme_arrow\" aria-hidden=\"true\" focusable=\"false\"><path d=\"M16.627 12.75H5.25C5.03717 12.75 4.859 12.6782 4.7155 12.5345C4.57183 12.391 4.5 12.2128 4.5 12C4.5 11.7872 4.57183 11.609 4.7155 11.4655C4.859 11.3218 5.03717 11.25 5.25 11.25H16.627L11.4577 6.08076C11.3091 5.93209 11.2357 5.75809 11.2375 5.55876C11.2395 5.35942 11.318 5.18217 11.473 5.02701C11.6282 4.88217 11.8038 4.80717 12 4.80201C12.1962 4.79684 12.3718 4.87184 12.527 5.02701L18.8673 11.3673C18.9609 11.4609 19.0269 11.5597 19.0652 11.6635C19.1037 11.7673 19.123 11.8795 19.123 12C19.123 12.1205 19.1037 12.2327 19.0652 12.3365C19.0269 12.4403 18.9609 12.5391 18.8673 12.6328L12.527 18.973C12.3885 19.1115 12.217 19.1823 12.0125 19.1855C11.808 19.1887 11.6282 19.1178 11.473 18.973C11.318 18.8178 11.2405 18.6397 11.2405 18.4385C11.2405 18.2372 11.318 18.0589 11.473 17.9038L16.627 12.75Z\" fill=\"var(--t2-icon-fill, #000)\"\/><\/svg><\/a><\/div>\n<\/div>\n\n\n\t\t\t\t\t\t<\/div>\n\t\t\t\t\t<\/div>\n\t\t\t\t<\/div>\n\t\t\t<\/div>\n\t\t<\/div>\n\t\t\n\n\n\t\t<div class=\"alignwide is-mode-constrained is-gap-center has-media-on-the-right wp-block-t2-simple-media-text   \">\n\t\t\t<div class=\"t2-simple-media-text__container\">\n\t\t\t\t<div class=\"t2-simple-media-text__image\"><img loading=\"lazy\" decoding=\"async\" width=\"500\" height=\"375\" src=\"https:\/\/www.elementlogic.net\/content\/uploads\/sites\/14\/2026\/03\/Picking-at-port-at-Styleboom-1.jpg\" class=\"\" alt=\"\" style=\"--focalpoint: 50% 50%;\" srcset=\"https:\/\/www.elementlogic.net\/content\/uploads\/sites\/14\/2026\/03\/Picking-at-port-at-Styleboom-1.jpg 500w, https:\/\/www.elementlogic.net\/content\/uploads\/sites\/14\/2026\/03\/Picking-at-port-at-Styleboom-1-300x225.jpg 300w\" sizes=\"(max-width: 500px) 100vw, 500px\" \/><\/div>\n\t\t\t\t<div class=\"t2-simple-media-text__content-container\">\n\t\t\t\t\t<div class=\"t2-simple-media-text__content\">\n\t\t\t\t\t\t<div class=\"t2-simple-media-text__content-inner\">\n\t\t\t\t\t\t\t\n\n<h3 class=\"wp-block-heading\" id=\"h-super-user-certification-nbsp\"><strong>Super User Certification&nbsp;<\/strong><\/h3>\n\n\n\n<p>F\u00f6r att st\u00e4rka motst\u00e5ndskraften i den dagliga verksamheten erbjuder vi ett <strong>Super User Certification Program.<\/strong><\/p>\n\n\n\n<p><br><strong>Certifierade Super Users blir interna experter som:<span style=\"font-size: medium;font-weight: 400\"><\/span><br><\/strong>L\u00f6ser komplexa utmaningar snabbare och minskar beroendet av extern support.<br>V\u00e4gleder och utbildar kollegor och f\u00f6rankrar best practice i verksamheten.<br>St\u00f6djer kontinuerlig f\u00f6rb\u00e4ttring genom att koppla operativa insikter till systemoptimering.<\/p>\n\n\n\n<p>Programmet skapar en tydlig karri\u00e4rv\u00e4g f\u00f6r engagerade medarbetare och s\u00e4kerst\u00e4ller att expertkunskap alltid finns tillg\u00e4nglig i ditt team.<\/p>\n\n\n\n<div class=\"wp-block-buttons is-layout-flex wp-block-buttons-is-layout-flex\">\n<div class=\"wp-block-button is-style-fill has-icon has-icon-theme_arrow\"><a class=\"wp-block-button__link wp-element-button\" href=\"https:\/\/www.elementlogic.net\/se\/kontakta-oss\/\">Kontakta oss<svg xmlns=\"http:\/\/www.w3.org\/2000\/svg\" viewBox=\"0 0 24 24\" height=\"24\" width=\"24\" class=\"t2-icon t2-icon-theme_arrow\" aria-hidden=\"true\" focusable=\"false\"><path d=\"M16.627 12.75H5.25C5.03717 12.75 4.859 12.6782 4.7155 12.5345C4.57183 12.391 4.5 12.2128 4.5 12C4.5 11.7872 4.57183 11.609 4.7155 11.4655C4.859 11.3218 5.03717 11.25 5.25 11.25H16.627L11.4577 6.08076C11.3091 5.93209 11.2357 5.75809 11.2375 5.55876C11.2395 5.35942 11.318 5.18217 11.473 5.02701C11.6282 4.88217 11.8038 4.80717 12 4.80201C12.1962 4.79684 12.3718 4.87184 12.527 5.02701L18.8673 11.3673C18.9609 11.4609 19.0269 11.5597 19.0652 11.6635C19.1037 11.7673 19.123 11.8795 19.123 12C19.123 12.1205 19.1037 12.2327 19.0652 12.3365C19.0269 12.4403 18.9609 12.5391 18.8673 12.6328L12.527 18.973C12.3885 19.1115 12.217 19.1823 12.0125 19.1855C11.808 19.1887 11.6282 19.1178 11.473 18.973C11.318 18.8178 11.2405 18.6397 11.2405 18.4385C11.2405 18.2372 11.318 18.0589 11.473 17.9038L16.627 12.75Z\" fill=\"var(--t2-icon-fill, #000)\"\/><\/svg><\/a><\/div>\n<\/div>\n\n\n\t\t\t\t\t\t<\/div>\n\t\t\t\t\t<\/div>\n\t\t\t\t<\/div>\n\t\t\t<\/div>\n\t\t<\/div>\n\t\t\n\n\n<h2 class=\"wp-block-heading\" id=\"h-varfor-utbildning-ar-viktigt\">Varf\u00f6r utbildning \u00e4r viktigt<\/h2>\n\n\n\n<p>V\u00e4lutbildade medarbetare \u00e4r avg\u00f6rande f\u00f6r att maximera systemets drifttid, precision och throughput. Utbildning s\u00e4kerst\u00e4ller att dina medarbetare kan:<\/p>\n\n\n\n<ul class=\"wp-block-list\">\n<li>Hantera system p\u00e5 ett s\u00e4kert och tryggt s\u00e4tt<\/li>\n<\/ul>\n\n\n\n<ul class=\"wp-block-list\">\n<li>Hantera avvikelser och snabbt \u00e5terst\u00e4lla prestanda&nbsp;<\/li>\n<\/ul>\n\n\n\n<ul class=\"wp-block-list\">\n<li>Anpassa sig till s\u00e4songstoppar och processf\u00f6r\u00e4ndringar<\/li>\n<\/ul>\n\n\n\n<ul class=\"wp-block-list\">\n<li>Anv\u00e4nda dashboards och rapporter f\u00f6r smartare beslutsfattande<\/li>\n<\/ul>\n\n\n\n<h2 class=\"wp-block-heading\" id=\"h-stark-dina-medarbetare-for-framtiden\">St\u00e4rk dina medarbetare f\u00f6r framtiden<\/h2>\n\n\n\n<p>Utbildning \u00e4r en investering i ditt team och din lagerprestanda. Genom att kombinera strukturerat l\u00e4rande med kontinuerlig utveckling och certifieringsm\u00f6jligheter s\u00e4kerst\u00e4ller Element Logic att dina medarbetare har den kompetens och trygghet som kr\u00e4vs f\u00f6r att h\u00e5lla ditt lager i g\u00e5ng p\u00e5 b\u00e4sta s\u00e4tt.<\/p>\n\n\n\n<h3 class=\"wp-block-heading\" id=\"utforska-vara-tjanster\">Utforska v\u00e5ra tj\u00e4nster<\/h3>\n\n\n\n\t\t<div style=\"--link-cards-grid-columns: 3\" class=\"dekode-link-cards has-3-columns wp-block-dekode-link-cards\">\n\t\t\t<div class=\"dekode-link-cards__items\">\n\t\t\t\t\n<a class=\"wp-block-dekode-link-card\" href=\"https:\/\/www.elementlogic.net\/se\/losningar-och-tjanster\/nojda-kunder\/insikter-och-optimering\/\"><img loading=\"lazy\" decoding=\"async\" width=\"768\" height=\"512\" src=\"https:\/\/www.elementlogic.net\/content\/uploads\/sites\/14\/2026\/03\/EL_eLogiq_-11-1024x683-1-768x512.jpg\" class=\"\" alt=\"\" \/>\t<div class=\"dekode-link-card__content\">\n\t\t\t\t<p class=\"dekode-link-card__title\">\n\t\t\tInsikt &amp; optimering\t\t<\/p>\n\t\t\t\t\t<p class=\"dekode-link-card__description\">Driver kontinuerligt v\u00e4rde<\/p>\n\t\t\t<\/div>\n\t<\/a>\n\n<a class=\"wp-block-dekode-link-card\" href=\"https:\/\/www.elementlogic.net\/se\/losningar-och-tjanster\/nojda-kunder\/systemunderhall\/\"><img loading=\"lazy\" decoding=\"async\" width=\"768\" height=\"512\" src=\"https:\/\/www.elementlogic.net\/content\/uploads\/sites\/14\/2026\/03\/wallpaper_Customer-success-2-768x512.png\" class=\"\" alt=\"\" \/>\t<div class=\"dekode-link-card__content\">\n\t\t\t\t<p class=\"dekode-link-card__title\">\n\t\t\tSystemunderh\u00e5ll\t\t<\/p>\n\t\t\t\t\t<p class=\"dekode-link-card__description\">H\u00e5ller ditt system i g\u00e5ng utan st\u00f6rningar<\/p>\n\t\t\t<\/div>\n\t<\/a>\n\n<a class=\"wp-block-dekode-link-card\" href=\"https:\/\/www.elementlogic.net\/se\/losningar-och-tjanster\/nojda-kunder\/support\/\"><img loading=\"lazy\" decoding=\"async\" width=\"768\" height=\"576\" src=\"https:\/\/www.elementlogic.net\/content\/uploads\/sites\/14\/2026\/03\/Element-Logic_AutoStore-support-aftermarket-scaled-2-768x576.jpg\" class=\"\" alt=\"\" \/>\t<div class=\"dekode-link-card__content\">\n\t\t\t\t<p class=\"dekode-link-card__title\">\n\t\t\tSupport\t\t<\/p>\n\t\t\t\t\t<p class=\"dekode-link-card__description\">Support: trygghet dygnet runt i din lagerverksamhet<\/p>\n\t\t\t<\/div>\n\t<\/a>\n\n\t\t\t<\/div>\n\t\t<\/div>","protected":false},"excerpt":{"rendered":"<p>En lagerl\u00f6sning skapar fullt v\u00e4rde f\u00f6rst n\u00e4r m\u00e4nniskorna som arbetar med den \u00e4r trygga, kompetenta och f\u00f6rberedda. Utbildning och professionell [&hellip;]<\/p>\n","protected":false},"author":2,"featured_media":0,"parent":3121,"menu_order":0,"comment_status":"closed","ping_status":"closed","template":"","meta":{"hreflang_relation":0,"_el_cross_publish_source_blog_url":"","_el_cross_publish_source_blog_id":0,"_el_cross_publish_source_post_id":0,"_el_cross_publish_sync_state":"","exclude_from_search":false,"footnotes":""},"class_list":["post-3130","page","type-page","status-publish","hentry"],"yoast_head":"<!-- This site is optimized with the Yoast SEO Premium plugin v23.9 (Yoast SEO v23.9) - https:\/\/yoast.com\/wordpress\/plugins\/seo\/ -->\n<title>Utbildning och utveckling - Element Logic Sweden<\/title>\n<meta name=\"description\" content=\"Uppt\u00e4ck utbildning fr\u00e5n Element Logic som st\u00e4rker teamets kompetens, \u00f6kar tryggheten och maximerar lagerprestandan \u00f6ver tid.\" \/>\n<meta name=\"robots\" content=\"index, follow, max-snippet:-1, max-image-preview:large, max-video-preview:-1\" \/>\n<link rel=\"canonical\" href=\"https:\/\/www.elementlogic.net\/se\/losningar-och-tjanster\/nojda-kunder\/utbildning-och-utveckling\/\" \/>\n<meta property=\"og:locale\" content=\"sv_SE\" \/>\n<meta property=\"og:type\" content=\"article\" \/>\n<meta property=\"og:title\" content=\"Utbildning och utveckling\" \/>\n<meta property=\"og:description\" content=\"Uppt\u00e4ck utbildning fr\u00e5n Element Logic som st\u00e4rker teamets kompetens, \u00f6kar tryggheten och maximerar lagerprestandan \u00f6ver tid.\" \/>\n<meta property=\"og:url\" content=\"https:\/\/www.elementlogic.net\/se\/losningar-och-tjanster\/nojda-kunder\/utbildning-och-utveckling\/\" \/>\n<meta property=\"og:site_name\" content=\"Element Logic Sweden\" \/>\n<meta property=\"article:modified_time\" content=\"2026-03-26T11:47:23+00:00\" \/>\n<meta name=\"twitter:card\" content=\"summary_large_image\" \/>\n<meta name=\"twitter:label1\" content=\"Ber\u00e4knad l\u00e4stid\" \/>\n\t<meta name=\"twitter:data1\" content=\"3 minuter\" \/>\n<script type=\"application\/ld+json\" class=\"yoast-schema-graph\">{\"@context\":\"https:\/\/schema.org\",\"@graph\":[{\"@type\":\"WebPage\",\"@id\":\"https:\/\/www.elementlogic.net\/se\/losningar-och-tjanster\/nojda-kunder\/utbildning-och-utveckling\/\",\"url\":\"https:\/\/www.elementlogic.net\/se\/losningar-och-tjanster\/nojda-kunder\/utbildning-och-utveckling\/\",\"name\":\"Utbildning och utveckling - Element Logic Sweden\",\"isPartOf\":{\"@id\":\"https:\/\/www.elementlogic.net\/se\/#website\"},\"datePublished\":\"2026-03-26T09:53:10+00:00\",\"dateModified\":\"2026-03-26T11:47:23+00:00\",\"description\":\"Uppt\u00e4ck utbildning fr\u00e5n Element Logic som st\u00e4rker teamets kompetens, \u00f6kar tryggheten och maximerar lagerprestandan \u00f6ver tid.\",\"breadcrumb\":{\"@id\":\"https:\/\/www.elementlogic.net\/se\/losningar-och-tjanster\/nojda-kunder\/utbildning-och-utveckling\/#breadcrumb\"},\"inLanguage\":\"sv-SE\",\"potentialAction\":[{\"@type\":\"ReadAction\",\"target\":[\"https:\/\/www.elementlogic.net\/se\/losningar-och-tjanster\/nojda-kunder\/utbildning-och-utveckling\/\"]}]},{\"@type\":\"BreadcrumbList\",\"@id\":\"https:\/\/www.elementlogic.net\/se\/losningar-och-tjanster\/nojda-kunder\/utbildning-och-utveckling\/#breadcrumb\",\"itemListElement\":[{\"@type\":\"ListItem\",\"position\":1,\"name\":\"L\u00f6sningar och tj\u00e4nster\",\"item\":\"https:\/\/www.elementlogic.net\/se\/losningar-och-tjanster\/\"},{\"@type\":\"ListItem\",\"position\":2,\"name\":\"N\u00f6jda kunder\",\"item\":\"https:\/\/www.elementlogic.net\/se\/losningar-och-tjanster\/nojda-kunder\/\"},{\"@type\":\"ListItem\",\"position\":3,\"name\":\"Utbildning och utveckling\"}]},{\"@type\":\"WebSite\",\"@id\":\"https:\/\/www.elementlogic.net\/se\/#website\",\"url\":\"https:\/\/www.elementlogic.net\/se\/\",\"name\":\"Element Logic Sweden\",\"description\":\"\",\"potentialAction\":[{\"@type\":\"SearchAction\",\"target\":{\"@type\":\"EntryPoint\",\"urlTemplate\":\"https:\/\/www.elementlogic.net\/se\/?s={search_term_string}\"},\"query-input\":{\"@type\":\"PropertyValueSpecification\",\"valueRequired\":true,\"valueName\":\"search_term_string\"}}],\"inLanguage\":\"sv-SE\"}]}<\/script>\n<!-- \/ Yoast SEO Premium plugin. -->","yoast_head_json":{"title":"Utbildning och utveckling - Element Logic Sweden","description":"Uppt\u00e4ck utbildning fr\u00e5n Element Logic som st\u00e4rker teamets kompetens, \u00f6kar tryggheten och maximerar lagerprestandan \u00f6ver tid.","robots":{"index":"index","follow":"follow","max-snippet":"max-snippet:-1","max-image-preview":"max-image-preview:large","max-video-preview":"max-video-preview:-1"},"canonical":"https:\/\/www.elementlogic.net\/se\/losningar-och-tjanster\/nojda-kunder\/utbildning-och-utveckling\/","og_locale":"sv_SE","og_type":"article","og_title":"Utbildning och utveckling","og_description":"Uppt\u00e4ck utbildning fr\u00e5n Element Logic som st\u00e4rker teamets kompetens, \u00f6kar tryggheten och maximerar lagerprestandan \u00f6ver tid.","og_url":"https:\/\/www.elementlogic.net\/se\/losningar-och-tjanster\/nojda-kunder\/utbildning-och-utveckling\/","og_site_name":"Element Logic Sweden","article_modified_time":"2026-03-26T11:47:23+00:00","twitter_card":"summary_large_image","twitter_misc":{"Ber\u00e4knad l\u00e4stid":"3 minuter"},"schema":{"@context":"https:\/\/schema.org","@graph":[{"@type":"WebPage","@id":"https:\/\/www.elementlogic.net\/se\/losningar-och-tjanster\/nojda-kunder\/utbildning-och-utveckling\/","url":"https:\/\/www.elementlogic.net\/se\/losningar-och-tjanster\/nojda-kunder\/utbildning-och-utveckling\/","name":"Utbildning och utveckling - Element Logic Sweden","isPartOf":{"@id":"https:\/\/www.elementlogic.net\/se\/#website"},"datePublished":"2026-03-26T09:53:10+00:00","dateModified":"2026-03-26T11:47:23+00:00","description":"Uppt\u00e4ck utbildning fr\u00e5n Element Logic som st\u00e4rker teamets kompetens, \u00f6kar tryggheten och maximerar lagerprestandan \u00f6ver tid.","breadcrumb":{"@id":"https:\/\/www.elementlogic.net\/se\/losningar-och-tjanster\/nojda-kunder\/utbildning-och-utveckling\/#breadcrumb"},"inLanguage":"sv-SE","potentialAction":[{"@type":"ReadAction","target":["https:\/\/www.elementlogic.net\/se\/losningar-och-tjanster\/nojda-kunder\/utbildning-och-utveckling\/"]}]},{"@type":"BreadcrumbList","@id":"https:\/\/www.elementlogic.net\/se\/losningar-och-tjanster\/nojda-kunder\/utbildning-och-utveckling\/#breadcrumb","itemListElement":[{"@type":"ListItem","position":1,"name":"L\u00f6sningar och tj\u00e4nster","item":"https:\/\/www.elementlogic.net\/se\/losningar-och-tjanster\/"},{"@type":"ListItem","position":2,"name":"N\u00f6jda kunder","item":"https:\/\/www.elementlogic.net\/se\/losningar-och-tjanster\/nojda-kunder\/"},{"@type":"ListItem","position":3,"name":"Utbildning och utveckling"}]},{"@type":"WebSite","@id":"https:\/\/www.elementlogic.net\/se\/#website","url":"https:\/\/www.elementlogic.net\/se\/","name":"Element Logic Sweden","description":"","potentialAction":[{"@type":"SearchAction","target":{"@type":"EntryPoint","urlTemplate":"https:\/\/www.elementlogic.net\/se\/?s={search_term_string}"},"query-input":{"@type":"PropertyValueSpecification","valueRequired":true,"valueName":"search_term_string"}}],"inLanguage":"sv-SE"}]}},"_links":{"self":[{"href":"https:\/\/www.elementlogic.net\/se\/wp-json\/wp\/v2\/pages\/3130"}],"collection":[{"href":"https:\/\/www.elementlogic.net\/se\/wp-json\/wp\/v2\/pages"}],"about":[{"href":"https:\/\/www.elementlogic.net\/se\/wp-json\/wp\/v2\/types\/page"}],"author":[{"embeddable":true,"href":"https:\/\/www.elementlogic.net\/se\/wp-json\/wp\/v2\/users\/2"}],"replies":[{"embeddable":true,"href":"https:\/\/www.elementlogic.net\/se\/wp-json\/wp\/v2\/comments?post=3130"}],"version-history":[{"count":4,"href":"https:\/\/www.elementlogic.net\/se\/wp-json\/wp\/v2\/pages\/3130\/revisions"}],"predecessor-version":[{"id":3703,"href":"https:\/\/www.elementlogic.net\/se\/wp-json\/wp\/v2\/pages\/3130\/revisions\/3703"}],"up":[{"embeddable":true,"href":"https:\/\/www.elementlogic.net\/se\/wp-json\/wp\/v2\/pages\/3121"}],"wp:attachment":[{"href":"https:\/\/www.elementlogic.net\/se\/wp-json\/wp\/v2\/media?parent=3130"}],"curies":[{"name":"wp","href":"https:\/\/api.w.org\/{rel}","templated":true}]}}