{"id":3132,"date":"2026-03-26T10:10:30","date_gmt":"2026-03-26T10:10:30","guid":{"rendered":"https:\/\/www.elementlogic.net\/se\/?page_id=3132"},"modified":"2026-03-26T10:10:31","modified_gmt":"2026-03-26T10:10:31","slug":"element-logic-managed-services","status":"publish","type":"page","link":"https:\/\/www.elementlogic.net\/se\/element-logic-managed-services\/","title":{"rendered":"Element Logic Managed Services"},"content":{"rendered":"\n\t\t<div style=\"--dekode-hero-dim:0.5; --t2-icon-fill:var(--wp--preset--color--white);\" class=\"alignfull dekode-hero-content-position-center has-media-background wp-block-dekode-hero has-text-color has-white-color\">\n\t\t\t<img loading=\"lazy\" decoding=\"async\" width=\"1024\" height=\"426\" src=\"https:\/\/www.elementlogic.net\/content\/uploads\/sites\/14\/2026\/03\/Wallpaper-11-scaled-1-1024x426.jpg\" class=\"dekode-hero__image\" alt=\"\" style=\"--focalpoint: 50% 50%;\" srcset=\"https:\/\/www.elementlogic.net\/content\/uploads\/sites\/14\/2026\/03\/Wallpaper-11-scaled-1-1024x426.jpg 1024w, https:\/\/www.elementlogic.net\/content\/uploads\/sites\/14\/2026\/03\/Wallpaper-11-scaled-1-300x125.jpg 300w, https:\/\/www.elementlogic.net\/content\/uploads\/sites\/14\/2026\/03\/Wallpaper-11-scaled-1-768x320.jpg 768w, https:\/\/www.elementlogic.net\/content\/uploads\/sites\/14\/2026\/03\/Wallpaper-11-scaled-1-1536x640.jpg 1536w, https:\/\/www.elementlogic.net\/content\/uploads\/sites\/14\/2026\/03\/Wallpaper-11-scaled-1-2048x853.jpg 2048w\" sizes=\"(max-width: 1024px) 100vw, 1024px\" \/>\n\t\t\t<div class=\"dekode-hero__content\">\n\t\t\t\t<div class=\"dekode-hero__container\">\n\t\t\t\t\t\n\n<h1 class=\"wp-block-heading\" id=\"h-element-logic-managed-services\"><strong>Element Logic Managed Services<\/strong><\/h1>\n\n\n<p class=\"t2-ingress wp-block-t2-ingress\">Ta bort oron kring IT-hantering och \u00f6ka lagrets effektivitet med Element Logic Managed Services &#8211; din partner f\u00f6r tillf\u00f6rlitlig, skalbar och kostnadseffektiv IT-infrastruktur, oavsett om den finns i molnet eller on-premise.<\/p>\n\n\t\t\t\t<\/div>\n\t\t\t<\/div>\n\t\t<\/div>\n\t\t\n\n\n<h2 class=\"wp-block-heading\" id=\"h-lamna-it-komplexiteten-bakom-dig\">L\u00e4mna IT-komplexiteten bakom dig<\/h2>\n\n\n\n<p>Att hantera IT-infrastruktur f\u00f6r AutoStore och lagersystem kan vara kr\u00e4vande och kostsamt. Underh\u00e5ll av h\u00e5rdvara, s\u00e4kerhetskopiering och s\u00e4kerhet kr\u00e4ver tid och expertis &#8211; och tar ofta fokus fr\u00e5n k\u00e4rnverksamheten.<\/p>\n\n\n\n<p><strong>Element Logic Managed Services<\/strong> tar \u00f6ver ansvaret f\u00f6r att h\u00e5lla dina lagersystem i drift, oavsett om du vill att vi hostar dem i molnet eller hanterar dem i din befintliga infrastruktur.<\/p>\n\n\n\n<p>V\u00e5ra certifierade ingenj\u00f6rer hanterar upps\u00e4ttning, konfiguration, \u00f6vervakning och uppdateringar &#8211; s\u00e5 att dina system f\u00f6rblir s\u00e4kra, compliant och presterar p\u00e5 topp, medan du kan fokusera p\u00e5 lagerprestanda.<\/p>\n\n\n\n\t\t<div class=\"alignwide is-mode-constrained is-gap-center wp-block-t2-simple-media-text   \">\n\t\t\t<div class=\"t2-simple-media-text__container\">\n\t\t\t\t<div class=\"t2-simple-media-text__image\"><img loading=\"lazy\" decoding=\"async\" width=\"768\" height=\"366\" src=\"https:\/\/www.elementlogic.net\/content\/uploads\/sites\/14\/2026\/03\/image-101-1-768x366.png\" class=\"\" alt=\"\" style=\"--focalpoint: 50% 50%;\" srcset=\"https:\/\/www.elementlogic.net\/content\/uploads\/sites\/14\/2026\/03\/image-101-1-768x366.png 768w, https:\/\/www.elementlogic.net\/content\/uploads\/sites\/14\/2026\/03\/image-101-1-300x143.png 300w, https:\/\/www.elementlogic.net\/content\/uploads\/sites\/14\/2026\/03\/image-101-1-1024x488.png 1024w, https:\/\/www.elementlogic.net\/content\/uploads\/sites\/14\/2026\/03\/image-101-1.png 1500w\" sizes=\"(max-width: 768px) 100vw, 768px\" \/><\/div>\n\t\t\t\t<div class=\"t2-simple-media-text__content-container\">\n\t\t\t\t\t<div class=\"t2-simple-media-text__content\">\n\t\t\t\t\t\t<div class=\"t2-simple-media-text__content-inner\">\n\t\t\t\t\t\t\t\n\n<h3 class=\"wp-block-heading\" id=\"h-managed-service-cloud\"><strong>Managed Service Cloud<\/strong><\/h3>\n\n\n\n<p>Element Logic levererar och driver hela IT-milj\u00f6n &#8211; servrar, databaser, n\u00e4tverk, s\u00e4kerhet och s\u00e4kerhetskopior &#8211; p\u00e5 <strong>Amazon Web Services (AWS)<\/strong> i 37 globala regioner<\/p>\n\n\n\n<p>Varje kund har ett <strong>dedikerat, privat moln <\/strong>som \u00e4r s\u00e4kert uppkopplat till lagret via VPN.<\/p>\n\n\n\n<p>Vi hanterar allt end-to-end: infrastruktur, mjukvarumilj\u00f6er, redundans och \u00e5terst\u00e4llning &#8211; vilket s\u00e4kerst\u00e4ller drifttid, skalbarhet och compliance utan lokal IT-insats.<\/p>\n\n\n\t\t\t\t\t\t<\/div>\n\t\t\t\t\t<\/div>\n\t\t\t\t<\/div>\n\t\t\t<\/div>\n\t\t<\/div>\n\t\t\n\n\n\t\t<div class=\"alignwide is-mode-constrained is-gap-center has-media-on-the-right wp-block-t2-simple-media-text   \">\n\t\t\t<div class=\"t2-simple-media-text__container\">\n\t\t\t\t<div class=\"t2-simple-media-text__image\"><img loading=\"lazy\" decoding=\"async\" width=\"768\" height=\"512\" src=\"https:\/\/www.elementlogic.net\/content\/uploads\/sites\/14\/2026\/03\/image-128-2-768x512.png\" class=\"\" alt=\"\" style=\"--focalpoint: 50% 50%;\" srcset=\"https:\/\/www.elementlogic.net\/content\/uploads\/sites\/14\/2026\/03\/image-128-2-768x512.png 768w, https:\/\/www.elementlogic.net\/content\/uploads\/sites\/14\/2026\/03\/image-128-2-300x200.png 300w, https:\/\/www.elementlogic.net\/content\/uploads\/sites\/14\/2026\/03\/image-128-2-1024x683.png 1024w, https:\/\/www.elementlogic.net\/content\/uploads\/sites\/14\/2026\/03\/image-128-2-1536x1024.png 1536w, https:\/\/www.elementlogic.net\/content\/uploads\/sites\/14\/2026\/03\/image-128-2.png 2048w\" sizes=\"(max-width: 768px) 100vw, 768px\" \/><\/div>\n\t\t\t\t<div class=\"t2-simple-media-text__content-container\">\n\t\t\t\t\t<div class=\"t2-simple-media-text__content\">\n\t\t\t\t\t\t<div class=\"t2-simple-media-text__content-inner\">\n\t\t\t\t\t\t\t\n\n<h3 class=\"wp-block-heading\" id=\"h-managed-service-on-prem\">Managed Service On-Prem<\/h3>\n\n\n\n<p><strong>Kunden tillhandah\u00e5ller och underh\u00e5ller<\/strong> den fysiska h\u00e5rdvaran, lagringen och str\u00f6mf\u00f6rs\u00f6rjningen p\u00e5 plats.<\/p>\n\n\n\n<p>Element Logic hanterar <strong>systemen och applikationerna<\/strong> som k\u00f6rs p\u00e5 dessa virtuella maskiner &#8211; inklusive operativsystem, databaser, konfigurationer och uppdateringar.<\/p>\n\n\n\n<p>Vi s\u00e4kerst\u00e4ller att din befintliga infrastruktur fungerar effektivt och f\u00f6rblir anpassad till kraven i Element Logic-programvaran.<\/p>\n\n\n\n<p>Niv\u00e5n p\u00e5 tillg\u00e4nglighet och redundans, liksom backup\u00e5tg\u00e4rder, f\u00f6rblir kundens val.<\/p>\n\n\n\t\t\t\t\t\t<\/div>\n\t\t\t\t\t<\/div>\n\t\t\t\t<\/div>\n\t\t\t<\/div>\n\t\t<\/div>\n\t\t\n\n\n<h2 class=\"wp-block-heading\" id=\"h-tillforlitlig-natverksuppsattning-och-resiliens\"><strong>Tillf\u00f6rlitlig n\u00e4tverksupps\u00e4ttning och resiliens<\/strong><\/h2>\n\n\n\n<p>Vi s\u00e4kerst\u00e4ller att varje managed setup \u00e4r byggd f\u00f6r resiliens och kontinuitet:<\/p>\n\n\n\n<ul class=\"wp-block-list\">\n<li>Kontinuerlig system\u00f6vervakning med verktyg f\u00f6r h\u00f6g tillg\u00e4nglighet<\/li>\n<\/ul>\n\n\n\n<ul class=\"wp-block-list\">\n<li>Automatiserade datakopior, versionshantering och \u00e5terst\u00e4llningsrutiner f\u00f6r molnet<\/li>\n<\/ul>\n\n\n\n<ul class=\"wp-block-list\">\n<li>Redundanta VPN-tunnlar och failover-konnektivitet f\u00f6r molnet<\/li>\n<\/ul>\n\n\n\n<ul class=\"wp-block-list\">\n<li>Regelbunden s\u00e4kerhetsh\u00e4rdning och systemuppdateringar<\/li>\n<\/ul>\n\n\n\n<ul class=\"wp-block-list\">\n<li>S\u00e4ker fj\u00e4rr\u00e5tkomst och support via Element Service Platform (ESP)<\/li>\n<\/ul>\n\n\n\n<p>V\u00e5rt team \u00f6vervakar systemh\u00e4lsan dygnet runt och agerar proaktivt f\u00f6r att l\u00f6sa potentiella problem innan de p\u00e5verkar din verksamhet.<\/p>\n\n\n<div class=\"t2-accordion wp-block-t2-accordion\" data-allow-multiple=\"1\">\n<div class=\"t2-accordion-item wp-block-t2-accordion-item\">\t<h3 class=\"t2-accordion-title\">\n\t\t<button\n\t\t\taria-controls=\"accordion-panel\"\n\t\t\taria-expanded=\"false\"\n\t\t\tclass=\"t2-accordion-trigger\"\n\t\t\tid=\"viktiga-f\u00f6rdelar\"\n\t\t\ttype=\"button\"\n\t\t>\n\t\t\tViktiga f\u00f6rdelar\t\t\t<span class=\"t2-accordion-icon is-closed-icon\">\n\t\t\t\t<svg xmlns=\"http:\/\/www.w3.org\/2000\/svg\" viewBox=\"0 0 24 24\" height=\"24\" width=\"24\" class=\"t2-icon t2-icon-theme_plus\" aria-hidden=\"true\" focusable=\"false\"><path d=\"M11.25 12.75H6.25C6.0375 12.75 5.85942 12.6781 5.71575 12.5342C5.57192 12.3904 5.5 12.2122 5.5 11.9997C5.5 11.7871 5.57192 11.609 5.71575 11.4655C5.85942 11.3218 6.0375 11.25 6.25 11.25H11.25V6.25C11.25 6.0375 11.3219 5.85942 11.4658 5.71575C11.6096 5.57192 11.7878 5.5 12.0003 5.5C12.2129 5.5 12.391 5.57192 12.5345 5.71575C12.6782 5.85942 12.75 6.0375 12.75 6.25V11.25H17.75C17.9625 11.25 18.1406 11.3219 18.2843 11.4658C18.4281 11.6096 18.5 11.7878 18.5 12.0003C18.5 12.2129 18.4281 12.391 18.2843 12.5345C18.1406 12.6782 17.9625 12.75 17.75 12.75H12.75V17.75C12.75 17.9625 12.6781 18.1406 12.5342 18.2843C12.3904 18.4281 12.2122 18.5 11.9997 18.5C11.7871 18.5 11.609 18.4281 11.4655 18.2843C11.3218 18.1406 11.25 17.9625 11.25 17.75V12.75Z\" fill=\"var(--t2-icon-fill, #000)\"\/><\/svg>\t\t\t<\/span>\n\t\t\t<span class=\"t2-accordion-icon is-open-icon\">\n\t\t\t\t<svg xmlns=\"http:\/\/www.w3.org\/2000\/svg\" viewBox=\"0 0 24 24\" height=\"24\" width=\"24\" class=\"t2-icon t2-icon-theme_minus\" aria-hidden=\"true\" focusable=\"false\"><path d=\"M6.25 12.75C6.0375 12.75 5.85942 12.6781 5.71575 12.5342C5.57192 12.3904 5.5 12.2122 5.5 11.9997C5.5 11.7871 5.57192 11.609 5.71575 11.4655C5.85942 11.3218 6.0375 11.25 6.25 11.25H17.75C17.9625 11.25 18.1406 11.3219 18.2843 11.4658C18.4281 11.6096 18.5 11.7878 18.5 12.0003C18.5 12.2129 18.4281 12.391 18.2843 12.5345C18.1406 12.6782 17.9625 12.75 17.75 12.75H6.25Z\" fill=\"var(--t2-icon-fill, #1C1B1F)\"\/><\/svg>\t\t\t<\/span>\n\t\t<\/button>\n\t<\/h3>\n\t\t<div\n\t\taria-labelledby=\"viktiga-f\u00f6rdelar\"\n\t\tclass=\"t2-accordion-item__inner-container\"\n\t\tid=\"accordion-panel\"\n\t\trole=\"region\"\n\t\thidden\t>\n\t\t\n\n<ul class=\"wp-block-list\">\n<li><strong>F\u00f6renklad IT:<\/strong><span style=\"font-size: medium\"><\/span> L\u00e5t v\u00e5ra experter hantera driften medan du fokuserar p\u00e5 lagerprestanda.<\/li>\n<\/ul>\n\n\n\n<ul class=\"wp-block-list\">\n<li><strong>F\u00f6ruts\u00e4gbara kostnader:<\/strong><span style=\"font-size: medium\"><\/span> G\u00e5 fr\u00e5n of\u00f6ruts\u00e4gbara CAPEX till transparent, tj\u00e4nstebaserad priss\u00e4ttning.<\/li>\n<\/ul>\n\n\n\n<ul class=\"wp-block-list\">\n<li><strong>Expertis vid behov:<\/strong><span style=\"font-size: medium\"><\/span> F\u00e5 tillg\u00e5ng till certifierade system- och molningenj\u00f6rer specialiserade p\u00e5 lager-IT.<\/li>\n<\/ul>\n\n\n\n<ul class=\"wp-block-list\">\n<li><strong>Tillf\u00f6rlitlighet och s\u00e4kerhet:<\/strong><span style=\"font-size: medium\"><\/span> St\u00f6ttat av \u00f6vervakning dygnet runt, automatiserade s\u00e4kerhetskopior och GDPR-compliant datahantering.<\/li>\n<\/ul>\n\n\n\n<ul class=\"wp-block-list\">\n<li><strong>Skalbarhet:<\/strong><span style=\"font-size: medium\"><\/span> Ut\u00f6ka enkelt eller integrera nya Element Logic-applikationer i takt med att verksamheten v\u00e4xer.<\/li>\n<\/ul>\n\n\n\n<ul class=\"wp-block-list\">\n<li><strong>Trygghet:<\/strong> Oavsett om systemen hostas av oss eller hanteras p\u00e5 din h\u00e5rdvara \u00e4r de i trygga h\u00e4nder.<\/li>\n<\/ul>\n\n\t<\/div>\n\t<\/div>\n\n<div class=\"t2-accordion-item wp-block-t2-accordion-item\">\t<h2 class=\"t2-accordion-title\">\n\t\t<button\n\t\t\taria-controls=\"accordion-panel-1\"\n\t\t\taria-expanded=\"false\"\n\t\t\tclass=\"t2-accordion-trigger\"\n\t\t\tid=\"vad-du-kan-f\u00f6rv\u00e4nta-dig\"\n\t\t\ttype=\"button\"\n\t\t>\n\t\t\tVad du kan f\u00f6rv\u00e4nta dig\t\t\t<span class=\"t2-accordion-icon is-closed-icon\">\n\t\t\t\t<svg xmlns=\"http:\/\/www.w3.org\/2000\/svg\" viewBox=\"0 0 24 24\" height=\"24\" width=\"24\" class=\"t2-icon t2-icon-theme_plus\" aria-hidden=\"true\" focusable=\"false\"><path d=\"M11.25 12.75H6.25C6.0375 12.75 5.85942 12.6781 5.71575 12.5342C5.57192 12.3904 5.5 12.2122 5.5 11.9997C5.5 11.7871 5.57192 11.609 5.71575 11.4655C5.85942 11.3218 6.0375 11.25 6.25 11.25H11.25V6.25C11.25 6.0375 11.3219 5.85942 11.4658 5.71575C11.6096 5.57192 11.7878 5.5 12.0003 5.5C12.2129 5.5 12.391 5.57192 12.5345 5.71575C12.6782 5.85942 12.75 6.0375 12.75 6.25V11.25H17.75C17.9625 11.25 18.1406 11.3219 18.2843 11.4658C18.4281 11.6096 18.5 11.7878 18.5 12.0003C18.5 12.2129 18.4281 12.391 18.2843 12.5345C18.1406 12.6782 17.9625 12.75 17.75 12.75H12.75V17.75C12.75 17.9625 12.6781 18.1406 12.5342 18.2843C12.3904 18.4281 12.2122 18.5 11.9997 18.5C11.7871 18.5 11.609 18.4281 11.4655 18.2843C11.3218 18.1406 11.25 17.9625 11.25 17.75V12.75Z\" fill=\"var(--t2-icon-fill, #000)\"\/><\/svg>\t\t\t<\/span>\n\t\t\t<span class=\"t2-accordion-icon is-open-icon\">\n\t\t\t\t<svg xmlns=\"http:\/\/www.w3.org\/2000\/svg\" viewBox=\"0 0 24 24\" height=\"24\" width=\"24\" class=\"t2-icon t2-icon-theme_minus\" aria-hidden=\"true\" focusable=\"false\"><path d=\"M6.25 12.75C6.0375 12.75 5.85942 12.6781 5.71575 12.5342C5.57192 12.3904 5.5 12.2122 5.5 11.9997C5.5 11.7871 5.57192 11.609 5.71575 11.4655C5.85942 11.3218 6.0375 11.25 6.25 11.25H17.75C17.9625 11.25 18.1406 11.3219 18.2843 11.4658C18.4281 11.6096 18.5 11.7878 18.5 12.0003C18.5 12.2129 18.4281 12.391 18.2843 12.5345C18.1406 12.6782 17.9625 12.75 17.75 12.75H6.25Z\" fill=\"var(--t2-icon-fill, #1C1B1F)\"\/><\/svg>\t\t\t<\/span>\n\t\t<\/button>\n\t<\/h2>\n\t\t<div\n\t\taria-labelledby=\"vad-du-kan-f\u00f6rv\u00e4nta-dig\"\n\t\tclass=\"t2-accordion-item__inner-container\"\n\t\tid=\"accordion-panel-1\"\n\t\trole=\"region\"\n\t\thidden\t>\n\t\t\n\n<ul class=\"wp-block-list\">\n<li><strong>Always-On Support:<\/strong><span style=\"font-size: medium\"><\/span> Service desk dygnet runt f\u00f6r \u00f6vervakning, fels\u00f6kning och teknisk v\u00e4gledning.<\/li>\n<\/ul>\n\n\n\n<ul class=\"wp-block-list\">\n<li><strong>Transparanta avtal:<\/strong><span style=\"font-size: medium\"><\/span> Ett \u00e5rs minsta avtalsperiod med automatisk f\u00f6rnyelse och utan dolda avgifter.\u00a0<\/li>\n<\/ul>\n\n\n\n<ul class=\"wp-block-list\">\n<li><strong>Smidig onboarding:<\/strong> <span style=\"font-size: medium\"><\/span>Tydliga tekniska krav, guidad integration och standardiserad upps\u00e4ttning.<\/li>\n<\/ul>\n\n\n\n<ul class=\"wp-block-list\">\n<li><strong>Proaktivt underh\u00e5ll:<\/strong><span style=\"font-size: medium\"><\/span> Regelbundna kontroller av systemh\u00e4lsan och uppdateringar f\u00f6r att h\u00e5lla lagret i g\u00e5ng utan st\u00f6rningar.<\/li>\n<\/ul>\n\n\t<\/div>\n\t<\/div>\n\n<div class=\"t2-accordion-item wp-block-t2-accordion-item\">\t<h2 class=\"t2-accordion-title\">\n\t\t<button\n\t\t\taria-controls=\"accordion-panel-2\"\n\t\t\taria-expanded=\"false\"\n\t\t\tclass=\"t2-accordion-trigger\"\n\t\t\tid=\"vem-\u00e4r-det-f\u00f6r?\"\n\t\t\ttype=\"button\"\n\t\t>\n\t\t\tVem \u00e4r det f\u00f6r?\t\t\t<span class=\"t2-accordion-icon is-closed-icon\">\n\t\t\t\t<svg xmlns=\"http:\/\/www.w3.org\/2000\/svg\" viewBox=\"0 0 24 24\" height=\"24\" width=\"24\" class=\"t2-icon t2-icon-theme_plus\" aria-hidden=\"true\" focusable=\"false\"><path d=\"M11.25 12.75H6.25C6.0375 12.75 5.85942 12.6781 5.71575 12.5342C5.57192 12.3904 5.5 12.2122 5.5 11.9997C5.5 11.7871 5.57192 11.609 5.71575 11.4655C5.85942 11.3218 6.0375 11.25 6.25 11.25H11.25V6.25C11.25 6.0375 11.3219 5.85942 11.4658 5.71575C11.6096 5.57192 11.7878 5.5 12.0003 5.5C12.2129 5.5 12.391 5.57192 12.5345 5.71575C12.6782 5.85942 12.75 6.0375 12.75 6.25V11.25H17.75C17.9625 11.25 18.1406 11.3219 18.2843 11.4658C18.4281 11.6096 18.5 11.7878 18.5 12.0003C18.5 12.2129 18.4281 12.391 18.2843 12.5345C18.1406 12.6782 17.9625 12.75 17.75 12.75H12.75V17.75C12.75 17.9625 12.6781 18.1406 12.5342 18.2843C12.3904 18.4281 12.2122 18.5 11.9997 18.5C11.7871 18.5 11.609 18.4281 11.4655 18.2843C11.3218 18.1406 11.25 17.9625 11.25 17.75V12.75Z\" fill=\"var(--t2-icon-fill, #000)\"\/><\/svg>\t\t\t<\/span>\n\t\t\t<span class=\"t2-accordion-icon is-open-icon\">\n\t\t\t\t<svg xmlns=\"http:\/\/www.w3.org\/2000\/svg\" viewBox=\"0 0 24 24\" height=\"24\" width=\"24\" class=\"t2-icon t2-icon-theme_minus\" aria-hidden=\"true\" focusable=\"false\"><path d=\"M6.25 12.75C6.0375 12.75 5.85942 12.6781 5.71575 12.5342C5.57192 12.3904 5.5 12.2122 5.5 11.9997C5.5 11.7871 5.57192 11.609 5.71575 11.4655C5.85942 11.3218 6.0375 11.25 6.25 11.25H17.75C17.9625 11.25 18.1406 11.3219 18.2843 11.4658C18.4281 11.6096 18.5 11.7878 18.5 12.0003C18.5 12.2129 18.4281 12.391 18.2843 12.5345C18.1406 12.6782 17.9625 12.75 17.75 12.75H6.25Z\" fill=\"var(--t2-icon-fill, #1C1B1F)\"\/><\/svg>\t\t\t<\/span>\n\t\t<\/button>\n\t<\/h2>\n\t\t<div\n\t\taria-labelledby=\"vem-\u00e4r-det-f\u00f6r?\"\n\t\tclass=\"t2-accordion-item__inner-container\"\n\t\tid=\"accordion-panel-2\"\n\t\trole=\"region\"\n\t\thidden\t>\n\t\t\n\n<ul class=\"wp-block-list\">\n<li><strong>F\u00f6retag<\/strong> med befintlig IT-infrastruktur som vill att Element Logic hanterar deras virtuella milj\u00f6.<\/li>\n<\/ul>\n\n\n\n<ul class=\"wp-block-list\">\n<li><strong>V\u00e4xande f\u00f6retag<\/strong> som f\u00f6redrar en nyckelf\u00e4rdig molnl\u00f6sning utan h\u00e5rdvaruhantering.<\/li>\n<\/ul>\n\n\n\n<ul class=\"wp-block-list\">\n<li><strong>Verksamhets- och IT-chefer<\/strong> som s\u00f6ker stabil, skalbar infrastruktur med minimal<\/li>\n<\/ul>\n\n\t<\/div>\n\t<\/div>\n<\/div>\n\n\n\t\t<div class=\"wp-block-dekode-simple-cta\">\n\t\t\t<div class=\"dekode-simple-cta__inner\">\n\n<h3 class=\"wp-block-heading\" id=\"redo-att-minska-din-it-belastning-och-oka-lagrets-prestanda\">Redo att minska din IT-belastning och \u00f6ka lagrets prestanda?<\/h3>\n\n\n\n<div class=\"wp-block-buttons is-layout-flex wp-block-buttons-is-layout-flex\">\n<div class=\"wp-block-button has-icon has-icon-theme_arrow\"><a class=\"wp-block-button__link wp-element-button\" href=\"https:\/\/www.elementlogic.net\/se\/boka-gratis-konsultation\/\">Kontakta oss idag<svg xmlns=\"http:\/\/www.w3.org\/2000\/svg\" viewBox=\"0 0 24 24\" height=\"24\" width=\"24\" class=\"t2-icon t2-icon-theme_arrow\" aria-hidden=\"true\" focusable=\"false\"><path d=\"M16.627 12.75H5.25C5.03717 12.75 4.859 12.6782 4.7155 12.5345C4.57183 12.391 4.5 12.2128 4.5 12C4.5 11.7872 4.57183 11.609 4.7155 11.4655C4.859 11.3218 5.03717 11.25 5.25 11.25H16.627L11.4577 6.08076C11.3091 5.93209 11.2357 5.75809 11.2375 5.55876C11.2395 5.35942 11.318 5.18217 11.473 5.02701C11.6282 4.88217 11.8038 4.80717 12 4.80201C12.1962 4.79684 12.3718 4.87184 12.527 5.02701L18.8673 11.3673C18.9609 11.4609 19.0269 11.5597 19.0652 11.6635C19.1037 11.7673 19.123 11.8795 19.123 12C19.123 12.1205 19.1037 12.2327 19.0652 12.3365C19.0269 12.4403 18.9609 12.5391 18.8673 12.6328L12.527 18.973C12.3885 19.1115 12.217 19.1823 12.0125 19.1855C11.808 19.1887 11.6282 19.1178 11.473 18.973C11.318 18.8178 11.2405 18.6397 11.2405 18.4385C11.2405 18.2372 11.318 18.0589 11.473 17.9038L16.627 12.75Z\" fill=\"var(--t2-icon-fill, #000)\"\/><\/svg><\/a><\/div>\n<\/div>\n\n<\/div>\n\t\t<\/div>","protected":false},"excerpt":{"rendered":"<p>L\u00e4mna IT-komplexiteten bakom dig Att hantera IT-infrastruktur f\u00f6r AutoStore och lagersystem kan vara kr\u00e4vande och kostsamt. Underh\u00e5ll av h\u00e5rdvara, s\u00e4kerhetskopiering [&hellip;]<\/p>\n","protected":false},"author":2,"featured_media":0,"parent":0,"menu_order":0,"comment_status":"closed","ping_status":"closed","template":"","meta":{"hreflang_relation":0,"_el_cross_publish_source_blog_url":"","_el_cross_publish_source_blog_id":0,"_el_cross_publish_source_post_id":0,"_el_cross_publish_sync_state":"","exclude_from_search":false,"footnotes":""},"class_list":["post-3132","page","type-page","status-publish","hentry"],"yoast_head":"<!-- This site is optimized with the Yoast SEO Premium plugin v23.9 (Yoast SEO v23.9) - https:\/\/yoast.com\/wordpress\/plugins\/seo\/ -->\n<title>Element Logic Managed Services - Element Logic Sweden<\/title>\n<meta name=\"description\" content=\"Uppt\u00e4ck Managed Services fr\u00e5n Element Logic f\u00f6r s\u00e4ker, skalbar och kostnadseffektiv IT-drift i molnet eller on-premise.\" \/>\n<meta name=\"robots\" content=\"index, follow, max-snippet:-1, max-image-preview:large, max-video-preview:-1\" \/>\n<link rel=\"canonical\" href=\"https:\/\/www.elementlogic.net\/se\/element-logic-managed-services\/\" \/>\n<meta property=\"og:locale\" content=\"sv_SE\" \/>\n<meta property=\"og:type\" content=\"article\" \/>\n<meta property=\"og:title\" content=\"Element Logic Managed Services\" \/>\n<meta property=\"og:description\" content=\"Uppt\u00e4ck Managed Services fr\u00e5n Element Logic f\u00f6r s\u00e4ker, skalbar och kostnadseffektiv IT-drift i molnet eller on-premise.\" \/>\n<meta property=\"og:url\" content=\"https:\/\/www.elementlogic.net\/se\/element-logic-managed-services\/\" \/>\n<meta property=\"og:site_name\" content=\"Element Logic Sweden\" \/>\n<meta property=\"article:modified_time\" content=\"2026-03-26T10:10:31+00:00\" \/>\n<meta name=\"twitter:card\" content=\"summary_large_image\" \/>\n<meta name=\"twitter:label1\" content=\"Ber\u00e4knad l\u00e4stid\" \/>\n\t<meta name=\"twitter:data1\" content=\"3 minuter\" \/>\n<script type=\"application\/ld+json\" class=\"yoast-schema-graph\">{\"@context\":\"https:\/\/schema.org\",\"@graph\":[{\"@type\":\"WebPage\",\"@id\":\"https:\/\/www.elementlogic.net\/se\/element-logic-managed-services\/\",\"url\":\"https:\/\/www.elementlogic.net\/se\/element-logic-managed-services\/\",\"name\":\"Element Logic Managed Services - Element Logic Sweden\",\"isPartOf\":{\"@id\":\"https:\/\/www.elementlogic.net\/se\/#website\"},\"datePublished\":\"2026-03-26T10:10:30+00:00\",\"dateModified\":\"2026-03-26T10:10:31+00:00\",\"description\":\"Uppt\u00e4ck Managed Services fr\u00e5n Element Logic f\u00f6r s\u00e4ker, skalbar och kostnadseffektiv IT-drift i molnet eller on-premise.\",\"inLanguage\":\"sv-SE\",\"potentialAction\":[{\"@type\":\"ReadAction\",\"target\":[\"https:\/\/www.elementlogic.net\/se\/element-logic-managed-services\/\"]}]},{\"@type\":\"WebSite\",\"@id\":\"https:\/\/www.elementlogic.net\/se\/#website\",\"url\":\"https:\/\/www.elementlogic.net\/se\/\",\"name\":\"Element Logic Sweden\",\"description\":\"\",\"potentialAction\":[{\"@type\":\"SearchAction\",\"target\":{\"@type\":\"EntryPoint\",\"urlTemplate\":\"https:\/\/www.elementlogic.net\/se\/?s={search_term_string}\"},\"query-input\":{\"@type\":\"PropertyValueSpecification\",\"valueRequired\":true,\"valueName\":\"search_term_string\"}}],\"inLanguage\":\"sv-SE\"}]}<\/script>\n<!-- \/ Yoast SEO Premium plugin. -->","yoast_head_json":{"title":"Element Logic Managed Services - Element Logic Sweden","description":"Uppt\u00e4ck Managed Services fr\u00e5n Element Logic f\u00f6r s\u00e4ker, skalbar och kostnadseffektiv IT-drift i molnet eller on-premise.","robots":{"index":"index","follow":"follow","max-snippet":"max-snippet:-1","max-image-preview":"max-image-preview:large","max-video-preview":"max-video-preview:-1"},"canonical":"https:\/\/www.elementlogic.net\/se\/element-logic-managed-services\/","og_locale":"sv_SE","og_type":"article","og_title":"Element Logic Managed Services","og_description":"Uppt\u00e4ck Managed Services fr\u00e5n Element Logic f\u00f6r s\u00e4ker, skalbar och kostnadseffektiv IT-drift i molnet eller on-premise.","og_url":"https:\/\/www.elementlogic.net\/se\/element-logic-managed-services\/","og_site_name":"Element Logic Sweden","article_modified_time":"2026-03-26T10:10:31+00:00","twitter_card":"summary_large_image","twitter_misc":{"Ber\u00e4knad l\u00e4stid":"3 minuter"},"schema":{"@context":"https:\/\/schema.org","@graph":[{"@type":"WebPage","@id":"https:\/\/www.elementlogic.net\/se\/element-logic-managed-services\/","url":"https:\/\/www.elementlogic.net\/se\/element-logic-managed-services\/","name":"Element Logic Managed Services - Element Logic Sweden","isPartOf":{"@id":"https:\/\/www.elementlogic.net\/se\/#website"},"datePublished":"2026-03-26T10:10:30+00:00","dateModified":"2026-03-26T10:10:31+00:00","description":"Uppt\u00e4ck Managed Services fr\u00e5n Element Logic f\u00f6r s\u00e4ker, skalbar och kostnadseffektiv IT-drift i molnet eller on-premise.","inLanguage":"sv-SE","potentialAction":[{"@type":"ReadAction","target":["https:\/\/www.elementlogic.net\/se\/element-logic-managed-services\/"]}]},{"@type":"WebSite","@id":"https:\/\/www.elementlogic.net\/se\/#website","url":"https:\/\/www.elementlogic.net\/se\/","name":"Element Logic Sweden","description":"","potentialAction":[{"@type":"SearchAction","target":{"@type":"EntryPoint","urlTemplate":"https:\/\/www.elementlogic.net\/se\/?s={search_term_string}"},"query-input":{"@type":"PropertyValueSpecification","valueRequired":true,"valueName":"search_term_string"}}],"inLanguage":"sv-SE"}]}},"_links":{"self":[{"href":"https:\/\/www.elementlogic.net\/se\/wp-json\/wp\/v2\/pages\/3132"}],"collection":[{"href":"https:\/\/www.elementlogic.net\/se\/wp-json\/wp\/v2\/pages"}],"about":[{"href":"https:\/\/www.elementlogic.net\/se\/wp-json\/wp\/v2\/types\/page"}],"author":[{"embeddable":true,"href":"https:\/\/www.elementlogic.net\/se\/wp-json\/wp\/v2\/users\/2"}],"replies":[{"embeddable":true,"href":"https:\/\/www.elementlogic.net\/se\/wp-json\/wp\/v2\/comments?post=3132"}],"version-history":[{"count":2,"href":"https:\/\/www.elementlogic.net\/se\/wp-json\/wp\/v2\/pages\/3132\/revisions"}],"predecessor-version":[{"id":3350,"href":"https:\/\/www.elementlogic.net\/se\/wp-json\/wp\/v2\/pages\/3132\/revisions\/3350"}],"wp:attachment":[{"href":"https:\/\/www.elementlogic.net\/se\/wp-json\/wp\/v2\/media?parent=3132"}],"curies":[{"name":"wp","href":"https:\/\/api.w.org\/{rel}","templated":true}]}}