{"id":3134,"date":"2026-03-26T06:35:21","date_gmt":"2026-03-26T06:35:21","guid":{"rendered":"https:\/\/www.elementlogic.net\/se\/?page_id=3134"},"modified":"2026-03-30T08:43:52","modified_gmt":"2026-03-30T08:43:52","slug":"element-logic-warehouse-software","status":"publish","type":"page","link":"https:\/\/www.elementlogic.net\/se\/element-logic-warehouse-software\/","title":{"rendered":"Element Logic Warehouse Software"},"content":{"rendered":"\n\t\t<div style=\"--dekode-hero-dim:0.5; --t2-icon-fill:var(--wp--preset--color--white);\" class=\"alignfull dekode-hero-content-position-center has-media-background wp-block-dekode-hero has-text-color has-white-color\">\n\t\t\t\t\t<video\n\t\t\tautoplay\n\t\t\tloop\n\t\t\tmuted\n\t\t\tplaysinline\n\t\t\tposter=\"\"\n\t\t\tsrc=\"https:\/\/www.elementlogic.net\/content\/uploads\/2024\/08\/software.mp4\">\n\t\t<\/video>\n\t\t\n\t\t\t<div class=\"dekode-hero__content\">\n\t\t\t\t<div class=\"dekode-hero__container\">\n\t\t\t\t\t\n\n<h1 class=\"wp-block-heading\" id=\"h-element-logic-warehouse-software\"><strong>Element Logic Warehouse Software<\/strong><\/h1>\n\n\n<p class=\"t2-ingress wp-block-t2-ingress\">Optimera varje process. Maximera din prestanda.<\/p>\n\n\t\t\t\t<\/div>\n\t\t\t<\/div>\n\t\t<\/div>\n\t\t\n\n\n<p>Dagens lager \u00e4r beroende av datadriven precision f\u00f6r att f\u00f6rbli konkurrenskraftiga. Element Logics programvarusvit f\u00f6r lager kopplar samman varje steg i ditt arbetsfl\u00f6de &#8211; fr\u00e5n inbound till outbound &#8211; i ett intelligent system som \u00f6kar effektiviteten, precisionen och kontrollen.<\/p>\n\n\n\n<p>V\u00e5rt programvaruerbjudande omfattar <a href=\"https:\/\/www.elementlogic.net\/se\/element-logic-warehouse-software\/warehouse-control-systems-wcs\/\">Warehouse Control Systems (WCS)<\/a> och <a href=\"https:\/\/www.elementlogic.net\/se\/element-logic-warehouse-software\/warehouse-intelligence-software\/\">Warehouse Intelligence Software (eLogiq)<\/a>, vilket s\u00e4kerst\u00e4ller att m\u00e4nniskor, robotar och data arbetar som ett optimerat ekosystem.<\/p>\n\n\n\n\t\t<div class=\"alignwide is-mode-constrained is-gap-center has-media-on-the-right wp-block-t2-simple-media-text   \">\n\t\t\t<div class=\"t2-simple-media-text__container\">\n\t\t\t\t<div class=\"t2-simple-media-text__image\"><img loading=\"lazy\" decoding=\"async\" width=\"768\" height=\"721\" src=\"https:\/\/www.elementlogic.net\/content\/uploads\/sites\/14\/2026\/03\/emanager-solutions-1024x961-1-4-768x721.jpg\" class=\"\" alt=\"\" style=\"--focalpoint: 50% 50%;\" srcset=\"https:\/\/www.elementlogic.net\/content\/uploads\/sites\/14\/2026\/03\/emanager-solutions-1024x961-1-4-768x721.jpg 768w, https:\/\/www.elementlogic.net\/content\/uploads\/sites\/14\/2026\/03\/emanager-solutions-1024x961-1-4-300x282.jpg 300w, https:\/\/www.elementlogic.net\/content\/uploads\/sites\/14\/2026\/03\/emanager-solutions-1024x961-1-4.jpg 1024w\" sizes=\"(max-width: 768px) 100vw, 768px\" \/><\/div>\n\t\t\t\t<div class=\"t2-simple-media-text__content-container\">\n\t\t\t\t\t<div class=\"t2-simple-media-text__content\">\n\t\t\t\t\t\t<div class=\"t2-simple-media-text__content-inner\">\n\t\t\t\t\t\t\t\n\n<h3 class=\"wp-block-heading\" id=\"h-total-kontroll-genom-intelligent-koordinering\"><strong>Total kontroll genom intelligent koordinering<\/strong><\/h3>\n\n\n\n<p><br>V\u00e5ra Warehouse Control Systems (WCS) s\u00e4kerst\u00e4ller s\u00f6ml\u00f6s koordinering mellan automatiserad utrustning och manuella uppgifter. Genom att \u00f6vervaka, hantera och synkronisera varje r\u00f6relse i realtid fungerar WCS som den operativa ryggraden i ditt automatiserade lager.<\/p>\n\n\n\n<p><strong>Minimera driftstopp. Maximera fl\u00f6det.<\/strong><\/p>\n\n\n\n<div class=\"wp-block-button\"><a class=\"wp-block-button__link wp-element-button\" href=\"https:\/\/www.elementlogic.net\/se\/element-logic-warehouse-software\/warehouse-control-systems-wcs\/\">Utforska Warehouse Control Systems<\/a><\/div>\n\n\n\t\t\t\t\t\t<\/div>\n\t\t\t\t\t<\/div>\n\t\t\t\t<\/div>\n\t\t\t<\/div>\n\t\t<\/div>\n\t\t\n\n\n\t\t<div class=\"alignwide is-mode-constrained is-gap-center wp-block-t2-simple-media-text   \">\n\t\t\t<div class=\"t2-simple-media-text__container\">\n\t\t\t\t<div class=\"t2-simple-media-text__image\"><img loading=\"lazy\" decoding=\"async\" width=\"768\" height=\"512\" src=\"https:\/\/www.elementlogic.net\/content\/uploads\/sites\/14\/2026\/03\/image-128-2-768x512.png\" class=\"\" alt=\"\" style=\"--focalpoint: 50% 50%;\" srcset=\"https:\/\/www.elementlogic.net\/content\/uploads\/sites\/14\/2026\/03\/image-128-2-768x512.png 768w, https:\/\/www.elementlogic.net\/content\/uploads\/sites\/14\/2026\/03\/image-128-2-300x200.png 300w, https:\/\/www.elementlogic.net\/content\/uploads\/sites\/14\/2026\/03\/image-128-2-1024x683.png 1024w, https:\/\/www.elementlogic.net\/content\/uploads\/sites\/14\/2026\/03\/image-128-2-1536x1024.png 1536w, https:\/\/www.elementlogic.net\/content\/uploads\/sites\/14\/2026\/03\/image-128-2.png 2048w\" sizes=\"(max-width: 768px) 100vw, 768px\" \/><\/div>\n\t\t\t\t<div class=\"t2-simple-media-text__content-container\">\n\t\t\t\t\t<div class=\"t2-simple-media-text__content\">\n\t\t\t\t\t\t<div class=\"t2-simple-media-text__content-inner\">\n\t\t\t\t\t\t\t\n\n<h3 class=\"wp-block-heading\" id=\"h-smartare-beslut-med-warehouse-intelligence-software-elogiq\"><strong>Smartare beslut med Warehouse Intelligence Software (eLogiq)<\/strong><\/h3>\n\n\n\n<p><br><strong>Warehouse Intelligence Software (eLogiq)<\/strong> omvandlar lagerdata till anv\u00e4ndbara insikter. Det ger realtidsdashboards f\u00f6r prestanda, prediktiv analys och systemrekommendationer som hj\u00e4lper dig att kontinuerligt f\u00f6rb\u00e4ttra effektiviteten, minska spill och optimera anv\u00e4ndningen av arbetskraft.<\/p>\n\n\n\n<p><strong>Minimera os\u00e4kerhet. Maximera prestanda.<\/strong><\/p>\n\n\n\n<div class=\"wp-block-button\"><a class=\"wp-block-button__link wp-element-button\" href=\"https:\/\/www.elementlogic.net\/se\/element-logic-warehouse-software\/warehouse-intelligence-software\/\">Utforska Warehouse Intelligence Software<\/a><\/div>\n\n\n\t\t\t\t\t\t<\/div>\n\t\t\t\t\t<\/div>\n\t\t\t\t<\/div>\n\t\t\t<\/div>\n\t\t<\/div>\n\t\t\n\n\n<p><\/p>\n","protected":false},"excerpt":{"rendered":"<p>Dagens lager \u00e4r beroende av datadriven precision f\u00f6r att f\u00f6rbli konkurrenskraftiga. Element Logics programvarusvit f\u00f6r lager kopplar samman varje steg [&hellip;]<\/p>\n","protected":false},"author":2,"featured_media":0,"parent":0,"menu_order":0,"comment_status":"closed","ping_status":"closed","template":"","meta":{"hreflang_relation":0,"_el_cross_publish_source_blog_url":"","_el_cross_publish_source_blog_id":0,"_el_cross_publish_source_post_id":0,"_el_cross_publish_sync_state":"","exclude_from_search":false,"footnotes":""},"class_list":["post-3134","page","type-page","status-publish","hentry"],"yoast_head":"<!-- This site is optimized with the Yoast SEO Premium plugin v23.9 (Yoast SEO v23.9) - https:\/\/yoast.com\/wordpress\/plugins\/seo\/ -->\n<title>Element Logic Warehouse Software - Element Logic Sweden<\/title>\n<meta name=\"description\" content=\"Uppt\u00e4ck lagerprogramvara fr\u00e5n Element Logic som kopplar samman arbetsfl\u00f6den och optimerar effektivitet, kontroll och prestanda.\" \/>\n<meta name=\"robots\" content=\"index, follow, max-snippet:-1, max-image-preview:large, max-video-preview:-1\" \/>\n<link rel=\"canonical\" href=\"https:\/\/www.elementlogic.net\/se\/element-logic-warehouse-software\/\" \/>\n<meta property=\"og:locale\" content=\"sv_SE\" \/>\n<meta property=\"og:type\" content=\"article\" \/>\n<meta property=\"og:title\" content=\"Element Logic Warehouse Software\" \/>\n<meta property=\"og:description\" content=\"Uppt\u00e4ck lagerprogramvara fr\u00e5n Element Logic som kopplar samman arbetsfl\u00f6den och optimerar effektivitet, kontroll och prestanda.\" \/>\n<meta property=\"og:url\" content=\"https:\/\/www.elementlogic.net\/se\/element-logic-warehouse-software\/\" \/>\n<meta property=\"og:site_name\" content=\"Element Logic Sweden\" \/>\n<meta property=\"article:modified_time\" content=\"2026-03-30T08:43:52+00:00\" \/>\n<meta name=\"twitter:card\" content=\"summary_large_image\" \/>\n<meta name=\"twitter:label1\" content=\"Ber\u00e4knad l\u00e4stid\" \/>\n\t<meta name=\"twitter:data1\" content=\"1 minut\" \/>\n<script type=\"application\/ld+json\" class=\"yoast-schema-graph\">{\"@context\":\"https:\/\/schema.org\",\"@graph\":[{\"@type\":\"WebPage\",\"@id\":\"https:\/\/www.elementlogic.net\/se\/element-logic-warehouse-software\/\",\"url\":\"https:\/\/www.elementlogic.net\/se\/element-logic-warehouse-software\/\",\"name\":\"Element Logic Warehouse Software - Element Logic Sweden\",\"isPartOf\":{\"@id\":\"https:\/\/www.elementlogic.net\/se\/#website\"},\"datePublished\":\"2026-03-26T06:35:21+00:00\",\"dateModified\":\"2026-03-30T08:43:52+00:00\",\"description\":\"Uppt\u00e4ck lagerprogramvara fr\u00e5n Element Logic som kopplar samman arbetsfl\u00f6den och optimerar effektivitet, kontroll och prestanda.\",\"inLanguage\":\"sv-SE\",\"potentialAction\":[{\"@type\":\"ReadAction\",\"target\":[\"https:\/\/www.elementlogic.net\/se\/element-logic-warehouse-software\/\"]}]},{\"@type\":\"WebSite\",\"@id\":\"https:\/\/www.elementlogic.net\/se\/#website\",\"url\":\"https:\/\/www.elementlogic.net\/se\/\",\"name\":\"Element Logic Sweden\",\"description\":\"\",\"potentialAction\":[{\"@type\":\"SearchAction\",\"target\":{\"@type\":\"EntryPoint\",\"urlTemplate\":\"https:\/\/www.elementlogic.net\/se\/?s={search_term_string}\"},\"query-input\":{\"@type\":\"PropertyValueSpecification\",\"valueRequired\":true,\"valueName\":\"search_term_string\"}}],\"inLanguage\":\"sv-SE\"}]}<\/script>\n<!-- \/ Yoast SEO Premium plugin. -->","yoast_head_json":{"title":"Element Logic Warehouse Software - Element Logic Sweden","description":"Uppt\u00e4ck lagerprogramvara fr\u00e5n Element Logic som kopplar samman arbetsfl\u00f6den och optimerar effektivitet, kontroll och prestanda.","robots":{"index":"index","follow":"follow","max-snippet":"max-snippet:-1","max-image-preview":"max-image-preview:large","max-video-preview":"max-video-preview:-1"},"canonical":"https:\/\/www.elementlogic.net\/se\/element-logic-warehouse-software\/","og_locale":"sv_SE","og_type":"article","og_title":"Element Logic Warehouse Software","og_description":"Uppt\u00e4ck lagerprogramvara fr\u00e5n Element Logic som kopplar samman arbetsfl\u00f6den och optimerar effektivitet, kontroll och prestanda.","og_url":"https:\/\/www.elementlogic.net\/se\/element-logic-warehouse-software\/","og_site_name":"Element Logic Sweden","article_modified_time":"2026-03-30T08:43:52+00:00","twitter_card":"summary_large_image","twitter_misc":{"Ber\u00e4knad l\u00e4stid":"1 minut"},"schema":{"@context":"https:\/\/schema.org","@graph":[{"@type":"WebPage","@id":"https:\/\/www.elementlogic.net\/se\/element-logic-warehouse-software\/","url":"https:\/\/www.elementlogic.net\/se\/element-logic-warehouse-software\/","name":"Element Logic Warehouse Software - Element Logic Sweden","isPartOf":{"@id":"https:\/\/www.elementlogic.net\/se\/#website"},"datePublished":"2026-03-26T06:35:21+00:00","dateModified":"2026-03-30T08:43:52+00:00","description":"Uppt\u00e4ck lagerprogramvara fr\u00e5n Element Logic som kopplar samman arbetsfl\u00f6den och optimerar effektivitet, kontroll och prestanda.","inLanguage":"sv-SE","potentialAction":[{"@type":"ReadAction","target":["https:\/\/www.elementlogic.net\/se\/element-logic-warehouse-software\/"]}]},{"@type":"WebSite","@id":"https:\/\/www.elementlogic.net\/se\/#website","url":"https:\/\/www.elementlogic.net\/se\/","name":"Element Logic Sweden","description":"","potentialAction":[{"@type":"SearchAction","target":{"@type":"EntryPoint","urlTemplate":"https:\/\/www.elementlogic.net\/se\/?s={search_term_string}"},"query-input":{"@type":"PropertyValueSpecification","valueRequired":true,"valueName":"search_term_string"}}],"inLanguage":"sv-SE"}]}},"_links":{"self":[{"href":"https:\/\/www.elementlogic.net\/se\/wp-json\/wp\/v2\/pages\/3134"}],"collection":[{"href":"https:\/\/www.elementlogic.net\/se\/wp-json\/wp\/v2\/pages"}],"about":[{"href":"https:\/\/www.elementlogic.net\/se\/wp-json\/wp\/v2\/types\/page"}],"author":[{"embeddable":true,"href":"https:\/\/www.elementlogic.net\/se\/wp-json\/wp\/v2\/users\/2"}],"replies":[{"embeddable":true,"href":"https:\/\/www.elementlogic.net\/se\/wp-json\/wp\/v2\/comments?post=3134"}],"version-history":[{"count":5,"href":"https:\/\/www.elementlogic.net\/se\/wp-json\/wp\/v2\/pages\/3134\/revisions"}],"predecessor-version":[{"id":3755,"href":"https:\/\/www.elementlogic.net\/se\/wp-json\/wp\/v2\/pages\/3134\/revisions\/3755"}],"wp:attachment":[{"href":"https:\/\/www.elementlogic.net\/se\/wp-json\/wp\/v2\/media?parent=3134"}],"curies":[{"name":"wp","href":"https:\/\/api.w.org\/{rel}","templated":true}]}}