{"id":43,"date":"2024-09-14T12:41:27","date_gmt":"2024-09-14T10:41:27","guid":{"rendered":"https:\/\/www.elementlogic.net\/?page_id=2673"},"modified":"2024-12-05T14:29:16","modified_gmt":"2024-12-05T14:29:16","slug":"cookie-policy","status":"publish","type":"page","link":"https:\/\/www.elementlogic.net\/se\/cookie-policy\/","title":{"rendered":"Cookie Policy"},"content":{"rendered":"<p class=\"t2-ingress wp-block-t2-ingress\">Denna Cookie policy beskriver hur Element Logic anv\u00e4nder cookies p\u00e5 sin webbplats: https:\/\/www.elementlogic.se.<\/p>\n\n\n<div class=\"wp-block-buttons is-layout-flex wp-block-buttons-is-layout-flex\">\n<div class=\"wp-block-button has-icon has-icon-theme_arrow\"><a class=\"wp-block-button__link wp-element-button\" href=\"#cookies\">Redigera dina Cookie-inst\u00e4llningar<svg xmlns=\"http:\/\/www.w3.org\/2000\/svg\" viewBox=\"0 0 24 24\" height=\"24\" width=\"24\" class=\"t2-icon t2-icon-theme_arrow\" aria-hidden=\"true\" focusable=\"false\"><path d=\"M16.627 12.75H5.25C5.03717 12.75 4.859 12.6782 4.7155 12.5345C4.57183 12.391 4.5 12.2128 4.5 12C4.5 11.7872 4.57183 11.609 4.7155 11.4655C4.859 11.3218 5.03717 11.25 5.25 11.25H16.627L11.4577 6.08076C11.3091 5.93209 11.2357 5.75809 11.2375 5.55876C11.2395 5.35942 11.318 5.18217 11.473 5.02701C11.6282 4.88217 11.8038 4.80717 12 4.80201C12.1962 4.79684 12.3718 4.87184 12.527 5.02701L18.8673 11.3673C18.9609 11.4609 19.0269 11.5597 19.0652 11.6635C19.1037 11.7673 19.123 11.8795 19.123 12C19.123 12.1205 19.1037 12.2327 19.0652 12.3365C19.0269 12.4403 18.9609 12.5391 18.8673 12.6328L12.527 18.973C12.3885 19.1115 12.217 19.1823 12.0125 19.1855C11.808 19.1887 11.6282 19.1178 11.473 18.973C11.318 18.8178 11.2405 18.6397 11.2405 18.4385C11.2405 18.2372 11.318 18.0589 11.473 17.9038L16.627 12.75Z\" fill=\"var(--t2-icon-fill, #000)\"\/><\/svg><\/a><\/div>\n<\/div>\n\n\n\n<p>Cookies \u00e4r sm\u00e5 textfiler som placeras p\u00e5 din dator av webbplatser du bes\u00f6ker. De anv\u00e4nds i stor utstr\u00e4ckning f\u00f6r att f\u00e5 webbplatser att fungera, eller fungera mer effektivt, samt f\u00f6r att tillhandah\u00e5lla information till \u00e4garna av webbplatsen. Element Logic anv\u00e4nder ocks\u00e5 cookies, och det \u00e4r f\u00f6r tre huvudsakliga \u00e4ndam\u00e5l:<\/p>\n\n\n\n<ul class=\"wp-block-list\">\n<li>Prestandacookies samlar information om hur bes\u00f6kare anv\u00e4nder v\u00e5r webbplats, s\u00e5 att Element Logic vet hur webbplatsen presterar. Element Logic anv\u00e4nder dessa cookies f\u00f6r att f\u00f6rb\u00e4ttra hur webbplatsen fungerar. All information som dessa cookies samlar in \u00e4r anonym.<\/li>\n<\/ul>\n\n\n\n<ul class=\"wp-block-list\">\n<li>Reklamcookies tillhandah\u00e5ller information om v\u00e5ra bes\u00f6kares digitala beteenden. Reklamcookies som tillhandah\u00e5lls av Google AdWords har som syfte att \u00e5terengagera bes\u00f6kare som sannolikt kommer att bli kunder baserat p\u00e5 bes\u00f6karens onlinebeteende p\u00e5 olika webbplatser. Reklamcookies som tillhandah\u00e5lls av Microsoft Dynamics 365 har som syfte att distribuera intressebaserat inneh\u00e5ll till nuvarande och potentiella kunder.<\/li>\n<\/ul>\n\n\n\n<ul class=\"wp-block-list\">\n<li>Funktionscookies finns p\u00e5 v\u00e5r webbplats f\u00f6r att komma ih\u00e5g dina val och d\u00e4rmed kunna f\u00f6rb\u00e4ttra din upplevelse n\u00e4r du surfar p\u00e5 webbplatsen. Denna information anv\u00e4nds inte f\u00f6r n\u00e5got annat \u00e4ndam\u00e5l.<\/li>\n<\/ul>\n\n\n\n<p>Om du samtycker, installerar vi endast cookies som tj\u00e4nar dessa \u00e4ndam\u00e5l. Se tabellen nedan f\u00f6r en detaljerad beskrivning av de cookies vi anv\u00e4nder. Du kan \u00e4ndra eller \u00e5terkalla ditt samtycke n\u00e4r som helst\u00a0<a href=\"https:\/\/www.elementlogic.se\/cookie-policy\/#cookies\">p\u00e5 denna sida<\/a>. H\u00e4r kan du justera de tillg\u00e4ngliga reglagen till \u201cp\u00e5\u201d eller \u201cav\u201d, och sedan klicka p\u00e5 \u201cspara och st\u00e4ng\u201d.<\/p>\n\n\n\n<p>N\u00e5gra av de cookies som beskrivs nedan samlar in personuppgifter. F\u00f6r dina r\u00e4ttigheter som registrerad, v\u00e4nligen se v\u00e5r\u00a0<a href=\"https:\/\/www.elementlogic.se\/privacy-policy\/\">integritetspolicy<\/a>.<\/p>\n\n\n\n<p>De flesta webbl\u00e4sare till\u00e5ter ocks\u00e5 viss kontroll \u00f6ver de flesta cookies via webbl\u00e4sarinst\u00e4llningarna. F\u00f6r att f\u00e5 veta mer om cookies, inklusive hur du ser vilka cookies som har satts, bes\u00f6k\u00a0<a href=\"http:\/\/www.aboutcookies.org\/\">www.aboutcookies.org<\/a>\u00a0eller\u00a0<a href=\"http:\/\/www.allaboutcookies.org\/\">www.allaboutcookies.org<\/a>. F\u00f6r att v\u00e4lja bort cookies kan du ocks\u00e5 bes\u00f6ka\u00a0<a href=\"http:\/\/www.aboutads.info\/choices\">www.aboutads.info\/choices<\/a>\u00a0och\u00a0<a href=\"http:\/\/www.youronlinechoices.eu\/\">www.youronlinechoices.eu<\/a>.<\/p>\n\n\n\n<p><strong>GOOGLE MAPS<br><\/strong>P\u00e5 denna webbplats (<a href=\"https:\/\/www.elementlogic.se\/\">https:\/\/www.elementlogic.se\/<\/a>) anv\u00e4nder vi Google Maps. Tj\u00e4nsten anv\u00e4nder cookies f\u00f6r att samla in, lagra och anv\u00e4nda teknisk information om din interaktion med v\u00e5r webbplats (sessionsdata). Detta \u00e4r en interaktiv karta som g\u00f6r att du kan visa v\u00e5r plats. Vi behandlar dina personuppgifter f\u00f6r att tillhandah\u00e5lla en interaktiv karta f\u00f6r att visa dig v\u00e5r plats.<\/p>\n\n\n\n<p>Om du samtycker till anv\u00e4ndningen av Google Maps kommer kartan att visas p\u00e5 v\u00e5r webbplats. Din IP-adress och information om att du har bes\u00f6kt v\u00e5r webbplats kommer att skickas till Google. Google kommer att lagra denna information p\u00e5 sina egna servrar.<\/p>\n\n\n\n<p><strong>YOUTUBE<br><\/strong>P\u00e5 denna webbplats (<a href=\"https:\/\/www.elementlogic.se\/\">https:\/\/www.elementlogic.se\/<\/a>) anv\u00e4nder vi YouTube. Denna tj\u00e4nst anv\u00e4nder cookies f\u00f6r att samla in, lagra och anv\u00e4nda teknisk information om din interaktion med v\u00e5r webbplats (sessionsdata).<\/p>\n\n\n\n<p>Vi anv\u00e4nder YouTube i dess f\u00f6rb\u00e4ttrade sekretessl\u00e4ge f\u00f6r att visa dig filmer. Vi behandlar dina personuppgifter f\u00f6r att tillhandah\u00e5lla dig videor fr\u00e5n v\u00e5r YouTube-kanal.<\/p>\n\n\n\n<p>Det f\u00f6rb\u00e4ttrade sekretessl\u00e4get inneb\u00e4r att YouTube kommer att f\u00e5 din IP-adress, datum och tid d\u00e5 videon visades, samt information om att du har bes\u00f6kt v\u00e5r webbplats. Dessa data kommer endast att \u00f6verf\u00f6ras till YouTube-servern om du startar en video.<\/p>\n\n\n\n<p><strong>MICROSOFT CLARITY<br><\/strong>P\u00e5 denna webbplats (<a href=\"https:\/\/www.elementlogic.se\/\">https:\/\/www.elementlogic.se\/<\/a>) anv\u00e4nder vi tj\u00e4nsten Clarity som tillhandah\u00e5lls av Microsoft. Clarity \u00e4r ett analysverktyg f\u00f6r beteende som hj\u00e4lper oss att f\u00f6rst\u00e5 hur anv\u00e4ndare interagerar med v\u00e5r webbplats. Tj\u00e4nsten bearbetar sessionsdata och information om hur sidan renderas samt anv\u00e4ndarinteraktioner som musr\u00f6relser, klick och rullningar.<\/p>\n\n\n\n<p>Observera att n\u00e4r du ger ditt samtycke samlar Microsoft in eller mottar personuppgifter fr\u00e5n dig f\u00f6r att tillhandah\u00e5lla Microsoft Advertising. Du kan hitta mer information i Microsofts integritetsf\u00f6rklaringar:<a href=\"https:\/\/privacy.microsoft.com\/en-us\/privacystatement\">https:\/\/privacy.microsoft.com\/en-us\/privacystatement<\/a>.<\/p>\n\n\n\n<p><strong>GOOGLE ADWORDS<br><\/strong>P\u00e5 denna webbplats (<a href=\"https:\/\/www.elementlogic.se\/\">https:\/\/www.elementlogic.se\/<\/a>) anv\u00e4nder vi tj\u00e4nsten Google AdWords. Vi anv\u00e4nder tj\u00e4nsten f\u00f6r att utf\u00f6ra riktad reklam mot Googles tj\u00e4nster och tredjeparts webbplatser.<\/p>\n\n\n\n<p>Du hittar mer information om hur Google anv\u00e4nder informationen h\u00e4r:&nbsp;<a href=\"https:\/\/policies.google.com\/technologies\/partner-sites\">https:\/\/policies.google.com\/technologies\/partner-sites<\/a><\/p>\n\n\n\n<p><strong>FACEBOOK-PIXEL<br><\/strong>P\u00e5 denna webbplats (<a href=\"https:\/\/www.elementlogic.se\/\">https:\/\/www.elementlogic.se\/<\/a>) har vi integrerat tj\u00e4nsten Facebook-pixel. En Facebook-pixel \u00e4r ett plugin som finns p\u00e5 v\u00e5r webbplats och samlar in information f\u00f6r Meta. Pixeln samlar information fr\u00e5n cookies i din webbl\u00e4sare och skickar tillbaka den till Facebook d\u00e4r informationen kombineras med data fr\u00e5n din Facebook-profil. Den insamlade informationen kan relatera till ditt anv\u00e4ndarbeteende (demografiska data s\u00e5som \u00e5lder, k\u00f6n, intressen) eller handlingar du utf\u00f6r som att klicka p\u00e5 l\u00e4nkar. Informationen \u00e4r endast tillg\u00e4nglig p\u00e5 en anonymiserad och aggregerad niv\u00e5. Informationen anv\u00e4nds f\u00f6r analytiska \u00e4ndam\u00e5l, riktad reklam baserat p\u00e5 ditt anv\u00e4ndarbeteende (remarketing) och f\u00f6r att identifiera m\u00e5lgrupper f\u00f6r reklam som har en profil liknande din och d\u00e4rf\u00f6r har en potentiell m\u00f6jlighet att ha ett liknande beteendem\u00f6nster eller behov.<\/p>\n\n\n\n<p><strong>LINKEDIN INSIGHTS<br><\/strong>P\u00e5 denna webbplats (<a href=\"https:\/\/www.elementlogic.se\/\">https:\/\/www.elementlogic.se\/<\/a>) har vi integrerat tj\u00e4nsten LinkedIn Insight. LinkedIn Insight Tag till\u00e5ter Element Logic att samla data om LinkedIn-medlemmars bes\u00f6k p\u00e5 v\u00e5r webbplats, inklusive URL, h\u00e4nvisare, IP-adress, enhets- och webbl\u00e4saregenskaper (user agent) samt tidsst\u00e4mpel. Informationen anv\u00e4nds f\u00f6r att skicka riktad reklam baserat p\u00e5 de insamlade uppgifterna. IP-adresserna f\u00f6rkortas eller hashas (n\u00e4r de anv\u00e4nds f\u00f6r att n\u00e5 medlemmar \u00f6ver flera enheter) och medlemmarnas direkta identifierare tas bort inom sju dagar f\u00f6r att g\u00f6ra data pseudonymiserade. Dessa \u00e5terst\u00e5ende, pseudonymiserade data raderas sedan inom 180 dagar.<\/p>\n","protected":false},"excerpt":{"rendered":"<p>Cookies \u00e4r sm\u00e5 textfiler som placeras p\u00e5 din dator av webbplatser du bes\u00f6ker. De anv\u00e4nds i stor utstr\u00e4ckning f\u00f6r att [&hellip;]<\/p>\n","protected":false},"author":3,"featured_media":0,"parent":0,"menu_order":0,"comment_status":"closed","ping_status":"closed","template":"","meta":{"hreflang_relation":2673,"_el_cross_publish_source_blog_url":"","_el_cross_publish_source_blog_id":0,"_el_cross_publish_source_post_id":0,"_el_cross_publish_sync_state":"","exclude_from_search":false,"footnotes":""},"class_list":["post-43","page","type-page","status-publish","hentry"],"yoast_head":"<!-- This site is optimized with the Yoast SEO Premium plugin v23.9 (Yoast SEO v23.9) - https:\/\/yoast.com\/wordpress\/plugins\/seo\/ -->\n<title>Cookie Policy - Element Logic Sweden<\/title>\n<meta name=\"description\" content=\"Denna Cookie policy beskriver hur Element Logic anv\u00e4nder cookies p\u00e5 sin webbplats g\u00e4llande exempelvis prestandacookies och reklamcookies.\" \/>\n<meta name=\"robots\" content=\"index, follow, max-snippet:-1, max-image-preview:large, max-video-preview:-1\" \/>\n<link rel=\"canonical\" href=\"https:\/\/www.elementlogic.net\/se\/cookie-policy\/\" \/>\n<meta property=\"og:locale\" content=\"sv_SE\" \/>\n<meta property=\"og:type\" content=\"article\" \/>\n<meta property=\"og:title\" content=\"Cookie Policy\" \/>\n<meta property=\"og:description\" content=\"Denna Cookie policy beskriver hur Element Logic anv\u00e4nder cookies p\u00e5 sin webbplats g\u00e4llande exempelvis prestandacookies och reklamcookies.\" \/>\n<meta property=\"og:url\" content=\"https:\/\/www.elementlogic.net\/se\/cookie-policy\/\" \/>\n<meta property=\"og:site_name\" content=\"Element Logic Sweden\" \/>\n<meta property=\"article:modified_time\" content=\"2024-12-05T14:29:16+00:00\" \/>\n<meta name=\"twitter:card\" content=\"summary_large_image\" \/>\n<meta name=\"twitter:label1\" content=\"Ber\u00e4knad l\u00e4stid\" \/>\n\t<meta name=\"twitter:data1\" content=\"5 minuter\" \/>\n<script type=\"application\/ld+json\" class=\"yoast-schema-graph\">{\"@context\":\"https:\/\/schema.org\",\"@graph\":[{\"@type\":\"WebPage\",\"@id\":\"https:\/\/www.elementlogic.net\/se\/cookie-policy\/\",\"url\":\"https:\/\/www.elementlogic.net\/se\/cookie-policy\/\",\"name\":\"Cookie Policy - Element Logic Sweden\",\"isPartOf\":{\"@id\":\"https:\/\/www.elementlogic.net\/se\/#website\"},\"datePublished\":\"2024-09-14T10:41:27+00:00\",\"dateModified\":\"2024-12-05T14:29:16+00:00\",\"description\":\"Denna Cookie policy beskriver hur Element Logic anv\u00e4nder cookies p\u00e5 sin webbplats g\u00e4llande exempelvis prestandacookies och reklamcookies.\",\"inLanguage\":\"sv-SE\",\"potentialAction\":[{\"@type\":\"ReadAction\",\"target\":[\"https:\/\/www.elementlogic.net\/se\/cookie-policy\/\"]}]},{\"@type\":\"WebSite\",\"@id\":\"https:\/\/www.elementlogic.net\/se\/#website\",\"url\":\"https:\/\/www.elementlogic.net\/se\/\",\"name\":\"Element Logic Sweden\",\"description\":\"\",\"potentialAction\":[{\"@type\":\"SearchAction\",\"target\":{\"@type\":\"EntryPoint\",\"urlTemplate\":\"https:\/\/www.elementlogic.net\/se\/?s={search_term_string}\"},\"query-input\":{\"@type\":\"PropertyValueSpecification\",\"valueRequired\":true,\"valueName\":\"search_term_string\"}}],\"inLanguage\":\"sv-SE\"}]}<\/script>\n<!-- \/ Yoast SEO Premium plugin. -->","yoast_head_json":{"title":"Cookie Policy - Element Logic Sweden","description":"Denna Cookie policy beskriver hur Element Logic anv\u00e4nder cookies p\u00e5 sin webbplats g\u00e4llande exempelvis prestandacookies och reklamcookies.","robots":{"index":"index","follow":"follow","max-snippet":"max-snippet:-1","max-image-preview":"max-image-preview:large","max-video-preview":"max-video-preview:-1"},"canonical":"https:\/\/www.elementlogic.net\/se\/cookie-policy\/","og_locale":"sv_SE","og_type":"article","og_title":"Cookie Policy","og_description":"Denna Cookie policy beskriver hur Element Logic anv\u00e4nder cookies p\u00e5 sin webbplats g\u00e4llande exempelvis prestandacookies och reklamcookies.","og_url":"https:\/\/www.elementlogic.net\/se\/cookie-policy\/","og_site_name":"Element Logic Sweden","article_modified_time":"2024-12-05T14:29:16+00:00","twitter_card":"summary_large_image","twitter_misc":{"Ber\u00e4knad l\u00e4stid":"5 minuter"},"schema":{"@context":"https:\/\/schema.org","@graph":[{"@type":"WebPage","@id":"https:\/\/www.elementlogic.net\/se\/cookie-policy\/","url":"https:\/\/www.elementlogic.net\/se\/cookie-policy\/","name":"Cookie Policy - Element Logic Sweden","isPartOf":{"@id":"https:\/\/www.elementlogic.net\/se\/#website"},"datePublished":"2024-09-14T10:41:27+00:00","dateModified":"2024-12-05T14:29:16+00:00","description":"Denna Cookie policy beskriver hur Element Logic anv\u00e4nder cookies p\u00e5 sin webbplats g\u00e4llande exempelvis prestandacookies och reklamcookies.","inLanguage":"sv-SE","potentialAction":[{"@type":"ReadAction","target":["https:\/\/www.elementlogic.net\/se\/cookie-policy\/"]}]},{"@type":"WebSite","@id":"https:\/\/www.elementlogic.net\/se\/#website","url":"https:\/\/www.elementlogic.net\/se\/","name":"Element Logic Sweden","description":"","potentialAction":[{"@type":"SearchAction","target":{"@type":"EntryPoint","urlTemplate":"https:\/\/www.elementlogic.net\/se\/?s={search_term_string}"},"query-input":{"@type":"PropertyValueSpecification","valueRequired":true,"valueName":"search_term_string"}}],"inLanguage":"sv-SE"}]}},"_links":{"self":[{"href":"https:\/\/www.elementlogic.net\/se\/wp-json\/wp\/v2\/pages\/43"}],"collection":[{"href":"https:\/\/www.elementlogic.net\/se\/wp-json\/wp\/v2\/pages"}],"about":[{"href":"https:\/\/www.elementlogic.net\/se\/wp-json\/wp\/v2\/types\/page"}],"author":[{"embeddable":true,"href":"https:\/\/www.elementlogic.net\/se\/wp-json\/wp\/v2\/users\/3"}],"replies":[{"embeddable":true,"href":"https:\/\/www.elementlogic.net\/se\/wp-json\/wp\/v2\/comments?post=43"}],"version-history":[{"count":5,"href":"https:\/\/www.elementlogic.net\/se\/wp-json\/wp\/v2\/pages\/43\/revisions"}],"predecessor-version":[{"id":2362,"href":"https:\/\/www.elementlogic.net\/se\/wp-json\/wp\/v2\/pages\/43\/revisions\/2362"}],"wp:attachment":[{"href":"https:\/\/www.elementlogic.net\/se\/wp-json\/wp\/v2\/media?parent=43"}],"curies":[{"name":"wp","href":"https:\/\/api.w.org\/{rel}","templated":true}]}}