{"id":431,"date":"2024-08-22T19:51:24","date_gmt":"2024-08-22T17:51:24","guid":{"rendered":"https:\/\/www.elementlogic.net\/?page_id=278"},"modified":"2026-03-26T19:12:41","modified_gmt":"2026-03-26T19:12:41","slug":"systemleverans","status":"publish","type":"page","link":"https:\/\/www.elementlogic.net\/se\/losningar-och-tjanster\/systemleverans\/","title":{"rendered":"Systemleverans"},"content":{"rendered":"\n\t\t<div style=\"--dekode-hero-dim:0.5; --t2-icon-fill:var(--wp--preset--color--white); min-height:500px;\" class=\"alignfull dekode-hero-content-position-center has-media-background wp-block-dekode-hero\">\n\t\t\t\t\t<video\n\t\t\tautoplay\n\t\t\tloop\n\t\t\tmuted\n\t\t\tplaysinline\n\t\t\tposter=\"https:\/\/www.elementlogic.net\/content\/uploads\/sites\/14\/\/2024\/09\/fallback-delivery.jpg\"\n\t\t\tsrc=\"https:\/\/www.elementlogic.net\/content\/uploads\/sites\/14\/\/2024\/09\/delivery.mp4\">\n\t\t<\/video>\n\t\t\n\t\t\t<div class=\"dekode-hero__content\">\n\t\t\t\t<div class=\"dekode-hero__container\">\n\t\t\t\t\t\n\n<h1 class=\"wp-block-heading has-text-align-center\" id=\"detaljfokuserad-och-forutsagbar\">Detaljfokuserad och f\u00f6ruts\u00e4gbar<\/h1>\n\n\n\n<p class=\"has-text-align-center\">Vi har levererat toppmoderna lagerl\u00f6sningar i \u00f6ver 35 \u00e5r. V\u00e5r erfarenhet av automatisering har gett oss kunskapen och kompetensen att bygga l\u00f6nsamma och skalbara l\u00f6sningar \u00e5rtionden fram\u00f6ver.<\/p>\n\n\n\n<div class=\"wp-block-buttons is-content-justification-left is-layout-flex wp-container-core-buttons-is-layout-1 wp-block-buttons-is-layout-flex\">\n<div class=\"wp-block-button has-icon has-icon-theme_arrow\"><a class=\"wp-block-button__link wp-element-button\" href=\"https:\/\/www.elementlogic.net\/se\/kontakta-oss\/\">Kontakta oss idag f\u00f6r att veta mer<svg xmlns=\"http:\/\/www.w3.org\/2000\/svg\" viewBox=\"0 0 24 24\" height=\"24\" width=\"24\" class=\"t2-icon t2-icon-theme_arrow\" aria-hidden=\"true\" focusable=\"false\"><path d=\"M16.627 12.75H5.25C5.03717 12.75 4.859 12.6782 4.7155 12.5345C4.57183 12.391 4.5 12.2128 4.5 12C4.5 11.7872 4.57183 11.609 4.7155 11.4655C4.859 11.3218 5.03717 11.25 5.25 11.25H16.627L11.4577 6.08076C11.3091 5.93209 11.2357 5.75809 11.2375 5.55876C11.2395 5.35942 11.318 5.18217 11.473 5.02701C11.6282 4.88217 11.8038 4.80717 12 4.80201C12.1962 4.79684 12.3718 4.87184 12.527 5.02701L18.8673 11.3673C18.9609 11.4609 19.0269 11.5597 19.0652 11.6635C19.1037 11.7673 19.123 11.8795 19.123 12C19.123 12.1205 19.1037 12.2327 19.0652 12.3365C19.0269 12.4403 18.9609 12.5391 18.8673 12.6328L12.527 18.973C12.3885 19.1115 12.217 19.1823 12.0125 19.1855C11.808 19.1887 11.6282 19.1178 11.473 18.973C11.318 18.8178 11.2405 18.6397 11.2405 18.4385C11.2405 18.2372 11.318 18.0589 11.473 17.9038L16.627 12.75Z\" fill=\"var(--t2-icon-fill, #000)\"\/><\/svg><\/a><\/div>\n<\/div>\n\n\n\t\t\t\t<\/div>\n\t\t\t<\/div>\n\t\t<\/div>\n\t\t\n\n\n<p>Nyckeln till framg\u00e5ng ligger i detaljerna n\u00e4r det g\u00e4ller att montera en l\u00f6nsam AutoStore-l\u00f6sning. En viktig del av att uppn\u00e5 ett framg\u00e5ngsrikt resultat \u00e4r att m\u00e4ta rutn\u00e4tet korrekt och installera de f\u00f6rsta aluminiumkolumnerna.<\/p>\n\n\n\n<p>P\u00e5 grund av detta viktiga steg anv\u00e4nder vi alltid monteringsteam med l\u00e5ng erfarenhet av att bygga AutoStore-n\u00e4t. Efter detta steg kan resten av rutn\u00e4tet enkelt s\u00e4ttas ihop som ett avancerat LEGO-kit.<\/p>\n\n\n\n<p>Genom varje konstruktionssteg har din dedikerade projektledare fullst\u00e4ndig kontroll \u00f6ver alla leveranser och ser till att allt kommer fram i tid. Projektledaren \u00e4r din kontaktpunkt och kommer att h\u00e5lla dig kontinuerligt uppdaterad om processen.<\/p>\n\n\n\n\t\t<blockquote class=\"wp-block-dekode-quote\">\n\t\t\t<div class=\"wp-block-dekode-quote__icon\">\n\t\t\t\t<img loading=\"lazy\" decoding=\"async\" width=\"300\" height=\"300\" src=\"https:\/\/www.elementlogic.net\/content\/uploads\/sites\/14\/\/2024\/09\/element-logic-nils-300x300.jpg\" class=\"quote-image\" alt=\"\" srcset=\"https:\/\/www.elementlogic.net\/content\/uploads\/sites\/14\/2024\/09\/element-logic-nils-300x300.jpg 300w, https:\/\/www.elementlogic.net\/content\/uploads\/sites\/14\/2024\/09\/element-logic-nils-150x150.jpg 150w, https:\/\/www.elementlogic.net\/content\/uploads\/sites\/14\/2024\/09\/element-logic-nils.jpg 500w\" sizes=\"(max-width: 300px) 100vw, 300px\" \/><svg xmlns=\"http:\/\/www.w3.org\/2000\/svg\" viewBox=\"0 0 24 24\" height=\"96\" width=\"96\" class=\"t2-icon t2-icon-theme_quote\" aria-hidden=\"true\" focusable=\"false\"><path d=\"M6.7808 16.5288L8.49055 13.5673C8.43289 13.5993 8.36555 13.6217 8.28855 13.6345C8.21155 13.6473 8.13464 13.6538 8.0578 13.6538C7.04114 13.6538 6.17797 13.2958 5.4683 12.5798C4.7588 11.8638 4.40405 11.0038 4.40405 10C4.40405 8.98334 4.7588 8.12017 5.4683 7.4105C6.17797 6.701 7.04114 6.34625 8.0578 6.34625C9.06164 6.34625 9.92155 6.701 10.6376 7.4105C11.3536 8.12017 11.7116 8.98334 11.7116 10C11.7116 10.3513 11.669 10.6783 11.5838 10.9808C11.4985 11.2833 11.3737 11.5718 11.2096 11.8463L8.07305 17.2788C8.00905 17.3904 7.92122 17.4808 7.80955 17.55C7.69805 17.6192 7.57305 17.6538 7.43455 17.6538C7.14739 17.6538 6.93205 17.5288 6.78855 17.2788C6.64489 17.0288 6.6423 16.7788 6.7808 16.5288ZM15.6656 16.5288L17.3751 13.5673C17.3174 13.5993 17.2501 13.6217 17.1731 13.6345C17.0962 13.6473 17.0193 13.6538 16.9423 13.6538C15.9256 13.6538 15.0626 13.2958 14.3531 12.5798C13.6434 11.8638 13.2886 11.0038 13.2886 10C13.2886 8.977 13.6434 8.11225 14.3531 7.40575C15.0626 6.69942 15.9256 6.34625 16.9423 6.34625C17.9461 6.34625 18.8061 6.701 19.5221 7.4105C20.2381 8.12017 20.5961 8.98334 20.5961 10C20.5961 10.3513 20.5535 10.6783 20.4683 10.9808C20.383 11.2833 20.2583 11.5718 20.0943 11.8463L16.9578 17.2788C16.8936 17.3904 16.8058 17.4808 16.6943 17.55C16.5828 17.6192 16.4578 17.6538 16.3193 17.6538C16.0321 17.6538 15.8167 17.5288 15.6731 17.2788C15.5296 17.0288 15.5271 16.7788 15.6656 16.5288Z\" fill=\"var(--t2-icon-fill, #000)\"\/><\/svg>\n\t\t\t<\/div>\n\t\t\t<div class=\"wp-block-dekode-quote__text\">\n\t\t\t\t<p>\u00c4ven efter m\u00e5nga \u00e5r i drift har Element Logic inte haft n\u00e5gra betydande f\u00f6rseningar med att leverera ett projekt. V\u00e5ra kunder v\u00e4rdes\u00e4tter detta ansvarstagande i en tid av f\u00f6r\u00e4ndring.<\/p>\n<cite>Nils Grille, projektledare Element Logic Norge<\/cite>\n\t\t\t<\/div>\n\t\t<\/blockquote>\n\n\n<h2 class=\"wp-block-heading\" id=\"din-lagerautomation\">Din lagerautomation<\/h2>\n\n\n\n<p>F\u00f6r att optimera materialfl\u00f6deshanteringen designar och levererar vi ocks\u00e5 integrerade transport\u00f6rsl\u00f6sningar som \u00f6kar automatiseringsniv\u00e5n i ditt lager. Transportsystemet tar order fr\u00e5n AutoStore till lastdockorna och hanterar \u00e4ven avfall och \u00e5tervinning.<br>Andra delar av lagerautomatiseringsl\u00f6sningen kan till exempel inneh\u00e5lla f\u00f6rpackningsmaskiner f\u00f6r kartonger eller p\u00e5sar, sorteringssystem f\u00f6r utg\u00e5ende best\u00e4llningar och intern distribution inom lagret.<\/p>\n\n\n\n<p>N\u00e4r lagerl\u00f6sningen levereras utf\u00f6r v\u00e5rt drifts\u00e4ttningsteam omfattande tester och simuleringar av m\u00f6jliga scenarier. P\u00e5 s\u00e5 s\u00e4tt kan du vara s\u00e4ker p\u00e5 att l\u00f6sningen matchar de uppskattade siffrorna ang\u00e5ende kapacitet och effektivitet fr\u00e5n designprocessen.<\/p>\n\n\n\n<h3 class=\"wp-block-heading\" id=\"learn-more-about-our-solutions-and-services\">Learn more about our Solutions and Services:<\/h3>\n\n\n\n\t\t<div style=\"--link-cards-grid-columns: 3\" class=\"dekode-link-cards has-3-columns wp-block-dekode-link-cards\">\n\t\t\t<div class=\"dekode-link-cards__items\">\n\t\t\t\t\n<a class=\"wp-block-dekode-link-card\" href=\"https:\/\/www.elementlogic.net\/se\/losningar-och-tjanster\/autostore\/\"><img loading=\"lazy\" decoding=\"async\" width=\"768\" height=\"513\" src=\"https:\/\/www.elementlogic.net\/content\/uploads\/sites\/14\/\/2024\/09\/image-121-768x513.png\" class=\"\" alt=\"\" \/>\t<div class=\"dekode-link-card__content\">\n\t\t\t\t<p class=\"dekode-link-card__title\">\n\t\t\tAutoStore\t\t<\/p>\n\t\t\t<\/div>\n\t<\/a>\n\n<a class=\"wp-block-dekode-link-card\" href=\"https:\/\/www.elementlogic.net\/se\/losningar-och-tjanster\/mjukvara\/\"><img loading=\"lazy\" decoding=\"async\" width=\"768\" height=\"512\" src=\"https:\/\/www.elementlogic.net\/content\/uploads\/sites\/14\/\/2024\/09\/image-128-768x512.png\" class=\"\" alt=\"Kvinna framf\u00f6r dator\" \/>\t<div class=\"dekode-link-card__content\">\n\t\t\t\t<p class=\"dekode-link-card__title\">\n\t\t\tMjukvara\t\t<\/p>\n\t\t\t<\/div>\n\t<\/a>\n\n<a class=\"wp-block-dekode-link-card\" href=\"https:\/\/www.elementlogic.net\/se\/losningar-och-tjanster\/design-och-konsultation\/\"><img loading=\"lazy\" decoding=\"async\" width=\"768\" height=\"512\" src=\"https:\/\/www.elementlogic.net\/content\/uploads\/sites\/14\/\/2024\/09\/Element-Logic_AutoStore-design-copy-768x512.jpg\" class=\"\" alt=\"\" \/>\t<div class=\"dekode-link-card__content\">\n\t\t\t\t<p class=\"dekode-link-card__title\">\n\t\t\tDesign och konsultation\t\t<\/p>\n\t\t\t<\/div>\n\t<\/a>\n\n\t\t\t<\/div>\n\t\t<\/div>","protected":false},"excerpt":{"rendered":"<p>Nyckeln till framg\u00e5ng ligger i detaljerna n\u00e4r det g\u00e4ller att montera en l\u00f6nsam AutoStore-l\u00f6sning. En viktig del av att uppn\u00e5 [&hellip;]<\/p>\n","protected":false},"author":5,"featured_media":0,"parent":3060,"menu_order":0,"comment_status":"closed","ping_status":"closed","template":"","meta":{"hreflang_relation":278,"_el_cross_publish_source_blog_url":"","_el_cross_publish_source_blog_id":0,"_el_cross_publish_source_post_id":0,"_el_cross_publish_sync_state":"","exclude_from_search":false,"footnotes":""},"class_list":["post-431","page","type-page","status-publish","hentry"],"yoast_head":"<!-- This site is optimized with the Yoast SEO Premium plugin v23.9 (Yoast SEO v23.9) - https:\/\/yoast.com\/wordpress\/plugins\/seo\/ -->\n<title>Systemleverans - Element Logic Sweden<\/title>\n<meta name=\"description\" content=\"Nyckeln till framg\u00e5ng ligger i detaljerna n\u00e4r det g\u00e4ller att montera en l\u00f6nsam AutoStore-l\u00f6sning fr\u00e5n Element Logic.\" \/>\n<meta name=\"robots\" content=\"index, follow, max-snippet:-1, max-image-preview:large, max-video-preview:-1\" \/>\n<link rel=\"canonical\" href=\"https:\/\/www.elementlogic.net\/se\/losningar-och-tjanster\/systemleverans\/\" \/>\n<meta property=\"og:locale\" content=\"sv_SE\" \/>\n<meta property=\"og:type\" content=\"article\" \/>\n<meta property=\"og:title\" content=\"Systemleverans\" \/>\n<meta property=\"og:description\" content=\"Nyckeln till framg\u00e5ng ligger i detaljerna n\u00e4r det g\u00e4ller att montera en l\u00f6nsam AutoStore-l\u00f6sning fr\u00e5n Element Logic.\" \/>\n<meta property=\"og:url\" content=\"https:\/\/www.elementlogic.net\/se\/losningar-och-tjanster\/systemleverans\/\" \/>\n<meta property=\"og:site_name\" content=\"Element Logic Sweden\" \/>\n<meta property=\"article:modified_time\" content=\"2026-03-26T19:12:41+00:00\" \/>\n<meta name=\"twitter:card\" content=\"summary_large_image\" \/>\n<meta name=\"twitter:label1\" content=\"Ber\u00e4knad l\u00e4stid\" \/>\n\t<meta name=\"twitter:data1\" content=\"2 minuter\" \/>\n<script type=\"application\/ld+json\" class=\"yoast-schema-graph\">{\"@context\":\"https:\/\/schema.org\",\"@graph\":[{\"@type\":\"WebPage\",\"@id\":\"https:\/\/www.elementlogic.net\/se\/losningar-och-tjanster\/systemleverans\/\",\"url\":\"https:\/\/www.elementlogic.net\/se\/losningar-och-tjanster\/systemleverans\/\",\"name\":\"Systemleverans - Element Logic Sweden\",\"isPartOf\":{\"@id\":\"https:\/\/www.elementlogic.net\/se\/#website\"},\"datePublished\":\"2024-08-22T17:51:24+00:00\",\"dateModified\":\"2026-03-26T19:12:41+00:00\",\"description\":\"Nyckeln till framg\u00e5ng ligger i detaljerna n\u00e4r det g\u00e4ller att montera en l\u00f6nsam AutoStore-l\u00f6sning fr\u00e5n Element Logic.\",\"breadcrumb\":{\"@id\":\"https:\/\/www.elementlogic.net\/se\/losningar-och-tjanster\/systemleverans\/#breadcrumb\"},\"inLanguage\":\"sv-SE\",\"potentialAction\":[{\"@type\":\"ReadAction\",\"target\":[\"https:\/\/www.elementlogic.net\/se\/losningar-och-tjanster\/systemleverans\/\"]}]},{\"@type\":\"BreadcrumbList\",\"@id\":\"https:\/\/www.elementlogic.net\/se\/losningar-och-tjanster\/systemleverans\/#breadcrumb\",\"itemListElement\":[{\"@type\":\"ListItem\",\"position\":1,\"name\":\"L\u00f6sningar och tj\u00e4nster\",\"item\":\"https:\/\/www.elementlogic.net\/se\/losningar-och-tjanster\/\"},{\"@type\":\"ListItem\",\"position\":2,\"name\":\"Systemleverans\"}]},{\"@type\":\"WebSite\",\"@id\":\"https:\/\/www.elementlogic.net\/se\/#website\",\"url\":\"https:\/\/www.elementlogic.net\/se\/\",\"name\":\"Element Logic Sweden\",\"description\":\"\",\"potentialAction\":[{\"@type\":\"SearchAction\",\"target\":{\"@type\":\"EntryPoint\",\"urlTemplate\":\"https:\/\/www.elementlogic.net\/se\/?s={search_term_string}\"},\"query-input\":{\"@type\":\"PropertyValueSpecification\",\"valueRequired\":true,\"valueName\":\"search_term_string\"}}],\"inLanguage\":\"sv-SE\"}]}<\/script>\n<!-- \/ Yoast SEO Premium plugin. -->","yoast_head_json":{"title":"Systemleverans - Element Logic Sweden","description":"Nyckeln till framg\u00e5ng ligger i detaljerna n\u00e4r det g\u00e4ller att montera en l\u00f6nsam AutoStore-l\u00f6sning fr\u00e5n Element Logic.","robots":{"index":"index","follow":"follow","max-snippet":"max-snippet:-1","max-image-preview":"max-image-preview:large","max-video-preview":"max-video-preview:-1"},"canonical":"https:\/\/www.elementlogic.net\/se\/losningar-och-tjanster\/systemleverans\/","og_locale":"sv_SE","og_type":"article","og_title":"Systemleverans","og_description":"Nyckeln till framg\u00e5ng ligger i detaljerna n\u00e4r det g\u00e4ller att montera en l\u00f6nsam AutoStore-l\u00f6sning fr\u00e5n Element Logic.","og_url":"https:\/\/www.elementlogic.net\/se\/losningar-och-tjanster\/systemleverans\/","og_site_name":"Element Logic Sweden","article_modified_time":"2026-03-26T19:12:41+00:00","twitter_card":"summary_large_image","twitter_misc":{"Ber\u00e4knad l\u00e4stid":"2 minuter"},"schema":{"@context":"https:\/\/schema.org","@graph":[{"@type":"WebPage","@id":"https:\/\/www.elementlogic.net\/se\/losningar-och-tjanster\/systemleverans\/","url":"https:\/\/www.elementlogic.net\/se\/losningar-och-tjanster\/systemleverans\/","name":"Systemleverans - Element Logic Sweden","isPartOf":{"@id":"https:\/\/www.elementlogic.net\/se\/#website"},"datePublished":"2024-08-22T17:51:24+00:00","dateModified":"2026-03-26T19:12:41+00:00","description":"Nyckeln till framg\u00e5ng ligger i detaljerna n\u00e4r det g\u00e4ller att montera en l\u00f6nsam AutoStore-l\u00f6sning fr\u00e5n Element Logic.","breadcrumb":{"@id":"https:\/\/www.elementlogic.net\/se\/losningar-och-tjanster\/systemleverans\/#breadcrumb"},"inLanguage":"sv-SE","potentialAction":[{"@type":"ReadAction","target":["https:\/\/www.elementlogic.net\/se\/losningar-och-tjanster\/systemleverans\/"]}]},{"@type":"BreadcrumbList","@id":"https:\/\/www.elementlogic.net\/se\/losningar-och-tjanster\/systemleverans\/#breadcrumb","itemListElement":[{"@type":"ListItem","position":1,"name":"L\u00f6sningar och tj\u00e4nster","item":"https:\/\/www.elementlogic.net\/se\/losningar-och-tjanster\/"},{"@type":"ListItem","position":2,"name":"Systemleverans"}]},{"@type":"WebSite","@id":"https:\/\/www.elementlogic.net\/se\/#website","url":"https:\/\/www.elementlogic.net\/se\/","name":"Element Logic Sweden","description":"","potentialAction":[{"@type":"SearchAction","target":{"@type":"EntryPoint","urlTemplate":"https:\/\/www.elementlogic.net\/se\/?s={search_term_string}"},"query-input":{"@type":"PropertyValueSpecification","valueRequired":true,"valueName":"search_term_string"}}],"inLanguage":"sv-SE"}]}},"_links":{"self":[{"href":"https:\/\/www.elementlogic.net\/se\/wp-json\/wp\/v2\/pages\/431"}],"collection":[{"href":"https:\/\/www.elementlogic.net\/se\/wp-json\/wp\/v2\/pages"}],"about":[{"href":"https:\/\/www.elementlogic.net\/se\/wp-json\/wp\/v2\/types\/page"}],"author":[{"embeddable":true,"href":"https:\/\/www.elementlogic.net\/se\/wp-json\/wp\/v2\/users\/5"}],"replies":[{"embeddable":true,"href":"https:\/\/www.elementlogic.net\/se\/wp-json\/wp\/v2\/comments?post=431"}],"version-history":[{"count":4,"href":"https:\/\/www.elementlogic.net\/se\/wp-json\/wp\/v2\/pages\/431\/revisions"}],"predecessor-version":[{"id":2583,"href":"https:\/\/www.elementlogic.net\/se\/wp-json\/wp\/v2\/pages\/431\/revisions\/2583"}],"up":[{"embeddable":true,"href":"https:\/\/www.elementlogic.net\/se\/wp-json\/wp\/v2\/pages\/3060"}],"wp:attachment":[{"href":"https:\/\/www.elementlogic.net\/se\/wp-json\/wp\/v2\/media?parent=431"}],"curies":[{"name":"wp","href":"https:\/\/api.w.org\/{rel}","templated":true}]}}