{"id":434,"date":"2024-08-22T19:43:26","date_gmt":"2024-08-22T17:43:26","guid":{"rendered":"https:\/\/www.elementlogic.net\/?page_id=401"},"modified":"2026-03-26T11:52:43","modified_gmt":"2026-03-26T11:52:43","slug":"emanager","status":"publish","type":"page","link":"https:\/\/www.elementlogic.net\/se\/losningar-och-tjanster\/emanager\/","title":{"rendered":"eManager"},"content":{"rendered":"\n\t\t<div style=\"--dekode-hero-dim:0.5; --t2-icon-fill:var(--wp--preset--color--white); min-height:500px;\" class=\"alignfull dekode-hero-content-position-center has-media-background wp-block-dekode-hero\">\n\t\t\t\t\t<video\n\t\t\tautoplay\n\t\t\tloop\n\t\t\tmuted\n\t\t\tplaysinline\n\t\t\tposter=\"https:\/\/www.elementlogic.net\/content\/uploads\/sites\/14\/\/2024\/09\/fallback-emanager.jpg\"\n\t\t\tsrc=\"https:\/\/www.elementlogic.net\/content\/uploads\/sites\/14\/\/2024\/09\/software.mp4\">\n\t\t<\/video>\n\t\t\n\t\t\t<div class=\"dekode-hero__content\">\n\t\t\t\t<div class=\"dekode-hero__container\">\n\t\t\t\t\t\n\n<h1 class=\"wp-block-heading has-text-align-center\" id=\"hantera-ditt-automatiska-lager-med-emanager\">Hantera ditt automatiska lager med eManager<\/h1>\n\n\n\n<p class=\"has-text-align-center\">F\u00f6r att maximera din automatiska lagereffektivitet, minska driftskostnaderna och f\u00f6rb\u00e4ttra kundn\u00f6jdheten har vi utvecklat v\u00e5r egen programvara \u2013 eManager. Det \u00e4r portalen till all information du beh\u00f6ver f\u00f6r att optimera din verksamhet och f\u00f6rbereda dig f\u00f6r tillv\u00e4xt.<\/p>\n\n\n\n<div class=\"wp-block-buttons is-content-justification-center is-layout-flex wp-container-core-buttons-is-layout-1 wp-block-buttons-is-layout-flex\">\n<div class=\"wp-block-button has-icon has-icon-theme_arrow\"><a class=\"wp-block-button__link has-text-align-left wp-element-button\" href=\"https:\/\/www.elementlogic.net\/se\/kontakta-oss\/\">Kontakta oss idag f\u00f6r att l\u00e4ra dig mer<svg xmlns=\"http:\/\/www.w3.org\/2000\/svg\" viewBox=\"0 0 24 24\" height=\"24\" width=\"24\" class=\"t2-icon t2-icon-theme_arrow\" aria-hidden=\"true\" focusable=\"false\"><path d=\"M16.627 12.75H5.25C5.03717 12.75 4.859 12.6782 4.7155 12.5345C4.57183 12.391 4.5 12.2128 4.5 12C4.5 11.7872 4.57183 11.609 4.7155 11.4655C4.859 11.3218 5.03717 11.25 5.25 11.25H16.627L11.4577 6.08076C11.3091 5.93209 11.2357 5.75809 11.2375 5.55876C11.2395 5.35942 11.318 5.18217 11.473 5.02701C11.6282 4.88217 11.8038 4.80717 12 4.80201C12.1962 4.79684 12.3718 4.87184 12.527 5.02701L18.8673 11.3673C18.9609 11.4609 19.0269 11.5597 19.0652 11.6635C19.1037 11.7673 19.123 11.8795 19.123 12C19.123 12.1205 19.1037 12.2327 19.0652 12.3365C19.0269 12.4403 18.9609 12.5391 18.8673 12.6328L12.527 18.973C12.3885 19.1115 12.217 19.1823 12.0125 19.1855C11.808 19.1887 11.6282 19.1178 11.473 18.973C11.318 18.8178 11.2405 18.6397 11.2405 18.4385C11.2405 18.2372 11.318 18.0589 11.473 17.9038L16.627 12.75Z\" fill=\"var(--t2-icon-fill, #000)\"\/><\/svg><\/a><\/div>\n<\/div>\n\n\n\t\t\t\t<\/div>\n\t\t\t<\/div>\n\t\t<\/div>\n\t\t\n\n\n<p>eManager har ett anv\u00e4ndarv\u00e4nligt gr\u00e4nssnitt med inbyggd AutoStore-operat\u00f6rshj\u00e4lp. Med eManager har du st\u00e4ndig produktkontroll med lagerstyrning, anpassade processer p\u00e5 mottagna varor, returhantering, p\u00e5fyllning och plockning. Dina anst\u00e4llda f\u00e5r grundlig utbildning om optimerad anv\u00e4ndning.<\/p>\n\n\n\n<h2 class=\"wp-block-heading\" id=\"integreras-enkelt-med-ditt-nuvarande-wms\">Integreras enkelt med ditt nuvarande WMS<\/h2>\n\n\n\n<p>Programvaran kan implementeras snabbt med ditt befintliga lagerhanteringssystem (WMS). Integrationen kan g\u00f6ras med v\u00e5ra standardinst\u00e4llningar f\u00f6r snabb avkastning eller anpassas av v\u00e5rt team av experter f\u00f6r att passa dina behov och preferenser. Genom att kombinera en konfigurerbar, standardiserad plattform kan eManager utvecklas och forts\u00e4tta att m\u00f6ta kundernas och marknadens krav.<\/p>\n\n\n\n\t\t<blockquote class=\"wp-block-dekode-quote\">\n\t\t\t<div class=\"wp-block-dekode-quote__icon\">\n\t\t\t\t<img loading=\"lazy\" decoding=\"async\" width=\"247\" height=\"300\" src=\"https:\/\/www.elementlogic.net\/content\/uploads\/sites\/14\/\/2024\/09\/Theresa2-247x300.jpg\" class=\"quote-image\" alt=\"\" srcset=\"https:\/\/www.elementlogic.net\/content\/uploads\/sites\/14\/2024\/09\/Theresa2-247x300.jpg 247w, https:\/\/www.elementlogic.net\/content\/uploads\/sites\/14\/2024\/09\/Theresa2-842x1024.jpg 842w, https:\/\/www.elementlogic.net\/content\/uploads\/sites\/14\/2024\/09\/Theresa2-768x934.jpg 768w, https:\/\/www.elementlogic.net\/content\/uploads\/sites\/14\/2024\/09\/Theresa2-1263x1536.jpg 1263w, https:\/\/www.elementlogic.net\/content\/uploads\/sites\/14\/2024\/09\/Theresa2.jpg 1641w\" sizes=\"(max-width: 247px) 100vw, 247px\" \/><svg xmlns=\"http:\/\/www.w3.org\/2000\/svg\" viewBox=\"0 0 24 24\" height=\"96\" width=\"96\" class=\"t2-icon t2-icon-theme_quote\" aria-hidden=\"true\" focusable=\"false\"><path d=\"M6.7808 16.5288L8.49055 13.5673C8.43289 13.5993 8.36555 13.6217 8.28855 13.6345C8.21155 13.6473 8.13464 13.6538 8.0578 13.6538C7.04114 13.6538 6.17797 13.2958 5.4683 12.5798C4.7588 11.8638 4.40405 11.0038 4.40405 10C4.40405 8.98334 4.7588 8.12017 5.4683 7.4105C6.17797 6.701 7.04114 6.34625 8.0578 6.34625C9.06164 6.34625 9.92155 6.701 10.6376 7.4105C11.3536 8.12017 11.7116 8.98334 11.7116 10C11.7116 10.3513 11.669 10.6783 11.5838 10.9808C11.4985 11.2833 11.3737 11.5718 11.2096 11.8463L8.07305 17.2788C8.00905 17.3904 7.92122 17.4808 7.80955 17.55C7.69805 17.6192 7.57305 17.6538 7.43455 17.6538C7.14739 17.6538 6.93205 17.5288 6.78855 17.2788C6.64489 17.0288 6.6423 16.7788 6.7808 16.5288ZM15.6656 16.5288L17.3751 13.5673C17.3174 13.5993 17.2501 13.6217 17.1731 13.6345C17.0962 13.6473 17.0193 13.6538 16.9423 13.6538C15.9256 13.6538 15.0626 13.2958 14.3531 12.5798C13.6434 11.8638 13.2886 11.0038 13.2886 10C13.2886 8.977 13.6434 8.11225 14.3531 7.40575C15.0626 6.69942 15.9256 6.34625 16.9423 6.34625C17.9461 6.34625 18.8061 6.701 19.5221 7.4105C20.2381 8.12017 20.5961 8.98334 20.5961 10C20.5961 10.3513 20.5535 10.6783 20.4683 10.9808C20.383 11.2833 20.2583 11.5718 20.0943 11.8463L16.9578 17.2788C16.8936 17.3904 16.8058 17.4808 16.6943 17.55C16.5828 17.6192 16.4578 17.6538 16.3193 17.6538C16.0321 17.6538 15.8167 17.5288 15.6731 17.2788C15.5296 17.0288 15.5271 16.7788 15.6656 16.5288Z\" fill=\"var(--t2-icon-fill, #000)\"\/><\/svg>\n\t\t\t<\/div>\n\t\t\t<div class=\"wp-block-dekode-quote__text\">\n\t\t\t\t<p><strong>eManager \u00e4r hj\u00e4rnan i AutoStore, vilket g\u00f6r den effektiv och g\u00f6r det m\u00f6jligt f\u00f6r alla komponenter i ditt lager att kommunicera med varandra f\u00f6r ett optimerat arbetsfl\u00f6de<\/strong>.<\/p>\n<cite>Theresa Marin Tantillo, Solutions Architect, Element Logic, Element Logic<\/cite>\n\t\t\t<\/div>\n\t\t<\/blockquote>\n\n\n<figure class=\"wp-block-image alignfull size-large\"><img loading=\"lazy\" decoding=\"async\" width=\"1024\" height=\"433\" src=\"https:\/\/www.elementlogic.net\/content\/uploads\/sites\/14\/\/2024\/09\/AutoStore-grid-dark-scaled-1024x433.jpg\" alt=\"\" class=\"wp-image-666\" srcset=\"https:\/\/www.elementlogic.net\/content\/uploads\/sites\/14\/2024\/09\/AutoStore-grid-dark-scaled-1024x433.jpg 1024w, https:\/\/www.elementlogic.net\/content\/uploads\/sites\/14\/2024\/09\/AutoStore-grid-dark-scaled-300x127.jpg 300w, https:\/\/www.elementlogic.net\/content\/uploads\/sites\/14\/2024\/09\/AutoStore-grid-dark-scaled-768x325.jpg 768w, https:\/\/www.elementlogic.net\/content\/uploads\/sites\/14\/2024\/09\/AutoStore-grid-dark-scaled-1536x650.jpg 1536w, https:\/\/www.elementlogic.net\/content\/uploads\/sites\/14\/2024\/09\/AutoStore-grid-dark-scaled-2048x866.jpg 2048w\" sizes=\"(max-width: 1024px) 100vw, 1024px\" \/><\/figure>\n\n\n\n<h2 class=\"wp-block-heading\" id=\"utvecklad-av-den-mest-erfarna-autostore-kunskapen\">Utvecklad av den mest erfarna AutoStore-kunskapen<\/h2>\n\n\n\n<p>Element Logic \u00e4r v\u00e4rldens f\u00f6rsta AutoStore-partner och f\u00f6r att utveckla den perfekta programvaran f\u00f6r AutoStore har vi anv\u00e4nt decennier av kunskap och strategiskt engagemang. Denna expertis har resulterat i programvara som avsev\u00e4rt \u00f6kar noggrannheten, produktiviteten och behandlingen f\u00f6r v\u00e5ra kunder.<\/p>\n\n\n\n<p>En betydande styrka med eManager \u00e4r dess f\u00f6rm\u00e5ga att prioritera utst\u00e5ende uppgifter effektivt. Det st\u00e4ller automatiskt in flexibla och dynamiska orderk\u00f6system f\u00f6r hantering av v\u00e5gplockning, batchplockning, retur- och h\u00f6gfrekventa produkter med mera \u2013 allt f\u00f6r att passa dina behov.<\/p>\n\n\n\n<h2 class=\"wp-block-heading\" id=\"programvaran-du-kan-lita-pa\">Programvaran du kan lita p\u00e5<\/h2>\n\n\n\n<p>eManager \u00e4r utvecklat f\u00f6r att s\u00e4kerst\u00e4lla l\u00e5ngsiktig anpassningsf\u00f6rm\u00e5ga som t\u00e5l industrif\u00f6r\u00e4ndringar. Den \u00e4r stabil, skalbar och st\u00f6der mobil-, server- och molnbaserade tj\u00e4nster.<\/p>\n\n\n\n<p>V\u00e5rt integrerade supportteam \u00e4r experter p\u00e5 b\u00e5de eManager och AutoStore och \u00e4r tillg\u00e4ngligt om n\u00e5gra problem eller fr\u00e5gor uppst\u00e5r. Supportteamet kan ocks\u00e5 f\u00f6rse dig med en m\u00e5natlig avancerad service- och underh\u00e5llsdiagnosrapport.<\/p>\n\n\n\n\t\t<div class=\"wp-block-dekode-simple-cta\">\n\t\t\t<div class=\"dekode-simple-cta__inner\">\n\n<h2 class=\"wp-block-heading\" id=\"vill-du-lara-dig-mer-om-vad-emanager-och-lagerautomation-kan-gora-for-din-verksamhet\">Vill du l\u00e4ra dig mer om vad eManager och lagerautomation kan g\u00f6ra f\u00f6r din verksamhet?<\/h2>\n\n\n\n<div class=\"wp-block-buttons is-layout-flex wp-block-buttons-is-layout-flex\">\n<div class=\"wp-block-button has-icon has-icon-theme_arrow\"><a class=\"wp-block-button__link wp-element-button\" href=\"https:\/\/www.elementlogic.net\/se\/kontakta-oss\/\">Kontakta oss idag<svg xmlns=\"http:\/\/www.w3.org\/2000\/svg\" viewBox=\"0 0 24 24\" height=\"24\" width=\"24\" class=\"t2-icon t2-icon-theme_arrow\" aria-hidden=\"true\" focusable=\"false\"><path d=\"M16.627 12.75H5.25C5.03717 12.75 4.859 12.6782 4.7155 12.5345C4.57183 12.391 4.5 12.2128 4.5 12C4.5 11.7872 4.57183 11.609 4.7155 11.4655C4.859 11.3218 5.03717 11.25 5.25 11.25H16.627L11.4577 6.08076C11.3091 5.93209 11.2357 5.75809 11.2375 5.55876C11.2395 5.35942 11.318 5.18217 11.473 5.02701C11.6282 4.88217 11.8038 4.80717 12 4.80201C12.1962 4.79684 12.3718 4.87184 12.527 5.02701L18.8673 11.3673C18.9609 11.4609 19.0269 11.5597 19.0652 11.6635C19.1037 11.7673 19.123 11.8795 19.123 12C19.123 12.1205 19.1037 12.2327 19.0652 12.3365C19.0269 12.4403 18.9609 12.5391 18.8673 12.6328L12.527 18.973C12.3885 19.1115 12.217 19.1823 12.0125 19.1855C11.808 19.1887 11.6282 19.1178 11.473 18.973C11.318 18.8178 11.2405 18.6397 11.2405 18.4385C11.2405 18.2372 11.318 18.0589 11.473 17.9038L16.627 12.75Z\" fill=\"var(--t2-icon-fill, #000)\"\/><\/svg><\/a><\/div>\n<\/div>\n\n<\/div>\n\t\t<\/div>","protected":false},"excerpt":{"rendered":"<p>eManager har ett anv\u00e4ndarv\u00e4nligt gr\u00e4nssnitt med inbyggd AutoStore-operat\u00f6rshj\u00e4lp. Med eManager har du st\u00e4ndig produktkontroll med lagerstyrning, anpassade processer p\u00e5 mottagna [&hellip;]<\/p>\n","protected":false},"author":6,"featured_media":0,"parent":3060,"menu_order":0,"comment_status":"closed","ping_status":"closed","template":"","meta":{"hreflang_relation":401,"_el_cross_publish_source_blog_url":"","_el_cross_publish_source_blog_id":0,"_el_cross_publish_source_post_id":0,"_el_cross_publish_sync_state":"","exclude_from_search":false,"footnotes":""},"class_list":["post-434","page","type-page","status-publish","hentry"],"yoast_head":"<!-- This site is optimized with the Yoast SEO Premium plugin v23.9 (Yoast SEO v23.9) - https:\/\/yoast.com\/wordpress\/plugins\/seo\/ -->\n<title>eManager - Element Logic Sweden<\/title>\n<meta name=\"description\" content=\"F\u00f6r att maximera din automatiska lagereffektivitet, minska driftskostnader och f\u00f6rb\u00e4ttra kundn\u00f6jdhet har vi utvecklat programvaran eManager.\" \/>\n<meta name=\"robots\" content=\"index, follow, max-snippet:-1, max-image-preview:large, max-video-preview:-1\" \/>\n<link rel=\"canonical\" href=\"https:\/\/www.elementlogic.net\/se\/losningar-och-tjanster\/emanager\/\" \/>\n<meta property=\"og:locale\" content=\"sv_SE\" \/>\n<meta property=\"og:type\" content=\"article\" \/>\n<meta property=\"og:title\" content=\"eManager\" \/>\n<meta property=\"og:description\" content=\"F\u00f6r att maximera din automatiska lagereffektivitet, minska driftskostnader och f\u00f6rb\u00e4ttra kundn\u00f6jdhet har vi utvecklat programvaran eManager.\" \/>\n<meta property=\"og:url\" content=\"https:\/\/www.elementlogic.net\/se\/losningar-och-tjanster\/emanager\/\" \/>\n<meta property=\"og:site_name\" content=\"Element Logic Sweden\" \/>\n<meta property=\"article:modified_time\" content=\"2026-03-26T11:52:43+00:00\" \/>\n<meta property=\"og:image\" content=\"https:\/\/www.elementlogic.net\/content\/uploads\/sites\/14\/\/2024\/09\/AutoStore-grid-dark-scaled-1024x433.jpg\" \/>\n<meta name=\"twitter:card\" content=\"summary_large_image\" \/>\n<meta name=\"twitter:label1\" content=\"Ber\u00e4knad l\u00e4stid\" \/>\n\t<meta name=\"twitter:data1\" content=\"2 minuter\" \/>\n<script type=\"application\/ld+json\" class=\"yoast-schema-graph\">{\"@context\":\"https:\/\/schema.org\",\"@graph\":[{\"@type\":\"WebPage\",\"@id\":\"https:\/\/www.elementlogic.net\/se\/losningar-och-tjanster\/emanager\/\",\"url\":\"https:\/\/www.elementlogic.net\/se\/losningar-och-tjanster\/emanager\/\",\"name\":\"eManager - Element Logic Sweden\",\"isPartOf\":{\"@id\":\"https:\/\/www.elementlogic.net\/se\/#website\"},\"primaryImageOfPage\":{\"@id\":\"https:\/\/www.elementlogic.net\/se\/losningar-och-tjanster\/emanager\/#primaryimage\"},\"image\":{\"@id\":\"https:\/\/www.elementlogic.net\/se\/losningar-och-tjanster\/emanager\/#primaryimage\"},\"thumbnailUrl\":\"https:\/\/www.elementlogic.net\/content\/uploads\/sites\/14\/\/2024\/09\/AutoStore-grid-dark-scaled-1024x433.jpg\",\"datePublished\":\"2024-08-22T17:43:26+00:00\",\"dateModified\":\"2026-03-26T11:52:43+00:00\",\"description\":\"F\u00f6r att maximera din automatiska lagereffektivitet, minska driftskostnader och f\u00f6rb\u00e4ttra kundn\u00f6jdhet har vi utvecklat programvaran eManager.\",\"breadcrumb\":{\"@id\":\"https:\/\/www.elementlogic.net\/se\/losningar-och-tjanster\/emanager\/#breadcrumb\"},\"inLanguage\":\"sv-SE\",\"potentialAction\":[{\"@type\":\"ReadAction\",\"target\":[\"https:\/\/www.elementlogic.net\/se\/losningar-och-tjanster\/emanager\/\"]}]},{\"@type\":\"ImageObject\",\"inLanguage\":\"sv-SE\",\"@id\":\"https:\/\/www.elementlogic.net\/se\/losningar-och-tjanster\/emanager\/#primaryimage\",\"url\":\"https:\/\/www.elementlogic.net\/content\/uploads\/sites\/14\/\/2024\/09\/AutoStore-grid-dark-scaled-1024x433.jpg\",\"contentUrl\":\"https:\/\/www.elementlogic.net\/content\/uploads\/sites\/14\/\/2024\/09\/AutoStore-grid-dark-scaled-1024x433.jpg\"},{\"@type\":\"BreadcrumbList\",\"@id\":\"https:\/\/www.elementlogic.net\/se\/losningar-och-tjanster\/emanager\/#breadcrumb\",\"itemListElement\":[{\"@type\":\"ListItem\",\"position\":1,\"name\":\"L\u00f6sningar och tj\u00e4nster\",\"item\":\"https:\/\/www.elementlogic.net\/se\/losningar-och-tjanster\/\"},{\"@type\":\"ListItem\",\"position\":2,\"name\":\"eManager\"}]},{\"@type\":\"WebSite\",\"@id\":\"https:\/\/www.elementlogic.net\/se\/#website\",\"url\":\"https:\/\/www.elementlogic.net\/se\/\",\"name\":\"Element Logic Sweden\",\"description\":\"\",\"potentialAction\":[{\"@type\":\"SearchAction\",\"target\":{\"@type\":\"EntryPoint\",\"urlTemplate\":\"https:\/\/www.elementlogic.net\/se\/?s={search_term_string}\"},\"query-input\":{\"@type\":\"PropertyValueSpecification\",\"valueRequired\":true,\"valueName\":\"search_term_string\"}}],\"inLanguage\":\"sv-SE\"}]}<\/script>\n<!-- \/ Yoast SEO Premium plugin. -->","yoast_head_json":{"title":"eManager - Element Logic Sweden","description":"F\u00f6r att maximera din automatiska lagereffektivitet, minska driftskostnader och f\u00f6rb\u00e4ttra kundn\u00f6jdhet har vi utvecklat programvaran eManager.","robots":{"index":"index","follow":"follow","max-snippet":"max-snippet:-1","max-image-preview":"max-image-preview:large","max-video-preview":"max-video-preview:-1"},"canonical":"https:\/\/www.elementlogic.net\/se\/losningar-och-tjanster\/emanager\/","og_locale":"sv_SE","og_type":"article","og_title":"eManager","og_description":"F\u00f6r att maximera din automatiska lagereffektivitet, minska driftskostnader och f\u00f6rb\u00e4ttra kundn\u00f6jdhet har vi utvecklat programvaran eManager.","og_url":"https:\/\/www.elementlogic.net\/se\/losningar-och-tjanster\/emanager\/","og_site_name":"Element Logic Sweden","article_modified_time":"2026-03-26T11:52:43+00:00","og_image":[{"url":"https:\/\/www.elementlogic.net\/content\/uploads\/sites\/14\/\/2024\/09\/AutoStore-grid-dark-scaled-1024x433.jpg"}],"twitter_card":"summary_large_image","twitter_misc":{"Ber\u00e4knad l\u00e4stid":"2 minuter"},"schema":{"@context":"https:\/\/schema.org","@graph":[{"@type":"WebPage","@id":"https:\/\/www.elementlogic.net\/se\/losningar-och-tjanster\/emanager\/","url":"https:\/\/www.elementlogic.net\/se\/losningar-och-tjanster\/emanager\/","name":"eManager - Element Logic Sweden","isPartOf":{"@id":"https:\/\/www.elementlogic.net\/se\/#website"},"primaryImageOfPage":{"@id":"https:\/\/www.elementlogic.net\/se\/losningar-och-tjanster\/emanager\/#primaryimage"},"image":{"@id":"https:\/\/www.elementlogic.net\/se\/losningar-och-tjanster\/emanager\/#primaryimage"},"thumbnailUrl":"https:\/\/www.elementlogic.net\/content\/uploads\/sites\/14\/\/2024\/09\/AutoStore-grid-dark-scaled-1024x433.jpg","datePublished":"2024-08-22T17:43:26+00:00","dateModified":"2026-03-26T11:52:43+00:00","description":"F\u00f6r att maximera din automatiska lagereffektivitet, minska driftskostnader och f\u00f6rb\u00e4ttra kundn\u00f6jdhet har vi utvecklat programvaran eManager.","breadcrumb":{"@id":"https:\/\/www.elementlogic.net\/se\/losningar-och-tjanster\/emanager\/#breadcrumb"},"inLanguage":"sv-SE","potentialAction":[{"@type":"ReadAction","target":["https:\/\/www.elementlogic.net\/se\/losningar-och-tjanster\/emanager\/"]}]},{"@type":"ImageObject","inLanguage":"sv-SE","@id":"https:\/\/www.elementlogic.net\/se\/losningar-och-tjanster\/emanager\/#primaryimage","url":"https:\/\/www.elementlogic.net\/content\/uploads\/sites\/14\/\/2024\/09\/AutoStore-grid-dark-scaled-1024x433.jpg","contentUrl":"https:\/\/www.elementlogic.net\/content\/uploads\/sites\/14\/\/2024\/09\/AutoStore-grid-dark-scaled-1024x433.jpg"},{"@type":"BreadcrumbList","@id":"https:\/\/www.elementlogic.net\/se\/losningar-och-tjanster\/emanager\/#breadcrumb","itemListElement":[{"@type":"ListItem","position":1,"name":"L\u00f6sningar och tj\u00e4nster","item":"https:\/\/www.elementlogic.net\/se\/losningar-och-tjanster\/"},{"@type":"ListItem","position":2,"name":"eManager"}]},{"@type":"WebSite","@id":"https:\/\/www.elementlogic.net\/se\/#website","url":"https:\/\/www.elementlogic.net\/se\/","name":"Element Logic Sweden","description":"","potentialAction":[{"@type":"SearchAction","target":{"@type":"EntryPoint","urlTemplate":"https:\/\/www.elementlogic.net\/se\/?s={search_term_string}"},"query-input":{"@type":"PropertyValueSpecification","valueRequired":true,"valueName":"search_term_string"}}],"inLanguage":"sv-SE"}]}},"_links":{"self":[{"href":"https:\/\/www.elementlogic.net\/se\/wp-json\/wp\/v2\/pages\/434"}],"collection":[{"href":"https:\/\/www.elementlogic.net\/se\/wp-json\/wp\/v2\/pages"}],"about":[{"href":"https:\/\/www.elementlogic.net\/se\/wp-json\/wp\/v2\/types\/page"}],"author":[{"embeddable":true,"href":"https:\/\/www.elementlogic.net\/se\/wp-json\/wp\/v2\/users\/6"}],"replies":[{"embeddable":true,"href":"https:\/\/www.elementlogic.net\/se\/wp-json\/wp\/v2\/comments?post=434"}],"version-history":[{"count":5,"href":"https:\/\/www.elementlogic.net\/se\/wp-json\/wp\/v2\/pages\/434\/revisions"}],"predecessor-version":[{"id":2580,"href":"https:\/\/www.elementlogic.net\/se\/wp-json\/wp\/v2\/pages\/434\/revisions\/2580"}],"up":[{"embeddable":true,"href":"https:\/\/www.elementlogic.net\/se\/wp-json\/wp\/v2\/pages\/3060"}],"wp:attachment":[{"href":"https:\/\/www.elementlogic.net\/se\/wp-json\/wp\/v2\/media?parent=434"}],"curies":[{"name":"wp","href":"https:\/\/api.w.org\/{rel}","templated":true}]}}